{"id":857,"date":"2020-07-06T11:56:55","date_gmt":"2020-07-06T11:56:55","guid":{"rendered":"http:\/\/liviko.eu\/liviko-distillery\/glogg\/"},"modified":"2023-10-12T12:23:06","modified_gmt":"2023-10-12T12:23:06","slug":"glogg","status":"publish","type":"page","link":"https:\/\/liviko.eu\/lt\/liviko-distillery\/glogg\/","title":{"rendered":"Gl\u00f6gg"},"content":{"rendered":"<div id=\"pageHeader-block_bfd7e1e500478ee2fdd1d33fabb797fa\" class=\" c-contentBlock c-pageHeader\" data-block-type=\"Page header\">\n                                <div class=\"c-pageHeader__tools\">\n        \t<a href=\"#page-857-body\" class=\"c-pageHeader__scrollButton js-scrollTo\">\n        \t\t<span class=\"visuallyhidden\">Scroll to content<\/span>\n                <span class=\"icon-down\"><\/span>\n        \t<\/a>\n        <\/div>\n        \n<\/div>\n<a id=\"page-857-body\"><\/a>\n\n<div id=\"mediaBlock-block_56de608ec0979aaf33c63e39ff26b1ca\" class=\" c-contentBlock c-mediaBlock c-mediaBlock--align-left c-mediaBlock--valign-center c-mediaBlock--size-extra-small c-mediaBlock--imageHeight-small\" data-block-type=\"Media block\">\n   \n                \n     <div class=\"c-mediaBlock__media\" style=\"\"\">\n        <img fetchpriority=\"high\" decoding=\"async\" width=\"343\" height=\"1366\" src=\"https:\/\/liviko.eu\/wp-content\/uploads\/2023\/10\/Vana-Tallinn-Glogi-WEB-343x1366.jpg\" class=\"c-mediaBlock__image\" alt=\"\u201eVANA TALLINN GL\u00d6GI\u201c\" srcset=\"https:\/\/liviko.eu\/wp-content\/uploads\/2023\/10\/Vana-Tallinn-Glogi-WEB-343x1366.jpg 343w, https:\/\/liviko.eu\/wp-content\/uploads\/2023\/10\/Vana-Tallinn-Glogi-WEB-231x920.jpg 231w, https:\/\/liviko.eu\/wp-content\/uploads\/2023\/10\/Vana-Tallinn-Glogi-WEB-80x320.jpg 80w, https:\/\/liviko.eu\/wp-content\/uploads\/2023\/10\/Vana-Tallinn-Glogi-WEB.jpg 377w\" sizes=\"(max-width: 343px) 100vw, 343px\" \/>    <\/div>\n     <div class=\"c-mediaBlock__body\">\n                    <h2 class=\"c-mediaBlock__title\">\u201eVANA TALLINN GL\u00d6GI\u201c<\/h2>\n                <div class=\"c-mediaBlock__content\">\n            <div class=\"t-text\">\n            <p>\u201eVana Tallinn Gl\u00f6gi\u201c yra turintis Estijoje did\u017eiausi\u0105 paklaus\u0105 ir vis\u0173 m\u0117gstamiausias kar\u0161to vyno g\u0117rimas. I\u0161 klasikinio likerio \u201eVana Tallinn\u201c ir kokybi\u0161ko raudono vyno pagaminto g\u0117rimo skonyje ir aromate esmin\u012f vaidmen\u012f lemia \u0161ildantys prieskoniai.<\/p>\n<p>\u201eVana Tallinn Gl\u00f6g\u201c gamybos procesas trunka apie m\u0117nes\u012f. Recepte garb\u0117s viet\u0105 u\u017eima legendinis likeris \u201eVana Tallinn\u201c, su kuriuo suderintas kokybi\u0161kas delikatesinis vynuogi\u0173 vynas. G\u0117rimo skoni\u0173 palet\u0119 praturtina kruop\u0161\u010diai parinkti prieskoniai. Tikslumo ir d\u0117mesio reikalaujantis procesas leid\u017eia sukurti ypa\u010d malon\u0173 skon\u012f ir aromat\u0173 puok\u0161t\u0119.<\/p>\n<p>Patiekti pakaitint\u0105. Jeigu reikia pagardinti razinomis, rie\u0161utais, migdolais, cinamono lazdel\u0117mis ir \u2013 kod\u0117l neprid\u0117jus vienos apelsino skiltel\u0117s.<\/p>\n<p><a href=\"http:\/\/www.vanatallinn.eu\/\">vanatallinn.eu<\/a><\/p>\n<div class=\"product__usage\"><\/div>\n            <\/div>\n                            \n        <\/div>\n    <\/div>\n<\/div>\n\n\n<div id=\"featureBlocks-block_ccea9076dc5dcbd3c78392796c3624d6\" class=\" c-contentBlock c-featureBlocks c-featureBlocks--type-expanded c-featureBlocks--grid-columns\" data-block-type=\"Feature blocks: expanded\">\n   <div class=\"c-featureBlocksGroup\">\n\n\n                          <div class=\"c-featureBlocks__item\">\n                \n                \n                    <div class=\"c-featureBlocks__item-block\"    >\n\n                                                                                            <div class=\"c-featureBlock__imageContainer\">\n                                <img decoding=\"async\" width=\"800\" height=\"800\" src=\"https:\/\/liviko.eu\/wp-content\/uploads\/2020\/09\/usp2.jpg\" class=\"c-featureBlock__image\" alt=\"\" srcset=\"https:\/\/liviko.eu\/wp-content\/uploads\/2020\/09\/usp2.jpg 800w, https:\/\/liviko.eu\/wp-content\/uploads\/2020\/09\/usp2-480x480.jpg 480w, https:\/\/liviko.eu\/wp-content\/uploads\/2020\/09\/usp2-768x768.jpg 768w\" sizes=\"(max-width: 800px) 100vw, 800px\" \/>                                <\/div>\n                               \n\n                            <div class=\"c-featureBlocks__item-body\">\n                                    <h3 class=\"c-featureBlocks__item-title\"><\/h3>\n                                    <div class=\"t-text\">\n                                        <p><strong>Daug laiko reikalaujantis gamybos procesas<br \/>\n<\/strong>\u201eVana Tallinn Gl\u00f6g\u201c gamybos procesas trunka apie m\u0117nes\u012f. Pirmiausia i\u0161 \u012fvairi\u0173 kvapi\u0173j\u0173 augal\u0173 ir prieskoni\u0173 gaminamos trauktin\u0117s. Po to pagal likeri\u0173 meistr\u0173 recept\u0105 gaminamas g\u0117rimas, kur\u012f \u0161altai apdoroja ir perfiltruoja. Tiktai tuomet \u201eVana Tallinn Gl\u00f6gi\u201c i\u0161pilstomas \u012f butelius.<\/p>\n                                    <\/div>\n                            <\/div>\n\n                    <\/div>    \n                        \n\n\n                            \n            <\/div>\n            \n                    <div class=\"c-featureBlocks__item\">\n                \n                \n                    <div class=\"c-featureBlocks__item-block\"    >\n\n                                                                                            <div class=\"c-featureBlock__imageContainer\">\n                                <img decoding=\"async\" width=\"800\" height=\"800\" src=\"https:\/\/liviko.eu\/wp-content\/uploads\/2020\/09\/usp3-1.jpg\" class=\"c-featureBlock__image\" alt=\"\" srcset=\"https:\/\/liviko.eu\/wp-content\/uploads\/2020\/09\/usp3-1.jpg 800w, https:\/\/liviko.eu\/wp-content\/uploads\/2020\/09\/usp3-1-480x480.jpg 480w, https:\/\/liviko.eu\/wp-content\/uploads\/2020\/09\/usp3-1-768x768.jpg 768w\" sizes=\"(max-width: 800px) 100vw, 800px\" \/>                                <\/div>\n                               \n\n                            <div class=\"c-featureBlocks__item-body\">\n                                    <h3 class=\"c-featureBlocks__item-title\"><\/h3>\n                                    <div class=\"t-text\">\n                                        <p><strong>Legendiniai skoniai<\/strong><br \/>\nG\u0117rimui \u201eVana Tallinna Gl\u00f6gi\u201c b\u016bdingas pikanti\u0161kas skonis, \u017einoma, paveld\u0117tas i\u0161 legendinio likerio \u201eVana Tallinn\u201c. Skonyje juntami \u012fvair\u016bs augalai ir prieskoniai, tokie, kaip: cinamonas, \u017evaig\u017edinis any\u017eius, vanil\u0117 ir truputis citrusini\u0173.<\/p>\n                                    <\/div>\n                            <\/div>\n\n                    <\/div>    \n                        \n\n\n                            \n            <\/div>\n            \n                    <div class=\"c-featureBlocks__item\">\n                \n                \n                    <div class=\"c-featureBlocks__item-block\"    >\n\n                                                                                            <div class=\"c-featureBlock__imageContainer\">\n                                <img loading=\"lazy\" decoding=\"async\" width=\"768\" height=\"768\" src=\"https:\/\/liviko.eu\/wp-content\/uploads\/2023\/10\/Glogi_768x768.jpg\" class=\"c-featureBlock__image\" alt=\"\" srcset=\"https:\/\/liviko.eu\/wp-content\/uploads\/2023\/10\/Glogi_768x768.jpg 768w, https:\/\/liviko.eu\/wp-content\/uploads\/2023\/10\/Glogi_768x768-480x480.jpg 480w, https:\/\/liviko.eu\/wp-content\/uploads\/2023\/10\/Glogi_768x768-320x320.jpg 320w, https:\/\/liviko.eu\/wp-content\/uploads\/2023\/10\/Glogi_768x768-603x603.jpg 603w\" sizes=\"(max-width: 768px) 100vw, 768px\" \/>                                <\/div>\n                               \n\n                            <div class=\"c-featureBlocks__item-body\">\n                                    <h3 class=\"c-featureBlocks__item-title\"><\/h3>\n                                    <div class=\"t-text\">\n                                        <p><strong>Butelio dizainas<br \/>\n<\/strong>Klasikinis bok\u0161to formos \u201eVana Tallinn Liqueur\u201c butelis \u012fkv\u0117ptas Talino senamies\u010dio ir vaizduoja viduram\u017ei\u0173 sienomis apjuostus UNESCO pasaulio paveldo miesto bok\u0161tus. Butelio etiket\u0117s dizainas \u012fkv\u0117ptas tra\u0161ki\u0173 \u0161iaur\u0117s \u017eiemos vakar\u0173, kai a\u0161tr\u016bs skoniai maloniai su\u0161ildo.<\/p>\n                                    <\/div>\n                            <\/div>\n\n                    <\/div>    \n                        \n\n\n                            \n            <\/div>\n            \n                <div class=\"c-featureBlocks__item c-featureBlocks__item--empty\"><\/div>\n    <div class=\"c-featureBlocks__item c-featureBlocks__item--empty\"><\/div>\n    <\/div>\n<\/div>\n\n\n\n<div id=\"spacer-block_a464b0adc0efc7f020c0c87345400c60\" class=\"c-contentBlock c-spacerContainer\"  data-block-type=\"Spacer\">\n   <hr class=\"  c-spacer c-spacer--size-3 c-spacer--line\" >\n<\/div>\n\n\n\n<div id=\"relatedItems-block_0c0fe0d52e6974ef28817a8176385c1d\" class=\" c-contentBlock c-relatedItems\" data-block-type=\"Related items\" >\n   \n            <h2 class=\"c-relatedItems__title \">PANA\u0160\u016aS GAMINIAI<\/h2>\n     \n    <div class=\"c-relatedItems__content\">\n\n\n    \n\n             \n         \n                \n\n            <a class=\"c-relatedItems__item \" href=\"https:\/\/liviko.eu\/lt\/liviko-distillery\/vana-tallinn\/\">\n                \n                \n                    <div class=\"c-relatedItems__item-imageContainer\" >\n                        <img loading=\"lazy\" decoding=\"async\" width=\"82\" height=\"320\" src=\"https:\/\/liviko.eu\/wp-content\/uploads\/2020\/10\/vanatallinn.jpg\" class=\"c-relatedItems__item-image\" alt=\"Vana Tallinn\" \/>                    <\/div>\n                    <div class=\"c-relatedItems__item-details\">\n                        <h3 class=\"c-relatedItems__item-title\">Vana Tallinn<\/h3>                                            <\/div>\n                \n            <\/a>\n            \n        \n                \n\n            <a class=\"c-relatedItems__item \" href=\"https:\/\/liviko.eu\/lt\/liviko-distillery\/vana-tallinn-cream\/\">\n                \n                \n                    <div class=\"c-relatedItems__item-imageContainer\" >\n                        <img loading=\"lazy\" decoding=\"async\" width=\"116\" height=\"320\" src=\"https:\/\/liviko.eu\/wp-content\/uploads\/2020\/08\/VT-Cream_Original-1.png\" class=\"c-relatedItems__item-image\" alt=\"Vana Tallinn Cream\" srcset=\"https:\/\/liviko.eu\/wp-content\/uploads\/2020\/08\/VT-Cream_Original-1.png 727w, https:\/\/liviko.eu\/wp-content\/uploads\/2020\/08\/VT-Cream_Original-1-334x920.png 334w, https:\/\/liviko.eu\/wp-content\/uploads\/2020\/08\/VT-Cream_Original-1-497x1366.png 497w, https:\/\/liviko.eu\/wp-content\/uploads\/2020\/08\/VT-Cream_Original-1-558x1536.png 558w\" sizes=\"(max-width: 116px) 100vw, 116px\" \/>                    <\/div>\n                    <div class=\"c-relatedItems__item-details\">\n                        <h3 class=\"c-relatedItems__item-title\">Vana Tallinn Cream<\/h3>                                            <\/div>\n                \n            <\/a>\n            \n        \n                \n\n            <a class=\"c-relatedItems__item \" href=\"https:\/\/liviko.eu\/lt\/liviko-distillery\/ginger-duke\/\">\n                \n                \n                    <div class=\"c-relatedItems__item-imageContainer\" >\n                        <img loading=\"lazy\" decoding=\"async\" width=\"87\" height=\"320\" src=\"https:\/\/liviko.eu\/wp-content\/uploads\/2020\/08\/Ginger-Duke-750-ml-WEB.png\" class=\"c-relatedItems__item-image\" alt=\"Ginger Duke\" srcset=\"https:\/\/liviko.eu\/wp-content\/uploads\/2020\/08\/Ginger-Duke-750-ml-WEB.png 271w, https:\/\/liviko.eu\/wp-content\/uploads\/2020\/08\/Ginger-Duke-750-ml-WEB-249x920.png 249w\" sizes=\"(max-width: 87px) 100vw, 87px\" \/>                    <\/div>\n                    <div class=\"c-relatedItems__item-details\">\n                        <h3 class=\"c-relatedItems__item-title\">Ginger Duke<\/h3>                                            <\/div>\n                \n            <\/a>\n            \n                <\/div>\n<\/div>\n\n\n\n<p><\/p>\n","protected":false},"excerpt":{"rendered":"","protected":false},"author":1,"featured_media":0,"parent":772,"menu_order":7,"comment_status":"closed","ping_status":"closed","template":"page-templates\/page-product.php","meta":{"_acf_changed":false,"inline_featured_image":false,"_monsterinsights_skip_tracking":false,"_monsterinsights_sitenote_active":false,"_monsterinsights_sitenote_note":"","_monsterinsights_sitenote_category":0,"footnotes":""},"categories":[51],"class_list":["post-857","page","type-page","status-publish","hentry","category-light-alcohol-lt"],"acf":[],"yoast_head":"<!-- This site is optimized with the Yoast SEO plugin v24.0 - https:\/\/yoast.com\/wordpress\/plugins\/seo\/ -->\n<title>Gl\u00f6gg - Liviko<\/title>\n<meta name=\"robots\" content=\"index, follow, max-snippet:-1, max-image-preview:large, max-video-preview:-1\" \/>\n<link rel=\"canonical\" href=\"https:\/\/liviko.eu\/lt\/liviko-distillery\/glogg\/\" \/>\n<meta property=\"og:locale\" content=\"lt_LT\" \/>\n<meta property=\"og:type\" content=\"article\" \/>\n<meta property=\"og:title\" content=\"Gl\u00f6gg - Liviko\" \/>\n<meta property=\"og:url\" content=\"https:\/\/liviko.eu\/lt\/liviko-distillery\/glogg\/\" \/>\n<meta property=\"og:site_name\" content=\"Liviko\" \/>\n<meta property=\"article:publisher\" content=\"https:\/\/www.facebook.com\/LivikoDistillery\/\" \/>\n<meta property=\"article:modified_time\" content=\"2023-10-12T12:23:06+00:00\" \/>\n<meta name=\"twitter:card\" content=\"summary_large_image\" \/>\n<script type=\"application\/ld+json\" class=\"yoast-schema-graph\">{\"@context\":\"https:\/\/schema.org\",\"@graph\":[{\"@type\":\"WebPage\",\"@id\":\"https:\/\/liviko.eu\/lt\/liviko-distillery\/glogg\/\",\"url\":\"https:\/\/liviko.eu\/lt\/liviko-distillery\/glogg\/\",\"name\":\"Gl\u00f6gg - Liviko\",\"isPartOf\":{\"@id\":\"https:\/\/liviko.eu\/lt\/#website\"},\"datePublished\":\"2020-07-06T11:56:55+00:00\",\"dateModified\":\"2023-10-12T12:23:06+00:00\",\"breadcrumb\":{\"@id\":\"https:\/\/liviko.eu\/lt\/liviko-distillery\/glogg\/#breadcrumb\"},\"inLanguage\":\"lt-LT\",\"potentialAction\":[{\"@type\":\"ReadAction\",\"target\":[\"https:\/\/liviko.eu\/lt\/liviko-distillery\/glogg\/\"]}]},{\"@type\":\"BreadcrumbList\",\"@id\":\"https:\/\/liviko.eu\/lt\/liviko-distillery\/glogg\/#breadcrumb\",\"itemListElement\":[{\"@type\":\"ListItem\",\"position\":1,\"name\":\"Home\",\"item\":\"https:\/\/liviko.eu\/lt\/\"},{\"@type\":\"ListItem\",\"position\":2,\"name\":\"Gamyba\",\"item\":\"https:\/\/liviko.eu\/lt\/liviko-distillery\/\"},{\"@type\":\"ListItem\",\"position\":3,\"name\":\"Gl\u00f6gg\"}]},{\"@type\":\"WebSite\",\"@id\":\"https:\/\/liviko.eu\/lt\/#website\",\"url\":\"https:\/\/liviko.eu\/lt\/\",\"name\":\"Liviko\",\"description\":\"anno 1898\",\"publisher\":{\"@id\":\"https:\/\/liviko.eu\/lt\/#organization\"},\"potentialAction\":[{\"@type\":\"SearchAction\",\"target\":{\"@type\":\"EntryPoint\",\"urlTemplate\":\"https:\/\/liviko.eu\/lt\/?s={search_term_string}\"},\"query-input\":{\"@type\":\"PropertyValueSpecification\",\"valueRequired\":true,\"valueName\":\"search_term_string\"}}],\"inLanguage\":\"lt-LT\"},{\"@type\":\"Organization\",\"@id\":\"https:\/\/liviko.eu\/lt\/#organization\",\"name\":\"Liviko\",\"url\":\"https:\/\/liviko.eu\/lt\/\",\"logo\":{\"@type\":\"ImageObject\",\"inLanguage\":\"lt-LT\",\"@id\":\"https:\/\/liviko.eu\/lt\/#\/schema\/logo\/image\/\",\"url\":\"https:\/\/liviko.eu\/wp-content\/uploads\/2020\/10\/liviko_logo.png\",\"contentUrl\":\"https:\/\/liviko.eu\/wp-content\/uploads\/2020\/10\/liviko_logo.png\",\"width\":515,\"height\":181,\"caption\":\"Liviko\"},\"image\":{\"@id\":\"https:\/\/liviko.eu\/lt\/#\/schema\/logo\/image\/\"},\"sameAs\":[\"https:\/\/www.facebook.com\/LivikoDistillery\/\",\"https:\/\/www.instagram.com\/livikodistillery\",\"https:\/\/www.linkedin.com\/company\/liviko\/\",\"https:\/\/www.youtube.com\/channel\/UCnoHr-PaNxBHJO8nMDLVGuA\"]}]}<\/script>\n<!-- \/ Yoast SEO plugin. -->","yoast_head_json":{"title":"Gl\u00f6gg - Liviko","robots":{"index":"index","follow":"follow","max-snippet":"max-snippet:-1","max-image-preview":"max-image-preview:large","max-video-preview":"max-video-preview:-1"},"canonical":"https:\/\/liviko.eu\/lt\/liviko-distillery\/glogg\/","og_locale":"lt_LT","og_type":"article","og_title":"Gl\u00f6gg - Liviko","og_url":"https:\/\/liviko.eu\/lt\/liviko-distillery\/glogg\/","og_site_name":"Liviko","article_publisher":"https:\/\/www.facebook.com\/LivikoDistillery\/","article_modified_time":"2023-10-12T12:23:06+00:00","twitter_card":"summary_large_image","schema":{"@context":"https:\/\/schema.org","@graph":[{"@type":"WebPage","@id":"https:\/\/liviko.eu\/lt\/liviko-distillery\/glogg\/","url":"https:\/\/liviko.eu\/lt\/liviko-distillery\/glogg\/","name":"Gl\u00f6gg - Liviko","isPartOf":{"@id":"https:\/\/liviko.eu\/lt\/#website"},"datePublished":"2020-07-06T11:56:55+00:00","dateModified":"2023-10-12T12:23:06+00:00","breadcrumb":{"@id":"https:\/\/liviko.eu\/lt\/liviko-distillery\/glogg\/#breadcrumb"},"inLanguage":"lt-LT","potentialAction":[{"@type":"ReadAction","target":["https:\/\/liviko.eu\/lt\/liviko-distillery\/glogg\/"]}]},{"@type":"BreadcrumbList","@id":"https:\/\/liviko.eu\/lt\/liviko-distillery\/glogg\/#breadcrumb","itemListElement":[{"@type":"ListItem","position":1,"name":"Home","item":"https:\/\/liviko.eu\/lt\/"},{"@type":"ListItem","position":2,"name":"Gamyba","item":"https:\/\/liviko.eu\/lt\/liviko-distillery\/"},{"@type":"ListItem","position":3,"name":"Gl\u00f6gg"}]},{"@type":"WebSite","@id":"https:\/\/liviko.eu\/lt\/#website","url":"https:\/\/liviko.eu\/lt\/","name":"Liviko","description":"anno 1898","publisher":{"@id":"https:\/\/liviko.eu\/lt\/#organization"},"potentialAction":[{"@type":"SearchAction","target":{"@type":"EntryPoint","urlTemplate":"https:\/\/liviko.eu\/lt\/?s={search_term_string}"},"query-input":{"@type":"PropertyValueSpecification","valueRequired":true,"valueName":"search_term_string"}}],"inLanguage":"lt-LT"},{"@type":"Organization","@id":"https:\/\/liviko.eu\/lt\/#organization","name":"Liviko","url":"https:\/\/liviko.eu\/lt\/","logo":{"@type":"ImageObject","inLanguage":"lt-LT","@id":"https:\/\/liviko.eu\/lt\/#\/schema\/logo\/image\/","url":"https:\/\/liviko.eu\/wp-content\/uploads\/2020\/10\/liviko_logo.png","contentUrl":"https:\/\/liviko.eu\/wp-content\/uploads\/2020\/10\/liviko_logo.png","width":515,"height":181,"caption":"Liviko"},"image":{"@id":"https:\/\/liviko.eu\/lt\/#\/schema\/logo\/image\/"},"sameAs":["https:\/\/www.facebook.com\/LivikoDistillery\/","https:\/\/www.instagram.com\/livikodistillery","https:\/\/www.linkedin.com\/company\/liviko\/","https:\/\/www.youtube.com\/channel\/UCnoHr-PaNxBHJO8nMDLVGuA"]}]}},"_links":{"self":[{"href":"https:\/\/liviko.eu\/lt\/wp-json\/wp\/v2\/pages\/857","targetHints":{"allow":["GET"]}}],"collection":[{"href":"https:\/\/liviko.eu\/lt\/wp-json\/wp\/v2\/pages"}],"about":[{"href":"https:\/\/liviko.eu\/lt\/wp-json\/wp\/v2\/types\/page"}],"author":[{"embeddable":true,"href":"https:\/\/liviko.eu\/lt\/wp-json\/wp\/v2\/users\/1"}],"replies":[{"embeddable":true,"href":"https:\/\/liviko.eu\/lt\/wp-json\/wp\/v2\/comments?post=857"}],"version-history":[{"count":17,"href":"https:\/\/liviko.eu\/lt\/wp-json\/wp\/v2\/pages\/857\/revisions"}],"predecessor-version":[{"id":50410,"href":"https:\/\/liviko.eu\/lt\/wp-json\/wp\/v2\/pages\/857\/revisions\/50410"}],"up":[{"embeddable":true,"href":"https:\/\/liviko.eu\/lt\/wp-json\/wp\/v2\/pages\/772"}],"wp:attachment":[{"href":"https:\/\/liviko.eu\/lt\/wp-json\/wp\/v2\/media?parent=857"}],"wp:term":[{"taxonomy":"category","embeddable":true,"href":"https:\/\/liviko.eu\/lt\/wp-json\/wp\/v2\/categories?post=857"}],"curies":[{"name":"wp","href":"https:\/\/api.w.org\/{rel}","templated":true}]}}