{"id":861,"date":"2020-07-06T11:54:42","date_gmt":"2020-07-06T11:54:42","guid":{"rendered":"http:\/\/liviko.eu\/liviko-distillery\/herbert\/"},"modified":"2021-02-18T13:21:05","modified_gmt":"2021-02-18T13:21:05","slug":"herbert","status":"publish","type":"page","link":"https:\/\/liviko.eu\/lt\/liviko-distillery\/herbert\/","title":{"rendered":"Herbert"},"content":{"rendered":"<div id=\"mediaBlock-block_5f1f039c03124\" class=\" c-contentBlock c-mediaBlock c-mediaBlock--align-left c-mediaBlock--valign-center c-mediaBlock--size-extra-small c-mediaBlock--imageHeight-small\" data-block-type=\"Media block\">\n   \n                \n     <div class=\"c-mediaBlock__media\" style=\"\"\">\n        <img fetchpriority=\"high\" decoding=\"async\" width=\"340\" height=\"786\" src=\"https:\/\/liviko.eu\/wp-content\/uploads\/2020\/10\/herbert.jpg\" class=\"c-mediaBlock__image\" alt=\"\u201eHERBERT\u201c\" \/>    <\/div>\n     <div class=\"c-mediaBlock__body\">\n                    <h2 class=\"c-mediaBlock__title\">\u201eHERBERT\u201c<\/h2>\n                <div class=\"c-mediaBlock__content\">\n            <div class=\"t-text\">\n            <p>\u017doleli\u0173 likeris \u201eHerbert\u201c gaminamas tik i\u0161 nat\u016brali\u0173, kruop\u0161\u010diai atrinkt\u0173 augal\u0173. \u0160velniai aitraus skonio likeryje justi tiek med\u0173, tvilkan\u010dius pipirus, tiek citrus\u0173 gaiv\u0105, tuos skonius praturtina \u012fvairios nat\u016bralios \u017eol\u0117s ir prieskoniai.<\/p>\n<p>\u017dolinis likeris \u201eHerbert\u201c yra i\u0161skirtinis tik d\u0117ka \u201eLiviko\u201c likeri\u0173 meistr\u0173 rank\u0173 darbo trauktini\u0173 i\u0161 \u017eoli\u0173 ir prieskoni\u0173: tai trauktin\u0117s i\u0161 \u017evaig\u017edini\u0173 any\u017ei\u0173, \u0161ventgar\u0161v\u0117s \u0161aknies, juod\u0173j\u0173 pipir\u0173, \u010cil\u0117s pipir\u0173 ir \u012fvairi\u0173 egzoti\u0161k\u0173 prieskoni\u0173 u\u017epiltin\u0117s.<\/p>\n<p>\u017dolin\u012f liker\u012f \u201eHerbert\u201c \u201eLiviko\u201c gamina nuo 2007 met\u0173, jis turi savo prisiekusius gerb\u0117jus. \u201eHerbert\u201c tinka ir kar\u0161tiems g\u0117rimams pagardinti, kokteiliams gaminti, ir patiekti taurel\u0117je, atv\u0117sint\u0105 ar su ledu.<\/p>\n            <\/div>\n                            \n        <\/div>\n    <\/div>\n<\/div>\n\n\n<div id=\"spacer-block_5f1f048b0312c\" class=\"c-contentBlock c-spacerContainer\"  data-block-type=\"Spacer\">\n   <hr class=\"  c-spacer c-spacer--size-3 c-spacer--line\" >\n<\/div>\n\n\n\n<div id=\"relatedItems-block_5f4c91c87b230\" class=\" c-contentBlock c-relatedItems\" data-block-type=\"Related items\" >\n   \n            <h2 class=\"c-relatedItems__title \">PANA\u0160\u016aS GAMINIAI<\/h2>\n     \n    <div class=\"c-relatedItems__content\">\n\n\n    \n\n             \n         \n                \n\n            <a class=\"c-relatedItems__item \" href=\"https:\/\/liviko.eu\/lt\/liviko-distillery\/vana-tallinn\/\">\n                \n                \n                    <div class=\"c-relatedItems__item-imageContainer\" >\n                        <img decoding=\"async\" width=\"320\" height=\"320\" src=\"https:\/\/liviko.eu\/wp-content\/uploads\/2020\/08\/VanaTallin_40_500ml-scaled.jpg\" class=\"c-relatedItems__item-image\" alt=\"Vana Tallinn \" srcset=\"https:\/\/liviko.eu\/wp-content\/uploads\/2020\/08\/VanaTallin_40_500ml-scaled.jpg 2560w, https:\/\/liviko.eu\/wp-content\/uploads\/2020\/08\/VanaTallin_40_500ml-920x920.jpg 920w, https:\/\/liviko.eu\/wp-content\/uploads\/2020\/08\/VanaTallin_40_500ml-1366x1366.jpg 1366w, https:\/\/liviko.eu\/wp-content\/uploads\/2020\/08\/VanaTallin_40_500ml-480x480.jpg 480w, https:\/\/liviko.eu\/wp-content\/uploads\/2020\/08\/VanaTallin_40_500ml-768x768.jpg 768w, https:\/\/liviko.eu\/wp-content\/uploads\/2020\/08\/VanaTallin_40_500ml-1536x1536.jpg 1536w, https:\/\/liviko.eu\/wp-content\/uploads\/2020\/08\/VanaTallin_40_500ml-2048x2048.jpg 2048w\" sizes=\"(max-width: 320px) 100vw, 320px\" \/>                    <\/div>\n                    <div class=\"c-relatedItems__item-details\">\n                        <h3 class=\"c-relatedItems__item-title\">Vana Tallinn <\/h3>                                            <\/div>\n                \n            <\/a>\n            \n        \n                \n\n            <a class=\"c-relatedItems__item \" href=\"https:\/\/liviko.eu\/lt\/liviko-distillery\/liviko-liquer\/\">\n                \n                \n                    <div class=\"c-relatedItems__item-imageContainer\" >\n                        <img decoding=\"async\" width=\"84\" height=\"320\" src=\"https:\/\/liviko.eu\/wp-content\/uploads\/2020\/08\/Liviko-Lik\u00f6\u00f6r-Metsmaasikas-500ml-piklik-WEB.jpg\" class=\"c-relatedItems__item-image\" alt=\"Liviko Likeriai\" \/>                    <\/div>\n                    <div class=\"c-relatedItems__item-details\">\n                        <h3 class=\"c-relatedItems__item-title\">Liviko Likeriai<\/h3>                                            <\/div>\n                \n            <\/a>\n            \n        \n                \n\n            <div class=\"c-relatedItems__item \" >\n                \n                \n                    <div class=\"c-relatedItems__item-imageContainer\" >\n                        <img loading=\"lazy\" decoding=\"async\" width=\"84\" height=\"320\" src=\"https:\/\/liviko.eu\/wp-content\/uploads\/2020\/08\/Minty-Peppermint-Liqueur-500ml-FULL.png\" class=\"c-relatedItems__item-image\" alt=\"Minty\" srcset=\"https:\/\/liviko.eu\/wp-content\/uploads\/2020\/08\/Minty-Peppermint-Liqueur-500ml-FULL.png 1491w, https:\/\/liviko.eu\/wp-content\/uploads\/2020\/08\/Minty-Peppermint-Liqueur-500ml-FULL-241x920.png 241w, https:\/\/liviko.eu\/wp-content\/uploads\/2020\/08\/Minty-Peppermint-Liqueur-500ml-FULL-357x1366.png 357w, https:\/\/liviko.eu\/wp-content\/uploads\/2020\/08\/Minty-Peppermint-Liqueur-500ml-FULL-768x2936.png 768w, https:\/\/liviko.eu\/wp-content\/uploads\/2020\/08\/Minty-Peppermint-Liqueur-500ml-FULL-402x1536.png 402w, https:\/\/liviko.eu\/wp-content\/uploads\/2020\/08\/Minty-Peppermint-Liqueur-500ml-FULL-536x2048.png 536w\" sizes=\"(max-width: 84px) 100vw, 84px\" \/>                    <\/div>\n                    <div class=\"c-relatedItems__item-details\">\n                        <h3 class=\"c-relatedItems__item-title\">Minty<\/h3>                                            <\/div>\n                \n            <\/div>\n            \n                <\/div>\n<\/div>\n","protected":false},"excerpt":{"rendered":"","protected":false},"author":1,"featured_media":0,"parent":772,"menu_order":8,"comment_status":"closed","ping_status":"closed","template":"page-templates\/page-product.php","meta":{"_acf_changed":false,"inline_featured_image":false,"_monsterinsights_skip_tracking":false,"_monsterinsights_sitenote_active":false,"_monsterinsights_sitenote_note":"","_monsterinsights_sitenote_category":0,"footnotes":""},"categories":[60],"class_list":["post-861","page","type-page","status-publish","hentry","category-liquer-lt"],"acf":[],"yoast_head":"<!-- This site is optimized with the Yoast SEO plugin v24.0 - https:\/\/yoast.com\/wordpress\/plugins\/seo\/ -->\n<title>Herbert - Liviko<\/title>\n<meta name=\"robots\" content=\"index, follow, max-snippet:-1, max-image-preview:large, max-video-preview:-1\" \/>\n<link rel=\"canonical\" href=\"https:\/\/liviko.eu\/lt\/liviko-distillery\/herbert\/\" \/>\n<meta property=\"og:locale\" content=\"lt_LT\" \/>\n<meta property=\"og:type\" content=\"article\" \/>\n<meta property=\"og:title\" content=\"Herbert - Liviko\" \/>\n<meta property=\"og:url\" content=\"https:\/\/liviko.eu\/lt\/liviko-distillery\/herbert\/\" \/>\n<meta property=\"og:site_name\" content=\"Liviko\" \/>\n<meta property=\"article:publisher\" content=\"https:\/\/www.facebook.com\/LivikoDistillery\/\" \/>\n<meta property=\"article:modified_time\" content=\"2021-02-18T13:21:05+00:00\" \/>\n<meta name=\"twitter:card\" content=\"summary_large_image\" \/>\n<script type=\"application\/ld+json\" class=\"yoast-schema-graph\">{\"@context\":\"https:\/\/schema.org\",\"@graph\":[{\"@type\":\"WebPage\",\"@id\":\"https:\/\/liviko.eu\/lt\/liviko-distillery\/herbert\/\",\"url\":\"https:\/\/liviko.eu\/lt\/liviko-distillery\/herbert\/\",\"name\":\"Herbert - Liviko\",\"isPartOf\":{\"@id\":\"https:\/\/liviko.eu\/lt\/#website\"},\"datePublished\":\"2020-07-06T11:54:42+00:00\",\"dateModified\":\"2021-02-18T13:21:05+00:00\",\"breadcrumb\":{\"@id\":\"https:\/\/liviko.eu\/lt\/liviko-distillery\/herbert\/#breadcrumb\"},\"inLanguage\":\"lt-LT\",\"potentialAction\":[{\"@type\":\"ReadAction\",\"target\":[\"https:\/\/liviko.eu\/lt\/liviko-distillery\/herbert\/\"]}]},{\"@type\":\"BreadcrumbList\",\"@id\":\"https:\/\/liviko.eu\/lt\/liviko-distillery\/herbert\/#breadcrumb\",\"itemListElement\":[{\"@type\":\"ListItem\",\"position\":1,\"name\":\"Home\",\"item\":\"https:\/\/liviko.eu\/lt\/\"},{\"@type\":\"ListItem\",\"position\":2,\"name\":\"Gamyba\",\"item\":\"https:\/\/liviko.eu\/lt\/liviko-distillery\/\"},{\"@type\":\"ListItem\",\"position\":3,\"name\":\"Herbert\"}]},{\"@type\":\"WebSite\",\"@id\":\"https:\/\/liviko.eu\/lt\/#website\",\"url\":\"https:\/\/liviko.eu\/lt\/\",\"name\":\"Liviko\",\"description\":\"anno 1898\",\"publisher\":{\"@id\":\"https:\/\/liviko.eu\/lt\/#organization\"},\"potentialAction\":[{\"@type\":\"SearchAction\",\"target\":{\"@type\":\"EntryPoint\",\"urlTemplate\":\"https:\/\/liviko.eu\/lt\/?s={search_term_string}\"},\"query-input\":{\"@type\":\"PropertyValueSpecification\",\"valueRequired\":true,\"valueName\":\"search_term_string\"}}],\"inLanguage\":\"lt-LT\"},{\"@type\":\"Organization\",\"@id\":\"https:\/\/liviko.eu\/lt\/#organization\",\"name\":\"Liviko\",\"url\":\"https:\/\/liviko.eu\/lt\/\",\"logo\":{\"@type\":\"ImageObject\",\"inLanguage\":\"lt-LT\",\"@id\":\"https:\/\/liviko.eu\/lt\/#\/schema\/logo\/image\/\",\"url\":\"https:\/\/liviko.eu\/wp-content\/uploads\/2020\/10\/liviko_logo.png\",\"contentUrl\":\"https:\/\/liviko.eu\/wp-content\/uploads\/2020\/10\/liviko_logo.png\",\"width\":515,\"height\":181,\"caption\":\"Liviko\"},\"image\":{\"@id\":\"https:\/\/liviko.eu\/lt\/#\/schema\/logo\/image\/\"},\"sameAs\":[\"https:\/\/www.facebook.com\/LivikoDistillery\/\",\"https:\/\/www.instagram.com\/livikodistillery\",\"https:\/\/www.linkedin.com\/company\/liviko\/\",\"https:\/\/www.youtube.com\/channel\/UCnoHr-PaNxBHJO8nMDLVGuA\"]}]}<\/script>\n<!-- \/ Yoast SEO plugin. -->","yoast_head_json":{"title":"Herbert - Liviko","robots":{"index":"index","follow":"follow","max-snippet":"max-snippet:-1","max-image-preview":"max-image-preview:large","max-video-preview":"max-video-preview:-1"},"canonical":"https:\/\/liviko.eu\/lt\/liviko-distillery\/herbert\/","og_locale":"lt_LT","og_type":"article","og_title":"Herbert - Liviko","og_url":"https:\/\/liviko.eu\/lt\/liviko-distillery\/herbert\/","og_site_name":"Liviko","article_publisher":"https:\/\/www.facebook.com\/LivikoDistillery\/","article_modified_time":"2021-02-18T13:21:05+00:00","twitter_card":"summary_large_image","schema":{"@context":"https:\/\/schema.org","@graph":[{"@type":"WebPage","@id":"https:\/\/liviko.eu\/lt\/liviko-distillery\/herbert\/","url":"https:\/\/liviko.eu\/lt\/liviko-distillery\/herbert\/","name":"Herbert - Liviko","isPartOf":{"@id":"https:\/\/liviko.eu\/lt\/#website"},"datePublished":"2020-07-06T11:54:42+00:00","dateModified":"2021-02-18T13:21:05+00:00","breadcrumb":{"@id":"https:\/\/liviko.eu\/lt\/liviko-distillery\/herbert\/#breadcrumb"},"inLanguage":"lt-LT","potentialAction":[{"@type":"ReadAction","target":["https:\/\/liviko.eu\/lt\/liviko-distillery\/herbert\/"]}]},{"@type":"BreadcrumbList","@id":"https:\/\/liviko.eu\/lt\/liviko-distillery\/herbert\/#breadcrumb","itemListElement":[{"@type":"ListItem","position":1,"name":"Home","item":"https:\/\/liviko.eu\/lt\/"},{"@type":"ListItem","position":2,"name":"Gamyba","item":"https:\/\/liviko.eu\/lt\/liviko-distillery\/"},{"@type":"ListItem","position":3,"name":"Herbert"}]},{"@type":"WebSite","@id":"https:\/\/liviko.eu\/lt\/#website","url":"https:\/\/liviko.eu\/lt\/","name":"Liviko","description":"anno 1898","publisher":{"@id":"https:\/\/liviko.eu\/lt\/#organization"},"potentialAction":[{"@type":"SearchAction","target":{"@type":"EntryPoint","urlTemplate":"https:\/\/liviko.eu\/lt\/?s={search_term_string}"},"query-input":{"@type":"PropertyValueSpecification","valueRequired":true,"valueName":"search_term_string"}}],"inLanguage":"lt-LT"},{"@type":"Organization","@id":"https:\/\/liviko.eu\/lt\/#organization","name":"Liviko","url":"https:\/\/liviko.eu\/lt\/","logo":{"@type":"ImageObject","inLanguage":"lt-LT","@id":"https:\/\/liviko.eu\/lt\/#\/schema\/logo\/image\/","url":"https:\/\/liviko.eu\/wp-content\/uploads\/2020\/10\/liviko_logo.png","contentUrl":"https:\/\/liviko.eu\/wp-content\/uploads\/2020\/10\/liviko_logo.png","width":515,"height":181,"caption":"Liviko"},"image":{"@id":"https:\/\/liviko.eu\/lt\/#\/schema\/logo\/image\/"},"sameAs":["https:\/\/www.facebook.com\/LivikoDistillery\/","https:\/\/www.instagram.com\/livikodistillery","https:\/\/www.linkedin.com\/company\/liviko\/","https:\/\/www.youtube.com\/channel\/UCnoHr-PaNxBHJO8nMDLVGuA"]}]}},"_links":{"self":[{"href":"https:\/\/liviko.eu\/lt\/wp-json\/wp\/v2\/pages\/861","targetHints":{"allow":["GET"]}}],"collection":[{"href":"https:\/\/liviko.eu\/lt\/wp-json\/wp\/v2\/pages"}],"about":[{"href":"https:\/\/liviko.eu\/lt\/wp-json\/wp\/v2\/types\/page"}],"author":[{"embeddable":true,"href":"https:\/\/liviko.eu\/lt\/wp-json\/wp\/v2\/users\/1"}],"replies":[{"embeddable":true,"href":"https:\/\/liviko.eu\/lt\/wp-json\/wp\/v2\/comments?post=861"}],"version-history":[{"count":12,"href":"https:\/\/liviko.eu\/lt\/wp-json\/wp\/v2\/pages\/861\/revisions"}],"predecessor-version":[{"id":25662,"href":"https:\/\/liviko.eu\/lt\/wp-json\/wp\/v2\/pages\/861\/revisions\/25662"}],"up":[{"embeddable":true,"href":"https:\/\/liviko.eu\/lt\/wp-json\/wp\/v2\/pages\/772"}],"wp:attachment":[{"href":"https:\/\/liviko.eu\/lt\/wp-json\/wp\/v2\/media?parent=861"}],"wp:term":[{"taxonomy":"category","embeddable":true,"href":"https:\/\/liviko.eu\/lt\/wp-json\/wp\/v2\/categories?post=861"}],"curies":[{"name":"wp","href":"https:\/\/api.w.org\/{rel}","templated":true}]}}