{"id":869,"date":"2020-07-06T11:50:54","date_gmt":"2020-07-06T11:50:54","guid":{"rendered":"http:\/\/liviko.eu\/liviko-distillery\/kingsmill\/"},"modified":"2026-01-02T09:06:02","modified_gmt":"2026-01-02T09:06:02","slug":"kingsmill","status":"publish","type":"page","link":"https:\/\/liviko.eu\/lt\/liviko-distillery\/kingsmill\/","title":{"rendered":"Kingsmill"},"content":{"rendered":"\n<div class=\"wp-block-group\"><div class=\"wp-block-group__inner-container is-layout-flow wp-block-group-is-layout-flow\"><div id=\"pageHeader-block_6090b54e92022b78544eae4489984a9b\" class=\" c-contentBlock c-pageHeader\" data-block-type=\"Page header\">\n                    <h1 class=\"c-pageHeader__title\">\u201eKINGSMILL&#8221;<\/h1>\n                            <div class=\"c-pageHeader__text t-text\"><p>\u201eLiviko\u201c prad\u0117jo gaminti d\u017ein\u0105 1960-aisiais, ta\u010diau gamyklos patirtis distiliuojant i\u0161 nat\u016brali\u0173 \u017eoleli\u0173, prieskoni\u0173 ir kvapi\u0173j\u0173 augal\u0173 siekia jau XX a. prad\u017ei\u0105. \u201eKingsmill\u201c d\u017eine susilieja \u0161imtmet\u012f puosel\u0117tos\u00a0<em>pot still<\/em>\u00a0 metodo distiliacijos meno \u017einios, kruop\u0161\u010diai nugludintos \u017einios ir r\u016bpestingai parinktos kadagio uogos bei kvapieji augalai.<\/p>\n<\/div>\n                \n<\/div>\n<a id=\"page-869-body\"><\/a>\n\n<div id=\"mediaBlock-block_131c4c1f0e856c8d7e157f9a561af167\" class=\" c-contentBlock c-mediaBlock c-mediaBlock--align-left c-mediaBlock--valign-center c-mediaBlock--size-extra-small c-mediaBlock--imageHeight-small\" data-block-type=\"Media block\">\n   \n                \n     <div class=\"c-mediaBlock__media\" style=\"\"\">\n        <img fetchpriority=\"high\" decoding=\"async\" width=\"567\" height=\"1366\" src=\"https:\/\/liviko.eu\/wp-content\/uploads\/2024\/04\/MicrosoftTeams-image-17-567x1366.jpg\" class=\"c-mediaBlock__image\" alt=\"\u201eKINGSMILL GIN&quot;\" srcset=\"https:\/\/liviko.eu\/wp-content\/uploads\/2024\/04\/MicrosoftTeams-image-17-567x1366.jpg 567w, https:\/\/liviko.eu\/wp-content\/uploads\/2024\/04\/MicrosoftTeams-image-17-382x920.jpg 382w, https:\/\/liviko.eu\/wp-content\/uploads\/2024\/04\/MicrosoftTeams-image-17-768x1851.jpg 768w, https:\/\/liviko.eu\/wp-content\/uploads\/2024\/04\/MicrosoftTeams-image-17-637x1536.jpg 637w, https:\/\/liviko.eu\/wp-content\/uploads\/2024\/04\/MicrosoftTeams-image-17-850x2048.jpg 850w, https:\/\/liviko.eu\/wp-content\/uploads\/2024\/04\/MicrosoftTeams-image-17-133x320.jpg 133w, https:\/\/liviko.eu\/wp-content\/uploads\/2024\/04\/MicrosoftTeams-image-17-250x603.jpg 250w, https:\/\/liviko.eu\/wp-content\/uploads\/2024\/04\/MicrosoftTeams-image-17-scaled.jpg 1062w\" sizes=\"(max-width: 567px) 100vw, 567px\" \/>    <\/div>\n     <div class=\"c-mediaBlock__body\">\n                    <h2 class=\"c-mediaBlock__title\">\u201eKINGSMILL GIN&#8221;<\/h2>\n                <div class=\"c-mediaBlock__content\">\n            <div class=\"t-text\">\n            <p>\u201eKingsmill\u201c pagamintas besivadovaujant de\u0161imtme\u010dio tradicijomis. Ypa\u010d r\u016bpestingai parinktos kadagio uogos, imbieras ir citrusiniai vaisiai kartu su kitais nat\u016braliais prieskoniais sudaro \u201eKingsmill\u201c d\u017eino kvapo ir skonio puok\u0161t\u0117s pagrind\u0105. Kvapiuosiuose augaluose esanti eterini\u0173 aliej\u0173 visuma suteikia d\u017einui savit\u0105 aromating\u0105, ai\u0161ki\u0105 ir i\u0161rai\u0161king\u0105 puok\u0161t\u0119. Aromatas dvelkia l\u0117tai i\u0161nokusiomis kadagio uogomis, taip pat kadagio spygliais, citrus\u0173 gaiva ir prieskoni\u0173 niuansais.<br \/>\nG\u0117rimas gaminamas i\u0161 itin auk\u0161tos kokyb\u0117s gr\u016bd\u0173 spirito ir specialia technologija paruo\u0161to vandens.<\/p>\n<p><strong>Gamini\u0173 serij\u0105 sudaro:<\/strong><\/p>\n<ul>\n<li><a href=\"https:\/\/pood.liviko.ee\/kingsmill-distilled-gin-38-05-l\">Kingsmill Distilled Gin<\/a><\/li>\n<li><a href=\"https:\/\/pood.liviko.ee\/kingsmill-pink-raspberry-38-05-l\">Kingsmill Pink Rasbperry Gin<\/a><\/li>\n<li><a href=\"https:\/\/pood.liviko.ee\/kingsmill-rhubarb-38-05-l\">Kingsmill Rhubarb Gin<\/a><\/li>\n<\/ul>\n<div class=\"TnITTtw-t TnITTtw-translate-selection-button\"><strong>Awards:<\/strong><\/div>\n<div>\n<p>SIP Awards (The Spirits International Prestige) 2025 \u2013 double gold medal<br \/>\nGlobal Gin Masters (The Spirits Business) 2025 \u2013 silver medal<br \/>\nWorld Gin awards (klassikaline d\u017einn) 2025 \u2013 gold medal<br \/>\nIWSC (International Wine &amp; Spirit Competition) 2025 \u2013 bronze medal<br \/>\nThe San Francisco World Spirits Competition 2025 \u2013 silver medal<\/p>\n<\/div>\n            <\/div>\n                            \n        <\/div>\n    <\/div>\n<\/div>\n\n\n<div id=\"featureBlocks-block_46e00883b638cf661e7a67cfacb70d2a\" class=\" c-contentBlock c-featureBlocks c-featureBlocks--type-expanded\" data-block-type=\"Feature blocks: expanded\">\n   <div class=\"c-featureBlocksGroup\">\n\n\n                          <div class=\"c-featureBlocks__item\">\n                \n                \n                    <div class=\"c-featureBlocks__item-block\"    >\n\n                                                                                            <div class=\"c-featureBlock__imageContainer\">\n                                <img decoding=\"async\" width=\"800\" height=\"800\" src=\"https:\/\/liviko.eu\/wp-content\/uploads\/2024\/04\/800x800_labor.png\" class=\"c-featureBlock__image\" alt=\"\" srcset=\"https:\/\/liviko.eu\/wp-content\/uploads\/2024\/04\/800x800_labor.png 800w, https:\/\/liviko.eu\/wp-content\/uploads\/2024\/04\/800x800_labor-480x480.png 480w, https:\/\/liviko.eu\/wp-content\/uploads\/2024\/04\/800x800_labor-768x768.png 768w, https:\/\/liviko.eu\/wp-content\/uploads\/2024\/04\/800x800_labor-320x320.png 320w, https:\/\/liviko.eu\/wp-content\/uploads\/2024\/04\/800x800_labor-603x603.png 603w\" sizes=\"(max-width: 800px) 100vw, 800px\" \/>                                <\/div>\n                               \n\n                            <div class=\"c-featureBlocks__item-body\">\n                                    <h3 class=\"c-featureBlocks__item-title\"><\/h3>\n                                    <div class=\"t-text\">\n                                        <p><strong>Kokyb\u0117s patikros laboratorija<br \/>\n<\/strong>\u201eLiviko\u201c kokyb\u0117s patikros laboratorija r\u016bpinasi tuo, kad m\u016bs\u0173 gaminiai nuolat i\u0161laikyt\u0173 auk\u0161t\u0105 kokyb\u0119 ir atitikt\u0173 grie\u017etus maisto saugos reikalavimus. \u201eLiviko\u201c laboratorija atlieka de\u0161imtis \u012fvairi\u0173 m\u0117gini\u0173, tikrindama visk\u0105, kas lemia \u201eLiviko\u201c g\u0117rim\u0173 gamybos tarptautin\u012f mast\u0105.<\/p>\n<p>&nbsp;<\/p>\n                                    <\/div>\n                            <\/div>\n\n                    <\/div>    \n                        \n\n\n                            \n            <\/div>\n            \n                    <div class=\"c-featureBlocks__item\">\n                \n                \n                    <div class=\"c-featureBlocks__item-block\"    >\n\n                                                                                            <div class=\"c-featureBlock__imageContainer\">\n                                <img decoding=\"async\" width=\"800\" height=\"800\" src=\"https:\/\/liviko.eu\/wp-content\/uploads\/2020\/09\/kingsmill_usp1.jpg\" class=\"c-featureBlock__image\" alt=\"\" srcset=\"https:\/\/liviko.eu\/wp-content\/uploads\/2020\/09\/kingsmill_usp1.jpg 800w, https:\/\/liviko.eu\/wp-content\/uploads\/2020\/09\/kingsmill_usp1-480x480.jpg 480w, https:\/\/liviko.eu\/wp-content\/uploads\/2020\/09\/kingsmill_usp1-768x768.jpg 768w\" sizes=\"(max-width: 800px) 100vw, 800px\" \/>                                <\/div>\n                               \n\n                            <div class=\"c-featureBlocks__item-body\">\n                                    <h3 class=\"c-featureBlocks__item-title\"><\/h3>\n                                    <div class=\"t-text\">\n                                        <p><strong>Distiliacija<br \/>\n<\/strong>Distiliacijos meno subtilumai ir paslaptys buvo puosel\u0117jami nuo pat \u201eLiviko\u201c gamyklos \u012fk\u016brimo prad\u017eios, kai prad\u0117ta distiliuoti \u00a0<em>pot still<\/em>\u00a0 metodu. Nuo 1960 met\u0173 d\u017eino meistrai, vien tik gamindami d\u017ein\u0105, i\u0161distiliavo vir\u0161 penki\u0173 milijon\u0173 litr\u0173 kadagio uog\u0173.<\/p>\n<p>&nbsp;<\/p>\n<p>&nbsp;<\/p>\n                                    <\/div>\n                            <\/div>\n\n                    <\/div>    \n                        \n\n\n                            \n            <\/div>\n            \n                <div class=\"c-featureBlocks__item c-featureBlocks__item--empty\"><\/div>\n    <div class=\"c-featureBlocks__item c-featureBlocks__item--empty\"><\/div>\n    <\/div>\n<\/div>\n<\/div><\/div>\n\n\n\n<div id=\"spacer-block_1f0667e37eb220d953b4900a66150ceb\" class=\"c-contentBlock c-spacerContainer\"  data-block-type=\"Spacer\">\n   <hr class=\"  c-spacer c-spacer--size-3 c-spacer--line\" >\n<\/div>\n\n\n\n<div id=\"relatedItems-block_348d91318c501176d98a22070674d76e\" class=\" c-contentBlock c-relatedItems\" data-block-type=\"Related items\" >\n   \n            <h2 class=\"c-relatedItems__title \">PANA\u0160\u016aS GAMINIAI<\/h2>\n     \n    <div class=\"c-relatedItems__content\">\n\n\n    \n\n             \n         \n                \n\n            <a class=\"c-relatedItems__item \" href=\"https:\/\/liviko.eu\/lt\/liviko-distillery\/crafters\/\">\n                \n                \n                    <div class=\"c-relatedItems__item-imageContainer\" >\n                        <img loading=\"lazy\" decoding=\"async\" width=\"115\" height=\"320\" src=\"https:\/\/liviko.eu\/wp-content\/uploads\/2021\/10\/Crafters-London-Dry-Gin-NEW-FULL2-115x320.jpg\" class=\"c-relatedItems__item-image\" alt=\"Crafter&#039;s London Dry Gin\" srcset=\"https:\/\/liviko.eu\/wp-content\/uploads\/2021\/10\/Crafters-London-Dry-Gin-NEW-FULL2-115x320.jpg 115w, https:\/\/liviko.eu\/wp-content\/uploads\/2021\/10\/Crafters-London-Dry-Gin-NEW-FULL2-330x920.jpg 330w, https:\/\/liviko.eu\/wp-content\/uploads\/2021\/10\/Crafters-London-Dry-Gin-NEW-FULL2-490x1366.jpg 490w, https:\/\/liviko.eu\/wp-content\/uploads\/2021\/10\/Crafters-London-Dry-Gin-NEW-FULL2-768x2141.jpg 768w, https:\/\/liviko.eu\/wp-content\/uploads\/2021\/10\/Crafters-London-Dry-Gin-NEW-FULL2-551x1536.jpg 551w, https:\/\/liviko.eu\/wp-content\/uploads\/2021\/10\/Crafters-London-Dry-Gin-NEW-FULL2-735x2048.jpg 735w, https:\/\/liviko.eu\/wp-content\/uploads\/2021\/10\/Crafters-London-Dry-Gin-NEW-FULL2-scaled.jpg 918w\" sizes=\"(max-width: 115px) 100vw, 115px\" \/>                    <\/div>\n                    <div class=\"c-relatedItems__item-details\">\n                        <h3 class=\"c-relatedItems__item-title\">Crafter&#8217;s London Dry Gin<\/h3>                                            <\/div>\n                \n            <\/a>\n            \n        \n                \n\n            <a class=\"c-relatedItems__item \" href=\"https:\/\/liviko.eu\/lt\/liviko-distillery\/crafters\/\">\n                \n                \n                    <div class=\"c-relatedItems__item-imageContainer\" >\n                        <img loading=\"lazy\" decoding=\"async\" width=\"112\" height=\"320\" src=\"https:\/\/liviko.eu\/wp-content\/uploads\/2022\/02\/Crafters-Aromatic-Flower-Gin-NEW-FULL-112x320.jpg\" class=\"c-relatedItems__item-image\" alt=\"Crafter&#039;s Aromatic Flower Gin \" srcset=\"https:\/\/liviko.eu\/wp-content\/uploads\/2022\/02\/Crafters-Aromatic-Flower-Gin-NEW-FULL-112x320.jpg 112w, https:\/\/liviko.eu\/wp-content\/uploads\/2022\/02\/Crafters-Aromatic-Flower-Gin-NEW-FULL-322x920.jpg 322w, https:\/\/liviko.eu\/wp-content\/uploads\/2022\/02\/Crafters-Aromatic-Flower-Gin-NEW-FULL-478x1366.jpg 478w, https:\/\/liviko.eu\/wp-content\/uploads\/2022\/02\/Crafters-Aromatic-Flower-Gin-NEW-FULL-768x2195.jpg 768w, https:\/\/liviko.eu\/wp-content\/uploads\/2022\/02\/Crafters-Aromatic-Flower-Gin-NEW-FULL-537x1536.jpg 537w, https:\/\/liviko.eu\/wp-content\/uploads\/2022\/02\/Crafters-Aromatic-Flower-Gin-NEW-FULL-717x2048.jpg 717w, https:\/\/liviko.eu\/wp-content\/uploads\/2022\/02\/Crafters-Aromatic-Flower-Gin-NEW-FULL-scaled.jpg 896w\" sizes=\"(max-width: 112px) 100vw, 112px\" \/>                    <\/div>\n                    <div class=\"c-relatedItems__item-details\">\n                        <h3 class=\"c-relatedItems__item-title\">Crafter&#8217;s Aromatic Flower Gin <\/h3>                                            <\/div>\n                \n            <\/a>\n            \n                <\/div>\n<\/div>\n","protected":false},"excerpt":{"rendered":"","protected":false},"author":1,"featured_media":0,"parent":772,"menu_order":10,"comment_status":"closed","ping_status":"closed","template":"page-templates\/page-product.php","meta":{"_acf_changed":false,"inline_featured_image":false,"_monsterinsights_skip_tracking":false,"_monsterinsights_sitenote_active":false,"_monsterinsights_sitenote_note":"","_monsterinsights_sitenote_category":0,"footnotes":""},"categories":[54],"class_list":["post-869","page","type-page","status-publish","hentry","category-gin-lt"],"acf":[],"yoast_head":"<!-- This site is optimized with the Yoast SEO plugin v24.0 - https:\/\/yoast.com\/wordpress\/plugins\/seo\/ -->\n<title>Kingsmill - Liviko<\/title>\n<meta name=\"robots\" content=\"index, follow, max-snippet:-1, max-image-preview:large, max-video-preview:-1\" \/>\n<link rel=\"canonical\" href=\"https:\/\/liviko.eu\/lt\/liviko-distillery\/kingsmill\/\" \/>\n<meta property=\"og:locale\" content=\"lt_LT\" \/>\n<meta property=\"og:type\" content=\"article\" \/>\n<meta property=\"og:title\" content=\"Kingsmill - Liviko\" \/>\n<meta property=\"og:url\" content=\"https:\/\/liviko.eu\/lt\/liviko-distillery\/kingsmill\/\" \/>\n<meta property=\"og:site_name\" content=\"Liviko\" \/>\n<meta property=\"article:publisher\" content=\"https:\/\/www.facebook.com\/LivikoDistillery\/\" \/>\n<meta property=\"article:modified_time\" content=\"2026-01-02T09:06:02+00:00\" \/>\n<meta name=\"twitter:card\" content=\"summary_large_image\" \/>\n<script type=\"application\/ld+json\" class=\"yoast-schema-graph\">{\"@context\":\"https:\/\/schema.org\",\"@graph\":[{\"@type\":\"WebPage\",\"@id\":\"https:\/\/liviko.eu\/lt\/liviko-distillery\/kingsmill\/\",\"url\":\"https:\/\/liviko.eu\/lt\/liviko-distillery\/kingsmill\/\",\"name\":\"Kingsmill - Liviko\",\"isPartOf\":{\"@id\":\"https:\/\/liviko.eu\/lt\/#website\"},\"datePublished\":\"2020-07-06T11:50:54+00:00\",\"dateModified\":\"2026-01-02T09:06:02+00:00\",\"breadcrumb\":{\"@id\":\"https:\/\/liviko.eu\/lt\/liviko-distillery\/kingsmill\/#breadcrumb\"},\"inLanguage\":\"lt-LT\",\"potentialAction\":[{\"@type\":\"ReadAction\",\"target\":[\"https:\/\/liviko.eu\/lt\/liviko-distillery\/kingsmill\/\"]}]},{\"@type\":\"BreadcrumbList\",\"@id\":\"https:\/\/liviko.eu\/lt\/liviko-distillery\/kingsmill\/#breadcrumb\",\"itemListElement\":[{\"@type\":\"ListItem\",\"position\":1,\"name\":\"Home\",\"item\":\"https:\/\/liviko.eu\/lt\/\"},{\"@type\":\"ListItem\",\"position\":2,\"name\":\"Gamyba\",\"item\":\"https:\/\/liviko.eu\/lt\/liviko-distillery\/\"},{\"@type\":\"ListItem\",\"position\":3,\"name\":\"Kingsmill\"}]},{\"@type\":\"WebSite\",\"@id\":\"https:\/\/liviko.eu\/lt\/#website\",\"url\":\"https:\/\/liviko.eu\/lt\/\",\"name\":\"Liviko\",\"description\":\"anno 1898\",\"publisher\":{\"@id\":\"https:\/\/liviko.eu\/lt\/#organization\"},\"potentialAction\":[{\"@type\":\"SearchAction\",\"target\":{\"@type\":\"EntryPoint\",\"urlTemplate\":\"https:\/\/liviko.eu\/lt\/?s={search_term_string}\"},\"query-input\":{\"@type\":\"PropertyValueSpecification\",\"valueRequired\":true,\"valueName\":\"search_term_string\"}}],\"inLanguage\":\"lt-LT\"},{\"@type\":\"Organization\",\"@id\":\"https:\/\/liviko.eu\/lt\/#organization\",\"name\":\"Liviko\",\"url\":\"https:\/\/liviko.eu\/lt\/\",\"logo\":{\"@type\":\"ImageObject\",\"inLanguage\":\"lt-LT\",\"@id\":\"https:\/\/liviko.eu\/lt\/#\/schema\/logo\/image\/\",\"url\":\"https:\/\/liviko.eu\/wp-content\/uploads\/2020\/10\/liviko_logo.png\",\"contentUrl\":\"https:\/\/liviko.eu\/wp-content\/uploads\/2020\/10\/liviko_logo.png\",\"width\":515,\"height\":181,\"caption\":\"Liviko\"},\"image\":{\"@id\":\"https:\/\/liviko.eu\/lt\/#\/schema\/logo\/image\/\"},\"sameAs\":[\"https:\/\/www.facebook.com\/LivikoDistillery\/\",\"https:\/\/www.instagram.com\/livikodistillery\",\"https:\/\/www.linkedin.com\/company\/liviko\/\",\"https:\/\/www.youtube.com\/channel\/UCnoHr-PaNxBHJO8nMDLVGuA\"]}]}<\/script>\n<!-- \/ Yoast SEO plugin. -->","yoast_head_json":{"title":"Kingsmill - Liviko","robots":{"index":"index","follow":"follow","max-snippet":"max-snippet:-1","max-image-preview":"max-image-preview:large","max-video-preview":"max-video-preview:-1"},"canonical":"https:\/\/liviko.eu\/lt\/liviko-distillery\/kingsmill\/","og_locale":"lt_LT","og_type":"article","og_title":"Kingsmill - Liviko","og_url":"https:\/\/liviko.eu\/lt\/liviko-distillery\/kingsmill\/","og_site_name":"Liviko","article_publisher":"https:\/\/www.facebook.com\/LivikoDistillery\/","article_modified_time":"2026-01-02T09:06:02+00:00","twitter_card":"summary_large_image","schema":{"@context":"https:\/\/schema.org","@graph":[{"@type":"WebPage","@id":"https:\/\/liviko.eu\/lt\/liviko-distillery\/kingsmill\/","url":"https:\/\/liviko.eu\/lt\/liviko-distillery\/kingsmill\/","name":"Kingsmill - Liviko","isPartOf":{"@id":"https:\/\/liviko.eu\/lt\/#website"},"datePublished":"2020-07-06T11:50:54+00:00","dateModified":"2026-01-02T09:06:02+00:00","breadcrumb":{"@id":"https:\/\/liviko.eu\/lt\/liviko-distillery\/kingsmill\/#breadcrumb"},"inLanguage":"lt-LT","potentialAction":[{"@type":"ReadAction","target":["https:\/\/liviko.eu\/lt\/liviko-distillery\/kingsmill\/"]}]},{"@type":"BreadcrumbList","@id":"https:\/\/liviko.eu\/lt\/liviko-distillery\/kingsmill\/#breadcrumb","itemListElement":[{"@type":"ListItem","position":1,"name":"Home","item":"https:\/\/liviko.eu\/lt\/"},{"@type":"ListItem","position":2,"name":"Gamyba","item":"https:\/\/liviko.eu\/lt\/liviko-distillery\/"},{"@type":"ListItem","position":3,"name":"Kingsmill"}]},{"@type":"WebSite","@id":"https:\/\/liviko.eu\/lt\/#website","url":"https:\/\/liviko.eu\/lt\/","name":"Liviko","description":"anno 1898","publisher":{"@id":"https:\/\/liviko.eu\/lt\/#organization"},"potentialAction":[{"@type":"SearchAction","target":{"@type":"EntryPoint","urlTemplate":"https:\/\/liviko.eu\/lt\/?s={search_term_string}"},"query-input":{"@type":"PropertyValueSpecification","valueRequired":true,"valueName":"search_term_string"}}],"inLanguage":"lt-LT"},{"@type":"Organization","@id":"https:\/\/liviko.eu\/lt\/#organization","name":"Liviko","url":"https:\/\/liviko.eu\/lt\/","logo":{"@type":"ImageObject","inLanguage":"lt-LT","@id":"https:\/\/liviko.eu\/lt\/#\/schema\/logo\/image\/","url":"https:\/\/liviko.eu\/wp-content\/uploads\/2020\/10\/liviko_logo.png","contentUrl":"https:\/\/liviko.eu\/wp-content\/uploads\/2020\/10\/liviko_logo.png","width":515,"height":181,"caption":"Liviko"},"image":{"@id":"https:\/\/liviko.eu\/lt\/#\/schema\/logo\/image\/"},"sameAs":["https:\/\/www.facebook.com\/LivikoDistillery\/","https:\/\/www.instagram.com\/livikodistillery","https:\/\/www.linkedin.com\/company\/liviko\/","https:\/\/www.youtube.com\/channel\/UCnoHr-PaNxBHJO8nMDLVGuA"]}]}},"_links":{"self":[{"href":"https:\/\/liviko.eu\/lt\/wp-json\/wp\/v2\/pages\/869","targetHints":{"allow":["GET"]}}],"collection":[{"href":"https:\/\/liviko.eu\/lt\/wp-json\/wp\/v2\/pages"}],"about":[{"href":"https:\/\/liviko.eu\/lt\/wp-json\/wp\/v2\/types\/page"}],"author":[{"embeddable":true,"href":"https:\/\/liviko.eu\/lt\/wp-json\/wp\/v2\/users\/1"}],"replies":[{"embeddable":true,"href":"https:\/\/liviko.eu\/lt\/wp-json\/wp\/v2\/comments?post=869"}],"version-history":[{"count":41,"href":"https:\/\/liviko.eu\/lt\/wp-json\/wp\/v2\/pages\/869\/revisions"}],"predecessor-version":[{"id":56965,"href":"https:\/\/liviko.eu\/lt\/wp-json\/wp\/v2\/pages\/869\/revisions\/56965"}],"up":[{"embeddable":true,"href":"https:\/\/liviko.eu\/lt\/wp-json\/wp\/v2\/pages\/772"}],"wp:attachment":[{"href":"https:\/\/liviko.eu\/lt\/wp-json\/wp\/v2\/media?parent=869"}],"wp:term":[{"taxonomy":"category","embeddable":true,"href":"https:\/\/liviko.eu\/lt\/wp-json\/wp\/v2\/categories?post=869"}],"curies":[{"name":"wp","href":"https:\/\/api.w.org\/{rel}","templated":true}]}}