{"id":873,"date":"2020-07-06T11:53:47","date_gmt":"2020-07-06T11:53:47","guid":{"rendered":"http:\/\/liviko.eu\/liviko-distillery\/liviko-liquer\/"},"modified":"2023-10-11T10:57:20","modified_gmt":"2023-10-11T10:57:20","slug":"liviko-liquer","status":"publish","type":"page","link":"https:\/\/liviko.eu\/lt\/liviko-distillery\/liviko-liquer\/","title":{"rendered":"Liviko Likeriai"},"content":{"rendered":"<div id=\"pageHeader-block_a559b35c1452e40eb3492ebc47ef5ea9\" class=\" c-contentBlock c-pageHeader\" data-block-type=\"Page header\">\n                    <h1 class=\"c-pageHeader__title\">\u201eLIVIKO\u201c LIKERIAI<\/h1>\n                            <div class=\"c-pageHeader__text t-text\"><p>\u201eLiviko\u201c likeri\u0173 meistrai itin puosel\u0117ja subtil\u0173 likerio gamybos men\u0105 kurdami tiek klasikini\u0173, tiek stulbinan\u010di\u0173 skoni\u0173 dermi\u0173 likerius. \u012egud\u0119 \u201eLiviko\u201c meistrai ilgiau nei \u0161imtmet\u012f sistemingai kaup\u0117 \u017einias, kaip gaminti trauktines i\u0161 nat\u016brali\u0173 \u017eoleli\u0173 ir prieskoni\u0173. Tas \u017einias \u201eLiviko\u201c likeri\u0173 meistrai panaudoja savo kasdieniame darbe, taip pat r\u016bpestingai kaupia vertingas pastabas ateinan\u010dioms kartoms. Geras skonis ir vertas patarimas gyvuos visais laikais!<\/p>\n<\/div>\n                \n<\/div>\n<a id=\"page-873-body\"><\/a>\n\n<div id=\"mediaBlock-block_aa3622366023046ddb39d35c893acad5\" class=\" c-contentBlock c-mediaBlock c-mediaBlock--align-left c-mediaBlock--valign-center c-mediaBlock--size-extra-small c-mediaBlock--imageHeight-tall\" data-block-type=\"Media block\">\n   \n                \n     <div class=\"c-mediaBlock__media\" style=\"\"\">\n        <img fetchpriority=\"high\" decoding=\"async\" width=\"197\" height=\"751\" src=\"https:\/\/liviko.eu\/wp-content\/uploads\/2020\/08\/Liviko-Lik\u00f6\u00f6r-Metsmaasikas-500ml-piklik-WEB.jpg\" class=\"c-mediaBlock__image\" alt=\"\u201eLIVIKO\u201c LIKERIAI\" \/>    <\/div>\n     <div class=\"c-mediaBlock__body\">\n                    <h2 class=\"c-mediaBlock__title\">\u201eLIVIKO\u201c LIKERIAI<\/h2>\n                <div class=\"c-mediaBlock__content\">\n            <div class=\"t-text\">\n            <p>\u201eLiviko\u201c likeri\u0173 serijos asortiment\u0105 sudaro \u017eemuogi\u0173, avie\u010di\u0173, spanguoli\u0173 ir vy\u0161ni\u0173 skonio likeriai. Likeri\u0173 serijos g\u0117rimams yra b\u016bdingas sald\u017eiar\u016bg\u0161tis uog\u0173 skonis.<\/p>\n<p>Legendinis sald\u017eiar\u016bg\u0161tis \u017eemuoginis likeris tapo s\u0117kmingiausiu \u0161ios serijos g\u0117rimu, kuris, be Estijos, buvo populiarus Suomijoje ir Latvijoje. \u017demuoginis likeris yra gaminamas nuo 1993 met\u0173.<\/p>\n<p>Sultingas spanguoli\u0173 likeris yra \u0161velniai aitraus ir r\u016bg\u0161toko skonio. Praturtinto prek\u0117s \u017eenklo vy\u0161ni\u0173 likeryje vyrauja muskato rie\u0161utas, cinamonas ir kartusis migdolas, kurie \u0161iaurieti\u0161kam g\u0117rimui teikia pietieti\u0161ko temperamento.<\/p>\n<p>\u201eLiviko\u201c likerius tinka patiekti grynus, su ledo gabaliukais arba kokteiliuose, pavyzd\u017eiui, su putojan\u010diu vynu ir toniku.<\/p>\n            <\/div>\n                            \n        <\/div>\n    <\/div>\n<\/div>\n\n\n<div id=\"spacer-block_6453cb23fdb4b5972c1e27c9c189e0ee\" class=\"c-contentBlock c-spacerContainer\"  data-block-type=\"Spacer\">\n   <hr class=\"  c-spacer c-spacer--size-3 c-spacer--line\" >\n<\/div>\n\n\n\n<div id=\"relatedItems-block_0f7f089d3314e0d1eae4ffd603a7c80e\" class=\" c-contentBlock c-relatedItems\" data-block-type=\"Related items\" >\n   \n            <h2 class=\"c-relatedItems__title \">PANA\u0160\u016aS GAMINIAI<\/h2>\n     \n    <div class=\"c-relatedItems__content\">\n\n\n    \n\n             \n         \n                \n\n            <a class=\"c-relatedItems__item \" href=\"https:\/\/liviko.eu\/lt\/liviko-distillery\/vana-tallinn\/\">\n                \n                \n                    <div class=\"c-relatedItems__item-imageContainer\" >\n                        <img decoding=\"async\" width=\"82\" height=\"320\" src=\"https:\/\/liviko.eu\/wp-content\/uploads\/2020\/10\/vanatallinn.jpg\" class=\"c-relatedItems__item-image\" alt=\"Vana Tallinn\" \/>                    <\/div>\n                    <div class=\"c-relatedItems__item-details\">\n                        <h3 class=\"c-relatedItems__item-title\">Vana Tallinn<\/h3>                                            <\/div>\n                \n            <\/a>\n            \n        \n                \n\n            <a class=\"c-relatedItems__item \" href=\"https:\/\/liviko.eu\/lt\/liviko-distillery\/herbert\/\">\n                \n                \n                    <div class=\"c-relatedItems__item-imageContainer\" >\n                        <img decoding=\"async\" width=\"213\" height=\"320\" src=\"https:\/\/liviko.eu\/wp-content\/uploads\/2020\/08\/Herbert_500ml.png\" class=\"c-relatedItems__item-image\" alt=\"Herbert\" srcset=\"https:\/\/liviko.eu\/wp-content\/uploads\/2020\/08\/Herbert_500ml.png 2667w, https:\/\/liviko.eu\/wp-content\/uploads\/2020\/08\/Herbert_500ml-613x920.png 613w, https:\/\/liviko.eu\/wp-content\/uploads\/2020\/08\/Herbert_500ml-911x1366.png 911w, https:\/\/liviko.eu\/wp-content\/uploads\/2020\/08\/Herbert_500ml-768x1152.png 768w, https:\/\/liviko.eu\/wp-content\/uploads\/2020\/08\/Herbert_500ml-1024x1536.png 1024w, https:\/\/liviko.eu\/wp-content\/uploads\/2020\/08\/Herbert_500ml-1366x2048.png 1366w\" sizes=\"(max-width: 213px) 100vw, 213px\" \/>                    <\/div>\n                    <div class=\"c-relatedItems__item-details\">\n                        <h3 class=\"c-relatedItems__item-title\">Herbert<\/h3>                                            <\/div>\n                \n            <\/a>\n            \n                <\/div>\n<\/div>\n\n\n\n<div id=\"spacer-block_6453cb23fdb4b5972c1e27c9c189e0ee\" class=\"c-contentBlock c-spacerContainer\"  data-block-type=\"Spacer\">\n   <hr class=\"  c-spacer c-spacer--size-3 c-spacer--line\" >\n<\/div>\n","protected":false},"excerpt":{"rendered":"","protected":false},"author":1,"featured_media":0,"parent":772,"menu_order":11,"comment_status":"closed","ping_status":"closed","template":"page-templates\/page-product.php","meta":{"_acf_changed":false,"inline_featured_image":false,"_monsterinsights_skip_tracking":false,"_monsterinsights_sitenote_active":false,"_monsterinsights_sitenote_note":"","_monsterinsights_sitenote_category":0,"footnotes":""},"categories":[60],"class_list":["post-873","page","type-page","status-publish","hentry","category-liquer-lt"],"acf":[],"yoast_head":"<!-- This site is optimized with the Yoast SEO plugin v27.5 - https:\/\/yoast.com\/product\/yoast-seo-wordpress\/ -->\n<title>Liviko Likeriai - Liviko<\/title>\n<meta name=\"robots\" content=\"index, follow, max-snippet:-1, max-image-preview:large, max-video-preview:-1\" \/>\n<link rel=\"canonical\" href=\"https:\/\/liviko.eu\/lt\/liviko-distillery\/liviko-liquer\/\" \/>\n<meta property=\"og:locale\" content=\"lt_LT\" \/>\n<meta property=\"og:type\" content=\"article\" \/>\n<meta property=\"og:title\" content=\"Liviko Likeriai - Liviko\" \/>\n<meta property=\"og:url\" content=\"https:\/\/liviko.eu\/lt\/liviko-distillery\/liviko-liquer\/\" \/>\n<meta property=\"og:site_name\" content=\"Liviko\" \/>\n<meta property=\"article:publisher\" content=\"https:\/\/www.facebook.com\/LivikoDistillery\/\" \/>\n<meta property=\"article:modified_time\" content=\"2023-10-11T10:57:20+00:00\" \/>\n<meta name=\"twitter:card\" content=\"summary_large_image\" \/>\n<script type=\"application\/ld+json\" class=\"yoast-schema-graph\">{\"@context\":\"https:\\\/\\\/schema.org\",\"@graph\":[{\"@type\":\"WebPage\",\"@id\":\"https:\\\/\\\/liviko.eu\\\/lt\\\/liviko-distillery\\\/liviko-liquer\\\/\",\"url\":\"https:\\\/\\\/liviko.eu\\\/lt\\\/liviko-distillery\\\/liviko-liquer\\\/\",\"name\":\"Liviko Likeriai - Liviko\",\"isPartOf\":{\"@id\":\"https:\\\/\\\/liviko.eu\\\/lt\\\/#website\"},\"datePublished\":\"2020-07-06T11:53:47+00:00\",\"dateModified\":\"2023-10-11T10:57:20+00:00\",\"breadcrumb\":{\"@id\":\"https:\\\/\\\/liviko.eu\\\/lt\\\/liviko-distillery\\\/liviko-liquer\\\/#breadcrumb\"},\"inLanguage\":\"lt-LT\",\"potentialAction\":[{\"@type\":\"ReadAction\",\"target\":[\"https:\\\/\\\/liviko.eu\\\/lt\\\/liviko-distillery\\\/liviko-liquer\\\/\"]}]},{\"@type\":\"BreadcrumbList\",\"@id\":\"https:\\\/\\\/liviko.eu\\\/lt\\\/liviko-distillery\\\/liviko-liquer\\\/#breadcrumb\",\"itemListElement\":[{\"@type\":\"ListItem\",\"position\":1,\"name\":\"Home\",\"item\":\"https:\\\/\\\/liviko.eu\\\/lt\\\/\"},{\"@type\":\"ListItem\",\"position\":2,\"name\":\"Gamyba\",\"item\":\"https:\\\/\\\/liviko.eu\\\/lt\\\/liviko-distillery\\\/\"},{\"@type\":\"ListItem\",\"position\":3,\"name\":\"Liviko Likeriai\"}]},{\"@type\":\"WebSite\",\"@id\":\"https:\\\/\\\/liviko.eu\\\/lt\\\/#website\",\"url\":\"https:\\\/\\\/liviko.eu\\\/lt\\\/\",\"name\":\"Liviko\",\"description\":\"anno 1898\",\"publisher\":{\"@id\":\"https:\\\/\\\/liviko.eu\\\/lt\\\/#organization\"},\"potentialAction\":[{\"@type\":\"SearchAction\",\"target\":{\"@type\":\"EntryPoint\",\"urlTemplate\":\"https:\\\/\\\/liviko.eu\\\/lt\\\/?s={search_term_string}\"},\"query-input\":{\"@type\":\"PropertyValueSpecification\",\"valueRequired\":true,\"valueName\":\"search_term_string\"}}],\"inLanguage\":\"lt-LT\"},{\"@type\":\"Organization\",\"@id\":\"https:\\\/\\\/liviko.eu\\\/lt\\\/#organization\",\"name\":\"Liviko\",\"url\":\"https:\\\/\\\/liviko.eu\\\/lt\\\/\",\"logo\":{\"@type\":\"ImageObject\",\"inLanguage\":\"lt-LT\",\"@id\":\"https:\\\/\\\/liviko.eu\\\/lt\\\/#\\\/schema\\\/logo\\\/image\\\/\",\"url\":\"https:\\\/\\\/liviko.eu\\\/wp-content\\\/uploads\\\/2020\\\/10\\\/liviko_logo.png\",\"contentUrl\":\"https:\\\/\\\/liviko.eu\\\/wp-content\\\/uploads\\\/2020\\\/10\\\/liviko_logo.png\",\"width\":515,\"height\":181,\"caption\":\"Liviko\"},\"image\":{\"@id\":\"https:\\\/\\\/liviko.eu\\\/lt\\\/#\\\/schema\\\/logo\\\/image\\\/\"},\"sameAs\":[\"https:\\\/\\\/www.facebook.com\\\/LivikoDistillery\\\/\",\"https:\\\/\\\/www.instagram.com\\\/livikodistillery\",\"https:\\\/\\\/www.linkedin.com\\\/company\\\/liviko\\\/\",\"https:\\\/\\\/www.youtube.com\\\/channel\\\/UCnoHr-PaNxBHJO8nMDLVGuA\"]}]}<\/script>\n<!-- \/ Yoast SEO plugin. -->","yoast_head_json":{"title":"Liviko Likeriai - Liviko","robots":{"index":"index","follow":"follow","max-snippet":"max-snippet:-1","max-image-preview":"max-image-preview:large","max-video-preview":"max-video-preview:-1"},"canonical":"https:\/\/liviko.eu\/lt\/liviko-distillery\/liviko-liquer\/","og_locale":"lt_LT","og_type":"article","og_title":"Liviko Likeriai - Liviko","og_url":"https:\/\/liviko.eu\/lt\/liviko-distillery\/liviko-liquer\/","og_site_name":"Liviko","article_publisher":"https:\/\/www.facebook.com\/LivikoDistillery\/","article_modified_time":"2023-10-11T10:57:20+00:00","twitter_card":"summary_large_image","schema":{"@context":"https:\/\/schema.org","@graph":[{"@type":"WebPage","@id":"https:\/\/liviko.eu\/lt\/liviko-distillery\/liviko-liquer\/","url":"https:\/\/liviko.eu\/lt\/liviko-distillery\/liviko-liquer\/","name":"Liviko Likeriai - Liviko","isPartOf":{"@id":"https:\/\/liviko.eu\/lt\/#website"},"datePublished":"2020-07-06T11:53:47+00:00","dateModified":"2023-10-11T10:57:20+00:00","breadcrumb":{"@id":"https:\/\/liviko.eu\/lt\/liviko-distillery\/liviko-liquer\/#breadcrumb"},"inLanguage":"lt-LT","potentialAction":[{"@type":"ReadAction","target":["https:\/\/liviko.eu\/lt\/liviko-distillery\/liviko-liquer\/"]}]},{"@type":"BreadcrumbList","@id":"https:\/\/liviko.eu\/lt\/liviko-distillery\/liviko-liquer\/#breadcrumb","itemListElement":[{"@type":"ListItem","position":1,"name":"Home","item":"https:\/\/liviko.eu\/lt\/"},{"@type":"ListItem","position":2,"name":"Gamyba","item":"https:\/\/liviko.eu\/lt\/liviko-distillery\/"},{"@type":"ListItem","position":3,"name":"Liviko Likeriai"}]},{"@type":"WebSite","@id":"https:\/\/liviko.eu\/lt\/#website","url":"https:\/\/liviko.eu\/lt\/","name":"Liviko","description":"anno 1898","publisher":{"@id":"https:\/\/liviko.eu\/lt\/#organization"},"potentialAction":[{"@type":"SearchAction","target":{"@type":"EntryPoint","urlTemplate":"https:\/\/liviko.eu\/lt\/?s={search_term_string}"},"query-input":{"@type":"PropertyValueSpecification","valueRequired":true,"valueName":"search_term_string"}}],"inLanguage":"lt-LT"},{"@type":"Organization","@id":"https:\/\/liviko.eu\/lt\/#organization","name":"Liviko","url":"https:\/\/liviko.eu\/lt\/","logo":{"@type":"ImageObject","inLanguage":"lt-LT","@id":"https:\/\/liviko.eu\/lt\/#\/schema\/logo\/image\/","url":"https:\/\/liviko.eu\/wp-content\/uploads\/2020\/10\/liviko_logo.png","contentUrl":"https:\/\/liviko.eu\/wp-content\/uploads\/2020\/10\/liviko_logo.png","width":515,"height":181,"caption":"Liviko"},"image":{"@id":"https:\/\/liviko.eu\/lt\/#\/schema\/logo\/image\/"},"sameAs":["https:\/\/www.facebook.com\/LivikoDistillery\/","https:\/\/www.instagram.com\/livikodistillery","https:\/\/www.linkedin.com\/company\/liviko\/","https:\/\/www.youtube.com\/channel\/UCnoHr-PaNxBHJO8nMDLVGuA"]}]}},"_links":{"self":[{"href":"https:\/\/liviko.eu\/lt\/wp-json\/wp\/v2\/pages\/873","targetHints":{"allow":["GET"]}}],"collection":[{"href":"https:\/\/liviko.eu\/lt\/wp-json\/wp\/v2\/pages"}],"about":[{"href":"https:\/\/liviko.eu\/lt\/wp-json\/wp\/v2\/types\/page"}],"author":[{"embeddable":true,"href":"https:\/\/liviko.eu\/lt\/wp-json\/wp\/v2\/users\/1"}],"replies":[{"embeddable":true,"href":"https:\/\/liviko.eu\/lt\/wp-json\/wp\/v2\/comments?post=873"}],"version-history":[{"count":10,"href":"https:\/\/liviko.eu\/lt\/wp-json\/wp\/v2\/pages\/873\/revisions"}],"predecessor-version":[{"id":50332,"href":"https:\/\/liviko.eu\/lt\/wp-json\/wp\/v2\/pages\/873\/revisions\/50332"}],"up":[{"embeddable":true,"href":"https:\/\/liviko.eu\/lt\/wp-json\/wp\/v2\/pages\/772"}],"wp:attachment":[{"href":"https:\/\/liviko.eu\/lt\/wp-json\/wp\/v2\/media?parent=873"}],"wp:term":[{"taxonomy":"category","embeddable":true,"href":"https:\/\/liviko.eu\/lt\/wp-json\/wp\/v2\/categories?post=873"}],"curies":[{"name":"wp","href":"https:\/\/api.w.org\/{rel}","templated":true}]}}