{"id":885,"date":"2020-07-06T11:56:39","date_gmt":"2020-07-06T11:56:39","guid":{"rendered":"http:\/\/liviko.eu\/liviko-distillery\/re-crafters-junibeer\/"},"modified":"2022-03-31T08:35:57","modified_gmt":"2022-03-31T08:35:57","slug":"re-crafters-junibeer","status":"publish","type":"page","link":"https:\/\/liviko.eu\/lt\/liviko-distillery\/re-crafters-junibeer\/","title":{"rendered":"Re-crafted Crafter&#8217;s"},"content":{"rendered":"<div id=\"pageHeader-block_5f1f037303123\" class=\" c-contentBlock c-pageHeader\" data-block-type=\"Page header\">\n                    <h1 class=\"c-pageHeader__title\">RE-CRAFTED CRAFTER&#8217;S <\/h1>\n                            <div class=\"c-pageHeader__text t-text\"><p>Naujos technologijos nealkoholiniai rank\u0173 darbo g\u0117rimai atsirado siekiant maksimaliai sunaudoti verting\u0105 \u017ealiav\u0105.<\/p>\n<\/div>\n                \n<\/div>\n<a id=\"page-885-body\"><\/a>\n\n<div id=\"mediaBlock-block_5f5b400a35fc2\" class=\" c-contentBlock c-mediaBlock c-mediaBlock--align-left c-mediaBlock--valign-center c-mediaBlock--size-extra-small c-mediaBlock--imageHeight-small\" data-block-type=\"Media block\">\n   \n                \n     <div class=\"c-mediaBlock__media\" style=\"\"\">\n        <img fetchpriority=\"high\" decoding=\"async\" width=\"350\" height=\"1366\" src=\"https:\/\/liviko.eu\/wp-content\/uploads\/2020\/08\/Crafters-Re-Crafted-Junibeer-FULL-350x1366.png\" class=\"c-mediaBlock__image\" alt=\"\u201eRE-CRAFTED CRAFTER\u2019S JUNIBEER\u201c\" srcset=\"https:\/\/liviko.eu\/wp-content\/uploads\/2020\/08\/Crafters-Re-Crafted-Junibeer-FULL-350x1366.png 350w, https:\/\/liviko.eu\/wp-content\/uploads\/2020\/08\/Crafters-Re-Crafted-Junibeer-FULL-236x920.png 236w, https:\/\/liviko.eu\/wp-content\/uploads\/2020\/08\/Crafters-Re-Crafted-Junibeer-FULL-768x2999.png 768w, https:\/\/liviko.eu\/wp-content\/uploads\/2020\/08\/Crafters-Re-Crafted-Junibeer-FULL.png 1558w\" sizes=\"(max-width: 350px) 100vw, 350px\" \/>    <\/div>\n     <div class=\"c-mediaBlock__body\">\n                    <h2 class=\"c-mediaBlock__title\">\u201eRE-CRAFTED CRAFTER\u2019S JUNIBEER\u201c<\/h2>\n                <div class=\"c-mediaBlock__content\">\n            <div class=\"t-text\">\n            <p>\u201eRe-crafted Crafter\u00b4s Junibeer\u201c yra tonizuojantis, lengvai saldus gaivusis g\u0117rimas.\u00a0\u0160ilkin\u0117s strukt\u016bros, gaiviame ir lengvai sald\u017eiame g\u0117rime galima jausti aitrius ir medingus, kadagio uogoms b\u016bdingus niuansus. <em>Junibeer<\/em> \u2013 tai ir gaminio pavadinimas, ir g\u0117rimo kategorija, i\u0161vesta i\u0161 kadagio uog\u0173 ir alaus angli\u0161ko pavadinimo:\u00a0<em>juniper berry<\/em>\u00a0ir\u00a0<em>beer<\/em>.<\/p>\n<p>G\u0117rime nenaudoti aromato ir skonio stiprikliai. \u201eJunibeer\u201c yra be laktoz\u0117s ir glitimo, tad tinka ir veganams. Gaminyje gali b\u016bti nuos\u0117d\u0173.<br \/>\nPatiekti at\u0161aldyt\u0105.<\/p>\n<p><a href=\"http:\/\/craftersgin.com\/zero-wast\">craftersgin.com\/<\/a><a href=\"http:\/\/craftersgin.com\/zero-wast\">zero-waste<\/a><\/p>\n<p><strong>Apdovanojimai:\u00a0<\/strong><\/p>\n<ul>\n<li><em>Eesti parim mittealkohoolne jook<\/em> (Geriausias Estijos nealkoholinis g\u0117rimas) 2020 \u2013 aukso medalis<\/li>\n<li><em>Eesti parim toiduaine<\/em> (Geriausias Estijos maisto produktas) 2020 \u2013 pardav\u0117j\u0173 m\u0117gstamiausias, bronzos medalis<\/li>\n<li><em>World Beverage Innovation Award<\/em> 2019 \u2013 nominantas<\/li>\n<\/ul>\n            <\/div>\n                            \n        <\/div>\n    <\/div>\n<\/div>\n\n<div id=\"mediaBlock-block_5f509f11e2d22\" class=\" c-contentBlock c-mediaBlock c-mediaBlock--align-right c-mediaBlock--valign-center c-mediaBlock--size-extra-small c-mediaBlock--imageHeight-small\" data-block-type=\"Media block\">\n   \n                \n     <div class=\"c-mediaBlock__media\" style=\"\"\">\n        <img decoding=\"async\" width=\"254\" height=\"1000\" src=\"https:\/\/liviko.eu\/wp-content\/uploads\/2021\/06\/Crafters-Re-Crafted-Gingeroot-WEB.jpg\" class=\"c-mediaBlock__image\" alt=\"\u201eRE-CRAFTED CRAFTER\u2019S GINGEROOT\u201c\" srcset=\"https:\/\/liviko.eu\/wp-content\/uploads\/2021\/06\/Crafters-Re-Crafted-Gingeroot-WEB.jpg 254w, https:\/\/liviko.eu\/wp-content\/uploads\/2021\/06\/Crafters-Re-Crafted-Gingeroot-WEB-234x920.jpg 234w, https:\/\/liviko.eu\/wp-content\/uploads\/2021\/06\/Crafters-Re-Crafted-Gingeroot-WEB-81x320.jpg 81w\" sizes=\"(max-width: 254px) 100vw, 254px\" \/>    <\/div>\n     <div class=\"c-mediaBlock__body\">\n                    <h2 class=\"c-mediaBlock__title\">\u201eRE-CRAFTED CRAFTER\u2019S GINGEROOT\u201c<\/h2>\n                <div class=\"c-mediaBlock__content\">\n            <div class=\"t-text\">\n            <p>\u201eRe-crafted Crafter\u00b4s Gingeroot\u201c \u2013 tai gaivinantis, lengvai saldus rank\u0173 darbo g\u0117rimas. Skonyje galima jausti prieskonini\u0173, b\u016bding\u0173 imbierui nat\u0173. Liekamasis skonis yra tvilkantis ir kiek pikanti\u0161kas.<\/p>\n<p>\u012ekv\u0117ptas gamybos be atliek\u0173, \u017ealiosios aplinkos ir nauj\u0173 juslini\u0173 patir\u010di\u0173 paie\u0161kos. Gaminant g\u0117rim\u0105 antr\u0105kart panaudojama distiliacijos procese jau apdorota imbiero \u0161aknis. G\u0117rime nenaudoti aromato ir skonio stiprikliai.<\/p>\n<p>Nenaudoti aromato ir skonio stiprikliai, g\u0117rimas be laktoz\u0117s ir glitimo, tinka ir veganams. Gaminyje gali b\u016bti nuos\u0117d\u0173.<br \/>\nPatiekti at\u0161aldyt\u0105.<\/p>\n<p><a href=\"http:\/\/craftersgin.com\/zero-wast\">craftersgin.com\/<\/a><a href=\"http:\/\/craftersgin.com\/zero-wast\">zero-waste<\/a><\/p>\n<div class=\"product__usage\"><\/div>\n            <\/div>\n                            \n        <\/div>\n    <\/div>\n<\/div>\n\n<div id=\"mediaBlock-block_5f1f039c03124\" class=\" c-contentBlock c-mediaBlock c-mediaBlock--align-left c-mediaBlock--valign-center c-mediaBlock--size-extra-small c-mediaBlock--imageHeight-small\" data-block-type=\"Media block\">\n   \n                \n     <div class=\"c-mediaBlock__media\" style=\"\"\">\n        <img decoding=\"async\" width=\"230\" height=\"900\" src=\"https:\/\/liviko.eu\/wp-content\/uploads\/2020\/08\/4740050005742.jpg\" class=\"c-mediaBlock__image\" alt=\"\u201eRE-CRAFTED CRAFTER\u2019S JUNIBEER 3,2%\u201c\" \/>    <\/div>\n     <div class=\"c-mediaBlock__body\">\n                    <h2 class=\"c-mediaBlock__title\">\u201eRE-CRAFTED CRAFTER\u2019S JUNIBEER 3,2%\u201c<\/h2>\n                <div class=\"c-mediaBlock__content\">\n            <div class=\"t-text\">\n            <p>\u201eJunibeer\u201c yra gaivinantis, lengvai saldus kadagio vaisi\u0173 alus, gaminamas fermentuojant \u201eCrafter\u2019s\u201c d\u017eino distiliacijos liku\u010dius. \u0160ilkin\u0117s strukt\u016bros, gaiviame ir nuosaikiai saldaus skonio g\u0117rime galima jausti aitrius ir medingus, kadagio uogoms b\u016bdingus niuansus.<\/p>\n<p>\u012ekv\u0117ptas gamybos be atliek\u0173, \u017ealiosios aplinkos ir nauj\u0173 juslini\u0173 patir\u010di\u0173 paie\u0161kos. G\u0117rimo gamybai antr\u0105kart panaudojamos \u201eCrafter\u2019s\u201c d\u017eino distiliacijos procese apdorotos kadagio uogos: i\u0161 j\u0173 organinio cukraus fermentuojamas alkoholis ir gaunamas atnaujintas kadaginis alus.<\/p>\n<p>Nenaudoti aromato ir skonio stiprikliai. \u201eJunibeer\u201c yra be laktoz\u0117s ir glitimo, tinka ir veganams.<\/p>\n<p>Gaminyje gali b\u016bti nuos\u0117d\u0173.<\/p>\n<p><a href=\"http:\/\/craftersgin.com\/zero-wast\">craftersgin.com\/<\/a><a href=\"http:\/\/craftersgin.com\/zero-wast\">zero-waste<\/a><\/p>\n            <\/div>\n                            \n        <\/div>\n    <\/div>\n<\/div>\n\n\n<div id=\"featureBlocks-block_5f5b400a35fc3\" class=\" c-contentBlock c-featureBlocks c-featureBlocks--type-expanded c-featureBlocks--grid-columns\" data-block-type=\"Feature blocks: expanded\">\n   <div class=\"c-featureBlocksGroup\">\n\n\n                          <div class=\"c-featureBlocks__item\">\n                \n                \n                    <div class=\"c-featureBlocks__item-block\"    >\n\n                                                                                            <div class=\"c-featureBlock__imageContainer\">\n                                <img loading=\"lazy\" decoding=\"async\" width=\"800\" height=\"800\" src=\"https:\/\/liviko.eu\/wp-content\/uploads\/2020\/09\/recrafters-usp1.jpg\" class=\"c-featureBlock__image\" alt=\"\" srcset=\"https:\/\/liviko.eu\/wp-content\/uploads\/2020\/09\/recrafters-usp1.jpg 800w, https:\/\/liviko.eu\/wp-content\/uploads\/2020\/09\/recrafters-usp1-480x480.jpg 480w, https:\/\/liviko.eu\/wp-content\/uploads\/2020\/09\/recrafters-usp1-768x768.jpg 768w\" sizes=\"(max-width: 800px) 100vw, 800px\" \/>                                <\/div>\n                               \n\n                            <div class=\"c-featureBlocks__item-body\">\n                                    <h3 class=\"c-featureBlocks__item-title\"><\/h3>\n                                    <div class=\"t-text\">\n                                        <p><strong><em>Crafter\u2019s cycle\u00a0<\/em><\/strong><strong><br \/>\n<\/strong>\u017daliosios aplinkos paskatintas. D\u017eino \u201eCrafter\u2019s\u201c gamybai jau panaudotos kadagio uogos antr\u0105kart pritaikomos <em>Re-crafted Crafter\u2019s<\/em> rank\u0173 darbo g\u0117rimams, kadangi augaluose slypin\u010di\u0173 skoni\u0173 pagrindin\u0117 dalis distiliacijos procese lieka nei\u0161naudota.<\/p>\n                                    <\/div>\n                            <\/div>\n\n                    <\/div>    \n                        \n\n\n                            \n            <\/div>\n            \n                    <div class=\"c-featureBlocks__item\">\n                \n                \n                    <div class=\"c-featureBlocks__item-block\"    >\n\n                                                                                            <div class=\"c-featureBlock__imageContainer\">\n                                <img loading=\"lazy\" decoding=\"async\" width=\"920\" height=\"920\" src=\"https:\/\/liviko.eu\/wp-content\/uploads\/2020\/10\/uus_usp-1-920x920.png\" class=\"c-featureBlock__image\" alt=\"\" srcset=\"https:\/\/liviko.eu\/wp-content\/uploads\/2020\/10\/uus_usp-1-920x920.png 920w, https:\/\/liviko.eu\/wp-content\/uploads\/2020\/10\/uus_usp-1-480x480.png 480w, https:\/\/liviko.eu\/wp-content\/uploads\/2020\/10\/uus_usp-1-768x768.png 768w, https:\/\/liviko.eu\/wp-content\/uploads\/2020\/10\/uus_usp-1.png 1333w\" sizes=\"(max-width: 920px) 100vw, 920px\" \/>                                <\/div>\n                               \n\n                            <div class=\"c-featureBlocks__item-body\">\n                                    <h3 class=\"c-featureBlocks__item-title\"><\/h3>\n                                    <div class=\"t-text\">\n                                        <p><strong>Buteliai i\u0161 50 proc. antrini\u0173 \u017ealiav\u0173<br \/>\n<\/strong>Naudojame stiklinius butelius, perdirbtus i\u0161 ne ma\u017eiau kaip 50 procent\u0173 antrini\u0173 \u017ealiav\u0173 ir pagamintus Jervakand\u017eio stiklo fabrike, esan\u010diame nuo Talino vos u\u017e 80 kilometr\u0173.<\/p>\n                                    <\/div>\n                            <\/div>\n\n                    <\/div>    \n                        \n\n\n                            \n            <\/div>\n            \n                    <div class=\"c-featureBlocks__item\">\n                \n                \n                    <div class=\"c-featureBlocks__item-block\"    >\n\n                                                                                            <div class=\"c-featureBlock__imageContainer\">\n                                <img loading=\"lazy\" decoding=\"async\" width=\"800\" height=\"800\" src=\"https:\/\/liviko.eu\/wp-content\/uploads\/2020\/09\/recrafters-usp2.jpg\" class=\"c-featureBlock__image\" alt=\"\" srcset=\"https:\/\/liviko.eu\/wp-content\/uploads\/2020\/09\/recrafters-usp2.jpg 800w, https:\/\/liviko.eu\/wp-content\/uploads\/2020\/09\/recrafters-usp2-480x480.jpg 480w, https:\/\/liviko.eu\/wp-content\/uploads\/2020\/09\/recrafters-usp2-768x768.jpg 768w\" sizes=\"(max-width: 800px) 100vw, 800px\" \/>                                <\/div>\n                               \n\n                            <div class=\"c-featureBlocks__item-body\">\n                                    <h3 class=\"c-featureBlocks__item-title\"><\/h3>\n                                    <div class=\"t-text\">\n                                        <p><strong>Gamyba nulin\u0117mis s\u0105naudomis<\/strong><br \/>\n<em>Re-crafted Crafter\u2019s<\/em> g\u0117rimai yra sukurti nulini\u0173 s\u0105naud\u0173 gamybos principu. Siekiant ma\u017eiausios poveikio aplinkai, rank\u0173 darbo g\u0117rime pabr\u0117\u017eiami tik tie skoniai, kurie gamybos procese yra b\u016bdingi d\u017eino liku\u010diams.<\/p>\n                                    <\/div>\n                            <\/div>\n\n                    <\/div>    \n                        \n\n\n                            \n            <\/div>\n            \n                <div class=\"c-featureBlocks__item c-featureBlocks__item--empty\"><\/div>\n    <div class=\"c-featureBlocks__item c-featureBlocks__item--empty\"><\/div>\n    <\/div>\n<\/div>\n\n\n\n<div id=\"spacer-block_5f1f09dd6581d\" class=\"c-contentBlock c-spacerContainer\"  data-block-type=\"Spacer\">\n   <hr class=\"  c-spacer c-spacer--size-3 c-spacer--line\" >\n<\/div>\n\n\n\n<div id=\"relatedItems-block_5f1f04b30312e\" class=\" c-contentBlock c-relatedItems\" data-block-type=\"Related items\" >\n   \n            <h2 class=\"c-relatedItems__title \">PANA\u0160\u016aS GAMINIAI<\/h2>\n     \n    <div class=\"c-relatedItems__content\">\n\n\n    \n\n             \n         \n                \n\n            <a class=\"c-relatedItems__item \" href=\"https:\/\/liviko.eu\/lt\/liviko-distillery\/crafters\/\">\n                \n                \n                    <div class=\"c-relatedItems__item-imageContainer\" >\n                        <img loading=\"lazy\" decoding=\"async\" width=\"115\" height=\"320\" src=\"https:\/\/liviko.eu\/wp-content\/uploads\/2021\/10\/Crafters-London-Dry-Gin-NEW-FULL2-115x320.jpg\" class=\"c-relatedItems__item-image\" alt=\"Crafter&#039;s London Dry Gin\" srcset=\"https:\/\/liviko.eu\/wp-content\/uploads\/2021\/10\/Crafters-London-Dry-Gin-NEW-FULL2-115x320.jpg 115w, https:\/\/liviko.eu\/wp-content\/uploads\/2021\/10\/Crafters-London-Dry-Gin-NEW-FULL2-330x920.jpg 330w, https:\/\/liviko.eu\/wp-content\/uploads\/2021\/10\/Crafters-London-Dry-Gin-NEW-FULL2-490x1366.jpg 490w, https:\/\/liviko.eu\/wp-content\/uploads\/2021\/10\/Crafters-London-Dry-Gin-NEW-FULL2-768x2141.jpg 768w, https:\/\/liviko.eu\/wp-content\/uploads\/2021\/10\/Crafters-London-Dry-Gin-NEW-FULL2-551x1536.jpg 551w, https:\/\/liviko.eu\/wp-content\/uploads\/2021\/10\/Crafters-London-Dry-Gin-NEW-FULL2-735x2048.jpg 735w, https:\/\/liviko.eu\/wp-content\/uploads\/2021\/10\/Crafters-London-Dry-Gin-NEW-FULL2-scaled.jpg 918w\" sizes=\"(max-width: 115px) 100vw, 115px\" \/>                    <\/div>\n                    <div class=\"c-relatedItems__item-details\">\n                        <h3 class=\"c-relatedItems__item-title\">Crafter&#8217;s London Dry Gin<\/h3>                                            <\/div>\n                \n            <\/a>\n            \n        \n                \n\n            <a class=\"c-relatedItems__item \" href=\"https:\/\/liviko.eu\/lt\/liviko-distillery\/crafters\/\">\n                \n                \n                    <div class=\"c-relatedItems__item-imageContainer\" >\n                        <img loading=\"lazy\" decoding=\"async\" width=\"112\" height=\"320\" src=\"https:\/\/liviko.eu\/wp-content\/uploads\/2022\/02\/Crafters-Aromatic-Flower-Gin-NEW-FULL-112x320.jpg\" class=\"c-relatedItems__item-image\" alt=\"Crafter&#039;s Aromatic Flower Gin \" srcset=\"https:\/\/liviko.eu\/wp-content\/uploads\/2022\/02\/Crafters-Aromatic-Flower-Gin-NEW-FULL-112x320.jpg 112w, https:\/\/liviko.eu\/wp-content\/uploads\/2022\/02\/Crafters-Aromatic-Flower-Gin-NEW-FULL-322x920.jpg 322w, https:\/\/liviko.eu\/wp-content\/uploads\/2022\/02\/Crafters-Aromatic-Flower-Gin-NEW-FULL-478x1366.jpg 478w, https:\/\/liviko.eu\/wp-content\/uploads\/2022\/02\/Crafters-Aromatic-Flower-Gin-NEW-FULL-768x2195.jpg 768w, https:\/\/liviko.eu\/wp-content\/uploads\/2022\/02\/Crafters-Aromatic-Flower-Gin-NEW-FULL-537x1536.jpg 537w, https:\/\/liviko.eu\/wp-content\/uploads\/2022\/02\/Crafters-Aromatic-Flower-Gin-NEW-FULL-717x2048.jpg 717w, https:\/\/liviko.eu\/wp-content\/uploads\/2022\/02\/Crafters-Aromatic-Flower-Gin-NEW-FULL-scaled.jpg 896w\" sizes=\"(max-width: 112px) 100vw, 112px\" \/>                    <\/div>\n                    <div class=\"c-relatedItems__item-details\">\n                        <h3 class=\"c-relatedItems__item-title\">Crafter&#8217;s Aromatic Flower Gin <\/h3>                                            <\/div>\n                \n            <\/a>\n            \n        \n                \n\n            <a class=\"c-relatedItems__item \" href=\"https:\/\/liviko.eu\/lt\/liviko-distillery\/ginger-duke\/\">\n                \n                \n                    <div class=\"c-relatedItems__item-imageContainer\" >\n                        <img loading=\"lazy\" decoding=\"async\" width=\"87\" height=\"320\" src=\"https:\/\/liviko.eu\/wp-content\/uploads\/2020\/08\/Ginger-Duke-750-ml-WEB.png\" class=\"c-relatedItems__item-image\" alt=\"Ginger Duke \" srcset=\"https:\/\/liviko.eu\/wp-content\/uploads\/2020\/08\/Ginger-Duke-750-ml-WEB.png 271w, https:\/\/liviko.eu\/wp-content\/uploads\/2020\/08\/Ginger-Duke-750-ml-WEB-249x920.png 249w\" sizes=\"(max-width: 87px) 100vw, 87px\" \/>                    <\/div>\n                    <div class=\"c-relatedItems__item-details\">\n                        <h3 class=\"c-relatedItems__item-title\">Ginger Duke <\/h3>                                            <\/div>\n                \n            <\/a>\n            \n                <\/div>\n<\/div>\n","protected":false},"excerpt":{"rendered":"","protected":false},"author":1,"featured_media":0,"parent":772,"menu_order":14,"comment_status":"closed","ping_status":"closed","template":"page-templates\/page-product.php","meta":{"_acf_changed":false,"inline_featured_image":false,"_monsterinsights_skip_tracking":false,"_monsterinsights_sitenote_active":false,"_monsterinsights_sitenote_note":"","_monsterinsights_sitenote_category":0,"footnotes":""},"categories":[51],"class_list":["post-885","page","type-page","status-publish","hentry","category-light-alcohol-lt"],"acf":[],"yoast_head":"<!-- This site is optimized with the Yoast SEO plugin v24.0 - https:\/\/yoast.com\/wordpress\/plugins\/seo\/ -->\n<title>Re-crafted Crafter&#039;s - Liviko<\/title>\n<meta name=\"robots\" content=\"index, follow, max-snippet:-1, max-image-preview:large, max-video-preview:-1\" \/>\n<link rel=\"canonical\" href=\"https:\/\/liviko.eu\/lt\/liviko-distillery\/re-crafters-junibeer\/\" \/>\n<meta property=\"og:locale\" content=\"lt_LT\" \/>\n<meta property=\"og:type\" content=\"article\" \/>\n<meta property=\"og:title\" content=\"Re-crafted Crafter&#039;s - Liviko\" \/>\n<meta property=\"og:url\" content=\"https:\/\/liviko.eu\/lt\/liviko-distillery\/re-crafters-junibeer\/\" \/>\n<meta property=\"og:site_name\" content=\"Liviko\" \/>\n<meta property=\"article:publisher\" content=\"https:\/\/www.facebook.com\/LivikoDistillery\/\" \/>\n<meta property=\"article:modified_time\" content=\"2022-03-31T08:35:57+00:00\" \/>\n<meta name=\"twitter:card\" content=\"summary_large_image\" \/>\n<script type=\"application\/ld+json\" class=\"yoast-schema-graph\">{\"@context\":\"https:\/\/schema.org\",\"@graph\":[{\"@type\":\"WebPage\",\"@id\":\"https:\/\/liviko.eu\/lt\/liviko-distillery\/re-crafters-junibeer\/\",\"url\":\"https:\/\/liviko.eu\/lt\/liviko-distillery\/re-crafters-junibeer\/\",\"name\":\"Re-crafted Crafter's - Liviko\",\"isPartOf\":{\"@id\":\"https:\/\/liviko.eu\/lt\/#website\"},\"datePublished\":\"2020-07-06T11:56:39+00:00\",\"dateModified\":\"2022-03-31T08:35:57+00:00\",\"breadcrumb\":{\"@id\":\"https:\/\/liviko.eu\/lt\/liviko-distillery\/re-crafters-junibeer\/#breadcrumb\"},\"inLanguage\":\"lt-LT\",\"potentialAction\":[{\"@type\":\"ReadAction\",\"target\":[\"https:\/\/liviko.eu\/lt\/liviko-distillery\/re-crafters-junibeer\/\"]}]},{\"@type\":\"BreadcrumbList\",\"@id\":\"https:\/\/liviko.eu\/lt\/liviko-distillery\/re-crafters-junibeer\/#breadcrumb\",\"itemListElement\":[{\"@type\":\"ListItem\",\"position\":1,\"name\":\"Home\",\"item\":\"https:\/\/liviko.eu\/lt\/\"},{\"@type\":\"ListItem\",\"position\":2,\"name\":\"Gamyba\",\"item\":\"https:\/\/liviko.eu\/lt\/liviko-distillery\/\"},{\"@type\":\"ListItem\",\"position\":3,\"name\":\"Re-crafted Crafter&#8217;s\"}]},{\"@type\":\"WebSite\",\"@id\":\"https:\/\/liviko.eu\/lt\/#website\",\"url\":\"https:\/\/liviko.eu\/lt\/\",\"name\":\"Liviko\",\"description\":\"anno 1898\",\"publisher\":{\"@id\":\"https:\/\/liviko.eu\/lt\/#organization\"},\"potentialAction\":[{\"@type\":\"SearchAction\",\"target\":{\"@type\":\"EntryPoint\",\"urlTemplate\":\"https:\/\/liviko.eu\/lt\/?s={search_term_string}\"},\"query-input\":{\"@type\":\"PropertyValueSpecification\",\"valueRequired\":true,\"valueName\":\"search_term_string\"}}],\"inLanguage\":\"lt-LT\"},{\"@type\":\"Organization\",\"@id\":\"https:\/\/liviko.eu\/lt\/#organization\",\"name\":\"Liviko\",\"url\":\"https:\/\/liviko.eu\/lt\/\",\"logo\":{\"@type\":\"ImageObject\",\"inLanguage\":\"lt-LT\",\"@id\":\"https:\/\/liviko.eu\/lt\/#\/schema\/logo\/image\/\",\"url\":\"https:\/\/liviko.eu\/wp-content\/uploads\/2020\/10\/liviko_logo.png\",\"contentUrl\":\"https:\/\/liviko.eu\/wp-content\/uploads\/2020\/10\/liviko_logo.png\",\"width\":515,\"height\":181,\"caption\":\"Liviko\"},\"image\":{\"@id\":\"https:\/\/liviko.eu\/lt\/#\/schema\/logo\/image\/\"},\"sameAs\":[\"https:\/\/www.facebook.com\/LivikoDistillery\/\",\"https:\/\/www.instagram.com\/livikodistillery\",\"https:\/\/www.linkedin.com\/company\/liviko\/\",\"https:\/\/www.youtube.com\/channel\/UCnoHr-PaNxBHJO8nMDLVGuA\"]}]}<\/script>\n<!-- \/ Yoast SEO plugin. -->","yoast_head_json":{"title":"Re-crafted Crafter's - Liviko","robots":{"index":"index","follow":"follow","max-snippet":"max-snippet:-1","max-image-preview":"max-image-preview:large","max-video-preview":"max-video-preview:-1"},"canonical":"https:\/\/liviko.eu\/lt\/liviko-distillery\/re-crafters-junibeer\/","og_locale":"lt_LT","og_type":"article","og_title":"Re-crafted Crafter's - Liviko","og_url":"https:\/\/liviko.eu\/lt\/liviko-distillery\/re-crafters-junibeer\/","og_site_name":"Liviko","article_publisher":"https:\/\/www.facebook.com\/LivikoDistillery\/","article_modified_time":"2022-03-31T08:35:57+00:00","twitter_card":"summary_large_image","schema":{"@context":"https:\/\/schema.org","@graph":[{"@type":"WebPage","@id":"https:\/\/liviko.eu\/lt\/liviko-distillery\/re-crafters-junibeer\/","url":"https:\/\/liviko.eu\/lt\/liviko-distillery\/re-crafters-junibeer\/","name":"Re-crafted Crafter's - Liviko","isPartOf":{"@id":"https:\/\/liviko.eu\/lt\/#website"},"datePublished":"2020-07-06T11:56:39+00:00","dateModified":"2022-03-31T08:35:57+00:00","breadcrumb":{"@id":"https:\/\/liviko.eu\/lt\/liviko-distillery\/re-crafters-junibeer\/#breadcrumb"},"inLanguage":"lt-LT","potentialAction":[{"@type":"ReadAction","target":["https:\/\/liviko.eu\/lt\/liviko-distillery\/re-crafters-junibeer\/"]}]},{"@type":"BreadcrumbList","@id":"https:\/\/liviko.eu\/lt\/liviko-distillery\/re-crafters-junibeer\/#breadcrumb","itemListElement":[{"@type":"ListItem","position":1,"name":"Home","item":"https:\/\/liviko.eu\/lt\/"},{"@type":"ListItem","position":2,"name":"Gamyba","item":"https:\/\/liviko.eu\/lt\/liviko-distillery\/"},{"@type":"ListItem","position":3,"name":"Re-crafted Crafter&#8217;s"}]},{"@type":"WebSite","@id":"https:\/\/liviko.eu\/lt\/#website","url":"https:\/\/liviko.eu\/lt\/","name":"Liviko","description":"anno 1898","publisher":{"@id":"https:\/\/liviko.eu\/lt\/#organization"},"potentialAction":[{"@type":"SearchAction","target":{"@type":"EntryPoint","urlTemplate":"https:\/\/liviko.eu\/lt\/?s={search_term_string}"},"query-input":{"@type":"PropertyValueSpecification","valueRequired":true,"valueName":"search_term_string"}}],"inLanguage":"lt-LT"},{"@type":"Organization","@id":"https:\/\/liviko.eu\/lt\/#organization","name":"Liviko","url":"https:\/\/liviko.eu\/lt\/","logo":{"@type":"ImageObject","inLanguage":"lt-LT","@id":"https:\/\/liviko.eu\/lt\/#\/schema\/logo\/image\/","url":"https:\/\/liviko.eu\/wp-content\/uploads\/2020\/10\/liviko_logo.png","contentUrl":"https:\/\/liviko.eu\/wp-content\/uploads\/2020\/10\/liviko_logo.png","width":515,"height":181,"caption":"Liviko"},"image":{"@id":"https:\/\/liviko.eu\/lt\/#\/schema\/logo\/image\/"},"sameAs":["https:\/\/www.facebook.com\/LivikoDistillery\/","https:\/\/www.instagram.com\/livikodistillery","https:\/\/www.linkedin.com\/company\/liviko\/","https:\/\/www.youtube.com\/channel\/UCnoHr-PaNxBHJO8nMDLVGuA"]}]}},"_links":{"self":[{"href":"https:\/\/liviko.eu\/lt\/wp-json\/wp\/v2\/pages\/885","targetHints":{"allow":["GET"]}}],"collection":[{"href":"https:\/\/liviko.eu\/lt\/wp-json\/wp\/v2\/pages"}],"about":[{"href":"https:\/\/liviko.eu\/lt\/wp-json\/wp\/v2\/types\/page"}],"author":[{"embeddable":true,"href":"https:\/\/liviko.eu\/lt\/wp-json\/wp\/v2\/users\/1"}],"replies":[{"embeddable":true,"href":"https:\/\/liviko.eu\/lt\/wp-json\/wp\/v2\/comments?post=885"}],"version-history":[{"count":21,"href":"https:\/\/liviko.eu\/lt\/wp-json\/wp\/v2\/pages\/885\/revisions"}],"predecessor-version":[{"id":28671,"href":"https:\/\/liviko.eu\/lt\/wp-json\/wp\/v2\/pages\/885\/revisions\/28671"}],"up":[{"embeddable":true,"href":"https:\/\/liviko.eu\/lt\/wp-json\/wp\/v2\/pages\/772"}],"wp:attachment":[{"href":"https:\/\/liviko.eu\/lt\/wp-json\/wp\/v2\/media?parent=885"}],"wp:term":[{"taxonomy":"category","embeddable":true,"href":"https:\/\/liviko.eu\/lt\/wp-json\/wp\/v2\/categories?post=885"}],"curies":[{"name":"wp","href":"https:\/\/api.w.org\/{rel}","templated":true}]}}