{"id":897,"date":"2020-07-06T11:53:00","date_gmt":"2020-07-06T11:53:00","guid":{"rendered":"http:\/\/liviko.eu\/liviko-distillery\/vana-tallinn\/"},"modified":"2023-11-22T08:01:41","modified_gmt":"2023-11-22T08:01:41","slug":"vana-tallinn","status":"publish","type":"page","link":"https:\/\/liviko.eu\/lt\/liviko-distillery\/vana-tallinn\/","title":{"rendered":"Vana Tallinn"},"content":{"rendered":"<div id=\"pageHeader-block_821fd1d72b6e3fb56a629d855e61d669\" class=\" c-contentBlock c-pageHeader\" data-block-type=\"Page header\">\n                    <h1 class=\"c-pageHeader__title\">\u201eVANA TALLINN\u201c<\/h1>\n                            <div class=\"c-pageHeader__text t-text\"><p>Unikalaus skonio likeris \u201eVana Tallinn\u201c (Senasis Talinas) yra vienas \u017einomiausi\u0173 Estijos preki\u0173 \u017eenkl\u0173. Likerio \u201eVana Tallinn\u201c aksominis, bet aitrokas skonis paveld\u0117tas i\u0161 sodraus Jamaikos romo, r\u016bpestingai atrinkt\u0173 prieskonini\u0173 \u017eoleli\u0173 ir egzotini\u0173 citrusini\u0173 vaisi\u0173. Gaminant \u201eVana Tallinn\u201c taikomi tik nat\u016bral\u016bs ingredientai.<\/p>\n<\/div>\n                        <div class=\"c-pageHeader__tools\">\n        \t<a href=\"#page-897-body\" class=\"c-pageHeader__scrollButton js-scrollTo\">\n        \t\t<span class=\"visuallyhidden\">Scroll to content<\/span>\n                <span class=\"icon-down\"><\/span>\n        \t<\/a>\n        <\/div>\n        \n<\/div>\n<a id=\"page-897-body\"><\/a>\n\n<div id=\"mediaBlock-block_85f2b7c5574f9e9c6d209ae97d37c623\" class=\" c-contentBlock c-mediaBlock c-mediaBlock--align-left c-mediaBlock--valign-top c-mediaBlock--size-extra-small c-mediaBlock--imageHeight-small\" data-block-type=\"Media block\">\n   \n                \n     <div class=\"c-mediaBlock__media\" style=\"\"\">\n        <img fetchpriority=\"high\" decoding=\"async\" width=\"235\" height=\"920\" src=\"https:\/\/liviko.eu\/wp-content\/uploads\/2020\/10\/vanatallinn.jpg\" class=\"c-mediaBlock__image\" alt=\"LIKERIS \u201eVANA TALLINN\u201c\" \/>    <\/div>\n     <div class=\"c-mediaBlock__body\">\n                    <h2 class=\"c-mediaBlock__title\">LIKERIS \u201eVANA TALLINN\u201c<\/h2>\n                <div class=\"c-mediaBlock__content\">\n            <div class=\"t-text\">\n            <p>\u201eVana Tallinn\u201c \u2013 tai kultinis Estijos gaminys, kur\u012f \u201eLiviko\u201c gamina be pertraukos jau nuo 1960 met\u0173. Vieno populiariausi\u0173 pasaulyje Estijos likerio originalus receptas saugomas taip pat uoliai, kaip valstyb\u0117s paslaptis.<br \/>\n\u201eVana Tallinn 45% \u201c recept\u0105 1960-aisias suk\u016br\u0117 cecho ved\u0117jas Bernhardas Jurno, gamyklos meistras Jaanas Siimo ir likeri\u0173 meistr\u0117 Ilse Maar. 1990 m. 45 % gaminys buvo pakeistas 40 % gaminiu eksportui. 1999 m. \u201eVana Tallinn\u201c i\u0161gyvena atnaujinim\u0105, butelis daromas lieknesnis, o stogo \u010derp\u0117s motyvas vir\u0161utin\u0117je dalyje \u2013 gilesnis. 45% gr\u012f\u017eo \u012f \u0161eim\u0105, o 50% buvo prid\u0117ta.<\/p>\n<p>Klasikinio \u201eVana Tallinn\u201c bok\u0161to pavidalo butelio form\u0105 \u012fkv\u0117p\u0117 Talino senamies\u010dio m\u016brai, jis vaizduoja \u012f UNESCO Pasaulio paveldo s\u0105ra\u0161\u0105 \u012ftraukt\u0105 viduram\u017ei\u0173 miesto sienos bok\u0161t\u0105.<\/p>\n<p>\u201eVana Tallinn\u201c skonio ton\u0105 sudaro gaivalingas Jamaikos romas, egzotiniai apelsinai bei citrinos ir be galo kruop\u0161\u010diai atrinkti kvapieji prieskoniai. Tik i\u0161 nat\u016brali\u0173 ingredient\u0173 gaminamas likeris \u201eVana Tallinn\u201c i\u0161siskiria savo aksominiu egzoti\u0161ku skoniu. A\u0161trokame likerio skonyje ir maloniame aromate galima jausti vanil\u0117s ank\u0161t\u012f, citrusinius vaisius, karamel\u0119, iris\u0105 ir \u0161ildan\u010dius prieskonius. Maginan\u010diai aitraus skonio ir egzotinio aromato g\u0117rimui teikia cinamono \u017eievel\u0117. Gaminant liker\u012f esminis intensyvus darbo procesas atliekamas rankomis. G\u0117rimui pagaminti reikia ma\u017edaug m\u0117nesio.<\/p>\n<p>Likeris \u201eVana Tallinn\u201c yra 40 proc., 45 proc. ir 50 proc. alkoholio t\u016brio. \u201eVana Tallinn\u201c gamini\u0173 \u0161eim\u0105 taip pat sudaro \u201eVana Tallinn Cream\u201c grietin\u0117l\u0117s likeriai, \u201eVana Tallinn Gl\u00f6gi\u201c, likeriai: \u201eVana Tallinn Wild Spices\u201c, \u201eVana Tallinn Coffee Fusion\u201c, \u201eVana Tallinn Heritage Edition\u201c, \u201eVana Tallinn Elegance\u201c ir \u201eVana Tallinn Signature\u201c. Neseniai \u201eVana Tallinn\u201c produkt\u0173 \u0161eima pasipild\u0117 naujausiu produktu \u201eVana Tallinn Toffee Caramel\u201c. Naujausias produktas \u2013 \u201eVana Tallinn Coffee Espresso.\u201c<\/p>\n<p>\u201eVana Tallinn\u201c geriausia patiekti \u017eemoje taur\u0117je su ledu ir pora citrinos grie\u017ein\u0117li\u0173. Likeris \u201eVana Tallinn\u201c yra m\u0117gstamas ir pla\u010diai vartojamas kaip kokteili\u0173 ir konditerijos meno komponentas.<\/p>\n<p><a href=\"http:\/\/www.vanatallinn.eu\/\">vanatallinn.eu<\/a><\/p>\n<p><strong>Apdovanojimai:<\/strong><\/p>\n<ul>\n<li><em>Geriausias Estijos g\u0117rimas 2023<\/em> \u2013 likeri\u0173 kategorijos bendras laim\u0117jimas \u2013 Vana Tallinn Coffee Espresso<\/li>\n<li><em>The Liqueur Masters 2023<\/em> \u2013 sidabrinis medalis, Vana Tallinn Coffee Espresso<\/li>\n<li id=\"tw-target-text\" class=\"tw-data-text tw-text-large tw-ta\" dir=\"ltr\" data-placeholder=\"T\u00f5lge\"><span class=\"Y2IQFc\" lang=\"lt\"><em>Geriausias Estijos g\u0117rimas 2022 m<\/em>. \u2013 geriausio likerio ir nalivkos sidabro medalis, Vana Tallinn Toffee Caramel<\/span><\/li>\n<li><em>The Liqueur Masters 2022<\/em> \u2013 sidabrinis medalis, Vana Tallinn 40<\/li>\n<li><em>The Liqueur Masters 2022<\/em> \u2013aukso medalis, Vana Tallinn Toffee Caramel<\/li>\n<li><em>Eesti parim alkohoolne jook<\/em> (Geriausias Estijos alkoholinis g\u0117rimas) 2022- Vana Tallinn Toffee Caramel<\/li>\n<li><em>The Spirits International Prestige<\/em> 2010 \u2013 I-oji vieta<\/li>\n<li><em>The International Wine and Spirit Competition<\/em> <em>(IWSC)<\/em> 2010 \u2013 I-oji vieta<\/li>\n<li><em>Eesti parim alkohoolne jook<\/em> (Geriausias Estijos alkoholinis g\u0117rimas) 2011 \u2013 \u201eVana Tallinn Heritage<em>\u201c<\/em><\/li>\n<li><em>Eesti parim alkohoolne jook<\/em> (Geriausias Estijos alkoholinis g\u0117rimas) 2013 \u2013 \u201eVana Tallinn Winter Spice\u201c<\/li>\n<li><em>Eesti parim alkohoolne jook<\/em> (Geriausias Estijos alkoholinis g\u0117rimas) 2014 \u2013 \u201eVana Tallinn Signature<em>\u201c<\/em><\/li>\n<li><em>The International Wine and Spirit Competition<\/em> 2014 \u2013 II-oji vieta, \u201eVana Tallinn Signature<em>\u201c<\/em><\/li>\n<li><em>The Spirits International Prestige<\/em> 2015 \u2013 I-oji vieta<\/li>\n<li><em>The International Wine and Spirit Competition (IWSC)<\/em> 2015 \u2013 sidabro medalis, \u201eVana Tallinn\u201c <em>40<\/em>% vol.<\/li>\n<li><em>The Spirits International Prestige<\/em> 2017 \u2013 I-oji vieta, \u201eVana Tallinn\u201c <em>40<\/em>% vol.<\/li>\n<li><em>The International Wine and Spirit Competition<\/em> <em>(IWSC)<\/em> 2017 \u2013 II-oji vieta, \u201eVana Tallinn\u201c <em>40<\/em>%<\/li>\n<li><em>Comsumers Choise Award SIP<\/em> \u2013 2017 \u201eVana Tallinn\u201c <em>40<\/em>% vol.<\/li>\n<li><em>The International Wine and Spirit Competition<\/em> <em>(IWSC)<\/em> 2017 \u2013 I-oji vieta, \u201eVana Tallinn Elegance\u201c<\/li>\n<\/ul>\n            <\/div>\n                            \n        <\/div>\n    <\/div>\n<\/div>\n\n\n<div id=\"featureBlocks-block_e8b9dfe00522403b92e81cd58c645105\" class=\" c-contentBlock c-featureBlocks c-featureBlocks--type-expanded c-featureBlocks--grid-columns\" data-block-type=\"Feature blocks: expanded\">\n   <div class=\"c-featureBlocksGroup\">\n\n\n                          <div class=\"c-featureBlocks__item\">\n                \n                \n                    <div class=\"c-featureBlocks__item-block\"    >\n\n                                                                                            <div class=\"c-featureBlock__imageContainer\">\n                                <img decoding=\"async\" width=\"800\" height=\"800\" src=\"https:\/\/liviko.eu\/wp-content\/uploads\/2020\/09\/usp1.jpg\" class=\"c-featureBlock__image\" alt=\"\" srcset=\"https:\/\/liviko.eu\/wp-content\/uploads\/2020\/09\/usp1.jpg 800w, https:\/\/liviko.eu\/wp-content\/uploads\/2020\/09\/usp1-480x480.jpg 480w, https:\/\/liviko.eu\/wp-content\/uploads\/2020\/09\/usp1-768x768.jpg 768w\" sizes=\"(max-width: 800px) 100vw, 800px\" \/>                                <\/div>\n                               \n\n                            <div class=\"c-featureBlocks__item-body\">\n                                    <h3 class=\"c-featureBlocks__item-title\"><\/h3>\n                                    <div class=\"t-text\">\n                                        <p><strong>Unikalus receptas<br \/>\n<\/strong>Legendinio likerio \u201eVana Tallinn\u201c receptas puikiai pasiteisino nuo pat pirmo karto ir laikui b\u0117gant niekuomet nesikeit\u0117. I\u0161skirtiniame likerio skonyje galima jausti sodr\u0173 gaivaling\u0105 Jamaikos rom\u0105, egzoti\u0161kus apelsinus bei citrinas ir \u012fvairius prieskonius i\u0161 viso pasaulio. Tik \u201eLiviko\u201c likerio gamybos meistrams \u017einomame recepte i\u0161 viso yra daugiau nei de\u0161imt ingredient\u0173.<\/p>\n                                    <\/div>\n                            <\/div>\n\n                    <\/div>    \n                        \n\n\n                            \n            <\/div>\n            \n                    <div class=\"c-featureBlocks__item\">\n                \n                \n                    <div class=\"c-featureBlocks__item-block\"    >\n\n                                                                                            <div class=\"c-featureBlock__imageContainer\">\n                                <img decoding=\"async\" width=\"800\" height=\"800\" src=\"https:\/\/liviko.eu\/wp-content\/uploads\/2020\/09\/Vanilje.jpg\" class=\"c-featureBlock__image\" alt=\"\" srcset=\"https:\/\/liviko.eu\/wp-content\/uploads\/2020\/09\/Vanilje.jpg 800w, https:\/\/liviko.eu\/wp-content\/uploads\/2020\/09\/Vanilje-480x480.jpg 480w, https:\/\/liviko.eu\/wp-content\/uploads\/2020\/09\/Vanilje-768x768.jpg 768w\" sizes=\"(max-width: 800px) 100vw, 800px\" \/>                                <\/div>\n                               \n\n                            <div class=\"c-featureBlocks__item-body\">\n                                    <h3 class=\"c-featureBlocks__item-title\"><\/h3>\n                                    <div class=\"t-text\">\n                                        <p><strong>Vertinga \u017ealiava<br \/>\n<\/strong>Savo g\u0117rim\u0173 gamybai<strong> \u201e<\/strong>Liviko\u201c naudoja nat\u016bralias vanil\u0117s ank\u0161tis, kurios yra vienos i\u0161 vertingiausi\u0173 pasaulio \u017ealiav\u0173. Vanil\u0117s ank\u0161tys \u012f \u201eLiviko\u201c atkeliauja i\u0161 Madagaskaro salos. \u201eLiviko\u201c darbuotojai did\u017eiuojasi nat\u016braliais ir tikrais skoniais, \u017einodami, kad pasaulyje i\u0161 nat\u016brali\u0173 vanil\u0117s ank\u0161\u010di\u0173 pagaminta ma\u017eiau kaip 1 proc. vanil\u0117s skonio produkt\u0173.<\/p>\n                                    <\/div>\n                            <\/div>\n\n                    <\/div>    \n                        \n\n\n                            \n            <\/div>\n            \n                    <div class=\"c-featureBlocks__item\">\n                \n                \n                    <div class=\"c-featureBlocks__item-block\"    >\n\n                                                                                            <div class=\"c-featureBlock__imageContainer\">\n                                <img loading=\"lazy\" decoding=\"async\" width=\"800\" height=\"800\" src=\"https:\/\/liviko.eu\/wp-content\/uploads\/2020\/09\/usp3.jpg\" class=\"c-featureBlock__image\" alt=\"\" srcset=\"https:\/\/liviko.eu\/wp-content\/uploads\/2020\/09\/usp3.jpg 800w, https:\/\/liviko.eu\/wp-content\/uploads\/2020\/09\/usp3-480x480.jpg 480w, https:\/\/liviko.eu\/wp-content\/uploads\/2020\/09\/usp3-768x768.jpg 768w\" sizes=\"(max-width: 800px) 100vw, 800px\" \/>                                <\/div>\n                               \n\n                            <div class=\"c-featureBlocks__item-body\">\n                                    <h3 class=\"c-featureBlocks__item-title\"><\/h3>\n                                    <div class=\"t-text\">\n                                        <p><strong>115 milijon\u0173 buteli\u0173<\/strong><br \/>\nNuo likerio \u201eVana Tallinn\u201c gamybos prad\u017eios 1960-aisiais, \u0161io g\u0117rimo buvo parduota 115 milijon\u0173 buteli\u0173. \u201eVana Tallinn\u201c \u2013 tai vienas \u017einomiausi\u0173 ir m\u0117gstamiausi\u0173 Estijos prek\u0117s \u017eenkl\u0173. \u201eLiviko\u201c eksportuoja liker\u012f \u201eVana Tallinn\u201c \u012f daugiau nei 40 pasaulio valstybi\u0173.<\/p>\n                                    <\/div>\n                            <\/div>\n\n                    <\/div>    \n                        \n\n\n                            \n            <\/div>\n            \n                <div class=\"c-featureBlocks__item c-featureBlocks__item--empty\"><\/div>\n    <div class=\"c-featureBlocks__item c-featureBlocks__item--empty\"><\/div>\n    <\/div>\n<\/div>\n\n\n\n<div id=\"spacer-block_a3f6c7cdca55ed87e8b347b3934bbfb9\" class=\"c-contentBlock c-spacerContainer\"  data-block-type=\"Spacer\">\n   <hr class=\"  c-spacer c-spacer--size-3 c-spacer--line\" >\n<\/div>\n\n\n\n<div id=\"relatedItems-block_31760b92cffb2886af3e9a5a494e525f\" class=\" c-contentBlock c-relatedItems\" data-block-type=\"Related items\" >\n   \n            <h2 class=\"c-relatedItems__title \">PANA\u0160\u016aS GAMINIAI<\/h2>\n     \n    <div class=\"c-relatedItems__content\">\n\n\n    \n\n             \n         \n                \n\n            <a class=\"c-relatedItems__item \" href=\"https:\/\/liviko.eu\/lt\/liviko-distillery\/vana-tallinn-cream\/\">\n                \n                \n                    <div class=\"c-relatedItems__item-imageContainer\" >\n                        <img loading=\"lazy\" decoding=\"async\" width=\"116\" height=\"320\" src=\"https:\/\/liviko.eu\/wp-content\/uploads\/2020\/08\/VT-Cream_Original-1.png\" class=\"c-relatedItems__item-image\" alt=\"Vana Tallinn Cream\" srcset=\"https:\/\/liviko.eu\/wp-content\/uploads\/2020\/08\/VT-Cream_Original-1.png 727w, https:\/\/liviko.eu\/wp-content\/uploads\/2020\/08\/VT-Cream_Original-1-334x920.png 334w, https:\/\/liviko.eu\/wp-content\/uploads\/2020\/08\/VT-Cream_Original-1-497x1366.png 497w, https:\/\/liviko.eu\/wp-content\/uploads\/2020\/08\/VT-Cream_Original-1-558x1536.png 558w\" sizes=\"(max-width: 116px) 100vw, 116px\" \/>                    <\/div>\n                    <div class=\"c-relatedItems__item-details\">\n                        <h3 class=\"c-relatedItems__item-title\">Vana Tallinn Cream<\/h3>                                            <\/div>\n                \n            <\/a>\n            \n        \n                \n\n            <a class=\"c-relatedItems__item \" href=\"https:\/\/liviko.eu\/lt\/liviko-distillery\/glogg\/\">\n                \n                \n                    <div class=\"c-relatedItems__item-imageContainer\" >\n                        <img loading=\"lazy\" decoding=\"async\" width=\"88\" height=\"320\" src=\"https:\/\/liviko.eu\/wp-content\/uploads\/2020\/08\/Vana-Tallinn-Gl\u00f6gi-FULL.png\" class=\"c-relatedItems__item-image\" alt=\"Vana Tallinn Gl\u00f6gi\" \/>                    <\/div>\n                    <div class=\"c-relatedItems__item-details\">\n                        <h3 class=\"c-relatedItems__item-title\">Vana Tallinn Gl\u00f6gi<\/h3>                                            <\/div>\n                \n            <\/a>\n            \n                <\/div>\n<\/div>\n\n\n\n<p><\/p>\n","protected":false},"excerpt":{"rendered":"","protected":false},"author":1,"featured_media":0,"parent":772,"menu_order":19,"comment_status":"closed","ping_status":"closed","template":"page-templates\/page-product.php","meta":{"_acf_changed":false,"inline_featured_image":false,"_monsterinsights_skip_tracking":false,"_monsterinsights_sitenote_active":false,"_monsterinsights_sitenote_note":"","_monsterinsights_sitenote_category":0,"footnotes":""},"categories":[60],"class_list":["post-897","page","type-page","status-publish","hentry","category-liquer-lt"],"acf":[],"yoast_head":"<!-- This site is optimized with the Yoast SEO plugin v24.0 - https:\/\/yoast.com\/wordpress\/plugins\/seo\/ -->\n<title>Vana Tallinn - Liviko<\/title>\n<meta name=\"robots\" content=\"index, follow, max-snippet:-1, max-image-preview:large, max-video-preview:-1\" \/>\n<link rel=\"canonical\" href=\"https:\/\/liviko.eu\/lt\/liviko-distillery\/vana-tallinn\/\" \/>\n<meta property=\"og:locale\" content=\"lt_LT\" \/>\n<meta property=\"og:type\" content=\"article\" \/>\n<meta property=\"og:title\" content=\"Vana Tallinn - Liviko\" \/>\n<meta property=\"og:url\" content=\"https:\/\/liviko.eu\/lt\/liviko-distillery\/vana-tallinn\/\" \/>\n<meta property=\"og:site_name\" content=\"Liviko\" \/>\n<meta property=\"article:publisher\" content=\"https:\/\/www.facebook.com\/LivikoDistillery\/\" \/>\n<meta property=\"article:modified_time\" content=\"2023-11-22T08:01:41+00:00\" \/>\n<meta name=\"twitter:card\" content=\"summary_large_image\" \/>\n<script type=\"application\/ld+json\" class=\"yoast-schema-graph\">{\"@context\":\"https:\/\/schema.org\",\"@graph\":[{\"@type\":\"WebPage\",\"@id\":\"https:\/\/liviko.eu\/lt\/liviko-distillery\/vana-tallinn\/\",\"url\":\"https:\/\/liviko.eu\/lt\/liviko-distillery\/vana-tallinn\/\",\"name\":\"Vana Tallinn - Liviko\",\"isPartOf\":{\"@id\":\"https:\/\/liviko.eu\/lt\/#website\"},\"datePublished\":\"2020-07-06T11:53:00+00:00\",\"dateModified\":\"2023-11-22T08:01:41+00:00\",\"breadcrumb\":{\"@id\":\"https:\/\/liviko.eu\/lt\/liviko-distillery\/vana-tallinn\/#breadcrumb\"},\"inLanguage\":\"lt-LT\",\"potentialAction\":[{\"@type\":\"ReadAction\",\"target\":[\"https:\/\/liviko.eu\/lt\/liviko-distillery\/vana-tallinn\/\"]}]},{\"@type\":\"BreadcrumbList\",\"@id\":\"https:\/\/liviko.eu\/lt\/liviko-distillery\/vana-tallinn\/#breadcrumb\",\"itemListElement\":[{\"@type\":\"ListItem\",\"position\":1,\"name\":\"Home\",\"item\":\"https:\/\/liviko.eu\/lt\/\"},{\"@type\":\"ListItem\",\"position\":2,\"name\":\"Gamyba\",\"item\":\"https:\/\/liviko.eu\/lt\/liviko-distillery\/\"},{\"@type\":\"ListItem\",\"position\":3,\"name\":\"Vana Tallinn\"}]},{\"@type\":\"WebSite\",\"@id\":\"https:\/\/liviko.eu\/lt\/#website\",\"url\":\"https:\/\/liviko.eu\/lt\/\",\"name\":\"Liviko\",\"description\":\"anno 1898\",\"publisher\":{\"@id\":\"https:\/\/liviko.eu\/lt\/#organization\"},\"potentialAction\":[{\"@type\":\"SearchAction\",\"target\":{\"@type\":\"EntryPoint\",\"urlTemplate\":\"https:\/\/liviko.eu\/lt\/?s={search_term_string}\"},\"query-input\":{\"@type\":\"PropertyValueSpecification\",\"valueRequired\":true,\"valueName\":\"search_term_string\"}}],\"inLanguage\":\"lt-LT\"},{\"@type\":\"Organization\",\"@id\":\"https:\/\/liviko.eu\/lt\/#organization\",\"name\":\"Liviko\",\"url\":\"https:\/\/liviko.eu\/lt\/\",\"logo\":{\"@type\":\"ImageObject\",\"inLanguage\":\"lt-LT\",\"@id\":\"https:\/\/liviko.eu\/lt\/#\/schema\/logo\/image\/\",\"url\":\"https:\/\/liviko.eu\/wp-content\/uploads\/2020\/10\/liviko_logo.png\",\"contentUrl\":\"https:\/\/liviko.eu\/wp-content\/uploads\/2020\/10\/liviko_logo.png\",\"width\":515,\"height\":181,\"caption\":\"Liviko\"},\"image\":{\"@id\":\"https:\/\/liviko.eu\/lt\/#\/schema\/logo\/image\/\"},\"sameAs\":[\"https:\/\/www.facebook.com\/LivikoDistillery\/\",\"https:\/\/www.instagram.com\/livikodistillery\",\"https:\/\/www.linkedin.com\/company\/liviko\/\",\"https:\/\/www.youtube.com\/channel\/UCnoHr-PaNxBHJO8nMDLVGuA\"]}]}<\/script>\n<!-- \/ Yoast SEO plugin. -->","yoast_head_json":{"title":"Vana Tallinn - Liviko","robots":{"index":"index","follow":"follow","max-snippet":"max-snippet:-1","max-image-preview":"max-image-preview:large","max-video-preview":"max-video-preview:-1"},"canonical":"https:\/\/liviko.eu\/lt\/liviko-distillery\/vana-tallinn\/","og_locale":"lt_LT","og_type":"article","og_title":"Vana Tallinn - Liviko","og_url":"https:\/\/liviko.eu\/lt\/liviko-distillery\/vana-tallinn\/","og_site_name":"Liviko","article_publisher":"https:\/\/www.facebook.com\/LivikoDistillery\/","article_modified_time":"2023-11-22T08:01:41+00:00","twitter_card":"summary_large_image","schema":{"@context":"https:\/\/schema.org","@graph":[{"@type":"WebPage","@id":"https:\/\/liviko.eu\/lt\/liviko-distillery\/vana-tallinn\/","url":"https:\/\/liviko.eu\/lt\/liviko-distillery\/vana-tallinn\/","name":"Vana Tallinn - Liviko","isPartOf":{"@id":"https:\/\/liviko.eu\/lt\/#website"},"datePublished":"2020-07-06T11:53:00+00:00","dateModified":"2023-11-22T08:01:41+00:00","breadcrumb":{"@id":"https:\/\/liviko.eu\/lt\/liviko-distillery\/vana-tallinn\/#breadcrumb"},"inLanguage":"lt-LT","potentialAction":[{"@type":"ReadAction","target":["https:\/\/liviko.eu\/lt\/liviko-distillery\/vana-tallinn\/"]}]},{"@type":"BreadcrumbList","@id":"https:\/\/liviko.eu\/lt\/liviko-distillery\/vana-tallinn\/#breadcrumb","itemListElement":[{"@type":"ListItem","position":1,"name":"Home","item":"https:\/\/liviko.eu\/lt\/"},{"@type":"ListItem","position":2,"name":"Gamyba","item":"https:\/\/liviko.eu\/lt\/liviko-distillery\/"},{"@type":"ListItem","position":3,"name":"Vana Tallinn"}]},{"@type":"WebSite","@id":"https:\/\/liviko.eu\/lt\/#website","url":"https:\/\/liviko.eu\/lt\/","name":"Liviko","description":"anno 1898","publisher":{"@id":"https:\/\/liviko.eu\/lt\/#organization"},"potentialAction":[{"@type":"SearchAction","target":{"@type":"EntryPoint","urlTemplate":"https:\/\/liviko.eu\/lt\/?s={search_term_string}"},"query-input":{"@type":"PropertyValueSpecification","valueRequired":true,"valueName":"search_term_string"}}],"inLanguage":"lt-LT"},{"@type":"Organization","@id":"https:\/\/liviko.eu\/lt\/#organization","name":"Liviko","url":"https:\/\/liviko.eu\/lt\/","logo":{"@type":"ImageObject","inLanguage":"lt-LT","@id":"https:\/\/liviko.eu\/lt\/#\/schema\/logo\/image\/","url":"https:\/\/liviko.eu\/wp-content\/uploads\/2020\/10\/liviko_logo.png","contentUrl":"https:\/\/liviko.eu\/wp-content\/uploads\/2020\/10\/liviko_logo.png","width":515,"height":181,"caption":"Liviko"},"image":{"@id":"https:\/\/liviko.eu\/lt\/#\/schema\/logo\/image\/"},"sameAs":["https:\/\/www.facebook.com\/LivikoDistillery\/","https:\/\/www.instagram.com\/livikodistillery","https:\/\/www.linkedin.com\/company\/liviko\/","https:\/\/www.youtube.com\/channel\/UCnoHr-PaNxBHJO8nMDLVGuA"]}]}},"_links":{"self":[{"href":"https:\/\/liviko.eu\/lt\/wp-json\/wp\/v2\/pages\/897","targetHints":{"allow":["GET"]}}],"collection":[{"href":"https:\/\/liviko.eu\/lt\/wp-json\/wp\/v2\/pages"}],"about":[{"href":"https:\/\/liviko.eu\/lt\/wp-json\/wp\/v2\/types\/page"}],"author":[{"embeddable":true,"href":"https:\/\/liviko.eu\/lt\/wp-json\/wp\/v2\/users\/1"}],"replies":[{"embeddable":true,"href":"https:\/\/liviko.eu\/lt\/wp-json\/wp\/v2\/comments?post=897"}],"version-history":[{"count":45,"href":"https:\/\/liviko.eu\/lt\/wp-json\/wp\/v2\/pages\/897\/revisions"}],"predecessor-version":[{"id":50928,"href":"https:\/\/liviko.eu\/lt\/wp-json\/wp\/v2\/pages\/897\/revisions\/50928"}],"up":[{"embeddable":true,"href":"https:\/\/liviko.eu\/lt\/wp-json\/wp\/v2\/pages\/772"}],"wp:attachment":[{"href":"https:\/\/liviko.eu\/lt\/wp-json\/wp\/v2\/media?parent=897"}],"wp:term":[{"taxonomy":"category","embeddable":true,"href":"https:\/\/liviko.eu\/lt\/wp-json\/wp\/v2\/categories?post=897"}],"curies":[{"name":"wp","href":"https:\/\/api.w.org\/{rel}","templated":true}]}}