{"id":901,"date":"2020-07-06T11:53:25","date_gmt":"2020-07-06T11:53:25","guid":{"rendered":"http:\/\/liviko.eu\/liviko-distillery\/vana-tallinn-cream\/"},"modified":"2023-11-22T08:05:40","modified_gmt":"2023-11-22T08:05:40","slug":"vana-tallinn-cream","status":"publish","type":"page","link":"https:\/\/liviko.eu\/lt\/liviko-distillery\/vana-tallinn-cream\/","title":{"rendered":"Vana Tallinn Cream"},"content":{"rendered":"<div id=\"pageHeader-block_01cf6bea185969eee88d0d1b6f522ba4\" class=\" c-contentBlock c-pageHeader\" data-block-type=\"Page header\">\n                    <h1 class=\"c-pageHeader__title\">\u201eVANA TALLINN CREAM\u201c<\/h1>\n                            <div class=\"c-pageHeader__text t-text\"><p>Prabangiam it \u0161ilkas grietin\u0117l\u0117s likeriui \u201eVana Tallinn Cream\u201c yra b\u016bdinga \u0161ilkin\u0117s grietin\u0117l\u0117s, Jamaikos romo, egzotini\u0173 citrusini\u0173 vaisi\u0173 ir kvapi\u0173j\u0173 augal\u0173 gurmani\u0161ka derm\u0117. Klasikiniai \u201eVana Tallinn\u201c skoniai likeryje \u201eCream\u201c \u012fgavo \u0161velni\u0105 grietin\u0117l\u0117s likeriui b\u016bding\u0105 tekst\u016br\u0105.<\/p>\n<\/div>\n                \n<\/div>\n<a id=\"page-901-body\"><\/a>\n\n<div id=\"mediaBlock-block_ac833237c544addf404927f9f9330e8e\" class=\" c-contentBlock c-mediaBlock c-mediaBlock--align-left c-mediaBlock--valign-center c-mediaBlock--size-extra-small c-mediaBlock--imageHeight-small\" data-block-type=\"Media block\">\n   \n                \n     <div class=\"c-mediaBlock__media\" style=\"\"\">\n        <img fetchpriority=\"high\" decoding=\"async\" width=\"497\" height=\"1366\" src=\"https:\/\/liviko.eu\/wp-content\/uploads\/2020\/08\/VT-Cream_Original-497x1366.png\" class=\"c-mediaBlock__image\" alt=\"\u201eVANA TALLINN CREAM\u201c\" srcset=\"https:\/\/liviko.eu\/wp-content\/uploads\/2020\/08\/VT-Cream_Original-497x1366.png 497w, https:\/\/liviko.eu\/wp-content\/uploads\/2020\/08\/VT-Cream_Original.png 727w\" sizes=\"(max-width: 497px) 100vw, 497px\" \/>    <\/div>\n     <div class=\"c-mediaBlock__body\">\n                    <h2 class=\"c-mediaBlock__title\">\u201eVANA TALLINN CREAM\u201c<\/h2>\n                <div class=\"c-mediaBlock__content\">\n            <div class=\"t-text\">\n            <p>Grietin\u0117l\u0117s likeriui \u201eVana Tallinn Cream\u201c b\u016bdinga legendinio \u201eVana Tallinn\u201c skoni\u0173 palet\u0117 \u2013 sodrus Jamaikos romas, \u0161ildantys citrusiniai vaisiai ir r\u016bpestingai parinktos \u017eolel\u0117s. Likerio \u201eVana Tallinn Cream\u201c gard\u016bs skoniai \u012fgavo grietin\u0117l\u0117s likeriui b\u016bding\u0105 \u0161ilkin\u0119 tekst\u016br\u0105.<\/p>\n<p>Klasikiniame \u201eVana Tallinn Cream\u201c grietin\u0117l\u0117s likeryje i\u0161laikomas lengvas balansas tarp \u0161vie\u017eios grietin\u0117l\u0117s ir tradicini\u0173 \u201eVana Tallinn\u201c skoni\u0173.<\/p>\n<p>\u201eVana Tallinn Cream\u201c asortiment\u0105 sudaro \u0161okoladinis \u201eVana Tallinn Chocolate Cream\u201c, vanilini\u0173 led\u0173 skonio \u201eVana Tallinn Ice Cream\u201c, kupinas gyvyb\u0117s ir aitrokas \u201eVana Tallinn Marzipan Cream\u201c , tryk\u0161tantis tropik\u0173 skoniu vegani\u0161kas likeris \u201eVana Tallinn Coconut\u201c ir \u201eVana Tallinn Tiramisu Cream\u201c su aromatingu ir viliojan\u010diu tiramisu skoniu.<\/p>\n<p>\u201eVana Tallinn Cream\u201c grietin\u0117l\u0117s likerius geriausia patiekti su gausiu ledu. Grietin\u0117l\u0117s likeriai \u201eVana Tallinn Cream\u201c tinka gaminti kokteiliams, prie kavos ir \u012fvairiems desertams pagardinti.<\/p>\n<p><a href=\"http:\/\/www.vanatallinn.eu\/\">vanatallinn.eu<\/a><\/p>\n<p><strong>Apdovanojimai:<\/strong><\/p>\n<ul>\n<li>Geriausias Estijos g\u0117rimas 2023 \u2013 bronzos medalis, Vana Tallinn Tiramisu Cream<\/li>\n<li>The Liqueur Masters 2023-\u00a0 aukso medalyje, Vana Tallinn Tiramisu Cream<\/li>\n<li>The Liqueur Masters 2022- vegan\u0173 kategorija, aukso medalyje, Vana Tallinn Coconut<\/li>\n<li>Eesti parim alkohoolne jook 2017(Geriausias Estijos alkoholinis g\u0117rimas) &#8211; Vana Tallinn Yoghurt Cream<\/li>\n<li>Eesti parim alkohoolne jook 2007 (Geriausias Estijos alkoholinis g\u0117rimas) &#8211; Vana Tallinn Chocolate Cream<\/li>\n<li>Eesti parim alkohoolne jook 2001(Geriausias Estijos alkoholinis g\u0117rimas) &#8211; Vana Tallinn Cream<\/li>\n<li>Eesti parim alkohoolne jook 2000 (Geriausias Estijos alkoholinis g\u0117rimas) &#8211; Vana Tallinn Cream<\/li>\n<\/ul>\n            <\/div>\n                            \n        <\/div>\n    <\/div>\n<\/div>\n\n\n<div id=\"featureBlocks-block_02523e766fb2693aceee4711c1115cad\" class=\" c-contentBlock c-featureBlocks c-featureBlocks--type-expanded c-featureBlocks--grid-columns\" data-block-type=\"Feature blocks: expanded\">\n   <div class=\"c-featureBlocksGroup\">\n\n\n                          <div class=\"c-featureBlocks__item\">\n                \n                \n                    <div class=\"c-featureBlocks__item-block\"    >\n\n                                                                                            <div class=\"c-featureBlock__imageContainer\">\n                                <img decoding=\"async\" width=\"800\" height=\"800\" src=\"https:\/\/liviko.eu\/wp-content\/uploads\/2020\/09\/coconut_usp.jpg\" class=\"c-featureBlock__image\" alt=\"\" srcset=\"https:\/\/liviko.eu\/wp-content\/uploads\/2020\/09\/coconut_usp.jpg 800w, https:\/\/liviko.eu\/wp-content\/uploads\/2020\/09\/coconut_usp-480x480.jpg 480w, https:\/\/liviko.eu\/wp-content\/uploads\/2020\/09\/coconut_usp-768x768.jpg 768w\" sizes=\"(max-width: 800px) 100vw, 800px\" \/>                                <\/div>\n                               \n\n                            <div class=\"c-featureBlocks__item-body\">\n                                    <h3 class=\"c-featureBlocks__item-title\"><\/h3>\n                                    <div class=\"t-text\">\n                                        <p><strong>Vegani\u0161kas kokos\u0173 likeris<br \/>\n<\/strong>Vegani\u0161kas likeris \u201eVana Tallinn Coconut\u201c pasi\u017eymi b\u016bdinga grietin\u0117l\u0117s likeriams kremine, \u0161ilkine tekst\u016bra. Tropinio likerio skonyje vyrauja kokoso ir ananaso harmoninga derm\u0117. Taip pat galima jausti klasikinio \u201eVana Tallinn\u201c skonio niuansus, tiek prieskoningo romo, tiek vanil\u0117s ir citrus\u0173.<\/p>\n                                    <\/div>\n                            <\/div>\n\n                    <\/div>    \n                        \n\n\n                            \n            <\/div>\n            \n                    <div class=\"c-featureBlocks__item\">\n                \n                \n                    <div class=\"c-featureBlocks__item-block\"    >\n\n                                                                                            <div class=\"c-featureBlock__imageContainer\">\n                                <img decoding=\"async\" width=\"800\" height=\"800\" src=\"https:\/\/liviko.eu\/wp-content\/uploads\/2020\/09\/icecream_usp.jpg\" class=\"c-featureBlock__image\" alt=\"\" srcset=\"https:\/\/liviko.eu\/wp-content\/uploads\/2020\/09\/icecream_usp.jpg 800w, https:\/\/liviko.eu\/wp-content\/uploads\/2020\/09\/icecream_usp-480x480.jpg 480w, https:\/\/liviko.eu\/wp-content\/uploads\/2020\/09\/icecream_usp-768x768.jpg 768w\" sizes=\"(max-width: 800px) 100vw, 800px\" \/>                                <\/div>\n                               \n\n                            <div class=\"c-featureBlocks__item-body\">\n                                    <h3 class=\"c-featureBlocks__item-title\"><\/h3>\n                                    <div class=\"t-text\">\n                                        <p><strong>Legendiniai skoniai<br \/>\n<\/strong>Grietin\u0117l\u0117s likeriui \u201eVana Tallinn Cream\u201c b\u016bdinga legendinio \u201eVana Tallinn\u201c skoni\u0173 palet\u0117 \u2013 sodrus Jamaikos romas, \u0161ildantys citrusiniai vaisiai ir r\u016bpestingai parinktos \u017eolel\u0117s. Likerio \u201eVana Tallinn Cream\u201c gard\u016bs skoniai \u012fgavo b\u016bding\u0105 grietin\u0117l\u0117s likeriui \u0161ilkin\u0119 tekst\u016br\u0105.<\/p>\n                                    <\/div>\n                            <\/div>\n\n                    <\/div>    \n                        \n\n\n                            \n            <\/div>\n            \n                    <div class=\"c-featureBlocks__item\">\n                \n                \n                    <div class=\"c-featureBlocks__item-block\"    >\n\n                                                                                            <div class=\"c-featureBlock__imageContainer\">\n                                <img loading=\"lazy\" decoding=\"async\" width=\"800\" height=\"800\" src=\"https:\/\/liviko.eu\/wp-content\/uploads\/2020\/09\/original_usp.jpg\" class=\"c-featureBlock__image\" alt=\"\" srcset=\"https:\/\/liviko.eu\/wp-content\/uploads\/2020\/09\/original_usp.jpg 800w, https:\/\/liviko.eu\/wp-content\/uploads\/2020\/09\/original_usp-480x480.jpg 480w, https:\/\/liviko.eu\/wp-content\/uploads\/2020\/09\/original_usp-768x768.jpg 768w\" sizes=\"(max-width: 800px) 100vw, 800px\" \/>                                <\/div>\n                               \n\n                            <div class=\"c-featureBlocks__item-body\">\n                                    <h3 class=\"c-featureBlocks__item-title\"><\/h3>\n                                    <div class=\"t-text\">\n                                        <p><strong>Butelio dizainas<br \/>\n<\/strong>Klasikinio \u201eVana Tallinn\u201c bok\u0161to pavidalo butelio form\u0105 \u012fkv\u0117p\u0117 Talino senamies\u010dio m\u016brai, jis vaizduoja \u012f UNESCO Pasaulio paveldo s\u0105ra\u0161\u0105 \u012ftraukt\u0105 viduram\u017ei\u0173 miesto sienos bok\u0161t\u0105. Pagerbiant legendinio \u201eVana Tallinn\u201c dizain\u0105 ir g\u0117rimo suk\u016brimo viet\u0105, grietin\u0117l\u0117s likerio \u201eVana Tallinn Cream\u201c butelis taip pat atspindi Talino kaip bok\u0161t\u0173 miesto istorin\u0119 architekt\u016br\u0105.<\/p>\n                                    <\/div>\n                            <\/div>\n\n                    <\/div>    \n                        \n\n\n                            \n            <\/div>\n            \n                <div class=\"c-featureBlocks__item c-featureBlocks__item--empty\"><\/div>\n    <div class=\"c-featureBlocks__item c-featureBlocks__item--empty\"><\/div>\n    <\/div>\n<\/div>\n\n\n\n<div id=\"spacer-block_8c8a45f9a8a1b185afe5cb32b82aad0f\" class=\"c-contentBlock c-spacerContainer\"  data-block-type=\"Spacer\">\n   <hr class=\"  c-spacer c-spacer--size-3 c-spacer--line\" >\n<\/div>\n\n\n\n<div id=\"relatedItems-block_a88e3f89ac833f26d1f48739db60dd94\" class=\" c-contentBlock c-relatedItems\" data-block-type=\"Related items\" >\n   \n            <h2 class=\"c-relatedItems__title \">PANA\u0160\u016aS GAMINIAI<\/h2>\n     \n    <div class=\"c-relatedItems__content\">\n\n\n    \n\n             \n         \n                \n\n            <a class=\"c-relatedItems__item \" href=\"https:\/\/liviko.eu\/lt\/liviko-distillery\/vana-tallinn\/\">\n                \n                \n                    <div class=\"c-relatedItems__item-imageContainer\" >\n                        <img loading=\"lazy\" decoding=\"async\" width=\"82\" height=\"320\" src=\"https:\/\/liviko.eu\/wp-content\/uploads\/2020\/10\/vanatallinn.jpg\" class=\"c-relatedItems__item-image\" alt=\"Vana Tallinn \" \/>                    <\/div>\n                    <div class=\"c-relatedItems__item-details\">\n                        <h3 class=\"c-relatedItems__item-title\">Vana Tallinn <\/h3>                                            <\/div>\n                \n            <\/a>\n            \n        \n                \n\n            <a class=\"c-relatedItems__item \" href=\"https:\/\/liviko.eu\/lt\/liviko-distillery\/glogg\/\">\n                \n                \n                    <div class=\"c-relatedItems__item-imageContainer\" >\n                        <img loading=\"lazy\" decoding=\"async\" width=\"80\" height=\"320\" src=\"https:\/\/liviko.eu\/wp-content\/uploads\/2023\/10\/Vana-Tallinn-Glogi-WEB-80x320.jpg\" class=\"c-relatedItems__item-image\" alt=\"Vana Tallinn Glogg\" srcset=\"https:\/\/liviko.eu\/wp-content\/uploads\/2023\/10\/Vana-Tallinn-Glogi-WEB-80x320.jpg 80w, https:\/\/liviko.eu\/wp-content\/uploads\/2023\/10\/Vana-Tallinn-Glogi-WEB-231x920.jpg 231w, https:\/\/liviko.eu\/wp-content\/uploads\/2023\/10\/Vana-Tallinn-Glogi-WEB-343x1366.jpg 343w\" sizes=\"(max-width: 80px) 100vw, 80px\" \/>                    <\/div>\n                    <div class=\"c-relatedItems__item-details\">\n                        <h3 class=\"c-relatedItems__item-title\">Vana Tallinn Glogg<\/h3>                                            <\/div>\n                \n            <\/a>\n            \n                <\/div>\n<\/div>\n","protected":false},"excerpt":{"rendered":"","protected":false},"author":1,"featured_media":0,"parent":772,"menu_order":20,"comment_status":"closed","ping_status":"closed","template":"page-templates\/page-product.php","meta":{"_acf_changed":false,"inline_featured_image":false,"_monsterinsights_skip_tracking":false,"_monsterinsights_sitenote_active":false,"_monsterinsights_sitenote_note":"","_monsterinsights_sitenote_category":0,"footnotes":""},"categories":[60],"class_list":["post-901","page","type-page","status-publish","hentry","category-liquer-lt"],"acf":[],"yoast_head":"<!-- This site is optimized with the Yoast SEO plugin v24.0 - https:\/\/yoast.com\/wordpress\/plugins\/seo\/ -->\n<title>Vana Tallinn Cream - Liviko<\/title>\n<meta name=\"robots\" content=\"index, follow, max-snippet:-1, max-image-preview:large, max-video-preview:-1\" \/>\n<link rel=\"canonical\" href=\"https:\/\/liviko.eu\/lt\/liviko-distillery\/vana-tallinn-cream\/\" \/>\n<meta property=\"og:locale\" content=\"lt_LT\" \/>\n<meta property=\"og:type\" content=\"article\" \/>\n<meta property=\"og:title\" content=\"Vana Tallinn Cream - Liviko\" \/>\n<meta property=\"og:url\" content=\"https:\/\/liviko.eu\/lt\/liviko-distillery\/vana-tallinn-cream\/\" \/>\n<meta property=\"og:site_name\" content=\"Liviko\" \/>\n<meta property=\"article:publisher\" content=\"https:\/\/www.facebook.com\/LivikoDistillery\/\" \/>\n<meta property=\"article:modified_time\" content=\"2023-11-22T08:05:40+00:00\" \/>\n<meta name=\"twitter:card\" content=\"summary_large_image\" \/>\n<script type=\"application\/ld+json\" class=\"yoast-schema-graph\">{\"@context\":\"https:\/\/schema.org\",\"@graph\":[{\"@type\":\"WebPage\",\"@id\":\"https:\/\/liviko.eu\/lt\/liviko-distillery\/vana-tallinn-cream\/\",\"url\":\"https:\/\/liviko.eu\/lt\/liviko-distillery\/vana-tallinn-cream\/\",\"name\":\"Vana Tallinn Cream - Liviko\",\"isPartOf\":{\"@id\":\"https:\/\/liviko.eu\/lt\/#website\"},\"datePublished\":\"2020-07-06T11:53:25+00:00\",\"dateModified\":\"2023-11-22T08:05:40+00:00\",\"breadcrumb\":{\"@id\":\"https:\/\/liviko.eu\/lt\/liviko-distillery\/vana-tallinn-cream\/#breadcrumb\"},\"inLanguage\":\"lt-LT\",\"potentialAction\":[{\"@type\":\"ReadAction\",\"target\":[\"https:\/\/liviko.eu\/lt\/liviko-distillery\/vana-tallinn-cream\/\"]}]},{\"@type\":\"BreadcrumbList\",\"@id\":\"https:\/\/liviko.eu\/lt\/liviko-distillery\/vana-tallinn-cream\/#breadcrumb\",\"itemListElement\":[{\"@type\":\"ListItem\",\"position\":1,\"name\":\"Home\",\"item\":\"https:\/\/liviko.eu\/lt\/\"},{\"@type\":\"ListItem\",\"position\":2,\"name\":\"Gamyba\",\"item\":\"https:\/\/liviko.eu\/lt\/liviko-distillery\/\"},{\"@type\":\"ListItem\",\"position\":3,\"name\":\"Vana Tallinn Cream\"}]},{\"@type\":\"WebSite\",\"@id\":\"https:\/\/liviko.eu\/lt\/#website\",\"url\":\"https:\/\/liviko.eu\/lt\/\",\"name\":\"Liviko\",\"description\":\"anno 1898\",\"publisher\":{\"@id\":\"https:\/\/liviko.eu\/lt\/#organization\"},\"potentialAction\":[{\"@type\":\"SearchAction\",\"target\":{\"@type\":\"EntryPoint\",\"urlTemplate\":\"https:\/\/liviko.eu\/lt\/?s={search_term_string}\"},\"query-input\":{\"@type\":\"PropertyValueSpecification\",\"valueRequired\":true,\"valueName\":\"search_term_string\"}}],\"inLanguage\":\"lt-LT\"},{\"@type\":\"Organization\",\"@id\":\"https:\/\/liviko.eu\/lt\/#organization\",\"name\":\"Liviko\",\"url\":\"https:\/\/liviko.eu\/lt\/\",\"logo\":{\"@type\":\"ImageObject\",\"inLanguage\":\"lt-LT\",\"@id\":\"https:\/\/liviko.eu\/lt\/#\/schema\/logo\/image\/\",\"url\":\"https:\/\/liviko.eu\/wp-content\/uploads\/2020\/10\/liviko_logo.png\",\"contentUrl\":\"https:\/\/liviko.eu\/wp-content\/uploads\/2020\/10\/liviko_logo.png\",\"width\":515,\"height\":181,\"caption\":\"Liviko\"},\"image\":{\"@id\":\"https:\/\/liviko.eu\/lt\/#\/schema\/logo\/image\/\"},\"sameAs\":[\"https:\/\/www.facebook.com\/LivikoDistillery\/\",\"https:\/\/www.instagram.com\/livikodistillery\",\"https:\/\/www.linkedin.com\/company\/liviko\/\",\"https:\/\/www.youtube.com\/channel\/UCnoHr-PaNxBHJO8nMDLVGuA\"]}]}<\/script>\n<!-- \/ Yoast SEO plugin. -->","yoast_head_json":{"title":"Vana Tallinn Cream - Liviko","robots":{"index":"index","follow":"follow","max-snippet":"max-snippet:-1","max-image-preview":"max-image-preview:large","max-video-preview":"max-video-preview:-1"},"canonical":"https:\/\/liviko.eu\/lt\/liviko-distillery\/vana-tallinn-cream\/","og_locale":"lt_LT","og_type":"article","og_title":"Vana Tallinn Cream - Liviko","og_url":"https:\/\/liviko.eu\/lt\/liviko-distillery\/vana-tallinn-cream\/","og_site_name":"Liviko","article_publisher":"https:\/\/www.facebook.com\/LivikoDistillery\/","article_modified_time":"2023-11-22T08:05:40+00:00","twitter_card":"summary_large_image","schema":{"@context":"https:\/\/schema.org","@graph":[{"@type":"WebPage","@id":"https:\/\/liviko.eu\/lt\/liviko-distillery\/vana-tallinn-cream\/","url":"https:\/\/liviko.eu\/lt\/liviko-distillery\/vana-tallinn-cream\/","name":"Vana Tallinn Cream - Liviko","isPartOf":{"@id":"https:\/\/liviko.eu\/lt\/#website"},"datePublished":"2020-07-06T11:53:25+00:00","dateModified":"2023-11-22T08:05:40+00:00","breadcrumb":{"@id":"https:\/\/liviko.eu\/lt\/liviko-distillery\/vana-tallinn-cream\/#breadcrumb"},"inLanguage":"lt-LT","potentialAction":[{"@type":"ReadAction","target":["https:\/\/liviko.eu\/lt\/liviko-distillery\/vana-tallinn-cream\/"]}]},{"@type":"BreadcrumbList","@id":"https:\/\/liviko.eu\/lt\/liviko-distillery\/vana-tallinn-cream\/#breadcrumb","itemListElement":[{"@type":"ListItem","position":1,"name":"Home","item":"https:\/\/liviko.eu\/lt\/"},{"@type":"ListItem","position":2,"name":"Gamyba","item":"https:\/\/liviko.eu\/lt\/liviko-distillery\/"},{"@type":"ListItem","position":3,"name":"Vana Tallinn Cream"}]},{"@type":"WebSite","@id":"https:\/\/liviko.eu\/lt\/#website","url":"https:\/\/liviko.eu\/lt\/","name":"Liviko","description":"anno 1898","publisher":{"@id":"https:\/\/liviko.eu\/lt\/#organization"},"potentialAction":[{"@type":"SearchAction","target":{"@type":"EntryPoint","urlTemplate":"https:\/\/liviko.eu\/lt\/?s={search_term_string}"},"query-input":{"@type":"PropertyValueSpecification","valueRequired":true,"valueName":"search_term_string"}}],"inLanguage":"lt-LT"},{"@type":"Organization","@id":"https:\/\/liviko.eu\/lt\/#organization","name":"Liviko","url":"https:\/\/liviko.eu\/lt\/","logo":{"@type":"ImageObject","inLanguage":"lt-LT","@id":"https:\/\/liviko.eu\/lt\/#\/schema\/logo\/image\/","url":"https:\/\/liviko.eu\/wp-content\/uploads\/2020\/10\/liviko_logo.png","contentUrl":"https:\/\/liviko.eu\/wp-content\/uploads\/2020\/10\/liviko_logo.png","width":515,"height":181,"caption":"Liviko"},"image":{"@id":"https:\/\/liviko.eu\/lt\/#\/schema\/logo\/image\/"},"sameAs":["https:\/\/www.facebook.com\/LivikoDistillery\/","https:\/\/www.instagram.com\/livikodistillery","https:\/\/www.linkedin.com\/company\/liviko\/","https:\/\/www.youtube.com\/channel\/UCnoHr-PaNxBHJO8nMDLVGuA"]}]}},"_links":{"self":[{"href":"https:\/\/liviko.eu\/lt\/wp-json\/wp\/v2\/pages\/901","targetHints":{"allow":["GET"]}}],"collection":[{"href":"https:\/\/liviko.eu\/lt\/wp-json\/wp\/v2\/pages"}],"about":[{"href":"https:\/\/liviko.eu\/lt\/wp-json\/wp\/v2\/types\/page"}],"author":[{"embeddable":true,"href":"https:\/\/liviko.eu\/lt\/wp-json\/wp\/v2\/users\/1"}],"replies":[{"embeddable":true,"href":"https:\/\/liviko.eu\/lt\/wp-json\/wp\/v2\/comments?post=901"}],"version-history":[{"count":26,"href":"https:\/\/liviko.eu\/lt\/wp-json\/wp\/v2\/pages\/901\/revisions"}],"predecessor-version":[{"id":50930,"href":"https:\/\/liviko.eu\/lt\/wp-json\/wp\/v2\/pages\/901\/revisions\/50930"}],"up":[{"embeddable":true,"href":"https:\/\/liviko.eu\/lt\/wp-json\/wp\/v2\/pages\/772"}],"wp:attachment":[{"href":"https:\/\/liviko.eu\/lt\/wp-json\/wp\/v2\/media?parent=901"}],"wp:term":[{"taxonomy":"category","embeddable":true,"href":"https:\/\/liviko.eu\/lt\/wp-json\/wp\/v2\/categories?post=901"}],"curies":[{"name":"wp","href":"https:\/\/api.w.org\/{rel}","templated":true}]}}