{"id":909,"date":"2020-07-06T11:52:35","date_gmt":"2020-07-06T11:52:35","guid":{"rendered":"http:\/\/liviko.eu\/liviko-distillery\/viru-valge\/"},"modified":"2026-02-17T10:55:47","modified_gmt":"2026-02-17T10:55:47","slug":"viru-valge","status":"publish","type":"page","link":"https:\/\/liviko.eu\/lt\/liviko-distillery\/viru-valge\/","title":{"rendered":"Viru Valge"},"content":{"rendered":"<div id=\"pageHeader-block_63c740b9259714b4932e95c138bbee24\" class=\" c-contentBlock c-pageHeader\" data-block-type=\"Page header\">\n                    <h1 class=\"c-pageHeader__title\">\u201eVIRU VALGE\u201c<\/h1>\n                            <div class=\"c-pageHeader__text t-text\"><p>\u201eViru Valge\u201c yra seniausia ir populiariausia Estijos degtin\u0117, pasi\u017eyminti pus\u0117s am\u017eiaus tradicijomis ir savo istorija. \u0160velnaus bei gryno skonio \u201eViru Valge\u201c gaminama i\u0161 gr\u016bd\u0173 ir ypatingai apdoroto vandens.<\/p>\n<\/div>\n                \n<\/div>\n<a id=\"page-909-body\"><\/a>\n\n<div id=\"mediaBlock-block_15e4db42d01e3fedf74b02a54d47b452\" class=\" c-contentBlock c-mediaBlock c-mediaBlock--align-left c-mediaBlock--valign-center c-mediaBlock--size-extra-small c-mediaBlock--imageHeight-small\" data-block-type=\"Media block\">\n   \n                \n     <div class=\"c-mediaBlock__media\" style=\"\"\">\n        <img fetchpriority=\"high\" decoding=\"async\" width=\"362\" height=\"1366\" src=\"https:\/\/liviko.eu\/wp-content\/uploads\/2020\/10\/VV-bottle_frontview-362x1366.png\" class=\"c-mediaBlock__image\" alt=\"VIRU VALGE VODKA\" srcset=\"https:\/\/liviko.eu\/wp-content\/uploads\/2020\/10\/VV-bottle_frontview-362x1366.png 362w, https:\/\/liviko.eu\/wp-content\/uploads\/2020\/10\/VV-bottle_frontview-407x1536.png 407w\" sizes=\"(max-width: 362px) 100vw, 362px\" \/>    <\/div>\n     <div class=\"c-mediaBlock__body\">\n                    <h2 class=\"c-mediaBlock__title\">VIRU VALGE VODKA<\/h2>\n                <div class=\"c-mediaBlock__content\">\n            <div class=\"t-text\">\n            <p>\u201eViru Valge\u201c gaminama i\u0161 akmenuotuose \u0160iaur\u0117s laukuose u\u017eder\u0117jusi\u0173 gr\u016bd\u0173 ir kristalinio, tyro giluminio vandens. Nat\u016bral\u0173 skon\u012f ir auk\u0161t\u0105 kokyb\u0119 degtinei \u201eViru Valge\u201c suteikia i\u0161 ekologi\u0161k\u0173 gr\u016bd\u0173 distiliuotas spiritas ir ypatingai apdorotas vanduo.<\/p>\n<p>\u201eViru Valge\u201c yra gaminama i\u0161 gryn\u0173 gr\u016bd\u0173 pagal \u201eLiviko\u201c meistr\u0173 sukurt\u0105 recept\u0105 nuo 1962 met\u0173. Visais laikais \u201eViru Valge\u201c simbolis buvo vilkintis Mulgimos gyventojo durtin\u012f ry\u017etingas D\u016bdorius, simboli\u0161kai nukreiptu \u012f Vakarus \u017evilgsniu.<\/p>\n<p><strong>Gamini\u0173 serij\u0105 sudaro:<\/strong><\/p>\n<ul>\n<li>\u201eViru Valge Cranberry\u201c<\/li>\n<li>\u201eViru Valge Watermelon\u201c<\/li>\n<li>\u201eViru Valge Cherry\u201c<\/li>\n<li>\u201eViru Valge Green Apple\u201c<\/li>\n<li>\u201eViru Valge Plum\u201c<\/li>\n<\/ul>\n<p><u><a href=\"https:\/\/viruvalge.ee\/\">viruvalge.ee<\/a><\/u><\/p>\n<p><strong>Apdovanojimai:\u00a0<\/strong><\/p>\n<ul>\n<li>Geriausias Estijos g\u0117rimas 2023 m. \u2013 sidabro medalis \u2013 \u201eViru Valge Vodka Festive Edition\u201c<\/li>\n<li><em>Parim Alkohoolne Jook<\/em> (Geriausias Estijos alkoholinis g\u0117rimas) 2022 &#8211; geriausios degtin\u0117s kategorijoje, sidabro medalis &#8211; Viru Valge Juubeliviin<\/li>\n<li><em>The SIP Awards<\/em> 2016 \u2013 sidabro medalis ir <em>Consumer\u2019s Choice Award<\/em><\/li>\n<li><em>The SIP Awards<\/em> 2015 \u2013 aukso medalis<\/li>\n<li><em>International Wine and Spirits Competition<\/em> 2014 \u2013 aukso medalis<\/li>\n<li><em>The International Wine and Spirit Competition<\/em> 2013 \u2013 sidabro medalis<\/li>\n<li><em>The International Wine and Spirit Competition<\/em> 2010 \u2013 sidabro medalis<\/li>\n<li><em>Parim Alkohoolne Jook<\/em> (Geriausias Estijos alkoholinis g\u0117rimas) 2010<\/li>\n<li><em>Tunnustatud Maitse<\/em> (Pripa\u017eintas Skonis) 2009<\/li>\n<li><em>Tunnustatud Eesti Maitse<\/em> (Pripa\u017eintas Estijos skonis) 2000<\/li>\n<\/ul>\n            <\/div>\n                            \n        <\/div>\n    <\/div>\n<\/div>\n\n\n<div id=\"featureBlocks-block_d7e85cbf0fdbecf1ecea915626058f9e\" class=\" c-contentBlock c-featureBlocks c-featureBlocks--type-expanded c-featureBlocks--grid-columns\" data-block-type=\"Feature blocks: expanded\">\n   <div class=\"c-featureBlocksGroup\">\n\n\n                          <div class=\"c-featureBlocks__item\">\n                \n                \n                    <div class=\"c-featureBlocks__item-block\"    >\n\n                                                                                            <div class=\"c-featureBlock__imageContainer\">\n                                <img decoding=\"async\" width=\"800\" height=\"800\" src=\"https:\/\/liviko.eu\/wp-content\/uploads\/2020\/09\/viljapold.jpg\" class=\"c-featureBlock__image\" alt=\"\" srcset=\"https:\/\/liviko.eu\/wp-content\/uploads\/2020\/09\/viljapold.jpg 800w, https:\/\/liviko.eu\/wp-content\/uploads\/2020\/09\/viljapold-480x480.jpg 480w, https:\/\/liviko.eu\/wp-content\/uploads\/2020\/09\/viljapold-768x768.jpg 768w\" sizes=\"(max-width: 800px) 100vw, 800px\" \/>                                <\/div>\n                               \n\n                            <div class=\"c-featureBlocks__item-body\">\n                                    <h3 class=\"c-featureBlocks__item-title\"><\/h3>\n                                    <div class=\"t-text\">\n                                        <p><strong>\u0160var\u016bs gr\u016bdai<br \/>\n<\/strong>\u201eViru Valge\u201c gaminama pagal \u201eLiviko\u201c meistr\u0173 sukurt\u0105 recept\u0105 i\u0161 gryn\u0173 gr\u016bd\u0173 spirito ir ypatingai apdoroto tyro giluminio vandens.<\/p>\n                                    <\/div>\n                            <\/div>\n\n                    <\/div>    \n                        \n\n\n                            \n            <\/div>\n            \n                    <div class=\"c-featureBlocks__item\">\n                \n                \n                    <div class=\"c-featureBlocks__item-block\"    >\n\n                                                                                            <div class=\"c-featureBlock__imageContainer\">\n                                <img decoding=\"async\" width=\"800\" height=\"800\" src=\"https:\/\/liviko.eu\/wp-content\/uploads\/2020\/09\/etiketi-disain.jpg\" class=\"c-featureBlock__image\" alt=\"\" srcset=\"https:\/\/liviko.eu\/wp-content\/uploads\/2020\/09\/etiketi-disain.jpg 800w, https:\/\/liviko.eu\/wp-content\/uploads\/2020\/09\/etiketi-disain-480x480.jpg 480w, https:\/\/liviko.eu\/wp-content\/uploads\/2020\/09\/etiketi-disain-768x768.jpg 768w\" sizes=\"(max-width: 800px) 100vw, 800px\" \/>                                <\/div>\n                               \n\n                            <div class=\"c-featureBlocks__item-body\">\n                                    <h3 class=\"c-featureBlocks__item-title\"><\/h3>\n                                    <div class=\"t-text\">\n                                        <p><strong>\u201eD\u016bdorius\u201c<br \/>\n<\/strong>\u201eD\u016bdorius\u201c yra neatskiriamas degtin\u0117s \u201eViru Valge\u201c simbolis nuo pat \u0161ios kokybi\u0161kos degtin\u0117s suk\u016brimo 1962 metais. \u0160iaur\u0117s \u0161ali\u0173 tautosakoje minima senovin\u0117 tradicija, kai pu\u010diant d\u016bd\u0105 sukvie\u010diami \u017emon\u0117s.<\/p>\n                                    <\/div>\n                            <\/div>\n\n                    <\/div>    \n                        \n\n\n                            \n            <\/div>\n            \n                    <div class=\"c-featureBlocks__item\">\n                \n                \n                    <div class=\"c-featureBlocks__item-block\"    >\n\n                                                                                            <div class=\"c-featureBlock__imageContainer\">\n                                <img loading=\"lazy\" decoding=\"async\" width=\"800\" height=\"800\" src=\"https:\/\/liviko.eu\/wp-content\/uploads\/2020\/09\/usp.jpg\" class=\"c-featureBlock__image\" alt=\"\" srcset=\"https:\/\/liviko.eu\/wp-content\/uploads\/2020\/09\/usp.jpg 800w, https:\/\/liviko.eu\/wp-content\/uploads\/2020\/09\/usp-480x480.jpg 480w, https:\/\/liviko.eu\/wp-content\/uploads\/2020\/09\/usp-768x768.jpg 768w\" sizes=\"(max-width: 800px) 100vw, 800px\" \/>                                <\/div>\n                               \n\n                            <div class=\"c-featureBlocks__item-body\">\n                                    <h3 class=\"c-featureBlocks__item-title\"><\/h3>\n                                    <div class=\"t-text\">\n                                        <p><strong>Gamybos t\u0119stinumas<\/strong><br \/>\n\u201eViru Valge\u201c buteliai gaminami Jervakand\u017eio stiklo fabrike, esan\u010diame nuo \u201eLiviko\u201c tik per 85 kilometrus. Gamybai surenkami apyvartoje panaudoti stikliniai buteliai \u2013 daugiau kaip pus\u0117 \u201eViru Valge\u201c stiklini\u0173 buteli\u0173 yra antrin\u0117s \u017ealiavos.<\/p>\n<p>&nbsp;<\/p>\n                                    <\/div>\n                            <\/div>\n\n                    <\/div>    \n                        \n\n\n                            \n            <\/div>\n            \n                <div class=\"c-featureBlocks__item c-featureBlocks__item--empty\"><\/div>\n    <div class=\"c-featureBlocks__item c-featureBlocks__item--empty\"><\/div>\n    <\/div>\n<\/div>\n\n\n\n<div id=\"spacer-block_c5b5994a55b668481f438decf349ec64\" class=\"c-contentBlock c-spacerContainer\"  data-block-type=\"Spacer\">\n   <hr class=\"  c-spacer c-spacer--size-3 c-spacer--line\" >\n<\/div>\n\n\n\n<div id=\"relatedItems-block_b0fcbe20243aba9ea895880aff123db8\" class=\" c-contentBlock c-relatedItems\" data-block-type=\"Related items\" >\n   \n            <h2 class=\"c-relatedItems__title \">PANA\u0160\u016aS GAMINIAI<\/h2>\n     \n    <div class=\"c-relatedItems__content\">\n\n\n    \n\n             \n         \n                \n\n            <a class=\"c-relatedItems__item \" href=\"https:\/\/liviko.eu\/lt\/liviko-distillery\/hobe\/\">\n                \n                \n                    <div class=\"c-relatedItems__item-imageContainer\" >\n                        <img loading=\"lazy\" decoding=\"async\" width=\"125\" height=\"320\" src=\"https:\/\/liviko.eu\/wp-content\/uploads\/2023\/10\/Hobe-Silver-Filtered-Pure-Vodka-WEB-125x320.jpg\" class=\"c-relatedItems__item-image\" alt=\"H\u00f5be \" srcset=\"https:\/\/liviko.eu\/wp-content\/uploads\/2023\/10\/Hobe-Silver-Filtered-Pure-Vodka-WEB-125x320.jpg 125w, https:\/\/liviko.eu\/wp-content\/uploads\/2023\/10\/Hobe-Silver-Filtered-Pure-Vodka-WEB-361x920.jpg 361w, https:\/\/liviko.eu\/wp-content\/uploads\/2023\/10\/Hobe-Silver-Filtered-Pure-Vodka-WEB-535x1366.jpg 535w, https:\/\/liviko.eu\/wp-content\/uploads\/2023\/10\/Hobe-Silver-Filtered-Pure-Vodka-WEB-236x603.jpg 236w, https:\/\/liviko.eu\/wp-content\/uploads\/2023\/10\/Hobe-Silver-Filtered-Pure-Vodka-WEB.jpg 588w\" sizes=\"(max-width: 125px) 100vw, 125px\" \/>                    <\/div>\n                    <div class=\"c-relatedItems__item-details\">\n                        <h3 class=\"c-relatedItems__item-title\">H\u00f5be <\/h3>                                            <\/div>\n                \n            <\/a>\n            \n        \n                \n\n            <a class=\"c-relatedItems__item \" href=\"https:\/\/liviko.eu\/lt\/liviko-distillery\/bellingshausen\/\">\n                \n                \n                    <div class=\"c-relatedItems__item-imageContainer\" >\n                        <img loading=\"lazy\" decoding=\"async\" width=\"208\" height=\"320\" src=\"https:\/\/liviko.eu\/wp-content\/uploads\/2020\/08\/Liviko_Bellinghousen-08_straight-whiteOnWhite-scaled.jpg\" class=\"c-relatedItems__item-image\" alt=\"Bellingshausen pudel\" srcset=\"https:\/\/liviko.eu\/wp-content\/uploads\/2020\/08\/Liviko_Bellinghousen-08_straight-whiteOnWhite-scaled.jpg 1664w, https:\/\/liviko.eu\/wp-content\/uploads\/2020\/08\/Liviko_Bellinghousen-08_straight-whiteOnWhite-598x920.jpg 598w, https:\/\/liviko.eu\/wp-content\/uploads\/2020\/08\/Liviko_Bellinghousen-08_straight-whiteOnWhite-888x1366.jpg 888w, https:\/\/liviko.eu\/wp-content\/uploads\/2020\/08\/Liviko_Bellinghousen-08_straight-whiteOnWhite-768x1182.jpg 768w, https:\/\/liviko.eu\/wp-content\/uploads\/2020\/08\/Liviko_Bellinghousen-08_straight-whiteOnWhite-998x1536.jpg 998w, https:\/\/liviko.eu\/wp-content\/uploads\/2020\/08\/Liviko_Bellinghousen-08_straight-whiteOnWhite-1331x2048.jpg 1331w\" sizes=\"(max-width: 208px) 100vw, 208px\" \/>                    <\/div>\n                    <div class=\"c-relatedItems__item-details\">\n                        <h3 class=\"c-relatedItems__item-title\">Bellingshausen<\/h3>                                            <\/div>\n                \n            <\/a>\n            \n        \n                \n\n            <a class=\"c-relatedItems__item \" href=\"https:\/\/liviko.eu\/lt\/liviko-distillery\/nevskaja\/\">\n                \n                \n                    <div class=\"c-relatedItems__item-imageContainer\" >\n                        <img loading=\"lazy\" decoding=\"async\" width=\"87\" height=\"320\" src=\"https:\/\/liviko.eu\/wp-content\/uploads\/2020\/08\/4740050010333-scaled.jpg\" class=\"c-relatedItems__item-image\" alt=\"Nevskaya\" srcset=\"https:\/\/liviko.eu\/wp-content\/uploads\/2020\/08\/4740050010333-scaled.jpg 699w, https:\/\/liviko.eu\/wp-content\/uploads\/2020\/08\/4740050010333-251x920.jpg 251w, https:\/\/liviko.eu\/wp-content\/uploads\/2020\/08\/4740050010333-373x1366.jpg 373w, https:\/\/liviko.eu\/wp-content\/uploads\/2020\/08\/4740050010333-768x2815.jpg 768w, https:\/\/liviko.eu\/wp-content\/uploads\/2020\/08\/4740050010333-419x1536.jpg 419w, https:\/\/liviko.eu\/wp-content\/uploads\/2020\/08\/4740050010333-559x2048.jpg 559w\" sizes=\"(max-width: 87px) 100vw, 87px\" \/>                    <\/div>\n                    <div class=\"c-relatedItems__item-details\">\n                        <h3 class=\"c-relatedItems__item-title\">Nevskaya<\/h3>                                            <\/div>\n                \n            <\/a>\n            \n                <\/div>\n<\/div>\n","protected":false},"excerpt":{"rendered":"","protected":false},"author":1,"featured_media":0,"parent":772,"menu_order":22,"comment_status":"closed","ping_status":"closed","template":"page-templates\/page-product.php","meta":{"_acf_changed":false,"inline_featured_image":false,"_monsterinsights_skip_tracking":false,"_monsterinsights_sitenote_active":false,"_monsterinsights_sitenote_note":"","_monsterinsights_sitenote_category":0,"footnotes":""},"categories":[45],"class_list":["post-909","page","type-page","status-publish","hentry","category-vodka-lt"],"acf":[],"yoast_head":"<!-- This site is optimized with the Yoast SEO plugin v24.0 - https:\/\/yoast.com\/wordpress\/plugins\/seo\/ -->\n<title>Viru Valge - Liviko<\/title>\n<meta name=\"robots\" content=\"index, follow, max-snippet:-1, max-image-preview:large, max-video-preview:-1\" \/>\n<link rel=\"canonical\" href=\"https:\/\/liviko.eu\/lt\/liviko-distillery\/viru-valge\/\" \/>\n<meta property=\"og:locale\" content=\"lt_LT\" \/>\n<meta property=\"og:type\" content=\"article\" \/>\n<meta property=\"og:title\" content=\"Viru Valge - Liviko\" \/>\n<meta property=\"og:url\" content=\"https:\/\/liviko.eu\/lt\/liviko-distillery\/viru-valge\/\" \/>\n<meta property=\"og:site_name\" content=\"Liviko\" \/>\n<meta property=\"article:publisher\" content=\"https:\/\/www.facebook.com\/LivikoDistillery\/\" \/>\n<meta property=\"article:modified_time\" content=\"2026-02-17T10:55:47+00:00\" \/>\n<meta name=\"twitter:card\" content=\"summary_large_image\" \/>\n<script type=\"application\/ld+json\" class=\"yoast-schema-graph\">{\"@context\":\"https:\/\/schema.org\",\"@graph\":[{\"@type\":\"WebPage\",\"@id\":\"https:\/\/liviko.eu\/lt\/liviko-distillery\/viru-valge\/\",\"url\":\"https:\/\/liviko.eu\/lt\/liviko-distillery\/viru-valge\/\",\"name\":\"Viru Valge - Liviko\",\"isPartOf\":{\"@id\":\"https:\/\/liviko.eu\/lt\/#website\"},\"datePublished\":\"2020-07-06T11:52:35+00:00\",\"dateModified\":\"2026-02-17T10:55:47+00:00\",\"breadcrumb\":{\"@id\":\"https:\/\/liviko.eu\/lt\/liviko-distillery\/viru-valge\/#breadcrumb\"},\"inLanguage\":\"lt-LT\",\"potentialAction\":[{\"@type\":\"ReadAction\",\"target\":[\"https:\/\/liviko.eu\/lt\/liviko-distillery\/viru-valge\/\"]}]},{\"@type\":\"BreadcrumbList\",\"@id\":\"https:\/\/liviko.eu\/lt\/liviko-distillery\/viru-valge\/#breadcrumb\",\"itemListElement\":[{\"@type\":\"ListItem\",\"position\":1,\"name\":\"Home\",\"item\":\"https:\/\/liviko.eu\/lt\/\"},{\"@type\":\"ListItem\",\"position\":2,\"name\":\"Gamyba\",\"item\":\"https:\/\/liviko.eu\/lt\/liviko-distillery\/\"},{\"@type\":\"ListItem\",\"position\":3,\"name\":\"Viru Valge\"}]},{\"@type\":\"WebSite\",\"@id\":\"https:\/\/liviko.eu\/lt\/#website\",\"url\":\"https:\/\/liviko.eu\/lt\/\",\"name\":\"Liviko\",\"description\":\"anno 1898\",\"publisher\":{\"@id\":\"https:\/\/liviko.eu\/lt\/#organization\"},\"potentialAction\":[{\"@type\":\"SearchAction\",\"target\":{\"@type\":\"EntryPoint\",\"urlTemplate\":\"https:\/\/liviko.eu\/lt\/?s={search_term_string}\"},\"query-input\":{\"@type\":\"PropertyValueSpecification\",\"valueRequired\":true,\"valueName\":\"search_term_string\"}}],\"inLanguage\":\"lt-LT\"},{\"@type\":\"Organization\",\"@id\":\"https:\/\/liviko.eu\/lt\/#organization\",\"name\":\"Liviko\",\"url\":\"https:\/\/liviko.eu\/lt\/\",\"logo\":{\"@type\":\"ImageObject\",\"inLanguage\":\"lt-LT\",\"@id\":\"https:\/\/liviko.eu\/lt\/#\/schema\/logo\/image\/\",\"url\":\"https:\/\/liviko.eu\/wp-content\/uploads\/2020\/10\/liviko_logo.png\",\"contentUrl\":\"https:\/\/liviko.eu\/wp-content\/uploads\/2020\/10\/liviko_logo.png\",\"width\":515,\"height\":181,\"caption\":\"Liviko\"},\"image\":{\"@id\":\"https:\/\/liviko.eu\/lt\/#\/schema\/logo\/image\/\"},\"sameAs\":[\"https:\/\/www.facebook.com\/LivikoDistillery\/\",\"https:\/\/www.instagram.com\/livikodistillery\",\"https:\/\/www.linkedin.com\/company\/liviko\/\",\"https:\/\/www.youtube.com\/channel\/UCnoHr-PaNxBHJO8nMDLVGuA\"]}]}<\/script>\n<!-- \/ Yoast SEO plugin. -->","yoast_head_json":{"title":"Viru Valge - Liviko","robots":{"index":"index","follow":"follow","max-snippet":"max-snippet:-1","max-image-preview":"max-image-preview:large","max-video-preview":"max-video-preview:-1"},"canonical":"https:\/\/liviko.eu\/lt\/liviko-distillery\/viru-valge\/","og_locale":"lt_LT","og_type":"article","og_title":"Viru Valge - Liviko","og_url":"https:\/\/liviko.eu\/lt\/liviko-distillery\/viru-valge\/","og_site_name":"Liviko","article_publisher":"https:\/\/www.facebook.com\/LivikoDistillery\/","article_modified_time":"2026-02-17T10:55:47+00:00","twitter_card":"summary_large_image","schema":{"@context":"https:\/\/schema.org","@graph":[{"@type":"WebPage","@id":"https:\/\/liviko.eu\/lt\/liviko-distillery\/viru-valge\/","url":"https:\/\/liviko.eu\/lt\/liviko-distillery\/viru-valge\/","name":"Viru Valge - Liviko","isPartOf":{"@id":"https:\/\/liviko.eu\/lt\/#website"},"datePublished":"2020-07-06T11:52:35+00:00","dateModified":"2026-02-17T10:55:47+00:00","breadcrumb":{"@id":"https:\/\/liviko.eu\/lt\/liviko-distillery\/viru-valge\/#breadcrumb"},"inLanguage":"lt-LT","potentialAction":[{"@type":"ReadAction","target":["https:\/\/liviko.eu\/lt\/liviko-distillery\/viru-valge\/"]}]},{"@type":"BreadcrumbList","@id":"https:\/\/liviko.eu\/lt\/liviko-distillery\/viru-valge\/#breadcrumb","itemListElement":[{"@type":"ListItem","position":1,"name":"Home","item":"https:\/\/liviko.eu\/lt\/"},{"@type":"ListItem","position":2,"name":"Gamyba","item":"https:\/\/liviko.eu\/lt\/liviko-distillery\/"},{"@type":"ListItem","position":3,"name":"Viru Valge"}]},{"@type":"WebSite","@id":"https:\/\/liviko.eu\/lt\/#website","url":"https:\/\/liviko.eu\/lt\/","name":"Liviko","description":"anno 1898","publisher":{"@id":"https:\/\/liviko.eu\/lt\/#organization"},"potentialAction":[{"@type":"SearchAction","target":{"@type":"EntryPoint","urlTemplate":"https:\/\/liviko.eu\/lt\/?s={search_term_string}"},"query-input":{"@type":"PropertyValueSpecification","valueRequired":true,"valueName":"search_term_string"}}],"inLanguage":"lt-LT"},{"@type":"Organization","@id":"https:\/\/liviko.eu\/lt\/#organization","name":"Liviko","url":"https:\/\/liviko.eu\/lt\/","logo":{"@type":"ImageObject","inLanguage":"lt-LT","@id":"https:\/\/liviko.eu\/lt\/#\/schema\/logo\/image\/","url":"https:\/\/liviko.eu\/wp-content\/uploads\/2020\/10\/liviko_logo.png","contentUrl":"https:\/\/liviko.eu\/wp-content\/uploads\/2020\/10\/liviko_logo.png","width":515,"height":181,"caption":"Liviko"},"image":{"@id":"https:\/\/liviko.eu\/lt\/#\/schema\/logo\/image\/"},"sameAs":["https:\/\/www.facebook.com\/LivikoDistillery\/","https:\/\/www.instagram.com\/livikodistillery","https:\/\/www.linkedin.com\/company\/liviko\/","https:\/\/www.youtube.com\/channel\/UCnoHr-PaNxBHJO8nMDLVGuA"]}]}},"_links":{"self":[{"href":"https:\/\/liviko.eu\/lt\/wp-json\/wp\/v2\/pages\/909","targetHints":{"allow":["GET"]}}],"collection":[{"href":"https:\/\/liviko.eu\/lt\/wp-json\/wp\/v2\/pages"}],"about":[{"href":"https:\/\/liviko.eu\/lt\/wp-json\/wp\/v2\/types\/page"}],"author":[{"embeddable":true,"href":"https:\/\/liviko.eu\/lt\/wp-json\/wp\/v2\/users\/1"}],"replies":[{"embeddable":true,"href":"https:\/\/liviko.eu\/lt\/wp-json\/wp\/v2\/comments?post=909"}],"version-history":[{"count":29,"href":"https:\/\/liviko.eu\/lt\/wp-json\/wp\/v2\/pages\/909\/revisions"}],"predecessor-version":[{"id":57290,"href":"https:\/\/liviko.eu\/lt\/wp-json\/wp\/v2\/pages\/909\/revisions\/57290"}],"up":[{"embeddable":true,"href":"https:\/\/liviko.eu\/lt\/wp-json\/wp\/v2\/pages\/772"}],"wp:attachment":[{"href":"https:\/\/liviko.eu\/lt\/wp-json\/wp\/v2\/media?parent=909"}],"wp:term":[{"taxonomy":"category","embeddable":true,"href":"https:\/\/liviko.eu\/lt\/wp-json\/wp\/v2\/categories?post=909"}],"curies":[{"name":"wp","href":"https:\/\/api.w.org\/{rel}","templated":true}]}}