{"id":969,"date":"2020-07-10T08:04:05","date_gmt":"2020-07-10T08:04:05","guid":{"rendered":"http:\/\/liviko.eu\/contacts\/estonia\/stores\/"},"modified":"2023-01-18T07:15:46","modified_gmt":"2023-01-18T07:15:46","slug":"stores","status":"publish","type":"page","link":"https:\/\/liviko.eu\/lt\/contacts\/estonia\/stores\/","title":{"rendered":"Parduotuv\u0117s"},"content":{"rendered":"\n<p class=\"has-text-align-center\">Pat\u012f did\u017eiausi\u0105 alkoholini\u0173 g\u0117rim\u0173 pasirinkim\u0105 rasite \u201eLiviko\u201c gamyklos parduotuv\u0117je \u201eCash &amp; Carry\u201c ir \u201eStore &amp; More\u201c parduotuv\u0117se. Visos parduotuv\u0117s yra Talino centre.<\/p>\n\n\n\n<p class=\"has-text-align-center\">\u201eLiviko\u201c gamyklos parduotuv\u0117je \u201eCash &amp; Carry\u201c pirmiausia pardavimui pristatomos tiek m\u016bs\u0173, tiek importo portfelio naujov\u0117s. Gamyklos parduotuv\u0117je rasite \u201eLiviko\u201c gamybos ir importuojam\u0173 vyn\u0173 bei stipraus alkoholio plat\u0173 asortiment\u0105. Gamyklos parduotuv\u0117je galima papra\u0161yti somelj\u0117 patarimo d\u0117l g\u0117rim\u0173 ir valgiara\u0161\u010dio derinimo tarpusavyje. Susitarus i\u0161 anksto galima gr\u0105\u017einti parduotuvei po pob\u016bvio likusius neatidarytus g\u0117rimus. Konsultacijos ir u\u017esakymai: &nbsp;<a href=\"mailto:cash.carry@liviko.ee\">cash.carry@liviko.ee<\/a>&nbsp; arba telefonu: +372667 8141.<br>Patogu palikti automobil\u012f tiesiai prie\u0161ais parduotuv\u0117s duris.<\/p>\n\n\n\n<p class=\"has-text-align-center\">Be presti\u017eini\u0173 g\u0117rim\u0173 pasi\u016blos, kiekviena \u201eStore &amp; More\u201c parduotuv\u0117 skiria d\u0117mes\u012f vienai pasirinktai g\u0117rim\u0173 kategorijai, kurios asortimentas parduotuv\u0117je yra ypa\u010d platus. Savo seniausioje \u201eStore &amp; More\u201c parduotuv\u0117je adresu: <em>Mere puiestee<\/em> 6, esame sutelk\u0119 puik\u0173 viski\u0173 pasirinkim\u0105. <em>Lootsi tn<\/em> 8 esan\u010dioje parduotuv\u0117je d\u0117mesio centre yra vynai.<\/p>\n\n\n\n<p><\/p>\n\n\n\n<p class=\"has-text-align-center\">   <\/p>\n\n\n\n<div id=\"spacer-block_5f9c1ad013b64\" class=\"c-contentBlock c-spacerContainer\"  data-block-type=\"Spacer\">\n   <hr class=\"  c-spacer c-spacer--size-1\" >\n<\/div>\n\n\n\n<div id=\"contactsList-block_5f1efe5140c98\" class=\" c-contentBlock c-contactsList\" data-block-type=\"Contacts list\" >\n   \n    \n\n\n              \n                \n\n            <div class=\"c-contactsList__item\">\n                    <div class=\"c-contactsList__item-imageContainer\">\n                    <img decoding=\"async\" src=\"https:\/\/liviko.eu\/wp-content\/uploads\/2022\/09\/860x366px.jpg\" class=\"c-contactsList__item-image wp-post-image\" alt=\"\" srcset=\"https:\/\/liviko.eu\/wp-content\/uploads\/2022\/09\/860x366px.jpg 860w, https:\/\/liviko.eu\/wp-content\/uploads\/2022\/09\/860x366px-768x327.jpg 768w, https:\/\/liviko.eu\/wp-content\/uploads\/2022\/09\/860x366px-752x320.jpg 752w\" sizes=\"(max-width: 860px) 100vw, 860px\" \/>                         \n                     <\/div>\n                    \n                    <div class=\"c-contactsList__item-details\">\n                        <h3 class=\"c-contactsList__item-title\">Liviko pood<\/h3>\n                        <ul class=\"c-contactsList__item-meta t-text\">\n                        <li>Lastekodu 45, Tallinn 10113, Estija<\/li>\n                        <li>Phone: +3726678141<\/li>                        <li><a href=\"mailto:pood@liviko.ee\">pood@liviko.ee<\/a><\/li>                        <li><a href=\"https:\/\/pood.liviko.ee\/\" target=\"_blank\">Website<\/a><\/li>                                                <\/ul>\n                    <\/div>\n            <\/div>\n                    \n                \n\n            <div class=\"c-contactsList__item\">\n                    <div class=\"c-contactsList__item-imageContainer\">\n                    <img decoding=\"async\" src=\"https:\/\/liviko.eu\/wp-content\/uploads\/2022\/09\/860x366px.jpg\" class=\"c-contactsList__item-image wp-post-image\" alt=\"\" srcset=\"https:\/\/liviko.eu\/wp-content\/uploads\/2022\/09\/860x366px.jpg 860w, https:\/\/liviko.eu\/wp-content\/uploads\/2022\/09\/860x366px-768x327.jpg 768w, https:\/\/liviko.eu\/wp-content\/uploads\/2022\/09\/860x366px-752x320.jpg 752w\" sizes=\"(max-width: 860px) 100vw, 860px\" \/>                         \n                     <\/div>\n                    \n                    <div class=\"c-contactsList__item-details\">\n                        <h3 class=\"c-contactsList__item-title\">Liviko e-pood<\/h3>\n                        <ul class=\"c-contactsList__item-meta t-text\">\n                        <li>elektronin\u0117je parduotuv\u0117je<\/li>\n                        <li>Phone: +3726678141<\/li>                        <li><a href=\"mailto:pood@liviko.ee\">pood@liviko.ee<\/a><\/li>                        <li><a href=\"https:\/\/pood.liviko.ee\/\" target=\"_blank\">Website<\/a><\/li>                                                <\/ul>\n                    <\/div>\n            <\/div>\n                    \n                \n\n            <div class=\"c-contactsList__item\">\n                    <div class=\"c-contactsList__item-imageContainer\">\n                    <img decoding=\"async\" src=\"https:\/\/liviko.eu\/wp-content\/uploads\/2020\/10\/alcostore_logo.jpg\" class=\"c-contactsList__item-image wp-post-image\" alt=\"\" srcset=\"https:\/\/liviko.eu\/wp-content\/uploads\/2020\/10\/alcostore_logo.jpg 860w, https:\/\/liviko.eu\/wp-content\/uploads\/2020\/10\/alcostore_logo-768x327.jpg 768w, https:\/\/liviko.eu\/wp-content\/uploads\/2020\/10\/alcostore_logo-752x320.jpg 752w\" sizes=\"(max-width: 860px) 100vw, 860px\" \/>                         \n                     <\/div>\n                    \n                    <div class=\"c-contactsList__item-details\">\n                        <h3 class=\"c-contactsList__item-title\">Alcostore<\/h3>\n                        <ul class=\"c-contactsList__item-meta t-text\">\n                        <li>Mere pst. 6, Tallinn 10111, Estija<\/li>\n                        <li>Phone: +3726837745<\/li>                        <li><a href=\"mailto:kplmere@liviko.ee\">kplmere@liviko.ee<\/a><\/li>                        <li><a href=\"https:\/\/alkostore.ee\/\" target=\"_blank\">Website<\/a><\/li>                                                <\/ul>\n                    <\/div>\n            <\/div>\n                    \n                \n\n            <div class=\"c-contactsList__item\">\n                    <div class=\"c-contactsList__item-imageContainer\">\n                    <img decoding=\"async\" src=\"https:\/\/liviko.eu\/wp-content\/uploads\/2020\/10\/alcostore_logo.jpg\" class=\"c-contactsList__item-image wp-post-image\" alt=\"\" srcset=\"https:\/\/liviko.eu\/wp-content\/uploads\/2020\/10\/alcostore_logo.jpg 860w, https:\/\/liviko.eu\/wp-content\/uploads\/2020\/10\/alcostore_logo-768x327.jpg 768w, https:\/\/liviko.eu\/wp-content\/uploads\/2020\/10\/alcostore_logo-752x320.jpg 752w\" sizes=\"(max-width: 860px) 100vw, 860px\" \/>                         \n                     <\/div>\n                    \n                    <div class=\"c-contactsList__item-details\">\n                        <h3 class=\"c-contactsList__item-title\">Alcostore<\/h3>\n                        <ul class=\"c-contactsList__item-meta t-text\">\n                        <li>Lootsi 8, Tallinn 10151, Estija<\/li>\n                        <li>Phone: +3726605986<\/li>                        <li><a href=\"mailto:kplsadam@liviko.ee\">kplsadam@liviko.ee<\/a><\/li>                        <li><a href=\"https:\/\/alkostore.ee\/\" target=\"_blank\">Website<\/a><\/li>                                                <\/ul>\n                    <\/div>\n            <\/div>\n                            <div class=\"c-contactsList__item c-contactsList__item--empty\"><\/div>\n        <div class=\"c-contactsList__item c-contactsList__item--empty\"><\/div>\n    <\/div>\n","protected":false},"excerpt":{"rendered":"<p>Pat\u012f did\u017eiausi\u0105 alkoholini\u0173 g\u0117rim\u0173 pasirinkim\u0105 rasite \u201eLiviko\u201c gamyklos parduotuv\u0117je \u201eCash &amp; Carry\u201c ir \u201eStore &amp; More\u201c parduotuv\u0117se. Visos parduotuv\u0117s yra Talino centre. \u201eLiviko\u201c gamyklos parduotuv\u0117je \u201eCash &amp; Carry\u201c pirmiausia pardavimui pristatomos tiek m\u016bs\u0173, tiek importo portfelio naujov\u0117s. Gamyklos parduotuv\u0117je rasite&#8230;<\/p>\n","protected":false},"author":1,"featured_media":0,"parent":913,"menu_order":5,"comment_status":"closed","ping_status":"closed","template":"page-templates\/page-contact.php","meta":{"_acf_changed":false,"inline_featured_image":false,"_monsterinsights_skip_tracking":false,"_monsterinsights_sitenote_active":false,"_monsterinsights_sitenote_note":"","_monsterinsights_sitenote_category":0,"footnotes":""},"categories":[],"class_list":["post-969","page","type-page","status-publish","hentry"],"acf":[],"yoast_head":"<!-- This site is optimized with the Yoast SEO plugin v24.0 - https:\/\/yoast.com\/wordpress\/plugins\/seo\/ -->\n<title>Parduotuv\u0117s - Liviko<\/title>\n<meta name=\"robots\" content=\"index, follow, max-snippet:-1, max-image-preview:large, max-video-preview:-1\" \/>\n<link rel=\"canonical\" href=\"https:\/\/liviko.eu\/lt\/contacts\/estonia\/stores\/\" \/>\n<meta property=\"og:locale\" content=\"lt_LT\" \/>\n<meta property=\"og:type\" content=\"article\" \/>\n<meta property=\"og:title\" content=\"Parduotuv\u0117s - Liviko\" \/>\n<meta property=\"og:description\" content=\"Pat\u012f did\u017eiausi\u0105 alkoholini\u0173 g\u0117rim\u0173 pasirinkim\u0105 rasite \u201eLiviko\u201c gamyklos parduotuv\u0117je \u201eCash &amp; Carry\u201c ir \u201eStore &amp; More\u201c parduotuv\u0117se. Visos parduotuv\u0117s yra Talino centre. \u201eLiviko\u201c gamyklos parduotuv\u0117je \u201eCash &amp; Carry\u201c pirmiausia pardavimui pristatomos tiek m\u016bs\u0173, tiek importo portfelio naujov\u0117s. Gamyklos parduotuv\u0117je rasite...\" \/>\n<meta property=\"og:url\" content=\"https:\/\/liviko.eu\/lt\/contacts\/estonia\/stores\/\" \/>\n<meta property=\"og:site_name\" content=\"Liviko\" \/>\n<meta property=\"article:publisher\" content=\"https:\/\/www.facebook.com\/LivikoDistillery\/\" \/>\n<meta property=\"article:modified_time\" content=\"2023-01-18T07:15:46+00:00\" \/>\n<meta name=\"twitter:card\" content=\"summary_large_image\" \/>\n<meta name=\"twitter:label1\" content=\"Est. reading time\" \/>\n\t<meta name=\"twitter:data1\" content=\"1 minut\u0117\" \/>\n<script type=\"application\/ld+json\" class=\"yoast-schema-graph\">{\"@context\":\"https:\/\/schema.org\",\"@graph\":[{\"@type\":\"WebPage\",\"@id\":\"https:\/\/liviko.eu\/lt\/contacts\/estonia\/stores\/\",\"url\":\"https:\/\/liviko.eu\/lt\/contacts\/estonia\/stores\/\",\"name\":\"Parduotuv\u0117s - Liviko\",\"isPartOf\":{\"@id\":\"https:\/\/liviko.eu\/lt\/#website\"},\"datePublished\":\"2020-07-10T08:04:05+00:00\",\"dateModified\":\"2023-01-18T07:15:46+00:00\",\"breadcrumb\":{\"@id\":\"https:\/\/liviko.eu\/lt\/contacts\/estonia\/stores\/#breadcrumb\"},\"inLanguage\":\"lt-LT\",\"potentialAction\":[{\"@type\":\"ReadAction\",\"target\":[\"https:\/\/liviko.eu\/lt\/contacts\/estonia\/stores\/\"]}]},{\"@type\":\"BreadcrumbList\",\"@id\":\"https:\/\/liviko.eu\/lt\/contacts\/estonia\/stores\/#breadcrumb\",\"itemListElement\":[{\"@type\":\"ListItem\",\"position\":1,\"name\":\"Home\",\"item\":\"https:\/\/liviko.eu\/lt\/\"},{\"@type\":\"ListItem\",\"position\":2,\"name\":\"Kontaktai\",\"item\":\"https:\/\/liviko.eu\/lt\/contacts\/\"},{\"@type\":\"ListItem\",\"position\":3,\"name\":\"Estija\",\"item\":\"https:\/\/liviko.eu\/lt\/contacts\/estonia\/\"},{\"@type\":\"ListItem\",\"position\":4,\"name\":\"Parduotuv\u0117s\"}]},{\"@type\":\"WebSite\",\"@id\":\"https:\/\/liviko.eu\/lt\/#website\",\"url\":\"https:\/\/liviko.eu\/lt\/\",\"name\":\"Liviko\",\"description\":\"anno 1898\",\"publisher\":{\"@id\":\"https:\/\/liviko.eu\/lt\/#organization\"},\"potentialAction\":[{\"@type\":\"SearchAction\",\"target\":{\"@type\":\"EntryPoint\",\"urlTemplate\":\"https:\/\/liviko.eu\/lt\/?s={search_term_string}\"},\"query-input\":{\"@type\":\"PropertyValueSpecification\",\"valueRequired\":true,\"valueName\":\"search_term_string\"}}],\"inLanguage\":\"lt-LT\"},{\"@type\":\"Organization\",\"@id\":\"https:\/\/liviko.eu\/lt\/#organization\",\"name\":\"Liviko\",\"url\":\"https:\/\/liviko.eu\/lt\/\",\"logo\":{\"@type\":\"ImageObject\",\"inLanguage\":\"lt-LT\",\"@id\":\"https:\/\/liviko.eu\/lt\/#\/schema\/logo\/image\/\",\"url\":\"https:\/\/liviko.eu\/wp-content\/uploads\/2020\/10\/liviko_logo.png\",\"contentUrl\":\"https:\/\/liviko.eu\/wp-content\/uploads\/2020\/10\/liviko_logo.png\",\"width\":515,\"height\":181,\"caption\":\"Liviko\"},\"image\":{\"@id\":\"https:\/\/liviko.eu\/lt\/#\/schema\/logo\/image\/\"},\"sameAs\":[\"https:\/\/www.facebook.com\/LivikoDistillery\/\",\"https:\/\/www.instagram.com\/livikodistillery\",\"https:\/\/www.linkedin.com\/company\/liviko\/\",\"https:\/\/www.youtube.com\/channel\/UCnoHr-PaNxBHJO8nMDLVGuA\"]}]}<\/script>\n<!-- \/ Yoast SEO plugin. -->","yoast_head_json":{"title":"Parduotuv\u0117s - Liviko","robots":{"index":"index","follow":"follow","max-snippet":"max-snippet:-1","max-image-preview":"max-image-preview:large","max-video-preview":"max-video-preview:-1"},"canonical":"https:\/\/liviko.eu\/lt\/contacts\/estonia\/stores\/","og_locale":"lt_LT","og_type":"article","og_title":"Parduotuv\u0117s - Liviko","og_description":"Pat\u012f did\u017eiausi\u0105 alkoholini\u0173 g\u0117rim\u0173 pasirinkim\u0105 rasite \u201eLiviko\u201c gamyklos parduotuv\u0117je \u201eCash &amp; Carry\u201c ir \u201eStore &amp; More\u201c parduotuv\u0117se. Visos parduotuv\u0117s yra Talino centre. \u201eLiviko\u201c gamyklos parduotuv\u0117je \u201eCash &amp; Carry\u201c pirmiausia pardavimui pristatomos tiek m\u016bs\u0173, tiek importo portfelio naujov\u0117s. Gamyklos parduotuv\u0117je rasite...","og_url":"https:\/\/liviko.eu\/lt\/contacts\/estonia\/stores\/","og_site_name":"Liviko","article_publisher":"https:\/\/www.facebook.com\/LivikoDistillery\/","article_modified_time":"2023-01-18T07:15:46+00:00","twitter_card":"summary_large_image","twitter_misc":{"Est. reading time":"1 minut\u0117"},"schema":{"@context":"https:\/\/schema.org","@graph":[{"@type":"WebPage","@id":"https:\/\/liviko.eu\/lt\/contacts\/estonia\/stores\/","url":"https:\/\/liviko.eu\/lt\/contacts\/estonia\/stores\/","name":"Parduotuv\u0117s - Liviko","isPartOf":{"@id":"https:\/\/liviko.eu\/lt\/#website"},"datePublished":"2020-07-10T08:04:05+00:00","dateModified":"2023-01-18T07:15:46+00:00","breadcrumb":{"@id":"https:\/\/liviko.eu\/lt\/contacts\/estonia\/stores\/#breadcrumb"},"inLanguage":"lt-LT","potentialAction":[{"@type":"ReadAction","target":["https:\/\/liviko.eu\/lt\/contacts\/estonia\/stores\/"]}]},{"@type":"BreadcrumbList","@id":"https:\/\/liviko.eu\/lt\/contacts\/estonia\/stores\/#breadcrumb","itemListElement":[{"@type":"ListItem","position":1,"name":"Home","item":"https:\/\/liviko.eu\/lt\/"},{"@type":"ListItem","position":2,"name":"Kontaktai","item":"https:\/\/liviko.eu\/lt\/contacts\/"},{"@type":"ListItem","position":3,"name":"Estija","item":"https:\/\/liviko.eu\/lt\/contacts\/estonia\/"},{"@type":"ListItem","position":4,"name":"Parduotuv\u0117s"}]},{"@type":"WebSite","@id":"https:\/\/liviko.eu\/lt\/#website","url":"https:\/\/liviko.eu\/lt\/","name":"Liviko","description":"anno 1898","publisher":{"@id":"https:\/\/liviko.eu\/lt\/#organization"},"potentialAction":[{"@type":"SearchAction","target":{"@type":"EntryPoint","urlTemplate":"https:\/\/liviko.eu\/lt\/?s={search_term_string}"},"query-input":{"@type":"PropertyValueSpecification","valueRequired":true,"valueName":"search_term_string"}}],"inLanguage":"lt-LT"},{"@type":"Organization","@id":"https:\/\/liviko.eu\/lt\/#organization","name":"Liviko","url":"https:\/\/liviko.eu\/lt\/","logo":{"@type":"ImageObject","inLanguage":"lt-LT","@id":"https:\/\/liviko.eu\/lt\/#\/schema\/logo\/image\/","url":"https:\/\/liviko.eu\/wp-content\/uploads\/2020\/10\/liviko_logo.png","contentUrl":"https:\/\/liviko.eu\/wp-content\/uploads\/2020\/10\/liviko_logo.png","width":515,"height":181,"caption":"Liviko"},"image":{"@id":"https:\/\/liviko.eu\/lt\/#\/schema\/logo\/image\/"},"sameAs":["https:\/\/www.facebook.com\/LivikoDistillery\/","https:\/\/www.instagram.com\/livikodistillery","https:\/\/www.linkedin.com\/company\/liviko\/","https:\/\/www.youtube.com\/channel\/UCnoHr-PaNxBHJO8nMDLVGuA"]}]}},"_links":{"self":[{"href":"https:\/\/liviko.eu\/lt\/wp-json\/wp\/v2\/pages\/969","targetHints":{"allow":["GET"]}}],"collection":[{"href":"https:\/\/liviko.eu\/lt\/wp-json\/wp\/v2\/pages"}],"about":[{"href":"https:\/\/liviko.eu\/lt\/wp-json\/wp\/v2\/types\/page"}],"author":[{"embeddable":true,"href":"https:\/\/liviko.eu\/lt\/wp-json\/wp\/v2\/users\/1"}],"replies":[{"embeddable":true,"href":"https:\/\/liviko.eu\/lt\/wp-json\/wp\/v2\/comments?post=969"}],"version-history":[{"count":6,"href":"https:\/\/liviko.eu\/lt\/wp-json\/wp\/v2\/pages\/969\/revisions"}],"predecessor-version":[{"id":32731,"href":"https:\/\/liviko.eu\/lt\/wp-json\/wp\/v2\/pages\/969\/revisions\/32731"}],"up":[{"embeddable":true,"href":"https:\/\/liviko.eu\/lt\/wp-json\/wp\/v2\/pages\/913"}],"wp:attachment":[{"href":"https:\/\/liviko.eu\/lt\/wp-json\/wp\/v2\/media?parent=969"}],"wp:term":[{"taxonomy":"category","embeddable":true,"href":"https:\/\/liviko.eu\/lt\/wp-json\/wp\/v2\/categories?post=969"}],"curies":[{"name":"wp","href":"https:\/\/api.w.org\/{rel}","templated":true}]}}