{"id":24932,"date":"2020-07-03T09:30:17","date_gmt":"2020-07-03T09:30:17","guid":{"rendered":"http:\/\/liviko.eu\/company-culture\/vaartused\/"},"modified":"2025-02-03T07:21:53","modified_gmt":"2025-02-03T07:21:53","slug":"vaartused","status":"publish","type":"page","link":"https:\/\/liviko.eu\/lv\/company-culture\/vaartused\/","title":{"rendered":"V\u0113rt\u012bbas"},"content":{"rendered":"<div id=\"pageHeader-block_2b0d8fa18545185b9dff7692a460640a\" class=\" c-contentBlock c-pageHeader\" data-block-type=\"Page header\">\n                    <h1 class=\"c-pageHeader__title\">V\u0113rt\u012bbas<\/h1>\n                            <div class=\"c-pageHeader__text t-text\"><p>\u201cLiviko\u201d ir uz\u0146\u0113mums ar augstu komunik\u0101cijas un darba kult\u016bru, m\u0113s nov\u0113rt\u0113jam god\u012bgumu un atv\u0113rt\u012bbu gan attiec\u012bb\u0101s ar partneriem, gan ar kol\u0113\u0123iem.\u00a0M\u0113s cien\u0101m gan sevi, gan citus. Mums var uztic\u0113ties \u2013 m\u0113s vienm\u0113r pild\u0101m savus sol\u012bjumus un iev\u0113rojam noteikumus. Lai ar\u012b cien\u0101m trad\u012bcijas, tom\u0113r esam atv\u0113rti moderniem risin\u0101jumiem, esam rado\u0161i un inovat\u012bvi. Esam profesion\u0101li un pras\u012bgi pret sevi, un tas ir m\u016bsu dzinulis.<\/p>\n<p>M\u0113s r\u016bp\u0113jamies par cilv\u0113kiem un apk\u0101rt\u0113jo vidi un p\u0113c iesp\u0113jas saudz\u012bg\u0101k izmantojam vides resursus. Mums svar\u012bgie principi ir atspogu\u013coti sada\u013c\u0101 \u201cAS \u201cLiviko\u201d laba biznesa prakse\u201d.<\/p>\n<\/div>\n                \n<\/div>\n<a id=\"page-24932-body\"><\/a>\n\n\n<div id=\"featureBlocks-block_bd8027178778dbf2ab5afdf1f6279857\" class=\" c-contentBlock c-featureBlocks c-featureBlocks--type-expanded c-featureBlocks--grid-columns\" data-block-type=\"Feature blocks: expanded\">\n   <div class=\"c-featureBlocksGroup\">\n\n\n                          <div class=\"c-featureBlocks__item\">\n                \n                \n                    <div class=\"c-featureBlocks__item-block\"    >\n\n                                                                                            <div class=\"c-featureBlock__imageContainer\">\n                                <img fetchpriority=\"high\" decoding=\"async\" width=\"800\" height=\"800\" src=\"https:\/\/liviko.eu\/wp-content\/uploads\/2020\/09\/Urvo_toota-meiega-1.jpg\" class=\"c-featureBlock__image\" alt=\"Darbs un karjera \u201cLiviko\u201d\" srcset=\"https:\/\/liviko.eu\/wp-content\/uploads\/2020\/09\/Urvo_toota-meiega-1.jpg 800w, https:\/\/liviko.eu\/wp-content\/uploads\/2020\/09\/Urvo_toota-meiega-1-480x480.jpg 480w, https:\/\/liviko.eu\/wp-content\/uploads\/2020\/09\/Urvo_toota-meiega-1-768x768.jpg 768w\" sizes=\"(max-width: 800px) 100vw, 800px\" \/>                                <\/div>\n                               \n\n                            <div class=\"c-featureBlocks__item-body\">\n                                    <h3 class=\"c-featureBlocks__item-title\">Darbs un karjera \u201cLiviko\u201d<\/h3>\n                                    <div class=\"t-text\">\n                                        <p>\u201cLiviko\u201d reput\u0101cijas st\u016brakmens ir atv\u0113rt\u012bba jauniem risin\u0101jumiem, draudz\u012bga attieksme un cie\u0146pilnas attiec\u012bbas ar kol\u0113\u0123iem un sadarb\u012bbas partneriem. M\u0113s esam atv\u0113rti jaunajam un cien\u0101m trad\u012bcijas.<\/p>\n<ul>\n<li><a href=\"https:\/\/liviko.eu\/lv\/company-culture\/working-in-liviko-career\/\">LAS\u012aT VAIR\u0100K<\/a><\/li>\n<\/ul>\n<p>&nbsp;<\/p>\n                                    <\/div>\n                            <\/div>\n\n                    <\/div>    \n                        \n\n\n                            \n            <\/div>\n            \n                    <div class=\"c-featureBlocks__item\">\n                \n                \n                    <div class=\"c-featureBlocks__item-block\"    >\n\n                                                                                            <div class=\"c-featureBlock__imageContainer\">\n                                <img decoding=\"async\" width=\"800\" height=\"800\" src=\"https:\/\/liviko.eu\/wp-content\/uploads\/2020\/10\/ATML_800x800.png\" class=\"c-featureBlock__image\" alt=\"Soci\u0101l\u0101 atbild\u012bba\" srcset=\"https:\/\/liviko.eu\/wp-content\/uploads\/2020\/10\/ATML_800x800.png 800w, https:\/\/liviko.eu\/wp-content\/uploads\/2020\/10\/ATML_800x800-480x480.png 480w, https:\/\/liviko.eu\/wp-content\/uploads\/2020\/10\/ATML_800x800-768x768.png 768w\" sizes=\"(max-width: 800px) 100vw, 800px\" \/>                                <\/div>\n                               \n\n                            <div class=\"c-featureBlocks__item-body\">\n                                    <h3 class=\"c-featureBlocks__item-title\">Soci\u0101l\u0101 atbild\u012bba<\/h3>\n                                    <div class=\"t-text\">\n                                        <p>\u201cLiviko\u201d ir apzin\u0101tas alkohola lieto\u0161anas kult\u016bras populariz\u0113t\u0101js un jau sen atbalsta somelj\u0113 un b\u0101rme\u0146u asoci\u0101cijas Igaunij\u0101, Latvij\u0101 un Lietuv\u0101. M\u0113s j\u016btamies atbild\u012bgi par alkohola lieto\u0161anas kult\u016bras izkop\u0161anu Baltijas valst\u012bs. T\u0101d\u0113\u013c v\u0113lamies atg\u0101din\u0101t, ka alkohols ir j\u0101lieto ar pr\u0101tu un m\u0113ru, un uz katru gl\u0101zi alkohola v\u0113lams izdzert ar\u012b gl\u0101zi \u016bdens!<\/p>\n<ul>\n<li><a href=\"https:\/\/liviko.eu\/lv\/company-culture\/social-responsibility\/\">LAS\u012aT VAIR\u0100K<\/a><\/li>\n<\/ul>\n                                    <\/div>\n                            <\/div>\n\n                    <\/div>    \n                        \n\n\n                            \n            <\/div>\n            \n                    <div class=\"c-featureBlocks__item\">\n                \n                \n                    <div class=\"c-featureBlocks__item-block\"    >\n\n                                                                                            <div class=\"c-featureBlock__imageContainer\">\n                                <img decoding=\"async\" width=\"800\" height=\"800\" src=\"https:\/\/liviko.eu\/wp-content\/uploads\/2020\/08\/ERSO_ruut.jpg\" class=\"c-featureBlock__image\" alt=\"Sadarb\u012bba\" srcset=\"https:\/\/liviko.eu\/wp-content\/uploads\/2020\/08\/ERSO_ruut.jpg 800w, https:\/\/liviko.eu\/wp-content\/uploads\/2020\/08\/ERSO_ruut-480x480.jpg 480w, https:\/\/liviko.eu\/wp-content\/uploads\/2020\/08\/ERSO_ruut-768x768.jpg 768w\" sizes=\"(max-width: 800px) 100vw, 800px\" \/>                                <\/div>\n                               \n\n                            <div class=\"c-featureBlocks__item-body\">\n                                    <h3 class=\"c-featureBlocks__item-title\">Sadarb\u012bba<\/h3>\n                                    <div class=\"t-text\">\n                                        <p>Izaugu\u0161i l\u012bdz starptautiska koncerna l\u012bmenim, m\u0113s \u012bpa\u0161i nov\u0113rt\u0113jam savu dzimteni Igauniju, kur atrodas ar\u012b m\u016bsu 126 gadus sen\u0101 r\u016bpn\u012bca. T\u0101d\u0113\u013c alla\u017e tiecamies atbalst\u012bt jomas, kas ir noz\u012bm\u012bgas gan Igaunijas, gan ar\u012b pasaules m\u0113rog\u0101.<\/p>\n<ul>\n<li><a href=\"https:\/\/liviko.eu\/lv\/company-culture\/cooperation\/\">LAS\u012aT VAIR\u0100K<\/a><\/li>\n<\/ul>\n                                    <\/div>\n                            <\/div>\n\n                    <\/div>    \n                        \n\n\n                            \n            <\/div>\n            \n                <div class=\"c-featureBlocks__item c-featureBlocks__item--empty\"><\/div>\n    <div class=\"c-featureBlocks__item c-featureBlocks__item--empty\"><\/div>\n    <\/div>\n<\/div>\n\n\n\n<div id=\"spacer-block_923f86611343cc2273ecee547e452a0b\" class=\"c-contentBlock c-spacerContainer\"  data-block-type=\"Spacer\">\n   <hr class=\"  c-spacer c-spacer--size-1\" >\n<\/div>\n\n\n\n<p><\/p>\n","protected":false},"excerpt":{"rendered":"","protected":false},"author":1,"featured_media":0,"parent":804,"menu_order":3,"comment_status":"closed","ping_status":"closed","template":"","meta":{"_acf_changed":false,"inline_featured_image":false,"_monsterinsights_skip_tracking":false,"_monsterinsights_sitenote_active":false,"_monsterinsights_sitenote_note":"","_monsterinsights_sitenote_category":0,"footnotes":""},"categories":[],"class_list":["post-24932","page","type-page","status-publish","hentry"],"acf":[],"yoast_head":"<!-- This site is optimized with the Yoast SEO plugin v24.0 - https:\/\/yoast.com\/wordpress\/plugins\/seo\/ -->\n<title>V\u0113rt\u012bbas - Liviko<\/title>\n<meta name=\"robots\" content=\"index, follow, max-snippet:-1, max-image-preview:large, max-video-preview:-1\" \/>\n<link rel=\"canonical\" href=\"https:\/\/liviko.eu\/lv\/company-culture\/vaartused\/\" \/>\n<meta property=\"og:locale\" content=\"lv_LV\" \/>\n<meta property=\"og:type\" content=\"article\" \/>\n<meta property=\"og:title\" content=\"V\u0113rt\u012bbas - Liviko\" \/>\n<meta property=\"og:url\" content=\"https:\/\/liviko.eu\/lv\/company-culture\/vaartused\/\" \/>\n<meta property=\"og:site_name\" content=\"Liviko\" \/>\n<meta property=\"article:publisher\" content=\"https:\/\/www.facebook.com\/LivikoDistillery\/\" \/>\n<meta property=\"article:modified_time\" content=\"2025-02-03T07:21:53+00:00\" \/>\n<meta name=\"twitter:card\" content=\"summary_large_image\" \/>\n<script type=\"application\/ld+json\" class=\"yoast-schema-graph\">{\"@context\":\"https:\/\/schema.org\",\"@graph\":[{\"@type\":\"WebPage\",\"@id\":\"https:\/\/liviko.eu\/lv\/company-culture\/vaartused\/\",\"url\":\"https:\/\/liviko.eu\/lv\/company-culture\/vaartused\/\",\"name\":\"V\u0113rt\u012bbas - Liviko\",\"isPartOf\":{\"@id\":\"https:\/\/liviko.eu\/lv\/#website\"},\"datePublished\":\"2020-07-03T09:30:17+00:00\",\"dateModified\":\"2025-02-03T07:21:53+00:00\",\"breadcrumb\":{\"@id\":\"https:\/\/liviko.eu\/lv\/company-culture\/vaartused\/#breadcrumb\"},\"inLanguage\":\"lv-LV\",\"potentialAction\":[{\"@type\":\"ReadAction\",\"target\":[\"https:\/\/liviko.eu\/lv\/company-culture\/vaartused\/\"]}]},{\"@type\":\"BreadcrumbList\",\"@id\":\"https:\/\/liviko.eu\/lv\/company-culture\/vaartused\/#breadcrumb\",\"itemListElement\":[{\"@type\":\"ListItem\",\"position\":1,\"name\":\"Home\",\"item\":\"https:\/\/liviko.eu\/lv\/\"},{\"@type\":\"ListItem\",\"position\":2,\"name\":\"Par uz\u0146\u0113mumu\",\"item\":\"https:\/\/liviko.eu\/lv\/company-culture\/\"},{\"@type\":\"ListItem\",\"position\":3,\"name\":\"V\u0113rt\u012bbas\"}]},{\"@type\":\"WebSite\",\"@id\":\"https:\/\/liviko.eu\/lv\/#website\",\"url\":\"https:\/\/liviko.eu\/lv\/\",\"name\":\"Liviko\",\"description\":\"anno 1898\",\"publisher\":{\"@id\":\"https:\/\/liviko.eu\/lv\/#organization\"},\"potentialAction\":[{\"@type\":\"SearchAction\",\"target\":{\"@type\":\"EntryPoint\",\"urlTemplate\":\"https:\/\/liviko.eu\/lv\/?s={search_term_string}\"},\"query-input\":{\"@type\":\"PropertyValueSpecification\",\"valueRequired\":true,\"valueName\":\"search_term_string\"}}],\"inLanguage\":\"lv-LV\"},{\"@type\":\"Organization\",\"@id\":\"https:\/\/liviko.eu\/lv\/#organization\",\"name\":\"Liviko\",\"url\":\"https:\/\/liviko.eu\/lv\/\",\"logo\":{\"@type\":\"ImageObject\",\"inLanguage\":\"lv-LV\",\"@id\":\"https:\/\/liviko.eu\/lv\/#\/schema\/logo\/image\/\",\"url\":\"https:\/\/liviko.eu\/wp-content\/uploads\/2020\/10\/liviko_logo.png\",\"contentUrl\":\"https:\/\/liviko.eu\/wp-content\/uploads\/2020\/10\/liviko_logo.png\",\"width\":515,\"height\":181,\"caption\":\"Liviko\"},\"image\":{\"@id\":\"https:\/\/liviko.eu\/lv\/#\/schema\/logo\/image\/\"},\"sameAs\":[\"https:\/\/www.facebook.com\/LivikoDistillery\/\",\"https:\/\/www.instagram.com\/livikodistillery\",\"https:\/\/www.linkedin.com\/company\/liviko\/\",\"https:\/\/www.youtube.com\/channel\/UCnoHr-PaNxBHJO8nMDLVGuA\"]}]}<\/script>\n<!-- \/ Yoast SEO plugin. -->","yoast_head_json":{"title":"V\u0113rt\u012bbas - Liviko","robots":{"index":"index","follow":"follow","max-snippet":"max-snippet:-1","max-image-preview":"max-image-preview:large","max-video-preview":"max-video-preview:-1"},"canonical":"https:\/\/liviko.eu\/lv\/company-culture\/vaartused\/","og_locale":"lv_LV","og_type":"article","og_title":"V\u0113rt\u012bbas - Liviko","og_url":"https:\/\/liviko.eu\/lv\/company-culture\/vaartused\/","og_site_name":"Liviko","article_publisher":"https:\/\/www.facebook.com\/LivikoDistillery\/","article_modified_time":"2025-02-03T07:21:53+00:00","twitter_card":"summary_large_image","schema":{"@context":"https:\/\/schema.org","@graph":[{"@type":"WebPage","@id":"https:\/\/liviko.eu\/lv\/company-culture\/vaartused\/","url":"https:\/\/liviko.eu\/lv\/company-culture\/vaartused\/","name":"V\u0113rt\u012bbas - Liviko","isPartOf":{"@id":"https:\/\/liviko.eu\/lv\/#website"},"datePublished":"2020-07-03T09:30:17+00:00","dateModified":"2025-02-03T07:21:53+00:00","breadcrumb":{"@id":"https:\/\/liviko.eu\/lv\/company-culture\/vaartused\/#breadcrumb"},"inLanguage":"lv-LV","potentialAction":[{"@type":"ReadAction","target":["https:\/\/liviko.eu\/lv\/company-culture\/vaartused\/"]}]},{"@type":"BreadcrumbList","@id":"https:\/\/liviko.eu\/lv\/company-culture\/vaartused\/#breadcrumb","itemListElement":[{"@type":"ListItem","position":1,"name":"Home","item":"https:\/\/liviko.eu\/lv\/"},{"@type":"ListItem","position":2,"name":"Par uz\u0146\u0113mumu","item":"https:\/\/liviko.eu\/lv\/company-culture\/"},{"@type":"ListItem","position":3,"name":"V\u0113rt\u012bbas"}]},{"@type":"WebSite","@id":"https:\/\/liviko.eu\/lv\/#website","url":"https:\/\/liviko.eu\/lv\/","name":"Liviko","description":"anno 1898","publisher":{"@id":"https:\/\/liviko.eu\/lv\/#organization"},"potentialAction":[{"@type":"SearchAction","target":{"@type":"EntryPoint","urlTemplate":"https:\/\/liviko.eu\/lv\/?s={search_term_string}"},"query-input":{"@type":"PropertyValueSpecification","valueRequired":true,"valueName":"search_term_string"}}],"inLanguage":"lv-LV"},{"@type":"Organization","@id":"https:\/\/liviko.eu\/lv\/#organization","name":"Liviko","url":"https:\/\/liviko.eu\/lv\/","logo":{"@type":"ImageObject","inLanguage":"lv-LV","@id":"https:\/\/liviko.eu\/lv\/#\/schema\/logo\/image\/","url":"https:\/\/liviko.eu\/wp-content\/uploads\/2020\/10\/liviko_logo.png","contentUrl":"https:\/\/liviko.eu\/wp-content\/uploads\/2020\/10\/liviko_logo.png","width":515,"height":181,"caption":"Liviko"},"image":{"@id":"https:\/\/liviko.eu\/lv\/#\/schema\/logo\/image\/"},"sameAs":["https:\/\/www.facebook.com\/LivikoDistillery\/","https:\/\/www.instagram.com\/livikodistillery","https:\/\/www.linkedin.com\/company\/liviko\/","https:\/\/www.youtube.com\/channel\/UCnoHr-PaNxBHJO8nMDLVGuA"]}]}},"_links":{"self":[{"href":"https:\/\/liviko.eu\/lv\/wp-json\/wp\/v2\/pages\/24932","targetHints":{"allow":["GET"]}}],"collection":[{"href":"https:\/\/liviko.eu\/lv\/wp-json\/wp\/v2\/pages"}],"about":[{"href":"https:\/\/liviko.eu\/lv\/wp-json\/wp\/v2\/types\/page"}],"author":[{"embeddable":true,"href":"https:\/\/liviko.eu\/lv\/wp-json\/wp\/v2\/users\/1"}],"replies":[{"embeddable":true,"href":"https:\/\/liviko.eu\/lv\/wp-json\/wp\/v2\/comments?post=24932"}],"version-history":[{"count":12,"href":"https:\/\/liviko.eu\/lv\/wp-json\/wp\/v2\/pages\/24932\/revisions"}],"predecessor-version":[{"id":55334,"href":"https:\/\/liviko.eu\/lv\/wp-json\/wp\/v2\/pages\/24932\/revisions\/55334"}],"up":[{"embeddable":true,"href":"https:\/\/liviko.eu\/lv\/wp-json\/wp\/v2\/pages\/804"}],"wp:attachment":[{"href":"https:\/\/liviko.eu\/lv\/wp-json\/wp\/v2\/media?parent=24932"}],"wp:term":[{"taxonomy":"category","embeddable":true,"href":"https:\/\/liviko.eu\/lv\/wp-json\/wp\/v2\/categories?post=24932"}],"curies":[{"name":"wp","href":"https:\/\/api.w.org\/{rel}","templated":true}]}}