{"id":434,"date":"2020-07-07T09:16:13","date_gmt":"2020-07-07T09:16:13","guid":{"rendered":"http:\/\/liviko.eu\/?page_id=434"},"modified":"2024-10-10T10:08:19","modified_gmt":"2024-10-10T10:08:19","slug":"liviko","status":"publish","type":"page","link":"https:\/\/liviko.eu\/lv\/","title":{"rendered":"RA\u017dO\u0160ANA"},"content":{"rendered":"\n<div id=\"featureBlocks-block_fa64aa1bd58d62d4d4960be24d4a7bf7\" class=\" c-contentBlock c-featureBlocks c-featureBlocks--type-featured\" data-block-type=\"Feature blocks: featured\">\n   <div class=\"c-featureBlocksGroup\">\n\n\n                          <div class=\"c-featureBlocks__item\">\n                \n                                        \n                    <a  \n                         href=\"https:\/\/liviko.eu\/lv\/pasaules-labako-dzerienu-konkursa-augstu-novertejumu-sanema-crafters-dzini-un-hobe-un-bellingshausen-degvini\/\"   \n                        class=\"c-featureBlocks__item-block\" \n                        style=\"background-image: url(https:\/\/liviko.eu\/wp-content\/uploads\/2024\/02\/2092x1080_Medalid_koduka-uudise-banner2-920x475.png)\"\n                    >\n                        \n                        <div class=\"c-featureBlocks__item-body\">\n                            <h2 class=\"c-featureBlocks__item-title\">Pasaules lab\u0101ko dz\u0113rienu konkurs\u0101 augstu nov\u0113rt\u0113jumu sa\u0146\u0113ma Crafter\u2019s d\u017eini un H\u00f5be un Bellingshausen degv\u012bni<\/h2>\n                            <div class=\"t-text\">\n                                                            <\/div>\n                        <\/div>\n                    <\/a>\n\n\n\n                            \n            <\/div>\n            \n                    <div class=\"c-featureBlocks__item\">\n                \n                                        \n                    <a  \n                         href=\"https:\/\/liviko.eu\/lv\/labakie-somelje-baltijas-valstis-no-igaunijas\/\"   \n                        class=\"c-featureBlocks__item-block\" \n                        style=\"background-image: url(https:\/\/liviko.eu\/wp-content\/uploads\/2024\/10\/8P1A3896-7-920x613.jpg)\"\n                    >\n                        \n                        <div class=\"c-featureBlocks__item-body\">\n                            <h2 class=\"c-featureBlocks__item-title\">Lab\u0101kie somelj\u0113 Baltijas valst\u012bs \u2013 no Igaunijas<\/h2>\n                            <div class=\"t-text\">\n                                                            <\/div>\n                        <\/div>\n                    <\/a>\n\n\n\n                            \n            <\/div>\n            \n                <div class=\"c-featureBlocks__item c-featureBlocks__item--empty\"><\/div>\n    <div class=\"c-featureBlocks__item c-featureBlocks__item--empty\"><\/div>\n    <\/div>\n<\/div>\n\n\n<div id=\"brandsList-block_c369f531342b27b6c52e4c7ba2e5211f\" class=\" c-contentBlock c-brandsList\" data-block-type=\"Brands list\">\n    \n\t\t\t\t\t\t\t\t\t<ul class=\"c-brandsListItems js-slider--scroll\">\n\t\t\t\t\t\t\t    \n\t\t\t\t\t\t\t\t\n\t\t\t\t\t\t\t    <li class=\"c-brandsList-item \" >\n\t\t\t\t\t\t\t    \t\t\t\t\t\t\t\t    \t\t<div class=\"c-brandsList-item-image\">\n\t\t\t\t\t\t\t    \t\t\t    \n\t\t\t\t\t\t\t\t\t\t\t<img decoding=\"async\" src=\"https:\/\/liviko.eu\/wp-content\/uploads\/2020\/07\/logo_hobe-1.png\" class=\"attachment-medium size-medium wp-post-image\" alt=\"H\u00f5be\" \/>\t\t\t\t\t\t\t    \t\t<\/div>\n\t\t\t\t\t\t\t\t\t\n\t\t\t\t\t\t\t    <\/li>\n\n\t\t\t\t\t\t\t    \n\t\t\t\t\t\t\t\t\n\t\t\t\t\t\t\t    <li class=\"c-brandsList-item \" >\n\t\t\t\t\t\t\t    \t\t\t\t\t\t\t\t    \t\t<div class=\"c-brandsList-item-image\">\n\t\t\t\t\t\t\t    \t\t\t    \n\t\t\t\t\t\t\t\t\t\t\t<img decoding=\"async\" src=\"https:\/\/liviko.eu\/wp-content\/uploads\/2020\/07\/logo_viruvalge-1.png\" class=\"attachment-medium size-medium wp-post-image\" alt=\"Viru valge\" \/>\t\t\t\t\t\t\t    \t\t<\/div>\n\t\t\t\t\t\t\t\t\t\n\t\t\t\t\t\t\t    <\/li>\n\n\t\t\t\t\t\t\t    \n\t\t\t\t\t\t\t\t\n\t\t\t\t\t\t\t    <li class=\"c-brandsList-item \" >\n\t\t\t\t\t\t\t    \t\t\t\t\t\t\t\t    \t\t<div class=\"c-brandsList-item-image\">\n\t\t\t\t\t\t\t    \t\t\t    \n\t\t\t\t\t\t\t\t\t\t\t\t\t\t\t\t\t\t    \t\t<\/div>\n\t\t\t\t\t\t\t\t\t\n\t\t\t\t\t\t\t    <\/li>\n\n\t\t\t\t\t\t\t    \n\t\t\t\t\t\t\t\t\n\t\t\t\t\t\t\t    <li class=\"c-brandsList-item \" >\n\t\t\t\t\t\t\t    \t\t\t\t\t\t\t\t    \t\t<div class=\"c-brandsList-item-image\">\n\t\t\t\t\t\t\t    \t\t\t    \n\t\t\t\t\t\t\t\t\t\t\t<img decoding=\"async\" src=\"https:\/\/liviko.eu\/wp-content\/uploads\/2020\/07\/logo_bacardi-1.png\" class=\"attachment-medium size-medium wp-post-image\" alt=\"Bacardi\" \/>\t\t\t\t\t\t\t    \t\t<\/div>\n\t\t\t\t\t\t\t\t\t\n\t\t\t\t\t\t\t    <\/li>\n\n\t\t\t\t\t\t\t    \n\t\t\t\t\t\t\t\t\n\t\t\t\t\t\t\t    <li class=\"c-brandsList-item \" >\n\t\t\t\t\t\t\t    \t\t\t\t\t\t\t\t    \t\t<div class=\"c-brandsList-item-image\">\n\t\t\t\t\t\t\t    \t\t\t    \n\t\t\t\t\t\t\t\t\t\t\t<img decoding=\"async\" src=\"https:\/\/liviko.eu\/wp-content\/uploads\/2020\/07\/logo_crafters-2.png\" class=\"attachment-medium size-medium wp-post-image\" alt=\"Crafters\" \/>\t\t\t\t\t\t\t    \t\t<\/div>\n\t\t\t\t\t\t\t\t\t\n\t\t\t\t\t\t\t    <\/li>\n\n\t\t\t\t\t\t\t    \n\t\t\t\t\t\t\t\t\n\t\t\t\t\t\t\t    <li class=\"c-brandsList-item \" >\n\t\t\t\t\t\t\t    \t\t\t\t\t\t\t\t    \t\t<div class=\"c-brandsList-item-image\">\n\t\t\t\t\t\t\t    \t\t\t    \n\t\t\t\t\t\t\t\t\t\t\t<img decoding=\"async\" src=\"https:\/\/liviko.eu\/wp-content\/uploads\/2020\/07\/logo_stremy-1.png\" class=\"attachment-medium size-medium wp-post-image\" alt=\"St-remy\" \/>\t\t\t\t\t\t\t    \t\t<\/div>\n\t\t\t\t\t\t\t\t\t\n\t\t\t\t\t\t\t    <\/li>\n\n\t\t\t\t\t\t\t    \n\t\t\t\t\t\t\t\t\n\t\t\t\t\t\t\t    <li class=\"c-brandsList-item \" >\n\t\t\t\t\t\t\t    \t\t\t\t\t\t\t\t    \t\t<div class=\"c-brandsList-item-image\">\n\t\t\t\t\t\t\t    \t\t\t    \n\t\t\t\t\t\t\t\t\t\t\t<img decoding=\"async\" src=\"https:\/\/liviko.eu\/wp-content\/uploads\/2020\/07\/logo_remy-1.png\" class=\"attachment-medium size-medium wp-post-image\" alt=\"Remy Martin\" \/>\t\t\t\t\t\t\t    \t\t<\/div>\n\t\t\t\t\t\t\t\t\t\n\t\t\t\t\t\t\t    <\/li>\n\n\t\t\t\t\t\t\t    \n\t\t\t\t\t\t\t\t\n\t\t\t\t\t\t\t    <li class=\"c-brandsList-item \" >\n\t\t\t\t\t\t\t    \t\t\t\t\t\t\t\t    \t\t<div class=\"c-brandsList-item-image\">\n\t\t\t\t\t\t\t    \t\t\t    \n\t\t\t\t\t\t\t\t\t\t\t<img decoding=\"async\" src=\"https:\/\/liviko.eu\/wp-content\/uploads\/2020\/07\/logo_vanatallinn-1.png\" class=\"attachment-medium size-medium wp-post-image\" alt=\"Vana Tallinn\" \/>\t\t\t\t\t\t\t    \t\t<\/div>\n\t\t\t\t\t\t\t\t\t\n\t\t\t\t\t\t\t    <\/li>\n\n\t\t\t\t\t\t\t    \n\t\t\t\t\t\t\t\t\n\t\t\t\t\t\t\t    <li class=\"c-brandsList-item \" >\n\t\t\t\t\t\t\t    \t\t\t\t\t\t\t\t    \t\t<div class=\"c-brandsList-item-image\">\n\t\t\t\t\t\t\t    \t\t\t    \n\t\t\t\t\t\t\t\t\t\t\t<img decoding=\"async\" src=\"https:\/\/liviko.eu\/wp-content\/uploads\/2020\/07\/logo_bellingshausen-1.png\" class=\"attachment-medium size-medium wp-post-image\" alt=\"Bellingshausen\" \/>\t\t\t\t\t\t\t    \t\t<\/div>\n\t\t\t\t\t\t\t\t\t\n\t\t\t\t\t\t\t    <\/li>\n\n\t\t\t\t\t\t\t    \n\t\t\t\t\t\t\t\t\n\t\t\t\t\t\t\t    <li class=\"c-brandsList-item \" >\n\t\t\t\t\t\t\t    \t\t\t\t\t\t\t\t    \t\t<div class=\"c-brandsList-item-image\">\n\t\t\t\t\t\t\t    \t\t\t    \n\t\t\t\t\t\t\t\t\t\t\t<img decoding=\"async\" src=\"https:\/\/liviko.eu\/wp-content\/uploads\/2020\/07\/logo_carriba-1.png\" class=\"attachment-medium size-medium wp-post-image\" alt=\"Caribba\" \/>\t\t\t\t\t\t\t    \t\t<\/div>\n\t\t\t\t\t\t\t\t\t\n\t\t\t\t\t\t\t    <\/li>\n\n\t\t\t\t\t\t\t    \n\t\t\t\t\t\t\t\t\n\t\t\t\t\t\t\t    <li class=\"c-brandsList-item \" >\n\t\t\t\t\t\t\t    \t\t\t\t\t\t\t\t    \t\t<div class=\"c-brandsList-item-image\">\n\t\t\t\t\t\t\t    \t\t\t    \n\t\t\t\t\t\t\t\t\t\t\t<img decoding=\"async\" src=\"https:\/\/liviko.eu\/wp-content\/uploads\/2020\/07\/logo_patron-1.png\" class=\"attachment-medium size-medium wp-post-image\" alt=\"Patron\" \/>\t\t\t\t\t\t\t    \t\t<\/div>\n\t\t\t\t\t\t\t\t\t\n\t\t\t\t\t\t\t    <\/li>\n\n\t\t\t\t\t\t\t    \n\t\t\t\t\t\t\t\t\n\t\t\t\t\t\t\t    <li class=\"c-brandsList-item \" >\n\t\t\t\t\t\t\t    \t\t\t\t\t\t\t\t    \t\t<div class=\"c-brandsList-item-image\">\n\t\t\t\t\t\t\t    \t\t\t    \n\t\t\t\t\t\t\t\t\t\t\t<img decoding=\"async\" src=\"https:\/\/liviko.eu\/wp-content\/uploads\/2020\/11\/jackdaniels-2.jpg\" class=\"attachment-medium size-medium wp-post-image\" alt=\"Jack Daniels\" \/>\t\t\t\t\t\t\t    \t\t<\/div>\n\t\t\t\t\t\t\t\t\t\n\t\t\t\t\t\t\t    <\/li>\n\n\t\t\t\t\t\t\t\t\t\t\t\t\t<\/ul>\n\t\t\t\t\n\t\t\t\n<\/div>\n\n\n\n<div id=\"spacer-block_79bda61c2dd9766b201f96fc4ed471a1\" class=\"c-contentBlock c-spacerContainer\"  data-block-type=\"Spacer\">\n   <hr class=\"  c-spacer c-spacer--size-1\" >\n<\/div>\n\n\n<div id=\"mediaBlock-block_f24bb1b463ea363a9515b4cd0ec8b211\" class=\" c-contentBlock c-mediaBlock c-mediaBlock--align-right c-mediaBlock--valign-center c-mediaBlock--size-regular c-mediaBlock--imageHeight-normal c-mediaBlock--type-feature\" data-block-type=\"Media block\">\n   \n                \n     <div class=\"c-mediaBlock__media\" style=\"background-image:url(https:\/\/liviko.eu\/wp-content\/uploads\/2020\/07\/home_banner.jpg)\"\">\n        <img fetchpriority=\"high\" decoding=\"async\" width=\"800\" height=\"537\" src=\"https:\/\/liviko.eu\/wp-content\/uploads\/2020\/07\/home_banner.jpg\" class=\"c-mediaBlock__image\" alt=\"Liviko\" srcset=\"https:\/\/liviko.eu\/wp-content\/uploads\/2020\/07\/home_banner.jpg 800w, https:\/\/liviko.eu\/wp-content\/uploads\/2020\/07\/home_banner-768x516.jpg 768w\" sizes=\"(max-width: 800px) 100vw, 800px\" \/>    <\/div>\n     <div class=\"c-mediaBlock__body\">\n                    <h2 class=\"c-mediaBlock__title\"> EKSKURSIJA PA \u201cLIVIKO DISTILLERY\u201d R\u016aPN\u012aCU<\/h2>\n                <div class=\"c-mediaBlock__content\">\n            <div class=\"t-text\">\n            <p>Dodoties ekskursij\u0101 pa \u201cLiviko Distillery\u201d r\u016bpn\u012bcu, kas atrodas pa\u0161\u0101 Tallinas centr\u0101, jums b\u016bs ekskluz\u012bva iesp\u0113ja iepaz\u012bt ra\u017eotni, kas darbojas jau kop\u0161 1898. gada. \u0160\u012b ir ma\u0123iska vieta, kur sensenas, no meistara meistaram mantojum\u0101 nodotas, receptes ar moderno tehnolo\u0123iju pal\u012bdz\u012bbu p\u0101rv\u0113r\u0161as izcilos dz\u0113rienos. J\u016bs var\u0113siet pa\u0161i sav\u0101m ac\u012bm redz\u0113t, k\u0101 ra\u017eotn\u0113 tiek gatavoti dz\u0113rieni \u2013 s\u0101kot no izejvielu izv\u0113les l\u012bdz pat pild\u012b\u0161anai pudel\u0113s. Ekskursij\u0101 iek\u013cauts ar\u012b interakt\u012bv\u0101 muzeja apmekl\u0113jums.<\/p>\n<ul>\n<li><a href=\"https:\/\/liviko.eu\/lv\/tootmine\/tehasetuur\/\">LAS\u012aT T\u0100L\u0100K<\/a><\/li>\n<\/ul>\n            <\/div>\n                                <div class=\"c-mediaBlock__buttons\">\n                                                         <a href=\"https:\/\/www.piletilevi.ee\/est\/piletid\/varia\/ekskursioonid\/distillery-tour-at-liviko-in-english-85091\/?design=&#038;shop_provider=lvk\" class=\"b-secondary\">Bi\u013cetes uz r\u016bpn\u012bcu<\/a>\n                    \n                                <\/div>\n                        \n        <\/div>\n    <\/div>\n<\/div>\n\n\n<div id=\"spacer-block_79bda61c2dd9766b201f96fc4ed471a1\" class=\"c-contentBlock c-spacerContainer\"  data-block-type=\"Spacer\">\n   <hr class=\"  c-spacer c-spacer--size-1\" >\n<\/div>\n\n\n<div id=\"pageHeader-block_3d0f138f3663b9b648121052df8b3d06\" class=\" c-contentBlock c-pageHeader\" data-block-type=\"Page header\">\n                    <h2 class=\"c-pageHeader__title\">\u201cLIVIKO\u201d M\u016aSDIEN\u0100S<\/h2>\n                            <div class=\"c-pageHeader__text t-text\"><p>\u201cLiviko\u201d ir atbild\u012bgs starptautisks koncerns, kur\u0101 tiek augstu v\u0113rt\u0113ta kvalit\u0101te, trad\u012bcijas un alkohola lieto\u0161anas kult\u016bra. Koncernam pieder uz\u0146\u0113mumi Igaunij\u0101, Latvij\u0101 un Lietuv\u0101. M\u0113s r\u016bp\u012bgi un ar m\u012blest\u012bbu att\u012bst\u0101m savus z\u012bmolus, ar cie\u0146u prezent\u0113jam citus kvalitat\u012bva alkohola ra\u017eot\u0101jus no visas pasaules un alla\u017e esam uzticams partneris. M\u0113s piederam pie vienas no visveiksm\u012bg\u0101kaj\u0101m Igaunijas r\u016bpniec\u012bbas un tirdzniec\u012bbas invest\u012bciju grup\u0101m \u2013 \u201cNG Investeeringud\u201d.<\/p>\n<\/div>\n                \n<\/div>\n<a id=\"page-434-body\"><\/a>\n\n\n<div id=\"featureBlocks-block_0e601fff676003c3f990601642adf9d4\" class=\" c-contentBlock c-featureBlocks c-featureBlocks--type-expanded c-featureBlocks--grid-columns\" data-block-type=\"Feature blocks: expanded\">\n   <div class=\"c-featureBlocksGroup\">\n\n\n                          <div class=\"c-featureBlocks__item\">\n                \n                \n                    <div class=\"c-featureBlocks__item-block\"    >\n\n                                                                                            <div class=\"c-featureBlock__imageContainer\">\n                                <img decoding=\"async\" width=\"800\" height=\"530\" src=\"https:\/\/liviko.eu\/wp-content\/uploads\/2021\/01\/Janek_kodulehele.jpg\" class=\"c-featureBlock__image\" alt=\"Liviko juhatus\" srcset=\"https:\/\/liviko.eu\/wp-content\/uploads\/2021\/01\/Janek_kodulehele.jpg 800w, https:\/\/liviko.eu\/wp-content\/uploads\/2021\/01\/Janek_kodulehele-768x509.jpg 768w, https:\/\/liviko.eu\/wp-content\/uploads\/2021\/01\/Janek_kodulehele-483x320.jpg 483w\" sizes=\"(max-width: 800px) 100vw, 800px\" \/>                                <\/div>\n                               \n\n                            <div class=\"c-featureBlocks__item-body\">\n                                    <h3 class=\"c-featureBlocks__item-title\"><\/h3>\n                                    <div class=\"t-text\">\n                                        <p><a href=\"https:\/\/liviko.eu\/lv\/meist\/\"><strong>Par uz\u0146\u0113mumu<\/strong><\/a><\/p>\n<p>\u201cLiviko\u201d ir strauji augo\u0161s starptautisks koncerns, kas pied\u0101v\u0101 kvalitat\u012bvu alkoholu un savus produktus p\u0101rdod 60 valst\u012bs. Tas ar\u012b p\u0101rst\u0101v pasaules vado\u0161os kvalitat\u012bva alkohola z\u012bmolus Igaunij\u0101, Latvij\u0101 un Lietuv\u0101.<\/p>\n                                    <\/div>\n                            <\/div>\n\n                    <\/div>    \n                        \n\n\n                            \n            <\/div>\n            \n                    <div class=\"c-featureBlocks__item\">\n                \n                \n                    <div class=\"c-featureBlocks__item-block\"    >\n\n                                                                                            <div class=\"c-featureBlock__imageContainer\">\n                                <img decoding=\"async\" width=\"920\" height=\"612\" src=\"https:\/\/liviko.eu\/wp-content\/uploads\/2020\/08\/Liviko-t\u00e4nap\u00e4ev-2-920x612.jpg\" class=\"c-featureBlock__image\" alt=\"Liviko Distillery\" srcset=\"https:\/\/liviko.eu\/wp-content\/uploads\/2020\/08\/Liviko-t\u00e4nap\u00e4ev-2-920x612.jpg 920w, https:\/\/liviko.eu\/wp-content\/uploads\/2020\/08\/Liviko-t\u00e4nap\u00e4ev-2-1366x908.jpg 1366w, https:\/\/liviko.eu\/wp-content\/uploads\/2020\/08\/Liviko-t\u00e4nap\u00e4ev-2-768x511.jpg 768w, https:\/\/liviko.eu\/wp-content\/uploads\/2020\/08\/Liviko-t\u00e4nap\u00e4ev-2-1536x1021.jpg 1536w, https:\/\/liviko.eu\/wp-content\/uploads\/2020\/08\/Liviko-t\u00e4nap\u00e4ev-2-2048x1362.jpg 2048w\" sizes=\"(max-width: 920px) 100vw, 920px\" \/>                                <\/div>\n                               \n\n                            <div class=\"c-featureBlocks__item-body\">\n                                    <h3 class=\"c-featureBlocks__item-title\"><\/h3>\n                                    <div class=\"t-text\">\n                                        <p><a href=\"https:\/\/liviko.eu\/lv\/tootmine\/meistrikoda\/\"><strong>Meistar\u012bba<\/strong><\/a><\/p>\n<p>1898. gad\u0101 dibin\u0101taj\u0101 r\u016bpn\u012bc\u0101 l\u012bdzv\u0113rt\u012bgu lomu sp\u0113l\u0113 gan augsto tehnolo\u0123iju laboratorija un uz p\u0113t\u012bjumiem balst\u012btu produktu izstr\u0101de, gan sen\u0101s trad\u012bcijas un prasmes, ko no paaudzes paaudz\u0113 t\u0101l\u0101k nodevu\u0161i m\u016bsu izcilie meistari.<\/p>\n                                    <\/div>\n                            <\/div>\n\n                    <\/div>    \n                        \n\n\n                            \n            <\/div>\n            \n                    <div class=\"c-featureBlocks__item\">\n                \n                \n                    <div class=\"c-featureBlocks__item-block\"    >\n\n                                                                                            <div class=\"c-featureBlock__imageContainer\">\n                                <img loading=\"lazy\" decoding=\"async\" width=\"800\" height=\"530\" src=\"https:\/\/liviko.eu\/wp-content\/uploads\/2021\/01\/Gloria_800x530.jpg\" class=\"c-featureBlock__image\" alt=\"Liviko Distillery\" srcset=\"https:\/\/liviko.eu\/wp-content\/uploads\/2021\/01\/Gloria_800x530.jpg 800w, https:\/\/liviko.eu\/wp-content\/uploads\/2021\/01\/Gloria_800x530-768x509.jpg 768w, https:\/\/liviko.eu\/wp-content\/uploads\/2021\/01\/Gloria_800x530-483x320.jpg 483w\" sizes=\"(max-width: 800px) 100vw, 800px\" \/>                                <\/div>\n                               \n\n                            <div class=\"c-featureBlocks__item-body\">\n                                    <h3 class=\"c-featureBlocks__item-title\"><\/h3>\n                                    <div class=\"t-text\">\n                                        <p><a href=\"https:\/\/liviko.eu\/lv\/meist\/toota-meiega\/\"><strong>Person\u012bbas<\/strong><\/a><\/p>\n<p>\u201cLiviko\u201d reput\u0101cijas st\u016brakmens ir atv\u0113rt\u012bba jauniem risin\u0101jumiem, draudz\u012bga attieksme un cie\u0146pilnas attiec\u012bbas ar kol\u0113\u0123iem un sadarb\u012bbas partneriem.<\/p>\n                                    <\/div>\n                            <\/div>\n\n                    <\/div>    \n                        \n\n\n                            \n            <\/div>\n            \n                <div class=\"c-featureBlocks__item c-featureBlocks__item--empty\"><\/div>\n    <div class=\"c-featureBlocks__item c-featureBlocks__item--empty\"><\/div>\n    <\/div>\n<\/div>\n\n\n\n<p><\/p>\n","protected":false},"excerpt":{"rendered":"","protected":false},"author":1,"featured_media":0,"parent":0,"menu_order":5,"comment_status":"closed","ping_status":"closed","template":"page-templates\/page-home.php","meta":{"_acf_changed":false,"inline_featured_image":false,"_monsterinsights_skip_tracking":false,"_monsterinsights_sitenote_active":false,"_monsterinsights_sitenote_note":"","_monsterinsights_sitenote_category":0,"footnotes":""},"categories":[],"class_list":["post-434","page","type-page","status-publish","hentry"],"acf":[],"yoast_head":"<!-- This site is optimized with the Yoast SEO plugin v24.0 - https:\/\/yoast.com\/wordpress\/plugins\/seo\/ -->\n<title>RA\u017dO\u0160ANA - Liviko<\/title>\n<meta name=\"robots\" content=\"index, follow, max-snippet:-1, max-image-preview:large, max-video-preview:-1\" \/>\n<link rel=\"canonical\" href=\"https:\/\/liviko.eu\/lv\/\" \/>\n<meta property=\"og:locale\" content=\"lv_LV\" \/>\n<meta property=\"og:type\" content=\"article\" \/>\n<meta property=\"og:title\" content=\"RA\u017dO\u0160ANA - Liviko\" \/>\n<meta property=\"og:url\" content=\"https:\/\/liviko.eu\/lv\/\" \/>\n<meta property=\"og:site_name\" content=\"Liviko\" \/>\n<meta property=\"article:publisher\" content=\"https:\/\/www.facebook.com\/LivikoDistillery\/\" \/>\n<meta property=\"article:modified_time\" content=\"2024-10-10T10:08:19+00:00\" \/>\n<meta name=\"twitter:card\" content=\"summary_large_image\" \/>\n<script type=\"application\/ld+json\" class=\"yoast-schema-graph\">{\"@context\":\"https:\/\/schema.org\",\"@graph\":[{\"@type\":\"WebPage\",\"@id\":\"https:\/\/liviko.eu\/lv\/\",\"url\":\"https:\/\/liviko.eu\/lv\/\",\"name\":\"RA\u017dO\u0160ANA - Liviko\",\"isPartOf\":{\"@id\":\"https:\/\/liviko.eu\/lv\/#website\"},\"datePublished\":\"2020-07-07T09:16:13+00:00\",\"dateModified\":\"2024-10-10T10:08:19+00:00\",\"breadcrumb\":{\"@id\":\"https:\/\/liviko.eu\/lv\/#breadcrumb\"},\"inLanguage\":\"lv-LV\",\"potentialAction\":[{\"@type\":\"ReadAction\",\"target\":[\"https:\/\/liviko.eu\/lv\/\"]}]},{\"@type\":\"BreadcrumbList\",\"@id\":\"https:\/\/liviko.eu\/lv\/#breadcrumb\",\"itemListElement\":[{\"@type\":\"ListItem\",\"position\":1,\"name\":\"Home\",\"item\":\"https:\/\/liviko.eu\/lv\/\"},{\"@type\":\"ListItem\",\"position\":2,\"name\":\"RA\u017dO\u0160ANA\"}]},{\"@type\":\"WebSite\",\"@id\":\"https:\/\/liviko.eu\/lv\/#website\",\"url\":\"https:\/\/liviko.eu\/lv\/\",\"name\":\"Liviko\",\"description\":\"anno 1898\",\"publisher\":{\"@id\":\"https:\/\/liviko.eu\/lv\/#organization\"},\"potentialAction\":[{\"@type\":\"SearchAction\",\"target\":{\"@type\":\"EntryPoint\",\"urlTemplate\":\"https:\/\/liviko.eu\/lv\/?s={search_term_string}\"},\"query-input\":{\"@type\":\"PropertyValueSpecification\",\"valueRequired\":true,\"valueName\":\"search_term_string\"}}],\"inLanguage\":\"lv-LV\"},{\"@type\":\"Organization\",\"@id\":\"https:\/\/liviko.eu\/lv\/#organization\",\"name\":\"Liviko\",\"url\":\"https:\/\/liviko.eu\/lv\/\",\"logo\":{\"@type\":\"ImageObject\",\"inLanguage\":\"lv-LV\",\"@id\":\"https:\/\/liviko.eu\/lv\/#\/schema\/logo\/image\/\",\"url\":\"https:\/\/liviko.eu\/wp-content\/uploads\/2020\/10\/liviko_logo.png\",\"contentUrl\":\"https:\/\/liviko.eu\/wp-content\/uploads\/2020\/10\/liviko_logo.png\",\"width\":515,\"height\":181,\"caption\":\"Liviko\"},\"image\":{\"@id\":\"https:\/\/liviko.eu\/lv\/#\/schema\/logo\/image\/\"},\"sameAs\":[\"https:\/\/www.facebook.com\/LivikoDistillery\/\",\"https:\/\/www.instagram.com\/livikodistillery\",\"https:\/\/www.linkedin.com\/company\/liviko\/\",\"https:\/\/www.youtube.com\/channel\/UCnoHr-PaNxBHJO8nMDLVGuA\"]}]}<\/script>\n<!-- \/ Yoast SEO plugin. -->","yoast_head_json":{"title":"RA\u017dO\u0160ANA - Liviko","robots":{"index":"index","follow":"follow","max-snippet":"max-snippet:-1","max-image-preview":"max-image-preview:large","max-video-preview":"max-video-preview:-1"},"canonical":"https:\/\/liviko.eu\/lv\/","og_locale":"lv_LV","og_type":"article","og_title":"RA\u017dO\u0160ANA - Liviko","og_url":"https:\/\/liviko.eu\/lv\/","og_site_name":"Liviko","article_publisher":"https:\/\/www.facebook.com\/LivikoDistillery\/","article_modified_time":"2024-10-10T10:08:19+00:00","twitter_card":"summary_large_image","schema":{"@context":"https:\/\/schema.org","@graph":[{"@type":"WebPage","@id":"https:\/\/liviko.eu\/lv\/","url":"https:\/\/liviko.eu\/lv\/","name":"RA\u017dO\u0160ANA - Liviko","isPartOf":{"@id":"https:\/\/liviko.eu\/lv\/#website"},"datePublished":"2020-07-07T09:16:13+00:00","dateModified":"2024-10-10T10:08:19+00:00","breadcrumb":{"@id":"https:\/\/liviko.eu\/lv\/#breadcrumb"},"inLanguage":"lv-LV","potentialAction":[{"@type":"ReadAction","target":["https:\/\/liviko.eu\/lv\/"]}]},{"@type":"BreadcrumbList","@id":"https:\/\/liviko.eu\/lv\/#breadcrumb","itemListElement":[{"@type":"ListItem","position":1,"name":"Home","item":"https:\/\/liviko.eu\/lv\/"},{"@type":"ListItem","position":2,"name":"RA\u017dO\u0160ANA"}]},{"@type":"WebSite","@id":"https:\/\/liviko.eu\/lv\/#website","url":"https:\/\/liviko.eu\/lv\/","name":"Liviko","description":"anno 1898","publisher":{"@id":"https:\/\/liviko.eu\/lv\/#organization"},"potentialAction":[{"@type":"SearchAction","target":{"@type":"EntryPoint","urlTemplate":"https:\/\/liviko.eu\/lv\/?s={search_term_string}"},"query-input":{"@type":"PropertyValueSpecification","valueRequired":true,"valueName":"search_term_string"}}],"inLanguage":"lv-LV"},{"@type":"Organization","@id":"https:\/\/liviko.eu\/lv\/#organization","name":"Liviko","url":"https:\/\/liviko.eu\/lv\/","logo":{"@type":"ImageObject","inLanguage":"lv-LV","@id":"https:\/\/liviko.eu\/lv\/#\/schema\/logo\/image\/","url":"https:\/\/liviko.eu\/wp-content\/uploads\/2020\/10\/liviko_logo.png","contentUrl":"https:\/\/liviko.eu\/wp-content\/uploads\/2020\/10\/liviko_logo.png","width":515,"height":181,"caption":"Liviko"},"image":{"@id":"https:\/\/liviko.eu\/lv\/#\/schema\/logo\/image\/"},"sameAs":["https:\/\/www.facebook.com\/LivikoDistillery\/","https:\/\/www.instagram.com\/livikodistillery","https:\/\/www.linkedin.com\/company\/liviko\/","https:\/\/www.youtube.com\/channel\/UCnoHr-PaNxBHJO8nMDLVGuA"]}]}},"_links":{"self":[{"href":"https:\/\/liviko.eu\/lv\/wp-json\/wp\/v2\/pages\/434","targetHints":{"allow":["GET"]}}],"collection":[{"href":"https:\/\/liviko.eu\/lv\/wp-json\/wp\/v2\/pages"}],"about":[{"href":"https:\/\/liviko.eu\/lv\/wp-json\/wp\/v2\/types\/page"}],"author":[{"embeddable":true,"href":"https:\/\/liviko.eu\/lv\/wp-json\/wp\/v2\/users\/1"}],"replies":[{"embeddable":true,"href":"https:\/\/liviko.eu\/lv\/wp-json\/wp\/v2\/comments?post=434"}],"version-history":[{"count":80,"href":"https:\/\/liviko.eu\/lv\/wp-json\/wp\/v2\/pages\/434\/revisions"}],"predecessor-version":[{"id":54105,"href":"https:\/\/liviko.eu\/lv\/wp-json\/wp\/v2\/pages\/434\/revisions\/54105"}],"wp:attachment":[{"href":"https:\/\/liviko.eu\/lv\/wp-json\/wp\/v2\/media?parent=434"}],"wp:term":[{"taxonomy":"category","embeddable":true,"href":"https:\/\/liviko.eu\/lv\/wp-json\/wp\/v2\/categories?post=434"}],"curies":[{"name":"wp","href":"https:\/\/api.w.org\/{rel}","templated":true}]}}