{"id":54111,"date":"2024-10-15T09:31:34","date_gmt":"2024-10-15T09:31:34","guid":{"rendered":"https:\/\/liviko.eu\/?page_id=54111"},"modified":"2024-11-13T14:16:32","modified_gmt":"2024-11-13T14:16:32","slug":"stellar","status":"publish","type":"page","link":"https:\/\/liviko.eu\/lv\/liviko-distillery\/stellar\/","title":{"rendered":"Stellar"},"content":{"rendered":"<div id=\"pageHeader-block_efef636f134b782372a36de257712fc7\" class=\" c-contentBlock c-pageHeader\" data-block-type=\"Page header\">\n                    <h1 class=\"c-pageHeader__title\">STELLAR<\/h1>\n                            <div class=\"c-pageHeader__text t-text\"><p>\u016adens ar dab\u012bgiem miner\u0101liem<\/p>\n<\/div>\n                \n<\/div>\n<a id=\"page-54111-body\"><\/a>\n\n<div id=\"mediaBlock-block_5046f2e01d858910534b284ca6071828\" class=\" c-contentBlock c-mediaBlock c-mediaBlock--align-left c-mediaBlock--valign-center c-mediaBlock--size-extra-small c-mediaBlock--imageHeight-small\" data-block-type=\"Media block\">\n   \n                \n     <div class=\"c-mediaBlock__media\" style=\"\"\">\n        <img fetchpriority=\"high\" decoding=\"async\" width=\"450\" height=\"1366\" src=\"https:\/\/liviko.eu\/wp-content\/uploads\/2024\/11\/MULLIGA_WEB-1-450x1366.jpg\" class=\"c-mediaBlock__image\" alt=\"STELLAR DZIRKSTO\u0160AIS \u016aDENS\" srcset=\"https:\/\/liviko.eu\/wp-content\/uploads\/2024\/11\/MULLIGA_WEB-1-450x1366.jpg 450w, https:\/\/liviko.eu\/wp-content\/uploads\/2024\/11\/MULLIGA_WEB-1-303x920.jpg 303w, https:\/\/liviko.eu\/wp-content\/uploads\/2024\/11\/MULLIGA_WEB-1-105x320.jpg 105w, https:\/\/liviko.eu\/wp-content\/uploads\/2024\/11\/MULLIGA_WEB-1-199x603.jpg 199w, https:\/\/liviko.eu\/wp-content\/uploads\/2024\/11\/MULLIGA_WEB-1.jpg 494w\" sizes=\"(max-width: 450px) 100vw, 450px\" \/>    <\/div>\n     <div class=\"c-mediaBlock__body\">\n                    <h2 class=\"c-mediaBlock__title\">STELLAR DZIRKSTO\u0160AIS \u016aDENS<\/h2>\n                <div class=\"c-mediaBlock__content\">\n            <div class=\"t-text\">\n            <p>STELLAR dzirksto\u0161ais \u016bdens n\u0101k no neskartiem \u016bdens nes\u0113jiem dzi\u013ci zem zemes garozas Setom\u0101 apkaim\u0113, no Vidusdevona sl\u0101\u0146iem. STELLAR \u016bdens satur miner\u0101lvielas, kas uzkr\u0101ju\u0161\u0101s t\u016bksto\u0161gadu laik\u0101, nesot sev\u012b Dienvidigaunijas t\u012br\u0101s dabas dz\u012bvotsp\u0113ju.<\/p>\n<p>\u016adens tiek sajaukts no da\u017e\u0101diem grunts\u016bdens sl\u0101\u0146iem, kas ieg\u016bti no urbumiem 95 un 130 metru dzi\u013cum\u0101.<\/p>\n<p>Malks STELLAR \u016bdens veldz\u0113 sl\u0101pes, atsvaidzina \u0137ermeni un pr\u0101tu, un saglab\u0101 \u0113diena autentisko gar\u0161u.<\/p>\n            <\/div>\n                            \n        <\/div>\n    <\/div>\n<\/div>\n\n<div id=\"mediaBlock-block_d82a539bf155807b75c0828baad710ae\" class=\" c-contentBlock c-mediaBlock c-mediaBlock--align-right c-mediaBlock--valign-center c-mediaBlock--size-extra-small c-mediaBlock--imageHeight-small\" data-block-type=\"Media block\">\n   \n                \n     <div class=\"c-mediaBlock__media\" style=\"\"\">\n        <img decoding=\"async\" width=\"450\" height=\"1366\" src=\"https:\/\/liviko.eu\/wp-content\/uploads\/2024\/11\/MULLITA_WEB-450x1366.jpg\" class=\"c-mediaBlock__image\" alt=\"STELLAR NEG\u0100Z\u0112TAIS \u016aDENS\" srcset=\"https:\/\/liviko.eu\/wp-content\/uploads\/2024\/11\/MULLITA_WEB-450x1366.jpg 450w, https:\/\/liviko.eu\/wp-content\/uploads\/2024\/11\/MULLITA_WEB-303x920.jpg 303w, https:\/\/liviko.eu\/wp-content\/uploads\/2024\/11\/MULLITA_WEB-105x320.jpg 105w, https:\/\/liviko.eu\/wp-content\/uploads\/2024\/11\/MULLITA_WEB-199x603.jpg 199w, https:\/\/liviko.eu\/wp-content\/uploads\/2024\/11\/MULLITA_WEB.jpg 494w\" sizes=\"(max-width: 450px) 100vw, 450px\" \/>    <\/div>\n     <div class=\"c-mediaBlock__body\">\n                    <h2 class=\"c-mediaBlock__title\">STELLAR NEG\u0100Z\u0112TAIS \u016aDENS<\/h2>\n                <div class=\"c-mediaBlock__content\">\n            <div class=\"t-text\">\n            <p>STELLAR neg\u0101z\u0113tais \u016bdens n\u0101k no neskartiem \u016bdens nes\u0113jiem dzi\u013ci zem zemes garozas Setom\u0101 apkaim\u0113, no Vidusdevona sl\u0101\u0146iem. STELLAR \u016bdens satur miner\u0101lvielas, kas uzkr\u0101ju\u0161\u0101s t\u016bksto\u0161gadu laik\u0101, nesot sev\u012b Dienvidigaunijas t\u012br\u0101s dabas dz\u012bvotsp\u0113ju.<\/p>\n<p>\u016adens tiek sajaukts no da\u017e\u0101diem grunts\u016bdens sl\u0101\u0146iem, kas ieg\u016bti no urbumiem 95 un 130 metru dzi\u013cum\u0101.<\/p>\n<p>Malks STELLAR \u016bdens veldz\u0113 sl\u0101pes, atsvaidzina \u0137ermeni un pr\u0101tu, un saglab\u0101 \u0113diena autentisko gar\u0161u.<\/p>\n<p>&nbsp;<\/p>\n<div class=\"product__usage\"><\/div>\n            <\/div>\n                            \n        <\/div>\n    <\/div>\n<\/div>\n\n\n<div id=\"featureBlocks-block_2254f5d3d85f5475a220e2ec393bc842\" class=\" c-contentBlock c-featureBlocks c-featureBlocks--type-expanded c-featureBlocks--grid-columns\" data-block-type=\"Feature blocks: expanded\">\n   <div class=\"c-featureBlocksGroup\">\n\n\n                          <div class=\"c-featureBlocks__item\">\n                \n                \n                    <div class=\"c-featureBlocks__item-block\"    >\n\n                                                                                            <div class=\"c-featureBlock__imageContainer\">\n                                <img decoding=\"async\" width=\"920\" height=\"920\" src=\"https:\/\/liviko.eu\/wp-content\/uploads\/2024\/11\/STELLAR_DUO_X2-920x920.jpg\" class=\"c-featureBlock__image\" alt=\"\" srcset=\"https:\/\/liviko.eu\/wp-content\/uploads\/2024\/11\/STELLAR_DUO_X2-920x920.jpg 920w, https:\/\/liviko.eu\/wp-content\/uploads\/2024\/11\/STELLAR_DUO_X2-1366x1366.jpg 1366w, https:\/\/liviko.eu\/wp-content\/uploads\/2024\/11\/STELLAR_DUO_X2-480x480.jpg 480w, https:\/\/liviko.eu\/wp-content\/uploads\/2024\/11\/STELLAR_DUO_X2-768x768.jpg 768w, https:\/\/liviko.eu\/wp-content\/uploads\/2024\/11\/STELLAR_DUO_X2-1536x1536.jpg 1536w, https:\/\/liviko.eu\/wp-content\/uploads\/2024\/11\/STELLAR_DUO_X2-2048x2048.jpg 2048w, https:\/\/liviko.eu\/wp-content\/uploads\/2024\/11\/STELLAR_DUO_X2-320x320.jpg 320w, https:\/\/liviko.eu\/wp-content\/uploads\/2024\/11\/STELLAR_DUO_X2-603x603.jpg 603w\" sizes=\"(max-width: 920px) 100vw, 920px\" \/>                                <\/div>\n                               \n\n                            <div class=\"c-featureBlocks__item-body\">\n                                    <h3 class=\"c-featureBlocks__item-title\"><\/h3>\n                                    <div class=\"t-text\">\n                                        <p><strong>\u016adens ir dz\u012bv\u012bbas avots<\/strong><\/p>\n<p>Dzeramais \u016bdens ir svar\u012bgs ikdienas ieradums, kas atbalsta m\u016bsu \u0137erme\u0146a norm\u0101las funkcijas un visp\u0101r\u0113jo vesel\u012bbu. \u016adens lieto\u0161ana ir \u012bpa\u0161i svar\u012bga fizisku aktivit\u0101\u0161u laik\u0101, slim\u012bbas gad\u012bjum\u0101, karst\u0101 laik\u0101, k\u0101 ar\u012b noteiktos dz\u012bves posmos, piem\u0113ram, gr\u016btniec\u012bbas un z\u012bd\u012b\u0161anas laik\u0101. T\u0101pat ir svar\u012bgi dzert \u016bdeni \u0113dienrei\u017eu laik\u0101, lai atbalst\u012btu gremo\u0161anu un saglab\u0101tu visp\u0101r\u0113jo labsaj\u016btu. R\u016bp\u0113simies par savu \u0137ermeni, dzerot pietiekami daudz \u016bdens katru dienu!<\/p>\n<p>&nbsp;<\/p>\n                                    <\/div>\n                            <\/div>\n\n                    <\/div>    \n                        \n\n\n                            \n            <\/div>\n            \n                    <div class=\"c-featureBlocks__item\">\n                \n                \n                    <div class=\"c-featureBlocks__item-block\"    >\n\n                                                                                            <div class=\"c-featureBlock__imageContainer\">\n                                <img loading=\"lazy\" decoding=\"async\" width=\"920\" height=\"920\" src=\"https:\/\/liviko.eu\/wp-content\/uploads\/2024\/11\/louna-eesti-920x920.jpg\" class=\"c-featureBlock__image\" alt=\"\" srcset=\"https:\/\/liviko.eu\/wp-content\/uploads\/2024\/11\/louna-eesti-920x920.jpg 920w, https:\/\/liviko.eu\/wp-content\/uploads\/2024\/11\/louna-eesti-1366x1366.jpg 1366w, https:\/\/liviko.eu\/wp-content\/uploads\/2024\/11\/louna-eesti-480x480.jpg 480w, https:\/\/liviko.eu\/wp-content\/uploads\/2024\/11\/louna-eesti-768x768.jpg 768w, https:\/\/liviko.eu\/wp-content\/uploads\/2024\/11\/louna-eesti-1536x1536.jpg 1536w, https:\/\/liviko.eu\/wp-content\/uploads\/2024\/11\/louna-eesti-2048x2048.jpg 2048w, https:\/\/liviko.eu\/wp-content\/uploads\/2024\/11\/louna-eesti-320x320.jpg 320w, https:\/\/liviko.eu\/wp-content\/uploads\/2024\/11\/louna-eesti-603x603.jpg 603w\" sizes=\"(max-width: 920px) 100vw, 920px\" \/>                                <\/div>\n                               \n\n                            <div class=\"c-featureBlocks__item-body\">\n                                    <h3 class=\"c-featureBlocks__item-title\"><\/h3>\n                                    <div class=\"t-text\">\n                                        <p><strong>Izcelsme<\/strong><\/p>\n<p>Setom\u0101, Dienvidigaunijas apsl\u0113ptais d\u0101rgums, ir neskartas dabas un miera o\u0101ze. Tie\u0161i no \u0161ejienes, dzi\u013ci zem Setom\u0101 zemes, n\u0101k m\u016bsu miner\u0101l\u016bdens, kas atspogu\u013co re\u0123iona t\u012bro dabu un dz\u012bvotsp\u0113ju.<\/p>\n                                    <\/div>\n                            <\/div>\n\n                    <\/div>    \n                        \n\n\n                            \n            <\/div>\n            \n                    <div class=\"c-featureBlocks__item\">\n                \n                \n                    <div class=\"c-featureBlocks__item-block\"    >\n\n                                                                                            <div class=\"c-featureBlock__imageContainer\">\n                                <img loading=\"lazy\" decoding=\"async\" width=\"920\" height=\"920\" src=\"https:\/\/liviko.eu\/wp-content\/uploads\/2024\/11\/STELLAR_STILL_07_SCENE_NO_GLARE-1-920x920.jpg\" class=\"c-featureBlock__image\" alt=\"\" srcset=\"https:\/\/liviko.eu\/wp-content\/uploads\/2024\/11\/STELLAR_STILL_07_SCENE_NO_GLARE-1-920x920.jpg 920w, https:\/\/liviko.eu\/wp-content\/uploads\/2024\/11\/STELLAR_STILL_07_SCENE_NO_GLARE-1-1366x1366.jpg 1366w, https:\/\/liviko.eu\/wp-content\/uploads\/2024\/11\/STELLAR_STILL_07_SCENE_NO_GLARE-1-480x480.jpg 480w, https:\/\/liviko.eu\/wp-content\/uploads\/2024\/11\/STELLAR_STILL_07_SCENE_NO_GLARE-1-768x768.jpg 768w, https:\/\/liviko.eu\/wp-content\/uploads\/2024\/11\/STELLAR_STILL_07_SCENE_NO_GLARE-1-1536x1536.jpg 1536w, https:\/\/liviko.eu\/wp-content\/uploads\/2024\/11\/STELLAR_STILL_07_SCENE_NO_GLARE-1-2048x2048.jpg 2048w, https:\/\/liviko.eu\/wp-content\/uploads\/2024\/11\/STELLAR_STILL_07_SCENE_NO_GLARE-1-320x320.jpg 320w, https:\/\/liviko.eu\/wp-content\/uploads\/2024\/11\/STELLAR_STILL_07_SCENE_NO_GLARE-1-603x603.jpg 603w\" sizes=\"(max-width: 920px) 100vw, 920px\" \/>                                <\/div>\n                               \n\n                            <div class=\"c-featureBlocks__item-body\">\n                                    <h3 class=\"c-featureBlocks__item-title\"><\/h3>\n                                    <div class=\"t-text\">\n                                        <p><strong>Nosaukuma izcelsme<\/strong><\/p>\n<p>M\u016bsu \u016bdens nosaukums ir iedvesmots no \u016bdens kosmisk\u0101s izcelsmes. Agr\u012bnaj\u0101 Saules sist\u0113mas veido\u0161an\u0101s posm\u0101 ledus kl\u0101t\u0101s kom\u0113tas un astero\u012bdi atnesa \u016bdeni uz Zemi. \u016adens ir visur visum\u0101 \u2013 starpzvaig\u017e\u0146u m\u0101ko\u0146os, uz plan\u0113t\u0101m un pavado\u0146iem m\u016bsu Saules sist\u0113m\u0101 un \u0101rpus t\u0101s.<\/p>\n                                    <\/div>\n                            <\/div>\n\n                    <\/div>    \n                        \n\n\n                            \n            <\/div>\n            \n                <div class=\"c-featureBlocks__item c-featureBlocks__item--empty\"><\/div>\n    <div class=\"c-featureBlocks__item c-featureBlocks__item--empty\"><\/div>\n    <\/div>\n<\/div>\n\n\n\n<div id=\"spacer-block_6d1ad67e9556badeeff360bd8ccbe62f\" class=\"c-contentBlock c-spacerContainer\"  data-block-type=\"Spacer\">\n   <hr class=\"  c-spacer c-spacer--size-3 c-spacer--line\" >\n<\/div>\n","protected":false},"excerpt":{"rendered":"","protected":false},"author":16,"featured_media":0,"parent":770,"menu_order":18,"comment_status":"closed","ping_status":"closed","template":"page-templates\/page-product.php","meta":{"_acf_changed":false,"inline_featured_image":false,"_monsterinsights_skip_tracking":false,"_monsterinsights_sitenote_active":false,"_monsterinsights_sitenote_note":"","_monsterinsights_sitenote_category":0,"footnotes":""},"categories":[35,56],"class_list":["post-54111","page","type-page","status-publish","hentry","category-non-alcohol","category-non-alcohol-lv"],"acf":[],"yoast_head":"<!-- This site is optimized with the Yoast SEO plugin v24.0 - https:\/\/yoast.com\/wordpress\/plugins\/seo\/ -->\n<title>Stellar - Liviko<\/title>\n<meta name=\"robots\" content=\"index, follow, max-snippet:-1, max-image-preview:large, max-video-preview:-1\" \/>\n<link rel=\"canonical\" href=\"https:\/\/liviko.eu\/lv\/liviko-distillery\/stellar\/\" \/>\n<meta property=\"og:locale\" content=\"lv_LV\" \/>\n<meta property=\"og:type\" content=\"article\" \/>\n<meta property=\"og:title\" content=\"Stellar - Liviko\" \/>\n<meta property=\"og:url\" content=\"https:\/\/liviko.eu\/lv\/liviko-distillery\/stellar\/\" \/>\n<meta property=\"og:site_name\" content=\"Liviko\" \/>\n<meta property=\"article:publisher\" content=\"https:\/\/www.facebook.com\/LivikoDistillery\/\" \/>\n<meta property=\"article:modified_time\" content=\"2024-11-13T14:16:32+00:00\" \/>\n<meta name=\"twitter:card\" content=\"summary_large_image\" \/>\n<script type=\"application\/ld+json\" class=\"yoast-schema-graph\">{\"@context\":\"https:\/\/schema.org\",\"@graph\":[{\"@type\":\"WebPage\",\"@id\":\"https:\/\/liviko.eu\/lv\/liviko-distillery\/stellar\/\",\"url\":\"https:\/\/liviko.eu\/lv\/liviko-distillery\/stellar\/\",\"name\":\"Stellar - Liviko\",\"isPartOf\":{\"@id\":\"https:\/\/liviko.eu\/lv\/#website\"},\"datePublished\":\"2024-10-15T09:31:34+00:00\",\"dateModified\":\"2024-11-13T14:16:32+00:00\",\"breadcrumb\":{\"@id\":\"https:\/\/liviko.eu\/lv\/liviko-distillery\/stellar\/#breadcrumb\"},\"inLanguage\":\"lv-LV\",\"potentialAction\":[{\"@type\":\"ReadAction\",\"target\":[\"https:\/\/liviko.eu\/lv\/liviko-distillery\/stellar\/\"]}]},{\"@type\":\"BreadcrumbList\",\"@id\":\"https:\/\/liviko.eu\/lv\/liviko-distillery\/stellar\/#breadcrumb\",\"itemListElement\":[{\"@type\":\"ListItem\",\"position\":1,\"name\":\"Home\",\"item\":\"https:\/\/liviko.eu\/lv\/\"},{\"@type\":\"ListItem\",\"position\":2,\"name\":\"PRE\u010cU Z\u012aMES\",\"item\":\"https:\/\/liviko.eu\/lv\/liviko-distillery\/\"},{\"@type\":\"ListItem\",\"position\":3,\"name\":\"Stellar\"}]},{\"@type\":\"WebSite\",\"@id\":\"https:\/\/liviko.eu\/lv\/#website\",\"url\":\"https:\/\/liviko.eu\/lv\/\",\"name\":\"Liviko\",\"description\":\"anno 1898\",\"publisher\":{\"@id\":\"https:\/\/liviko.eu\/lv\/#organization\"},\"potentialAction\":[{\"@type\":\"SearchAction\",\"target\":{\"@type\":\"EntryPoint\",\"urlTemplate\":\"https:\/\/liviko.eu\/lv\/?s={search_term_string}\"},\"query-input\":{\"@type\":\"PropertyValueSpecification\",\"valueRequired\":true,\"valueName\":\"search_term_string\"}}],\"inLanguage\":\"lv-LV\"},{\"@type\":\"Organization\",\"@id\":\"https:\/\/liviko.eu\/lv\/#organization\",\"name\":\"Liviko\",\"url\":\"https:\/\/liviko.eu\/lv\/\",\"logo\":{\"@type\":\"ImageObject\",\"inLanguage\":\"lv-LV\",\"@id\":\"https:\/\/liviko.eu\/lv\/#\/schema\/logo\/image\/\",\"url\":\"https:\/\/liviko.eu\/wp-content\/uploads\/2020\/10\/liviko_logo.png\",\"contentUrl\":\"https:\/\/liviko.eu\/wp-content\/uploads\/2020\/10\/liviko_logo.png\",\"width\":515,\"height\":181,\"caption\":\"Liviko\"},\"image\":{\"@id\":\"https:\/\/liviko.eu\/lv\/#\/schema\/logo\/image\/\"},\"sameAs\":[\"https:\/\/www.facebook.com\/LivikoDistillery\/\",\"https:\/\/www.instagram.com\/livikodistillery\",\"https:\/\/www.linkedin.com\/company\/liviko\/\",\"https:\/\/www.youtube.com\/channel\/UCnoHr-PaNxBHJO8nMDLVGuA\"]}]}<\/script>\n<!-- \/ Yoast SEO plugin. -->","yoast_head_json":{"title":"Stellar - Liviko","robots":{"index":"index","follow":"follow","max-snippet":"max-snippet:-1","max-image-preview":"max-image-preview:large","max-video-preview":"max-video-preview:-1"},"canonical":"https:\/\/liviko.eu\/lv\/liviko-distillery\/stellar\/","og_locale":"lv_LV","og_type":"article","og_title":"Stellar - Liviko","og_url":"https:\/\/liviko.eu\/lv\/liviko-distillery\/stellar\/","og_site_name":"Liviko","article_publisher":"https:\/\/www.facebook.com\/LivikoDistillery\/","article_modified_time":"2024-11-13T14:16:32+00:00","twitter_card":"summary_large_image","schema":{"@context":"https:\/\/schema.org","@graph":[{"@type":"WebPage","@id":"https:\/\/liviko.eu\/lv\/liviko-distillery\/stellar\/","url":"https:\/\/liviko.eu\/lv\/liviko-distillery\/stellar\/","name":"Stellar - Liviko","isPartOf":{"@id":"https:\/\/liviko.eu\/lv\/#website"},"datePublished":"2024-10-15T09:31:34+00:00","dateModified":"2024-11-13T14:16:32+00:00","breadcrumb":{"@id":"https:\/\/liviko.eu\/lv\/liviko-distillery\/stellar\/#breadcrumb"},"inLanguage":"lv-LV","potentialAction":[{"@type":"ReadAction","target":["https:\/\/liviko.eu\/lv\/liviko-distillery\/stellar\/"]}]},{"@type":"BreadcrumbList","@id":"https:\/\/liviko.eu\/lv\/liviko-distillery\/stellar\/#breadcrumb","itemListElement":[{"@type":"ListItem","position":1,"name":"Home","item":"https:\/\/liviko.eu\/lv\/"},{"@type":"ListItem","position":2,"name":"PRE\u010cU Z\u012aMES","item":"https:\/\/liviko.eu\/lv\/liviko-distillery\/"},{"@type":"ListItem","position":3,"name":"Stellar"}]},{"@type":"WebSite","@id":"https:\/\/liviko.eu\/lv\/#website","url":"https:\/\/liviko.eu\/lv\/","name":"Liviko","description":"anno 1898","publisher":{"@id":"https:\/\/liviko.eu\/lv\/#organization"},"potentialAction":[{"@type":"SearchAction","target":{"@type":"EntryPoint","urlTemplate":"https:\/\/liviko.eu\/lv\/?s={search_term_string}"},"query-input":{"@type":"PropertyValueSpecification","valueRequired":true,"valueName":"search_term_string"}}],"inLanguage":"lv-LV"},{"@type":"Organization","@id":"https:\/\/liviko.eu\/lv\/#organization","name":"Liviko","url":"https:\/\/liviko.eu\/lv\/","logo":{"@type":"ImageObject","inLanguage":"lv-LV","@id":"https:\/\/liviko.eu\/lv\/#\/schema\/logo\/image\/","url":"https:\/\/liviko.eu\/wp-content\/uploads\/2020\/10\/liviko_logo.png","contentUrl":"https:\/\/liviko.eu\/wp-content\/uploads\/2020\/10\/liviko_logo.png","width":515,"height":181,"caption":"Liviko"},"image":{"@id":"https:\/\/liviko.eu\/lv\/#\/schema\/logo\/image\/"},"sameAs":["https:\/\/www.facebook.com\/LivikoDistillery\/","https:\/\/www.instagram.com\/livikodistillery","https:\/\/www.linkedin.com\/company\/liviko\/","https:\/\/www.youtube.com\/channel\/UCnoHr-PaNxBHJO8nMDLVGuA"]}]}},"_links":{"self":[{"href":"https:\/\/liviko.eu\/lv\/wp-json\/wp\/v2\/pages\/54111","targetHints":{"allow":["GET"]}}],"collection":[{"href":"https:\/\/liviko.eu\/lv\/wp-json\/wp\/v2\/pages"}],"about":[{"href":"https:\/\/liviko.eu\/lv\/wp-json\/wp\/v2\/types\/page"}],"author":[{"embeddable":true,"href":"https:\/\/liviko.eu\/lv\/wp-json\/wp\/v2\/users\/16"}],"replies":[{"embeddable":true,"href":"https:\/\/liviko.eu\/lv\/wp-json\/wp\/v2\/comments?post=54111"}],"version-history":[{"count":7,"href":"https:\/\/liviko.eu\/lv\/wp-json\/wp\/v2\/pages\/54111\/revisions"}],"predecessor-version":[{"id":54483,"href":"https:\/\/liviko.eu\/lv\/wp-json\/wp\/v2\/pages\/54111\/revisions\/54483"}],"up":[{"embeddable":true,"href":"https:\/\/liviko.eu\/lv\/wp-json\/wp\/v2\/pages\/770"}],"wp:attachment":[{"href":"https:\/\/liviko.eu\/lv\/wp-json\/wp\/v2\/media?parent=54111"}],"wp:term":[{"taxonomy":"category","embeddable":true,"href":"https:\/\/liviko.eu\/lv\/wp-json\/wp\/v2\/categories?post=54111"}],"curies":[{"name":"wp","href":"https:\/\/api.w.org\/{rel}","templated":true}]}}