{"id":56042,"date":"2025-06-19T08:20:56","date_gmt":"2025-06-19T08:20:56","guid":{"rendered":"https:\/\/liviko.eu\/?page_id=56042"},"modified":"2025-11-04T07:20:29","modified_gmt":"2025-11-04T07:20:29","slug":"import","status":"publish","type":"page","link":"https:\/\/liviko.eu\/lv\/contacts\/import\/","title":{"rendered":"Import"},"content":{"rendered":"\n<div id=\"contactsList-block_9d4338d6f5a527188bb33ff688f4d320\" class=\" c-contentBlock c-contactsList\" data-block-type=\"Contacts list\" >\n   \n    \n\n\n              \n                    \n                \n\n            <div class=\"c-contactsList__item\">\n                    <div class=\"c-contactsList__item-imageContainer\">\n                    <img decoding=\"async\" src=\"https:\/\/liviko.eu\/wp-content\/uploads\/2025\/06\/Hanna-Liisa-ametifoto-WEB.jpg\" class=\"c-contactsList__item-image wp-post-image\" alt=\"\" srcset=\"https:\/\/liviko.eu\/wp-content\/uploads\/2025\/06\/Hanna-Liisa-ametifoto-WEB.jpg 800w, https:\/\/liviko.eu\/wp-content\/uploads\/2025\/06\/Hanna-Liisa-ametifoto-WEB-480x480.jpg 480w, https:\/\/liviko.eu\/wp-content\/uploads\/2025\/06\/Hanna-Liisa-ametifoto-WEB-768x768.jpg 768w, https:\/\/liviko.eu\/wp-content\/uploads\/2025\/06\/Hanna-Liisa-ametifoto-WEB-320x320.jpg 320w, https:\/\/liviko.eu\/wp-content\/uploads\/2025\/06\/Hanna-Liisa-ametifoto-WEB-603x603.jpg 603w\" sizes=\"(max-width: 800px) 100vw, 800px\" \/>                         \n                     <\/div>\n                    \n                    <div class=\"c-contactsList__item-details\">\n                        <h3 class=\"c-contactsList__item-title\">Hanna-Liisa Almre<\/h3>\n                        <ul class=\"c-contactsList__item-meta t-text\">\n                        <li>Importa iepirkumu vad\u012bt\u0101js<\/li>\n                        <li>Phone: +3726678080<\/li>                        <li><a href=\"mailto:hannaliisa.almre@liviko.ee\">hannaliisa.almre@liviko.ee<\/a><\/li>                                                                        <\/ul>\n                    <\/div>\n            <\/div>\n                    \n                \n\n            <div class=\"c-contactsList__item\">\n                    <div class=\"c-contactsList__item-imageContainer\">\n                    <img decoding=\"async\" src=\"https:\/\/liviko.eu\/wp-content\/uploads\/2025\/06\/800x800_valeri.jpg\" class=\"c-contactsList__item-image wp-post-image\" alt=\"\" srcset=\"https:\/\/liviko.eu\/wp-content\/uploads\/2025\/06\/800x800_valeri.jpg 800w, https:\/\/liviko.eu\/wp-content\/uploads\/2025\/06\/800x800_valeri-480x480.jpg 480w, https:\/\/liviko.eu\/wp-content\/uploads\/2025\/06\/800x800_valeri-768x768.jpg 768w, https:\/\/liviko.eu\/wp-content\/uploads\/2025\/06\/800x800_valeri-320x320.jpg 320w, https:\/\/liviko.eu\/wp-content\/uploads\/2025\/06\/800x800_valeri-603x603.jpg 603w\" sizes=\"(max-width: 800px) 100vw, 800px\" \/>                         \n                     <\/div>\n                    \n                    <div class=\"c-contactsList__item-details\">\n                        <h3 class=\"c-contactsList__item-title\">Valeri Gorbat\u0161evski<\/h3>\n                        <ul class=\"c-contactsList__item-meta t-text\">\n                        <li>Importa iepirkumu vad\u012bt\u0101js<\/li>\n                        <li>Phone: +3726678079<\/li>                        <li><a href=\"mailto:valeri@liviko.ee\">valeri@liviko.ee<\/a><\/li>                                                                        <\/ul>\n                    <\/div>\n            <\/div>\n                    \n                \n\n            <div class=\"c-contactsList__item\">\n                    <div class=\"c-contactsList__item-imageContainer\">\n                    <img decoding=\"async\" src=\"https:\/\/liviko.eu\/wp-content\/uploads\/2025\/06\/Keliann-ametifoto-WEB.jpg\" class=\"c-contactsList__item-image wp-post-image\" alt=\"\" srcset=\"https:\/\/liviko.eu\/wp-content\/uploads\/2025\/06\/Keliann-ametifoto-WEB.jpg 800w, https:\/\/liviko.eu\/wp-content\/uploads\/2025\/06\/Keliann-ametifoto-WEB-480x480.jpg 480w, https:\/\/liviko.eu\/wp-content\/uploads\/2025\/06\/Keliann-ametifoto-WEB-768x768.jpg 768w, https:\/\/liviko.eu\/wp-content\/uploads\/2025\/06\/Keliann-ametifoto-WEB-320x320.jpg 320w, https:\/\/liviko.eu\/wp-content\/uploads\/2025\/06\/Keliann-ametifoto-WEB-603x603.jpg 603w\" sizes=\"(max-width: 800px) 100vw, 800px\" \/>                         \n                     <\/div>\n                    \n                    <div class=\"c-contactsList__item-details\">\n                        <h3 class=\"c-contactsList__item-title\">Keliann Prits<\/h3>\n                        <ul class=\"c-contactsList__item-meta t-text\">\n                        <li>Import\u0113to pre\u010du iepirk\u0161anas speci\u0101lists<\/li>\n                        <li>Phone: +3726678052<\/li>                        <li><a href=\"mailto:keliann.prits@liviko.ee\">keliann.prits@liviko.ee<\/a><\/li>                                                                        <\/ul>\n                    <\/div>\n            <\/div>\n                            <div class=\"c-contactsList__item c-contactsList__item--empty\"><\/div>\n        <div class=\"c-contactsList__item c-contactsList__item--empty\"><\/div>\n    <\/div>\n","protected":false},"excerpt":{"rendered":"","protected":false},"author":1,"featured_media":0,"parent":831,"menu_order":10,"comment_status":"closed","ping_status":"closed","template":"page-templates\/page-contact.php","meta":{"_acf_changed":false,"inline_featured_image":false,"_monsterinsights_skip_tracking":false,"_monsterinsights_sitenote_active":false,"_monsterinsights_sitenote_note":"","_monsterinsights_sitenote_category":0,"footnotes":""},"categories":[],"class_list":["post-56042","page","type-page","status-publish","hentry"],"acf":[],"yoast_head":"<!-- This site is optimized with the Yoast SEO plugin v24.0 - https:\/\/yoast.com\/wordpress\/plugins\/seo\/ -->\n<title>Import - Liviko<\/title>\n<meta name=\"robots\" content=\"index, follow, max-snippet:-1, max-image-preview:large, max-video-preview:-1\" \/>\n<link rel=\"canonical\" href=\"https:\/\/liviko.eu\/lv\/contacts\/import\/\" \/>\n<meta property=\"og:locale\" content=\"lv_LV\" \/>\n<meta property=\"og:type\" content=\"article\" \/>\n<meta property=\"og:title\" content=\"Import - Liviko\" \/>\n<meta property=\"og:url\" content=\"https:\/\/liviko.eu\/lv\/contacts\/import\/\" \/>\n<meta property=\"og:site_name\" content=\"Liviko\" \/>\n<meta property=\"article:publisher\" content=\"https:\/\/www.facebook.com\/LivikoDistillery\/\" \/>\n<meta property=\"article:modified_time\" content=\"2025-11-04T07:20:29+00:00\" \/>\n<meta name=\"twitter:card\" content=\"summary_large_image\" \/>\n<script type=\"application\/ld+json\" class=\"yoast-schema-graph\">{\"@context\":\"https:\/\/schema.org\",\"@graph\":[{\"@type\":\"WebPage\",\"@id\":\"https:\/\/liviko.eu\/lv\/contacts\/import\/\",\"url\":\"https:\/\/liviko.eu\/lv\/contacts\/import\/\",\"name\":\"Import - Liviko\",\"isPartOf\":{\"@id\":\"https:\/\/liviko.eu\/lv\/#website\"},\"datePublished\":\"2025-06-19T08:20:56+00:00\",\"dateModified\":\"2025-11-04T07:20:29+00:00\",\"breadcrumb\":{\"@id\":\"https:\/\/liviko.eu\/lv\/contacts\/import\/#breadcrumb\"},\"inLanguage\":\"lv-LV\",\"potentialAction\":[{\"@type\":\"ReadAction\",\"target\":[\"https:\/\/liviko.eu\/lv\/contacts\/import\/\"]}]},{\"@type\":\"BreadcrumbList\",\"@id\":\"https:\/\/liviko.eu\/lv\/contacts\/import\/#breadcrumb\",\"itemListElement\":[{\"@type\":\"ListItem\",\"position\":1,\"name\":\"Home\",\"item\":\"https:\/\/liviko.eu\/lv\/\"},{\"@type\":\"ListItem\",\"position\":2,\"name\":\"Contacts\",\"item\":\"https:\/\/liviko.eu\/lv\/contacts\/\"},{\"@type\":\"ListItem\",\"position\":3,\"name\":\"Import\"}]},{\"@type\":\"WebSite\",\"@id\":\"https:\/\/liviko.eu\/lv\/#website\",\"url\":\"https:\/\/liviko.eu\/lv\/\",\"name\":\"Liviko\",\"description\":\"anno 1898\",\"publisher\":{\"@id\":\"https:\/\/liviko.eu\/lv\/#organization\"},\"potentialAction\":[{\"@type\":\"SearchAction\",\"target\":{\"@type\":\"EntryPoint\",\"urlTemplate\":\"https:\/\/liviko.eu\/lv\/?s={search_term_string}\"},\"query-input\":{\"@type\":\"PropertyValueSpecification\",\"valueRequired\":true,\"valueName\":\"search_term_string\"}}],\"inLanguage\":\"lv-LV\"},{\"@type\":\"Organization\",\"@id\":\"https:\/\/liviko.eu\/lv\/#organization\",\"name\":\"Liviko\",\"url\":\"https:\/\/liviko.eu\/lv\/\",\"logo\":{\"@type\":\"ImageObject\",\"inLanguage\":\"lv-LV\",\"@id\":\"https:\/\/liviko.eu\/lv\/#\/schema\/logo\/image\/\",\"url\":\"https:\/\/liviko.eu\/wp-content\/uploads\/2020\/10\/liviko_logo.png\",\"contentUrl\":\"https:\/\/liviko.eu\/wp-content\/uploads\/2020\/10\/liviko_logo.png\",\"width\":515,\"height\":181,\"caption\":\"Liviko\"},\"image\":{\"@id\":\"https:\/\/liviko.eu\/lv\/#\/schema\/logo\/image\/\"},\"sameAs\":[\"https:\/\/www.facebook.com\/LivikoDistillery\/\",\"https:\/\/www.instagram.com\/livikodistillery\",\"https:\/\/www.linkedin.com\/company\/liviko\/\",\"https:\/\/www.youtube.com\/channel\/UCnoHr-PaNxBHJO8nMDLVGuA\"]}]}<\/script>\n<!-- \/ Yoast SEO plugin. -->","yoast_head_json":{"title":"Import - Liviko","robots":{"index":"index","follow":"follow","max-snippet":"max-snippet:-1","max-image-preview":"max-image-preview:large","max-video-preview":"max-video-preview:-1"},"canonical":"https:\/\/liviko.eu\/lv\/contacts\/import\/","og_locale":"lv_LV","og_type":"article","og_title":"Import - Liviko","og_url":"https:\/\/liviko.eu\/lv\/contacts\/import\/","og_site_name":"Liviko","article_publisher":"https:\/\/www.facebook.com\/LivikoDistillery\/","article_modified_time":"2025-11-04T07:20:29+00:00","twitter_card":"summary_large_image","schema":{"@context":"https:\/\/schema.org","@graph":[{"@type":"WebPage","@id":"https:\/\/liviko.eu\/lv\/contacts\/import\/","url":"https:\/\/liviko.eu\/lv\/contacts\/import\/","name":"Import - Liviko","isPartOf":{"@id":"https:\/\/liviko.eu\/lv\/#website"},"datePublished":"2025-06-19T08:20:56+00:00","dateModified":"2025-11-04T07:20:29+00:00","breadcrumb":{"@id":"https:\/\/liviko.eu\/lv\/contacts\/import\/#breadcrumb"},"inLanguage":"lv-LV","potentialAction":[{"@type":"ReadAction","target":["https:\/\/liviko.eu\/lv\/contacts\/import\/"]}]},{"@type":"BreadcrumbList","@id":"https:\/\/liviko.eu\/lv\/contacts\/import\/#breadcrumb","itemListElement":[{"@type":"ListItem","position":1,"name":"Home","item":"https:\/\/liviko.eu\/lv\/"},{"@type":"ListItem","position":2,"name":"Contacts","item":"https:\/\/liviko.eu\/lv\/contacts\/"},{"@type":"ListItem","position":3,"name":"Import"}]},{"@type":"WebSite","@id":"https:\/\/liviko.eu\/lv\/#website","url":"https:\/\/liviko.eu\/lv\/","name":"Liviko","description":"anno 1898","publisher":{"@id":"https:\/\/liviko.eu\/lv\/#organization"},"potentialAction":[{"@type":"SearchAction","target":{"@type":"EntryPoint","urlTemplate":"https:\/\/liviko.eu\/lv\/?s={search_term_string}"},"query-input":{"@type":"PropertyValueSpecification","valueRequired":true,"valueName":"search_term_string"}}],"inLanguage":"lv-LV"},{"@type":"Organization","@id":"https:\/\/liviko.eu\/lv\/#organization","name":"Liviko","url":"https:\/\/liviko.eu\/lv\/","logo":{"@type":"ImageObject","inLanguage":"lv-LV","@id":"https:\/\/liviko.eu\/lv\/#\/schema\/logo\/image\/","url":"https:\/\/liviko.eu\/wp-content\/uploads\/2020\/10\/liviko_logo.png","contentUrl":"https:\/\/liviko.eu\/wp-content\/uploads\/2020\/10\/liviko_logo.png","width":515,"height":181,"caption":"Liviko"},"image":{"@id":"https:\/\/liviko.eu\/lv\/#\/schema\/logo\/image\/"},"sameAs":["https:\/\/www.facebook.com\/LivikoDistillery\/","https:\/\/www.instagram.com\/livikodistillery","https:\/\/www.linkedin.com\/company\/liviko\/","https:\/\/www.youtube.com\/channel\/UCnoHr-PaNxBHJO8nMDLVGuA"]}]}},"_links":{"self":[{"href":"https:\/\/liviko.eu\/lv\/wp-json\/wp\/v2\/pages\/56042","targetHints":{"allow":["GET"]}}],"collection":[{"href":"https:\/\/liviko.eu\/lv\/wp-json\/wp\/v2\/pages"}],"about":[{"href":"https:\/\/liviko.eu\/lv\/wp-json\/wp\/v2\/types\/page"}],"author":[{"embeddable":true,"href":"https:\/\/liviko.eu\/lv\/wp-json\/wp\/v2\/users\/1"}],"replies":[{"embeddable":true,"href":"https:\/\/liviko.eu\/lv\/wp-json\/wp\/v2\/comments?post=56042"}],"version-history":[{"count":4,"href":"https:\/\/liviko.eu\/lv\/wp-json\/wp\/v2\/pages\/56042\/revisions"}],"predecessor-version":[{"id":56631,"href":"https:\/\/liviko.eu\/lv\/wp-json\/wp\/v2\/pages\/56042\/revisions\/56631"}],"up":[{"embeddable":true,"href":"https:\/\/liviko.eu\/lv\/wp-json\/wp\/v2\/pages\/831"}],"wp:attachment":[{"href":"https:\/\/liviko.eu\/lv\/wp-json\/wp\/v2\/media?parent=56042"}],"wp:term":[{"taxonomy":"category","embeddable":true,"href":"https:\/\/liviko.eu\/lv\/wp-json\/wp\/v2\/categories?post=56042"}],"curies":[{"name":"wp","href":"https:\/\/api.w.org\/{rel}","templated":true}]}}