{"id":770,"date":"2020-06-26T07:33:59","date_gmt":"2020-06-26T07:33:59","guid":{"rendered":"http:\/\/liviko.eu\/liviko-distillery\/"},"modified":"2023-12-22T07:45:15","modified_gmt":"2023-12-22T07:45:15","slug":"liviko-distillery","status":"publish","type":"page","link":"https:\/\/liviko.eu\/lv\/liviko-distillery\/","title":{"rendered":"PRE\u010cU Z\u012aMES"},"content":{"rendered":"<div id=\"pageHeader-block_cd62db84b233cdf49891342d28e96ef5\" class=\" c-contentBlock c-pageHeader\" data-block-type=\"Page header\">\n                    <h1 class=\"c-pageHeader__title\">Pieredze alkoholisko dz\u0113rienu ra\u017eo\u0161an\u0101 kop\u0161 1898. gada<br \/>\r\n<\/h1>\n                            <div class=\"c-pageHeader__text t-text\"><p>\u201cLiviko\u201d ir strauji augo\u0161s starptautisks koncerns, kas pied\u0101v\u0101 kvalitat\u012bvus alkoholiskos dz\u0113rienus un savus produktus p\u0101rdod 60 valst\u012bs. Tas ar\u012b p\u0101rst\u0101v pasaules vado\u0161os Augtas kvalit\u0101tes alkoholisko dz\u0113rienu z\u012bmolus z\u012bmolus Igaunij\u0101, Latvij\u0101 un Lietuv\u0101. \u201cLiviko\u201d ra\u017eo vair\u0101k nek\u0101 70 veidu alkoholiskos un bezalkoholiskos dz\u0113rienus. Katru produktu izstr\u0101d\u0101 izcili savas jomas profesion\u0101\u013ci, kuri \u0161im darbam velta ne tikai zin\u0101\u0161anas, bet ar\u012b sirdi un dv\u0113seli. Rezult\u0101t\u0101 top ide\u0101las dz\u0113rienu receptes un produktu kvalit\u0101te ir nemain\u012bgi augsta.<\/p>\n<\/div>\n                        <div class=\"c-pageHeader__tools\">\n        \t<a href=\"#page-770-body\" class=\"c-pageHeader__scrollButton js-scrollTo\">\n        \t\t<span class=\"visuallyhidden\">Scroll to content<\/span>\n                <span class=\"icon-down\"><\/span>\n        \t<\/a>\n        <\/div>\n        \n<\/div>\n<a id=\"page-770-body\"><\/a>\n\n<div id=\"mediaBlock-block_afb1283859b30d6ccc6a75af99c3a4ee\" class=\" c-contentBlock c-mediaBlock c-mediaBlock--align-left c-mediaBlock--valign-center c-mediaBlock--size-medium c-mediaBlock--imageHeight-normal\" data-block-type=\"Media block\">\n   \n                \n     <div class=\"c-mediaBlock__media\" style=\"\"\">\n        <img fetchpriority=\"high\" decoding=\"async\" width=\"800\" height=\"530\" src=\"https:\/\/liviko.eu\/wp-content\/uploads\/2022\/06\/800x530px-ginid.jpg\" class=\"c-mediaBlock__image\" alt=\"D\u017dINS\" srcset=\"https:\/\/liviko.eu\/wp-content\/uploads\/2022\/06\/800x530px-ginid.jpg 800w, https:\/\/liviko.eu\/wp-content\/uploads\/2022\/06\/800x530px-ginid-768x509.jpg 768w, https:\/\/liviko.eu\/wp-content\/uploads\/2022\/06\/800x530px-ginid-483x320.jpg 483w\" sizes=\"(max-width: 800px) 100vw, 800px\" \/>    <\/div>\n     <div class=\"c-mediaBlock__body\">\n                    <h2 class=\"c-mediaBlock__title\">D\u017dINS<\/h2>\n                <div class=\"c-mediaBlock__content\">\n            <div class=\"t-text\">\n            <p>Tum\u0161i zil\u0101s kadi\u0137ogas, \u0161\u0137iet, izstaro mieru un omul\u012bbu. Iesp\u0113jams, tas t\u0101d\u0113\u013c, ka l\u012bdz iev\u0101k\u0161anai t\u0101s r\u0101mi un netrauc\u0113ti nogatavojas veselus divus gadus. Nogatavoju\u0161\u0101s kadi\u0137ogas tvaika destil\u0101cijas rezult\u0101t\u0101 k\u013c\u016bst par \u201cLiviko\u201d slaveno d\u017einu galveno sast\u0101vda\u013cu. Procesu r\u016bp\u012bgi uzrauga sava amata meistari. L\u012bdz\u012bgi, katrs augu veids atsevi\u0161\u0137i, tiek destil\u0113ti ar\u012b citi r\u016bp\u012bgi atlas\u012btie komponenti, lai rad\u012btu gan klasiskos d\u017einus, gan d\u017einus ar \u012bpa\u0161u gar\u0161u. Jau senos laikos \u013caudis zin\u0101ja \u2013 tas, kur\u0161 dien\u0101 ap\u0113d vienu kadi\u0137ogu, dz\u012bvos ilgi un laim\u012bgi.<\/p>\n<ul>\n<li><span class=\"type--brand\"><a href=\"https:\/\/liviko.eu\/lv\/liviko-distillery\/crafters\/\">CRAFTER&#8217;S<\/a><\/span><\/li>\n<li><span class=\"type--brand\"><a href=\"https:\/\/liviko.eu\/lv\/tootmine\/kingsmill\/\">KINGSMILL<\/a><\/span><\/li>\n<\/ul>\n            <\/div>\n                            \n        <\/div>\n    <\/div>\n<\/div>\n\n<div id=\"mediaBlock-block_57906fc443049c07e4a5805f1ce41342\" class=\" c-contentBlock c-mediaBlock c-mediaBlock--align-right c-mediaBlock--valign-center c-mediaBlock--size-medium c-mediaBlock--imageHeight-normal\" data-block-type=\"Media block\">\n   \n                \n     <div class=\"c-mediaBlock__media\" style=\"\"\">\n        <img decoding=\"async\" width=\"800\" height=\"530\" src=\"https:\/\/liviko.eu\/wp-content\/uploads\/2023\/02\/VT_800x530px.jpg\" class=\"c-mediaBlock__image\" alt=\"LI\u0136IERIS\" srcset=\"https:\/\/liviko.eu\/wp-content\/uploads\/2023\/02\/VT_800x530px.jpg 800w, https:\/\/liviko.eu\/wp-content\/uploads\/2023\/02\/VT_800x530px-768x509.jpg 768w, https:\/\/liviko.eu\/wp-content\/uploads\/2023\/02\/VT_800x530px-483x320.jpg 483w\" sizes=\"(max-width: 800px) 100vw, 800px\" \/>    <\/div>\n     <div class=\"c-mediaBlock__body\">\n                    <h2 class=\"c-mediaBlock__title\">LI\u0136IERIS<\/h2>\n                <div class=\"c-mediaBlock__content\">\n            <div class=\"t-text\">\n            <p>Li\u0137ieru gatavo\u0161ana ir cien\u012bjama m\u0101ksla, kura pieprasa precizit\u0101ti un laiku. Uz\u0146\u0113mum\u0101 \u201cLiviko\u201d m\u016bsu li\u0137ieru meistari no dab\u012bg\u0101m sast\u0101vda\u013c\u0101m gatavo gan augu un gar\u0161vielu izvilkumus, gan ar\u012b arom\u0101tiskos spirtus. \u201cLiviko\u201d li\u0137ieru meistari zin\u0101\u0161anas un prasmes ir kr\u0101ju\u0161i jau kop\u0161 19. gadsimta. Meistari alla\u017e t\u0101s nodeva t\u0101l\u0101k saviem m\u0101cek\u013ciem.<\/p>\n<ul>\n<li><a href=\"https:\/\/liviko.eu\/lv\/liviko-distillery\/vana-tallinn\/\"><span class=\"type--brand\">VANA TALLINN<\/span><\/a><\/li>\n<li><a href=\"https:\/\/liviko.eu\/lv\/liviko-distillery\/vana-tallinn-cream\/\"><span class=\"type--brand\">VANA TALLINN CREAM<\/span><\/a><\/li>\n<li><a href=\"https:\/\/liviko.eu\/lv\/liviko-distillery\/liviko-liquer\/\"><span class=\"type--brand\">LIVIKO LIQUEUR<\/span><\/a><\/li>\n<li><a href=\"https:\/\/liviko.eu\/lv\/liviko-distillery\/minty\/\"><span class=\"type--brand\">MINTY<\/span><\/a><\/li>\n<li><a href=\"https:\/\/liviko.eu\/lv\/liviko-distillery\/herbert\/\"><span class=\"type--brand\">HERBERT<\/span><\/a><\/li>\n<\/ul>\n            <\/div>\n                            \n        <\/div>\n    <\/div>\n<\/div>\n\n<div id=\"mediaBlock-block_36aef975e940a846f6853ecd5d72772d\" class=\" c-contentBlock c-mediaBlock c-mediaBlock--align-left c-mediaBlock--valign-center c-mediaBlock--size-medium c-mediaBlock--imageHeight-normal\" data-block-type=\"Media block\">\n   \n                \n     <div class=\"c-mediaBlock__media\" style=\"\"\">\n        <img decoding=\"async\" width=\"800\" height=\"530\" src=\"https:\/\/liviko.eu\/wp-content\/uploads\/2020\/07\/vodka.jpg\" class=\"c-mediaBlock__image\" alt=\"DEGV\u012aNS\" srcset=\"https:\/\/liviko.eu\/wp-content\/uploads\/2020\/07\/vodka.jpg 800w, https:\/\/liviko.eu\/wp-content\/uploads\/2020\/07\/vodka-768x509.jpg 768w\" sizes=\"(max-width: 800px) 100vw, 800px\" \/>    <\/div>\n     <div class=\"c-mediaBlock__body\">\n                    <h2 class=\"c-mediaBlock__title\">DEGV\u012aNS<\/h2>\n                <div class=\"c-mediaBlock__content\">\n            <div class=\"t-text\">\n            <p>Degv\u012bns ir iecien\u012bts savas t\u012br\u0101s gar\u0161as d\u0113\u013c. \u201cLiviko\u201d ir Baltijas valst\u012bs vado\u0161ais augst\u0101k\u0101s klases alkoholisko dz\u0113rienu ra\u017eot\u0101js ar ilggad\u0113ju pieredzi un pied\u0101v\u0101 pla\u0161u degv\u012bnu sortimentu. Izmantojot da\u017e\u0101das izejvielas un ra\u017eo\u0161anas tehnolo\u0123ijas, tiek ieg\u016bta t\u012bra gar\u0161a un patie\u0161\u0101m unik\u0101li degv\u012bni.<\/p>\n<ul>\n<li><span class=\"type--brand\"><a href=\"https:\/\/liviko.eu\/lv\/tootmine\/bellingshausen\/\">BELLINGSHAUSEN<\/a><\/span><\/li>\n<li><span class=\"type--brand\"><a href=\"https:\/\/liviko.eu\/lv\/tootmine\/hobe\/\">H\u00d5BE<\/a><\/span><\/li>\n<li><span class=\"type--brand\"><a href=\"https:\/\/liviko.eu\/lv\/tootmine\/nevskaja\/\">NEVSKAYA<\/a><\/span><\/li>\n<li><a href=\"https:\/\/liviko.eu\/lv\/liviko-distillery\/travel-safe\/\">TRAVEL SAFE\u00a0<\/a><\/li>\n<li><span class=\"type--brand\"><a href=\"https:\/\/liviko.eu\/lv\/tootmine\/viru-valge\/\">VIRU VALGE<\/a><\/span><\/li>\n<\/ul>\n            <\/div>\n                            \n        <\/div>\n    <\/div>\n<\/div>\n\n<div id=\"mediaBlock-block_b5f9558a11e7a433c12a74d6881870a5\" class=\" c-contentBlock c-mediaBlock c-mediaBlock--align-right c-mediaBlock--valign-center c-mediaBlock--size-medium c-mediaBlock--imageHeight-normal\" data-block-type=\"Media block\">\n   \n                \n     <div class=\"c-mediaBlock__media\" style=\"\"\">\n        <img loading=\"lazy\" decoding=\"async\" width=\"800\" height=\"530\" src=\"https:\/\/liviko.eu\/wp-content\/uploads\/2020\/07\/rum.jpg\" class=\"c-mediaBlock__image\" alt=\"RUMS\" srcset=\"https:\/\/liviko.eu\/wp-content\/uploads\/2020\/07\/rum.jpg 800w, https:\/\/liviko.eu\/wp-content\/uploads\/2020\/07\/rum-768x509.jpg 768w\" sizes=\"(max-width: 800px) 100vw, 800px\" \/>    <\/div>\n     <div class=\"c-mediaBlock__body\">\n                    <h2 class=\"c-mediaBlock__title\">RUMS<\/h2>\n                <div class=\"c-mediaBlock__content\">\n            <div class=\"t-text\">\n            <p>Neliels saules piesk\u0101riens pie\u0161\u0137ir kr\u0101su un mirdzumu it visam. Kar\u012bbu j\u016bras sal\u0101s audz\u0113t\u0101s cukurniedres un no t\u0101m gatavotais rums ir iecien\u012bti vis\u0101 pasaul\u0113. Ar\u012b \u201cLiviko\u201d <em>Caribba<\/em> ruma izejvielas n\u0101k tie\u0161i no Kar\u012bbu j\u016bras re\u0123iona.<\/p>\n<ul>\n<li><span class=\"type--brand\"><a href=\"https:\/\/liviko.eu\/lv\/liviko-distillery\/carriba\/\">CARIBBA<\/a><\/span><\/li>\n<\/ul>\n            <\/div>\n                            \n        <\/div>\n    <\/div>\n<\/div>\n\n<div id=\"mediaBlock-block_669c2a9b338d5a541c4aaaa7d1875a5d\" class=\" c-contentBlock c-mediaBlock c-mediaBlock--align-left c-mediaBlock--valign-center c-mediaBlock--size-medium c-mediaBlock--imageHeight-normal\" data-block-type=\"Media block\">\n   \n                \n     <div class=\"c-mediaBlock__media\" style=\"\"\">\n        <img loading=\"lazy\" decoding=\"async\" width=\"800\" height=\"530\" src=\"https:\/\/liviko.eu\/wp-content\/uploads\/2022\/02\/Cooler-1.jpg\" class=\"c-mediaBlock__image\" alt=\"MAZALKOHOLISKIE DZ\u0112RIENI\" srcset=\"https:\/\/liviko.eu\/wp-content\/uploads\/2022\/02\/Cooler-1.jpg 800w, https:\/\/liviko.eu\/wp-content\/uploads\/2022\/02\/Cooler-1-768x509.jpg 768w, https:\/\/liviko.eu\/wp-content\/uploads\/2022\/02\/Cooler-1-483x320.jpg 483w\" sizes=\"(max-width: 800px) 100vw, 800px\" \/>    <\/div>\n     <div class=\"c-mediaBlock__body\">\n                    <h2 class=\"c-mediaBlock__title\">MAZALKOHOLISKIE DZ\u0112RIENI<\/h2>\n                <div class=\"c-mediaBlock__content\">\n            <div class=\"t-text\">\n            <p>\u201cLiviko\u201d mazalkoholisko dz\u0113rienu sortiments arvien tiek papla\u0161in\u0101ts. \u0160iem dz\u0113rieniem piem\u012bt unik\u0101la, atspirdzino\u0161a gar\u0161a. Viegl\u0101 alkohola kl\u0101st\u0101 irgan dzirksto\u0161ie koktei\u013ci <em>Coole<\/em>r, gan ar\u012b p\u0113c jaunas tehnolo\u0123ijas rad\u012btais krafta kadi\u0137ogu alus <em>Re-crafted Crafter&#8217;s Junibeer.<\/em><\/p>\n<ul>\n<li><a href=\"https:\/\/liviko.eu\/lv\/liviko-distillery\/cooler\/\"><span class=\"type--brand\">COOLER<\/span><\/a><\/li>\n<li><a href=\"https:\/\/liviko.eu\/lv\/tootmine\/re-crafted-crafters\/\"><span class=\"type--brand\">RE-CRAFTED CRAFTER\u00b4S<\/span><\/a><\/li>\n<li><a href=\"https:\/\/liviko.eu\/lv\/tootmine\/glogg\/\"><span class=\"type--brand\">GL\u00d6GG<\/span><\/a><\/li>\n<\/ul>\n            <\/div>\n                            \n        <\/div>\n    <\/div>\n<\/div>\n\n<div id=\"mediaBlock-block_6dab5d44e738501e0ae8b9f1118a2ef0\" class=\" c-contentBlock c-mediaBlock c-mediaBlock--align-right c-mediaBlock--valign-center c-mediaBlock--size-medium c-mediaBlock--imageHeight-normal\" data-block-type=\"Media block\">\n   \n                \n     <div class=\"c-mediaBlock__media\" style=\"\"\">\n        <img loading=\"lazy\" decoding=\"async\" width=\"800\" height=\"530\" src=\"https:\/\/liviko.eu\/wp-content\/uploads\/2020\/07\/light_alco.jpg\" class=\"c-mediaBlock__image\" alt=\"ZERO WASTE\" srcset=\"https:\/\/liviko.eu\/wp-content\/uploads\/2020\/07\/light_alco.jpg 800w, https:\/\/liviko.eu\/wp-content\/uploads\/2020\/07\/light_alco-768x509.jpg 768w\" sizes=\"(max-width: 800px) 100vw, 800px\" \/>    <\/div>\n     <div class=\"c-mediaBlock__body\">\n                    <h2 class=\"c-mediaBlock__title\">ZERO WASTE<\/h2>\n                <div class=\"c-mediaBlock__content\">\n            <div class=\"t-text\">\n            <p>Z\u012bmola <em>Re-crafted Crafter&#8217;s<\/em> dz\u0113rieni ir rad\u012bti p\u0113c <em>zero waste<\/em> jeb bezatkritumu ra\u017eo\u0161anas principa. Lai maksim\u0101li saudz\u0113tu apk\u0101rt\u0113jo vidi, kadi\u0137ogas un ingvera saknes, kas tiku\u0161as izmantotas d\u017eina destil\u0101cij\u0101, izmanto atk\u0101roti, ra\u017eojot krafta dz\u0113rienus p\u0113c jaunas tehnolo\u0123ijas. \u201cLiviko\u201d pied\u0101v\u0101jum\u0101 ir klasisks ingvera dz\u0113riens, k\u0101 ar\u012b m\u016bsu jaunumi \u2013 atspirdzino\u0161s dz\u0113riens no kadi\u0137og\u0101m un kadi\u0137ogu alus.<\/p>\n<ul>\n<li><a href=\"https:\/\/liviko.eu\/lv\/tootmine\/re-crafted-crafters\/\"><span class=\"type--brand\">RE-CRAFTED CRAFTER&#8217;S<\/span><\/a><\/li>\n<\/ul>\n            <\/div>\n                            \n        <\/div>\n    <\/div>\n<\/div>\n\n<div id=\"mediaBlock-block_dd741badeea983f0fdc30754a3b41022\" class=\" c-contentBlock c-mediaBlock c-mediaBlock--align-left c-mediaBlock--valign-center c-mediaBlock--size-medium c-mediaBlock--imageHeight-normal\" data-block-type=\"Media block\">\n   \n                \n     <div class=\"c-mediaBlock__media\" style=\"\"\">\n        <img loading=\"lazy\" decoding=\"async\" width=\"1366\" height=\"905\" src=\"https:\/\/liviko.eu\/wp-content\/uploads\/2020\/10\/starter-1366x905.jpg\" class=\"c-mediaBlock__image\" alt=\"BEZALKOHOLISKIE DZ\u0112RIENI\" srcset=\"https:\/\/liviko.eu\/wp-content\/uploads\/2020\/10\/starter-1366x905.jpg 1366w, https:\/\/liviko.eu\/wp-content\/uploads\/2020\/10\/starter-920x609.jpg 920w, https:\/\/liviko.eu\/wp-content\/uploads\/2020\/10\/starter-768x509.jpg 768w, https:\/\/liviko.eu\/wp-content\/uploads\/2020\/10\/starter-1536x1017.jpg 1536w, https:\/\/liviko.eu\/wp-content\/uploads\/2020\/10\/starter.jpg 1667w\" sizes=\"(max-width: 1366px) 100vw, 1366px\" \/>    <\/div>\n     <div class=\"c-mediaBlock__body\">\n                    <h2 class=\"c-mediaBlock__title\">BEZALKOHOLISKIE DZ\u0112RIENI<\/h2>\n                <div class=\"c-mediaBlock__content\">\n            <div class=\"t-text\">\n            <p>Bezalkoholisko dz\u0113rienu pied\u0101v\u0101jums \u013cauj izv\u0113l\u0113ties sev t\u012bkam\u0101ko, s\u0101kot ar dabiskajiem dzirksto\u0161ajiem z\u012bmola <em>Re-crafted Crafter <\/em>dz\u0113rieniem, kas ra\u017eoti atbilsto\u0161i <em>zero-waste <\/em>principiem, l\u012bdz uzmundrino\u0161ajiem ener\u0123ijas dz\u0113rieniem <em>Starter.<\/em><\/p>\n<ul>\n<li><a href=\"https:\/\/liviko.eu\/lv\/tootmine\/ginger-duke\/\"><span class=\"type--brand\">GINGER DUKE<\/span><\/a><\/li>\n<li><a href=\"https:\/\/liviko.eu\/lv\/tootmine\/re-crafted-crafters\/\"><span class=\"type--brand\">RE-CRAFTED CRAFTER&#8217;S<\/span><\/a><\/li>\n<li><a href=\"https:\/\/liviko.eu\/lv\/liviko-distillery\/starter\/\"><span class=\"type--brand\">STARTER<\/span><\/a><\/li>\n<li><span class=\"type--brand\"><a href=\"https:\/\/liviko.eu\/lv\/liviko-distillery\/corsaro-aperitivo\/\">CORSARO APERITIVO<\/a><\/span><\/li>\n<\/ul>\n            <\/div>\n                            \n        <\/div>\n    <\/div>\n<\/div>\n\n\n<p><\/p>\n","protected":false},"excerpt":{"rendered":"","protected":false},"author":1,"featured_media":0,"parent":0,"menu_order":11,"comment_status":"closed","ping_status":"closed","template":"","meta":{"_acf_changed":false,"inline_featured_image":false,"_monsterinsights_skip_tracking":false,"_monsterinsights_sitenote_active":false,"_monsterinsights_sitenote_note":"","_monsterinsights_sitenote_category":0,"footnotes":""},"categories":[],"class_list":["post-770","page","type-page","status-publish","hentry"],"acf":[],"yoast_head":"<!-- This site is optimized with the Yoast SEO plugin v24.0 - https:\/\/yoast.com\/wordpress\/plugins\/seo\/ -->\n<title>PRE\u010cU Z\u012aMES - Liviko<\/title>\n<meta name=\"robots\" content=\"index, follow, max-snippet:-1, max-image-preview:large, max-video-preview:-1\" \/>\n<link rel=\"canonical\" href=\"https:\/\/liviko.eu\/lv\/liviko-distillery\/\" \/>\n<meta property=\"og:locale\" content=\"lv_LV\" \/>\n<meta property=\"og:type\" content=\"article\" \/>\n<meta property=\"og:title\" content=\"PRE\u010cU Z\u012aMES - Liviko\" \/>\n<meta property=\"og:url\" content=\"https:\/\/liviko.eu\/lv\/liviko-distillery\/\" \/>\n<meta property=\"og:site_name\" content=\"Liviko\" \/>\n<meta property=\"article:publisher\" content=\"https:\/\/www.facebook.com\/LivikoDistillery\/\" \/>\n<meta property=\"article:modified_time\" content=\"2023-12-22T07:45:15+00:00\" \/>\n<meta name=\"twitter:card\" content=\"summary_large_image\" \/>\n<script type=\"application\/ld+json\" class=\"yoast-schema-graph\">{\"@context\":\"https:\/\/schema.org\",\"@graph\":[{\"@type\":\"WebPage\",\"@id\":\"https:\/\/liviko.eu\/lv\/liviko-distillery\/\",\"url\":\"https:\/\/liviko.eu\/lv\/liviko-distillery\/\",\"name\":\"PRE\u010cU Z\u012aMES - Liviko\",\"isPartOf\":{\"@id\":\"https:\/\/liviko.eu\/lv\/#website\"},\"datePublished\":\"2020-06-26T07:33:59+00:00\",\"dateModified\":\"2023-12-22T07:45:15+00:00\",\"breadcrumb\":{\"@id\":\"https:\/\/liviko.eu\/lv\/liviko-distillery\/#breadcrumb\"},\"inLanguage\":\"lv-LV\",\"potentialAction\":[{\"@type\":\"ReadAction\",\"target\":[\"https:\/\/liviko.eu\/lv\/liviko-distillery\/\"]}]},{\"@type\":\"BreadcrumbList\",\"@id\":\"https:\/\/liviko.eu\/lv\/liviko-distillery\/#breadcrumb\",\"itemListElement\":[{\"@type\":\"ListItem\",\"position\":1,\"name\":\"Home\",\"item\":\"https:\/\/liviko.eu\/lv\/\"},{\"@type\":\"ListItem\",\"position\":2,\"name\":\"PRE\u010cU Z\u012aMES\"}]},{\"@type\":\"WebSite\",\"@id\":\"https:\/\/liviko.eu\/lv\/#website\",\"url\":\"https:\/\/liviko.eu\/lv\/\",\"name\":\"Liviko\",\"description\":\"anno 1898\",\"publisher\":{\"@id\":\"https:\/\/liviko.eu\/lv\/#organization\"},\"potentialAction\":[{\"@type\":\"SearchAction\",\"target\":{\"@type\":\"EntryPoint\",\"urlTemplate\":\"https:\/\/liviko.eu\/lv\/?s={search_term_string}\"},\"query-input\":{\"@type\":\"PropertyValueSpecification\",\"valueRequired\":true,\"valueName\":\"search_term_string\"}}],\"inLanguage\":\"lv-LV\"},{\"@type\":\"Organization\",\"@id\":\"https:\/\/liviko.eu\/lv\/#organization\",\"name\":\"Liviko\",\"url\":\"https:\/\/liviko.eu\/lv\/\",\"logo\":{\"@type\":\"ImageObject\",\"inLanguage\":\"lv-LV\",\"@id\":\"https:\/\/liviko.eu\/lv\/#\/schema\/logo\/image\/\",\"url\":\"https:\/\/liviko.eu\/wp-content\/uploads\/2020\/10\/liviko_logo.png\",\"contentUrl\":\"https:\/\/liviko.eu\/wp-content\/uploads\/2020\/10\/liviko_logo.png\",\"width\":515,\"height\":181,\"caption\":\"Liviko\"},\"image\":{\"@id\":\"https:\/\/liviko.eu\/lv\/#\/schema\/logo\/image\/\"},\"sameAs\":[\"https:\/\/www.facebook.com\/LivikoDistillery\/\",\"https:\/\/www.instagram.com\/livikodistillery\",\"https:\/\/www.linkedin.com\/company\/liviko\/\",\"https:\/\/www.youtube.com\/channel\/UCnoHr-PaNxBHJO8nMDLVGuA\"]}]}<\/script>\n<!-- \/ Yoast SEO plugin. -->","yoast_head_json":{"title":"PRE\u010cU Z\u012aMES - Liviko","robots":{"index":"index","follow":"follow","max-snippet":"max-snippet:-1","max-image-preview":"max-image-preview:large","max-video-preview":"max-video-preview:-1"},"canonical":"https:\/\/liviko.eu\/lv\/liviko-distillery\/","og_locale":"lv_LV","og_type":"article","og_title":"PRE\u010cU Z\u012aMES - Liviko","og_url":"https:\/\/liviko.eu\/lv\/liviko-distillery\/","og_site_name":"Liviko","article_publisher":"https:\/\/www.facebook.com\/LivikoDistillery\/","article_modified_time":"2023-12-22T07:45:15+00:00","twitter_card":"summary_large_image","schema":{"@context":"https:\/\/schema.org","@graph":[{"@type":"WebPage","@id":"https:\/\/liviko.eu\/lv\/liviko-distillery\/","url":"https:\/\/liviko.eu\/lv\/liviko-distillery\/","name":"PRE\u010cU Z\u012aMES - Liviko","isPartOf":{"@id":"https:\/\/liviko.eu\/lv\/#website"},"datePublished":"2020-06-26T07:33:59+00:00","dateModified":"2023-12-22T07:45:15+00:00","breadcrumb":{"@id":"https:\/\/liviko.eu\/lv\/liviko-distillery\/#breadcrumb"},"inLanguage":"lv-LV","potentialAction":[{"@type":"ReadAction","target":["https:\/\/liviko.eu\/lv\/liviko-distillery\/"]}]},{"@type":"BreadcrumbList","@id":"https:\/\/liviko.eu\/lv\/liviko-distillery\/#breadcrumb","itemListElement":[{"@type":"ListItem","position":1,"name":"Home","item":"https:\/\/liviko.eu\/lv\/"},{"@type":"ListItem","position":2,"name":"PRE\u010cU Z\u012aMES"}]},{"@type":"WebSite","@id":"https:\/\/liviko.eu\/lv\/#website","url":"https:\/\/liviko.eu\/lv\/","name":"Liviko","description":"anno 1898","publisher":{"@id":"https:\/\/liviko.eu\/lv\/#organization"},"potentialAction":[{"@type":"SearchAction","target":{"@type":"EntryPoint","urlTemplate":"https:\/\/liviko.eu\/lv\/?s={search_term_string}"},"query-input":{"@type":"PropertyValueSpecification","valueRequired":true,"valueName":"search_term_string"}}],"inLanguage":"lv-LV"},{"@type":"Organization","@id":"https:\/\/liviko.eu\/lv\/#organization","name":"Liviko","url":"https:\/\/liviko.eu\/lv\/","logo":{"@type":"ImageObject","inLanguage":"lv-LV","@id":"https:\/\/liviko.eu\/lv\/#\/schema\/logo\/image\/","url":"https:\/\/liviko.eu\/wp-content\/uploads\/2020\/10\/liviko_logo.png","contentUrl":"https:\/\/liviko.eu\/wp-content\/uploads\/2020\/10\/liviko_logo.png","width":515,"height":181,"caption":"Liviko"},"image":{"@id":"https:\/\/liviko.eu\/lv\/#\/schema\/logo\/image\/"},"sameAs":["https:\/\/www.facebook.com\/LivikoDistillery\/","https:\/\/www.instagram.com\/livikodistillery","https:\/\/www.linkedin.com\/company\/liviko\/","https:\/\/www.youtube.com\/channel\/UCnoHr-PaNxBHJO8nMDLVGuA"]}]}},"_links":{"self":[{"href":"https:\/\/liviko.eu\/lv\/wp-json\/wp\/v2\/pages\/770","targetHints":{"allow":["GET"]}}],"collection":[{"href":"https:\/\/liviko.eu\/lv\/wp-json\/wp\/v2\/pages"}],"about":[{"href":"https:\/\/liviko.eu\/lv\/wp-json\/wp\/v2\/types\/page"}],"author":[{"embeddable":true,"href":"https:\/\/liviko.eu\/lv\/wp-json\/wp\/v2\/users\/1"}],"replies":[{"embeddable":true,"href":"https:\/\/liviko.eu\/lv\/wp-json\/wp\/v2\/comments?post=770"}],"version-history":[{"count":105,"href":"https:\/\/liviko.eu\/lv\/wp-json\/wp\/v2\/pages\/770\/revisions"}],"predecessor-version":[{"id":51475,"href":"https:\/\/liviko.eu\/lv\/wp-json\/wp\/v2\/pages\/770\/revisions\/51475"}],"wp:attachment":[{"href":"https:\/\/liviko.eu\/lv\/wp-json\/wp\/v2\/media?parent=770"}],"wp:term":[{"taxonomy":"category","embeddable":true,"href":"https:\/\/liviko.eu\/lv\/wp-json\/wp\/v2\/categories?post=770"}],"curies":[{"name":"wp","href":"https:\/\/api.w.org\/{rel}","templated":true}]}}