{"id":783,"date":"2020-07-02T14:31:04","date_gmt":"2020-07-02T14:31:04","guid":{"rendered":"http:\/\/liviko.eu\/baltic-distribution\/sales-marketing\/"},"modified":"2021-03-22T14:39:11","modified_gmt":"2021-03-22T14:39:11","slug":"sales-marketing","status":"publish","type":"page","link":"https:\/\/liviko.eu\/lv\/baltic-distribution\/sales-marketing\/","title":{"rendered":"Tirdzniec\u012bba un m\u0101rketings"},"content":{"rendered":"<div id=\"pageHeader-block_5f1f0bd83189e\" class=\" c-contentBlock c-pageHeader\" data-block-type=\"Page header\">\n                    <h1 class=\"c-pageHeader__title\">Tirdzniec\u012bba un m\u0101rketings<\/h1>\n                            <div class=\"c-pageHeader__text t-text\"><p>Uz\u0146\u0113mumam \u201cLiviko\u201d ir ilga un veiksm\u012bga pieredze augstas klases starptautisko z\u012bmolu p\u0101rst\u0101v\u0113\u0161an\u0101 vis\u0101s Baltijas valst\u012bs gan mazumtirdzniec\u012bbas, gan <em>HoReCa<\/em> (viesn\u012bcu, restor\u0101nu un sabiedrisk\u0101s \u0113din\u0101\u0161anas) sektor\u0101. M\u016bsu profesion\u0101l\u0101s komandas Tallin\u0101, R\u012bg\u0101 un Vi\u013c\u0146\u0101 p\u0101rzina visu tr\u012bs valstu tirgu un viet\u0113jo pirc\u0113ju v\u0113lmes, un izcili prot prezent\u0113t katra z\u012bmola priek\u0161roc\u012bbas.<br \/>\nV\u012bna kult\u016bra Baltijas valst\u012bs arvien turpina att\u012bst\u012bties, un, lai to atbalst\u012btu, esam rad\u012bju\u0161i z\u012bmolu <em>Nautimus<\/em>, kura pasp\u0101rn\u0113 apkopoti \u201cLiviko\u201d somelj\u0113 ieteiktie v\u012bni ar vislab\u0101ko cenas un kvalit\u0101tes attiec\u012bbu vis\u0101s kategorij\u0101s.<br \/>\n\u201cLiviko\u201d grupas klientiem Baltijas valst\u012bs ir vair\u0101k nek\u0101 11 000 tirdzniec\u012bbas vietu, liel\u0101k\u0101 da\u013ca no t\u0101m \u2013 mazumtirdzniec\u012bbas sektor\u0101. \u201cLiviko\u201d ir viens no galvenajiem partneriem strauji augo\u0161aj\u0101 <em>HoReCa<\/em> sektor\u0101 Igaunij\u0101, Latvij\u0101 un Lietuv\u0101.<\/p>\n<p>&nbsp;<\/p>\n<\/div>\n                \n<\/div>\n<a id=\"page-783-body\"><\/a>\n\n\n<figure class=\"wp-block-image alignwide size-large\"><img decoding=\"async\" src=\"http:\/\/liviko.eu\/wp-content\/uploads\/\/2021\/02\/mu\u0308u\u0308k-infograafika_lati.svg\" alt=\"\" class=\"wp-image-25201\"\/><\/figure>\n\n\n\n<div id=\"spacer-block_5f2d359cb220d\" class=\"c-contentBlock c-spacerContainer\"  data-block-type=\"Spacer\">\n   <hr class=\"  c-spacer c-spacer--size-1\" >\n<\/div>\n\n\n<div id=\"mediaBlock-block_5f1eb1a201f1d\" class=\" c-contentBlock c-mediaBlock c-mediaBlock--align-left c-mediaBlock--valign-center c-mediaBlock--size-regular c-mediaBlock--imageHeight-normal\" data-block-type=\"Media block\">\n   \n                \n     <div class=\"c-mediaBlock__media\" style=\"\"\">\n        <img fetchpriority=\"high\" decoding=\"async\" width=\"800\" height=\"530\" src=\"https:\/\/liviko.eu\/wp-content\/uploads\/2020\/08\/Martini-Fiero-ristk\u00fclik.jpg\" class=\"c-mediaBlock__image\" alt=\"MARTINI FIERO BALTIJAS VALSTU TIRG\u016a\" srcset=\"https:\/\/liviko.eu\/wp-content\/uploads\/2020\/08\/Martini-Fiero-ristk\u00fclik.jpg 800w, https:\/\/liviko.eu\/wp-content\/uploads\/2020\/08\/Martini-Fiero-ristk\u00fclik-768x509.jpg 768w\" sizes=\"(max-width: 800px) 100vw, 800px\" \/>    <\/div>\n     <div class=\"c-mediaBlock__body\">\n                    <h2 class=\"c-mediaBlock__title\">MARTINI FIERO BALTIJAS VALSTU TIRG\u016a<\/h2>\n                <div class=\"c-mediaBlock__content\">\n            <div class=\"t-text\">\n            <p>\u201cLiviko\u201d ir pla\u0161i p\u0101rst\u0101v\u0113ts gan mazumtirdzniec\u012bb\u0101, gan <em>HoReCa<\/em> sektor\u0101, un tas \u013cauj \u0101tri un veiksm\u012bgi ieviest tirg\u016b gan pasaules vado\u0161os z\u012bmolus, gan ar\u012b jaunpien\u0101c\u0113jus. 2020. gada vasar\u0101 \u201cLiviko\u201d ieviesa tirg\u016b <em>Martini Fiero<\/em>, kas nu ir k\u013cuvis par sezonas popul\u0101r\u0101ko dz\u0113rienu Igaunij\u0101, Latvij\u0101 un Lietuv\u0101. Dz\u0113riens citrusaug\u013cu notis ieg\u016bst no saldajiem sp\u0101\u0146u apels\u012bniem \u2013 mizas ar rok\u0101m sagrie\u017e gar\u0101s str\u0113mel\u0113s un uz linu diegiem izkar kalt\u0113ties saul\u0113. Rezult\u0101t\u0101 tiek ieg\u016bts m\u016bsdien\u012bgs vermuts <em>Martini Fiero<\/em>, kas ir vienlaikus gan r\u016bgtens, gan salds, un ir ide\u0101li piem\u0113rots pasnieg\u0161anai ar toniku. <em>Martini Fiero &amp; Tonic<\/em> ir jaunais dz\u0113rienu modes trends un k\u013cuvis par sezonas popul\u0101r\u0101ko kokteili.<\/p>\n            <\/div>\n                            \n        <\/div>\n    <\/div>\n<\/div>\n\n<div id=\"mediaBlock-block_5f1efb6a9d4d9\" class=\" c-contentBlock c-mediaBlock c-mediaBlock--align-right c-mediaBlock--valign-center c-mediaBlock--size-regular c-mediaBlock--imageHeight-normal\" data-block-type=\"Media block\">\n   \n                \n     <div class=\"c-mediaBlock__media\" style=\"\"\">\n        <img decoding=\"async\" width=\"1366\" height=\"910\" src=\"https:\/\/liviko.eu\/wp-content\/uploads\/2020\/08\/Stir_Creativity_Leedu2-1366x910.jpg\" class=\"c-mediaBlock__image\" alt=\"BOMBAY STIR CREATIVITY VI\u013b\u0145\u0100\" srcset=\"https:\/\/liviko.eu\/wp-content\/uploads\/2020\/08\/Stir_Creativity_Leedu2-1366x910.jpg 1366w, https:\/\/liviko.eu\/wp-content\/uploads\/2020\/08\/Stir_Creativity_Leedu2-920x613.jpg 920w, https:\/\/liviko.eu\/wp-content\/uploads\/2020\/08\/Stir_Creativity_Leedu2-768x512.jpg 768w, https:\/\/liviko.eu\/wp-content\/uploads\/2020\/08\/Stir_Creativity_Leedu2-1536x1024.jpg 1536w, https:\/\/liviko.eu\/wp-content\/uploads\/2020\/08\/Stir_Creativity_Leedu2.jpg 2048w\" sizes=\"(max-width: 1366px) 100vw, 1366px\" \/>    <\/div>\n     <div class=\"c-mediaBlock__body\">\n                    <h2 class=\"c-mediaBlock__title\">BOMBAY STIR CREATIVITY VI\u013b\u0145\u0100<\/h2>\n                <div class=\"c-mediaBlock__content\">\n            <div class=\"t-text\">\n            <p>\u201cLiviko\u201d ir viens no pirmajiem, kas ievie\u0161 pasaules tirg\u016b jaunos sadarb\u012bbas partneru produktus un atbalsta produktu virz\u012b\u0161anas kampa\u0146as Baltijas valst\u012bs. Par iespaid\u012bg\u0101 pas\u0101kuma <em>Bombay Sapphire Stir Creativity Baltic<\/em> prezent\u0101cijas vietu tika izv\u0113l\u0113ta Lietuvas galvaspils\u0113ta Vi\u013c\u0146a. Prezent\u0101cija k\u013cuva par tik\u0161an\u0101s vietu cilv\u0113kiem no da\u017e\u0101d\u0101m kreat\u012bvaj\u0101m jom\u0101m, kur\u0101 m\u0101ksla tika apl\u016bkota no da\u017e\u0101diem rakursiem, un notika apmai\u0146a ar rado\u0161\u0101m idej\u0101m un dom\u0101m.<\/p>\n<p>\u201cLiviko\u201d saviem <em>on-trade<\/em> tirdzniec\u012bbas partneriem pied\u0101v\u0101 \u012bpa\u0161as idejas pas\u0101kumu organiz\u0113\u0161anai, k\u0101 ar\u012b r\u012bko apm\u0101c\u012bbas un meistarklases b\u0101rme\u0146iem, kur\u0101s m\u016bsu pasniedz\u0113ji un somelj\u0113 iepaz\u012bstina dal\u012bbniekus ar jaun\u0101kaj\u0101m pasaules tendenc\u0113m. Iev\u0113rojam\u0101 pieredze un cie\u0161\u0101 sadarb\u012bba ar partneriem rada pievienoto v\u0113rt\u012bbu m\u016bsu p\u0101rst\u0101v\u0113tajam produktu portfelim.<\/p>\n            <\/div>\n                            \n        <\/div>\n    <\/div>\n<\/div>\n\n<div id=\"mediaBlock-block_5f1efb769d4dc\" class=\" c-contentBlock c-mediaBlock c-mediaBlock--align-left c-mediaBlock--valign-center c-mediaBlock--size-regular c-mediaBlock--imageHeight-normal\" data-block-type=\"Media block\">\n   \n                \n     <div class=\"c-mediaBlock__media\" style=\"\"\">\n        <img decoding=\"async\" width=\"1366\" height=\"912\" src=\"https:\/\/liviko.eu\/wp-content\/uploads\/2020\/08\/Bacardi_Dancefloor-1366x912.jpg\" class=\"c-mediaBlock__image\" alt=\"BACARDI BEACH PARTY \u2013 20 GADI\" srcset=\"https:\/\/liviko.eu\/wp-content\/uploads\/2020\/08\/Bacardi_Dancefloor-1366x912.jpg 1366w, https:\/\/liviko.eu\/wp-content\/uploads\/2020\/08\/Bacardi_Dancefloor-920x614.jpg 920w, https:\/\/liviko.eu\/wp-content\/uploads\/2020\/08\/Bacardi_Dancefloor-768x513.jpg 768w, https:\/\/liviko.eu\/wp-content\/uploads\/2020\/08\/Bacardi_Dancefloor.jpg 1401w\" sizes=\"(max-width: 1366px) 100vw, 1366px\" \/>    <\/div>\n     <div class=\"c-mediaBlock__body\">\n                    <h2 class=\"c-mediaBlock__title\">BACARDI BEACH PARTY \u2013 20 GADI<\/h2>\n                <div class=\"c-mediaBlock__content\">\n            <div class=\"t-text\">\n            <p>Veiksm\u012bgs pas\u0101kuma m\u0101rketings ir ne tikai tr\u0101p\u012bga nosaukuma izv\u0113le konkr\u0113tajam notikumam, tas noz\u012bm\u0113 ar\u012b rad\u012bt p\u0101rdom\u0101tu satura un izklaides da\u013cas pl\u0101nu, balstoties uz z\u012bmola strat\u0113\u0123iju un vizu\u0101lo koncepciju.<\/p>\n<p>Viena no sen\u0101kaj\u0101m pas\u0101kumu s\u0113rij\u0101m Baltijas valst\u012bs ir veiksm\u012bg\u0101 <em>Bacardi Beach Party<\/em> (<em>Bacardi Feeling<\/em>) ball\u012bte, kas ik vasaru P\u0113rnavas pludmal\u0113 veiksm\u012bgi norit jau vair\u0101k nek\u0101 20 gadus. Atspirdzino\u0161i koktei\u013ci karst\u0101 vasaras laik\u0101, tik\u0161an\u0101s ar draugiem un da\u017e\u0101du valstu m\u0101kslinieku koncerti \u2013 iemesli, k\u0101d\u0113\u013c katru gadu apmekl\u0113t\u0101ji izv\u0113las tie\u0161i \u0161o ball\u012bti. <em>Bacardi Beach Party<\/em> un <em>Bacardi Dancefloor <\/em>ir k\u013cuvu\u0161i par noz\u012bm\u012bgu P\u0113rnavas tradicion\u0101l\u0101s pludmales gaisotnes un klubu kult\u016bras sast\u0101vda\u013cu.<\/p>\n            <\/div>\n                            \n        <\/div>\n    <\/div>\n<\/div>\n\n<div id=\"mediaBlock-block_5f1efb6f9d4db\" class=\" c-contentBlock c-mediaBlock c-mediaBlock--align-right c-mediaBlock--valign-center c-mediaBlock--size-regular c-mediaBlock--imageHeight-normal\" data-block-type=\"Media block\">\n   \n                \n     <div class=\"c-mediaBlock__media\" style=\"\"\">\n        <img loading=\"lazy\" decoding=\"async\" width=\"800\" height=\"530\" src=\"https:\/\/liviko.eu\/wp-content\/uploads\/2020\/08\/Remy-Martin-Coffee.jpg\" class=\"c-mediaBlock__image\" alt=\"R\u00c9MY MARTIN &amp; \u0160OKOL\u0100DE\" srcset=\"https:\/\/liviko.eu\/wp-content\/uploads\/2020\/08\/Remy-Martin-Coffee.jpg 800w, https:\/\/liviko.eu\/wp-content\/uploads\/2020\/08\/Remy-Martin-Coffee-768x509.jpg 768w\" sizes=\"(max-width: 800px) 100vw, 800px\" \/>    <\/div>\n     <div class=\"c-mediaBlock__body\">\n                    <h2 class=\"c-mediaBlock__title\">R\u00c9MY MARTIN &#038; \u0160OKOL\u0100DE<\/h2>\n                <div class=\"c-mediaBlock__content\">\n            <div class=\"t-text\">\n            <p>\u201cLiviko\u201d augstu v\u0113rt\u0113 partnerattiec\u012bbas ar <em>augst\u0101k\u0101s klases (fine dining)<\/em> restor\u0101niem un pal\u012bdz v\u0113l smalk\u0101ku gar\u0161u harmoniju mekl\u0113jumos. Konjaka cien\u012bt\u0101jiem gar\u0161as baud\u012bjumu sniedz labas kafijas, augstv\u0113rt\u012bga konjaka un smalkas tum\u0161\u0101s \u0161okol\u0101des simbioze. Izcilas tum\u0161\u0101s \u0161okol\u0101des gar\u0161a kop\u0101 ar <em>R\u00e9my Martin VSOP<\/em> konjaku \u2013 gard\u0113\u017eu izv\u0113le!<\/p>\n            <\/div>\n                            \n        <\/div>\n    <\/div>\n<\/div>\n\n<div id=\"mediaBlock-block_5f3a3afacddd4\" class=\" c-contentBlock c-mediaBlock c-mediaBlock--align-left c-mediaBlock--valign-center c-mediaBlock--size-regular c-mediaBlock--imageHeight-normal\" data-block-type=\"Media block\">\n   \n                \n     <div class=\"c-mediaBlock__media\" style=\"\"\">\n        <img loading=\"lazy\" decoding=\"async\" width=\"800\" height=\"800\" src=\"https:\/\/liviko.eu\/wp-content\/uploads\/2021\/03\/Nautimus_LV_800x800px.jpg\" class=\"c-mediaBlock__image\" alt=\"NAUTIMUS\" srcset=\"https:\/\/liviko.eu\/wp-content\/uploads\/2021\/03\/Nautimus_LV_800x800px.jpg 800w, https:\/\/liviko.eu\/wp-content\/uploads\/2021\/03\/Nautimus_LV_800x800px-480x480.jpg 480w, https:\/\/liviko.eu\/wp-content\/uploads\/2021\/03\/Nautimus_LV_800x800px-768x768.jpg 768w, https:\/\/liviko.eu\/wp-content\/uploads\/2021\/03\/Nautimus_LV_800x800px-320x320.jpg 320w\" sizes=\"(max-width: 800px) 100vw, 800px\" \/>    <\/div>\n     <div class=\"c-mediaBlock__body\">\n                    <h2 class=\"c-mediaBlock__title\">NAUTIMUS<\/h2>\n                <div class=\"c-mediaBlock__content\">\n            <div class=\"t-text\">\n            <p>\u201cLiviko\u201d rad\u012btais Nautimus z\u012bmols ir k\u013cuvis par noz\u012bm\u012bgu orientieri v\u012bna pasaul\u0113. <em>Nautimus<\/em> mar\u0137\u0113jums nor\u0101da uz \u201cLiviko\u201d v\u012bnzi\u0146u izv\u0113l\u0113tu v\u012bnu ar labu cenas un kvalit\u0101tes attiec\u012bbu.<\/p>\n<p><a href=\"http:\/\/nautimus.lv\"><em>Nautimus<\/em><\/a> m\u0101jaslap\u0101 atrad\u012bsiet ieteikumus visam \u201cLiviko\u201d v\u012bna kl\u0101stam, k\u0101 ar\u012b v\u012bniem ar <em>Nautimus<\/em> mar\u0137\u0113jumu, kurus izv\u0113l\u0113ju\u0161ies Igaunijas atz\u012bt\u0101kie somelj\u0113, lai izceltu v\u012bnus ar vislab\u0101ko cenas un kvalit\u0101tes attiec\u012bbu vis\u0101s kvalit\u0101tes un cenu kategorij\u0101s. Lai v\u012bnu izv\u0113l\u0113ties b\u016btu vienk\u0101r\u0161\u0101k un \u0113rt\u0101k, katrai <em>Nautimus<\/em> mar\u0137\u0113juma kr\u0101sai atbilst v\u012bns ar konkr\u0113t\u0101m gar\u0161as \u012bpa\u0161\u012bb\u0101m. <em>Nautimus<\/em> mar\u0137\u0113jumu var atrast ar\u012b uz v\u012bniem ar BIO un ORGANIC sertifik\u0101tiem.<\/p>\n            <\/div>\n                            \n        <\/div>\n    <\/div>\n<\/div>","protected":false},"excerpt":{"rendered":"","protected":false},"author":1,"featured_media":0,"parent":780,"menu_order":0,"comment_status":"closed","ping_status":"closed","template":"","meta":{"_acf_changed":false,"inline_featured_image":false,"_monsterinsights_skip_tracking":false,"_monsterinsights_sitenote_active":false,"_monsterinsights_sitenote_note":"","_monsterinsights_sitenote_category":0,"footnotes":""},"categories":[],"class_list":["post-783","page","type-page","status-publish","hentry"],"acf":[],"yoast_head":"<!-- This site is optimized with the Yoast SEO plugin v24.0 - https:\/\/yoast.com\/wordpress\/plugins\/seo\/ -->\n<title>Tirdzniec\u012bba un m\u0101rketings - Liviko<\/title>\n<meta name=\"robots\" content=\"index, follow, max-snippet:-1, max-image-preview:large, max-video-preview:-1\" \/>\n<link rel=\"canonical\" href=\"https:\/\/liviko.eu\/lv\/baltic-distribution\/sales-marketing\/\" \/>\n<meta property=\"og:locale\" content=\"lv_LV\" \/>\n<meta property=\"og:type\" content=\"article\" \/>\n<meta property=\"og:title\" content=\"Tirdzniec\u012bba un m\u0101rketings - Liviko\" \/>\n<meta property=\"og:url\" content=\"https:\/\/liviko.eu\/lv\/baltic-distribution\/sales-marketing\/\" \/>\n<meta property=\"og:site_name\" content=\"Liviko\" \/>\n<meta property=\"article:publisher\" content=\"https:\/\/www.facebook.com\/LivikoDistillery\/\" \/>\n<meta property=\"article:modified_time\" content=\"2021-03-22T14:39:11+00:00\" \/>\n<meta name=\"twitter:card\" content=\"summary_large_image\" \/>\n<script type=\"application\/ld+json\" class=\"yoast-schema-graph\">{\"@context\":\"https:\/\/schema.org\",\"@graph\":[{\"@type\":\"WebPage\",\"@id\":\"https:\/\/liviko.eu\/lv\/baltic-distribution\/sales-marketing\/\",\"url\":\"https:\/\/liviko.eu\/lv\/baltic-distribution\/sales-marketing\/\",\"name\":\"Tirdzniec\u012bba un m\u0101rketings - Liviko\",\"isPartOf\":{\"@id\":\"https:\/\/liviko.eu\/lv\/#website\"},\"datePublished\":\"2020-07-02T14:31:04+00:00\",\"dateModified\":\"2021-03-22T14:39:11+00:00\",\"breadcrumb\":{\"@id\":\"https:\/\/liviko.eu\/lv\/baltic-distribution\/sales-marketing\/#breadcrumb\"},\"inLanguage\":\"lv-LV\",\"potentialAction\":[{\"@type\":\"ReadAction\",\"target\":[\"https:\/\/liviko.eu\/lv\/baltic-distribution\/sales-marketing\/\"]}]},{\"@type\":\"BreadcrumbList\",\"@id\":\"https:\/\/liviko.eu\/lv\/baltic-distribution\/sales-marketing\/#breadcrumb\",\"itemListElement\":[{\"@type\":\"ListItem\",\"position\":1,\"name\":\"Home\",\"item\":\"https:\/\/liviko.eu\/lv\/\"},{\"@type\":\"ListItem\",\"position\":2,\"name\":\"P\u0101rst\u0101v\u0113t\u0101s pre\u010du z\u012bmes\",\"item\":\"https:\/\/liviko.eu\/lv\/baltic-distribution\/\"},{\"@type\":\"ListItem\",\"position\":3,\"name\":\"Tirdzniec\u012bba un m\u0101rketings\"}]},{\"@type\":\"WebSite\",\"@id\":\"https:\/\/liviko.eu\/lv\/#website\",\"url\":\"https:\/\/liviko.eu\/lv\/\",\"name\":\"Liviko\",\"description\":\"anno 1898\",\"publisher\":{\"@id\":\"https:\/\/liviko.eu\/lv\/#organization\"},\"potentialAction\":[{\"@type\":\"SearchAction\",\"target\":{\"@type\":\"EntryPoint\",\"urlTemplate\":\"https:\/\/liviko.eu\/lv\/?s={search_term_string}\"},\"query-input\":{\"@type\":\"PropertyValueSpecification\",\"valueRequired\":true,\"valueName\":\"search_term_string\"}}],\"inLanguage\":\"lv-LV\"},{\"@type\":\"Organization\",\"@id\":\"https:\/\/liviko.eu\/lv\/#organization\",\"name\":\"Liviko\",\"url\":\"https:\/\/liviko.eu\/lv\/\",\"logo\":{\"@type\":\"ImageObject\",\"inLanguage\":\"lv-LV\",\"@id\":\"https:\/\/liviko.eu\/lv\/#\/schema\/logo\/image\/\",\"url\":\"https:\/\/liviko.eu\/wp-content\/uploads\/2020\/10\/liviko_logo.png\",\"contentUrl\":\"https:\/\/liviko.eu\/wp-content\/uploads\/2020\/10\/liviko_logo.png\",\"width\":515,\"height\":181,\"caption\":\"Liviko\"},\"image\":{\"@id\":\"https:\/\/liviko.eu\/lv\/#\/schema\/logo\/image\/\"},\"sameAs\":[\"https:\/\/www.facebook.com\/LivikoDistillery\/\",\"https:\/\/www.instagram.com\/livikodistillery\",\"https:\/\/www.linkedin.com\/company\/liviko\/\",\"https:\/\/www.youtube.com\/channel\/UCnoHr-PaNxBHJO8nMDLVGuA\"]}]}<\/script>\n<!-- \/ Yoast SEO plugin. -->","yoast_head_json":{"title":"Tirdzniec\u012bba un m\u0101rketings - Liviko","robots":{"index":"index","follow":"follow","max-snippet":"max-snippet:-1","max-image-preview":"max-image-preview:large","max-video-preview":"max-video-preview:-1"},"canonical":"https:\/\/liviko.eu\/lv\/baltic-distribution\/sales-marketing\/","og_locale":"lv_LV","og_type":"article","og_title":"Tirdzniec\u012bba un m\u0101rketings - Liviko","og_url":"https:\/\/liviko.eu\/lv\/baltic-distribution\/sales-marketing\/","og_site_name":"Liviko","article_publisher":"https:\/\/www.facebook.com\/LivikoDistillery\/","article_modified_time":"2021-03-22T14:39:11+00:00","twitter_card":"summary_large_image","schema":{"@context":"https:\/\/schema.org","@graph":[{"@type":"WebPage","@id":"https:\/\/liviko.eu\/lv\/baltic-distribution\/sales-marketing\/","url":"https:\/\/liviko.eu\/lv\/baltic-distribution\/sales-marketing\/","name":"Tirdzniec\u012bba un m\u0101rketings - Liviko","isPartOf":{"@id":"https:\/\/liviko.eu\/lv\/#website"},"datePublished":"2020-07-02T14:31:04+00:00","dateModified":"2021-03-22T14:39:11+00:00","breadcrumb":{"@id":"https:\/\/liviko.eu\/lv\/baltic-distribution\/sales-marketing\/#breadcrumb"},"inLanguage":"lv-LV","potentialAction":[{"@type":"ReadAction","target":["https:\/\/liviko.eu\/lv\/baltic-distribution\/sales-marketing\/"]}]},{"@type":"BreadcrumbList","@id":"https:\/\/liviko.eu\/lv\/baltic-distribution\/sales-marketing\/#breadcrumb","itemListElement":[{"@type":"ListItem","position":1,"name":"Home","item":"https:\/\/liviko.eu\/lv\/"},{"@type":"ListItem","position":2,"name":"P\u0101rst\u0101v\u0113t\u0101s pre\u010du z\u012bmes","item":"https:\/\/liviko.eu\/lv\/baltic-distribution\/"},{"@type":"ListItem","position":3,"name":"Tirdzniec\u012bba un m\u0101rketings"}]},{"@type":"WebSite","@id":"https:\/\/liviko.eu\/lv\/#website","url":"https:\/\/liviko.eu\/lv\/","name":"Liviko","description":"anno 1898","publisher":{"@id":"https:\/\/liviko.eu\/lv\/#organization"},"potentialAction":[{"@type":"SearchAction","target":{"@type":"EntryPoint","urlTemplate":"https:\/\/liviko.eu\/lv\/?s={search_term_string}"},"query-input":{"@type":"PropertyValueSpecification","valueRequired":true,"valueName":"search_term_string"}}],"inLanguage":"lv-LV"},{"@type":"Organization","@id":"https:\/\/liviko.eu\/lv\/#organization","name":"Liviko","url":"https:\/\/liviko.eu\/lv\/","logo":{"@type":"ImageObject","inLanguage":"lv-LV","@id":"https:\/\/liviko.eu\/lv\/#\/schema\/logo\/image\/","url":"https:\/\/liviko.eu\/wp-content\/uploads\/2020\/10\/liviko_logo.png","contentUrl":"https:\/\/liviko.eu\/wp-content\/uploads\/2020\/10\/liviko_logo.png","width":515,"height":181,"caption":"Liviko"},"image":{"@id":"https:\/\/liviko.eu\/lv\/#\/schema\/logo\/image\/"},"sameAs":["https:\/\/www.facebook.com\/LivikoDistillery\/","https:\/\/www.instagram.com\/livikodistillery","https:\/\/www.linkedin.com\/company\/liviko\/","https:\/\/www.youtube.com\/channel\/UCnoHr-PaNxBHJO8nMDLVGuA"]}]}},"_links":{"self":[{"href":"https:\/\/liviko.eu\/lv\/wp-json\/wp\/v2\/pages\/783","targetHints":{"allow":["GET"]}}],"collection":[{"href":"https:\/\/liviko.eu\/lv\/wp-json\/wp\/v2\/pages"}],"about":[{"href":"https:\/\/liviko.eu\/lv\/wp-json\/wp\/v2\/types\/page"}],"author":[{"embeddable":true,"href":"https:\/\/liviko.eu\/lv\/wp-json\/wp\/v2\/users\/1"}],"replies":[{"embeddable":true,"href":"https:\/\/liviko.eu\/lv\/wp-json\/wp\/v2\/comments?post=783"}],"version-history":[{"count":23,"href":"https:\/\/liviko.eu\/lv\/wp-json\/wp\/v2\/pages\/783\/revisions"}],"predecessor-version":[{"id":25906,"href":"https:\/\/liviko.eu\/lv\/wp-json\/wp\/v2\/pages\/783\/revisions\/25906"}],"up":[{"embeddable":true,"href":"https:\/\/liviko.eu\/lv\/wp-json\/wp\/v2\/pages\/780"}],"wp:attachment":[{"href":"https:\/\/liviko.eu\/lv\/wp-json\/wp\/v2\/media?parent=783"}],"wp:term":[{"taxonomy":"category","embeddable":true,"href":"https:\/\/liviko.eu\/lv\/wp-json\/wp\/v2\/categories?post=783"}],"curies":[{"name":"wp","href":"https:\/\/api.w.org\/{rel}","templated":true}]}}