{"id":804,"date":"2020-06-26T07:34:47","date_gmt":"2020-06-26T07:34:47","guid":{"rendered":"http:\/\/liviko.eu\/company-culture\/"},"modified":"2025-02-03T07:20:56","modified_gmt":"2025-02-03T07:20:56","slug":"company-culture","status":"publish","type":"page","link":"https:\/\/liviko.eu\/lv\/company-culture\/","title":{"rendered":"Par uz\u0146\u0113mumu"},"content":{"rendered":"<div id=\"pageHeader-block_4f0244d7911d8c626fa29a3b6c233ccc\" class=\" c-contentBlock c-pageHeader\" data-block-type=\"Page header\">\n                    <h1 class=\"c-pageHeader__title\">Esam vado\u0161ais kvalitat\u012bvu alkoholisko dz\u0113rienu ra\u017eo\u0161anas un izplat\u012b\u0161anas koncerns baltijas valst\u012bs<\/h1>\n                            <div class=\"c-pageHeader__text t-text\"><p>Igaunijas alkohola nozares flagmanis \u201cLiviko\u201d ir k\u013cuvis par strauji augo\u0161u un veiksm\u012bgu starptautisku koncernu, kas specializ\u0113jas augst\u0101k\u0101s kvalit\u0101tes alkohola ra\u017eo\u0161an\u0101 un import\u0113\u0161an\u0101. \u201cLiviko\u201d ir uzticams un cien\u012bjams partneris pasaules augst\u0101k\u0101s klases pre\u010dz\u012bmju p\u0101rst\u0101vniec\u012bb\u0101 Baltijas valst\u012bs.<\/p>\n<\/div>\n                \n<\/div>\n<a id=\"page-804-body\"><\/a>\n\n<div id=\"mediaBlock-block_d9470990dcbd06702ed0a9a0cc999db2\" class=\" c-contentBlock c-mediaBlock c-mediaBlock--align-right c-mediaBlock--valign-top c-mediaBlock--size-small c-mediaBlock--imageHeight-normal\" data-block-type=\"Media block\">\n   \n                \n     <div class=\"c-mediaBlock__media\" style=\"\"\">\n        <img fetchpriority=\"high\" decoding=\"async\" width=\"530\" height=\"800\" src=\"https:\/\/liviko.eu\/wp-content\/uploads\/2021\/01\/Janek_kodulehele_portrait-1.jpg\" class=\"c-mediaBlock__image\" alt=\"Janek Kalvi\" srcset=\"https:\/\/liviko.eu\/wp-content\/uploads\/2021\/01\/Janek_kodulehele_portrait-1.jpg 530w, https:\/\/liviko.eu\/wp-content\/uploads\/2021\/01\/Janek_kodulehele_portrait-1-212x320.jpg 212w\" sizes=\"(max-width: 530px) 100vw, 530px\" \/>    <\/div>\n     <div class=\"c-mediaBlock__body\">\n                <div class=\"c-mediaBlock__content\">\n            <div class=\"t-text\">\n            <p>M\u016bsu stipr\u0101 puse ir pasaulslavenu pre\u010dz\u012bmju p\u0101rst\u0101vniec\u012bba un m\u0101rketings Igaunij\u0101, Latvij\u0101 un Lietuv\u0101. M\u0113s ar lepnumu iepaz\u012bstin\u0101m sabiedr\u012bbu ar mums uztic\u0113tajiem z\u012bmoliem: <em>Bacardi, Martini, Bombay, Remy Martin, Cointreau, Botanist, Metaxa, St.Remy, Grey Goose, Whyte &amp; Mackay, LeMarque, Boulard, Baron Otard, Unicognac, Fentimans, <\/em>k\u0101 ar\u012b ar daudziem citiem.<\/p>\n<p>\u201cLiviko\u201d ir viens no liel\u0101kajiem v\u012bna izplat\u012bt\u0101jiem Baltijas valst\u012bs, un m\u016bsu v\u012bnu izlas\u0113 ir aptuveni 700 da\u017e\u0101du v\u012bnu no Vec\u0101s un Jaun\u0101s pasaules.<\/p>\n<p>M\u0113s p\u0101rst\u0101vam t\u0101das noz\u012bm\u012bgas pre\u010dz\u012bmes k\u0101 <em>Champagne Deutz, Maison Louis Jadot, Jean-Marc Brocard, Maison Delas Fr\u00e8res, Les Vins Georges Duboeuf, Barone Ricasoli, Fontanafredda, Carpen\u00e9 Malvolt, Marco Felluga, Rocca delle Macie, Sella &amp; Mosca, Marqu\u00e9s de C\u00e0ceres, Familia Fern\u00e1ndez Rivera, Bodegas Murviedro, La Rioja Alta, Weingut Johannishof, Vi\u00f1a Cono Sur, Hardys Wines, Chateau Ste<\/em>. <em>Michelle, Saint Clair Family Estate, Vi\u00f1a Carmen, Spier<\/em> u.c. <em>Nautimus<\/em> vietn\u0113 var\u0113siet atrast ieteikumus visiem produktiem \u201cLiviko\u201d v\u012bna sortiment\u0101, k\u0101 ar\u012b inform\u0101ciju par <em>Nautimus<\/em> mar\u0137\u0113jumu. V\u012bnu pied\u0101v\u0101jumu veidoju\u0161i zino\u0161\u0101kie Igaunijas somelj\u0113.<\/p>\n<p>M\u016bsu uz\u0146\u0113mums rad\u012bts 126 gadiem un lepojas ar starptautiski atz\u012bt\u0101m pre\u010dz\u012bm\u0113m: <em>Vana Tallinn, Crafter\u2019s Gin, H\u00f5be Vodka, Viru Valge, Bellingshausen Vodka<\/em>. M\u016bsu dz\u0113rieni ir p\u0101rst\u0101v\u0113ti pras\u012bgaj\u0101 un modern\u0101kos trendus pa\u0123\u0113ro\u0161aj\u0101 beznodok\u013cu (<em>duty-free<\/em>) un ce\u013cojumu mazumtirdzniec\u012bbas (<em>travel retail<\/em>) nozar\u0113. M\u016bsu produkciju var ieg\u0101d\u0101ties vair\u0101k nek\u0101 60 valst\u012bs Eirop\u0101, Amerik\u0101, \u0100zij\u0101 un Oke\u0101nij\u0101.<\/p>\n<p>\u201cLiviko\u201d ir atbild\u012bgs starptautisks uz\u0146\u0113mums, kur liel\u0101 cie\u0146\u0101 tiek tur\u0113ta kvalit\u0101te, trad\u012bcijas un alkoholisko dz\u0113rienu lieto\u0161anas kult\u016bra. M\u0113s savus z\u012bmolus att\u012bst\u0101m r\u016bp\u012bgi un ar m\u012blest\u012bbu, ar cie\u0146u prezent\u0113jam citus augstas kvalit\u0101tes alkoholisko dz\u0113rienu ra\u017eot\u0101jus no visas pasaules, un alla\u017e esam uzticams partneris.<\/p>\n            <\/div>\n                            \n        <\/div>\n    <\/div>\n<\/div>\n\n\n<div id=\"spacer-block_0d2a10aa9aa7222317b5bfa104464073\" class=\"c-contentBlock c-spacerContainer\"  data-block-type=\"Spacer\">\n   <hr class=\"  c-spacer c-spacer--size-3 c-spacer--line\" >\n<\/div>\n\n\n<div id=\"pageHeader-block_0b3d92cd83929eb3b85115a709067ba7\" class=\" c-contentBlock c-pageHeader\" data-block-type=\"Page header\">\n                    <h2 class=\"c-pageHeader__title\">\u201cLiviko\u201d m\u016bsdien\u0101s<\/h2>\n                            <div class=\"c-pageHeader__text t-text\"><p>\u201cLiviko\u201d ir strauji augo\u0161s un veiksm\u012bgs starptautisks koncerns, kas specializ\u0113jas augst\u0101k\u0101s kvalit\u0101tes alkohola ra\u017eo\u0161an\u0101 un import\u0113\u0161an\u0101. Uz\u0146\u0113muma produkcija tiek p\u0101rdoti 60 valst\u012bs, savuk\u0101rt Baltijas valst\u012bs \u201cLiviko\u201d p\u0101rst\u0101v pasaules vado\u0161os kvalitat\u012bva alkohola z\u012bmolus.<\/p>\n<p>&nbsp;<\/p>\n<\/div>\n                \n<\/div>\n<a id=\"page-804-body\"><\/a>\n\n\n<figure class=\"wp-block-image alignwide size-large\"><img decoding=\"async\" width=\"897\" height=\"147\" src=\"https:\/\/liviko.eu\/wp-content\/uploads\/2023\/03\/liviko_info_lat_2023.svg\" alt=\"\" class=\"wp-image-41385\"\/><\/figure>\n\n\n\n<div id=\"featureBlocks-block_87ff439ced88deb25d06104d35a19c17\" class=\" c-contentBlock c-featureBlocks c-featureBlocks--type-expanded c-featureBlocks--grid-columns\" data-block-type=\"Feature blocks: expanded\">\n   <div class=\"c-featureBlocksGroup\">\n\n\n                          <div class=\"c-featureBlocks__item\">\n                \n                \n                    <div class=\"c-featureBlocks__item-block\"    >\n\n                                                                                            <div class=\"c-featureBlock__imageContainer\">\n                                <img decoding=\"async\" width=\"800\" height=\"800\" src=\"https:\/\/liviko.eu\/wp-content\/uploads\/2020\/09\/Urvo_toota-meiega-1.jpg\" class=\"c-featureBlock__image\" alt=\"Darbs un karjera \u201cLiviko\u201d\" srcset=\"https:\/\/liviko.eu\/wp-content\/uploads\/2020\/09\/Urvo_toota-meiega-1.jpg 800w, https:\/\/liviko.eu\/wp-content\/uploads\/2020\/09\/Urvo_toota-meiega-1-480x480.jpg 480w, https:\/\/liviko.eu\/wp-content\/uploads\/2020\/09\/Urvo_toota-meiega-1-768x768.jpg 768w\" sizes=\"(max-width: 800px) 100vw, 800px\" \/>                                <\/div>\n                               \n\n                            <div class=\"c-featureBlocks__item-body\">\n                                    <h3 class=\"c-featureBlocks__item-title\">Darbs un karjera \u201cLiviko\u201d<\/h3>\n                                    <div class=\"t-text\">\n                                        <p>\u201cLiviko\u201d reput\u0101cijas st\u016brakmens ir atv\u0113rt\u012bba jauniem risin\u0101jumiem, draudz\u012bga attieksme un cie\u0146pilnas attiec\u012bbas ar kol\u0113\u0123iem un sadarb\u012bbas partneriem. M\u0113s esam atv\u0113rti jaunajam un cien\u0101m trad\u012bcijas.<\/p>\n<ul>\n<li><a href=\"https:\/\/liviko.eu\/lv\/company-culture\/working-in-liviko-career\/\">LAS\u012aT VAIR\u0100K<\/a><\/li>\n<\/ul>\n                                    <\/div>\n                            <\/div>\n\n                    <\/div>    \n                        \n\n\n                            \n            <\/div>\n            \n                    <div class=\"c-featureBlocks__item\">\n                \n                \n                    <div class=\"c-featureBlocks__item-block\"    >\n\n                                                                                            <div class=\"c-featureBlock__imageContainer\">\n                                <img loading=\"lazy\" decoding=\"async\" width=\"800\" height=\"800\" src=\"https:\/\/liviko.eu\/wp-content\/uploads\/2020\/10\/ATML_800x800.png\" class=\"c-featureBlock__image\" alt=\"Soci\u0101l\u0101 atbild\u012bba\" srcset=\"https:\/\/liviko.eu\/wp-content\/uploads\/2020\/10\/ATML_800x800.png 800w, https:\/\/liviko.eu\/wp-content\/uploads\/2020\/10\/ATML_800x800-480x480.png 480w, https:\/\/liviko.eu\/wp-content\/uploads\/2020\/10\/ATML_800x800-768x768.png 768w\" sizes=\"(max-width: 800px) 100vw, 800px\" \/>                                <\/div>\n                               \n\n                            <div class=\"c-featureBlocks__item-body\">\n                                    <h3 class=\"c-featureBlocks__item-title\">Soci\u0101l\u0101 atbild\u012bba<\/h3>\n                                    <div class=\"t-text\">\n                                        <p>\u201cLiviko\u201d ir apzin\u0101tas alkohola lieto\u0161anas kult\u016bras populariz\u0113t\u0101js un jau sen atbalsta somelj\u0113 un b\u0101rme\u0146u asoci\u0101cijas Igaunij\u0101, Latvij\u0101 un Lietuv\u0101. M\u0113s j\u016btamies atbild\u012bgi par alkohola lieto\u0161anas kult\u016bras izkop\u0161anu Baltijas valst\u012bs. T\u0101d\u0113\u013c v\u0113lamies atg\u0101din\u0101t, ka alkohols ir j\u0101lieto ar pr\u0101tu un m\u0113ru, un uz katru gl\u0101zi alkohola v\u0113lams izdzert ar\u012b gl\u0101zi \u016bdens!<\/p>\n<ul>\n<li><a href=\"https:\/\/liviko.eu\/lv\/company-culture\/social-responsibility\/\">LAS\u012aT VAIR\u0100K<\/a><\/li>\n<\/ul>\n                                    <\/div>\n                            <\/div>\n\n                    <\/div>    \n                        \n\n\n                            \n            <\/div>\n            \n                    <div class=\"c-featureBlocks__item\">\n                \n                \n                    <div class=\"c-featureBlocks__item-block\"    >\n\n                                                                                            <div class=\"c-featureBlock__imageContainer\">\n                                <img loading=\"lazy\" decoding=\"async\" width=\"800\" height=\"800\" src=\"https:\/\/liviko.eu\/wp-content\/uploads\/2020\/08\/ERSO_ruut.jpg\" class=\"c-featureBlock__image\" alt=\"Sadarb\u012bba\" srcset=\"https:\/\/liviko.eu\/wp-content\/uploads\/2020\/08\/ERSO_ruut.jpg 800w, https:\/\/liviko.eu\/wp-content\/uploads\/2020\/08\/ERSO_ruut-480x480.jpg 480w, https:\/\/liviko.eu\/wp-content\/uploads\/2020\/08\/ERSO_ruut-768x768.jpg 768w\" sizes=\"(max-width: 800px) 100vw, 800px\" \/>                                <\/div>\n                               \n\n                            <div class=\"c-featureBlocks__item-body\">\n                                    <h3 class=\"c-featureBlocks__item-title\">Sadarb\u012bba<\/h3>\n                                    <div class=\"t-text\">\n                                        <p>Izaugu\u0161i l\u012bdz starptautiska koncerna l\u012bmenim, m\u0113s \u012bpa\u0161i nov\u0113rt\u0113jam savu dzimteni Igauniju, kur atrodas ar\u012b m\u016bsu 126 gadus sen\u0101 r\u016bpn\u012bca. T\u0101d\u0113\u013c alla\u017e tiecamies atbalst\u012bt jomas, kas ir noz\u012bm\u012bgas gan Igaunijas, gan ar\u012b pasaules m\u0113rog\u0101.<\/p>\n<ul>\n<li><a href=\"https:\/\/liviko.eu\/lv\/company-culture\/cooperation\/\">LAS\u012aT VAIR\u0100K<\/a><\/li>\n<\/ul>\n                                    <\/div>\n                            <\/div>\n\n                    <\/div>    \n                        \n\n\n                            \n            <\/div>\n            \n                <div class=\"c-featureBlocks__item c-featureBlocks__item--empty\"><\/div>\n    <div class=\"c-featureBlocks__item c-featureBlocks__item--empty\"><\/div>\n    <\/div>\n<\/div>\n\n\n\n<p><\/p>\n","protected":false},"excerpt":{"rendered":"","protected":false},"author":1,"featured_media":0,"parent":0,"menu_order":21,"comment_status":"closed","ping_status":"closed","template":"","meta":{"_acf_changed":false,"inline_featured_image":false,"_monsterinsights_skip_tracking":false,"_monsterinsights_sitenote_active":false,"_monsterinsights_sitenote_note":"","_monsterinsights_sitenote_category":0,"footnotes":""},"categories":[],"class_list":["post-804","page","type-page","status-publish","hentry"],"acf":[],"yoast_head":"<!-- This site is optimized with the Yoast SEO plugin v24.0 - https:\/\/yoast.com\/wordpress\/plugins\/seo\/ -->\n<title>Par uz\u0146\u0113mumu - Liviko<\/title>\n<meta name=\"robots\" content=\"index, follow, max-snippet:-1, max-image-preview:large, max-video-preview:-1\" \/>\n<link rel=\"canonical\" href=\"https:\/\/liviko.eu\/lv\/company-culture\/\" \/>\n<meta property=\"og:locale\" content=\"lv_LV\" \/>\n<meta property=\"og:type\" content=\"article\" \/>\n<meta property=\"og:title\" content=\"Par uz\u0146\u0113mumu - Liviko\" \/>\n<meta property=\"og:url\" content=\"https:\/\/liviko.eu\/lv\/company-culture\/\" \/>\n<meta property=\"og:site_name\" content=\"Liviko\" \/>\n<meta property=\"article:publisher\" content=\"https:\/\/www.facebook.com\/LivikoDistillery\/\" \/>\n<meta property=\"article:modified_time\" content=\"2025-02-03T07:20:56+00:00\" \/>\n<meta property=\"og:image\" content=\"https:\/\/liviko.eu\/wp-content\/uploads\/2023\/03\/liviko_info_lat_2023.svg\" \/>\n<meta name=\"twitter:card\" content=\"summary_large_image\" \/>\n<meta name=\"twitter:label1\" content=\"Est. reading time\" \/>\n\t<meta name=\"twitter:data1\" content=\"1 minute\" \/>\n<script type=\"application\/ld+json\" class=\"yoast-schema-graph\">{\"@context\":\"https:\/\/schema.org\",\"@graph\":[{\"@type\":\"WebPage\",\"@id\":\"https:\/\/liviko.eu\/lv\/company-culture\/\",\"url\":\"https:\/\/liviko.eu\/lv\/company-culture\/\",\"name\":\"Par uz\u0146\u0113mumu - Liviko\",\"isPartOf\":{\"@id\":\"https:\/\/liviko.eu\/lv\/#website\"},\"primaryImageOfPage\":{\"@id\":\"https:\/\/liviko.eu\/lv\/company-culture\/#primaryimage\"},\"image\":{\"@id\":\"https:\/\/liviko.eu\/lv\/company-culture\/#primaryimage\"},\"thumbnailUrl\":\"https:\/\/liviko.eu\/wp-content\/uploads\/2023\/03\/liviko_info_lat_2023.svg\",\"datePublished\":\"2020-06-26T07:34:47+00:00\",\"dateModified\":\"2025-02-03T07:20:56+00:00\",\"breadcrumb\":{\"@id\":\"https:\/\/liviko.eu\/lv\/company-culture\/#breadcrumb\"},\"inLanguage\":\"lv-LV\",\"potentialAction\":[{\"@type\":\"ReadAction\",\"target\":[\"https:\/\/liviko.eu\/lv\/company-culture\/\"]}]},{\"@type\":\"ImageObject\",\"inLanguage\":\"lv-LV\",\"@id\":\"https:\/\/liviko.eu\/lv\/company-culture\/#primaryimage\",\"url\":\"https:\/\/liviko.eu\/wp-content\/uploads\/2023\/03\/liviko_info_lat_2023.svg\",\"contentUrl\":\"https:\/\/liviko.eu\/wp-content\/uploads\/2023\/03\/liviko_info_lat_2023.svg\"},{\"@type\":\"BreadcrumbList\",\"@id\":\"https:\/\/liviko.eu\/lv\/company-culture\/#breadcrumb\",\"itemListElement\":[{\"@type\":\"ListItem\",\"position\":1,\"name\":\"Home\",\"item\":\"https:\/\/liviko.eu\/lv\/\"},{\"@type\":\"ListItem\",\"position\":2,\"name\":\"Par uz\u0146\u0113mumu\"}]},{\"@type\":\"WebSite\",\"@id\":\"https:\/\/liviko.eu\/lv\/#website\",\"url\":\"https:\/\/liviko.eu\/lv\/\",\"name\":\"Liviko\",\"description\":\"anno 1898\",\"publisher\":{\"@id\":\"https:\/\/liviko.eu\/lv\/#organization\"},\"potentialAction\":[{\"@type\":\"SearchAction\",\"target\":{\"@type\":\"EntryPoint\",\"urlTemplate\":\"https:\/\/liviko.eu\/lv\/?s={search_term_string}\"},\"query-input\":{\"@type\":\"PropertyValueSpecification\",\"valueRequired\":true,\"valueName\":\"search_term_string\"}}],\"inLanguage\":\"lv-LV\"},{\"@type\":\"Organization\",\"@id\":\"https:\/\/liviko.eu\/lv\/#organization\",\"name\":\"Liviko\",\"url\":\"https:\/\/liviko.eu\/lv\/\",\"logo\":{\"@type\":\"ImageObject\",\"inLanguage\":\"lv-LV\",\"@id\":\"https:\/\/liviko.eu\/lv\/#\/schema\/logo\/image\/\",\"url\":\"https:\/\/liviko.eu\/wp-content\/uploads\/2020\/10\/liviko_logo.png\",\"contentUrl\":\"https:\/\/liviko.eu\/wp-content\/uploads\/2020\/10\/liviko_logo.png\",\"width\":515,\"height\":181,\"caption\":\"Liviko\"},\"image\":{\"@id\":\"https:\/\/liviko.eu\/lv\/#\/schema\/logo\/image\/\"},\"sameAs\":[\"https:\/\/www.facebook.com\/LivikoDistillery\/\",\"https:\/\/www.instagram.com\/livikodistillery\",\"https:\/\/www.linkedin.com\/company\/liviko\/\",\"https:\/\/www.youtube.com\/channel\/UCnoHr-PaNxBHJO8nMDLVGuA\"]}]}<\/script>\n<!-- \/ Yoast SEO plugin. -->","yoast_head_json":{"title":"Par uz\u0146\u0113mumu - Liviko","robots":{"index":"index","follow":"follow","max-snippet":"max-snippet:-1","max-image-preview":"max-image-preview:large","max-video-preview":"max-video-preview:-1"},"canonical":"https:\/\/liviko.eu\/lv\/company-culture\/","og_locale":"lv_LV","og_type":"article","og_title":"Par uz\u0146\u0113mumu - Liviko","og_url":"https:\/\/liviko.eu\/lv\/company-culture\/","og_site_name":"Liviko","article_publisher":"https:\/\/www.facebook.com\/LivikoDistillery\/","article_modified_time":"2025-02-03T07:20:56+00:00","og_image":[{"url":"https:\/\/liviko.eu\/wp-content\/uploads\/2023\/03\/liviko_info_lat_2023.svg","type":"","width":"","height":""}],"twitter_card":"summary_large_image","twitter_misc":{"Est. reading time":"1 minute"},"schema":{"@context":"https:\/\/schema.org","@graph":[{"@type":"WebPage","@id":"https:\/\/liviko.eu\/lv\/company-culture\/","url":"https:\/\/liviko.eu\/lv\/company-culture\/","name":"Par uz\u0146\u0113mumu - Liviko","isPartOf":{"@id":"https:\/\/liviko.eu\/lv\/#website"},"primaryImageOfPage":{"@id":"https:\/\/liviko.eu\/lv\/company-culture\/#primaryimage"},"image":{"@id":"https:\/\/liviko.eu\/lv\/company-culture\/#primaryimage"},"thumbnailUrl":"https:\/\/liviko.eu\/wp-content\/uploads\/2023\/03\/liviko_info_lat_2023.svg","datePublished":"2020-06-26T07:34:47+00:00","dateModified":"2025-02-03T07:20:56+00:00","breadcrumb":{"@id":"https:\/\/liviko.eu\/lv\/company-culture\/#breadcrumb"},"inLanguage":"lv-LV","potentialAction":[{"@type":"ReadAction","target":["https:\/\/liviko.eu\/lv\/company-culture\/"]}]},{"@type":"ImageObject","inLanguage":"lv-LV","@id":"https:\/\/liviko.eu\/lv\/company-culture\/#primaryimage","url":"https:\/\/liviko.eu\/wp-content\/uploads\/2023\/03\/liviko_info_lat_2023.svg","contentUrl":"https:\/\/liviko.eu\/wp-content\/uploads\/2023\/03\/liviko_info_lat_2023.svg"},{"@type":"BreadcrumbList","@id":"https:\/\/liviko.eu\/lv\/company-culture\/#breadcrumb","itemListElement":[{"@type":"ListItem","position":1,"name":"Home","item":"https:\/\/liviko.eu\/lv\/"},{"@type":"ListItem","position":2,"name":"Par uz\u0146\u0113mumu"}]},{"@type":"WebSite","@id":"https:\/\/liviko.eu\/lv\/#website","url":"https:\/\/liviko.eu\/lv\/","name":"Liviko","description":"anno 1898","publisher":{"@id":"https:\/\/liviko.eu\/lv\/#organization"},"potentialAction":[{"@type":"SearchAction","target":{"@type":"EntryPoint","urlTemplate":"https:\/\/liviko.eu\/lv\/?s={search_term_string}"},"query-input":{"@type":"PropertyValueSpecification","valueRequired":true,"valueName":"search_term_string"}}],"inLanguage":"lv-LV"},{"@type":"Organization","@id":"https:\/\/liviko.eu\/lv\/#organization","name":"Liviko","url":"https:\/\/liviko.eu\/lv\/","logo":{"@type":"ImageObject","inLanguage":"lv-LV","@id":"https:\/\/liviko.eu\/lv\/#\/schema\/logo\/image\/","url":"https:\/\/liviko.eu\/wp-content\/uploads\/2020\/10\/liviko_logo.png","contentUrl":"https:\/\/liviko.eu\/wp-content\/uploads\/2020\/10\/liviko_logo.png","width":515,"height":181,"caption":"Liviko"},"image":{"@id":"https:\/\/liviko.eu\/lv\/#\/schema\/logo\/image\/"},"sameAs":["https:\/\/www.facebook.com\/LivikoDistillery\/","https:\/\/www.instagram.com\/livikodistillery","https:\/\/www.linkedin.com\/company\/liviko\/","https:\/\/www.youtube.com\/channel\/UCnoHr-PaNxBHJO8nMDLVGuA"]}]}},"_links":{"self":[{"href":"https:\/\/liviko.eu\/lv\/wp-json\/wp\/v2\/pages\/804","targetHints":{"allow":["GET"]}}],"collection":[{"href":"https:\/\/liviko.eu\/lv\/wp-json\/wp\/v2\/pages"}],"about":[{"href":"https:\/\/liviko.eu\/lv\/wp-json\/wp\/v2\/types\/page"}],"author":[{"embeddable":true,"href":"https:\/\/liviko.eu\/lv\/wp-json\/wp\/v2\/users\/1"}],"replies":[{"embeddable":true,"href":"https:\/\/liviko.eu\/lv\/wp-json\/wp\/v2\/comments?post=804"}],"version-history":[{"count":75,"href":"https:\/\/liviko.eu\/lv\/wp-json\/wp\/v2\/pages\/804\/revisions"}],"predecessor-version":[{"id":55332,"href":"https:\/\/liviko.eu\/lv\/wp-json\/wp\/v2\/pages\/804\/revisions\/55332"}],"wp:attachment":[{"href":"https:\/\/liviko.eu\/lv\/wp-json\/wp\/v2\/media?parent=804"}],"wp:term":[{"taxonomy":"category","embeddable":true,"href":"https:\/\/liviko.eu\/lv\/wp-json\/wp\/v2\/categories?post=804"}],"curies":[{"name":"wp","href":"https:\/\/api.w.org\/{rel}","templated":true}]}}