{"id":810,"date":"2020-07-02T14:33:22","date_gmt":"2020-07-02T14:33:22","guid":{"rendered":"http:\/\/liviko.eu\/company-culture\/social-responsibility\/"},"modified":"2023-06-20T09:59:29","modified_gmt":"2023-06-20T09:59:29","slug":"social-responsibility","status":"publish","type":"page","link":"https:\/\/liviko.eu\/lv\/company-culture\/social-responsibility\/","title":{"rendered":"Soci\u0101l\u0101 atbild\u012bba"},"content":{"rendered":"<div id=\"pageHeader-block_36d14ed2d03f31d481ead2993654b316\" class=\" c-contentBlock c-pageHeader\" data-block-type=\"Page header\">\n                    <h1 class=\"c-pageHeader__title\">Soci\u0101l\u0101 atbild\u012bba<\/h1>\n                            <div class=\"c-pageHeader__text t-text\"><p>K\u0101 starptautisks kvalitat\u012bvu dz\u0113rienu ra\u017eot\u0101js un izplat\u012bt\u0101js m\u0113s j\u016btam atbild\u012bbu par kultur\u0101las, atbild\u012bgas un uz kvalit\u0101ti orient\u0113tas dom\u0101\u0161anas veicin\u0101\u0161anu Baltijas valst\u012bs un eksporta tirgos.<\/p>\n<p>M\u0113s v\u0113lamies, lai alkohols tiktu lietots atbild\u012bgi un sapr\u0101t\u012bgi. \u0160\u012bs misijas \u012bsteno\u0161an\u0101 b\u016btiska loma ir m\u016bsu s\u016bt\u0146iem, kuri apm\u0101ca b\u0101rme\u0146us un gala pat\u0113r\u0113t\u0101jus vis\u0101 pasaul\u0113, iepaz\u012bstinot tos ar koktei\u013ciem, kas satur maz alkohola vai nesatur to visp\u0101r.<\/p>\n<p>\u201cLiviko\u201d jau ilgu laiku atbalsta somelj\u0113 un b\u0101rme\u0146u asoci\u0101cijas Baltijas valst\u012bs. M\u0113s piedal\u0101mies Alkohola ra\u017eot\u0101ju un import\u0113t\u0101ju asoci\u0101cijas aizs\u0101ktaj\u0101 atbild\u012bgas alkohola lieto\u0161anas akcij\u0101 \u201cUz vienu gl\u0101zi alkohola \u2013 viena gl\u0101ze \u016bdens!\u201d<\/p>\n<\/div>\n                        <div class=\"c-pageHeader__tools\">\n        \t<a href=\"#page-810-body\" class=\"c-pageHeader__scrollButton js-scrollTo\">\n        \t\t<span class=\"visuallyhidden\">Scroll to content<\/span>\n                <span class=\"icon-down\"><\/span>\n        \t<\/a>\n        <\/div>\n        \n<\/div>\n<a id=\"page-810-body\"><\/a>\n\n<div id=\"mediaBlock-block_e4ac6975c1146c78695eacbb9aed658c\" class=\" c-contentBlock c-mediaBlock c-mediaBlock--align-left c-mediaBlock--valign-center c-mediaBlock--size-regular c-mediaBlock--imageHeight-normal\" data-block-type=\"Media block\">\n   \n                \n     <div class=\"c-mediaBlock__media\" style=\"\"\">\n        <img fetchpriority=\"high\" decoding=\"async\" width=\"800\" height=\"530\" src=\"https:\/\/liviko.eu\/wp-content\/uploads\/2023\/06\/800x530Corsaro.png\" class=\"c-mediaBlock__image\" alt=\"VAIR\u0100K IESP\u0112JU IZV\u0112L\u0112TIES BEZALKOHOLISKUS DZ\u0112RIENUS\" srcset=\"https:\/\/liviko.eu\/wp-content\/uploads\/2023\/06\/800x530Corsaro.png 800w, https:\/\/liviko.eu\/wp-content\/uploads\/2023\/06\/800x530Corsaro-768x509.png 768w, https:\/\/liviko.eu\/wp-content\/uploads\/2023\/06\/800x530Corsaro-483x320.png 483w\" sizes=\"(max-width: 800px) 100vw, 800px\" \/>    <\/div>\n     <div class=\"c-mediaBlock__body\">\n                    <h2 class=\"c-mediaBlock__title\">VAIR\u0100K IESP\u0112JU IZV\u0112L\u0112TIES BEZALKOHOLISKUS DZ\u0112RIENUS<\/h2>\n                <div class=\"c-mediaBlock__content\">\n            <div class=\"t-text\">\n            <p>M\u0113s rad\u0101m vair\u0101k bezalkoholisko dz\u0113rienu izv\u0113les iesp\u0113ju sabiedriskiem pas\u0101kumiem. \u201cLiviko\u201d ir palielin\u0101jis bezalkoholisko dz\u0113rienu \u012bpatsvaru gan sav\u0101 produktu portfel\u012b, gan ar\u012b citu p\u0101rst\u0101v\u0113to z\u012bmolu kl\u0101st\u0101.<\/p>\n<p>\u201cLiviko\u201d meistardarbn\u012bc\u0101 tiek gatavots Igaunij\u0101 pirmais bezalkoholiskais aperit\u012bvs <a href=\"https:\/\/liviko.eu\/lv\/liviko\/corsaro-aperitivo\/\">Corsaro Aperitivo<\/a>. \u0160eit ir rad\u012bti t\u0101di inovat\u012bvi un godalgoti dz\u0113rieni k\u0101 <a href=\"https:\/\/liviko.eu\/lv\/liviko-distillery\/re-crafters-junibeer\/\">Re-crafted Crafter\u2019s Junibee<\/a>r un\u00a0<a href=\"https:\/\/liviko.eu\/lv\/liviko-distillery\/re-crafters-junibeer\/\">Re-crafted Crafter\u2019s Gingeroot<\/a>, kas gatavoti no d\u017eina ra\u017eo\u0161an\u0101 izmantoto kadi\u0137u ogu \u0161\u0137ietam\u0101 ekstrakta. Ingvera cien\u012bt\u0101jiem \u201cLiviko\u201d bezalkoholisko dz\u0113rienu kl\u0101st\u0101 ir v\u0113l ar\u012b <a href=\"https:\/\/liviko.eu\/lv\/liviko-distillery\/ginger-duke\/\">Ginger Duke<\/a>. M\u016bsu novatorisk\u0101 produktu izstr\u0101des komanda, kuras darbiniekiem ir ar\u012b lieliska gar\u0161as gaume, turpina rad\u012bt jaunus bezalkoholiskos dz\u0113rienus.<\/p>\n            <\/div>\n                            \n        <\/div>\n    <\/div>\n<\/div>\n\n<div id=\"mediaBlock-block_45655b0e0f2cca1c5bf7061cfdf8a0e7\" class=\" c-contentBlock c-mediaBlock c-mediaBlock--align-right c-mediaBlock--valign-center c-mediaBlock--size-regular c-mediaBlock--imageHeight-normal\" data-block-type=\"Media block\">\n   \n                \n     <div class=\"c-mediaBlock__media\" style=\"\"\">\n        <img decoding=\"async\" width=\"800\" height=\"530\" src=\"https:\/\/liviko.eu\/wp-content\/uploads\/2023\/06\/800x530NOLO.png\" class=\"c-mediaBlock__image\" alt=\"\" srcset=\"https:\/\/liviko.eu\/wp-content\/uploads\/2023\/06\/800x530NOLO.png 800w, https:\/\/liviko.eu\/wp-content\/uploads\/2023\/06\/800x530NOLO-768x509.png 768w, https:\/\/liviko.eu\/wp-content\/uploads\/2023\/06\/800x530NOLO-483x320.png 483w\" sizes=\"(max-width: 800px) 100vw, 800px\" \/>    <\/div>\n     <div class=\"c-mediaBlock__body\">\n                <div class=\"c-mediaBlock__content\">\n            <div class=\"t-text\">\n            <p>Papildus saviem produktiem \u201cLiviko\u201d Igaunijas, Latvijas un Lietuvas tirg\u016b p\u0101rdod ar\u012b vair\u0101ku starptautisko ra\u017eot\u0101ju bezalkoholiskos dz\u0113rienus. Kl\u0101st\u0101 ir gan <a href=\"https:\/\/liviko.eu\/lv\/baltic-distribution\/\"><em>Martini<\/em> bezalkoholiskie aperit\u012bvi<\/a> un <em>Luna<\/em> bezalkoholiskie dzirksto\u0161ie v\u012bni, gan ar\u012b <em>Valckenberg<\/em> bezalkoholiskie v\u012bni. Turkl\u0101t \u201cLiviko\u201d pied\u0101v\u0101jum\u0101 ir ar\u012b <a href=\"https:\/\/liviko.eu\/lv\/baltic-distribution\/\">Fentimans<\/a> kvalitat\u012bv\u0101s limon\u0101des un toniki, k\u0101 ar\u012b <a href=\"https:\/\/liviko.eu\/lv\/baltic-distribution\/\">Haage un Haanja dab\u012bgie miner\u0101l\u016bde\u0146i.<\/a><\/p>\n            <\/div>\n                            \n        <\/div>\n    <\/div>\n<\/div>\n\n<div id=\"mediaBlock-block_92b29a810fa5f9b4745806476963064a\" class=\" c-contentBlock c-mediaBlock c-mediaBlock--align-left c-mediaBlock--valign-center c-mediaBlock--size-regular c-mediaBlock--imageHeight-normal\" data-block-type=\"Media block\">\n   \n                \n     <div class=\"c-mediaBlock__media\" style=\"\"\">\n        <img decoding=\"async\" width=\"800\" height=\"530\" src=\"https:\/\/liviko.eu\/wp-content\/uploads\/2023\/06\/800x530-vtgp.jpg\" class=\"c-mediaBlock__image\" alt=\"VANA TALLINN GRAND PRIX\" srcset=\"https:\/\/liviko.eu\/wp-content\/uploads\/2023\/06\/800x530-vtgp.jpg 800w, https:\/\/liviko.eu\/wp-content\/uploads\/2023\/06\/800x530-vtgp-768x509.jpg 768w, https:\/\/liviko.eu\/wp-content\/uploads\/2023\/06\/800x530-vtgp-483x320.jpg 483w\" sizes=\"(max-width: 800px) 100vw, 800px\" \/>    <\/div>\n     <div class=\"c-mediaBlock__body\">\n                    <h2 class=\"c-mediaBlock__title\">VANA TALLINN GRAND PRIX<\/h2>\n                <div class=\"c-mediaBlock__content\">\n            <div class=\"t-text\">\n            <p>\u201cLiviko\u201d jau kop\u0161 2006. gada sadarb\u012bb\u0101 ar Igaunijas, Latvijas un Lietuvas somelj\u0113 asoci\u0101cij\u0101m r\u012bko Baltijas valst\u012bs reprezentat\u012bv\u0101k\u0101s somelj\u0113 sacens\u012bbas \u2013 <em>Old Tallinn Baltic Sommelier Grand Prix<\/em>. Sacens\u012bbas, kur\u0101s nosaka lab\u0101ko somelj\u0113 Baltijas valst\u012bs, nosauktas \u201cLiviko\u201d pasaulslaven\u0101 li\u0137iera<em> Vana Tallinn<\/em> v\u0101rd\u0101.<\/p>\n<p>\u201cLiviko\u201d k\u0101 Igaunijas somelj\u0113 asoci\u0101cijas galvenais sponsors ir pal\u012bdz\u0113jis mums populariz\u0113t v\u012bna kult\u016bru un iepaz\u012bstin\u0101t sabiedr\u012bbu ar atbild\u012bgas alkohola lieto\u0161anas principiem,\u201d saka Igaunijas Somelj\u0113 asoci\u0101cijas prezidents Kristjans Mark\u012b (<em>Kristjan Markii<\/em>).<\/p>\n            <\/div>\n                            \n        <\/div>\n    <\/div>\n<\/div>\n\n<div id=\"mediaBlock-block_1cfd7e4b233ebf385f1a2165d65cea6b\" class=\" c-contentBlock c-mediaBlock c-mediaBlock--align-right c-mediaBlock--valign-center c-mediaBlock--size-regular c-mediaBlock--imageHeight-normal\" data-block-type=\"Media block\">\n   \n                \n     <div class=\"c-mediaBlock__media\" style=\"\"\">\n        <img loading=\"lazy\" decoding=\"async\" width=\"800\" height=\"530\" src=\"https:\/\/liviko.eu\/wp-content\/uploads\/2023\/06\/800x530votavettvahele.png\" class=\"c-mediaBlock__image\" alt=\"UZDZER \u016aDENI!\" srcset=\"https:\/\/liviko.eu\/wp-content\/uploads\/2023\/06\/800x530votavettvahele.png 800w, https:\/\/liviko.eu\/wp-content\/uploads\/2023\/06\/800x530votavettvahele-768x509.png 768w, https:\/\/liviko.eu\/wp-content\/uploads\/2023\/06\/800x530votavettvahele-483x320.png 483w\" sizes=\"(max-width: 800px) 100vw, 800px\" \/>    <\/div>\n     <div class=\"c-mediaBlock__body\">\n                    <h2 class=\"c-mediaBlock__title\">UZDZER \u016aDENI!<\/h2>\n                <div class=\"c-mediaBlock__content\">\n            <div class=\"t-text\">\n            <p>R\u016bp\u0113joties par sapr\u0101t\u012bgu alkohola lieto\u0161anas kult\u016bru, m\u0113s aicin\u0101m cilv\u0113kus alla\u017e gl\u0101zei alkohola uzdzert gl\u0101zi \u016bdens. T\u0101d\u0113\u013c \u201cLiviko\u201d piedal\u0101s Alkohola ra\u017eot\u0101ju un import\u0113t\u0101ju asoci\u0101cijas aizs\u0101ktaj\u0101 atbild\u012bgas alkohola lieto\u0161anas akcij\u0101 \u201cUz vienu gl\u0101zi alkohola \u2013 viena gl\u0101ze \u016bdens!\u201d Informat\u012bv\u0101s kampa\u0146as ietvaros cilv\u0113ki tiek aicin\u0101ti p\u0113c katras iedzert\u0101 alkohola gl\u0101zes uzdzert gl\u0101zi \u016bdens. \u016adens dzer\u0161ana pal\u012bdz l\u012bdzsvarot \u0137erme\u0146a vajadz\u012bbu p\u0113c \u0161\u0137idruma un nodro\u0161ina lab\u0101ku pa\u0161saj\u016btu.<\/p>\n<ul>\n<li><a href=\"https:\/\/vettvahele.ee\/\">VETTVAHELE.EE<\/a><\/li>\n<\/ul>\n            <\/div>\n                            \n        <\/div>\n    <\/div>\n<\/div>\n\n<div id=\"mediaBlock-block_e63bb142b36e0e7b09a11320c6c0ebd8\" class=\" c-contentBlock c-mediaBlock c-mediaBlock--align-left c-mediaBlock--valign-center c-mediaBlock--size-regular c-mediaBlock--imageHeight-normal\" data-block-type=\"Media block\">\n   \n                \n     <div class=\"c-mediaBlock__media\" style=\"\"\">\n        <img loading=\"lazy\" decoding=\"async\" width=\"800\" height=\"530\" src=\"https:\/\/liviko.eu\/wp-content\/uploads\/2023\/06\/800x530CPakend.jpg\" class=\"c-mediaBlock__image\" alt=\"ATBILD\u012aGS IEPAKOJUMS\" srcset=\"https:\/\/liviko.eu\/wp-content\/uploads\/2023\/06\/800x530CPakend.jpg 800w, https:\/\/liviko.eu\/wp-content\/uploads\/2023\/06\/800x530CPakend-768x509.jpg 768w, https:\/\/liviko.eu\/wp-content\/uploads\/2023\/06\/800x530CPakend-483x320.jpg 483w\" sizes=\"(max-width: 800px) 100vw, 800px\" \/>    <\/div>\n     <div class=\"c-mediaBlock__body\">\n                    <h2 class=\"c-mediaBlock__title\">ATBILD\u012aGS IEPAKOJUMS<\/h2>\n                <div class=\"c-mediaBlock__content\">\n            <div class=\"t-text\">\n            <p>Lai veicin\u0101tu atbild\u012bgu alkohola lieto\u0161anas kult\u016bru, uz m\u016bsu pa\u0161u produktiem un to rekl\u0101m\u0101m ir izvietotas br\u012bdin\u0101juma z\u012bmes: \u201cNes\u0113dies pie st\u016bres dz\u0113rum\u0101!\u201d, \u201cGr\u016btniec\u0113m alkohola lieto\u0161ana nav ieteicama!\u201d, \u201cAt\u013cauts lietot tikai person\u0101m, kas sasniegu\u0161as 18 gadu vecumu!\u201d. Uz vair\u0101ku dz\u0113rienu eti\u0137et\u0113m esam pievienoju\u0161i inform\u0101ciju par kaloriju saturu.<\/p>\n            <\/div>\n                            \n        <\/div>\n    <\/div>\n<\/div>","protected":false},"excerpt":{"rendered":"","protected":false},"author":1,"featured_media":0,"parent":804,"menu_order":2,"comment_status":"closed","ping_status":"closed","template":"","meta":{"_acf_changed":false,"inline_featured_image":false,"_monsterinsights_skip_tracking":false,"_monsterinsights_sitenote_active":false,"_monsterinsights_sitenote_note":"","_monsterinsights_sitenote_category":0,"footnotes":""},"categories":[],"class_list":["post-810","page","type-page","status-publish","hentry"],"acf":[],"yoast_head":"<!-- This site is optimized with the Yoast SEO plugin v24.0 - https:\/\/yoast.com\/wordpress\/plugins\/seo\/ -->\n<title>Soci\u0101l\u0101 atbild\u012bba - Liviko<\/title>\n<meta name=\"robots\" content=\"index, follow, max-snippet:-1, max-image-preview:large, max-video-preview:-1\" \/>\n<link rel=\"canonical\" href=\"https:\/\/liviko.eu\/lv\/company-culture\/social-responsibility\/\" \/>\n<meta property=\"og:locale\" content=\"lv_LV\" \/>\n<meta property=\"og:type\" content=\"article\" \/>\n<meta property=\"og:title\" content=\"Soci\u0101l\u0101 atbild\u012bba - Liviko\" \/>\n<meta property=\"og:url\" content=\"https:\/\/liviko.eu\/lv\/company-culture\/social-responsibility\/\" \/>\n<meta property=\"og:site_name\" content=\"Liviko\" \/>\n<meta property=\"article:publisher\" content=\"https:\/\/www.facebook.com\/LivikoDistillery\/\" \/>\n<meta property=\"article:modified_time\" content=\"2023-06-20T09:59:29+00:00\" \/>\n<meta name=\"twitter:card\" content=\"summary_large_image\" \/>\n<script type=\"application\/ld+json\" class=\"yoast-schema-graph\">{\"@context\":\"https:\/\/schema.org\",\"@graph\":[{\"@type\":\"WebPage\",\"@id\":\"https:\/\/liviko.eu\/lv\/company-culture\/social-responsibility\/\",\"url\":\"https:\/\/liviko.eu\/lv\/company-culture\/social-responsibility\/\",\"name\":\"Soci\u0101l\u0101 atbild\u012bba - Liviko\",\"isPartOf\":{\"@id\":\"https:\/\/liviko.eu\/lv\/#website\"},\"datePublished\":\"2020-07-02T14:33:22+00:00\",\"dateModified\":\"2023-06-20T09:59:29+00:00\",\"breadcrumb\":{\"@id\":\"https:\/\/liviko.eu\/lv\/company-culture\/social-responsibility\/#breadcrumb\"},\"inLanguage\":\"lv-LV\",\"potentialAction\":[{\"@type\":\"ReadAction\",\"target\":[\"https:\/\/liviko.eu\/lv\/company-culture\/social-responsibility\/\"]}]},{\"@type\":\"BreadcrumbList\",\"@id\":\"https:\/\/liviko.eu\/lv\/company-culture\/social-responsibility\/#breadcrumb\",\"itemListElement\":[{\"@type\":\"ListItem\",\"position\":1,\"name\":\"Home\",\"item\":\"https:\/\/liviko.eu\/lv\/\"},{\"@type\":\"ListItem\",\"position\":2,\"name\":\"Par uz\u0146\u0113mumu\",\"item\":\"https:\/\/liviko.eu\/lv\/company-culture\/\"},{\"@type\":\"ListItem\",\"position\":3,\"name\":\"Soci\u0101l\u0101 atbild\u012bba\"}]},{\"@type\":\"WebSite\",\"@id\":\"https:\/\/liviko.eu\/lv\/#website\",\"url\":\"https:\/\/liviko.eu\/lv\/\",\"name\":\"Liviko\",\"description\":\"anno 1898\",\"publisher\":{\"@id\":\"https:\/\/liviko.eu\/lv\/#organization\"},\"potentialAction\":[{\"@type\":\"SearchAction\",\"target\":{\"@type\":\"EntryPoint\",\"urlTemplate\":\"https:\/\/liviko.eu\/lv\/?s={search_term_string}\"},\"query-input\":{\"@type\":\"PropertyValueSpecification\",\"valueRequired\":true,\"valueName\":\"search_term_string\"}}],\"inLanguage\":\"lv-LV\"},{\"@type\":\"Organization\",\"@id\":\"https:\/\/liviko.eu\/lv\/#organization\",\"name\":\"Liviko\",\"url\":\"https:\/\/liviko.eu\/lv\/\",\"logo\":{\"@type\":\"ImageObject\",\"inLanguage\":\"lv-LV\",\"@id\":\"https:\/\/liviko.eu\/lv\/#\/schema\/logo\/image\/\",\"url\":\"https:\/\/liviko.eu\/wp-content\/uploads\/2020\/10\/liviko_logo.png\",\"contentUrl\":\"https:\/\/liviko.eu\/wp-content\/uploads\/2020\/10\/liviko_logo.png\",\"width\":515,\"height\":181,\"caption\":\"Liviko\"},\"image\":{\"@id\":\"https:\/\/liviko.eu\/lv\/#\/schema\/logo\/image\/\"},\"sameAs\":[\"https:\/\/www.facebook.com\/LivikoDistillery\/\",\"https:\/\/www.instagram.com\/livikodistillery\",\"https:\/\/www.linkedin.com\/company\/liviko\/\",\"https:\/\/www.youtube.com\/channel\/UCnoHr-PaNxBHJO8nMDLVGuA\"]}]}<\/script>\n<!-- \/ Yoast SEO plugin. -->","yoast_head_json":{"title":"Soci\u0101l\u0101 atbild\u012bba - Liviko","robots":{"index":"index","follow":"follow","max-snippet":"max-snippet:-1","max-image-preview":"max-image-preview:large","max-video-preview":"max-video-preview:-1"},"canonical":"https:\/\/liviko.eu\/lv\/company-culture\/social-responsibility\/","og_locale":"lv_LV","og_type":"article","og_title":"Soci\u0101l\u0101 atbild\u012bba - Liviko","og_url":"https:\/\/liviko.eu\/lv\/company-culture\/social-responsibility\/","og_site_name":"Liviko","article_publisher":"https:\/\/www.facebook.com\/LivikoDistillery\/","article_modified_time":"2023-06-20T09:59:29+00:00","twitter_card":"summary_large_image","schema":{"@context":"https:\/\/schema.org","@graph":[{"@type":"WebPage","@id":"https:\/\/liviko.eu\/lv\/company-culture\/social-responsibility\/","url":"https:\/\/liviko.eu\/lv\/company-culture\/social-responsibility\/","name":"Soci\u0101l\u0101 atbild\u012bba - Liviko","isPartOf":{"@id":"https:\/\/liviko.eu\/lv\/#website"},"datePublished":"2020-07-02T14:33:22+00:00","dateModified":"2023-06-20T09:59:29+00:00","breadcrumb":{"@id":"https:\/\/liviko.eu\/lv\/company-culture\/social-responsibility\/#breadcrumb"},"inLanguage":"lv-LV","potentialAction":[{"@type":"ReadAction","target":["https:\/\/liviko.eu\/lv\/company-culture\/social-responsibility\/"]}]},{"@type":"BreadcrumbList","@id":"https:\/\/liviko.eu\/lv\/company-culture\/social-responsibility\/#breadcrumb","itemListElement":[{"@type":"ListItem","position":1,"name":"Home","item":"https:\/\/liviko.eu\/lv\/"},{"@type":"ListItem","position":2,"name":"Par uz\u0146\u0113mumu","item":"https:\/\/liviko.eu\/lv\/company-culture\/"},{"@type":"ListItem","position":3,"name":"Soci\u0101l\u0101 atbild\u012bba"}]},{"@type":"WebSite","@id":"https:\/\/liviko.eu\/lv\/#website","url":"https:\/\/liviko.eu\/lv\/","name":"Liviko","description":"anno 1898","publisher":{"@id":"https:\/\/liviko.eu\/lv\/#organization"},"potentialAction":[{"@type":"SearchAction","target":{"@type":"EntryPoint","urlTemplate":"https:\/\/liviko.eu\/lv\/?s={search_term_string}"},"query-input":{"@type":"PropertyValueSpecification","valueRequired":true,"valueName":"search_term_string"}}],"inLanguage":"lv-LV"},{"@type":"Organization","@id":"https:\/\/liviko.eu\/lv\/#organization","name":"Liviko","url":"https:\/\/liviko.eu\/lv\/","logo":{"@type":"ImageObject","inLanguage":"lv-LV","@id":"https:\/\/liviko.eu\/lv\/#\/schema\/logo\/image\/","url":"https:\/\/liviko.eu\/wp-content\/uploads\/2020\/10\/liviko_logo.png","contentUrl":"https:\/\/liviko.eu\/wp-content\/uploads\/2020\/10\/liviko_logo.png","width":515,"height":181,"caption":"Liviko"},"image":{"@id":"https:\/\/liviko.eu\/lv\/#\/schema\/logo\/image\/"},"sameAs":["https:\/\/www.facebook.com\/LivikoDistillery\/","https:\/\/www.instagram.com\/livikodistillery","https:\/\/www.linkedin.com\/company\/liviko\/","https:\/\/www.youtube.com\/channel\/UCnoHr-PaNxBHJO8nMDLVGuA"]}]}},"_links":{"self":[{"href":"https:\/\/liviko.eu\/lv\/wp-json\/wp\/v2\/pages\/810","targetHints":{"allow":["GET"]}}],"collection":[{"href":"https:\/\/liviko.eu\/lv\/wp-json\/wp\/v2\/pages"}],"about":[{"href":"https:\/\/liviko.eu\/lv\/wp-json\/wp\/v2\/types\/page"}],"author":[{"embeddable":true,"href":"https:\/\/liviko.eu\/lv\/wp-json\/wp\/v2\/users\/1"}],"replies":[{"embeddable":true,"href":"https:\/\/liviko.eu\/lv\/wp-json\/wp\/v2\/comments?post=810"}],"version-history":[{"count":13,"href":"https:\/\/liviko.eu\/lv\/wp-json\/wp\/v2\/pages\/810\/revisions"}],"predecessor-version":[{"id":48406,"href":"https:\/\/liviko.eu\/lv\/wp-json\/wp\/v2\/pages\/810\/revisions\/48406"}],"up":[{"embeddable":true,"href":"https:\/\/liviko.eu\/lv\/wp-json\/wp\/v2\/pages\/804"}],"wp:attachment":[{"href":"https:\/\/liviko.eu\/lv\/wp-json\/wp\/v2\/media?parent=810"}],"wp:term":[{"taxonomy":"category","embeddable":true,"href":"https:\/\/liviko.eu\/lv\/wp-json\/wp\/v2\/categories?post=810"}],"curies":[{"name":"wp","href":"https:\/\/api.w.org\/{rel}","templated":true}]}}