{"id":813,"date":"2020-07-03T09:28:37","date_gmt":"2020-07-03T09:28:37","guid":{"rendered":"http:\/\/liviko.eu\/company-culture\/cooperation\/"},"modified":"2025-02-03T07:22:47","modified_gmt":"2025-02-03T07:22:47","slug":"cooperation","status":"publish","type":"page","link":"https:\/\/liviko.eu\/lv\/company-culture\/cooperation\/","title":{"rendered":"Sadarb\u012bba"},"content":{"rendered":"<div id=\"pageHeader-block_b0257d07b6b8f96b72233fa44386c76e\" class=\" c-contentBlock c-pageHeader\" data-block-type=\"Page header\">\n                    <h1 class=\"c-pageHeader__title\">SADARB\u012aBA<\/h1>\n                            <div class=\"c-pageHeader__text t-text\"><p>P\u0113c \u201cLiviko\u201d iniciat\u012bvas katru gadu vien\u0101 no Baltijas valstu galvaspils\u0113t\u0101m \u2013 Tallin\u0101, R\u012bg\u0101 vai Vi\u013c\u0146\u0101 \u2013 notiek v\u012bnzi\u0146u konkurss \u201cVana Tallinn Baltic Sommelier Grand Prix\u201d. Sacens\u012bbas organiz\u0113 \u201cLiviko\u201d sadarb\u012bb\u0101 ar Igaunijas, Latvijas un Lietuvas somelj\u0113 asoci\u0101cij\u0101m.<\/p>\n<p>\u201cLiviko\u201d alla\u017e tiecies atbalst\u012bt sabiedr\u012bbai un kult\u016brai noz\u012bm\u012bgas jomas. \u201cLiviko\u201d ir ilggad\u0113js Nacion\u0101l\u0101s operas \u201cEstonia\u201d, Igaunijas Nacion\u0101l\u0101 simfonisk\u0101 or\u0137estra, nodibin\u0101juma \u201cEesti Kontsert\u201d, S\u0101rem\u0101 Operas sv\u0113tku, Igaunijas M\u0101kslas muzeja un Igaunijas M\u0101kslinieku savien\u012bbas atbalst\u012bt\u0101js. \u201cLiviko\u201d pieder ar\u012b cien\u012bjamais Igaunijas Rakstnieku savien\u012bbas rom\u0101nu konkursa atjaunot\u0101ja un atbalst\u012bt\u0101ja tituls. K\u0101 Igaunijas Jahtklubu asoci\u0101cijas Zelta sponsors uz\u0146\u0113mums pal\u012bdz\u0113ja Igaunijas bur\u0101\u0161anas sportistiem nok\u013c\u016bt Tokijas olimpiskaj\u0101s sp\u0113l\u0113s, k\u0101 ar\u012b sniedz atbalstu Tallinas Jahtkluba lab\u0101kajiem jaunajiem bur\u0101t\u0101jiem.<\/p>\n<\/div>\n                        <div class=\"c-pageHeader__tools\">\n        \t<a href=\"#page-813-body\" class=\"c-pageHeader__scrollButton js-scrollTo\">\n        \t\t<span class=\"visuallyhidden\">Scroll to content<\/span>\n                <span class=\"icon-down\"><\/span>\n        \t<\/a>\n        <\/div>\n        \n<\/div>\n<a id=\"page-813-body\"><\/a>\n\n<div id=\"mediaBlock-block_f86a7881b993d73f89ff2367035b87da\" class=\" c-contentBlock c-mediaBlock c-mediaBlock--align-right c-mediaBlock--valign-center c-mediaBlock--size-regular c-mediaBlock--imageHeight-normal\" data-block-type=\"Media block\">\n   \n                \n     <div class=\"c-mediaBlock__media\" style=\"\"\">\n        <img fetchpriority=\"high\" decoding=\"async\" width=\"1366\" height=\"912\" src=\"https:\/\/liviko.eu\/wp-content\/uploads\/2020\/08\/VT_Grandprix_2018-1366x912.jpg\" class=\"c-mediaBlock__image\" alt=\"VANA TALLINN GRAND PRIX\" srcset=\"https:\/\/liviko.eu\/wp-content\/uploads\/2020\/08\/VT_Grandprix_2018-1366x912.jpg 1366w, https:\/\/liviko.eu\/wp-content\/uploads\/2020\/08\/VT_Grandprix_2018-920x614.jpg 920w, https:\/\/liviko.eu\/wp-content\/uploads\/2020\/08\/VT_Grandprix_2018-768x513.jpg 768w, https:\/\/liviko.eu\/wp-content\/uploads\/2020\/08\/VT_Grandprix_2018-1536x1025.jpg 1536w, https:\/\/liviko.eu\/wp-content\/uploads\/2020\/08\/VT_Grandprix_2018.jpg 2048w\" sizes=\"(max-width: 1366px) 100vw, 1366px\" \/>    <\/div>\n     <div class=\"c-mediaBlock__body\">\n                    <h2 class=\"c-mediaBlock__title\">VANA TALLINN GRAND PRIX<\/h2>\n                <div class=\"c-mediaBlock__content\">\n            <div class=\"t-text\">\n            <p>\u201cLiviko\u201d jau kop\u0161 2006. gada sadarb\u012bb\u0101 ar Igaunijas, Latvijas un Lietuvas somelj\u0113 asoci\u0101cij\u0101m r\u012bko Baltijas valst\u012bs reprezentat\u012bv\u0101k\u0101s somelj\u0113 sacens\u012bbas \u2013 <em>Old Tallinn Baltic Sommelier Grand Prix<\/em>. Sacens\u012bbas, kur\u0101s nosaka lab\u0101ko somelj\u0113 Baltijas valst\u012bs, nosauktas \u201cLiviko\u201d pasaulslaven\u0101 li\u0137iera<em> Vana Tallinn<\/em> v\u0101rd\u0101.<\/p>\n<p>\u201cLiviko\u201d k\u0101 Igaunijas somelj\u0113 asoci\u0101cijas galvenais sponsors ir pal\u012bdz\u0113jis mums populariz\u0113t v\u012bna kult\u016bru un iepaz\u012bstin\u0101t sabiedr\u012bbu ar atbild\u012bgas alkohola lieto\u0161anas principiem,\u201d saka Igaunijas Somelj\u0113 asoci\u0101cijas prezidents Kristjans Mark\u012b (<em>Kristjan Markii<\/em>).<\/p>\n            <\/div>\n                            \n        <\/div>\n    <\/div>\n<\/div>\n\n<div id=\"mediaBlock-block_0233493af4322897a49753da5bb16784\" class=\" c-contentBlock c-mediaBlock c-mediaBlock--align-left c-mediaBlock--valign-center c-mediaBlock--size-regular c-mediaBlock--imageHeight-normal\" data-block-type=\"Media block\">\n   \n                \n     <div class=\"c-mediaBlock__media\" style=\"\"\">\n        <img decoding=\"async\" width=\"1366\" height=\"911\" src=\"https:\/\/liviko.eu\/wp-content\/uploads\/2021\/08\/pic1-1366x911.jpeg\" class=\"c-mediaBlock__image\" alt=\"VANA TALLINN GALA\" srcset=\"https:\/\/liviko.eu\/wp-content\/uploads\/2021\/08\/pic1-1366x911.jpeg 1366w, https:\/\/liviko.eu\/wp-content\/uploads\/2021\/08\/pic1-920x613.jpeg 920w, https:\/\/liviko.eu\/wp-content\/uploads\/2021\/08\/pic1-768x512.jpeg 768w, https:\/\/liviko.eu\/wp-content\/uploads\/2021\/08\/pic1-1536x1024.jpeg 1536w, https:\/\/liviko.eu\/wp-content\/uploads\/2021\/08\/pic1-2048x1365.jpeg 2048w, https:\/\/liviko.eu\/wp-content\/uploads\/2021\/08\/pic1-480x320.jpeg 480w\" sizes=\"(max-width: 1366px) 100vw, 1366px\" \/>    <\/div>\n     <div class=\"c-mediaBlock__body\">\n                    <h2 class=\"c-mediaBlock__title\">VANA TALLINN GALA<\/h2>\n                <div class=\"c-mediaBlock__content\">\n            <div class=\"t-text\">\n            <p><em>Vana Tallinn<\/em> gal\u0101 pas\u0101kums, kas tika r\u012bkots jau dev\u012bto reizi, alla\u017e bijis Tartu un Tallinas operas cien\u012bt\u0101ju gaid\u012bts notikums un izcilu m\u016bzikas talantu tik\u0161an\u0101s vieta.<\/p>\n<p>\u0160\u012b gada gal\u0101 bija \u012bpa\u0161s, jo publikai pied\u0101v\u0101ja iesp\u0113ju izbaud\u012bt visaptvero\u0161u un iespaid\u012bgu koncertiestud\u0113jumu \u201cIdomeneo\u201d, kas veidots p\u0113c Volfganga Amadeja Mocarta pirm\u0101s liel\u0101s, reti izpild\u012bt\u0101s operas mot\u012bviem. Re\u017eisors Veiko Tubins (<em>Veiko Tubin<\/em>) Mocarta dramatisko darbu veidojis k\u0101 gai\u0161u un vizu\u0101li aizraujo\u0161u gal\u0101 vakaru. K\u0101 solisti uzst\u0101j\u0101s Juhans Tralla (<em>Juhan Tralla<\/em>), Helena Lokuta (<em>Helen Lokuta<\/em>), Kristela P\u0113rtna (<em>Kristel P\u00e4rtna<\/em>), Reigo Tamms (<em>Reigo Tamm<\/em>), Elena Bra\u017enika (<em>Elena Bra\u017enik<\/em>) un citi m\u0101kslinieki.<\/p>\n<p>\u201cLiviko\u201d jau kop\u0161 2012. gada ir galvenais Igaunijas Nacion\u0101l\u0101s operas \u201cEstonia\u201d sponsors.<\/p>\n            <\/div>\n                            \n        <\/div>\n    <\/div>\n<\/div>\n\n\n<p><\/p>\n\n\n<div id=\"mediaBlock-block_066972da4ef0cd19af83ab4dcd8d09f9\" class=\" c-contentBlock c-mediaBlock c-mediaBlock--align-right c-mediaBlock--valign-center c-mediaBlock--size-regular c-mediaBlock--imageHeight-normal\" data-block-type=\"Media block\">\n   \n                \n     <div class=\"c-mediaBlock__media\" style=\"\"\">\n        <img decoding=\"async\" width=\"1366\" height=\"911\" src=\"https:\/\/liviko.eu\/wp-content\/uploads\/2020\/08\/ERSO-and-Olari-Elts.-Foto-Tiit-Mo\u0303ttus-1366x911.jpg\" class=\"c-mediaBlock__image\" alt=\"IGAUNIJAS NACION\u0100LAIS SIMFONISKAIS OR\u0136ESTRIS (ERSO)\" srcset=\"https:\/\/liviko.eu\/wp-content\/uploads\/2020\/08\/ERSO-and-Olari-Elts.-Foto-Tiit-Mo\u0303ttus-1366x911.jpg 1366w, https:\/\/liviko.eu\/wp-content\/uploads\/2020\/08\/ERSO-and-Olari-Elts.-Foto-Tiit-Mo\u0303ttus-920x613.jpg 920w, https:\/\/liviko.eu\/wp-content\/uploads\/2020\/08\/ERSO-and-Olari-Elts.-Foto-Tiit-Mo\u0303ttus-768x512.jpg 768w, https:\/\/liviko.eu\/wp-content\/uploads\/2020\/08\/ERSO-and-Olari-Elts.-Foto-Tiit-Mo\u0303ttus-1536x1024.jpg 1536w, https:\/\/liviko.eu\/wp-content\/uploads\/2020\/08\/ERSO-and-Olari-Elts.-Foto-Tiit-Mo\u0303ttus-2048x1365.jpg 2048w\" sizes=\"(max-width: 1366px) 100vw, 1366px\" \/>    <\/div>\n     <div class=\"c-mediaBlock__body\">\n                    <h2 class=\"c-mediaBlock__title\">IGAUNIJAS NACION\u0100LAIS SIMFONISKAIS OR\u0136ESTRIS (ERSO)<\/h2>\n                <div class=\"c-mediaBlock__content\">\n            <div class=\"t-text\">\n            <p>&#8220;Pateicoties \u201cLiviko\u201d, m\u0113s esam var\u0113ju\u0161i uzaicin\u0101t uzst\u0101ties slavenus \u0101rvalstu solistus un diri\u0123entus. Ilg\u0101 un \u013coti veiksm\u012bg\u0101 Igauniju reprezent\u0113jo\u0161\u0101 or\u0137estra sadarb\u012bba ar \u201cLiviko\u201d ir \u013c\u0101vusi pied\u0101v\u0101t Igaunijas iedz\u012bvot\u0101jiem augst\u0101k\u0101s klases muzik\u0101lo pieredzi,\u201dst\u0101sta ERSO galvenais diri\u0123ents Olari Eltss (<em>Olari Elts<\/em>).<\/p>\n<p>\u201cLiviko\u201d atbalst\u012bt\u0101 ERSO klavierkoncertu s\u0113rija ir neaizmirstams muzik\u0101ls ce\u013cojums pasaules l\u012bme\u0146a m\u016bzikas un izpild\u012bt\u0101jm\u0101kslinieku sabiedr\u012bb\u0101. Glu\u017ei k\u0101 koncertz\u0101l\u0113 turpina skan\u0113t gadsimtu senie \u0161edevri, ar\u012b pie mums \u201cLiviko\u201d m\u0113s no paaudzes paaudz\u0113 nododam 126 gadu gait\u0101 uzkr\u0101t\u0101s v\u0113rt\u012bg\u0101s zin\u0101\u0161anas un prasmes. Un t\u0101 rezult\u0101t\u0101 rodas meistardarbs.<\/p>\n            <\/div>\n                            \n        <\/div>\n    <\/div>\n<\/div>\n\n<div id=\"mediaBlock-block_e93a79649ef3a6ca7b854706e0f64db0\" class=\" c-contentBlock c-mediaBlock c-mediaBlock--align-left c-mediaBlock--valign-center c-mediaBlock--size-regular c-mediaBlock--imageHeight-normal\" data-block-type=\"Media block\">\n   \n                \n     <div class=\"c-mediaBlock__media\" style=\"\"\">\n        <img loading=\"lazy\" decoding=\"async\" width=\"1366\" height=\"911\" src=\"https:\/\/liviko.eu\/wp-content\/uploads\/2020\/08\/Liviko_EKL-26-1366x911.jpg\" class=\"c-mediaBlock__image\" alt=\"IGAUNIJAS M\u0100KSLINIEKU SAVIEN\u012aBA\" srcset=\"https:\/\/liviko.eu\/wp-content\/uploads\/2020\/08\/Liviko_EKL-26-1366x911.jpg 1366w, https:\/\/liviko.eu\/wp-content\/uploads\/2020\/08\/Liviko_EKL-26-920x613.jpg 920w, https:\/\/liviko.eu\/wp-content\/uploads\/2020\/08\/Liviko_EKL-26-768x512.jpg 768w, https:\/\/liviko.eu\/wp-content\/uploads\/2020\/08\/Liviko_EKL-26-1536x1024.jpg 1536w, https:\/\/liviko.eu\/wp-content\/uploads\/2020\/08\/Liviko_EKL-26-2048x1365.jpg 2048w\" sizes=\"(max-width: 1366px) 100vw, 1366px\" \/>    <\/div>\n     <div class=\"c-mediaBlock__body\">\n                    <h2 class=\"c-mediaBlock__title\">IGAUNIJAS M\u0100KSLINIEKU SAVIEN\u012aBA<\/h2>\n                <div class=\"c-mediaBlock__content\">\n            <div class=\"t-text\">\n            <p>\u201cPateicoties sadarb\u012bbas l\u012bgumam ar \u201cLiviko\u201d, M\u0101kslinieku savien\u012bbai ir profesion\u0101ls un m\u0101kslu izproto\u0161s partneris Igaunijas m\u0101kslinieku darbu prezent\u0113\u0161an\u0101. M\u0101ksliniekiem ir svar\u012bga ne tikai rado\u0161\u0101 br\u012bv\u012bba un iedvesma, bet ar\u012b iesp\u0113ja ar saviem darbiem uzrun\u0101t ieinteres\u0113tu un l\u012bdzdz\u012bvojo\u0161u publiku. Turkl\u0101t \u201cLiviko\u201d ekspertu izv\u0113l\u0113to v\u012bnu kl\u0101sts izst\u0101\u017eu atkl\u0101\u0161an\u0101s vienlaikus veido ar\u012b izkoptu v\u012bna kult\u016bru,\u201dst\u0101sta Igaunijas M\u0101kslinieku savien\u012bbas viceprezidents Vano Allsalu (<em>Vano Allsalu<\/em>).<\/p>\n<p>Igaunijas M\u0101kslinieku savien\u012bbas galerij\u0101s 2019. gad\u0101 bija skat\u0101mas 68 izst\u0101des, kuras apmekl\u0113ja 55 037 m\u0101kslas cien\u012bt\u0101ju.<\/p>\n            <\/div>\n                            \n        <\/div>\n    <\/div>\n<\/div>\n\n<div id=\"mediaBlock-block_5cbdce50ce4cc20906a4b95c140feea0\" class=\" c-contentBlock c-mediaBlock c-mediaBlock--align-right c-mediaBlock--valign-center c-mediaBlock--size-regular c-mediaBlock--imageHeight-normal\" data-block-type=\"Media block\">\n   \n                \n     <div class=\"c-mediaBlock__media\" style=\"\"\">\n        <img loading=\"lazy\" decoding=\"async\" width=\"1366\" height=\"910\" src=\"https:\/\/liviko.eu\/wp-content\/uploads\/2020\/08\/Ol\u00fcmpialased-1366x910.jpg\" class=\"c-mediaBlock__image\" alt=\"\u201cLIVIKO\u201d IEP\u016a\u0160 V\u0112JU OLIMPISKAJ\u0100S BUR\u0100S UN ATBALSTA BUR\u0100\u0160ANAS SPORTA P\u0112CTEC\u012aBU\" srcset=\"https:\/\/liviko.eu\/wp-content\/uploads\/2020\/08\/Ol\u00fcmpialased-1366x910.jpg 1366w, https:\/\/liviko.eu\/wp-content\/uploads\/2020\/08\/Ol\u00fcmpialased-920x613.jpg 920w, https:\/\/liviko.eu\/wp-content\/uploads\/2020\/08\/Ol\u00fcmpialased-768x512.jpg 768w, https:\/\/liviko.eu\/wp-content\/uploads\/2020\/08\/Ol\u00fcmpialased-1536x1024.jpg 1536w, https:\/\/liviko.eu\/wp-content\/uploads\/2020\/08\/Ol\u00fcmpialased.jpg 2048w\" sizes=\"(max-width: 1366px) 100vw, 1366px\" \/>    <\/div>\n     <div class=\"c-mediaBlock__body\">\n                    <h2 class=\"c-mediaBlock__title\">\u201cLIVIKO\u201d IEP\u016a\u0160 V\u0112JU OLIMPISKAJ\u0100S BUR\u0100S UN ATBALSTA BUR\u0100\u0160ANAS SPORTA P\u0112CTEC\u012aBU<\/h2>\n                <div class=\"c-mediaBlock__content\">\n            <div class=\"t-text\">\n            <p>Igaunijas Olimpisk\u0101 bur\u0101\u0161anas izlase, kas uz\u0146\u0113ma apgriezienus, pateicoties \u201cLiviko\u201d, Tokijas olimpiskaj\u0101s sp\u0113l\u0113s sasniedza augstas poz\u012bcijas.\u00a0<em>Laser Standard<\/em> klases sportists Karls Martins Rammo (<em>Karl-Martin Rammo<\/em>) uzvar\u0113ja divos braucienos un olimpi\u0101d\u0113 kopv\u0113rt\u0113jum\u0101 ie\u0146\u0113ma 15. vietu, bet Ingrida P\u016bsta (<em>Ingrid Puusta<\/em>), sacen\u0161oties RS:X klas\u0113, ie\u0146\u0113ma 16. vietu. \u201cL\u012bgums par Zelta sponsora statusu, kas nosl\u0113gts starp Igaunijas Jahtklubu asoci\u0101ciju un \u201cLiviko\u201d, sniedza mums lielu materi\u0101lo atbalstu \u0161aj\u0101 \u0101rk\u0101rtas sagatavo\u0161an\u0101s period\u0101, kad olimpisk\u0101s sp\u0113les tika atliktas. \u201cLiviko\u201d pal\u012bdz\u012bba m\u016bsu komandai bija glu\u017ei k\u0101 spirgts v\u0113j\u0161 bur\u0101s,\u201d st\u0101sta Igaunijas Bur\u0101\u0161anas izlases vad\u012bt\u0101js Ots Kallass (<em>Ott Kallas<\/em>).<\/p>\n<p>\u201cLiviko\u201d un bur\u0101\u0161anas sportistu sadarb\u012bbas uzman\u012bbas centr\u0101 ir lab\u0101ko Tallinas Jahtkluba bur\u0101t\u0101ju atbalsts n\u0101kamajos \u010detros gados. Tallinas Jahtkluba bur\u0101\u0161anas skola, kur\u0101 treni\u0146os regul\u0101ri piedal\u0101s gandr\u012bz 150 jaunie\u0161u un olimpisko kla\u0161u bur\u0101t\u0101ju, ir liel\u0101k\u0101 Igaunij\u0101.\u00a0Bur\u0101\u0161anas skolas tr\u012bs b\u0101zes \u201cHaven Kakum\u00e4e\u201d, \u201cPirita\u201d un \u201cLohusalu\u201d tagad ir ar\u012b \u201cLiviko\u201d m\u0101jas ostas.<\/p>\n            <\/div>\n                            \n        <\/div>\n    <\/div>\n<\/div>","protected":false},"excerpt":{"rendered":"","protected":false},"author":1,"featured_media":0,"parent":804,"menu_order":3,"comment_status":"closed","ping_status":"closed","template":"","meta":{"_acf_changed":false,"inline_featured_image":false,"_monsterinsights_skip_tracking":false,"_monsterinsights_sitenote_active":false,"_monsterinsights_sitenote_note":"","_monsterinsights_sitenote_category":0,"footnotes":""},"categories":[],"class_list":["post-813","page","type-page","status-publish","hentry"],"acf":[],"yoast_head":"<!-- This site is optimized with the Yoast SEO plugin v27.5 - https:\/\/yoast.com\/product\/yoast-seo-wordpress\/ -->\n<title>Sadarb\u012bba - Liviko<\/title>\n<meta name=\"robots\" content=\"index, follow, max-snippet:-1, max-image-preview:large, max-video-preview:-1\" \/>\n<link rel=\"canonical\" href=\"https:\/\/liviko.eu\/lv\/company-culture\/cooperation\/\" \/>\n<meta property=\"og:locale\" content=\"lv_LV\" \/>\n<meta property=\"og:type\" content=\"article\" \/>\n<meta property=\"og:title\" content=\"Sadarb\u012bba - Liviko\" \/>\n<meta property=\"og:url\" content=\"https:\/\/liviko.eu\/lv\/company-culture\/cooperation\/\" \/>\n<meta property=\"og:site_name\" content=\"Liviko\" \/>\n<meta property=\"article:publisher\" content=\"https:\/\/www.facebook.com\/LivikoDistillery\/\" \/>\n<meta property=\"article:modified_time\" content=\"2025-02-03T07:22:47+00:00\" \/>\n<meta name=\"twitter:card\" content=\"summary_large_image\" \/>\n<script type=\"application\/ld+json\" class=\"yoast-schema-graph\">{\"@context\":\"https:\\\/\\\/schema.org\",\"@graph\":[{\"@type\":\"WebPage\",\"@id\":\"https:\\\/\\\/liviko.eu\\\/lv\\\/company-culture\\\/cooperation\\\/\",\"url\":\"https:\\\/\\\/liviko.eu\\\/lv\\\/company-culture\\\/cooperation\\\/\",\"name\":\"Sadarb\u012bba - Liviko\",\"isPartOf\":{\"@id\":\"https:\\\/\\\/liviko.eu\\\/lv\\\/#website\"},\"datePublished\":\"2020-07-03T09:28:37+00:00\",\"dateModified\":\"2025-02-03T07:22:47+00:00\",\"breadcrumb\":{\"@id\":\"https:\\\/\\\/liviko.eu\\\/lv\\\/company-culture\\\/cooperation\\\/#breadcrumb\"},\"inLanguage\":\"lv-LV\",\"potentialAction\":[{\"@type\":\"ReadAction\",\"target\":[\"https:\\\/\\\/liviko.eu\\\/lv\\\/company-culture\\\/cooperation\\\/\"]}]},{\"@type\":\"BreadcrumbList\",\"@id\":\"https:\\\/\\\/liviko.eu\\\/lv\\\/company-culture\\\/cooperation\\\/#breadcrumb\",\"itemListElement\":[{\"@type\":\"ListItem\",\"position\":1,\"name\":\"Home\",\"item\":\"https:\\\/\\\/liviko.eu\\\/lv\\\/\"},{\"@type\":\"ListItem\",\"position\":2,\"name\":\"Par uz\u0146\u0113mumu\",\"item\":\"https:\\\/\\\/liviko.eu\\\/lv\\\/company-culture\\\/\"},{\"@type\":\"ListItem\",\"position\":3,\"name\":\"Sadarb\u012bba\"}]},{\"@type\":\"WebSite\",\"@id\":\"https:\\\/\\\/liviko.eu\\\/lv\\\/#website\",\"url\":\"https:\\\/\\\/liviko.eu\\\/lv\\\/\",\"name\":\"Liviko\",\"description\":\"anno 1898\",\"publisher\":{\"@id\":\"https:\\\/\\\/liviko.eu\\\/lv\\\/#organization\"},\"potentialAction\":[{\"@type\":\"SearchAction\",\"target\":{\"@type\":\"EntryPoint\",\"urlTemplate\":\"https:\\\/\\\/liviko.eu\\\/lv\\\/?s={search_term_string}\"},\"query-input\":{\"@type\":\"PropertyValueSpecification\",\"valueRequired\":true,\"valueName\":\"search_term_string\"}}],\"inLanguage\":\"lv-LV\"},{\"@type\":\"Organization\",\"@id\":\"https:\\\/\\\/liviko.eu\\\/lv\\\/#organization\",\"name\":\"Liviko\",\"url\":\"https:\\\/\\\/liviko.eu\\\/lv\\\/\",\"logo\":{\"@type\":\"ImageObject\",\"inLanguage\":\"lv-LV\",\"@id\":\"https:\\\/\\\/liviko.eu\\\/lv\\\/#\\\/schema\\\/logo\\\/image\\\/\",\"url\":\"https:\\\/\\\/liviko.eu\\\/wp-content\\\/uploads\\\/2020\\\/10\\\/liviko_logo.png\",\"contentUrl\":\"https:\\\/\\\/liviko.eu\\\/wp-content\\\/uploads\\\/2020\\\/10\\\/liviko_logo.png\",\"width\":515,\"height\":181,\"caption\":\"Liviko\"},\"image\":{\"@id\":\"https:\\\/\\\/liviko.eu\\\/lv\\\/#\\\/schema\\\/logo\\\/image\\\/\"},\"sameAs\":[\"https:\\\/\\\/www.facebook.com\\\/LivikoDistillery\\\/\",\"https:\\\/\\\/www.instagram.com\\\/livikodistillery\",\"https:\\\/\\\/www.linkedin.com\\\/company\\\/liviko\\\/\",\"https:\\\/\\\/www.youtube.com\\\/channel\\\/UCnoHr-PaNxBHJO8nMDLVGuA\"]}]}<\/script>\n<!-- \/ Yoast SEO plugin. -->","yoast_head_json":{"title":"Sadarb\u012bba - Liviko","robots":{"index":"index","follow":"follow","max-snippet":"max-snippet:-1","max-image-preview":"max-image-preview:large","max-video-preview":"max-video-preview:-1"},"canonical":"https:\/\/liviko.eu\/lv\/company-culture\/cooperation\/","og_locale":"lv_LV","og_type":"article","og_title":"Sadarb\u012bba - Liviko","og_url":"https:\/\/liviko.eu\/lv\/company-culture\/cooperation\/","og_site_name":"Liviko","article_publisher":"https:\/\/www.facebook.com\/LivikoDistillery\/","article_modified_time":"2025-02-03T07:22:47+00:00","twitter_card":"summary_large_image","schema":{"@context":"https:\/\/schema.org","@graph":[{"@type":"WebPage","@id":"https:\/\/liviko.eu\/lv\/company-culture\/cooperation\/","url":"https:\/\/liviko.eu\/lv\/company-culture\/cooperation\/","name":"Sadarb\u012bba - Liviko","isPartOf":{"@id":"https:\/\/liviko.eu\/lv\/#website"},"datePublished":"2020-07-03T09:28:37+00:00","dateModified":"2025-02-03T07:22:47+00:00","breadcrumb":{"@id":"https:\/\/liviko.eu\/lv\/company-culture\/cooperation\/#breadcrumb"},"inLanguage":"lv-LV","potentialAction":[{"@type":"ReadAction","target":["https:\/\/liviko.eu\/lv\/company-culture\/cooperation\/"]}]},{"@type":"BreadcrumbList","@id":"https:\/\/liviko.eu\/lv\/company-culture\/cooperation\/#breadcrumb","itemListElement":[{"@type":"ListItem","position":1,"name":"Home","item":"https:\/\/liviko.eu\/lv\/"},{"@type":"ListItem","position":2,"name":"Par uz\u0146\u0113mumu","item":"https:\/\/liviko.eu\/lv\/company-culture\/"},{"@type":"ListItem","position":3,"name":"Sadarb\u012bba"}]},{"@type":"WebSite","@id":"https:\/\/liviko.eu\/lv\/#website","url":"https:\/\/liviko.eu\/lv\/","name":"Liviko","description":"anno 1898","publisher":{"@id":"https:\/\/liviko.eu\/lv\/#organization"},"potentialAction":[{"@type":"SearchAction","target":{"@type":"EntryPoint","urlTemplate":"https:\/\/liviko.eu\/lv\/?s={search_term_string}"},"query-input":{"@type":"PropertyValueSpecification","valueRequired":true,"valueName":"search_term_string"}}],"inLanguage":"lv-LV"},{"@type":"Organization","@id":"https:\/\/liviko.eu\/lv\/#organization","name":"Liviko","url":"https:\/\/liviko.eu\/lv\/","logo":{"@type":"ImageObject","inLanguage":"lv-LV","@id":"https:\/\/liviko.eu\/lv\/#\/schema\/logo\/image\/","url":"https:\/\/liviko.eu\/wp-content\/uploads\/2020\/10\/liviko_logo.png","contentUrl":"https:\/\/liviko.eu\/wp-content\/uploads\/2020\/10\/liviko_logo.png","width":515,"height":181,"caption":"Liviko"},"image":{"@id":"https:\/\/liviko.eu\/lv\/#\/schema\/logo\/image\/"},"sameAs":["https:\/\/www.facebook.com\/LivikoDistillery\/","https:\/\/www.instagram.com\/livikodistillery","https:\/\/www.linkedin.com\/company\/liviko\/","https:\/\/www.youtube.com\/channel\/UCnoHr-PaNxBHJO8nMDLVGuA"]}]}},"_links":{"self":[{"href":"https:\/\/liviko.eu\/lv\/wp-json\/wp\/v2\/pages\/813","targetHints":{"allow":["GET"]}}],"collection":[{"href":"https:\/\/liviko.eu\/lv\/wp-json\/wp\/v2\/pages"}],"about":[{"href":"https:\/\/liviko.eu\/lv\/wp-json\/wp\/v2\/types\/page"}],"author":[{"embeddable":true,"href":"https:\/\/liviko.eu\/lv\/wp-json\/wp\/v2\/users\/1"}],"replies":[{"embeddable":true,"href":"https:\/\/liviko.eu\/lv\/wp-json\/wp\/v2\/comments?post=813"}],"version-history":[{"count":33,"href":"https:\/\/liviko.eu\/lv\/wp-json\/wp\/v2\/pages\/813\/revisions"}],"predecessor-version":[{"id":55335,"href":"https:\/\/liviko.eu\/lv\/wp-json\/wp\/v2\/pages\/813\/revisions\/55335"}],"up":[{"embeddable":true,"href":"https:\/\/liviko.eu\/lv\/wp-json\/wp\/v2\/pages\/804"}],"wp:attachment":[{"href":"https:\/\/liviko.eu\/lv\/wp-json\/wp\/v2\/media?parent=813"}],"wp:term":[{"taxonomy":"category","embeddable":true,"href":"https:\/\/liviko.eu\/lv\/wp-json\/wp\/v2\/categories?post=813"}],"curies":[{"name":"wp","href":"https:\/\/api.w.org\/{rel}","templated":true}]}}