{"id":816,"date":"2020-07-02T14:33:42","date_gmt":"2020-07-02T14:33:42","guid":{"rendered":"http:\/\/liviko.eu\/company-culture\/working-in-liviko-career\/"},"modified":"2023-06-07T12:37:43","modified_gmt":"2023-06-07T12:37:43","slug":"working-in-liviko-career","status":"publish","type":"page","link":"https:\/\/liviko.eu\/lv\/company-culture\/working-in-liviko-career\/","title":{"rendered":"Darbs un karjera \u201cLiviko\u201d"},"content":{"rendered":"<div id=\"pageHeader-block_40b9d7c64ef956b4cd0a419df6901ea6\" class=\" c-contentBlock c-pageHeader\" data-block-type=\"Page header\">\n                    <h1 class=\"c-pageHeader__title\">DARBS UN KARJERA \u201cLIVIKO\u201d<\/h1>\n                            <div class=\"c-pageHeader__text t-text\"><p>\u201cLiviko\u201d reput\u0101cijas st\u016brakmens ir atv\u0113rt\u012bba jauniem risin\u0101jumiem, draudz\u012bga attieksme un cie\u0146pilnas attiec\u012bbas ar kol\u0113\u0123iem un sadarb\u012bbas partneriem. Atv\u0113rt\u012bba jaunajam un trad\u012bciju turpin\u0101\u0161ana iedvesmo m\u016bsu komandas locek\u013cus un veicina vi\u0146u profesion\u0101lo izaugsmi.<\/p>\n<\/div>\n                        <div class=\"c-pageHeader__tools\">\n        \t<a href=\"#page-816-body\" class=\"c-pageHeader__scrollButton js-scrollTo\">\n        \t\t<span class=\"visuallyhidden\">Scroll to content<\/span>\n                <span class=\"icon-down\"><\/span>\n        \t<\/a>\n        <\/div>\n        \n<\/div>\n<a id=\"page-816-body\"><\/a>\n\n<div id=\"mediaBlock-block_0df1126689d3479277890ac7e0162576\" class=\" c-contentBlock c-mediaBlock c-mediaBlock--align-right c-mediaBlock--valign-center c-mediaBlock--size-regular c-mediaBlock--imageHeight-normal\" data-block-type=\"Media block\">\n   \n                \n     <div class=\"c-mediaBlock__media\" style=\"\"\">\n        <img fetchpriority=\"high\" decoding=\"async\" width=\"768\" height=\"509\" src=\"https:\/\/liviko.eu\/wp-content\/uploads\/2023\/06\/Hanna_toota-meiega-768x509-1.png\" class=\"c-mediaBlock__image\" alt=\"DZ\u0112RIENU ARHITEKTE HANNA KAUR\" srcset=\"https:\/\/liviko.eu\/wp-content\/uploads\/2023\/06\/Hanna_toota-meiega-768x509-1.png 768w, https:\/\/liviko.eu\/wp-content\/uploads\/2023\/06\/Hanna_toota-meiega-768x509-1-483x320.png 483w\" sizes=\"(max-width: 768px) 100vw, 768px\" \/>    <\/div>\n     <div class=\"c-mediaBlock__body\">\n                    <h2 class=\"c-mediaBlock__title\">DZ\u0112RIENU ARHITEKTE HANNA KAUR<\/h2>\n                <div class=\"c-mediaBlock__content\">\n            <div class=\"t-text\">\n            <p>Uzs\u0101kot darbu \u201cLiviko\u201d, Hanna s\u0101ka apg\u016bt le\u0123end\u0101ro li\u0137ieru meistaru gadiem ilgi r\u016bp\u012bgi kr\u0101t\u0101s zin\u0101\u0161anas un pieredzi, kas bag\u0101tin\u0101ja vi\u0146as prasmes un iedvesmoja pilnveidoties. \u201cLiviko\u201d destil\u0113\u0161anas meistare Hanna Kaura ne tikai rada jaunus dz\u0113rienus, bet risina ar\u012b in\u017eeniertehniskus jaut\u0101jumus par to, k\u0101 \u0161os dz\u0113rienus ieviest ra\u017eo\u0161an\u0101. Hannas destil\u0113\u0161anas meistares portfolio noz\u012bm\u012bgu vietu ie\u0146em\u00a0<em>Crafter\u2019<\/em>s d\u017eini, kuru pagatavo\u0161an\u0101 vi\u0146a iedvesmu guvusi no savas b\u0113rn\u012bbas vasar\u0101m un darbo\u0161an\u0101s m\u0101jas virtuv\u0113.<\/p>\n<p>\u201cLiviko\u201d ir Hannas pirm\u0101 darbavieta. Lielu da\u013cu savas darba dz\u012bves, vair\u0101k nek\u0101 15 gadus, vi\u0146a pavad\u012bjusi laboratorij\u0101, ta\u010du p\u0113d\u0113jos gados vi\u0146u arvien bie\u017e\u0101k var sastapt Igaunijas me\u017eos un p\u013cav\u0101s mekl\u0113jam jaunas gar\u0161as un arom\u0101tus. Hannas darbs ir ar\u012b vi\u0146as va\u013casprieks. B\u016bdama \u012bsts dabas b\u0113rns, vi\u0146a savas idejas rod m\u0101j\u012bgaj\u0101 V\u012bmsi piej\u016bras ciemat\u0101 un pastaig\u0101s pa me\u017eu.<\/p>\n            <\/div>\n                            \n        <\/div>\n    <\/div>\n<\/div>\n\n<div id=\"mediaBlock-block_4b4cd015f08a612a7c790c2a2f82cb6c\" class=\" c-contentBlock c-mediaBlock c-mediaBlock--align-left c-mediaBlock--valign-center c-mediaBlock--size-regular c-mediaBlock--imageHeight-normal\" data-block-type=\"Media block\">\n   \n                \n     <div class=\"c-mediaBlock__media\" style=\"\"\">\n        <img decoding=\"async\" width=\"800\" height=\"530\" src=\"https:\/\/liviko.eu\/wp-content\/uploads\/2020\/09\/Urvo_vein.jpg\" class=\"c-mediaBlock__image\" alt=\"SOMELJ\u0112 URVO UGANDI (URVO UGANDI)\" srcset=\"https:\/\/liviko.eu\/wp-content\/uploads\/2020\/09\/Urvo_vein.jpg 800w, https:\/\/liviko.eu\/wp-content\/uploads\/2020\/09\/Urvo_vein-768x509.jpg 768w\" sizes=\"(max-width: 800px) 100vw, 800px\" \/>    <\/div>\n     <div class=\"c-mediaBlock__body\">\n                    <h2 class=\"c-mediaBlock__title\">SOMELJ\u0112 URVO UGANDI (URVO UGANDI)<\/h2>\n                <div class=\"c-mediaBlock__content\">\n            <div class=\"t-text\">\n            <p>Urvo ir vien\u012bgais v\u012bnzinis Igaunij\u0101, kur\u0161 ieguvis Starptautisk\u0101s somelj\u0113 asoci\u0101cijas zelta l\u012bme\u0146a sertifik\u0101tu \u2013 atzin\u012bbu vi\u0146a augst\u0101 l\u012bme\u0146a profesion\u0101laj\u0101m zin\u0101\u0161an\u0101m un prasm\u0113m. \u201cUrvo sasniegtais zelta l\u012bmenis par\u0101da igau\u0146u somelj\u0113 augsto profesionalit\u0101ti. Urvo ir cien\u012bts un piepras\u012bts lektors, un ar prieku dal\u0101s sav\u0101s pirmklas\u012bgaj\u0101s zin\u0101\u0161an\u0101s ar citiem somelj\u0113,\u201dst\u0101sta Igaunijas Somelj\u0113 asoci\u0101cijas prezidents Kristjans Marko.<\/p>\n<p>K\u013cuvis par pirm\u0101 Baltijas valstu somelj\u0113 konkursa <em>Vana Tallinn Grand Prix<\/em> uzvar\u0113t\u0101ju, Urvo nu jau daudzus gadus ir \u0161o sacens\u012bbu galvenais organizators. K\u0101 somelj\u0113 meistaram ar starptautisku konkursu pieredzi, vi\u0146am ir liela loma visu \u201cLiviko\u201d jauno dz\u0113rienu izstr\u0101d\u0113 un importa dz\u0113rienu portfe\u013ca veido\u0161an\u0101.<\/p>\n            <\/div>\n                            \n        <\/div>\n    <\/div>\n<\/div>\n\n<div id=\"mediaBlock-block_4e778a8478dca562a58376bafe156b99\" class=\" c-contentBlock c-mediaBlock c-mediaBlock--align-right c-mediaBlock--valign-center c-mediaBlock--size-regular c-mediaBlock--imageHeight-normal\" data-block-type=\"Media block\">\n   \n                \n     <div class=\"c-mediaBlock__media\" style=\"\"\">\n        <img decoding=\"async\" width=\"800\" height=\"530\" src=\"https:\/\/liviko.eu\/wp-content\/uploads\/2021\/03\/Aigars_1-LV-kodukale_800x530px.png\" class=\"c-mediaBlock__image\" alt=\"WINE BRAND MANAGER &amp; SOMMELIER - AIGARS LUKSTINS\" srcset=\"https:\/\/liviko.eu\/wp-content\/uploads\/2021\/03\/Aigars_1-LV-kodukale_800x530px.png 800w, https:\/\/liviko.eu\/wp-content\/uploads\/2021\/03\/Aigars_1-LV-kodukale_800x530px-768x509.png 768w, https:\/\/liviko.eu\/wp-content\/uploads\/2021\/03\/Aigars_1-LV-kodukale_800x530px-483x320.png 483w\" sizes=\"(max-width: 800px) 100vw, 800px\" \/>    <\/div>\n     <div class=\"c-mediaBlock__body\">\n                    <h2 class=\"c-mediaBlock__title\">WINE BRAND MANAGER &#038; SOMMELIER &#8211; AIGARS LUKSTINS<\/h2>\n                <div class=\"c-mediaBlock__content\">\n            <div class=\"t-text\">\n            <p>\u201cMans ce\u013c\u0161 v\u012bna pasaul\u0113 s\u0101k\u0101s pirms vair\u0101k nek\u0101 20 gadiem, kad s\u0101ku savu darb\u012bbu <em>HoReCa<\/em> nozar\u0113. Esmu str\u0101d\u0101jis par b\u0101rmeni un somelj\u0113 gan Latvij\u0101, gan Krievij\u0101. Kop\u0161 2010. gada esmu \u201cLiviko\u201d komand\u0101. Manu profesion\u0101lo dz\u012bvi aizraujo\u0161u dar\u012bjusi nep\u0101rtraukta pa\u0161pilnveido\u0161an\u0101s, piem\u0113ram, esmu beidzis profesion\u0101lo WSET (<em>Wine and Spirit Education <\/em><em>Trust<\/em>) programmu. Man ir bijusi iesp\u0113ja b\u016bt par Latvijas un Baltijas v\u012bnzi\u0146u konkursa \u017e\u016brijas locekli, k\u0101 ar\u012b rakst\u012bt par v\u012bnu Latvijas pres\u0113,\u201d st\u0101sta Aigars.<\/p>\n<p>\u201cPriec\u0101jos, ka uz\u0146\u0113mum\u0101 \u201cLiviko\u201d man\u0101 p\u0101rzi\u0146\u0101 ir lielisks v\u012bna portfelis un es varu sadarboties gan ar v\u012bna entuziastiem, gan ar \u0161\u012bs jomas ekspertiem.\u201d<\/p>\n            <\/div>\n                            \n        <\/div>\n    <\/div>\n<\/div>\n\n<div id=\"mediaBlock-block_f9836bc2dd488947cbd7a168f017e1c7\" class=\" c-contentBlock c-mediaBlock c-mediaBlock--align-left c-mediaBlock--valign-center c-mediaBlock--size-regular c-mediaBlock--imageHeight-normal\" data-block-type=\"Media block\">\n   \n                \n     <div class=\"c-mediaBlock__media\" style=\"\"\">\n        <img loading=\"lazy\" decoding=\"async\" width=\"1366\" height=\"911\" src=\"https:\/\/liviko.eu\/wp-content\/uploads\/2021\/03\/Eduard_1-LV-1366x911.jpg\" class=\"c-mediaBlock__image\" alt=\"BRAND AMBASSADOR EDUARD TROFIMCHUK\" srcset=\"https:\/\/liviko.eu\/wp-content\/uploads\/2021\/03\/Eduard_1-LV-1366x911.jpg 1366w, https:\/\/liviko.eu\/wp-content\/uploads\/2021\/03\/Eduard_1-LV-920x613.jpg 920w, https:\/\/liviko.eu\/wp-content\/uploads\/2021\/03\/Eduard_1-LV-768x512.jpg 768w, https:\/\/liviko.eu\/wp-content\/uploads\/2021\/03\/Eduard_1-LV-1536x1024.jpg 1536w, https:\/\/liviko.eu\/wp-content\/uploads\/2021\/03\/Eduard_1-LV-2048x1365.jpg 2048w, https:\/\/liviko.eu\/wp-content\/uploads\/2021\/03\/Eduard_1-LV-480x320.jpg 480w\" sizes=\"(max-width: 1366px) 100vw, 1366px\" \/>    <\/div>\n     <div class=\"c-mediaBlock__body\">\n                    <h2 class=\"c-mediaBlock__title\">BRAND AMBASSADOR EDUARD TROFIMCHUK<\/h2>\n                <div class=\"c-mediaBlock__content\">\n            <div class=\"t-text\">\n            <p>Koktei\u013cu pasauli Eduards atkl\u0101ja, kad pirmoreiz apmekl\u0113ja koktei\u013cu gatavo\u0161anas kursus un nogar\u0161oja perfekti pagatavotu klasisko <em>Daiquiri<\/em>. \u201cTas mani iedvesmoja apg\u016bt visas iesp\u0113jam\u0101s zin\u0101\u0161anas par koktei\u013ciem!\u201d saka Eduards.<\/p>\n<p>Papildus nep\u0101rtrauktai prasmju pilnveido\u0161anai vi\u0146\u0161 savu var\u0113\u0161anu p\u0101rbaud\u012bjis da\u017e\u0101d\u0101s koktei\u013cu gatavo\u0161anas sacens\u012bb\u0101s. \u201cManu dz\u012bvi main\u012bja dal\u012bba koktei\u013cu gatavo\u0161anas sacens\u012bb\u0101s <em>Bacardi Legacy<\/em>, kad iek\u013cuvu vispasaules fin\u0101l\u0101. P\u0113c tam mani uzaicin\u0101ja str\u0101d\u0101t da\u017e\u0101dos koktei\u013cu b\u0101ros un restor\u0101nos pat \u0101rpus valsts.\u201d piebilst Eduards.<\/p>\n<p>\u201cAtgriezos Latvij\u0101, lai s\u0101ktu piln\u012bgi jaunu, aizraujo\u0161u posmu sav\u0101 profesion\u0101laj\u0101 ce\u013c\u0101 k\u0101 \u201cLiviko\u201d z\u012bmola v\u0113stnieks. Tr\u012bs gadu laik\u0101, kop\u0161 str\u0101d\u0101ju kop\u0101 ar \u201cLiviko\u201d komandu, par dz\u0113rieniem un koktei\u013ciem esmu iem\u0101c\u012bjies vair\u0101k, nek\u0101 jebkad b\u016btu sp\u0113jis viens pats,\u201d atz\u012bst Eduards.<\/p>\n<p>\u201cZ\u012bmola v\u0113stnieka darbs ir \u013coti dinamisks, rado\u0161s un pat\u012bkams. Kop\u0101 ar \u012bsto komandu tas, iesp\u0113jams, ir lab\u0101kais darbs pasaul\u0113!\u201d<\/p>\n            <\/div>\n                            \n        <\/div>\n    <\/div>\n<\/div>\n\n<div id=\"pageHeader-block_ba0d3dd3dcd8619acf43943da96c5d53\" class=\" c-contentBlock c-pageHeader\" data-block-type=\"Page header\">\n                    <h2 class=\"c-pageHeader__title\"><br \/>\r\nDARBS UN KARJERA \u201cLIVIKO\u201d<br \/>\r\n<\/h2>\n                            <div class=\"c-pageHeader__text t-text\"><p>Vai v\u0113laties piedal\u012bties Igaunijas paz\u012bstam\u0101ko pre\u010dz\u012bmju rad\u012b\u0161an\u0101? J\u016bs zin\u0101t, k\u0101 rad\u012bt dz\u0113rienus, kas rad\u012btu \u012bstu apv\u0113rsumu? Vai jums ir prasmes un zin\u0101\u0161anas, lai pal\u012bdz\u0113tu p\u0101rst\u0101v\u0113t pasaul\u0113 paz\u012bstam\u0101k\u0101s pre\u010dz\u012bmes Baltijas valst\u012bs? Ja ra\u017eo\u0161ana, starptautisk\u0101 tirdzniec\u012bba, m\u0101rketings vai p\u0101rtikas un dz\u0113rienu tehnolo\u0123ija ir j\u016bsu stipr\u0101 puse, esiet laipni aicin\u0101ti pievienoties m\u016bsu komandai! \u201cLiviko\u201d pied\u0101v\u0101 iesp\u0113ju profesion\u0101li pa\u0161realiz\u0113ties. Ar mums vienm\u0113r b\u016bsiet lielisk\u0101 sabiedr\u012bb\u0101!<\/p>\n<\/div>\n                \n<\/div>\n<a id=\"page-816-body\"><\/a>\n\n\n<div id=\"spacer-block_66d8962849e75e6694c87004074d5ffa\" class=\"c-contentBlock c-spacerContainer\"  data-block-type=\"Spacer\">\n   <hr class=\"  c-spacer c-spacer--size-3 c-spacer--line\" >\n<\/div>\n","protected":false},"excerpt":{"rendered":"","protected":false},"author":1,"featured_media":0,"parent":804,"menu_order":4,"comment_status":"closed","ping_status":"closed","template":"","meta":{"_acf_changed":false,"inline_featured_image":false,"_monsterinsights_skip_tracking":false,"_monsterinsights_sitenote_active":false,"_monsterinsights_sitenote_note":"","_monsterinsights_sitenote_category":0,"footnotes":""},"categories":[],"class_list":["post-816","page","type-page","status-publish","hentry"],"acf":[],"yoast_head":"<!-- This site is optimized with the Yoast SEO plugin v24.0 - https:\/\/yoast.com\/wordpress\/plugins\/seo\/ -->\n<title>Darbs un karjera \u201cLiviko\u201d - Liviko<\/title>\n<meta name=\"robots\" content=\"index, follow, max-snippet:-1, max-image-preview:large, max-video-preview:-1\" \/>\n<link rel=\"canonical\" href=\"https:\/\/liviko.eu\/lv\/company-culture\/working-in-liviko-career\/\" \/>\n<meta property=\"og:locale\" content=\"lv_LV\" \/>\n<meta property=\"og:type\" content=\"article\" \/>\n<meta property=\"og:title\" content=\"Darbs un karjera \u201cLiviko\u201d - Liviko\" \/>\n<meta property=\"og:url\" content=\"https:\/\/liviko.eu\/lv\/company-culture\/working-in-liviko-career\/\" \/>\n<meta property=\"og:site_name\" content=\"Liviko\" \/>\n<meta property=\"article:publisher\" content=\"https:\/\/www.facebook.com\/LivikoDistillery\/\" \/>\n<meta property=\"article:modified_time\" content=\"2023-06-07T12:37:43+00:00\" \/>\n<meta name=\"twitter:card\" content=\"summary_large_image\" \/>\n<script type=\"application\/ld+json\" class=\"yoast-schema-graph\">{\"@context\":\"https:\/\/schema.org\",\"@graph\":[{\"@type\":\"WebPage\",\"@id\":\"https:\/\/liviko.eu\/lv\/company-culture\/working-in-liviko-career\/\",\"url\":\"https:\/\/liviko.eu\/lv\/company-culture\/working-in-liviko-career\/\",\"name\":\"Darbs un karjera \u201cLiviko\u201d - Liviko\",\"isPartOf\":{\"@id\":\"https:\/\/liviko.eu\/lv\/#website\"},\"datePublished\":\"2020-07-02T14:33:42+00:00\",\"dateModified\":\"2023-06-07T12:37:43+00:00\",\"breadcrumb\":{\"@id\":\"https:\/\/liviko.eu\/lv\/company-culture\/working-in-liviko-career\/#breadcrumb\"},\"inLanguage\":\"lv-LV\",\"potentialAction\":[{\"@type\":\"ReadAction\",\"target\":[\"https:\/\/liviko.eu\/lv\/company-culture\/working-in-liviko-career\/\"]}]},{\"@type\":\"BreadcrumbList\",\"@id\":\"https:\/\/liviko.eu\/lv\/company-culture\/working-in-liviko-career\/#breadcrumb\",\"itemListElement\":[{\"@type\":\"ListItem\",\"position\":1,\"name\":\"Home\",\"item\":\"https:\/\/liviko.eu\/lv\/\"},{\"@type\":\"ListItem\",\"position\":2,\"name\":\"Par uz\u0146\u0113mumu\",\"item\":\"https:\/\/liviko.eu\/lv\/company-culture\/\"},{\"@type\":\"ListItem\",\"position\":3,\"name\":\"Darbs un karjera \u201cLiviko\u201d\"}]},{\"@type\":\"WebSite\",\"@id\":\"https:\/\/liviko.eu\/lv\/#website\",\"url\":\"https:\/\/liviko.eu\/lv\/\",\"name\":\"Liviko\",\"description\":\"anno 1898\",\"publisher\":{\"@id\":\"https:\/\/liviko.eu\/lv\/#organization\"},\"potentialAction\":[{\"@type\":\"SearchAction\",\"target\":{\"@type\":\"EntryPoint\",\"urlTemplate\":\"https:\/\/liviko.eu\/lv\/?s={search_term_string}\"},\"query-input\":{\"@type\":\"PropertyValueSpecification\",\"valueRequired\":true,\"valueName\":\"search_term_string\"}}],\"inLanguage\":\"lv-LV\"},{\"@type\":\"Organization\",\"@id\":\"https:\/\/liviko.eu\/lv\/#organization\",\"name\":\"Liviko\",\"url\":\"https:\/\/liviko.eu\/lv\/\",\"logo\":{\"@type\":\"ImageObject\",\"inLanguage\":\"lv-LV\",\"@id\":\"https:\/\/liviko.eu\/lv\/#\/schema\/logo\/image\/\",\"url\":\"https:\/\/liviko.eu\/wp-content\/uploads\/2020\/10\/liviko_logo.png\",\"contentUrl\":\"https:\/\/liviko.eu\/wp-content\/uploads\/2020\/10\/liviko_logo.png\",\"width\":515,\"height\":181,\"caption\":\"Liviko\"},\"image\":{\"@id\":\"https:\/\/liviko.eu\/lv\/#\/schema\/logo\/image\/\"},\"sameAs\":[\"https:\/\/www.facebook.com\/LivikoDistillery\/\",\"https:\/\/www.instagram.com\/livikodistillery\",\"https:\/\/www.linkedin.com\/company\/liviko\/\",\"https:\/\/www.youtube.com\/channel\/UCnoHr-PaNxBHJO8nMDLVGuA\"]}]}<\/script>\n<!-- \/ Yoast SEO plugin. -->","yoast_head_json":{"title":"Darbs un karjera \u201cLiviko\u201d - Liviko","robots":{"index":"index","follow":"follow","max-snippet":"max-snippet:-1","max-image-preview":"max-image-preview:large","max-video-preview":"max-video-preview:-1"},"canonical":"https:\/\/liviko.eu\/lv\/company-culture\/working-in-liviko-career\/","og_locale":"lv_LV","og_type":"article","og_title":"Darbs un karjera \u201cLiviko\u201d - Liviko","og_url":"https:\/\/liviko.eu\/lv\/company-culture\/working-in-liviko-career\/","og_site_name":"Liviko","article_publisher":"https:\/\/www.facebook.com\/LivikoDistillery\/","article_modified_time":"2023-06-07T12:37:43+00:00","twitter_card":"summary_large_image","schema":{"@context":"https:\/\/schema.org","@graph":[{"@type":"WebPage","@id":"https:\/\/liviko.eu\/lv\/company-culture\/working-in-liviko-career\/","url":"https:\/\/liviko.eu\/lv\/company-culture\/working-in-liviko-career\/","name":"Darbs un karjera \u201cLiviko\u201d - Liviko","isPartOf":{"@id":"https:\/\/liviko.eu\/lv\/#website"},"datePublished":"2020-07-02T14:33:42+00:00","dateModified":"2023-06-07T12:37:43+00:00","breadcrumb":{"@id":"https:\/\/liviko.eu\/lv\/company-culture\/working-in-liviko-career\/#breadcrumb"},"inLanguage":"lv-LV","potentialAction":[{"@type":"ReadAction","target":["https:\/\/liviko.eu\/lv\/company-culture\/working-in-liviko-career\/"]}]},{"@type":"BreadcrumbList","@id":"https:\/\/liviko.eu\/lv\/company-culture\/working-in-liviko-career\/#breadcrumb","itemListElement":[{"@type":"ListItem","position":1,"name":"Home","item":"https:\/\/liviko.eu\/lv\/"},{"@type":"ListItem","position":2,"name":"Par uz\u0146\u0113mumu","item":"https:\/\/liviko.eu\/lv\/company-culture\/"},{"@type":"ListItem","position":3,"name":"Darbs un karjera \u201cLiviko\u201d"}]},{"@type":"WebSite","@id":"https:\/\/liviko.eu\/lv\/#website","url":"https:\/\/liviko.eu\/lv\/","name":"Liviko","description":"anno 1898","publisher":{"@id":"https:\/\/liviko.eu\/lv\/#organization"},"potentialAction":[{"@type":"SearchAction","target":{"@type":"EntryPoint","urlTemplate":"https:\/\/liviko.eu\/lv\/?s={search_term_string}"},"query-input":{"@type":"PropertyValueSpecification","valueRequired":true,"valueName":"search_term_string"}}],"inLanguage":"lv-LV"},{"@type":"Organization","@id":"https:\/\/liviko.eu\/lv\/#organization","name":"Liviko","url":"https:\/\/liviko.eu\/lv\/","logo":{"@type":"ImageObject","inLanguage":"lv-LV","@id":"https:\/\/liviko.eu\/lv\/#\/schema\/logo\/image\/","url":"https:\/\/liviko.eu\/wp-content\/uploads\/2020\/10\/liviko_logo.png","contentUrl":"https:\/\/liviko.eu\/wp-content\/uploads\/2020\/10\/liviko_logo.png","width":515,"height":181,"caption":"Liviko"},"image":{"@id":"https:\/\/liviko.eu\/lv\/#\/schema\/logo\/image\/"},"sameAs":["https:\/\/www.facebook.com\/LivikoDistillery\/","https:\/\/www.instagram.com\/livikodistillery","https:\/\/www.linkedin.com\/company\/liviko\/","https:\/\/www.youtube.com\/channel\/UCnoHr-PaNxBHJO8nMDLVGuA"]}]}},"_links":{"self":[{"href":"https:\/\/liviko.eu\/lv\/wp-json\/wp\/v2\/pages\/816","targetHints":{"allow":["GET"]}}],"collection":[{"href":"https:\/\/liviko.eu\/lv\/wp-json\/wp\/v2\/pages"}],"about":[{"href":"https:\/\/liviko.eu\/lv\/wp-json\/wp\/v2\/types\/page"}],"author":[{"embeddable":true,"href":"https:\/\/liviko.eu\/lv\/wp-json\/wp\/v2\/users\/1"}],"replies":[{"embeddable":true,"href":"https:\/\/liviko.eu\/lv\/wp-json\/wp\/v2\/comments?post=816"}],"version-history":[{"count":27,"href":"https:\/\/liviko.eu\/lv\/wp-json\/wp\/v2\/pages\/816\/revisions"}],"predecessor-version":[{"id":48263,"href":"https:\/\/liviko.eu\/lv\/wp-json\/wp\/v2\/pages\/816\/revisions\/48263"}],"up":[{"embeddable":true,"href":"https:\/\/liviko.eu\/lv\/wp-json\/wp\/v2\/pages\/804"}],"wp:attachment":[{"href":"https:\/\/liviko.eu\/lv\/wp-json\/wp\/v2\/media?parent=816"}],"wp:term":[{"taxonomy":"category","embeddable":true,"href":"https:\/\/liviko.eu\/lv\/wp-json\/wp\/v2\/categories?post=816"}],"curies":[{"name":"wp","href":"https:\/\/api.w.org\/{rel}","templated":true}]}}