{"id":825,"date":"2020-06-29T13:42:53","date_gmt":"2020-06-29T13:42:53","guid":{"rendered":"http:\/\/liviko.eu\/liviko-distillery\/our-craft\/"},"modified":"2022-03-10T08:23:58","modified_gmt":"2022-03-10T08:23:58","slug":"our-craft","status":"publish","type":"page","link":"https:\/\/liviko.eu\/lv\/liviko-distillery\/our-craft\/","title":{"rendered":"Meistar\u012bba"},"content":{"rendered":"<div id=\"pageHeader-block_5f1ef3f168deb\" class=\" c-contentBlock c-pageHeader\" data-block-type=\"Page header\">\n                    <h1 class=\"c-pageHeader__title\">Meistar\u012bba<\/h1>\n                            <div class=\"c-pageHeader__text t-text\"><p>124 gadu garum\u0101 \u201cLiviko\u201d meistari arvien nodevu\u0161i t\u0101l\u0101k savas zin\u0101\u0161anas un prasmes, un m\u016bsdien\u0101s t\u0101s apvienojas ar jaunaj\u0101m tehnolo\u0123ij\u0101m un perspekt\u012bvu produktu izstr\u0101di. Konkur\u0113jot ar vado\u0161ajiem pasaules z\u012bmoliem, m\u0113s \u201cLiviko\u201d esam iem\u0101c\u012bju\u0161ies \u0146emt v\u0113r\u0101 ikviena tirgus specifiku un alla\u017e akt\u012bvi sekojam jaun\u0101kaj\u0101m tendenc\u0113m dz\u0113rienu pasaul\u0113.<\/p>\n<\/div>\n                        <div class=\"c-pageHeader__tools\">\n        \t<a href=\"#page-825-body\" class=\"c-pageHeader__scrollButton js-scrollTo\">\n        \t\t<span class=\"visuallyhidden\">Scroll to content<\/span>\n                <span class=\"icon-down\"><\/span>\n        \t<\/a>\n        <\/div>\n        \n<\/div>\n<a id=\"page-825-body\"><\/a>\n\n<div id=\"mediaBlock-block_5f1ef3a568de9\" class=\" c-contentBlock c-mediaBlock c-mediaBlock--align-left c-mediaBlock--valign-center c-mediaBlock--size-regular c-mediaBlock--imageHeight-normal\" data-block-type=\"Media block\">\n   \n                \n     <div class=\"c-mediaBlock__media\" style=\"\"\">\n        <img fetchpriority=\"high\" decoding=\"async\" width=\"800\" height=\"537\" src=\"https:\/\/liviko.eu\/wp-content\/uploads\/2020\/07\/home_banner.jpg\" class=\"c-mediaBlock__image\" alt=\"Liviko\" srcset=\"https:\/\/liviko.eu\/wp-content\/uploads\/2020\/07\/home_banner.jpg 800w, https:\/\/liviko.eu\/wp-content\/uploads\/2020\/07\/home_banner-768x516.jpg 768w\" sizes=\"(max-width: 800px) 100vw, 800px\" \/>    <\/div>\n     <div class=\"c-mediaBlock__body\">\n                    <h2 class=\"c-mediaBlock__title\">DZ\u0112RIENU MEISTARI<\/h2>\n                <div class=\"c-mediaBlock__content\">\n            <div class=\"t-text\">\n            <p>M\u016bsu dz\u0113rienu meistari ir pilni nerimsto\u0161a eksperiment\u0113\u0161anas un jaunatkl\u0101jumu prieka. Iedvesmu vi\u0146i g\u016bst no dabas smar\u017e\u0101m un gar\u0161\u0101m un dz\u0113rienu rad\u012b\u0161an\u0101 izmanto savu priek\u0161g\u0101j\u0113ju uzkr\u0101t\u0101s zin\u0101\u0161anas. M\u0113s cien\u0101m gadsimtu garum\u0101 izkopto m\u0101kslu rad\u012bt dz\u0113rienus no dabas velt\u0113m \u2013augiem, gar\u0161viel\u0101m, gar\u0161augiem. Izmantojam vismodern\u0101k\u0101s tehnolo\u0123ijas degv\u012bna filtr\u0113\u0161an\u0101 ar og\u013cu un sudraba filtriem, k\u0101 ar\u012b t\u0101 sauktaj\u0101 \u201caukstaj\u0101 apstr\u0101d\u0113\u201d. M\u016bsu meistari p\u0101rzina ar\u012b krist\u0101lli\u0137iera karst\u0101s pild\u012b\u0161anas m\u0101kslu. M\u0113s lepojamies ar to, ka daudzi no \u201cLiviko\u201d produktiem ir roku darbs.<br \/>\n\u201cLiviko\u201d \u012bpa\u0161ais lepnums \u2013 gadsimtiem sen\u0101 <em>pot-still <\/em>destil\u0101cijas metode. Izr\u0101dot cie\u0146u un pateic\u012bbu \u201cLiviko\u201d le\u0123end\u0101raj\u0101m li\u0137ieru meistar\u0113m, vis\u0101m m\u016bsu destil\u0101cijas iek\u0101rt\u0101m ir doti vi\u0146u v\u0101rdi: M\u0101mu\u013ca Ilze (<em>Mamma Ilse<\/em>), Mahta (<em>Mahta<\/em>) un Elfr\u012bde (<em>Elfride<\/em>).<\/p>\n            <\/div>\n                            \n        <\/div>\n    <\/div>\n<\/div>\n\n<div id=\"mediaBlock-block_5f23a6b9885eb\" class=\" c-contentBlock c-mediaBlock c-mediaBlock--align-right c-mediaBlock--valign-center c-mediaBlock--size-regular c-mediaBlock--imageHeight-normal\" data-block-type=\"Media block\">\n   \n                \n     <div class=\"c-mediaBlock__media\" style=\"\"\">\n        <img decoding=\"async\" width=\"1366\" height=\"911\" src=\"https:\/\/liviko.eu\/wp-content\/uploads\/2020\/08\/Liviko-potstills-1366x911.jpg\" class=\"c-mediaBlock__image\" alt=\"DESTIL\u0100CIJAS M\u0100KSLA\" srcset=\"https:\/\/liviko.eu\/wp-content\/uploads\/2020\/08\/Liviko-potstills-1366x911.jpg 1366w, https:\/\/liviko.eu\/wp-content\/uploads\/2020\/08\/Liviko-potstills-920x614.jpg 920w, https:\/\/liviko.eu\/wp-content\/uploads\/2020\/08\/Liviko-potstills-768x512.jpg 768w, https:\/\/liviko.eu\/wp-content\/uploads\/2020\/08\/Liviko-potstills-1536x1024.jpg 1536w, https:\/\/liviko.eu\/wp-content\/uploads\/2020\/08\/Liviko-potstills-2048x1366.jpg 2048w\" sizes=\"(max-width: 1366px) 100vw, 1366px\" \/>    <\/div>\n     <div class=\"c-mediaBlock__body\">\n                    <h2 class=\"c-mediaBlock__title\">DESTIL\u0100CIJAS M\u0100KSLA<\/h2>\n                <div class=\"c-mediaBlock__content\">\n            <div class=\"t-text\">\n            <p>\u201cLiviko\u201d ra\u017eo\u0161anas process ir unik\u0101ls \u2013 da\u017e\u0101du sugu augi tiek destil\u0113ti atsevi\u0161\u0137i. \u0160\u0101da veida dal\u012bto destil\u0101ciju pasaul\u0113 izmanto reti, jo nepiecie\u0161amas \u012bpa\u0161as tehnolo\u0123ijas, precizit\u0101te un liela meistar\u012bba. Lai dz\u0113rieni ieg\u016btu v\u0113lamo gar\u0161u un arom\u0101tu, destil\u0101cijas procesa veik\u0161anai tiek \u0146emtas visv\u0113rt\u012bg\u0101k\u0101s augu da\u013cas \u2013 ziedi, ogas, stubl\u0101ji. M\u0113s \u201cLiviko\u201d zin\u0101m \u2013 neatk\u0101rtojams gar\u0161as baud\u012bjums, ko sniedz augstas klases dz\u0113riens, patiesi ir p\u016b\u013cu v\u0113rts.<\/p>\n            <\/div>\n                            \n        <\/div>\n    <\/div>\n<\/div>\n\n<div id=\"mediaBlock-block_5f88429740817\" class=\" c-contentBlock c-mediaBlock c-mediaBlock--align-left c-mediaBlock--valign-center c-mediaBlock--size-regular c-mediaBlock--imageHeight-normal\" data-block-type=\"Media block\">\n   \n                \n     <div class=\"c-mediaBlock__media\" style=\"\"\">\n        <img decoding=\"async\" width=\"1366\" height=\"861\" src=\"https:\/\/liviko.eu\/wp-content\/uploads\/2020\/11\/labor-oige-1366x861.jpg\" class=\"c-mediaBlock__image\" alt=\"LABORATORIJA\" srcset=\"https:\/\/liviko.eu\/wp-content\/uploads\/2020\/11\/labor-oige-1366x861.jpg 1366w, https:\/\/liviko.eu\/wp-content\/uploads\/2020\/11\/labor-oige-920x580.jpg 920w, https:\/\/liviko.eu\/wp-content\/uploads\/2020\/11\/labor-oige-768x484.jpg 768w, https:\/\/liviko.eu\/wp-content\/uploads\/2020\/11\/labor-oige-1536x968.jpg 1536w, https:\/\/liviko.eu\/wp-content\/uploads\/2020\/11\/labor-oige-2048x1291.jpg 2048w, https:\/\/liviko.eu\/wp-content\/uploads\/2020\/11\/labor-oige-508x320.jpg 508w\" sizes=\"(max-width: 1366px) 100vw, 1366px\" \/>    <\/div>\n     <div class=\"c-mediaBlock__body\">\n                    <h2 class=\"c-mediaBlock__title\">LABORATORIJA<\/h2>\n                <div class=\"c-mediaBlock__content\">\n            <div class=\"t-text\">\n            <p>\u201cLiviko\u201d kvalit\u0101tes kontroles laboratorija nodro\u0161ina to, lai m\u016bsu produktiem b\u016btu nemain\u012bgi augsta un stabila kvalit\u0101te. \u201cLiviko\u201d laboratorij\u0101 tiek veikts desmitiem da\u017e\u0101du anal\u012b\u017eu, lai p\u0101rbaud\u012btu visu, s\u0101kot no izejvielu kvalit\u0101tes l\u012bdz ra\u017eo\u0161anas procesu uzraudz\u012bbai un gatavo dz\u0113rienu iepild\u012b\u0161anai pudel\u0113s. Papildus standarta anal\u012btiskaj\u0101m metod\u0113m laboratorija izmanto ar\u012b \u201cLiviko\u201c izstr\u0101d\u0101t\u0101s kontroles un anal\u012bzes metodes. \u201cLiviko\u201d laboratorij\u0101 str\u0101d\u0101 \u013coti pieredz\u0113ju\u0161i darbinieki. Pateicoties darbinieku zin\u0101\u0161an\u0101m un prasm\u0113m, m\u0113s saviem produktiem garant\u0113jam visaugst\u0101ko kvalit\u0101ti.<\/p>\n            <\/div>\n                            \n        <\/div>\n    <\/div>\n<\/div>\n\n\n<div id=\"featureBlocks-block_5f1f03be03125\" class=\" c-contentBlock c-featureBlocks c-featureBlocks--type-expanded c-featureBlocks--grid-columns\" data-block-type=\"Feature blocks: expanded\">\n   <div class=\"c-featureBlocksGroup\">\n\n\n                          <div class=\"c-featureBlocks__item\">\n                \n                \n                    <div class=\"c-featureBlocks__item-block\"    >\n\n                                                                                            <div class=\"c-featureBlock__imageContainer\">\n                                <img loading=\"lazy\" decoding=\"async\" width=\"800\" height=\"800\" src=\"https:\/\/liviko.eu\/wp-content\/uploads\/2020\/09\/Vanilje.jpg\" class=\"c-featureBlock__image\" alt=\"\" srcset=\"https:\/\/liviko.eu\/wp-content\/uploads\/2020\/09\/Vanilje.jpg 800w, https:\/\/liviko.eu\/wp-content\/uploads\/2020\/09\/Vanilje-480x480.jpg 480w, https:\/\/liviko.eu\/wp-content\/uploads\/2020\/09\/Vanilje-768x768.jpg 768w\" sizes=\"(max-width: 800px) 100vw, 800px\" \/>                                <\/div>\n                               \n\n                            <div class=\"c-featureBlocks__item-body\">\n                                    <h3 class=\"c-featureBlocks__item-title\"><\/h3>\n                                    <div class=\"t-text\">\n                                        <p><strong>Valuable raw materials<\/strong><\/p>\n                                    <\/div>\n                            <\/div>\n\n                    <\/div>    \n                        \n\n\n                            \n            <\/div>\n            \n                    <div class=\"c-featureBlocks__item\">\n                \n                \n                    <div class=\"c-featureBlocks__item-block\"    >\n\n                                                                                            <div class=\"c-featureBlock__imageContainer\">\n                                <img loading=\"lazy\" decoding=\"async\" width=\"800\" height=\"800\" src=\"https:\/\/liviko.eu\/wp-content\/uploads\/2020\/09\/usp1-1.jpg\" class=\"c-featureBlock__image\" alt=\"\" srcset=\"https:\/\/liviko.eu\/wp-content\/uploads\/2020\/09\/usp1-1.jpg 800w, https:\/\/liviko.eu\/wp-content\/uploads\/2020\/09\/usp1-1-480x480.jpg 480w, https:\/\/liviko.eu\/wp-content\/uploads\/2020\/09\/usp1-1-768x768.jpg 768w\" sizes=\"(max-width: 800px) 100vw, 800px\" \/>                                <\/div>\n                               \n\n                            <div class=\"c-featureBlocks__item-body\">\n                                    <h3 class=\"c-featureBlocks__item-title\"><\/h3>\n                                    <div class=\"t-text\">\n                                        <p><strong>Legendary flavours<\/strong><\/p>\n                                    <\/div>\n                            <\/div>\n\n                    <\/div>    \n                        \n\n\n                            \n            <\/div>\n            \n                    <div class=\"c-featureBlocks__item\">\n                \n                \n                    <div class=\"c-featureBlocks__item-block\"    >\n\n                                                                                            <div class=\"c-featureBlock__imageContainer\">\n                                <img loading=\"lazy\" decoding=\"async\" width=\"800\" height=\"800\" src=\"https:\/\/liviko.eu\/wp-content\/uploads\/2020\/09\/usp3-1.jpg\" class=\"c-featureBlock__image\" alt=\"\" srcset=\"https:\/\/liviko.eu\/wp-content\/uploads\/2020\/09\/usp3-1.jpg 800w, https:\/\/liviko.eu\/wp-content\/uploads\/2020\/09\/usp3-1-480x480.jpg 480w, https:\/\/liviko.eu\/wp-content\/uploads\/2020\/09\/usp3-1-768x768.jpg 768w\" sizes=\"(max-width: 800px) 100vw, 800px\" \/>                                <\/div>\n                               \n\n                            <div class=\"c-featureBlocks__item-body\">\n                                    <h3 class=\"c-featureBlocks__item-title\"><\/h3>\n                                    <div class=\"t-text\">\n                                        <p><strong>A unique recipe<\/strong><\/p>\n                                    <\/div>\n                            <\/div>\n\n                    <\/div>    \n                        \n\n\n                            \n            <\/div>\n            \n                <div class=\"c-featureBlocks__item c-featureBlocks__item--empty\"><\/div>\n    <div class=\"c-featureBlocks__item c-featureBlocks__item--empty\"><\/div>\n    <\/div>\n<\/div>\n","protected":false},"excerpt":{"rendered":"","protected":false},"author":1,"featured_media":0,"parent":770,"menu_order":23,"comment_status":"closed","ping_status":"closed","template":"","meta":{"_acf_changed":false,"inline_featured_image":false,"_monsterinsights_skip_tracking":false,"_monsterinsights_sitenote_active":false,"_monsterinsights_sitenote_note":"","_monsterinsights_sitenote_category":0,"footnotes":""},"categories":[],"class_list":["post-825","page","type-page","status-publish","hentry"],"acf":[],"yoast_head":"<!-- This site is optimized with the Yoast SEO plugin v24.0 - https:\/\/yoast.com\/wordpress\/plugins\/seo\/ -->\n<title>Meistar\u012bba - Liviko<\/title>\n<meta name=\"robots\" content=\"index, follow, max-snippet:-1, max-image-preview:large, max-video-preview:-1\" \/>\n<link rel=\"canonical\" href=\"https:\/\/liviko.eu\/lv\/liviko-distillery\/our-craft\/\" \/>\n<meta property=\"og:locale\" content=\"lv_LV\" \/>\n<meta property=\"og:type\" content=\"article\" \/>\n<meta property=\"og:title\" content=\"Meistar\u012bba - Liviko\" \/>\n<meta property=\"og:url\" content=\"https:\/\/liviko.eu\/lv\/liviko-distillery\/our-craft\/\" \/>\n<meta property=\"og:site_name\" content=\"Liviko\" \/>\n<meta property=\"article:publisher\" content=\"https:\/\/www.facebook.com\/LivikoDistillery\/\" \/>\n<meta property=\"article:modified_time\" content=\"2022-03-10T08:23:58+00:00\" \/>\n<meta name=\"twitter:card\" content=\"summary_large_image\" \/>\n<script type=\"application\/ld+json\" class=\"yoast-schema-graph\">{\"@context\":\"https:\/\/schema.org\",\"@graph\":[{\"@type\":\"WebPage\",\"@id\":\"https:\/\/liviko.eu\/lv\/liviko-distillery\/our-craft\/\",\"url\":\"https:\/\/liviko.eu\/lv\/liviko-distillery\/our-craft\/\",\"name\":\"Meistar\u012bba - Liviko\",\"isPartOf\":{\"@id\":\"https:\/\/liviko.eu\/lv\/#website\"},\"datePublished\":\"2020-06-29T13:42:53+00:00\",\"dateModified\":\"2022-03-10T08:23:58+00:00\",\"breadcrumb\":{\"@id\":\"https:\/\/liviko.eu\/lv\/liviko-distillery\/our-craft\/#breadcrumb\"},\"inLanguage\":\"lv-LV\",\"potentialAction\":[{\"@type\":\"ReadAction\",\"target\":[\"https:\/\/liviko.eu\/lv\/liviko-distillery\/our-craft\/\"]}]},{\"@type\":\"BreadcrumbList\",\"@id\":\"https:\/\/liviko.eu\/lv\/liviko-distillery\/our-craft\/#breadcrumb\",\"itemListElement\":[{\"@type\":\"ListItem\",\"position\":1,\"name\":\"Home\",\"item\":\"https:\/\/liviko.eu\/lv\/\"},{\"@type\":\"ListItem\",\"position\":2,\"name\":\"PRE\u010cU Z\u012aMES\",\"item\":\"https:\/\/liviko.eu\/lv\/liviko-distillery\/\"},{\"@type\":\"ListItem\",\"position\":3,\"name\":\"Meistar\u012bba\"}]},{\"@type\":\"WebSite\",\"@id\":\"https:\/\/liviko.eu\/lv\/#website\",\"url\":\"https:\/\/liviko.eu\/lv\/\",\"name\":\"Liviko\",\"description\":\"anno 1898\",\"publisher\":{\"@id\":\"https:\/\/liviko.eu\/lv\/#organization\"},\"potentialAction\":[{\"@type\":\"SearchAction\",\"target\":{\"@type\":\"EntryPoint\",\"urlTemplate\":\"https:\/\/liviko.eu\/lv\/?s={search_term_string}\"},\"query-input\":{\"@type\":\"PropertyValueSpecification\",\"valueRequired\":true,\"valueName\":\"search_term_string\"}}],\"inLanguage\":\"lv-LV\"},{\"@type\":\"Organization\",\"@id\":\"https:\/\/liviko.eu\/lv\/#organization\",\"name\":\"Liviko\",\"url\":\"https:\/\/liviko.eu\/lv\/\",\"logo\":{\"@type\":\"ImageObject\",\"inLanguage\":\"lv-LV\",\"@id\":\"https:\/\/liviko.eu\/lv\/#\/schema\/logo\/image\/\",\"url\":\"https:\/\/liviko.eu\/wp-content\/uploads\/2020\/10\/liviko_logo.png\",\"contentUrl\":\"https:\/\/liviko.eu\/wp-content\/uploads\/2020\/10\/liviko_logo.png\",\"width\":515,\"height\":181,\"caption\":\"Liviko\"},\"image\":{\"@id\":\"https:\/\/liviko.eu\/lv\/#\/schema\/logo\/image\/\"},\"sameAs\":[\"https:\/\/www.facebook.com\/LivikoDistillery\/\",\"https:\/\/www.instagram.com\/livikodistillery\",\"https:\/\/www.linkedin.com\/company\/liviko\/\",\"https:\/\/www.youtube.com\/channel\/UCnoHr-PaNxBHJO8nMDLVGuA\"]}]}<\/script>\n<!-- \/ Yoast SEO plugin. -->","yoast_head_json":{"title":"Meistar\u012bba - Liviko","robots":{"index":"index","follow":"follow","max-snippet":"max-snippet:-1","max-image-preview":"max-image-preview:large","max-video-preview":"max-video-preview:-1"},"canonical":"https:\/\/liviko.eu\/lv\/liviko-distillery\/our-craft\/","og_locale":"lv_LV","og_type":"article","og_title":"Meistar\u012bba - Liviko","og_url":"https:\/\/liviko.eu\/lv\/liviko-distillery\/our-craft\/","og_site_name":"Liviko","article_publisher":"https:\/\/www.facebook.com\/LivikoDistillery\/","article_modified_time":"2022-03-10T08:23:58+00:00","twitter_card":"summary_large_image","schema":{"@context":"https:\/\/schema.org","@graph":[{"@type":"WebPage","@id":"https:\/\/liviko.eu\/lv\/liviko-distillery\/our-craft\/","url":"https:\/\/liviko.eu\/lv\/liviko-distillery\/our-craft\/","name":"Meistar\u012bba - Liviko","isPartOf":{"@id":"https:\/\/liviko.eu\/lv\/#website"},"datePublished":"2020-06-29T13:42:53+00:00","dateModified":"2022-03-10T08:23:58+00:00","breadcrumb":{"@id":"https:\/\/liviko.eu\/lv\/liviko-distillery\/our-craft\/#breadcrumb"},"inLanguage":"lv-LV","potentialAction":[{"@type":"ReadAction","target":["https:\/\/liviko.eu\/lv\/liviko-distillery\/our-craft\/"]}]},{"@type":"BreadcrumbList","@id":"https:\/\/liviko.eu\/lv\/liviko-distillery\/our-craft\/#breadcrumb","itemListElement":[{"@type":"ListItem","position":1,"name":"Home","item":"https:\/\/liviko.eu\/lv\/"},{"@type":"ListItem","position":2,"name":"PRE\u010cU Z\u012aMES","item":"https:\/\/liviko.eu\/lv\/liviko-distillery\/"},{"@type":"ListItem","position":3,"name":"Meistar\u012bba"}]},{"@type":"WebSite","@id":"https:\/\/liviko.eu\/lv\/#website","url":"https:\/\/liviko.eu\/lv\/","name":"Liviko","description":"anno 1898","publisher":{"@id":"https:\/\/liviko.eu\/lv\/#organization"},"potentialAction":[{"@type":"SearchAction","target":{"@type":"EntryPoint","urlTemplate":"https:\/\/liviko.eu\/lv\/?s={search_term_string}"},"query-input":{"@type":"PropertyValueSpecification","valueRequired":true,"valueName":"search_term_string"}}],"inLanguage":"lv-LV"},{"@type":"Organization","@id":"https:\/\/liviko.eu\/lv\/#organization","name":"Liviko","url":"https:\/\/liviko.eu\/lv\/","logo":{"@type":"ImageObject","inLanguage":"lv-LV","@id":"https:\/\/liviko.eu\/lv\/#\/schema\/logo\/image\/","url":"https:\/\/liviko.eu\/wp-content\/uploads\/2020\/10\/liviko_logo.png","contentUrl":"https:\/\/liviko.eu\/wp-content\/uploads\/2020\/10\/liviko_logo.png","width":515,"height":181,"caption":"Liviko"},"image":{"@id":"https:\/\/liviko.eu\/lv\/#\/schema\/logo\/image\/"},"sameAs":["https:\/\/www.facebook.com\/LivikoDistillery\/","https:\/\/www.instagram.com\/livikodistillery","https:\/\/www.linkedin.com\/company\/liviko\/","https:\/\/www.youtube.com\/channel\/UCnoHr-PaNxBHJO8nMDLVGuA"]}]}},"_links":{"self":[{"href":"https:\/\/liviko.eu\/lv\/wp-json\/wp\/v2\/pages\/825","targetHints":{"allow":["GET"]}}],"collection":[{"href":"https:\/\/liviko.eu\/lv\/wp-json\/wp\/v2\/pages"}],"about":[{"href":"https:\/\/liviko.eu\/lv\/wp-json\/wp\/v2\/types\/page"}],"author":[{"embeddable":true,"href":"https:\/\/liviko.eu\/lv\/wp-json\/wp\/v2\/users\/1"}],"replies":[{"embeddable":true,"href":"https:\/\/liviko.eu\/lv\/wp-json\/wp\/v2\/comments?post=825"}],"version-history":[{"count":14,"href":"https:\/\/liviko.eu\/lv\/wp-json\/wp\/v2\/pages\/825\/revisions"}],"predecessor-version":[{"id":28175,"href":"https:\/\/liviko.eu\/lv\/wp-json\/wp\/v2\/pages\/825\/revisions\/28175"}],"up":[{"embeddable":true,"href":"https:\/\/liviko.eu\/lv\/wp-json\/wp\/v2\/pages\/770"}],"wp:attachment":[{"href":"https:\/\/liviko.eu\/lv\/wp-json\/wp\/v2\/media?parent=825"}],"wp:term":[{"taxonomy":"category","embeddable":true,"href":"https:\/\/liviko.eu\/lv\/wp-json\/wp\/v2\/categories?post=825"}],"curies":[{"name":"wp","href":"https:\/\/api.w.org\/{rel}","templated":true}]}}