{"id":837,"date":"2020-07-06T11:51:23","date_gmt":"2020-07-06T11:51:23","guid":{"rendered":"http:\/\/liviko.eu\/liviko-distillery\/bellingshausen\/"},"modified":"2026-02-16T08:40:07","modified_gmt":"2026-02-16T08:40:07","slug":"bellingshausen","status":"publish","type":"page","link":"https:\/\/liviko.eu\/lv\/liviko-distillery\/bellingshausen\/","title":{"rendered":"Bellingshausen"},"content":{"rendered":"<div id=\"pageHeader-block_efbeaa5c6c790e5c96e240e9a5b1d277\" class=\" c-contentBlock c-pageHeader\" data-block-type=\"Page header\">\n                    <h1 class=\"c-pageHeader__title\">Bellingshausen<\/h1>\n                            <div class=\"c-pageHeader__text t-text\"><p>Ar visliel\u0101ko uzman\u012bbu un cie\u0146u \u201cLiviko\u201d meistaru g\u0101d\u012bb\u0101 top degv\u012bns <em>Bellingshausen Vodka<\/em> \u2013 dzi\u013c\u0101 pateic\u012bb\u0101 velt\u012bts Antarkt\u012bdas pirmatkl\u0101j\u0113jam, admir\u0101lim fon Belingshauzenam (<em>von Bellingshausen<\/em>) no Igaunijas.<\/p>\n<\/div>\n                \n<\/div>\n<a id=\"page-837-body\"><\/a>\n\n<div id=\"mediaBlock-block_9b6ee4050ab4ac149df4393c7e1a722d\" class=\" c-contentBlock c-mediaBlock c-mediaBlock--align-left c-mediaBlock--valign-center c-mediaBlock--size-extra-small c-mediaBlock--imageHeight-small\" data-block-type=\"Media block\">\n   \n                \n     <div class=\"c-mediaBlock__media\" style=\"\"\">\n        <img fetchpriority=\"high\" decoding=\"async\" width=\"956\" height=\"1366\" src=\"https:\/\/liviko.eu\/wp-content\/uploads\/2026\/02\/bellinghausen3500x5000_eest_2-956x1366.png\" class=\"c-mediaBlock__image\" alt=\"Bellingshausen Vodka\" srcset=\"https:\/\/liviko.eu\/wp-content\/uploads\/2026\/02\/bellinghausen3500x5000_eest_2-956x1366.png 956w, https:\/\/liviko.eu\/wp-content\/uploads\/2026\/02\/bellinghausen3500x5000_eest_2-644x920.png 644w, https:\/\/liviko.eu\/wp-content\/uploads\/2026\/02\/bellinghausen3500x5000_eest_2-768x1097.png 768w, https:\/\/liviko.eu\/wp-content\/uploads\/2026\/02\/bellinghausen3500x5000_eest_2-1075x1536.png 1075w, https:\/\/liviko.eu\/wp-content\/uploads\/2026\/02\/bellinghausen3500x5000_eest_2-1434x2048.png 1434w, https:\/\/liviko.eu\/wp-content\/uploads\/2026\/02\/bellinghausen3500x5000_eest_2-224x320.png 224w, https:\/\/liviko.eu\/wp-content\/uploads\/2026\/02\/bellinghausen3500x5000_eest_2-422x603.png 422w\" sizes=\"(max-width: 956px) 100vw, 956px\" \/>    <\/div>\n     <div class=\"c-mediaBlock__body\">\n                    <h2 class=\"c-mediaBlock__title\">Bellingshausen Vodka<\/h2>\n                <div class=\"c-mediaBlock__content\">\n            <div class=\"t-text\">\n            <p>Par godu Igaunij\u0101 dzimu\u0161ajam pirmatkl\u0101j\u0113jam un j\u016brasbrauc\u0113jam admir\u0101lim fon Belingshauzenam rad\u012btais degv\u012bns tiek gatavots p\u0113c \u201cLiviko\u201d meistaru izstr\u0101d\u0101tas receptes. Degv\u012bns <em>Bellingshausen<\/em> tiek izgatavots, izmantojot tr\u012bsk\u0101r\u0161u kask\u0101des filtr\u0101ciju, kas ir laikietilp\u012bgs process, ta\u010du ieg\u016bt\u0101 t\u012br\u0101 un maig\u0101 gar\u0161a ir t\u0101 v\u0113rta. Degv\u012bns ir \u012bpa\u0161i t\u012brs, pateicoties filtr\u0101cijai caur aktiv\u0113to ogli. P\u0113c tam degv\u012bns tek cauri sudraba filtru sist\u0113mai, kas sast\u0101v no 29 sudraba elementiem. P\u0113d\u0113jais posms ir pul\u0113\u0161anas filtrs, kur\u0101 degv\u012bns <em>Bellingshausen Vodka<\/em> ieg\u016bst briljanta mirdzumu.<\/p>\n<p>Degv\u012bns tika izveidots 2019. gad\u0101, atz\u012bm\u0113jot Antarkt\u012bdas atkl\u0101\u0161anas 200. gadadienu un godinot admir\u0101li fon Belingshauzenu un vi\u0146a m\u016b\u017ea darbu. Degv\u012bns <em>Bellingshausen Vodka<\/em>, kas rad\u012bts par godu v\u0113sturiskas eksped\u012bcijas gadadienai, ir velt\u012bjums maziem un lieliem atkl\u0101jumiem, neaizmirstamiem ce\u013cojumiem un jauniem iespaidiem.<\/p>\n<p><a href=\"https:\/\/bellingshausenvodka.com\/\">bellingshausenvodka.com<\/a><\/p>\n            <\/div>\n                            \n        <\/div>\n    <\/div>\n<\/div>\n\n\n<div id=\"featureBlocks-block_b891e0791f3e75fbdf78df3b11b96427\" class=\" c-contentBlock c-featureBlocks c-featureBlocks--type-expanded c-featureBlocks--grid-columns\" data-block-type=\"Feature blocks: expanded\">\n   <div class=\"c-featureBlocksGroup\">\n\n\n                          <div class=\"c-featureBlocks__item\">\n                \n                \n                    <div class=\"c-featureBlocks__item-block\"    >\n\n                                                                                            <div class=\"c-featureBlock__imageContainer\">\n                                <img decoding=\"async\" width=\"800\" height=\"800\" src=\"https:\/\/liviko.eu\/wp-content\/uploads\/2020\/09\/teravili-usp.jpg\" class=\"c-featureBlock__image\" alt=\"\" srcset=\"https:\/\/liviko.eu\/wp-content\/uploads\/2020\/09\/teravili-usp.jpg 800w, https:\/\/liviko.eu\/wp-content\/uploads\/2020\/09\/teravili-usp-480x480.jpg 480w, https:\/\/liviko.eu\/wp-content\/uploads\/2020\/09\/teravili-usp-768x768.jpg 768w\" sizes=\"(max-width: 800px) 100vw, 800px\" \/>                                <\/div>\n                               \n\n                            <div class=\"c-featureBlocks__item-body\">\n                                    <h3 class=\"c-featureBlocks__item-title\"><\/h3>\n                                    <div class=\"t-text\">\n                                        <p><strong>T\u012bri graudi<br \/>\n<\/strong>Degv\u012bns Bellingshausen Degv\u012bns tiek gatavots no t\u012bra graudu spirta p\u0113c Liviko meistaru izstr\u0101d\u0101tas receptes.<\/p>\n                                    <\/div>\n                            <\/div>\n\n                    <\/div>    \n                        \n\n\n                            \n            <\/div>\n            \n                    <div class=\"c-featureBlocks__item\">\n                \n                \n                    <div class=\"c-featureBlocks__item-block\"    >\n\n                                                                                            <div class=\"c-featureBlock__imageContainer\">\n                                <img decoding=\"async\" width=\"800\" height=\"800\" src=\"https:\/\/liviko.eu\/wp-content\/uploads\/2020\/09\/silver_usp.jpg\" class=\"c-featureBlock__image\" alt=\"\" srcset=\"https:\/\/liviko.eu\/wp-content\/uploads\/2020\/09\/silver_usp.jpg 800w, https:\/\/liviko.eu\/wp-content\/uploads\/2020\/09\/silver_usp-480x480.jpg 480w, https:\/\/liviko.eu\/wp-content\/uploads\/2020\/09\/silver_usp-768x768.jpg 768w\" sizes=\"(max-width: 800px) 100vw, 800px\" \/>                                <\/div>\n                               \n\n                            <div class=\"c-featureBlocks__item-body\">\n                                    <h3 class=\"c-featureBlocks__item-title\"><\/h3>\n                                    <div class=\"t-text\">\n                                        <p><strong>Sudrab\u0101 filtr\u0113ts degv\u012bns<br \/>\n<\/strong><em>Bellingshausen Vodka<\/em> ra\u017eo\u0161an\u0101 tiek izmantota tr\u012bsk\u0101r\u0161a kask\u0101des filtr\u0101cija \u2013 lai pan\u0101ktu piln\u012bbu, degv\u012bns tiek laists cauri aktiv\u0113t\u0101s ogles filtram, 29 sudraba elementu filtr\u0101cijas sist\u0113mai un pul\u0113\u0161anas filtram.<\/p>\n                                    <\/div>\n                            <\/div>\n\n                    <\/div>    \n                        \n\n\n                            \n            <\/div>\n            \n                    <div class=\"c-featureBlocks__item\">\n                \n                \n                    <div class=\"c-featureBlocks__item-block\"    >\n\n                                                                                            <div class=\"c-featureBlock__imageContainer\">\n                                <img loading=\"lazy\" decoding=\"async\" width=\"920\" height=\"920\" src=\"https:\/\/liviko.eu\/wp-content\/uploads\/2026\/02\/kaubamark-920x920.png\" class=\"c-featureBlock__image\" alt=\"\" srcset=\"https:\/\/liviko.eu\/wp-content\/uploads\/2026\/02\/kaubamark-920x920.png 920w, https:\/\/liviko.eu\/wp-content\/uploads\/2026\/02\/kaubamark-480x480.png 480w, https:\/\/liviko.eu\/wp-content\/uploads\/2026\/02\/kaubamark-768x768.png 768w, https:\/\/liviko.eu\/wp-content\/uploads\/2026\/02\/kaubamark-320x320.png 320w, https:\/\/liviko.eu\/wp-content\/uploads\/2026\/02\/kaubamark-603x603.png 603w, https:\/\/liviko.eu\/wp-content\/uploads\/2026\/02\/kaubamark.png 1080w\" sizes=\"(max-width: 920px) 100vw, 920px\" \/>                                <\/div>\n                               \n\n                            <div class=\"c-featureBlocks__item-body\">\n                                    <h3 class=\"c-featureBlocks__item-title\"><\/h3>\n                                    <div class=\"t-text\">\n                                        <p><strong>Belingshauzena st\u0101sts uz pudeles<br \/>\n<\/strong>\u012apa\u0161ai jubilejai rad\u012btais degv\u012bns <em>Bellingshausen Vodka<\/em> izce\u013cas ar\u012b ar savu at\u0161\u0137ir\u012bgo eti\u0137etes dizainu \u2013 apdruk\u0101ta ir ar\u012b t\u0101s iek\u0161puse. Eti\u0137ete uz pudeles ir uzl\u012bm\u0113ta pa diagon\u0101li un spir\u0101lveid\u0101, t\u0101d\u0113j\u0101di st\u0101sts par ledus kontinenta atkl\u0101\u0161anu ir viegli izlas\u0101ms un rada dinamisku iespaidu.<\/p>\n                                    <\/div>\n                            <\/div>\n\n                    <\/div>    \n                        \n\n\n                            \n            <\/div>\n            \n                <div class=\"c-featureBlocks__item c-featureBlocks__item--empty\"><\/div>\n    <div class=\"c-featureBlocks__item c-featureBlocks__item--empty\"><\/div>\n    <\/div>\n<\/div>\n\n\n\n<div id=\"spacer-block_e56a31ef9b2dc4154f353909f3ea9382\" class=\"c-contentBlock c-spacerContainer\"  data-block-type=\"Spacer\">\n   <hr class=\"  c-spacer c-spacer--size-3 c-spacer--line\" >\n<\/div>\n\n\n\n<div id=\"relatedItems-block_c85702931e606ec251e7e6d15f6aac76\" class=\" c-contentBlock c-relatedItems\" data-block-type=\"Related items\" >\n   \n            <h2 class=\"c-relatedItems__title \">L\u012aDZ\u012aGI PRODUKTI<\/h2>\n     \n    <div class=\"c-relatedItems__content\">\n\n\n    \n\n             \n         \n                \n\n            <a class=\"c-relatedItems__item \" href=\"https:\/\/liviko.eu\/lv\/liviko-distillery\/viru-valge\/\">\n                \n                \n                    <div class=\"c-relatedItems__item-imageContainer\" >\n                        <img loading=\"lazy\" decoding=\"async\" width=\"81\" height=\"320\" src=\"https:\/\/liviko.eu\/wp-content\/uploads\/2020\/08\/Viru-Valge-Vodka-500ml-FULL.png\" class=\"c-relatedItems__item-image\" alt=\"Viru Valge \" srcset=\"https:\/\/liviko.eu\/wp-content\/uploads\/2020\/08\/Viru-Valge-Vodka-500ml-FULL.png 1696w, https:\/\/liviko.eu\/wp-content\/uploads\/2020\/08\/Viru-Valge-Vodka-500ml-FULL-233x920.png 233w, https:\/\/liviko.eu\/wp-content\/uploads\/2020\/08\/Viru-Valge-Vodka-500ml-FULL-345x1366.png 345w, https:\/\/liviko.eu\/wp-content\/uploads\/2020\/08\/Viru-Valge-Vodka-500ml-FULL-768x3037.png 768w, https:\/\/liviko.eu\/wp-content\/uploads\/2020\/08\/Viru-Valge-Vodka-500ml-FULL-388x1536.png 388w, https:\/\/liviko.eu\/wp-content\/uploads\/2020\/08\/Viru-Valge-Vodka-500ml-FULL-518x2048.png 518w\" sizes=\"(max-width: 81px) 100vw, 81px\" \/>                    <\/div>\n                    <div class=\"c-relatedItems__item-details\">\n                        <h3 class=\"c-relatedItems__item-title\">Viru Valge <\/h3>                                            <\/div>\n                \n            <\/a>\n            \n        \n                \n\n            <a class=\"c-relatedItems__item \" href=\"https:\/\/liviko.eu\/lv\/liviko-distillery\/nevskaja\/\">\n                \n                \n                    <div class=\"c-relatedItems__item-imageContainer\" >\n                        <img loading=\"lazy\" decoding=\"async\" width=\"87\" height=\"320\" src=\"https:\/\/liviko.eu\/wp-content\/uploads\/2020\/08\/4740050010333-scaled.jpg\" class=\"c-relatedItems__item-image\" alt=\"Nevskaya\" srcset=\"https:\/\/liviko.eu\/wp-content\/uploads\/2020\/08\/4740050010333-scaled.jpg 699w, https:\/\/liviko.eu\/wp-content\/uploads\/2020\/08\/4740050010333-251x920.jpg 251w, https:\/\/liviko.eu\/wp-content\/uploads\/2020\/08\/4740050010333-373x1366.jpg 373w, https:\/\/liviko.eu\/wp-content\/uploads\/2020\/08\/4740050010333-768x2815.jpg 768w, https:\/\/liviko.eu\/wp-content\/uploads\/2020\/08\/4740050010333-419x1536.jpg 419w, https:\/\/liviko.eu\/wp-content\/uploads\/2020\/08\/4740050010333-559x2048.jpg 559w\" sizes=\"(max-width: 87px) 100vw, 87px\" \/>                    <\/div>\n                    <div class=\"c-relatedItems__item-details\">\n                        <h3 class=\"c-relatedItems__item-title\">Nevskaya<\/h3>                                            <\/div>\n                \n            <\/a>\n            \n        \n                \n\n            <a class=\"c-relatedItems__item \" href=\"https:\/\/liviko.eu\/lv\/liviko-distillery\/hobe\/\">\n                \n                \n                    <div class=\"c-relatedItems__item-imageContainer\" >\n                        <img loading=\"lazy\" decoding=\"async\" width=\"125\" height=\"320\" src=\"https:\/\/liviko.eu\/wp-content\/uploads\/2023\/10\/Hobe-Silver-Filtered-Pure-Vodka-WEB-125x320.jpg\" class=\"c-relatedItems__item-image\" alt=\"H\u00f5be \" srcset=\"https:\/\/liviko.eu\/wp-content\/uploads\/2023\/10\/Hobe-Silver-Filtered-Pure-Vodka-WEB-125x320.jpg 125w, https:\/\/liviko.eu\/wp-content\/uploads\/2023\/10\/Hobe-Silver-Filtered-Pure-Vodka-WEB-361x920.jpg 361w, https:\/\/liviko.eu\/wp-content\/uploads\/2023\/10\/Hobe-Silver-Filtered-Pure-Vodka-WEB-535x1366.jpg 535w, https:\/\/liviko.eu\/wp-content\/uploads\/2023\/10\/Hobe-Silver-Filtered-Pure-Vodka-WEB-236x603.jpg 236w, https:\/\/liviko.eu\/wp-content\/uploads\/2023\/10\/Hobe-Silver-Filtered-Pure-Vodka-WEB.jpg 588w\" sizes=\"(max-width: 125px) 100vw, 125px\" \/>                    <\/div>\n                    <div class=\"c-relatedItems__item-details\">\n                        <h3 class=\"c-relatedItems__item-title\">H\u00f5be <\/h3>                                            <\/div>\n                \n            <\/a>\n            \n                <\/div>\n<\/div>\n","protected":false},"excerpt":{"rendered":"","protected":false},"author":1,"featured_media":0,"parent":770,"menu_order":2,"comment_status":"closed","ping_status":"closed","template":"page-templates\/page-product.php","meta":{"_acf_changed":false,"inline_featured_image":false,"_monsterinsights_skip_tracking":false,"_monsterinsights_sitenote_active":false,"_monsterinsights_sitenote_note":"","_monsterinsights_sitenote_category":0,"footnotes":""},"categories":[44],"class_list":["post-837","page","type-page","status-publish","hentry","category-vodka-lv"],"acf":[],"yoast_head":"<!-- This site is optimized with the Yoast SEO plugin v24.0 - https:\/\/yoast.com\/wordpress\/plugins\/seo\/ -->\n<title>Bellingshausen - Liviko<\/title>\n<meta name=\"robots\" content=\"index, follow, max-snippet:-1, max-image-preview:large, max-video-preview:-1\" \/>\n<link rel=\"canonical\" href=\"https:\/\/liviko.eu\/lv\/liviko-distillery\/bellingshausen\/\" \/>\n<meta property=\"og:locale\" content=\"lv_LV\" \/>\n<meta property=\"og:type\" content=\"article\" \/>\n<meta property=\"og:title\" content=\"Bellingshausen - Liviko\" \/>\n<meta property=\"og:url\" content=\"https:\/\/liviko.eu\/lv\/liviko-distillery\/bellingshausen\/\" \/>\n<meta property=\"og:site_name\" content=\"Liviko\" \/>\n<meta property=\"article:publisher\" content=\"https:\/\/www.facebook.com\/LivikoDistillery\/\" \/>\n<meta property=\"article:modified_time\" content=\"2026-02-16T08:40:07+00:00\" \/>\n<meta name=\"twitter:card\" content=\"summary_large_image\" \/>\n<script type=\"application\/ld+json\" class=\"yoast-schema-graph\">{\"@context\":\"https:\/\/schema.org\",\"@graph\":[{\"@type\":\"WebPage\",\"@id\":\"https:\/\/liviko.eu\/lv\/liviko-distillery\/bellingshausen\/\",\"url\":\"https:\/\/liviko.eu\/lv\/liviko-distillery\/bellingshausen\/\",\"name\":\"Bellingshausen - Liviko\",\"isPartOf\":{\"@id\":\"https:\/\/liviko.eu\/lv\/#website\"},\"datePublished\":\"2020-07-06T11:51:23+00:00\",\"dateModified\":\"2026-02-16T08:40:07+00:00\",\"breadcrumb\":{\"@id\":\"https:\/\/liviko.eu\/lv\/liviko-distillery\/bellingshausen\/#breadcrumb\"},\"inLanguage\":\"lv-LV\",\"potentialAction\":[{\"@type\":\"ReadAction\",\"target\":[\"https:\/\/liviko.eu\/lv\/liviko-distillery\/bellingshausen\/\"]}]},{\"@type\":\"BreadcrumbList\",\"@id\":\"https:\/\/liviko.eu\/lv\/liviko-distillery\/bellingshausen\/#breadcrumb\",\"itemListElement\":[{\"@type\":\"ListItem\",\"position\":1,\"name\":\"Home\",\"item\":\"https:\/\/liviko.eu\/lv\/\"},{\"@type\":\"ListItem\",\"position\":2,\"name\":\"PRE\u010cU Z\u012aMES\",\"item\":\"https:\/\/liviko.eu\/lv\/liviko-distillery\/\"},{\"@type\":\"ListItem\",\"position\":3,\"name\":\"Bellingshausen\"}]},{\"@type\":\"WebSite\",\"@id\":\"https:\/\/liviko.eu\/lv\/#website\",\"url\":\"https:\/\/liviko.eu\/lv\/\",\"name\":\"Liviko\",\"description\":\"anno 1898\",\"publisher\":{\"@id\":\"https:\/\/liviko.eu\/lv\/#organization\"},\"potentialAction\":[{\"@type\":\"SearchAction\",\"target\":{\"@type\":\"EntryPoint\",\"urlTemplate\":\"https:\/\/liviko.eu\/lv\/?s={search_term_string}\"},\"query-input\":{\"@type\":\"PropertyValueSpecification\",\"valueRequired\":true,\"valueName\":\"search_term_string\"}}],\"inLanguage\":\"lv-LV\"},{\"@type\":\"Organization\",\"@id\":\"https:\/\/liviko.eu\/lv\/#organization\",\"name\":\"Liviko\",\"url\":\"https:\/\/liviko.eu\/lv\/\",\"logo\":{\"@type\":\"ImageObject\",\"inLanguage\":\"lv-LV\",\"@id\":\"https:\/\/liviko.eu\/lv\/#\/schema\/logo\/image\/\",\"url\":\"https:\/\/liviko.eu\/wp-content\/uploads\/2020\/10\/liviko_logo.png\",\"contentUrl\":\"https:\/\/liviko.eu\/wp-content\/uploads\/2020\/10\/liviko_logo.png\",\"width\":515,\"height\":181,\"caption\":\"Liviko\"},\"image\":{\"@id\":\"https:\/\/liviko.eu\/lv\/#\/schema\/logo\/image\/\"},\"sameAs\":[\"https:\/\/www.facebook.com\/LivikoDistillery\/\",\"https:\/\/www.instagram.com\/livikodistillery\",\"https:\/\/www.linkedin.com\/company\/liviko\/\",\"https:\/\/www.youtube.com\/channel\/UCnoHr-PaNxBHJO8nMDLVGuA\"]}]}<\/script>\n<!-- \/ Yoast SEO plugin. -->","yoast_head_json":{"title":"Bellingshausen - Liviko","robots":{"index":"index","follow":"follow","max-snippet":"max-snippet:-1","max-image-preview":"max-image-preview:large","max-video-preview":"max-video-preview:-1"},"canonical":"https:\/\/liviko.eu\/lv\/liviko-distillery\/bellingshausen\/","og_locale":"lv_LV","og_type":"article","og_title":"Bellingshausen - Liviko","og_url":"https:\/\/liviko.eu\/lv\/liviko-distillery\/bellingshausen\/","og_site_name":"Liviko","article_publisher":"https:\/\/www.facebook.com\/LivikoDistillery\/","article_modified_time":"2026-02-16T08:40:07+00:00","twitter_card":"summary_large_image","schema":{"@context":"https:\/\/schema.org","@graph":[{"@type":"WebPage","@id":"https:\/\/liviko.eu\/lv\/liviko-distillery\/bellingshausen\/","url":"https:\/\/liviko.eu\/lv\/liviko-distillery\/bellingshausen\/","name":"Bellingshausen - Liviko","isPartOf":{"@id":"https:\/\/liviko.eu\/lv\/#website"},"datePublished":"2020-07-06T11:51:23+00:00","dateModified":"2026-02-16T08:40:07+00:00","breadcrumb":{"@id":"https:\/\/liviko.eu\/lv\/liviko-distillery\/bellingshausen\/#breadcrumb"},"inLanguage":"lv-LV","potentialAction":[{"@type":"ReadAction","target":["https:\/\/liviko.eu\/lv\/liviko-distillery\/bellingshausen\/"]}]},{"@type":"BreadcrumbList","@id":"https:\/\/liviko.eu\/lv\/liviko-distillery\/bellingshausen\/#breadcrumb","itemListElement":[{"@type":"ListItem","position":1,"name":"Home","item":"https:\/\/liviko.eu\/lv\/"},{"@type":"ListItem","position":2,"name":"PRE\u010cU Z\u012aMES","item":"https:\/\/liviko.eu\/lv\/liviko-distillery\/"},{"@type":"ListItem","position":3,"name":"Bellingshausen"}]},{"@type":"WebSite","@id":"https:\/\/liviko.eu\/lv\/#website","url":"https:\/\/liviko.eu\/lv\/","name":"Liviko","description":"anno 1898","publisher":{"@id":"https:\/\/liviko.eu\/lv\/#organization"},"potentialAction":[{"@type":"SearchAction","target":{"@type":"EntryPoint","urlTemplate":"https:\/\/liviko.eu\/lv\/?s={search_term_string}"},"query-input":{"@type":"PropertyValueSpecification","valueRequired":true,"valueName":"search_term_string"}}],"inLanguage":"lv-LV"},{"@type":"Organization","@id":"https:\/\/liviko.eu\/lv\/#organization","name":"Liviko","url":"https:\/\/liviko.eu\/lv\/","logo":{"@type":"ImageObject","inLanguage":"lv-LV","@id":"https:\/\/liviko.eu\/lv\/#\/schema\/logo\/image\/","url":"https:\/\/liviko.eu\/wp-content\/uploads\/2020\/10\/liviko_logo.png","contentUrl":"https:\/\/liviko.eu\/wp-content\/uploads\/2020\/10\/liviko_logo.png","width":515,"height":181,"caption":"Liviko"},"image":{"@id":"https:\/\/liviko.eu\/lv\/#\/schema\/logo\/image\/"},"sameAs":["https:\/\/www.facebook.com\/LivikoDistillery\/","https:\/\/www.instagram.com\/livikodistillery","https:\/\/www.linkedin.com\/company\/liviko\/","https:\/\/www.youtube.com\/channel\/UCnoHr-PaNxBHJO8nMDLVGuA"]}]}},"_links":{"self":[{"href":"https:\/\/liviko.eu\/lv\/wp-json\/wp\/v2\/pages\/837","targetHints":{"allow":["GET"]}}],"collection":[{"href":"https:\/\/liviko.eu\/lv\/wp-json\/wp\/v2\/pages"}],"about":[{"href":"https:\/\/liviko.eu\/lv\/wp-json\/wp\/v2\/types\/page"}],"author":[{"embeddable":true,"href":"https:\/\/liviko.eu\/lv\/wp-json\/wp\/v2\/users\/1"}],"replies":[{"embeddable":true,"href":"https:\/\/liviko.eu\/lv\/wp-json\/wp\/v2\/comments?post=837"}],"version-history":[{"count":23,"href":"https:\/\/liviko.eu\/lv\/wp-json\/wp\/v2\/pages\/837\/revisions"}],"predecessor-version":[{"id":57247,"href":"https:\/\/liviko.eu\/lv\/wp-json\/wp\/v2\/pages\/837\/revisions\/57247"}],"up":[{"embeddable":true,"href":"https:\/\/liviko.eu\/lv\/wp-json\/wp\/v2\/pages\/770"}],"wp:attachment":[{"href":"https:\/\/liviko.eu\/lv\/wp-json\/wp\/v2\/media?parent=837"}],"wp:term":[{"taxonomy":"category","embeddable":true,"href":"https:\/\/liviko.eu\/lv\/wp-json\/wp\/v2\/categories?post=837"}],"curies":[{"name":"wp","href":"https:\/\/api.w.org\/{rel}","templated":true}]}}