{"id":844,"date":"2020-07-06T11:56:18","date_gmt":"2020-07-06T11:56:18","guid":{"rendered":"http:\/\/liviko.eu\/liviko-distillery\/cooler\/"},"modified":"2026-02-25T12:03:04","modified_gmt":"2026-02-25T12:03:04","slug":"cooler","status":"publish","type":"page","link":"https:\/\/liviko.eu\/lv\/liviko-distillery\/cooler\/","title":{"rendered":"Cooler"},"content":{"rendered":"<div id=\"mediaBlock-block_90fc0ab9ae31f2e09571de39a4d23784\" class=\" c-contentBlock c-mediaBlock c-mediaBlock--align-left c-mediaBlock--valign-center c-mediaBlock--size-extra-small c-mediaBlock--imageHeight-small\" data-block-type=\"Media block\">\n   \n                \n     <div class=\"c-mediaBlock__media\" style=\"\"\">\n        <img fetchpriority=\"high\" decoding=\"async\" width=\"1366\" height=\"886\" src=\"https:\/\/liviko.eu\/wp-content\/uploads\/2026\/02\/Cooler-rivi-2026-1366x886.png\" class=\"c-mediaBlock__image\" alt=\"COOLER\" srcset=\"https:\/\/liviko.eu\/wp-content\/uploads\/2026\/02\/Cooler-rivi-2026-1366x886.png 1366w, https:\/\/liviko.eu\/wp-content\/uploads\/2026\/02\/Cooler-rivi-2026-920x597.png 920w, https:\/\/liviko.eu\/wp-content\/uploads\/2026\/02\/Cooler-rivi-2026-768x498.png 768w, https:\/\/liviko.eu\/wp-content\/uploads\/2026\/02\/Cooler-rivi-2026-1536x996.png 1536w, https:\/\/liviko.eu\/wp-content\/uploads\/2026\/02\/Cooler-rivi-2026-2048x1328.png 2048w, https:\/\/liviko.eu\/wp-content\/uploads\/2026\/02\/Cooler-rivi-2026-493x320.png 493w, https:\/\/liviko.eu\/wp-content\/uploads\/2026\/02\/Cooler-rivi-2026-930x603.png 930w\" sizes=\"(max-width: 1366px) 100vw, 1366px\" \/>    <\/div>\n     <div class=\"c-mediaBlock__body\">\n                    <h2 class=\"c-mediaBlock__title\">COOLER<\/h2>\n                <div class=\"c-mediaBlock__content\">\n            <div class=\"t-text\">\n            <p>Dzirksto\u0161o koktei\u013cu <em>Cooler<\/em> s\u0113rija tirg\u016b ien\u0101ca 2005. gad\u0101 un katru gadu p\u0101rsteidz ar jaun\u0101m atsvaidzino\u0161\u0101m un eksotisk\u0101m gar\u0161\u0101m. Popul\u0101r\u0101k\u0101s gar\u0161as \u2013 dz\u0113rieni ar svaigu \u0101bolu gar\u0161u un tum\u0161o \u0137ir\u0161u gar\u0161u.<\/p>\n<p><em>Cooler<\/em> g\u0101z\u0113tie koktei\u013ci ir gatavoti no augstas kvalit\u0101tes alkohola, atspirdzino\u0161\u0101m sul\u0101m un ledus \u016bdens. Aug\u013cu koktei\u013ci<em> Cooler<\/em> pat\u012bkami atspirdzina.<\/p>\n<p><strong><em>Cooler<\/em><\/strong><strong> dz\u0113rienu kl\u0101st\u0101 ir:<\/strong><\/p>\n<ul>\n<li>Green Apple<\/li>\n<li>Dark Cherry<\/li>\n<li>Sour Rhubarb<\/li>\n<li>Strawberry<\/li>\n<li>Passion Fruit<\/li>\n<li>Mellow Peach<\/li>\n<li>Pineapple<\/li>\n<\/ul>\n            <\/div>\n                            \n        <\/div>\n    <\/div>\n<\/div>\n\n\n<div id=\"spacer-block_6c2d56ebf028650bd9ee481ce042310e\" class=\"c-contentBlock c-spacerContainer\"  data-block-type=\"Spacer\">\n   <hr class=\"  c-spacer c-spacer--size-3 c-spacer--line\" >\n<\/div>\n\n\n\n<div id=\"relatedItems-block_484d08857dc31163d4fc7777c0db3100\" class=\" c-contentBlock c-relatedItems\" data-block-type=\"Related items\" >\n   \n            <h2 class=\"c-relatedItems__title \">L\u012aDZ\u012aGI PRODUKTI<\/h2>\n     \n    <div class=\"c-relatedItems__content\">\n\n\n    \n\n             \n         \n                \n\n            <a class=\"c-relatedItems__item \" href=\"https:\/\/liviko.eu\/lv\/liviko-distillery\/re-crafters-junibeer\/\">\n                \n                \n                    <div class=\"c-relatedItems__item-imageContainer\" >\n                        <img decoding=\"async\" width=\"82\" height=\"320\" src=\"https:\/\/liviko.eu\/wp-content\/uploads\/2020\/08\/4740050005742.jpg\" class=\"c-relatedItems__item-image\" alt=\"Re-crafted Crafter&#039;s \" \/>                    <\/div>\n                    <div class=\"c-relatedItems__item-details\">\n                        <h3 class=\"c-relatedItems__item-title\">Re-crafted Crafter&#8217;s <\/h3>                                            <\/div>\n                \n            <\/a>\n            \n        \n                \n\n            <a class=\"c-relatedItems__item \" href=\"https:\/\/liviko.eu\/lv\/liviko-distillery\/ginger-duke\/\">\n                \n                \n                    <div class=\"c-relatedItems__item-imageContainer\" >\n                        <img decoding=\"async\" width=\"87\" height=\"320\" src=\"https:\/\/liviko.eu\/wp-content\/uploads\/2020\/08\/Ginger-Duke-750-ml-WEB.png\" class=\"c-relatedItems__item-image\" alt=\"Ginger Duke \" srcset=\"https:\/\/liviko.eu\/wp-content\/uploads\/2020\/08\/Ginger-Duke-750-ml-WEB.png 271w, https:\/\/liviko.eu\/wp-content\/uploads\/2020\/08\/Ginger-Duke-750-ml-WEB-249x920.png 249w\" sizes=\"(max-width: 87px) 100vw, 87px\" \/>                    <\/div>\n                    <div class=\"c-relatedItems__item-details\">\n                        <h3 class=\"c-relatedItems__item-title\">Ginger Duke <\/h3>                                            <\/div>\n                \n            <\/a>\n            \n                <\/div>\n<\/div>\n","protected":false},"excerpt":{"rendered":"","protected":false},"author":1,"featured_media":0,"parent":770,"menu_order":4,"comment_status":"closed","ping_status":"closed","template":"page-templates\/page-product.php","meta":{"_acf_changed":false,"inline_featured_image":false,"_monsterinsights_skip_tracking":false,"_monsterinsights_sitenote_active":false,"_monsterinsights_sitenote_note":"","_monsterinsights_sitenote_category":0,"footnotes":""},"categories":[50],"class_list":["post-844","page","type-page","status-publish","hentry","category-light-alcohol-lv"],"acf":[],"yoast_head":"<!-- This site is optimized with the Yoast SEO plugin v24.0 - https:\/\/yoast.com\/wordpress\/plugins\/seo\/ -->\n<title>Cooler - Liviko<\/title>\n<meta name=\"robots\" content=\"index, follow, max-snippet:-1, max-image-preview:large, max-video-preview:-1\" \/>\n<link rel=\"canonical\" href=\"https:\/\/liviko.eu\/lv\/liviko-distillery\/cooler\/\" \/>\n<meta property=\"og:locale\" content=\"lv_LV\" \/>\n<meta property=\"og:type\" content=\"article\" \/>\n<meta property=\"og:title\" content=\"Cooler - Liviko\" \/>\n<meta property=\"og:url\" content=\"https:\/\/liviko.eu\/lv\/liviko-distillery\/cooler\/\" \/>\n<meta property=\"og:site_name\" content=\"Liviko\" \/>\n<meta property=\"article:publisher\" content=\"https:\/\/www.facebook.com\/LivikoDistillery\/\" \/>\n<meta property=\"article:modified_time\" content=\"2026-02-25T12:03:04+00:00\" \/>\n<meta name=\"twitter:card\" content=\"summary_large_image\" \/>\n<script type=\"application\/ld+json\" class=\"yoast-schema-graph\">{\"@context\":\"https:\/\/schema.org\",\"@graph\":[{\"@type\":\"WebPage\",\"@id\":\"https:\/\/liviko.eu\/lv\/liviko-distillery\/cooler\/\",\"url\":\"https:\/\/liviko.eu\/lv\/liviko-distillery\/cooler\/\",\"name\":\"Cooler - Liviko\",\"isPartOf\":{\"@id\":\"https:\/\/liviko.eu\/lv\/#website\"},\"datePublished\":\"2020-07-06T11:56:18+00:00\",\"dateModified\":\"2026-02-25T12:03:04+00:00\",\"breadcrumb\":{\"@id\":\"https:\/\/liviko.eu\/lv\/liviko-distillery\/cooler\/#breadcrumb\"},\"inLanguage\":\"lv-LV\",\"potentialAction\":[{\"@type\":\"ReadAction\",\"target\":[\"https:\/\/liviko.eu\/lv\/liviko-distillery\/cooler\/\"]}]},{\"@type\":\"BreadcrumbList\",\"@id\":\"https:\/\/liviko.eu\/lv\/liviko-distillery\/cooler\/#breadcrumb\",\"itemListElement\":[{\"@type\":\"ListItem\",\"position\":1,\"name\":\"Home\",\"item\":\"https:\/\/liviko.eu\/lv\/\"},{\"@type\":\"ListItem\",\"position\":2,\"name\":\"PRE\u010cU Z\u012aMES\",\"item\":\"https:\/\/liviko.eu\/lv\/liviko-distillery\/\"},{\"@type\":\"ListItem\",\"position\":3,\"name\":\"Cooler\"}]},{\"@type\":\"WebSite\",\"@id\":\"https:\/\/liviko.eu\/lv\/#website\",\"url\":\"https:\/\/liviko.eu\/lv\/\",\"name\":\"Liviko\",\"description\":\"anno 1898\",\"publisher\":{\"@id\":\"https:\/\/liviko.eu\/lv\/#organization\"},\"potentialAction\":[{\"@type\":\"SearchAction\",\"target\":{\"@type\":\"EntryPoint\",\"urlTemplate\":\"https:\/\/liviko.eu\/lv\/?s={search_term_string}\"},\"query-input\":{\"@type\":\"PropertyValueSpecification\",\"valueRequired\":true,\"valueName\":\"search_term_string\"}}],\"inLanguage\":\"lv-LV\"},{\"@type\":\"Organization\",\"@id\":\"https:\/\/liviko.eu\/lv\/#organization\",\"name\":\"Liviko\",\"url\":\"https:\/\/liviko.eu\/lv\/\",\"logo\":{\"@type\":\"ImageObject\",\"inLanguage\":\"lv-LV\",\"@id\":\"https:\/\/liviko.eu\/lv\/#\/schema\/logo\/image\/\",\"url\":\"https:\/\/liviko.eu\/wp-content\/uploads\/2020\/10\/liviko_logo.png\",\"contentUrl\":\"https:\/\/liviko.eu\/wp-content\/uploads\/2020\/10\/liviko_logo.png\",\"width\":515,\"height\":181,\"caption\":\"Liviko\"},\"image\":{\"@id\":\"https:\/\/liviko.eu\/lv\/#\/schema\/logo\/image\/\"},\"sameAs\":[\"https:\/\/www.facebook.com\/LivikoDistillery\/\",\"https:\/\/www.instagram.com\/livikodistillery\",\"https:\/\/www.linkedin.com\/company\/liviko\/\",\"https:\/\/www.youtube.com\/channel\/UCnoHr-PaNxBHJO8nMDLVGuA\"]}]}<\/script>\n<!-- \/ Yoast SEO plugin. -->","yoast_head_json":{"title":"Cooler - Liviko","robots":{"index":"index","follow":"follow","max-snippet":"max-snippet:-1","max-image-preview":"max-image-preview:large","max-video-preview":"max-video-preview:-1"},"canonical":"https:\/\/liviko.eu\/lv\/liviko-distillery\/cooler\/","og_locale":"lv_LV","og_type":"article","og_title":"Cooler - Liviko","og_url":"https:\/\/liviko.eu\/lv\/liviko-distillery\/cooler\/","og_site_name":"Liviko","article_publisher":"https:\/\/www.facebook.com\/LivikoDistillery\/","article_modified_time":"2026-02-25T12:03:04+00:00","twitter_card":"summary_large_image","schema":{"@context":"https:\/\/schema.org","@graph":[{"@type":"WebPage","@id":"https:\/\/liviko.eu\/lv\/liviko-distillery\/cooler\/","url":"https:\/\/liviko.eu\/lv\/liviko-distillery\/cooler\/","name":"Cooler - Liviko","isPartOf":{"@id":"https:\/\/liviko.eu\/lv\/#website"},"datePublished":"2020-07-06T11:56:18+00:00","dateModified":"2026-02-25T12:03:04+00:00","breadcrumb":{"@id":"https:\/\/liviko.eu\/lv\/liviko-distillery\/cooler\/#breadcrumb"},"inLanguage":"lv-LV","potentialAction":[{"@type":"ReadAction","target":["https:\/\/liviko.eu\/lv\/liviko-distillery\/cooler\/"]}]},{"@type":"BreadcrumbList","@id":"https:\/\/liviko.eu\/lv\/liviko-distillery\/cooler\/#breadcrumb","itemListElement":[{"@type":"ListItem","position":1,"name":"Home","item":"https:\/\/liviko.eu\/lv\/"},{"@type":"ListItem","position":2,"name":"PRE\u010cU Z\u012aMES","item":"https:\/\/liviko.eu\/lv\/liviko-distillery\/"},{"@type":"ListItem","position":3,"name":"Cooler"}]},{"@type":"WebSite","@id":"https:\/\/liviko.eu\/lv\/#website","url":"https:\/\/liviko.eu\/lv\/","name":"Liviko","description":"anno 1898","publisher":{"@id":"https:\/\/liviko.eu\/lv\/#organization"},"potentialAction":[{"@type":"SearchAction","target":{"@type":"EntryPoint","urlTemplate":"https:\/\/liviko.eu\/lv\/?s={search_term_string}"},"query-input":{"@type":"PropertyValueSpecification","valueRequired":true,"valueName":"search_term_string"}}],"inLanguage":"lv-LV"},{"@type":"Organization","@id":"https:\/\/liviko.eu\/lv\/#organization","name":"Liviko","url":"https:\/\/liviko.eu\/lv\/","logo":{"@type":"ImageObject","inLanguage":"lv-LV","@id":"https:\/\/liviko.eu\/lv\/#\/schema\/logo\/image\/","url":"https:\/\/liviko.eu\/wp-content\/uploads\/2020\/10\/liviko_logo.png","contentUrl":"https:\/\/liviko.eu\/wp-content\/uploads\/2020\/10\/liviko_logo.png","width":515,"height":181,"caption":"Liviko"},"image":{"@id":"https:\/\/liviko.eu\/lv\/#\/schema\/logo\/image\/"},"sameAs":["https:\/\/www.facebook.com\/LivikoDistillery\/","https:\/\/www.instagram.com\/livikodistillery","https:\/\/www.linkedin.com\/company\/liviko\/","https:\/\/www.youtube.com\/channel\/UCnoHr-PaNxBHJO8nMDLVGuA"]}]}},"_links":{"self":[{"href":"https:\/\/liviko.eu\/lv\/wp-json\/wp\/v2\/pages\/844","targetHints":{"allow":["GET"]}}],"collection":[{"href":"https:\/\/liviko.eu\/lv\/wp-json\/wp\/v2\/pages"}],"about":[{"href":"https:\/\/liviko.eu\/lv\/wp-json\/wp\/v2\/types\/page"}],"author":[{"embeddable":true,"href":"https:\/\/liviko.eu\/lv\/wp-json\/wp\/v2\/users\/1"}],"replies":[{"embeddable":true,"href":"https:\/\/liviko.eu\/lv\/wp-json\/wp\/v2\/comments?post=844"}],"version-history":[{"count":37,"href":"https:\/\/liviko.eu\/lv\/wp-json\/wp\/v2\/pages\/844\/revisions"}],"predecessor-version":[{"id":57377,"href":"https:\/\/liviko.eu\/lv\/wp-json\/wp\/v2\/pages\/844\/revisions\/57377"}],"up":[{"embeddable":true,"href":"https:\/\/liviko.eu\/lv\/wp-json\/wp\/v2\/pages\/770"}],"wp:attachment":[{"href":"https:\/\/liviko.eu\/lv\/wp-json\/wp\/v2\/media?parent=844"}],"wp:term":[{"taxonomy":"category","embeddable":true,"href":"https:\/\/liviko.eu\/lv\/wp-json\/wp\/v2\/categories?post=844"}],"curies":[{"name":"wp","href":"https:\/\/api.w.org\/{rel}","templated":true}]}}