{"id":852,"date":"2020-07-06T11:57:40","date_gmt":"2020-07-06T11:57:40","guid":{"rendered":"http:\/\/liviko.eu\/liviko-distillery\/ginger-duke\/"},"modified":"2023-11-22T08:23:17","modified_gmt":"2023-11-22T08:23:17","slug":"ginger-duke","status":"publish","type":"page","link":"https:\/\/liviko.eu\/lv\/liviko-distillery\/ginger-duke\/","title":{"rendered":"Ginger Duke"},"content":{"rendered":"<div id=\"mediaBlock-block_7ec327f8c46cbfe25def0198010f6d4c\" class=\" c-contentBlock c-mediaBlock c-mediaBlock--align-left c-mediaBlock--valign-center c-mediaBlock--size-extra-small c-mediaBlock--imageHeight-small\" data-block-type=\"Media block\">\n   \n                \n     <div class=\"c-mediaBlock__media\" style=\"\"\">\n        <img fetchpriority=\"high\" decoding=\"async\" width=\"271\" height=\"1000\" src=\"https:\/\/liviko.eu\/wp-content\/uploads\/2020\/08\/Ginger-Duke-750-ml-WEB.png\" class=\"c-mediaBlock__image\" alt=\"GINGER DUKE\" srcset=\"https:\/\/liviko.eu\/wp-content\/uploads\/2020\/08\/Ginger-Duke-750-ml-WEB.png 271w, https:\/\/liviko.eu\/wp-content\/uploads\/2020\/08\/Ginger-Duke-750-ml-WEB-249x920.png 249w\" sizes=\"(max-width: 271px) 100vw, 271px\" \/>    <\/div>\n     <div class=\"c-mediaBlock__body\">\n                    <h2 class=\"c-mediaBlock__title\">GINGER DUKE<\/h2>\n                <div class=\"c-mediaBlock__content\">\n            <div class=\"t-text\">\n            <p>Bezalkoholisks ingvera dz\u0113riens, kas neko ne\u0101rst\u0113, bet pal\u012bdz gan!<\/p>\n<p><em>Ginger Duke<\/em> ir smalkmanis ar labu gaumi un aristokr\u0101tisk\u0101m sakn\u0113m. Vi\u0146\u0161 ir d\u0113kainis un ce\u013cot\u0101js, kam vienm\u0113r azot\u0113 k\u0101ds pikants past\u0101sts vai satrieco\u0161a recepte. <em>Ginger <\/em>st\u0101v p\u0101ri ikdieni\u0161\u0137iem s\u012bkumiem, bet vi\u0146u patiesi interes\u0113 viss notieko\u0161ais un vi\u0146\u0161 alla\u017e gatavs steigties pal\u012bg\u0101. Vi\u0146\u0161 ir pozit\u012bvs, apvelt\u012bts ar burv\u012bgu smaidu un neatvair\u0101mu humora izj\u016btu. Kad <em>Ginger<\/em> ien\u0101k telp\u0101, visu skati piev\u0113r\u0161as vi\u0146am. Vi\u0146\u0161 ir harizm\u0101tiska sabiedr\u012bbas dv\u0113sele, ide\u0101ls draugs un ikvienas d\u0101mas sapnis.<\/p>\n<p>\u0160is dz\u0113riens ir vi\u0146a m\u016b\u017ea darbs. Un ej nu saproti, kas to padara tik izteiksm\u012bgu \u2013 ingvers vai pudel\u0113 iesl\u0113gtais nerimt\u012bgais gars.<\/p>\n<p><em>Ginger Duke<\/em> ir bezalkoholisks ingvera dz\u0113riens skaist\u0101 dzintara ton\u012b. <em>Ginger Duke<\/em> smar\u017eas bu\u0137et\u0113 galven\u0101s lomas sp\u0113l\u0113 medains ingvers un sald\u0101s gar\u0161vielas. Domin\u0113jo\u0161\u0101 ir pikanta svaig\u0101 ingvera gar\u0161a. Var sajust ar\u012b citrusaug\u013cus, asas gar\u0161vielas un piparus. Ilgaj\u0101 p\u0113cgar\u0161\u0101 j\u016btamas \u013coti gatavu citrusaug\u013cu saldums apvienojum\u0101 ar ingvera pikantumu.<\/p>\n<p><em>Ginger Duke<\/em> var dzert t\u012br\u0101 veid\u0101 no mazaj\u0101m gl\u0101z\u012bt\u0113m vai ar g\u0101z\u0113to \u016bdeni. To var ar\u012b pievienot koktei\u013ciem, lai pan\u0101ktu izteikt\u0101ku gar\u0161u. Ingvera dz\u0113rienu var izmantot ar\u012b \u0100zijas virtuves \u0113dienu gar\u0161as bag\u0101tin\u0101\u0161anai.<\/p>\n<p>Aizs\u0101ktu ingvera dz\u0113rienu glab\u0101jiet aizv\u0113rt\u0101 veid\u0101 ledusskap\u012b, izdzeriet to m\u0113ne\u0161a laik\u0101 p\u0113c atv\u0113r\u0161anas.<\/p>\n<p><em>Ginger Duke<\/em> nesatur glut\u0113nu, k\u0101 ar\u012b ir piem\u0113rots veg\u0101niem.<\/p>\n<p><a href=\"https:\/\/gingerduke.eu\/\">gingerduke.eu<\/a><\/p>\n<p><strong>Godalgas:<\/strong><\/p>\n<ul>\n<li>Igaunijas lab\u0101kais dz\u0113riens 2023 &#8211; Lab\u0101kais bezalkoholiskais dz\u0113riens &#8211; zelta meda\u013ca<\/li>\n<\/ul>\n            <\/div>\n                            \n        <\/div>\n    <\/div>\n<\/div>\n\n\n<div id=\"spacer-block_60a7fa711a76d102ab4183054420f070\" class=\"c-contentBlock c-spacerContainer\"  data-block-type=\"Spacer\">\n   <hr class=\"  c-spacer c-spacer--size-3 c-spacer--line\" >\n<\/div>\n\n\n\n<div id=\"relatedItems-block_20ee27072eb75e6ac0499ffef528e5d2\" class=\" c-contentBlock c-relatedItems\" data-block-type=\"Related items\" >\n   \n            <h2 class=\"c-relatedItems__title \">L\u012aDZ\u012aGI PRODUKTI<\/h2>\n     \n    <div class=\"c-relatedItems__content\">\n\n\n    \n\n             \n         \n                \n\n            <a class=\"c-relatedItems__item \" href=\"https:\/\/liviko.eu\/lv\/liviko-distillery\/re-crafters-junibeer\/\">\n                \n                \n                    <div class=\"c-relatedItems__item-imageContainer\" >\n                        <img decoding=\"async\" width=\"82\" height=\"320\" src=\"https:\/\/liviko.eu\/wp-content\/uploads\/2020\/08\/Crafters-Re-Crafted-Junibeer-FULL.png\" class=\"c-relatedItems__item-image\" alt=\"Re-crafted Crafter&#039;s\" srcset=\"https:\/\/liviko.eu\/wp-content\/uploads\/2020\/08\/Crafters-Re-Crafted-Junibeer-FULL.png 1558w, https:\/\/liviko.eu\/wp-content\/uploads\/2020\/08\/Crafters-Re-Crafted-Junibeer-FULL-236x920.png 236w, https:\/\/liviko.eu\/wp-content\/uploads\/2020\/08\/Crafters-Re-Crafted-Junibeer-FULL-350x1366.png 350w, https:\/\/liviko.eu\/wp-content\/uploads\/2020\/08\/Crafters-Re-Crafted-Junibeer-FULL-768x2999.png 768w, https:\/\/liviko.eu\/wp-content\/uploads\/2020\/08\/Crafters-Re-Crafted-Junibeer-FULL-393x1536.png 393w, https:\/\/liviko.eu\/wp-content\/uploads\/2020\/08\/Crafters-Re-Crafted-Junibeer-FULL-524x2048.png 524w\" sizes=\"(max-width: 82px) 100vw, 82px\" \/>                    <\/div>\n                    <div class=\"c-relatedItems__item-details\">\n                        <h3 class=\"c-relatedItems__item-title\">Re-crafted Crafter&#8217;s<\/h3>                                            <\/div>\n                \n            <\/a>\n            \n        \n                \n\n            <a class=\"c-relatedItems__item \" href=\"https:\/\/liviko.eu\/lv\/liviko-distillery\/starter\/\">\n                \n                \n                    <div class=\"c-relatedItems__item-imageContainer\" >\n                        <img decoding=\"async\" width=\"86\" height=\"320\" src=\"https:\/\/liviko.eu\/wp-content\/uploads\/2020\/08\/Starter-Original-FULL.png\" class=\"c-relatedItems__item-image\" alt=\"Starter\" srcset=\"https:\/\/liviko.eu\/wp-content\/uploads\/2020\/08\/Starter-Original-FULL.png 1726w, https:\/\/liviko.eu\/wp-content\/uploads\/2020\/08\/Starter-Original-FULL-248x920.png 248w, https:\/\/liviko.eu\/wp-content\/uploads\/2020\/08\/Starter-Original-FULL-368x1366.png 368w, https:\/\/liviko.eu\/wp-content\/uploads\/2020\/08\/Starter-Original-FULL-768x2848.png 768w, https:\/\/liviko.eu\/wp-content\/uploads\/2020\/08\/Starter-Original-FULL-414x1536.png 414w, https:\/\/liviko.eu\/wp-content\/uploads\/2020\/08\/Starter-Original-FULL-552x2048.png 552w\" sizes=\"(max-width: 86px) 100vw, 86px\" \/>                    <\/div>\n                    <div class=\"c-relatedItems__item-details\">\n                        <h3 class=\"c-relatedItems__item-title\">Starter<\/h3>                                            <\/div>\n                \n            <\/a>\n            \n                <\/div>\n<\/div>\n","protected":false},"excerpt":{"rendered":"","protected":false},"author":1,"featured_media":0,"parent":770,"menu_order":6,"comment_status":"closed","ping_status":"closed","template":"page-templates\/page-product.php","meta":{"_acf_changed":false,"inline_featured_image":false,"_monsterinsights_skip_tracking":false,"_monsterinsights_sitenote_active":false,"_monsterinsights_sitenote_note":"","_monsterinsights_sitenote_category":0,"footnotes":""},"categories":[56],"class_list":["post-852","page","type-page","status-publish","hentry","category-non-alcohol-lv"],"acf":[],"yoast_head":"<!-- This site is optimized with the Yoast SEO plugin v24.0 - https:\/\/yoast.com\/wordpress\/plugins\/seo\/ -->\n<title>Ginger Duke - Liviko<\/title>\n<meta name=\"robots\" content=\"index, follow, max-snippet:-1, max-image-preview:large, max-video-preview:-1\" \/>\n<link rel=\"canonical\" href=\"https:\/\/liviko.eu\/lv\/liviko-distillery\/ginger-duke\/\" \/>\n<meta property=\"og:locale\" content=\"lv_LV\" \/>\n<meta property=\"og:type\" content=\"article\" \/>\n<meta property=\"og:title\" content=\"Ginger Duke - Liviko\" \/>\n<meta property=\"og:url\" content=\"https:\/\/liviko.eu\/lv\/liviko-distillery\/ginger-duke\/\" \/>\n<meta property=\"og:site_name\" content=\"Liviko\" \/>\n<meta property=\"article:publisher\" content=\"https:\/\/www.facebook.com\/LivikoDistillery\/\" \/>\n<meta property=\"article:modified_time\" content=\"2023-11-22T08:23:17+00:00\" \/>\n<meta name=\"twitter:card\" content=\"summary_large_image\" \/>\n<script type=\"application\/ld+json\" class=\"yoast-schema-graph\">{\"@context\":\"https:\/\/schema.org\",\"@graph\":[{\"@type\":\"WebPage\",\"@id\":\"https:\/\/liviko.eu\/lv\/liviko-distillery\/ginger-duke\/\",\"url\":\"https:\/\/liviko.eu\/lv\/liviko-distillery\/ginger-duke\/\",\"name\":\"Ginger Duke - Liviko\",\"isPartOf\":{\"@id\":\"https:\/\/liviko.eu\/lv\/#website\"},\"datePublished\":\"2020-07-06T11:57:40+00:00\",\"dateModified\":\"2023-11-22T08:23:17+00:00\",\"breadcrumb\":{\"@id\":\"https:\/\/liviko.eu\/lv\/liviko-distillery\/ginger-duke\/#breadcrumb\"},\"inLanguage\":\"lv-LV\",\"potentialAction\":[{\"@type\":\"ReadAction\",\"target\":[\"https:\/\/liviko.eu\/lv\/liviko-distillery\/ginger-duke\/\"]}]},{\"@type\":\"BreadcrumbList\",\"@id\":\"https:\/\/liviko.eu\/lv\/liviko-distillery\/ginger-duke\/#breadcrumb\",\"itemListElement\":[{\"@type\":\"ListItem\",\"position\":1,\"name\":\"Home\",\"item\":\"https:\/\/liviko.eu\/lv\/\"},{\"@type\":\"ListItem\",\"position\":2,\"name\":\"PRE\u010cU Z\u012aMES\",\"item\":\"https:\/\/liviko.eu\/lv\/liviko-distillery\/\"},{\"@type\":\"ListItem\",\"position\":3,\"name\":\"Ginger Duke\"}]},{\"@type\":\"WebSite\",\"@id\":\"https:\/\/liviko.eu\/lv\/#website\",\"url\":\"https:\/\/liviko.eu\/lv\/\",\"name\":\"Liviko\",\"description\":\"anno 1898\",\"publisher\":{\"@id\":\"https:\/\/liviko.eu\/lv\/#organization\"},\"potentialAction\":[{\"@type\":\"SearchAction\",\"target\":{\"@type\":\"EntryPoint\",\"urlTemplate\":\"https:\/\/liviko.eu\/lv\/?s={search_term_string}\"},\"query-input\":{\"@type\":\"PropertyValueSpecification\",\"valueRequired\":true,\"valueName\":\"search_term_string\"}}],\"inLanguage\":\"lv-LV\"},{\"@type\":\"Organization\",\"@id\":\"https:\/\/liviko.eu\/lv\/#organization\",\"name\":\"Liviko\",\"url\":\"https:\/\/liviko.eu\/lv\/\",\"logo\":{\"@type\":\"ImageObject\",\"inLanguage\":\"lv-LV\",\"@id\":\"https:\/\/liviko.eu\/lv\/#\/schema\/logo\/image\/\",\"url\":\"https:\/\/liviko.eu\/wp-content\/uploads\/2020\/10\/liviko_logo.png\",\"contentUrl\":\"https:\/\/liviko.eu\/wp-content\/uploads\/2020\/10\/liviko_logo.png\",\"width\":515,\"height\":181,\"caption\":\"Liviko\"},\"image\":{\"@id\":\"https:\/\/liviko.eu\/lv\/#\/schema\/logo\/image\/\"},\"sameAs\":[\"https:\/\/www.facebook.com\/LivikoDistillery\/\",\"https:\/\/www.instagram.com\/livikodistillery\",\"https:\/\/www.linkedin.com\/company\/liviko\/\",\"https:\/\/www.youtube.com\/channel\/UCnoHr-PaNxBHJO8nMDLVGuA\"]}]}<\/script>\n<!-- \/ Yoast SEO plugin. -->","yoast_head_json":{"title":"Ginger Duke - Liviko","robots":{"index":"index","follow":"follow","max-snippet":"max-snippet:-1","max-image-preview":"max-image-preview:large","max-video-preview":"max-video-preview:-1"},"canonical":"https:\/\/liviko.eu\/lv\/liviko-distillery\/ginger-duke\/","og_locale":"lv_LV","og_type":"article","og_title":"Ginger Duke - Liviko","og_url":"https:\/\/liviko.eu\/lv\/liviko-distillery\/ginger-duke\/","og_site_name":"Liviko","article_publisher":"https:\/\/www.facebook.com\/LivikoDistillery\/","article_modified_time":"2023-11-22T08:23:17+00:00","twitter_card":"summary_large_image","schema":{"@context":"https:\/\/schema.org","@graph":[{"@type":"WebPage","@id":"https:\/\/liviko.eu\/lv\/liviko-distillery\/ginger-duke\/","url":"https:\/\/liviko.eu\/lv\/liviko-distillery\/ginger-duke\/","name":"Ginger Duke - Liviko","isPartOf":{"@id":"https:\/\/liviko.eu\/lv\/#website"},"datePublished":"2020-07-06T11:57:40+00:00","dateModified":"2023-11-22T08:23:17+00:00","breadcrumb":{"@id":"https:\/\/liviko.eu\/lv\/liviko-distillery\/ginger-duke\/#breadcrumb"},"inLanguage":"lv-LV","potentialAction":[{"@type":"ReadAction","target":["https:\/\/liviko.eu\/lv\/liviko-distillery\/ginger-duke\/"]}]},{"@type":"BreadcrumbList","@id":"https:\/\/liviko.eu\/lv\/liviko-distillery\/ginger-duke\/#breadcrumb","itemListElement":[{"@type":"ListItem","position":1,"name":"Home","item":"https:\/\/liviko.eu\/lv\/"},{"@type":"ListItem","position":2,"name":"PRE\u010cU Z\u012aMES","item":"https:\/\/liviko.eu\/lv\/liviko-distillery\/"},{"@type":"ListItem","position":3,"name":"Ginger Duke"}]},{"@type":"WebSite","@id":"https:\/\/liviko.eu\/lv\/#website","url":"https:\/\/liviko.eu\/lv\/","name":"Liviko","description":"anno 1898","publisher":{"@id":"https:\/\/liviko.eu\/lv\/#organization"},"potentialAction":[{"@type":"SearchAction","target":{"@type":"EntryPoint","urlTemplate":"https:\/\/liviko.eu\/lv\/?s={search_term_string}"},"query-input":{"@type":"PropertyValueSpecification","valueRequired":true,"valueName":"search_term_string"}}],"inLanguage":"lv-LV"},{"@type":"Organization","@id":"https:\/\/liviko.eu\/lv\/#organization","name":"Liviko","url":"https:\/\/liviko.eu\/lv\/","logo":{"@type":"ImageObject","inLanguage":"lv-LV","@id":"https:\/\/liviko.eu\/lv\/#\/schema\/logo\/image\/","url":"https:\/\/liviko.eu\/wp-content\/uploads\/2020\/10\/liviko_logo.png","contentUrl":"https:\/\/liviko.eu\/wp-content\/uploads\/2020\/10\/liviko_logo.png","width":515,"height":181,"caption":"Liviko"},"image":{"@id":"https:\/\/liviko.eu\/lv\/#\/schema\/logo\/image\/"},"sameAs":["https:\/\/www.facebook.com\/LivikoDistillery\/","https:\/\/www.instagram.com\/livikodistillery","https:\/\/www.linkedin.com\/company\/liviko\/","https:\/\/www.youtube.com\/channel\/UCnoHr-PaNxBHJO8nMDLVGuA"]}]}},"_links":{"self":[{"href":"https:\/\/liviko.eu\/lv\/wp-json\/wp\/v2\/pages\/852","targetHints":{"allow":["GET"]}}],"collection":[{"href":"https:\/\/liviko.eu\/lv\/wp-json\/wp\/v2\/pages"}],"about":[{"href":"https:\/\/liviko.eu\/lv\/wp-json\/wp\/v2\/types\/page"}],"author":[{"embeddable":true,"href":"https:\/\/liviko.eu\/lv\/wp-json\/wp\/v2\/users\/1"}],"replies":[{"embeddable":true,"href":"https:\/\/liviko.eu\/lv\/wp-json\/wp\/v2\/comments?post=852"}],"version-history":[{"count":11,"href":"https:\/\/liviko.eu\/lv\/wp-json\/wp\/v2\/pages\/852\/revisions"}],"predecessor-version":[{"id":50985,"href":"https:\/\/liviko.eu\/lv\/wp-json\/wp\/v2\/pages\/852\/revisions\/50985"}],"up":[{"embeddable":true,"href":"https:\/\/liviko.eu\/lv\/wp-json\/wp\/v2\/pages\/770"}],"wp:attachment":[{"href":"https:\/\/liviko.eu\/lv\/wp-json\/wp\/v2\/media?parent=852"}],"wp:term":[{"taxonomy":"category","embeddable":true,"href":"https:\/\/liviko.eu\/lv\/wp-json\/wp\/v2\/categories?post=852"}],"curies":[{"name":"wp","href":"https:\/\/api.w.org\/{rel}","templated":true}]}}