{"id":856,"date":"2020-07-06T11:56:55","date_gmt":"2020-07-06T11:56:55","guid":{"rendered":"http:\/\/liviko.eu\/liviko-distillery\/glogg\/"},"modified":"2023-10-12T12:21:17","modified_gmt":"2023-10-12T12:21:17","slug":"glogg","status":"publish","type":"page","link":"https:\/\/liviko.eu\/lv\/liviko-distillery\/glogg\/","title":{"rendered":"GLOGI"},"content":{"rendered":"<div id=\"pageHeader-block_aad6b875918ab93a6de9380a7de77c0d\" class=\" c-contentBlock c-pageHeader\" data-block-type=\"Page header\">\n                                <div class=\"c-pageHeader__tools\">\n        \t<a href=\"#page-856-body\" class=\"c-pageHeader__scrollButton js-scrollTo\">\n        \t\t<span class=\"visuallyhidden\">Scroll to content<\/span>\n                <span class=\"icon-down\"><\/span>\n        \t<\/a>\n        <\/div>\n        \n<\/div>\n<a id=\"page-856-body\"><\/a>\n\n<div id=\"mediaBlock-block_4b9a02c51de4fd56353193247f8771a1\" class=\" c-contentBlock c-mediaBlock c-mediaBlock--align-left c-mediaBlock--valign-center c-mediaBlock--size-extra-small c-mediaBlock--imageHeight-small\" data-block-type=\"Media block\">\n   \n                \n     <div class=\"c-mediaBlock__media\" style=\"\"\">\n        <img fetchpriority=\"high\" decoding=\"async\" width=\"343\" height=\"1366\" src=\"https:\/\/liviko.eu\/wp-content\/uploads\/2023\/10\/Vana-Tallinn-Glogi-WEB-343x1366.jpg\" class=\"c-mediaBlock__image\" alt=\"VANA TALLINN GLOGI\" srcset=\"https:\/\/liviko.eu\/wp-content\/uploads\/2023\/10\/Vana-Tallinn-Glogi-WEB-343x1366.jpg 343w, https:\/\/liviko.eu\/wp-content\/uploads\/2023\/10\/Vana-Tallinn-Glogi-WEB-231x920.jpg 231w, https:\/\/liviko.eu\/wp-content\/uploads\/2023\/10\/Vana-Tallinn-Glogi-WEB-80x320.jpg 80w, https:\/\/liviko.eu\/wp-content\/uploads\/2023\/10\/Vana-Tallinn-Glogi-WEB.jpg 377w\" sizes=\"(max-width: 343px) 100vw, 343px\" \/>    <\/div>\n     <div class=\"c-mediaBlock__body\">\n                    <h2 class=\"c-mediaBlock__title\">VANA TALLINN GLOGI<\/h2>\n                <div class=\"c-mediaBlock__content\">\n            <div class=\"t-text\">\n            <p><em>Vana Tallinn Gl\u00f6gi<\/em> ir p\u0101rdot\u0101kais un iem\u012b\u013cot\u0101kais karstv\u012bns Igaunij\u0101. \u0160o karstv\u012bnu gatavo no klasisk\u0101 li\u0137iera <em>Vana Tallinn<\/em> un kvalitat\u012bva sarkanv\u012bna, un t\u0101 gar\u0161as un arom\u0101ta kompoz\u012bcij\u0101 liela noz\u012bme ir sildo\u0161aj\u0101m gar\u0161viel\u0101m.<\/p>\n<p><em>Vana Tallinn Gl\u00f6gi <\/em>tap\u0161anas process aiz\u0146em apm\u0113ram m\u0113nesi.\u00a0Recept\u0113 galveno vietu ie\u0146em li\u0137ieris <em>Vana Tallinn<\/em>, kam tiek pievienots kvalitat\u012bvs un gards v\u012bnogu v\u012bns. <em>Gl\u00f6gi<\/em> karstv\u012bna gar\u0161as paleti papildina r\u016bp\u012bgi atlas\u012btas gar\u0161vielas. \u0160is process prasa lielu precizit\u0101ti un r\u016bp\u012bbu, un t\u0101 rezult\u0101t\u0101 tiek ieg\u016bts dz\u0113riens ar patiesi pat\u012bkamu gar\u0161as un arom\u0101tu bu\u0137eti.<\/p>\n<p>Pasniegt uzkars\u0113tu! Ja v\u0113laties, varat dz\u0113rienam pievienot roz\u012bnes, riekstus, mandeles, kan\u0113\u013ca standzi\u0146u un apels\u012bna \u0161\u0137\u0113l\u012bti.<\/p>\n<div class=\"product__usage\"><\/div>\n            <\/div>\n                            \n        <\/div>\n    <\/div>\n<\/div>\n\n\n<div id=\"featureBlocks-block_a89e6201ecc1de6996515233f0433679\" class=\" c-contentBlock c-featureBlocks c-featureBlocks--type-expanded c-featureBlocks--grid-columns\" data-block-type=\"Feature blocks: expanded\">\n   <div class=\"c-featureBlocksGroup\">\n\n\n                          <div class=\"c-featureBlocks__item\">\n                \n                \n                    <div class=\"c-featureBlocks__item-block\"    >\n\n                                                                                            <div class=\"c-featureBlock__imageContainer\">\n                                <img decoding=\"async\" width=\"800\" height=\"800\" src=\"https:\/\/liviko.eu\/wp-content\/uploads\/2020\/09\/usp2.jpg\" class=\"c-featureBlock__image\" alt=\"\" srcset=\"https:\/\/liviko.eu\/wp-content\/uploads\/2020\/09\/usp2.jpg 800w, https:\/\/liviko.eu\/wp-content\/uploads\/2020\/09\/usp2-480x480.jpg 480w, https:\/\/liviko.eu\/wp-content\/uploads\/2020\/09\/usp2-768x768.jpg 768w\" sizes=\"(max-width: 800px) 100vw, 800px\" \/>                                <\/div>\n                               \n\n                            <div class=\"c-featureBlocks__item-body\">\n                                    <h3 class=\"c-featureBlocks__item-title\"><\/h3>\n                                    <div class=\"t-text\">\n                                        <p><a href=\"http:\/\/www.vanatallinn.eu\/\">vanatallinn.eu<\/a><\/p>\n<p><strong>Ilgi un r\u016bp\u012bgi gatavots<br \/>\n<\/strong><em>Vana Tallinn Gl\u00f6gi <\/em>tap\u0161anas process aiz\u0146em apm\u0113ram m\u0113nesi.\u00a0 Vispirms j\u0101pagatavo izvilkumi no da\u017e\u0101d\u0101m z\u0101l\u012bt\u0113m un gar\u0161augiem. Tad p\u0113c li\u0137ieru meistaru receptes tiek pagatavots karstv\u012bns, kas tiek pak\u013cauts aukstumapstr\u0101dei un filtr\u0113ts. Tikai p\u0113c tam karstv\u012bns tiek iepild\u012bts pudel\u0113s.<\/p>\n<p>&nbsp;<\/p>\n                                    <\/div>\n                            <\/div>\n\n                    <\/div>    \n                        \n\n\n                            \n            <\/div>\n            \n                    <div class=\"c-featureBlocks__item\">\n                \n                \n                    <div class=\"c-featureBlocks__item-block\"    >\n\n                                                                                            <div class=\"c-featureBlock__imageContainer\">\n                                <img decoding=\"async\" width=\"800\" height=\"800\" src=\"https:\/\/liviko.eu\/wp-content\/uploads\/2020\/09\/usp3-1.jpg\" class=\"c-featureBlock__image\" alt=\"\" srcset=\"https:\/\/liviko.eu\/wp-content\/uploads\/2020\/09\/usp3-1.jpg 800w, https:\/\/liviko.eu\/wp-content\/uploads\/2020\/09\/usp3-1-480x480.jpg 480w, https:\/\/liviko.eu\/wp-content\/uploads\/2020\/09\/usp3-1-768x768.jpg 768w\" sizes=\"(max-width: 800px) 100vw, 800px\" \/>                                <\/div>\n                               \n\n                            <div class=\"c-featureBlocks__item-body\">\n                                    <h3 class=\"c-featureBlocks__item-title\"><\/h3>\n                                    <div class=\"t-text\">\n                                        <p><strong>Le\u0123end\u0101ra gar\u0161a<\/strong><br \/>\n<em>Vana Tallinn Gl\u00f6gi<\/em> karstv\u012bnam piem\u012bt le\u0123end\u0101rajam li\u0137ierim <em>Vana Tallinn<\/em> rakstur\u012bg\u0101 nedaudz pikant\u0101 gar\u0161a. Gar\u0161as bu\u0137et\u0113 var sajust da\u017e\u0101dus gar\u0161augus, kan\u0113li, zvaig\u017e\u0146u an\u012bsu, vani\u013cu un nedaudz citrusaug\u013cu.<\/p>\n<p>&nbsp;<\/p>\n                                    <\/div>\n                            <\/div>\n\n                    <\/div>    \n                        \n\n\n                            \n            <\/div>\n            \n                    <div class=\"c-featureBlocks__item\">\n                \n                \n                    <div class=\"c-featureBlocks__item-block\"    >\n\n                                                                                            <div class=\"c-featureBlock__imageContainer\">\n                                <img loading=\"lazy\" decoding=\"async\" width=\"768\" height=\"768\" src=\"https:\/\/liviko.eu\/wp-content\/uploads\/2023\/10\/Glogi_768x768.jpg\" class=\"c-featureBlock__image\" alt=\"\" srcset=\"https:\/\/liviko.eu\/wp-content\/uploads\/2023\/10\/Glogi_768x768.jpg 768w, https:\/\/liviko.eu\/wp-content\/uploads\/2023\/10\/Glogi_768x768-480x480.jpg 480w, https:\/\/liviko.eu\/wp-content\/uploads\/2023\/10\/Glogi_768x768-320x320.jpg 320w, https:\/\/liviko.eu\/wp-content\/uploads\/2023\/10\/Glogi_768x768-603x603.jpg 603w\" sizes=\"(max-width: 768px) 100vw, 768px\" \/>                                <\/div>\n                               \n\n                            <div class=\"c-featureBlocks__item-body\">\n                                    <h3 class=\"c-featureBlocks__item-title\"><\/h3>\n                                    <div class=\"t-text\">\n                                        <p><strong>Pudeles dizains<\/strong><br \/>\nKlasisk\u0101 Vana Tallinn li\u0137iera tor\u0146a formas pudele veidota, iedvesmojoties no Tallinas vecpils\u0113tas, un taj\u0101 att\u0113loti viduslaiku pils\u0113tas m\u016bra tor\u0146i, kas iek\u013cauts UNESCO Pasaules mantojuma sarakst\u0101. Pudeles eti\u0137etes dizains veidots, iedvesmojoties no krauk\u0161\u0137\u012bgajiem zieme\u013cvalstu ziemas vakariem, kad pikant\u0101s gar\u0161as pied\u0101v\u0101 pat\u012bkamu veidu, k\u0101 sasild\u012bties.<\/p>\n<p>&nbsp;<\/p>\n                                    <\/div>\n                            <\/div>\n\n                    <\/div>    \n                        \n\n\n                            \n            <\/div>\n            \n                <div class=\"c-featureBlocks__item c-featureBlocks__item--empty\"><\/div>\n    <div class=\"c-featureBlocks__item c-featureBlocks__item--empty\"><\/div>\n    <\/div>\n<\/div>\n\n\n\n<div id=\"spacer-block_35a9b501b3e0de7e63e8bdbfbe4e989a\" class=\"c-contentBlock c-spacerContainer\"  data-block-type=\"Spacer\">\n   <hr class=\"  c-spacer c-spacer--size-3 c-spacer--line\" >\n<\/div>\n\n\n\n<div id=\"relatedItems-block_f06c5099b014bdec0468402112253e98\" class=\" c-contentBlock c-relatedItems\" data-block-type=\"Related items\" >\n   \n            <h2 class=\"c-relatedItems__title \">L\u012aDZ\u012aGI PRODUKTI<\/h2>\n     \n    <div class=\"c-relatedItems__content\">\n\n\n    \n\n             \n         \n                \n\n            <a class=\"c-relatedItems__item \" href=\"https:\/\/liviko.eu\/lv\/liviko-distillery\/vana-tallinn\/\">\n                \n                \n                    <div class=\"c-relatedItems__item-imageContainer\" >\n                        <img loading=\"lazy\" decoding=\"async\" width=\"82\" height=\"320\" src=\"https:\/\/liviko.eu\/wp-content\/uploads\/2020\/10\/vanatallinn.jpg\" class=\"c-relatedItems__item-image\" alt=\"Vana Tallinn\" \/>                    <\/div>\n                    <div class=\"c-relatedItems__item-details\">\n                        <h3 class=\"c-relatedItems__item-title\">Vana Tallinn<\/h3>                                            <\/div>\n                \n            <\/a>\n            \n        \n                \n\n            <a class=\"c-relatedItems__item \" href=\"https:\/\/liviko.eu\/lv\/liviko-distillery\/vana-tallinn-cream\/\">\n                \n                \n                    <div class=\"c-relatedItems__item-imageContainer\" >\n                        <img loading=\"lazy\" decoding=\"async\" width=\"116\" height=\"320\" src=\"https:\/\/liviko.eu\/wp-content\/uploads\/2020\/08\/VT-Cream_Original-1.png\" class=\"c-relatedItems__item-image\" alt=\"Vana Tallinn Cream\" srcset=\"https:\/\/liviko.eu\/wp-content\/uploads\/2020\/08\/VT-Cream_Original-1.png 727w, https:\/\/liviko.eu\/wp-content\/uploads\/2020\/08\/VT-Cream_Original-1-334x920.png 334w, https:\/\/liviko.eu\/wp-content\/uploads\/2020\/08\/VT-Cream_Original-1-497x1366.png 497w, https:\/\/liviko.eu\/wp-content\/uploads\/2020\/08\/VT-Cream_Original-1-558x1536.png 558w\" sizes=\"(max-width: 116px) 100vw, 116px\" \/>                    <\/div>\n                    <div class=\"c-relatedItems__item-details\">\n                        <h3 class=\"c-relatedItems__item-title\">Vana Tallinn Cream<\/h3>                                            <\/div>\n                \n            <\/a>\n            \n        \n                \n\n            <a class=\"c-relatedItems__item \" href=\"https:\/\/liviko.eu\/lv\/liviko-distillery\/ginger-duke\/\">\n                \n                \n                    <div class=\"c-relatedItems__item-imageContainer\" >\n                        <img loading=\"lazy\" decoding=\"async\" width=\"87\" height=\"320\" src=\"https:\/\/liviko.eu\/wp-content\/uploads\/2020\/08\/Ginger-Duke-750-ml-WEB.png\" class=\"c-relatedItems__item-image\" alt=\"Ginger Duke\" srcset=\"https:\/\/liviko.eu\/wp-content\/uploads\/2020\/08\/Ginger-Duke-750-ml-WEB.png 271w, https:\/\/liviko.eu\/wp-content\/uploads\/2020\/08\/Ginger-Duke-750-ml-WEB-249x920.png 249w\" sizes=\"(max-width: 87px) 100vw, 87px\" \/>                    <\/div>\n                    <div class=\"c-relatedItems__item-details\">\n                        <h3 class=\"c-relatedItems__item-title\">Ginger Duke<\/h3>                                            <\/div>\n                \n            <\/a>\n            \n                <\/div>\n<\/div>\n\n\n\n<p><\/p>\n","protected":false},"excerpt":{"rendered":"","protected":false},"author":1,"featured_media":0,"parent":770,"menu_order":7,"comment_status":"closed","ping_status":"closed","template":"page-templates\/page-product.php","meta":{"_acf_changed":false,"inline_featured_image":false,"_monsterinsights_skip_tracking":false,"_monsterinsights_sitenote_active":false,"_monsterinsights_sitenote_note":"","_monsterinsights_sitenote_category":0,"footnotes":""},"categories":[50],"class_list":["post-856","page","type-page","status-publish","hentry","category-light-alcohol-lv"],"acf":[],"yoast_head":"<!-- This site is optimized with the Yoast SEO plugin v24.0 - https:\/\/yoast.com\/wordpress\/plugins\/seo\/ -->\n<title>GLOGI - Liviko<\/title>\n<meta name=\"robots\" content=\"index, follow, max-snippet:-1, max-image-preview:large, max-video-preview:-1\" \/>\n<link rel=\"canonical\" href=\"https:\/\/liviko.eu\/lv\/liviko-distillery\/glogg\/\" \/>\n<meta property=\"og:locale\" content=\"lv_LV\" \/>\n<meta property=\"og:type\" content=\"article\" \/>\n<meta property=\"og:title\" content=\"GLOGI - Liviko\" \/>\n<meta property=\"og:url\" content=\"https:\/\/liviko.eu\/lv\/liviko-distillery\/glogg\/\" \/>\n<meta property=\"og:site_name\" content=\"Liviko\" \/>\n<meta property=\"article:publisher\" content=\"https:\/\/www.facebook.com\/LivikoDistillery\/\" \/>\n<meta property=\"article:modified_time\" content=\"2023-10-12T12:21:17+00:00\" \/>\n<meta name=\"twitter:card\" content=\"summary_large_image\" \/>\n<script type=\"application\/ld+json\" class=\"yoast-schema-graph\">{\"@context\":\"https:\/\/schema.org\",\"@graph\":[{\"@type\":\"WebPage\",\"@id\":\"https:\/\/liviko.eu\/lv\/liviko-distillery\/glogg\/\",\"url\":\"https:\/\/liviko.eu\/lv\/liviko-distillery\/glogg\/\",\"name\":\"GLOGI - Liviko\",\"isPartOf\":{\"@id\":\"https:\/\/liviko.eu\/lv\/#website\"},\"datePublished\":\"2020-07-06T11:56:55+00:00\",\"dateModified\":\"2023-10-12T12:21:17+00:00\",\"breadcrumb\":{\"@id\":\"https:\/\/liviko.eu\/lv\/liviko-distillery\/glogg\/#breadcrumb\"},\"inLanguage\":\"lv-LV\",\"potentialAction\":[{\"@type\":\"ReadAction\",\"target\":[\"https:\/\/liviko.eu\/lv\/liviko-distillery\/glogg\/\"]}]},{\"@type\":\"BreadcrumbList\",\"@id\":\"https:\/\/liviko.eu\/lv\/liviko-distillery\/glogg\/#breadcrumb\",\"itemListElement\":[{\"@type\":\"ListItem\",\"position\":1,\"name\":\"Home\",\"item\":\"https:\/\/liviko.eu\/lv\/\"},{\"@type\":\"ListItem\",\"position\":2,\"name\":\"PRE\u010cU Z\u012aMES\",\"item\":\"https:\/\/liviko.eu\/lv\/liviko-distillery\/\"},{\"@type\":\"ListItem\",\"position\":3,\"name\":\"GLOGI\"}]},{\"@type\":\"WebSite\",\"@id\":\"https:\/\/liviko.eu\/lv\/#website\",\"url\":\"https:\/\/liviko.eu\/lv\/\",\"name\":\"Liviko\",\"description\":\"anno 1898\",\"publisher\":{\"@id\":\"https:\/\/liviko.eu\/lv\/#organization\"},\"potentialAction\":[{\"@type\":\"SearchAction\",\"target\":{\"@type\":\"EntryPoint\",\"urlTemplate\":\"https:\/\/liviko.eu\/lv\/?s={search_term_string}\"},\"query-input\":{\"@type\":\"PropertyValueSpecification\",\"valueRequired\":true,\"valueName\":\"search_term_string\"}}],\"inLanguage\":\"lv-LV\"},{\"@type\":\"Organization\",\"@id\":\"https:\/\/liviko.eu\/lv\/#organization\",\"name\":\"Liviko\",\"url\":\"https:\/\/liviko.eu\/lv\/\",\"logo\":{\"@type\":\"ImageObject\",\"inLanguage\":\"lv-LV\",\"@id\":\"https:\/\/liviko.eu\/lv\/#\/schema\/logo\/image\/\",\"url\":\"https:\/\/liviko.eu\/wp-content\/uploads\/2020\/10\/liviko_logo.png\",\"contentUrl\":\"https:\/\/liviko.eu\/wp-content\/uploads\/2020\/10\/liviko_logo.png\",\"width\":515,\"height\":181,\"caption\":\"Liviko\"},\"image\":{\"@id\":\"https:\/\/liviko.eu\/lv\/#\/schema\/logo\/image\/\"},\"sameAs\":[\"https:\/\/www.facebook.com\/LivikoDistillery\/\",\"https:\/\/www.instagram.com\/livikodistillery\",\"https:\/\/www.linkedin.com\/company\/liviko\/\",\"https:\/\/www.youtube.com\/channel\/UCnoHr-PaNxBHJO8nMDLVGuA\"]}]}<\/script>\n<!-- \/ Yoast SEO plugin. -->","yoast_head_json":{"title":"GLOGI - Liviko","robots":{"index":"index","follow":"follow","max-snippet":"max-snippet:-1","max-image-preview":"max-image-preview:large","max-video-preview":"max-video-preview:-1"},"canonical":"https:\/\/liviko.eu\/lv\/liviko-distillery\/glogg\/","og_locale":"lv_LV","og_type":"article","og_title":"GLOGI - Liviko","og_url":"https:\/\/liviko.eu\/lv\/liviko-distillery\/glogg\/","og_site_name":"Liviko","article_publisher":"https:\/\/www.facebook.com\/LivikoDistillery\/","article_modified_time":"2023-10-12T12:21:17+00:00","twitter_card":"summary_large_image","schema":{"@context":"https:\/\/schema.org","@graph":[{"@type":"WebPage","@id":"https:\/\/liviko.eu\/lv\/liviko-distillery\/glogg\/","url":"https:\/\/liviko.eu\/lv\/liviko-distillery\/glogg\/","name":"GLOGI - Liviko","isPartOf":{"@id":"https:\/\/liviko.eu\/lv\/#website"},"datePublished":"2020-07-06T11:56:55+00:00","dateModified":"2023-10-12T12:21:17+00:00","breadcrumb":{"@id":"https:\/\/liviko.eu\/lv\/liviko-distillery\/glogg\/#breadcrumb"},"inLanguage":"lv-LV","potentialAction":[{"@type":"ReadAction","target":["https:\/\/liviko.eu\/lv\/liviko-distillery\/glogg\/"]}]},{"@type":"BreadcrumbList","@id":"https:\/\/liviko.eu\/lv\/liviko-distillery\/glogg\/#breadcrumb","itemListElement":[{"@type":"ListItem","position":1,"name":"Home","item":"https:\/\/liviko.eu\/lv\/"},{"@type":"ListItem","position":2,"name":"PRE\u010cU Z\u012aMES","item":"https:\/\/liviko.eu\/lv\/liviko-distillery\/"},{"@type":"ListItem","position":3,"name":"GLOGI"}]},{"@type":"WebSite","@id":"https:\/\/liviko.eu\/lv\/#website","url":"https:\/\/liviko.eu\/lv\/","name":"Liviko","description":"anno 1898","publisher":{"@id":"https:\/\/liviko.eu\/lv\/#organization"},"potentialAction":[{"@type":"SearchAction","target":{"@type":"EntryPoint","urlTemplate":"https:\/\/liviko.eu\/lv\/?s={search_term_string}"},"query-input":{"@type":"PropertyValueSpecification","valueRequired":true,"valueName":"search_term_string"}}],"inLanguage":"lv-LV"},{"@type":"Organization","@id":"https:\/\/liviko.eu\/lv\/#organization","name":"Liviko","url":"https:\/\/liviko.eu\/lv\/","logo":{"@type":"ImageObject","inLanguage":"lv-LV","@id":"https:\/\/liviko.eu\/lv\/#\/schema\/logo\/image\/","url":"https:\/\/liviko.eu\/wp-content\/uploads\/2020\/10\/liviko_logo.png","contentUrl":"https:\/\/liviko.eu\/wp-content\/uploads\/2020\/10\/liviko_logo.png","width":515,"height":181,"caption":"Liviko"},"image":{"@id":"https:\/\/liviko.eu\/lv\/#\/schema\/logo\/image\/"},"sameAs":["https:\/\/www.facebook.com\/LivikoDistillery\/","https:\/\/www.instagram.com\/livikodistillery","https:\/\/www.linkedin.com\/company\/liviko\/","https:\/\/www.youtube.com\/channel\/UCnoHr-PaNxBHJO8nMDLVGuA"]}]}},"_links":{"self":[{"href":"https:\/\/liviko.eu\/lv\/wp-json\/wp\/v2\/pages\/856","targetHints":{"allow":["GET"]}}],"collection":[{"href":"https:\/\/liviko.eu\/lv\/wp-json\/wp\/v2\/pages"}],"about":[{"href":"https:\/\/liviko.eu\/lv\/wp-json\/wp\/v2\/types\/page"}],"author":[{"embeddable":true,"href":"https:\/\/liviko.eu\/lv\/wp-json\/wp\/v2\/users\/1"}],"replies":[{"embeddable":true,"href":"https:\/\/liviko.eu\/lv\/wp-json\/wp\/v2\/comments?post=856"}],"version-history":[{"count":25,"href":"https:\/\/liviko.eu\/lv\/wp-json\/wp\/v2\/pages\/856\/revisions"}],"predecessor-version":[{"id":50407,"href":"https:\/\/liviko.eu\/lv\/wp-json\/wp\/v2\/pages\/856\/revisions\/50407"}],"up":[{"embeddable":true,"href":"https:\/\/liviko.eu\/lv\/wp-json\/wp\/v2\/pages\/770"}],"wp:attachment":[{"href":"https:\/\/liviko.eu\/lv\/wp-json\/wp\/v2\/media?parent=856"}],"wp:term":[{"taxonomy":"category","embeddable":true,"href":"https:\/\/liviko.eu\/lv\/wp-json\/wp\/v2\/categories?post=856"}],"curies":[{"name":"wp","href":"https:\/\/api.w.org\/{rel}","templated":true}]}}