{"id":868,"date":"2020-07-06T11:50:54","date_gmt":"2020-07-06T11:50:54","guid":{"rendered":"http:\/\/liviko.eu\/liviko-distillery\/kingsmill\/"},"modified":"2026-01-02T09:05:27","modified_gmt":"2026-01-02T09:05:27","slug":"kingsmill","status":"publish","type":"page","link":"https:\/\/liviko.eu\/lv\/liviko-distillery\/kingsmill\/","title":{"rendered":"Kingsmill"},"content":{"rendered":"\n<div class=\"wp-block-group\"><div class=\"wp-block-group__inner-container is-layout-flow wp-block-group-is-layout-flow\"><div id=\"pageHeader-block_ff78cba4387fd59c7f01aac61539a1ef\" class=\" c-contentBlock c-pageHeader\" data-block-type=\"Page header\">\n                    <h1 class=\"c-pageHeader__title\">KINGSMILL<\/h1>\n                            <div class=\"c-pageHeader__text t-text\"><p>\u201cLiviko\u201d d\u017eina ra\u017eo\u0161anu uzs\u0101ka 20. gadsimta se\u0161desmitajos gados, ta\u010du pieredze dab\u012bgo z\u0101l\u012b\u0161u, gar\u0161augu un gar\u0161vielu destil\u0113\u0161an\u0101 bija jau no gadsimta s\u0101kuma. <em>Kingsmill<\/em> d\u017eina rad\u012b\u0161an\u0101 apvienotas vair\u0101k nek\u0101 100 gadu sen\u0101s zin\u0101\u0161anas par <em>pot stil <\/em>destil\u0101cijas m\u0101kslu, smalki piesl\u012bp\u0113tas prasmes un r\u016bp\u012bgi atlas\u012btas kadi\u0137ogas un z\u0101l\u012btes.<\/p>\n<\/div>\n                \n<\/div>\n<a id=\"page-868-body\"><\/a>\n\n<div id=\"mediaBlock-block_4a826ee07f9167d0618ff9d787429c50\" class=\" c-contentBlock c-mediaBlock c-mediaBlock--align-left c-mediaBlock--valign-center c-mediaBlock--size-extra-small c-mediaBlock--imageHeight-small\" data-block-type=\"Media block\">\n   \n                \n     <div class=\"c-mediaBlock__media\" style=\"\"\">\n        <img fetchpriority=\"high\" decoding=\"async\" width=\"567\" height=\"1366\" src=\"https:\/\/liviko.eu\/wp-content\/uploads\/2024\/04\/MicrosoftTeams-image-17-567x1366.jpg\" class=\"c-mediaBlock__image\" alt=\"KINGSMILL GIN\" srcset=\"https:\/\/liviko.eu\/wp-content\/uploads\/2024\/04\/MicrosoftTeams-image-17-567x1366.jpg 567w, https:\/\/liviko.eu\/wp-content\/uploads\/2024\/04\/MicrosoftTeams-image-17-382x920.jpg 382w, https:\/\/liviko.eu\/wp-content\/uploads\/2024\/04\/MicrosoftTeams-image-17-768x1851.jpg 768w, https:\/\/liviko.eu\/wp-content\/uploads\/2024\/04\/MicrosoftTeams-image-17-637x1536.jpg 637w, https:\/\/liviko.eu\/wp-content\/uploads\/2024\/04\/MicrosoftTeams-image-17-850x2048.jpg 850w, https:\/\/liviko.eu\/wp-content\/uploads\/2024\/04\/MicrosoftTeams-image-17-133x320.jpg 133w, https:\/\/liviko.eu\/wp-content\/uploads\/2024\/04\/MicrosoftTeams-image-17-250x603.jpg 250w, https:\/\/liviko.eu\/wp-content\/uploads\/2024\/04\/MicrosoftTeams-image-17-scaled.jpg 1062w\" sizes=\"(max-width: 567px) 100vw, 567px\" \/>    <\/div>\n     <div class=\"c-mediaBlock__body\">\n                    <h2 class=\"c-mediaBlock__title\">KINGSMILL GIN<\/h2>\n                <div class=\"c-mediaBlock__content\">\n            <div class=\"t-text\">\n            <p><em>Kingsmill<\/em> ir rad\u012bju\u0161i pieredz\u0113ju\u0161i meistari, iev\u0113rojot gadu desmitiem ilgas trad\u012bcijas. <em>Kingsmill<\/em> d\u017eina arom\u0101ta un gar\u0161as bu\u0137etes pamat\u0101 ir r\u016bp\u012bgi atlas\u012btas kadi\u0137ogas, ingvers un citrusaug\u013ci kop\u0101 ar citiem dab\u012bgajiem gar\u0161augiem. Gar\u0161augos eso\u0161\u0101 \u0113terisko e\u013c\u013cu kombin\u0101cija pie\u0161\u0137ir d\u017einam t\u0101 unik\u0101lo arom\u0101tisko, stipro un s\u012bvo raksturu.<br \/>\n<em>Kingsmill<\/em> d\u017eina neatk\u0101rtojamo gar\u0161as bu\u0137eti veido harmoniska kadi\u0137ogu, ingvera un citu z\u0101l\u012b\u0161u un gar\u0161augu kombin\u0101cija. Arom\u0101t\u0101 ir saj\u016btamas ne tikai kadi\u0137ogas, bet ar\u012b jauno kadi\u0137\u012b\u0161u, citrusaug\u013cu un gar\u0161augu notis.<br \/>\nDz\u0113riena pagatavo\u0161anai tiek izmantots augstas kvalit\u0101tes graudaugu spirts un tehnolo\u0123iski apstr\u0101d\u0101ts \u016bdens.<\/p>\n<p><strong>Produktu l\u012bnij\u0101 ietilpst:<\/strong><\/p>\n<ul>\n<li><a href=\"https:\/\/pood.liviko.ee\/kingsmill-distilled-gin-38-05-l\">Kingsmill Distilled Gin<\/a><\/li>\n<li><a href=\"https:\/\/pood.liviko.ee\/kingsmill-pink-raspberry-38-05-l\">Kingsmill Pink Rasbperry Gin<\/a><\/li>\n<li><a href=\"https:\/\/pood.liviko.ee\/kingsmill-rhubarb-38-05-l\">Kingsmill Rhubarb Gin<\/a><\/li>\n<\/ul>\n<div class=\"TnITTtw-t TnITTtw-translate-selection-button\" style=\"top: 471px; left: 72.7421875px;\">\n<div class=\"TnITTtw-t TnITTtw-translate-selection-button\"><strong>Awards:<\/strong><\/div>\n<div>\n<p>SIP Awards (The Spirits International Prestige) 2025 \u2013 double gold medal<br \/>\nGlobal Gin Masters (The Spirits Business) 2025 \u2013 silver medal<br \/>\nWorld Gin awards (klassikaline d\u017einn) 2025 \u2013 gold medal<br \/>\nIWSC (International Wine &amp; Spirit Competition) 2025 \u2013 bronze medal<br \/>\nThe San Francisco World Spirits Competition 2025 \u2013 silver medal<\/p>\n<\/div>\n<\/div>\n            <\/div>\n                            \n        <\/div>\n    <\/div>\n<\/div>\n\n\n<div id=\"featureBlocks-block_d5787167f7de7c1e8a8f41182ada6068\" class=\" c-contentBlock c-featureBlocks c-featureBlocks--type-expanded\" data-block-type=\"Feature blocks: expanded\">\n   <div class=\"c-featureBlocksGroup\">\n\n\n                          <div class=\"c-featureBlocks__item\">\n                \n                \n                    <div class=\"c-featureBlocks__item-block\"    >\n\n                                                                                            <div class=\"c-featureBlock__imageContainer\">\n                                <img decoding=\"async\" width=\"800\" height=\"800\" src=\"https:\/\/liviko.eu\/wp-content\/uploads\/2020\/11\/labor_veebi.jpg\" class=\"c-featureBlock__image\" alt=\"\" srcset=\"https:\/\/liviko.eu\/wp-content\/uploads\/2020\/11\/labor_veebi.jpg 800w, https:\/\/liviko.eu\/wp-content\/uploads\/2020\/11\/labor_veebi-480x480.jpg 480w, https:\/\/liviko.eu\/wp-content\/uploads\/2020\/11\/labor_veebi-768x768.jpg 768w, https:\/\/liviko.eu\/wp-content\/uploads\/2020\/11\/labor_veebi-320x320.jpg 320w\" sizes=\"(max-width: 800px) 100vw, 800px\" \/>                                <\/div>\n                               \n\n                            <div class=\"c-featureBlocks__item-body\">\n                                    <h3 class=\"c-featureBlocks__item-title\"><\/h3>\n                                    <div class=\"t-text\">\n                                        <p><strong>Kvalit\u0101tes kontroles laboratorija<br \/>\n<\/strong>\u201cLiviko\u201d kvalit\u0101tes kontroles laboratorija r\u016bp\u0113jas par to, lai visi produkti b\u016btu nemain\u012bgi kvalitat\u012bvi un atbilstu stingr\u0101m p\u0101rtikas dro\u0161\u012bbas pras\u012bb\u0101m. \u201cLiviko\u201d laboratorij\u0101 tiek veikts desmitiem da\u017e\u0101du anal\u012b\u017eu, lai p\u0101rbaud\u012btu visu, kas saist\u012bts ar \u201cLiviko\u201d dz\u0113rienu ra\u017eo\u0161anu pasaules tirgum.<\/p>\n                                    <\/div>\n                            <\/div>\n\n                    <\/div>    \n                        \n\n\n                            \n            <\/div>\n            \n                    <div class=\"c-featureBlocks__item\">\n                \n                \n                    <div class=\"c-featureBlocks__item-block\"    >\n\n                                                                                            <div class=\"c-featureBlock__imageContainer\">\n                                <img decoding=\"async\" width=\"800\" height=\"800\" src=\"https:\/\/liviko.eu\/wp-content\/uploads\/2020\/09\/kingsmill_usp1.jpg\" class=\"c-featureBlock__image\" alt=\"\" srcset=\"https:\/\/liviko.eu\/wp-content\/uploads\/2020\/09\/kingsmill_usp1.jpg 800w, https:\/\/liviko.eu\/wp-content\/uploads\/2020\/09\/kingsmill_usp1-480x480.jpg 480w, https:\/\/liviko.eu\/wp-content\/uploads\/2020\/09\/kingsmill_usp1-768x768.jpg 768w\" sizes=\"(max-width: 800px) 100vw, 800px\" \/>                                <\/div>\n                               \n\n                            <div class=\"c-featureBlocks__item-body\">\n                                    <h3 class=\"c-featureBlocks__item-title\"><\/h3>\n                                    <div class=\"t-text\">\n                                        <p><strong>Destil\u0101cija<br \/>\n<\/strong>Destil\u0101cijas m\u0101kslas smalk\u0101s nianses un nosl\u0113pumi \u201cLiviko\u201d r\u016bpn\u012bc\u0101 tiek cien\u012bti jau kop\u0161 pa\u0161iem pirms\u0101kumiem, kad tika uzs\u0101kta destil\u0101cija p\u0113c <em>pot still<\/em> metodes. Kop\u0161 20. gadsimta se\u0161desmitajiem gadiem d\u017eina meistari tikai \u0161\u012b dz\u0113riena pagatavo\u0161anai vien ir destil\u0113ju\u0161i vair\u0101k nek\u0101 piecus miljonus litru kadi\u0137ogu.<\/p>\n                                    <\/div>\n                            <\/div>\n\n                    <\/div>    \n                        \n\n\n                            \n            <\/div>\n            \n                <div class=\"c-featureBlocks__item c-featureBlocks__item--empty\"><\/div>\n    <div class=\"c-featureBlocks__item c-featureBlocks__item--empty\"><\/div>\n    <\/div>\n<\/div>\n\n\n\n<p><\/p>\n<\/div><\/div>\n\n\n\n<div id=\"spacer-block_da5022a66cfcb7eae4b8863605b08c38\" class=\"c-contentBlock c-spacerContainer\"  data-block-type=\"Spacer\">\n   <hr class=\"  c-spacer c-spacer--size-3 c-spacer--line\" >\n<\/div>\n\n\n\n<div id=\"relatedItems-block_7805f6860c1f4c3e3c372c36afb9261f\" class=\" c-contentBlock c-relatedItems\" data-block-type=\"Related items\" >\n   \n            <h2 class=\"c-relatedItems__title \">L\u012aDZ\u012aGI PRODUKTI<\/h2>\n     \n    <div class=\"c-relatedItems__content\">\n\n\n    \n\n             \n         \n                \n\n            <a class=\"c-relatedItems__item \" href=\"https:\/\/liviko.eu\/lv\/liviko-distillery\/crafters\/\">\n                \n                \n                    <div class=\"c-relatedItems__item-imageContainer\" >\n                        <img loading=\"lazy\" decoding=\"async\" width=\"115\" height=\"320\" src=\"https:\/\/liviko.eu\/wp-content\/uploads\/2021\/10\/Crafters-London-Dry-Gin-NEW-FULL2-115x320.jpg\" class=\"c-relatedItems__item-image\" alt=\"Crafter&#039;s London Dry Gin\" srcset=\"https:\/\/liviko.eu\/wp-content\/uploads\/2021\/10\/Crafters-London-Dry-Gin-NEW-FULL2-115x320.jpg 115w, https:\/\/liviko.eu\/wp-content\/uploads\/2021\/10\/Crafters-London-Dry-Gin-NEW-FULL2-330x920.jpg 330w, https:\/\/liviko.eu\/wp-content\/uploads\/2021\/10\/Crafters-London-Dry-Gin-NEW-FULL2-490x1366.jpg 490w, https:\/\/liviko.eu\/wp-content\/uploads\/2021\/10\/Crafters-London-Dry-Gin-NEW-FULL2-768x2141.jpg 768w, https:\/\/liviko.eu\/wp-content\/uploads\/2021\/10\/Crafters-London-Dry-Gin-NEW-FULL2-551x1536.jpg 551w, https:\/\/liviko.eu\/wp-content\/uploads\/2021\/10\/Crafters-London-Dry-Gin-NEW-FULL2-735x2048.jpg 735w, https:\/\/liviko.eu\/wp-content\/uploads\/2021\/10\/Crafters-London-Dry-Gin-NEW-FULL2-scaled.jpg 918w\" sizes=\"(max-width: 115px) 100vw, 115px\" \/>                    <\/div>\n                    <div class=\"c-relatedItems__item-details\">\n                        <h3 class=\"c-relatedItems__item-title\">Crafter&#8217;s London Dry Gin<\/h3>                                            <\/div>\n                \n            <\/a>\n            \n        \n                \n\n            <a class=\"c-relatedItems__item \" href=\"https:\/\/liviko.eu\/lv\/liviko-distillery\/crafters\/\">\n                \n                \n                    <div class=\"c-relatedItems__item-imageContainer\" >\n                        <img loading=\"lazy\" decoding=\"async\" width=\"112\" height=\"320\" src=\"https:\/\/liviko.eu\/wp-content\/uploads\/2022\/02\/Crafters-Aromatic-Flower-Gin-NEW-FULL-112x320.jpg\" class=\"c-relatedItems__item-image\" alt=\"Crafter&#039;s Aromatic Flower Gin \" srcset=\"https:\/\/liviko.eu\/wp-content\/uploads\/2022\/02\/Crafters-Aromatic-Flower-Gin-NEW-FULL-112x320.jpg 112w, https:\/\/liviko.eu\/wp-content\/uploads\/2022\/02\/Crafters-Aromatic-Flower-Gin-NEW-FULL-322x920.jpg 322w, https:\/\/liviko.eu\/wp-content\/uploads\/2022\/02\/Crafters-Aromatic-Flower-Gin-NEW-FULL-478x1366.jpg 478w, https:\/\/liviko.eu\/wp-content\/uploads\/2022\/02\/Crafters-Aromatic-Flower-Gin-NEW-FULL-768x2195.jpg 768w, https:\/\/liviko.eu\/wp-content\/uploads\/2022\/02\/Crafters-Aromatic-Flower-Gin-NEW-FULL-537x1536.jpg 537w, https:\/\/liviko.eu\/wp-content\/uploads\/2022\/02\/Crafters-Aromatic-Flower-Gin-NEW-FULL-717x2048.jpg 717w, https:\/\/liviko.eu\/wp-content\/uploads\/2022\/02\/Crafters-Aromatic-Flower-Gin-NEW-FULL-scaled.jpg 896w\" sizes=\"(max-width: 112px) 100vw, 112px\" \/>                    <\/div>\n                    <div class=\"c-relatedItems__item-details\">\n                        <h3 class=\"c-relatedItems__item-title\">Crafter&#8217;s Aromatic Flower Gin <\/h3>                                            <\/div>\n                \n            <\/a>\n            \n                <\/div>\n<\/div>\n","protected":false},"excerpt":{"rendered":"","protected":false},"author":1,"featured_media":0,"parent":770,"menu_order":10,"comment_status":"closed","ping_status":"closed","template":"page-templates\/page-product.php","meta":{"_acf_changed":false,"inline_featured_image":false,"_monsterinsights_skip_tracking":false,"_monsterinsights_sitenote_active":false,"_monsterinsights_sitenote_note":"","_monsterinsights_sitenote_category":0,"footnotes":""},"categories":[53],"class_list":["post-868","page","type-page","status-publish","hentry","category-gin-lv"],"acf":[],"yoast_head":"<!-- This site is optimized with the Yoast SEO plugin v24.0 - https:\/\/yoast.com\/wordpress\/plugins\/seo\/ -->\n<title>Kingsmill - Liviko<\/title>\n<meta name=\"robots\" content=\"index, follow, max-snippet:-1, max-image-preview:large, max-video-preview:-1\" \/>\n<link rel=\"canonical\" href=\"https:\/\/liviko.eu\/lv\/liviko-distillery\/kingsmill\/\" \/>\n<meta property=\"og:locale\" content=\"lv_LV\" \/>\n<meta property=\"og:type\" content=\"article\" \/>\n<meta property=\"og:title\" content=\"Kingsmill - Liviko\" \/>\n<meta property=\"og:url\" content=\"https:\/\/liviko.eu\/lv\/liviko-distillery\/kingsmill\/\" \/>\n<meta property=\"og:site_name\" content=\"Liviko\" \/>\n<meta property=\"article:publisher\" content=\"https:\/\/www.facebook.com\/LivikoDistillery\/\" \/>\n<meta property=\"article:modified_time\" content=\"2026-01-02T09:05:27+00:00\" \/>\n<meta name=\"twitter:card\" content=\"summary_large_image\" \/>\n<script type=\"application\/ld+json\" class=\"yoast-schema-graph\">{\"@context\":\"https:\/\/schema.org\",\"@graph\":[{\"@type\":\"WebPage\",\"@id\":\"https:\/\/liviko.eu\/lv\/liviko-distillery\/kingsmill\/\",\"url\":\"https:\/\/liviko.eu\/lv\/liviko-distillery\/kingsmill\/\",\"name\":\"Kingsmill - Liviko\",\"isPartOf\":{\"@id\":\"https:\/\/liviko.eu\/lv\/#website\"},\"datePublished\":\"2020-07-06T11:50:54+00:00\",\"dateModified\":\"2026-01-02T09:05:27+00:00\",\"breadcrumb\":{\"@id\":\"https:\/\/liviko.eu\/lv\/liviko-distillery\/kingsmill\/#breadcrumb\"},\"inLanguage\":\"lv-LV\",\"potentialAction\":[{\"@type\":\"ReadAction\",\"target\":[\"https:\/\/liviko.eu\/lv\/liviko-distillery\/kingsmill\/\"]}]},{\"@type\":\"BreadcrumbList\",\"@id\":\"https:\/\/liviko.eu\/lv\/liviko-distillery\/kingsmill\/#breadcrumb\",\"itemListElement\":[{\"@type\":\"ListItem\",\"position\":1,\"name\":\"Home\",\"item\":\"https:\/\/liviko.eu\/lv\/\"},{\"@type\":\"ListItem\",\"position\":2,\"name\":\"PRE\u010cU Z\u012aMES\",\"item\":\"https:\/\/liviko.eu\/lv\/liviko-distillery\/\"},{\"@type\":\"ListItem\",\"position\":3,\"name\":\"Kingsmill\"}]},{\"@type\":\"WebSite\",\"@id\":\"https:\/\/liviko.eu\/lv\/#website\",\"url\":\"https:\/\/liviko.eu\/lv\/\",\"name\":\"Liviko\",\"description\":\"anno 1898\",\"publisher\":{\"@id\":\"https:\/\/liviko.eu\/lv\/#organization\"},\"potentialAction\":[{\"@type\":\"SearchAction\",\"target\":{\"@type\":\"EntryPoint\",\"urlTemplate\":\"https:\/\/liviko.eu\/lv\/?s={search_term_string}\"},\"query-input\":{\"@type\":\"PropertyValueSpecification\",\"valueRequired\":true,\"valueName\":\"search_term_string\"}}],\"inLanguage\":\"lv-LV\"},{\"@type\":\"Organization\",\"@id\":\"https:\/\/liviko.eu\/lv\/#organization\",\"name\":\"Liviko\",\"url\":\"https:\/\/liviko.eu\/lv\/\",\"logo\":{\"@type\":\"ImageObject\",\"inLanguage\":\"lv-LV\",\"@id\":\"https:\/\/liviko.eu\/lv\/#\/schema\/logo\/image\/\",\"url\":\"https:\/\/liviko.eu\/wp-content\/uploads\/2020\/10\/liviko_logo.png\",\"contentUrl\":\"https:\/\/liviko.eu\/wp-content\/uploads\/2020\/10\/liviko_logo.png\",\"width\":515,\"height\":181,\"caption\":\"Liviko\"},\"image\":{\"@id\":\"https:\/\/liviko.eu\/lv\/#\/schema\/logo\/image\/\"},\"sameAs\":[\"https:\/\/www.facebook.com\/LivikoDistillery\/\",\"https:\/\/www.instagram.com\/livikodistillery\",\"https:\/\/www.linkedin.com\/company\/liviko\/\",\"https:\/\/www.youtube.com\/channel\/UCnoHr-PaNxBHJO8nMDLVGuA\"]}]}<\/script>\n<!-- \/ Yoast SEO plugin. -->","yoast_head_json":{"title":"Kingsmill - Liviko","robots":{"index":"index","follow":"follow","max-snippet":"max-snippet:-1","max-image-preview":"max-image-preview:large","max-video-preview":"max-video-preview:-1"},"canonical":"https:\/\/liviko.eu\/lv\/liviko-distillery\/kingsmill\/","og_locale":"lv_LV","og_type":"article","og_title":"Kingsmill - Liviko","og_url":"https:\/\/liviko.eu\/lv\/liviko-distillery\/kingsmill\/","og_site_name":"Liviko","article_publisher":"https:\/\/www.facebook.com\/LivikoDistillery\/","article_modified_time":"2026-01-02T09:05:27+00:00","twitter_card":"summary_large_image","schema":{"@context":"https:\/\/schema.org","@graph":[{"@type":"WebPage","@id":"https:\/\/liviko.eu\/lv\/liviko-distillery\/kingsmill\/","url":"https:\/\/liviko.eu\/lv\/liviko-distillery\/kingsmill\/","name":"Kingsmill - Liviko","isPartOf":{"@id":"https:\/\/liviko.eu\/lv\/#website"},"datePublished":"2020-07-06T11:50:54+00:00","dateModified":"2026-01-02T09:05:27+00:00","breadcrumb":{"@id":"https:\/\/liviko.eu\/lv\/liviko-distillery\/kingsmill\/#breadcrumb"},"inLanguage":"lv-LV","potentialAction":[{"@type":"ReadAction","target":["https:\/\/liviko.eu\/lv\/liviko-distillery\/kingsmill\/"]}]},{"@type":"BreadcrumbList","@id":"https:\/\/liviko.eu\/lv\/liviko-distillery\/kingsmill\/#breadcrumb","itemListElement":[{"@type":"ListItem","position":1,"name":"Home","item":"https:\/\/liviko.eu\/lv\/"},{"@type":"ListItem","position":2,"name":"PRE\u010cU Z\u012aMES","item":"https:\/\/liviko.eu\/lv\/liviko-distillery\/"},{"@type":"ListItem","position":3,"name":"Kingsmill"}]},{"@type":"WebSite","@id":"https:\/\/liviko.eu\/lv\/#website","url":"https:\/\/liviko.eu\/lv\/","name":"Liviko","description":"anno 1898","publisher":{"@id":"https:\/\/liviko.eu\/lv\/#organization"},"potentialAction":[{"@type":"SearchAction","target":{"@type":"EntryPoint","urlTemplate":"https:\/\/liviko.eu\/lv\/?s={search_term_string}"},"query-input":{"@type":"PropertyValueSpecification","valueRequired":true,"valueName":"search_term_string"}}],"inLanguage":"lv-LV"},{"@type":"Organization","@id":"https:\/\/liviko.eu\/lv\/#organization","name":"Liviko","url":"https:\/\/liviko.eu\/lv\/","logo":{"@type":"ImageObject","inLanguage":"lv-LV","@id":"https:\/\/liviko.eu\/lv\/#\/schema\/logo\/image\/","url":"https:\/\/liviko.eu\/wp-content\/uploads\/2020\/10\/liviko_logo.png","contentUrl":"https:\/\/liviko.eu\/wp-content\/uploads\/2020\/10\/liviko_logo.png","width":515,"height":181,"caption":"Liviko"},"image":{"@id":"https:\/\/liviko.eu\/lv\/#\/schema\/logo\/image\/"},"sameAs":["https:\/\/www.facebook.com\/LivikoDistillery\/","https:\/\/www.instagram.com\/livikodistillery","https:\/\/www.linkedin.com\/company\/liviko\/","https:\/\/www.youtube.com\/channel\/UCnoHr-PaNxBHJO8nMDLVGuA"]}]}},"_links":{"self":[{"href":"https:\/\/liviko.eu\/lv\/wp-json\/wp\/v2\/pages\/868","targetHints":{"allow":["GET"]}}],"collection":[{"href":"https:\/\/liviko.eu\/lv\/wp-json\/wp\/v2\/pages"}],"about":[{"href":"https:\/\/liviko.eu\/lv\/wp-json\/wp\/v2\/types\/page"}],"author":[{"embeddable":true,"href":"https:\/\/liviko.eu\/lv\/wp-json\/wp\/v2\/users\/1"}],"replies":[{"embeddable":true,"href":"https:\/\/liviko.eu\/lv\/wp-json\/wp\/v2\/comments?post=868"}],"version-history":[{"count":32,"href":"https:\/\/liviko.eu\/lv\/wp-json\/wp\/v2\/pages\/868\/revisions"}],"predecessor-version":[{"id":56964,"href":"https:\/\/liviko.eu\/lv\/wp-json\/wp\/v2\/pages\/868\/revisions\/56964"}],"up":[{"embeddable":true,"href":"https:\/\/liviko.eu\/lv\/wp-json\/wp\/v2\/pages\/770"}],"wp:attachment":[{"href":"https:\/\/liviko.eu\/lv\/wp-json\/wp\/v2\/media?parent=868"}],"wp:term":[{"taxonomy":"category","embeddable":true,"href":"https:\/\/liviko.eu\/lv\/wp-json\/wp\/v2\/categories?post=868"}],"curies":[{"name":"wp","href":"https:\/\/api.w.org\/{rel}","templated":true}]}}