{"id":872,"date":"2020-07-06T11:53:47","date_gmt":"2020-07-06T11:53:47","guid":{"rendered":"http:\/\/liviko.eu\/liviko-distillery\/liviko-liquer\/"},"modified":"2023-10-11T10:56:13","modified_gmt":"2023-10-11T10:56:13","slug":"liviko-liquer","status":"publish","type":"page","link":"https:\/\/liviko.eu\/lv\/liviko-distillery\/liviko-liquer\/","title":{"rendered":"\u201cLIVIKO\u201d LI\u0136IERI"},"content":{"rendered":"<div id=\"pageHeader-block_86a1536b6d5adc04a01764e8730cac13\" class=\" c-contentBlock c-pageHeader\" data-block-type=\"Page header\">\n                    <h1 class=\"c-pageHeader__title\">\u201cLIVIKO\u201d LI\u0136IERI<\/h1>\n                            <div class=\"c-pageHeader__text t-text\"><p>\u201cLiviko\u201d li\u0137ieru meistari dzi\u013ci ciena smalko li\u0137ieru gatavo\u0161anas m\u0101kslu un rada \u0161\u012b tipa dz\u0113rienus gan ar atz\u012bt\u0101m klasisk\u0101m gar\u0161\u0101m, gan ar\u012b jaun\u0101m, p\u0101rsteidzo\u0161\u0101m gar\u0161as kombin\u0101cij\u0101m. \u201cLiviko\u201d pieredz\u0113ju\u0161ie meistari gadsimta laik\u0101 ir uzkr\u0101ju\u0161i un pilnveidoju\u0161i sist\u0113miskas zin\u0101\u0161anas par z\u0101l\u012b\u0161u un gar\u0161augu ekstraktu gatavo\u0161anu. \u0160\u012bs zin\u0101\u0161anas\u201c Liviko\u201d li\u0137iera meistari izmanto sav\u0101 ikdienas darb\u0101, r\u016bp\u012bgi veicot v\u0113rt\u012bgas piez\u012bmes, ko atst\u0101t ar\u012b n\u0101kamaj\u0101m paaudz\u0113m. Izcila gar\u0161as izj\u016bta un labs padoms ir v\u0113rt\u012bba visos laikos!<\/p>\n<\/div>\n                \n<\/div>\n<a id=\"page-872-body\"><\/a>\n\n<div id=\"mediaBlock-block_e8714644c819be6aefbb575a7ed1837c\" class=\" c-contentBlock c-mediaBlock c-mediaBlock--align-left c-mediaBlock--valign-center c-mediaBlock--size-extra-small c-mediaBlock--imageHeight-tall\" data-block-type=\"Media block\">\n   \n                \n     <div class=\"c-mediaBlock__media\" style=\"\"\">\n        <img fetchpriority=\"high\" decoding=\"async\" width=\"197\" height=\"751\" src=\"https:\/\/liviko.eu\/wp-content\/uploads\/2020\/08\/Liviko-Lik\u00f6\u00f6r-Metsmaasikas-500ml-piklik-WEB.jpg\" class=\"c-mediaBlock__image\" alt=\"\u201cLIVIKO\u201d LI\u0136IERI\" \/>    <\/div>\n     <div class=\"c-mediaBlock__body\">\n                    <h2 class=\"c-mediaBlock__title\">\u201cLIVIKO\u201d LI\u0136IERI<\/h2>\n                <div class=\"c-mediaBlock__content\">\n            <div class=\"t-text\">\n            <p>\u201cLiviko\u201d sortiment\u0101 ir li\u0137ieri ar me\u017ea zeme\u0146u, ave\u0146u, dz\u0113rve\u0146u un \u0137ir\u0161u gar\u0161u. \u0160\u012bs l\u012bnijas li\u0137ieriem rakstur\u012bga saldsk\u0101ba ogu gar\u0161a.<\/p>\n<p>Le\u0123end\u0101rais saldsk\u0101bais me\u017ea zeme\u0146u li\u0137ieris ir k\u013cuvis par \u0161\u012bs s\u0113rijas veiksm\u012bg\u0101ko produktu, kas iecien\u012bts ne tikai Igaunij\u0101, bet ar\u012b Somij\u0101 un Latvij\u0101. Me\u017ea zeme\u0146u li\u0137ieris tiek ra\u017eots jau kop\u0161 1993. gada.<\/p>\n<p>Dz\u0113rve\u0146u li\u0137ierim ir nedaudz r\u016bgtena un sk\u0101bena gar\u0161a, k\u0101da piem\u012bt sul\u012bg\u0101m, gatav\u0101m og\u0101m. Ar brendiju bag\u0101tin\u0101t\u0101 \u0137ir\u0161u li\u0137iera \u012bpa\u0161o gar\u0161u veido ar\u012b muskatrieksts, kan\u0113lis un r\u016bgt\u0101s mandeles, kas attur\u012bgo zieme\u013cu dz\u0113rienu padara nedaudz dienvidnieciski temperament\u012bg\u0101ku.<\/p>\n<p>\u201cLiviko\u201d li\u0137ieri ir piem\u0113roti lieto\u0161anai t\u012br\u0101 veid\u0101, ar sasmalcin\u0101tu ledu vai koktei\u013cos, piem\u0113ram, ar dzirksto\u0161o v\u012bnu vai toniku.<\/p>\n            <\/div>\n                            \n        <\/div>\n    <\/div>\n<\/div>\n\n\n<div id=\"spacer-block_8e5727da123d1269094f91376a8121ee\" class=\"c-contentBlock c-spacerContainer\"  data-block-type=\"Spacer\">\n   <hr class=\"  c-spacer c-spacer--size-3 c-spacer--line\" >\n<\/div>\n\n\n\n<div id=\"relatedItems-block_fe583e893ade98c16f357dbcb71ab197\" class=\" c-contentBlock c-relatedItems\" data-block-type=\"Related items\" >\n   \n            <h2 class=\"c-relatedItems__title \">L\u012aDZ\u012aGI PRODUKTI<\/h2>\n     \n    <div class=\"c-relatedItems__content\">\n\n\n    \n\n             \n         \n                \n\n            <a class=\"c-relatedItems__item \" href=\"https:\/\/liviko.eu\/lv\/liviko-distillery\/vana-tallinn\/\">\n                \n                \n                    <div class=\"c-relatedItems__item-imageContainer\" >\n                        <img decoding=\"async\" width=\"82\" height=\"320\" src=\"https:\/\/liviko.eu\/wp-content\/uploads\/2020\/10\/vanatallinn.jpg\" class=\"c-relatedItems__item-image\" alt=\"Vana Tallinn\" \/>                    <\/div>\n                    <div class=\"c-relatedItems__item-details\">\n                        <h3 class=\"c-relatedItems__item-title\">Vana Tallinn<\/h3>                                            <\/div>\n                \n            <\/a>\n            \n        \n                \n\n            <a class=\"c-relatedItems__item \" href=\"https:\/\/liviko.eu\/lv\/liviko-distillery\/herbert\/\">\n                \n                \n                    <div class=\"c-relatedItems__item-imageContainer\" >\n                        <img decoding=\"async\" width=\"213\" height=\"320\" src=\"https:\/\/liviko.eu\/wp-content\/uploads\/2020\/08\/Herbert_500ml.png\" class=\"c-relatedItems__item-image\" alt=\"Herbert\" srcset=\"https:\/\/liviko.eu\/wp-content\/uploads\/2020\/08\/Herbert_500ml.png 2667w, https:\/\/liviko.eu\/wp-content\/uploads\/2020\/08\/Herbert_500ml-613x920.png 613w, https:\/\/liviko.eu\/wp-content\/uploads\/2020\/08\/Herbert_500ml-911x1366.png 911w, https:\/\/liviko.eu\/wp-content\/uploads\/2020\/08\/Herbert_500ml-768x1152.png 768w, https:\/\/liviko.eu\/wp-content\/uploads\/2020\/08\/Herbert_500ml-1024x1536.png 1024w, https:\/\/liviko.eu\/wp-content\/uploads\/2020\/08\/Herbert_500ml-1366x2048.png 1366w\" sizes=\"(max-width: 213px) 100vw, 213px\" \/>                    <\/div>\n                    <div class=\"c-relatedItems__item-details\">\n                        <h3 class=\"c-relatedItems__item-title\">Herbert<\/h3>                                            <\/div>\n                \n            <\/a>\n            \n                <\/div>\n<\/div>\n\n\n\n<div id=\"spacer-block_8e5727da123d1269094f91376a8121ee\" class=\"c-contentBlock c-spacerContainer\"  data-block-type=\"Spacer\">\n   <hr class=\"  c-spacer c-spacer--size-3 c-spacer--line\" >\n<\/div>\n","protected":false},"excerpt":{"rendered":"","protected":false},"author":1,"featured_media":0,"parent":770,"menu_order":11,"comment_status":"closed","ping_status":"closed","template":"page-templates\/page-product.php","meta":{"_acf_changed":false,"inline_featured_image":false,"_monsterinsights_skip_tracking":false,"_monsterinsights_sitenote_active":false,"_monsterinsights_sitenote_note":"","_monsterinsights_sitenote_category":0,"footnotes":""},"categories":[59],"class_list":["post-872","page","type-page","status-publish","hentry","category-liquer-lv"],"acf":[],"yoast_head":"<!-- This site is optimized with the Yoast SEO plugin v24.0 - https:\/\/yoast.com\/wordpress\/plugins\/seo\/ -->\n<title>\u201cLIVIKO\u201d LI\u0136IERI - Liviko<\/title>\n<meta name=\"robots\" content=\"index, follow, max-snippet:-1, max-image-preview:large, max-video-preview:-1\" \/>\n<link rel=\"canonical\" href=\"https:\/\/liviko.eu\/lv\/liviko-distillery\/liviko-liquer\/\" \/>\n<meta property=\"og:locale\" content=\"lv_LV\" \/>\n<meta property=\"og:type\" content=\"article\" \/>\n<meta property=\"og:title\" content=\"\u201cLIVIKO\u201d LI\u0136IERI - Liviko\" \/>\n<meta property=\"og:url\" content=\"https:\/\/liviko.eu\/lv\/liviko-distillery\/liviko-liquer\/\" \/>\n<meta property=\"og:site_name\" content=\"Liviko\" \/>\n<meta property=\"article:publisher\" content=\"https:\/\/www.facebook.com\/LivikoDistillery\/\" \/>\n<meta property=\"article:modified_time\" content=\"2023-10-11T10:56:13+00:00\" \/>\n<meta name=\"twitter:card\" content=\"summary_large_image\" \/>\n<script type=\"application\/ld+json\" class=\"yoast-schema-graph\">{\"@context\":\"https:\/\/schema.org\",\"@graph\":[{\"@type\":\"WebPage\",\"@id\":\"https:\/\/liviko.eu\/lv\/liviko-distillery\/liviko-liquer\/\",\"url\":\"https:\/\/liviko.eu\/lv\/liviko-distillery\/liviko-liquer\/\",\"name\":\"\u201cLIVIKO\u201d LI\u0136IERI - Liviko\",\"isPartOf\":{\"@id\":\"https:\/\/liviko.eu\/lv\/#website\"},\"datePublished\":\"2020-07-06T11:53:47+00:00\",\"dateModified\":\"2023-10-11T10:56:13+00:00\",\"breadcrumb\":{\"@id\":\"https:\/\/liviko.eu\/lv\/liviko-distillery\/liviko-liquer\/#breadcrumb\"},\"inLanguage\":\"lv-LV\",\"potentialAction\":[{\"@type\":\"ReadAction\",\"target\":[\"https:\/\/liviko.eu\/lv\/liviko-distillery\/liviko-liquer\/\"]}]},{\"@type\":\"BreadcrumbList\",\"@id\":\"https:\/\/liviko.eu\/lv\/liviko-distillery\/liviko-liquer\/#breadcrumb\",\"itemListElement\":[{\"@type\":\"ListItem\",\"position\":1,\"name\":\"Home\",\"item\":\"https:\/\/liviko.eu\/lv\/\"},{\"@type\":\"ListItem\",\"position\":2,\"name\":\"PRE\u010cU Z\u012aMES\",\"item\":\"https:\/\/liviko.eu\/lv\/liviko-distillery\/\"},{\"@type\":\"ListItem\",\"position\":3,\"name\":\"\u201cLIVIKO\u201d LI\u0136IERI\"}]},{\"@type\":\"WebSite\",\"@id\":\"https:\/\/liviko.eu\/lv\/#website\",\"url\":\"https:\/\/liviko.eu\/lv\/\",\"name\":\"Liviko\",\"description\":\"anno 1898\",\"publisher\":{\"@id\":\"https:\/\/liviko.eu\/lv\/#organization\"},\"potentialAction\":[{\"@type\":\"SearchAction\",\"target\":{\"@type\":\"EntryPoint\",\"urlTemplate\":\"https:\/\/liviko.eu\/lv\/?s={search_term_string}\"},\"query-input\":{\"@type\":\"PropertyValueSpecification\",\"valueRequired\":true,\"valueName\":\"search_term_string\"}}],\"inLanguage\":\"lv-LV\"},{\"@type\":\"Organization\",\"@id\":\"https:\/\/liviko.eu\/lv\/#organization\",\"name\":\"Liviko\",\"url\":\"https:\/\/liviko.eu\/lv\/\",\"logo\":{\"@type\":\"ImageObject\",\"inLanguage\":\"lv-LV\",\"@id\":\"https:\/\/liviko.eu\/lv\/#\/schema\/logo\/image\/\",\"url\":\"https:\/\/liviko.eu\/wp-content\/uploads\/2020\/10\/liviko_logo.png\",\"contentUrl\":\"https:\/\/liviko.eu\/wp-content\/uploads\/2020\/10\/liviko_logo.png\",\"width\":515,\"height\":181,\"caption\":\"Liviko\"},\"image\":{\"@id\":\"https:\/\/liviko.eu\/lv\/#\/schema\/logo\/image\/\"},\"sameAs\":[\"https:\/\/www.facebook.com\/LivikoDistillery\/\",\"https:\/\/www.instagram.com\/livikodistillery\",\"https:\/\/www.linkedin.com\/company\/liviko\/\",\"https:\/\/www.youtube.com\/channel\/UCnoHr-PaNxBHJO8nMDLVGuA\"]}]}<\/script>\n<!-- \/ Yoast SEO plugin. -->","yoast_head_json":{"title":"\u201cLIVIKO\u201d LI\u0136IERI - Liviko","robots":{"index":"index","follow":"follow","max-snippet":"max-snippet:-1","max-image-preview":"max-image-preview:large","max-video-preview":"max-video-preview:-1"},"canonical":"https:\/\/liviko.eu\/lv\/liviko-distillery\/liviko-liquer\/","og_locale":"lv_LV","og_type":"article","og_title":"\u201cLIVIKO\u201d LI\u0136IERI - Liviko","og_url":"https:\/\/liviko.eu\/lv\/liviko-distillery\/liviko-liquer\/","og_site_name":"Liviko","article_publisher":"https:\/\/www.facebook.com\/LivikoDistillery\/","article_modified_time":"2023-10-11T10:56:13+00:00","twitter_card":"summary_large_image","schema":{"@context":"https:\/\/schema.org","@graph":[{"@type":"WebPage","@id":"https:\/\/liviko.eu\/lv\/liviko-distillery\/liviko-liquer\/","url":"https:\/\/liviko.eu\/lv\/liviko-distillery\/liviko-liquer\/","name":"\u201cLIVIKO\u201d LI\u0136IERI - Liviko","isPartOf":{"@id":"https:\/\/liviko.eu\/lv\/#website"},"datePublished":"2020-07-06T11:53:47+00:00","dateModified":"2023-10-11T10:56:13+00:00","breadcrumb":{"@id":"https:\/\/liviko.eu\/lv\/liviko-distillery\/liviko-liquer\/#breadcrumb"},"inLanguage":"lv-LV","potentialAction":[{"@type":"ReadAction","target":["https:\/\/liviko.eu\/lv\/liviko-distillery\/liviko-liquer\/"]}]},{"@type":"BreadcrumbList","@id":"https:\/\/liviko.eu\/lv\/liviko-distillery\/liviko-liquer\/#breadcrumb","itemListElement":[{"@type":"ListItem","position":1,"name":"Home","item":"https:\/\/liviko.eu\/lv\/"},{"@type":"ListItem","position":2,"name":"PRE\u010cU Z\u012aMES","item":"https:\/\/liviko.eu\/lv\/liviko-distillery\/"},{"@type":"ListItem","position":3,"name":"\u201cLIVIKO\u201d LI\u0136IERI"}]},{"@type":"WebSite","@id":"https:\/\/liviko.eu\/lv\/#website","url":"https:\/\/liviko.eu\/lv\/","name":"Liviko","description":"anno 1898","publisher":{"@id":"https:\/\/liviko.eu\/lv\/#organization"},"potentialAction":[{"@type":"SearchAction","target":{"@type":"EntryPoint","urlTemplate":"https:\/\/liviko.eu\/lv\/?s={search_term_string}"},"query-input":{"@type":"PropertyValueSpecification","valueRequired":true,"valueName":"search_term_string"}}],"inLanguage":"lv-LV"},{"@type":"Organization","@id":"https:\/\/liviko.eu\/lv\/#organization","name":"Liviko","url":"https:\/\/liviko.eu\/lv\/","logo":{"@type":"ImageObject","inLanguage":"lv-LV","@id":"https:\/\/liviko.eu\/lv\/#\/schema\/logo\/image\/","url":"https:\/\/liviko.eu\/wp-content\/uploads\/2020\/10\/liviko_logo.png","contentUrl":"https:\/\/liviko.eu\/wp-content\/uploads\/2020\/10\/liviko_logo.png","width":515,"height":181,"caption":"Liviko"},"image":{"@id":"https:\/\/liviko.eu\/lv\/#\/schema\/logo\/image\/"},"sameAs":["https:\/\/www.facebook.com\/LivikoDistillery\/","https:\/\/www.instagram.com\/livikodistillery","https:\/\/www.linkedin.com\/company\/liviko\/","https:\/\/www.youtube.com\/channel\/UCnoHr-PaNxBHJO8nMDLVGuA"]}]}},"_links":{"self":[{"href":"https:\/\/liviko.eu\/lv\/wp-json\/wp\/v2\/pages\/872","targetHints":{"allow":["GET"]}}],"collection":[{"href":"https:\/\/liviko.eu\/lv\/wp-json\/wp\/v2\/pages"}],"about":[{"href":"https:\/\/liviko.eu\/lv\/wp-json\/wp\/v2\/types\/page"}],"author":[{"embeddable":true,"href":"https:\/\/liviko.eu\/lv\/wp-json\/wp\/v2\/users\/1"}],"replies":[{"embeddable":true,"href":"https:\/\/liviko.eu\/lv\/wp-json\/wp\/v2\/comments?post=872"}],"version-history":[{"count":8,"href":"https:\/\/liviko.eu\/lv\/wp-json\/wp\/v2\/pages\/872\/revisions"}],"predecessor-version":[{"id":50328,"href":"https:\/\/liviko.eu\/lv\/wp-json\/wp\/v2\/pages\/872\/revisions\/50328"}],"up":[{"embeddable":true,"href":"https:\/\/liviko.eu\/lv\/wp-json\/wp\/v2\/pages\/770"}],"wp:attachment":[{"href":"https:\/\/liviko.eu\/lv\/wp-json\/wp\/v2\/media?parent=872"}],"wp:term":[{"taxonomy":"category","embeddable":true,"href":"https:\/\/liviko.eu\/lv\/wp-json\/wp\/v2\/categories?post=872"}],"curies":[{"name":"wp","href":"https:\/\/api.w.org\/{rel}","templated":true}]}}