{"id":884,"date":"2020-07-06T11:56:39","date_gmt":"2020-07-06T11:56:39","guid":{"rendered":"http:\/\/liviko.eu\/liviko-distillery\/re-crafters-junibeer\/"},"modified":"2022-03-31T08:34:19","modified_gmt":"2022-03-31T08:34:19","slug":"re-crafters-junibeer","status":"publish","type":"page","link":"https:\/\/liviko.eu\/lv\/liviko-distillery\/re-crafters-junibeer\/","title":{"rendered":"Re-crafted Crafter&#8217;s"},"content":{"rendered":"<div id=\"pageHeader-block_5f1f037303123\" class=\" c-contentBlock c-pageHeader\" data-block-type=\"Page header\">\n                    <h1 class=\"c-pageHeader__title\">RE-CRAFTED CRAFTER&#8217;S <\/h1>\n                            <div class=\"c-pageHeader__text t-text\"><p>Bezalkoholiskie krafta dz\u0113rieni ir rad\u012bti, izmantojot modernas tehnolo\u0123ijas, lai maksim\u0101li izmantotu v\u0113rt\u012bg\u0101s izejvielas.<\/p>\n<\/div>\n                \n<\/div>\n<a id=\"page-884-body\"><\/a>\n\n<div id=\"mediaBlock-block_5f5b400a35fc2\" class=\" c-contentBlock c-mediaBlock c-mediaBlock--align-left c-mediaBlock--valign-center c-mediaBlock--size-extra-small c-mediaBlock--imageHeight-small\" data-block-type=\"Media block\">\n   \n                \n     <div class=\"c-mediaBlock__media\" style=\"\"\">\n        <img fetchpriority=\"high\" decoding=\"async\" width=\"350\" height=\"1366\" src=\"https:\/\/liviko.eu\/wp-content\/uploads\/2020\/08\/Crafters-Re-Crafted-Junibeer-FULL-350x1366.png\" class=\"c-mediaBlock__image\" alt=\"RE-CRAFTED CRAFTER&#039;S JUNIBEER \" srcset=\"https:\/\/liviko.eu\/wp-content\/uploads\/2020\/08\/Crafters-Re-Crafted-Junibeer-FULL-350x1366.png 350w, https:\/\/liviko.eu\/wp-content\/uploads\/2020\/08\/Crafters-Re-Crafted-Junibeer-FULL-236x920.png 236w, https:\/\/liviko.eu\/wp-content\/uploads\/2020\/08\/Crafters-Re-Crafted-Junibeer-FULL-768x2999.png 768w, https:\/\/liviko.eu\/wp-content\/uploads\/2020\/08\/Crafters-Re-Crafted-Junibeer-FULL.png 1558w\" sizes=\"(max-width: 350px) 100vw, 350px\" \/>    <\/div>\n     <div class=\"c-mediaBlock__body\">\n                    <h2 class=\"c-mediaBlock__title\">RE-CRAFTED CRAFTER&#8217;S JUNIBEER <\/h2>\n                <div class=\"c-mediaBlock__content\">\n            <div class=\"t-text\">\n            <p><em>Re-crafted Crafter\u2019s Junibeer <\/em>ir atspirdzino\u0161s, m\u0113reni salds bezalkoholiskais dz\u0113riens.\u00a0Atspirdzino\u0161aj\u0101, z\u012bdaini saldenaj\u0101 dz\u0113rien\u0101 var sajust ar\u012b r\u016bgtenu me\u017ea noti, ko pie\u0161\u0137ir kadi\u0137ogas. <em>Junibeer<\/em> ir gan produkta nosaukums, gan dz\u0113rienu kategorija. Nosaukums ir veidots no diviem v\u0101rdiem: <em>juniper berry <\/em>(ang\u013cu val. \u2013 kadi\u0137ogas) un <em>beer<\/em> (ang\u013cu val. \u2013 alus).<\/p>\n<p>Produktam nav pievienoti aromatiz\u0113t\u0101ji un gar\u0161as pastiprin\u0101t\u0101ji. <em>Junibeer<\/em> nesatur laktozi, glut\u0113nu, ir piem\u0113rots ar\u012b veg\u0101niem. Produkts var satur\u0113t nogulsnes.<br \/>\nPasniedz atdzes\u0113tu!<\/p>\n<p><a href=\"http:\/\/craftersgin.com\/zero-wast\">craftersgin.com\/zero-waste<\/a><\/p>\n<p><strong>Godalgas:\u00a0<\/strong><\/p>\n<ul>\n<li>Igaunijas lab\u0101kais bezalkoholiskais dz\u0113riens 2020. gad\u0101 \u2013 zelta meda\u013ca<\/li>\n<li>Igaunijas lab\u0101kais p\u0101rtikas produkts 2020. gad\u0101 (tirgot\u0101ju balsojums) \u2013 bronzas meda\u013ca<\/li>\n<li><em>World Beverage Innovation Award 2019<\/em> nominants<\/li>\n<\/ul>\n            <\/div>\n                            \n        <\/div>\n    <\/div>\n<\/div>\n\n<div id=\"mediaBlock-block_5f509f11e2d22\" class=\" c-contentBlock c-mediaBlock c-mediaBlock--align-right c-mediaBlock--valign-center c-mediaBlock--size-extra-small c-mediaBlock--imageHeight-small\" data-block-type=\"Media block\">\n   \n                \n     <div class=\"c-mediaBlock__media\" style=\"\"\">\n        <img decoding=\"async\" width=\"254\" height=\"1000\" src=\"https:\/\/liviko.eu\/wp-content\/uploads\/2021\/06\/Crafters-Re-Crafted-Gingeroot-WEB.jpg\" class=\"c-mediaBlock__image\" alt=\"RE-CRAFTED CRAFTER&#039;S GINGEROOT\" srcset=\"https:\/\/liviko.eu\/wp-content\/uploads\/2021\/06\/Crafters-Re-Crafted-Gingeroot-WEB.jpg 254w, https:\/\/liviko.eu\/wp-content\/uploads\/2021\/06\/Crafters-Re-Crafted-Gingeroot-WEB-234x920.jpg 234w, https:\/\/liviko.eu\/wp-content\/uploads\/2021\/06\/Crafters-Re-Crafted-Gingeroot-WEB-81x320.jpg 81w\" sizes=\"(max-width: 254px) 100vw, 254px\" \/>    <\/div>\n     <div class=\"c-mediaBlock__body\">\n                    <h2 class=\"c-mediaBlock__title\">RE-CRAFTED CRAFTER&#8217;S GINGEROOT<\/h2>\n                <div class=\"c-mediaBlock__content\">\n            <div class=\"t-text\">\n            <p><em>Re-crafted Crafter\u2019s Gingeroot<\/em> ir atspirdzino\u0161s, m\u0113reni salds krafta dz\u0113riens. T\u0101 gar\u0161\u0101 j\u016btamas ingveram rakstur\u012bg\u0101s pikant\u0101s notis. P\u0113cgar\u0161a ir pikanta un nedaudz l\u012bdz\u012bga pipara asumi\u0146am.<\/p>\n<p>Dz\u0113riena rad\u012bt\u0101jus iedvesmojusi bezatkritumu ra\u017eo\u0161anas perspekt\u012bva un za\u013cais dz\u012bvesveids, k\u0101 ar\u012b, protams, jaunu gar\u0161u mekl\u0113jumi. T\u0101 pagatavo\u0161anai tiek atk\u0101rtoti izmantota iepriek\u0161 destil\u0101cijas proces\u0101 apstr\u0101d\u0101t\u0101 ingvera sakne. Produktam nav pievienoti aromatiz\u0113t\u0101ji un gar\u0161as pastiprin\u0101t\u0101ji.<\/p>\n<p>Dz\u0113riens nesatur laktozi un glut\u0113nu, ir piem\u0113rots ar\u012b veg\u0101niem. Produkts var satur\u0113t nogulsnes.<\/p>\n<p>Pasniedz atdzes\u0113tu!<\/p>\n<p><a href=\"http:\/\/craftersgin.com\/zero-wast\">craftersgin.com\/zero-waste<\/a><\/p>\n<p>&nbsp;<\/p>\n<div class=\"product__usage\"><\/div>\n            <\/div>\n                            \n        <\/div>\n    <\/div>\n<\/div>\n\n<div id=\"mediaBlock-block_5f1f039c03124\" class=\" c-contentBlock c-mediaBlock c-mediaBlock--align-left c-mediaBlock--valign-center c-mediaBlock--size-extra-small c-mediaBlock--imageHeight-small\" data-block-type=\"Media block\">\n   \n                \n     <div class=\"c-mediaBlock__media\" style=\"\"\">\n        <img decoding=\"async\" width=\"230\" height=\"900\" src=\"https:\/\/liviko.eu\/wp-content\/uploads\/2020\/08\/4740050005742.jpg\" class=\"c-mediaBlock__image\" alt=\"RE-CRAFTED CRAFTER&#039;S JUNIBEER 3,2%\" \/>    <\/div>\n     <div class=\"c-mediaBlock__body\">\n                    <h2 class=\"c-mediaBlock__title\">RE-CRAFTED CRAFTER&#8217;S JUNIBEER 3,2%<\/h2>\n                <div class=\"c-mediaBlock__content\">\n            <div class=\"t-text\">\n            <p><em>Junibeer<\/em> ir atspirdzino\u0161s, m\u0113reni saldens kadi\u0137ogu alus, kas tiek ra\u017eots, ferment\u0113jot <em>Crafter\u2019s<\/em> d\u017eina destil\u0101cij\u0101 jau reiz izmantot\u0101s izejvielas. Dz\u0113riena tekst\u016bra ir glu\u017ei k\u0101 z\u012bds. Gar\u0161\u0101 j\u016btamas r\u016bgten\u0101s me\u017ea notis, ko pie\u0161\u0137ir kadi\u0137ogas.<\/p>\n<p>Dz\u0113riena rad\u012bt\u0101jus iedvesmojusi bezatkritumu ra\u017eo\u0161anas perspekt\u012bva un za\u013cais dz\u012bvesveids, k\u0101 ar\u012b, protams, jaunu gar\u0161u mekl\u0113jumi. Dz\u0113riena pagatavo\u0161anai tiek atk\u0101rtoti izmantotas <em>Crafter\u2019s<\/em> d\u017eina destil\u0101cijas proces\u0101 p\u0101rstr\u0101d\u0101t\u0101s kadi\u0137ogas, kur\u0101s eso\u0161ais organiskais cukurs ferment\u0101cijas proces\u0101 p\u0101rtop alkohol\u0101, un rezult\u0101t\u0101 tiek ieg\u016bts jaunais kadi\u0137ogu alus.<\/p>\n<p>Produktam nav pievienoti aromatiz\u0113t\u0101ji un gar\u0161as pastiprin\u0101t\u0101ji. <em>Junibeer<\/em> nesatur laktozi, glut\u0113nu, ir piem\u0113rots ar\u012b veg\u0101niem.<br \/>\nProdukts var satur\u0113t nogulsnes.<\/p>\n<p><a href=\"http:\/\/craftersgin.com\/zero-wast\">craftersgin.com\/zero-waste<\/a><\/p>\n            <\/div>\n                            \n        <\/div>\n    <\/div>\n<\/div>\n\n\n<div id=\"featureBlocks-block_5f5b400a35fc3\" class=\" c-contentBlock c-featureBlocks c-featureBlocks--type-expanded c-featureBlocks--grid-columns\" data-block-type=\"Feature blocks: expanded\">\n   <div class=\"c-featureBlocksGroup\">\n\n\n                          <div class=\"c-featureBlocks__item\">\n                \n                \n                    <div class=\"c-featureBlocks__item-block\"    >\n\n                                                                                            <div class=\"c-featureBlock__imageContainer\">\n                                <img loading=\"lazy\" decoding=\"async\" width=\"800\" height=\"800\" src=\"https:\/\/liviko.eu\/wp-content\/uploads\/2020\/09\/recrafters-usp1.jpg\" class=\"c-featureBlock__image\" alt=\"\" srcset=\"https:\/\/liviko.eu\/wp-content\/uploads\/2020\/09\/recrafters-usp1.jpg 800w, https:\/\/liviko.eu\/wp-content\/uploads\/2020\/09\/recrafters-usp1-480x480.jpg 480w, https:\/\/liviko.eu\/wp-content\/uploads\/2020\/09\/recrafters-usp1-768x768.jpg 768w\" sizes=\"(max-width: 800px) 100vw, 800px\" \/>                                <\/div>\n                               \n\n                            <div class=\"c-featureBlocks__item-body\">\n                                    <h3 class=\"c-featureBlocks__item-title\"><\/h3>\n                                    <div class=\"t-text\">\n                                        <p><em><strong>Crafter\u2019s cycle\u00a0<\/strong><\/em><em><strong><br \/>\n<\/strong><\/em>Cikls radies, iedvesmojoties no dabas un za\u013c\u0101 dz\u012bvesveida. <em>Re-crafted Crafter\u2019s<\/em> krafta dz\u0113rienu ra\u017eo\u0161an\u0101 atk\u0101rtoti tiek izmantotas reiz jau <em>Crafter\u2019s<\/em> d\u017eina destil\u0101cij\u0101 apstr\u0101d\u0101t\u0101s kadi\u0137ogas, jo destil\u0101cijas proces\u0101 tiek p\u0101rtvaic\u0113ta tikai da\u013ca no augos un to da\u013c\u0101s eso\u0161aj\u0101m v\u0113rt\u012bgaj\u0101m viel\u0101m.<\/p>\n<p>&nbsp;<\/p>\n<p>&nbsp;<\/p>\n                                    <\/div>\n                            <\/div>\n\n                    <\/div>    \n                        \n\n\n                            \n            <\/div>\n            \n                    <div class=\"c-featureBlocks__item\">\n                \n                \n                    <div class=\"c-featureBlocks__item-block\"    >\n\n                                                                                            <div class=\"c-featureBlock__imageContainer\">\n                                <img loading=\"lazy\" decoding=\"async\" width=\"920\" height=\"920\" src=\"https:\/\/liviko.eu\/wp-content\/uploads\/2020\/10\/uus_usp-1-920x920.png\" class=\"c-featureBlock__image\" alt=\"\" srcset=\"https:\/\/liviko.eu\/wp-content\/uploads\/2020\/10\/uus_usp-1-920x920.png 920w, https:\/\/liviko.eu\/wp-content\/uploads\/2020\/10\/uus_usp-1-480x480.png 480w, https:\/\/liviko.eu\/wp-content\/uploads\/2020\/10\/uus_usp-1-768x768.png 768w, https:\/\/liviko.eu\/wp-content\/uploads\/2020\/10\/uus_usp-1.png 1333w\" sizes=\"(max-width: 920px) 100vw, 920px\" \/>                                <\/div>\n                               \n\n                            <div class=\"c-featureBlocks__item-body\">\n                                    <h3 class=\"c-featureBlocks__item-title\"><\/h3>\n                                    <div class=\"t-text\">\n                                        <p><strong>P\u0101rstr\u0101d\u0101jamais stikls<\/strong><br \/>\nM\u0113s izmantojam stikla pudeles, kuras vismaz par 50 procentiem sast\u0101v no p\u0101rstr\u0101d\u0101ta stikla. T\u0101s tiek ra\u017eotas tikai 80 km att\u0101lum\u0101 no Tallinas, Jervakandi stikla r\u016bpn\u012bc\u0101.<\/p>\n<p>&nbsp;<\/p>\n                                    <\/div>\n                            <\/div>\n\n                    <\/div>    \n                        \n\n\n                            \n            <\/div>\n            \n                    <div class=\"c-featureBlocks__item\">\n                \n                \n                    <div class=\"c-featureBlocks__item-block\"    >\n\n                                                                                            <div class=\"c-featureBlock__imageContainer\">\n                                <img loading=\"lazy\" decoding=\"async\" width=\"800\" height=\"800\" src=\"https:\/\/liviko.eu\/wp-content\/uploads\/2020\/09\/recrafters-usp2.jpg\" class=\"c-featureBlock__image\" alt=\"\" srcset=\"https:\/\/liviko.eu\/wp-content\/uploads\/2020\/09\/recrafters-usp2.jpg 800w, https:\/\/liviko.eu\/wp-content\/uploads\/2020\/09\/recrafters-usp2-480x480.jpg 480w, https:\/\/liviko.eu\/wp-content\/uploads\/2020\/09\/recrafters-usp2-768x768.jpg 768w\" sizes=\"(max-width: 800px) 100vw, 800px\" \/>                                <\/div>\n                               \n\n                            <div class=\"c-featureBlocks__item-body\">\n                                    <h3 class=\"c-featureBlocks__item-title\"><\/h3>\n                                    <div class=\"t-text\">\n                                        <p><strong>Bezatkritumu ra\u017eo\u0161ana<\/strong><br \/>\nRe-crafted Crafter\u2019s ir rad\u012bts p\u0113c bezatkritumu ra\u017eo\u0161anas principa. Lai nodar\u012btu p\u0113c iesp\u0113jas maz\u0101ku kait\u0113jumu videi, krafta dz\u0113rienu gar\u0161a tiek rad\u012bta, izmantojot p\u0113c d\u017eina destil\u0101cijas procesa augos paliku\u0161\u0101s v\u0113rt\u012bg\u0101s vielas.<\/p>\n                                    <\/div>\n                            <\/div>\n\n                    <\/div>    \n                        \n\n\n                            \n            <\/div>\n            \n                <div class=\"c-featureBlocks__item c-featureBlocks__item--empty\"><\/div>\n    <div class=\"c-featureBlocks__item c-featureBlocks__item--empty\"><\/div>\n    <\/div>\n<\/div>\n\n\n\n<div id=\"spacer-block_5f1f09dd6581d\" class=\"c-contentBlock c-spacerContainer\"  data-block-type=\"Spacer\">\n   <hr class=\"  c-spacer c-spacer--size-3 c-spacer--line\" >\n<\/div>\n\n\n\n<div id=\"relatedItems-block_5f1f04b30312e\" class=\" c-contentBlock c-relatedItems\" data-block-type=\"Related items\" >\n   \n            <h2 class=\"c-relatedItems__title \">L\u012aDZ\u012aGI PRODUKTI<\/h2>\n     \n    <div class=\"c-relatedItems__content\">\n\n\n    \n\n             \n         \n                \n\n            <a class=\"c-relatedItems__item \" href=\"https:\/\/liviko.eu\/lv\/liviko-distillery\/crafters\/\">\n                \n                \n                    <div class=\"c-relatedItems__item-imageContainer\" >\n                        <img loading=\"lazy\" decoding=\"async\" width=\"115\" height=\"320\" src=\"https:\/\/liviko.eu\/wp-content\/uploads\/2021\/10\/Crafters-London-Dry-Gin-NEW-FULL2-115x320.jpg\" class=\"c-relatedItems__item-image\" alt=\"Crafter&#039;s \" srcset=\"https:\/\/liviko.eu\/wp-content\/uploads\/2021\/10\/Crafters-London-Dry-Gin-NEW-FULL2-115x320.jpg 115w, https:\/\/liviko.eu\/wp-content\/uploads\/2021\/10\/Crafters-London-Dry-Gin-NEW-FULL2-330x920.jpg 330w, https:\/\/liviko.eu\/wp-content\/uploads\/2021\/10\/Crafters-London-Dry-Gin-NEW-FULL2-490x1366.jpg 490w, https:\/\/liviko.eu\/wp-content\/uploads\/2021\/10\/Crafters-London-Dry-Gin-NEW-FULL2-768x2141.jpg 768w, https:\/\/liviko.eu\/wp-content\/uploads\/2021\/10\/Crafters-London-Dry-Gin-NEW-FULL2-551x1536.jpg 551w, https:\/\/liviko.eu\/wp-content\/uploads\/2021\/10\/Crafters-London-Dry-Gin-NEW-FULL2-735x2048.jpg 735w, https:\/\/liviko.eu\/wp-content\/uploads\/2021\/10\/Crafters-London-Dry-Gin-NEW-FULL2-scaled.jpg 918w\" sizes=\"(max-width: 115px) 100vw, 115px\" \/>                    <\/div>\n                    <div class=\"c-relatedItems__item-details\">\n                        <h3 class=\"c-relatedItems__item-title\">Crafter&#8217;s <\/h3>                                            <\/div>\n                \n            <\/a>\n            \n        \n                \n\n            <a class=\"c-relatedItems__item \" href=\"https:\/\/liviko.eu\/lv\/liviko-distillery\/crafters\/\">\n                \n                \n                    <div class=\"c-relatedItems__item-imageContainer\" >\n                        <img loading=\"lazy\" decoding=\"async\" width=\"112\" height=\"320\" src=\"https:\/\/liviko.eu\/wp-content\/uploads\/2022\/02\/Crafters-Aromatic-Flower-Gin-NEW-FULL-112x320.jpg\" class=\"c-relatedItems__item-image\" alt=\"Crafter&#039;s\" srcset=\"https:\/\/liviko.eu\/wp-content\/uploads\/2022\/02\/Crafters-Aromatic-Flower-Gin-NEW-FULL-112x320.jpg 112w, https:\/\/liviko.eu\/wp-content\/uploads\/2022\/02\/Crafters-Aromatic-Flower-Gin-NEW-FULL-322x920.jpg 322w, https:\/\/liviko.eu\/wp-content\/uploads\/2022\/02\/Crafters-Aromatic-Flower-Gin-NEW-FULL-478x1366.jpg 478w, https:\/\/liviko.eu\/wp-content\/uploads\/2022\/02\/Crafters-Aromatic-Flower-Gin-NEW-FULL-768x2195.jpg 768w, https:\/\/liviko.eu\/wp-content\/uploads\/2022\/02\/Crafters-Aromatic-Flower-Gin-NEW-FULL-537x1536.jpg 537w, https:\/\/liviko.eu\/wp-content\/uploads\/2022\/02\/Crafters-Aromatic-Flower-Gin-NEW-FULL-717x2048.jpg 717w, https:\/\/liviko.eu\/wp-content\/uploads\/2022\/02\/Crafters-Aromatic-Flower-Gin-NEW-FULL-scaled.jpg 896w\" sizes=\"(max-width: 112px) 100vw, 112px\" \/>                    <\/div>\n                    <div class=\"c-relatedItems__item-details\">\n                        <h3 class=\"c-relatedItems__item-title\">Crafter&#8217;s<\/h3>                                            <\/div>\n                \n            <\/a>\n            \n        \n                \n\n            <a class=\"c-relatedItems__item \" href=\"https:\/\/liviko.eu\/lv\/liviko-distillery\/ginger-duke\/\">\n                \n                \n                    <div class=\"c-relatedItems__item-imageContainer\" >\n                        <img loading=\"lazy\" decoding=\"async\" width=\"87\" height=\"320\" src=\"https:\/\/liviko.eu\/wp-content\/uploads\/2020\/08\/Ginger-Duke-750-ml-WEB.png\" class=\"c-relatedItems__item-image\" alt=\"Ginger Duke \" srcset=\"https:\/\/liviko.eu\/wp-content\/uploads\/2020\/08\/Ginger-Duke-750-ml-WEB.png 271w, https:\/\/liviko.eu\/wp-content\/uploads\/2020\/08\/Ginger-Duke-750-ml-WEB-249x920.png 249w\" sizes=\"(max-width: 87px) 100vw, 87px\" \/>                    <\/div>\n                    <div class=\"c-relatedItems__item-details\">\n                        <h3 class=\"c-relatedItems__item-title\">Ginger Duke <\/h3>                                            <\/div>\n                \n            <\/a>\n            \n                <\/div>\n<\/div>\n","protected":false},"excerpt":{"rendered":"","protected":false},"author":1,"featured_media":0,"parent":770,"menu_order":14,"comment_status":"closed","ping_status":"closed","template":"page-templates\/page-product.php","meta":{"_acf_changed":false,"inline_featured_image":false,"_monsterinsights_skip_tracking":false,"_monsterinsights_sitenote_active":false,"_monsterinsights_sitenote_note":"","_monsterinsights_sitenote_category":0,"footnotes":""},"categories":[50],"class_list":["post-884","page","type-page","status-publish","hentry","category-light-alcohol-lv"],"acf":[],"yoast_head":"<!-- This site is optimized with the Yoast SEO plugin v24.0 - https:\/\/yoast.com\/wordpress\/plugins\/seo\/ -->\n<title>Re-crafted Crafter&#039;s - Liviko<\/title>\n<meta name=\"robots\" content=\"index, follow, max-snippet:-1, max-image-preview:large, max-video-preview:-1\" \/>\n<link rel=\"canonical\" href=\"https:\/\/liviko.eu\/lv\/liviko-distillery\/re-crafters-junibeer\/\" \/>\n<meta property=\"og:locale\" content=\"lv_LV\" \/>\n<meta property=\"og:type\" content=\"article\" \/>\n<meta property=\"og:title\" content=\"Re-crafted Crafter&#039;s - Liviko\" \/>\n<meta property=\"og:url\" content=\"https:\/\/liviko.eu\/lv\/liviko-distillery\/re-crafters-junibeer\/\" \/>\n<meta property=\"og:site_name\" content=\"Liviko\" \/>\n<meta property=\"article:publisher\" content=\"https:\/\/www.facebook.com\/LivikoDistillery\/\" \/>\n<meta property=\"article:modified_time\" content=\"2022-03-31T08:34:19+00:00\" \/>\n<meta name=\"twitter:card\" content=\"summary_large_image\" \/>\n<script type=\"application\/ld+json\" class=\"yoast-schema-graph\">{\"@context\":\"https:\/\/schema.org\",\"@graph\":[{\"@type\":\"WebPage\",\"@id\":\"https:\/\/liviko.eu\/lv\/liviko-distillery\/re-crafters-junibeer\/\",\"url\":\"https:\/\/liviko.eu\/lv\/liviko-distillery\/re-crafters-junibeer\/\",\"name\":\"Re-crafted Crafter's - Liviko\",\"isPartOf\":{\"@id\":\"https:\/\/liviko.eu\/lv\/#website\"},\"datePublished\":\"2020-07-06T11:56:39+00:00\",\"dateModified\":\"2022-03-31T08:34:19+00:00\",\"breadcrumb\":{\"@id\":\"https:\/\/liviko.eu\/lv\/liviko-distillery\/re-crafters-junibeer\/#breadcrumb\"},\"inLanguage\":\"lv-LV\",\"potentialAction\":[{\"@type\":\"ReadAction\",\"target\":[\"https:\/\/liviko.eu\/lv\/liviko-distillery\/re-crafters-junibeer\/\"]}]},{\"@type\":\"BreadcrumbList\",\"@id\":\"https:\/\/liviko.eu\/lv\/liviko-distillery\/re-crafters-junibeer\/#breadcrumb\",\"itemListElement\":[{\"@type\":\"ListItem\",\"position\":1,\"name\":\"Home\",\"item\":\"https:\/\/liviko.eu\/lv\/\"},{\"@type\":\"ListItem\",\"position\":2,\"name\":\"PRE\u010cU Z\u012aMES\",\"item\":\"https:\/\/liviko.eu\/lv\/liviko-distillery\/\"},{\"@type\":\"ListItem\",\"position\":3,\"name\":\"Re-crafted Crafter&#8217;s\"}]},{\"@type\":\"WebSite\",\"@id\":\"https:\/\/liviko.eu\/lv\/#website\",\"url\":\"https:\/\/liviko.eu\/lv\/\",\"name\":\"Liviko\",\"description\":\"anno 1898\",\"publisher\":{\"@id\":\"https:\/\/liviko.eu\/lv\/#organization\"},\"potentialAction\":[{\"@type\":\"SearchAction\",\"target\":{\"@type\":\"EntryPoint\",\"urlTemplate\":\"https:\/\/liviko.eu\/lv\/?s={search_term_string}\"},\"query-input\":{\"@type\":\"PropertyValueSpecification\",\"valueRequired\":true,\"valueName\":\"search_term_string\"}}],\"inLanguage\":\"lv-LV\"},{\"@type\":\"Organization\",\"@id\":\"https:\/\/liviko.eu\/lv\/#organization\",\"name\":\"Liviko\",\"url\":\"https:\/\/liviko.eu\/lv\/\",\"logo\":{\"@type\":\"ImageObject\",\"inLanguage\":\"lv-LV\",\"@id\":\"https:\/\/liviko.eu\/lv\/#\/schema\/logo\/image\/\",\"url\":\"https:\/\/liviko.eu\/wp-content\/uploads\/2020\/10\/liviko_logo.png\",\"contentUrl\":\"https:\/\/liviko.eu\/wp-content\/uploads\/2020\/10\/liviko_logo.png\",\"width\":515,\"height\":181,\"caption\":\"Liviko\"},\"image\":{\"@id\":\"https:\/\/liviko.eu\/lv\/#\/schema\/logo\/image\/\"},\"sameAs\":[\"https:\/\/www.facebook.com\/LivikoDistillery\/\",\"https:\/\/www.instagram.com\/livikodistillery\",\"https:\/\/www.linkedin.com\/company\/liviko\/\",\"https:\/\/www.youtube.com\/channel\/UCnoHr-PaNxBHJO8nMDLVGuA\"]}]}<\/script>\n<!-- \/ Yoast SEO plugin. -->","yoast_head_json":{"title":"Re-crafted Crafter's - Liviko","robots":{"index":"index","follow":"follow","max-snippet":"max-snippet:-1","max-image-preview":"max-image-preview:large","max-video-preview":"max-video-preview:-1"},"canonical":"https:\/\/liviko.eu\/lv\/liviko-distillery\/re-crafters-junibeer\/","og_locale":"lv_LV","og_type":"article","og_title":"Re-crafted Crafter's - Liviko","og_url":"https:\/\/liviko.eu\/lv\/liviko-distillery\/re-crafters-junibeer\/","og_site_name":"Liviko","article_publisher":"https:\/\/www.facebook.com\/LivikoDistillery\/","article_modified_time":"2022-03-31T08:34:19+00:00","twitter_card":"summary_large_image","schema":{"@context":"https:\/\/schema.org","@graph":[{"@type":"WebPage","@id":"https:\/\/liviko.eu\/lv\/liviko-distillery\/re-crafters-junibeer\/","url":"https:\/\/liviko.eu\/lv\/liviko-distillery\/re-crafters-junibeer\/","name":"Re-crafted Crafter's - Liviko","isPartOf":{"@id":"https:\/\/liviko.eu\/lv\/#website"},"datePublished":"2020-07-06T11:56:39+00:00","dateModified":"2022-03-31T08:34:19+00:00","breadcrumb":{"@id":"https:\/\/liviko.eu\/lv\/liviko-distillery\/re-crafters-junibeer\/#breadcrumb"},"inLanguage":"lv-LV","potentialAction":[{"@type":"ReadAction","target":["https:\/\/liviko.eu\/lv\/liviko-distillery\/re-crafters-junibeer\/"]}]},{"@type":"BreadcrumbList","@id":"https:\/\/liviko.eu\/lv\/liviko-distillery\/re-crafters-junibeer\/#breadcrumb","itemListElement":[{"@type":"ListItem","position":1,"name":"Home","item":"https:\/\/liviko.eu\/lv\/"},{"@type":"ListItem","position":2,"name":"PRE\u010cU Z\u012aMES","item":"https:\/\/liviko.eu\/lv\/liviko-distillery\/"},{"@type":"ListItem","position":3,"name":"Re-crafted Crafter&#8217;s"}]},{"@type":"WebSite","@id":"https:\/\/liviko.eu\/lv\/#website","url":"https:\/\/liviko.eu\/lv\/","name":"Liviko","description":"anno 1898","publisher":{"@id":"https:\/\/liviko.eu\/lv\/#organization"},"potentialAction":[{"@type":"SearchAction","target":{"@type":"EntryPoint","urlTemplate":"https:\/\/liviko.eu\/lv\/?s={search_term_string}"},"query-input":{"@type":"PropertyValueSpecification","valueRequired":true,"valueName":"search_term_string"}}],"inLanguage":"lv-LV"},{"@type":"Organization","@id":"https:\/\/liviko.eu\/lv\/#organization","name":"Liviko","url":"https:\/\/liviko.eu\/lv\/","logo":{"@type":"ImageObject","inLanguage":"lv-LV","@id":"https:\/\/liviko.eu\/lv\/#\/schema\/logo\/image\/","url":"https:\/\/liviko.eu\/wp-content\/uploads\/2020\/10\/liviko_logo.png","contentUrl":"https:\/\/liviko.eu\/wp-content\/uploads\/2020\/10\/liviko_logo.png","width":515,"height":181,"caption":"Liviko"},"image":{"@id":"https:\/\/liviko.eu\/lv\/#\/schema\/logo\/image\/"},"sameAs":["https:\/\/www.facebook.com\/LivikoDistillery\/","https:\/\/www.instagram.com\/livikodistillery","https:\/\/www.linkedin.com\/company\/liviko\/","https:\/\/www.youtube.com\/channel\/UCnoHr-PaNxBHJO8nMDLVGuA"]}]}},"_links":{"self":[{"href":"https:\/\/liviko.eu\/lv\/wp-json\/wp\/v2\/pages\/884","targetHints":{"allow":["GET"]}}],"collection":[{"href":"https:\/\/liviko.eu\/lv\/wp-json\/wp\/v2\/pages"}],"about":[{"href":"https:\/\/liviko.eu\/lv\/wp-json\/wp\/v2\/types\/page"}],"author":[{"embeddable":true,"href":"https:\/\/liviko.eu\/lv\/wp-json\/wp\/v2\/users\/1"}],"replies":[{"embeddable":true,"href":"https:\/\/liviko.eu\/lv\/wp-json\/wp\/v2\/comments?post=884"}],"version-history":[{"count":23,"href":"https:\/\/liviko.eu\/lv\/wp-json\/wp\/v2\/pages\/884\/revisions"}],"predecessor-version":[{"id":28664,"href":"https:\/\/liviko.eu\/lv\/wp-json\/wp\/v2\/pages\/884\/revisions\/28664"}],"up":[{"embeddable":true,"href":"https:\/\/liviko.eu\/lv\/wp-json\/wp\/v2\/pages\/770"}],"wp:attachment":[{"href":"https:\/\/liviko.eu\/lv\/wp-json\/wp\/v2\/media?parent=884"}],"wp:term":[{"taxonomy":"category","embeddable":true,"href":"https:\/\/liviko.eu\/lv\/wp-json\/wp\/v2\/categories?post=884"}],"curies":[{"name":"wp","href":"https:\/\/api.w.org\/{rel}","templated":true}]}}