{"id":888,"date":"2020-07-06T11:58:06","date_gmt":"2020-07-06T11:58:06","guid":{"rendered":"http:\/\/liviko.eu\/liviko-distillery\/re-crafters-junibeer-2\/"},"modified":"2020-10-29T11:38:35","modified_gmt":"2020-10-29T11:38:35","slug":"re-crafters-junibeer-2","status":"publish","type":"page","link":"https:\/\/liviko.eu\/lv\/liviko-distillery\/re-crafters-junibeer-2\/","title":{"rendered":"Re-crafted Crafter&#8217;s"},"content":{"rendered":"<div id=\"pageHeader-block_5f1f037303123\" class=\" c-contentBlock c-pageHeader\" data-block-type=\"Page header\">\n                    <h1 class=\"c-pageHeader__title\">RE-CRAFTED CRAFTER&#8217;S <\/h1>\n                            <div class=\"c-pageHeader__text t-text\"><p>Uudse tehnoloogiaga alkoholivabad k\u00e4sit\u00f6\u00f6joogid s\u00fcndisid soovist v\u00e4\u00e4rtuslikku toorainet maksimaalselt \u00e4ra kasutada.<\/p>\n<\/div>\n                \n<\/div>\n<a id=\"page-888-body\"><\/a>\n\n<div id=\"mediaBlock-block_5f5b400a35fc2\" class=\" c-contentBlock c-mediaBlock c-mediaBlock--align-left c-mediaBlock--valign-center c-mediaBlock--size-extra-small c-mediaBlock--imageHeight-small\" data-block-type=\"Media block\">\n   \n                \n     <div class=\"c-mediaBlock__media\" style=\"\"\">\n        <img fetchpriority=\"high\" decoding=\"async\" width=\"350\" height=\"1366\" src=\"https:\/\/liviko.eu\/wp-content\/uploads\/2020\/08\/Crafters-Re-Crafted-Junibeer-FULL-350x1366.png\" class=\"c-mediaBlock__image\" alt=\"RE-CRAFTED CRAFTER&#039;S JUNIBEER \" srcset=\"https:\/\/liviko.eu\/wp-content\/uploads\/2020\/08\/Crafters-Re-Crafted-Junibeer-FULL-350x1366.png 350w, https:\/\/liviko.eu\/wp-content\/uploads\/2020\/08\/Crafters-Re-Crafted-Junibeer-FULL-236x920.png 236w, https:\/\/liviko.eu\/wp-content\/uploads\/2020\/08\/Crafters-Re-Crafted-Junibeer-FULL-768x2999.png 768w, https:\/\/liviko.eu\/wp-content\/uploads\/2020\/08\/Crafters-Re-Crafted-Junibeer-FULL.png 1558w\" sizes=\"(max-width: 350px) 100vw, 350px\" \/>    <\/div>\n     <div class=\"c-mediaBlock__body\">\n                    <h2 class=\"c-mediaBlock__title\">RE-CRAFTED CRAFTER&#8217;S JUNIBEER <\/h2>\n                <div class=\"c-mediaBlock__content\">\n            <div class=\"t-text\">\n            <p>Re-crafted Crafter`s Junibeer on<strong>\u00a0<\/strong>v\u00e4rskendav, m\u00f5\u00f5dukalt magus karastusjook.\u00a0<strong>\u00a0<\/strong>Siidise struktuuriga v\u00e4rskendava ja m\u00f5\u00f5dukalt magusa maitsega joogis on tunda m\u00f5rkjaid ja puiduseid kadakamarjale iseloomulikke n\u00fcansse. Junibeer on nii toote nimetus kui ka joogikategooria, mis on tuletatud kadakamarjade ja \u00f5lle inglisekeelsetest nimetustest <em>juniper berry<\/em> ja <em>beer<\/em>.<\/p>\n<p>Ei ole lisatud l\u00f5hna- ja maitseaineid. Junibeer on laktoosi- ja gluteenivaba ning sobib ka veganitele. Toode v\u00f5ib sisaldada sadet.<br \/>\nServeerida jahutatult.<\/p>\n<ul>\n<li><a href=\"https:\/\/www.craftersgin.com\/zero-waste\/\">RE-CRAFTED CRAFTER&#8217;S<\/a><\/li>\n<\/ul>\n<p><strong>Auhinnad:\u00a0<\/strong><\/p>\n<ul class=\"product__prizes\">\n<li>Eesti parim mittealkohoolne jook 2020 &#8211; kuldmedal<\/li>\n<li>Eesti parim toiduaine 2020 &#8220;Kaupmeeste lemmik&#8221; &#8211; pronksmedal<\/li>\n<li>World Beverage Innovation Award 2019<\/li>\n<\/ul>\n            <\/div>\n                            \n        <\/div>\n    <\/div>\n<\/div>\n\n<div id=\"mediaBlock-block_5f509f11e2d22\" class=\" c-contentBlock c-mediaBlock c-mediaBlock--align-right c-mediaBlock--valign-center c-mediaBlock--size-extra-small c-mediaBlock--imageHeight-small\" data-block-type=\"Media block\">\n   \n                \n     <div class=\"c-mediaBlock__media\" style=\"\"\">\n        <img decoding=\"async\" width=\"429\" height=\"1366\" src=\"https:\/\/liviko.eu\/wp-content\/uploads\/2020\/10\/recrafted-429x1366.jpg\" class=\"c-mediaBlock__image\" alt=\"RE-CRAFTED CRAFTER&#039;S GINGEROOT\" srcset=\"https:\/\/liviko.eu\/wp-content\/uploads\/2020\/10\/recrafted-429x1366.jpg 429w, https:\/\/liviko.eu\/wp-content\/uploads\/2020\/10\/recrafted-289x920.jpg 289w, https:\/\/liviko.eu\/wp-content\/uploads\/2020\/10\/recrafted-482x1536.jpg 482w, https:\/\/liviko.eu\/wp-content\/uploads\/2020\/10\/recrafted.jpg 534w\" sizes=\"(max-width: 429px) 100vw, 429px\" \/>    <\/div>\n     <div class=\"c-mediaBlock__body\">\n                    <h2 class=\"c-mediaBlock__title\">RE-CRAFTED CRAFTER&#8217;S GINGEROOT<\/h2>\n                <div class=\"c-mediaBlock__content\">\n            <div class=\"t-text\">\n            <p>Re-crafted Crafter`s Gingeroot on v\u00e4rskendav, m\u00f5\u00f5dukalt magus k\u00e4sit\u00f6\u00f6jook. Maitses on tunda v\u00fcrtsikaid ingverile iseloomulikke noote. J\u00e4relmaitse on \u00f5hetav ja kergelt piprane.<\/p>\n<p>Inspireeritud j\u00e4\u00e4kidevabast tootmisest, rohelisest elukeskkonnast ja uute sensoorsete elamuste otsingust. Joogi valmistamiseks taaskasutatakse destillatsioonis t\u00f6\u00f6deldud\u00a0ingverijuuri. Ei ole lisatud l\u00f5hna- ja maitseaineid.<\/p>\n<p>Ei ole lisatud l\u00f5hna- ja maitseaineid, on laktoosi- ja gluteenivaba ning sobib ka veganitele. Toode v\u00f5ib sisaldada sadet.<\/p>\n<div class=\"product__usage\">\n<p>Serveerida jahutatult.<\/p>\n<ul>\n<li><a href=\"https:\/\/www.craftersgin.com\/zero-waste\/\">RE-CRAFTED CRAFTER&#8217;S\u00a0<\/a><\/li>\n<\/ul>\n<\/div>\n            <\/div>\n                            \n        <\/div>\n    <\/div>\n<\/div>\n\n<div id=\"mediaBlock-block_5f1f039c03124\" class=\" c-contentBlock c-mediaBlock c-mediaBlock--align-left c-mediaBlock--valign-center c-mediaBlock--size-extra-small c-mediaBlock--imageHeight-small\" data-block-type=\"Media block\">\n   \n                \n     <div class=\"c-mediaBlock__media\" style=\"\"\">\n        <img decoding=\"async\" width=\"230\" height=\"900\" src=\"https:\/\/liviko.eu\/wp-content\/uploads\/2020\/08\/4740050005742.jpg\" class=\"c-mediaBlock__image\" alt=\"RE-CRAFTED CRAFTER&#039;S JUNIBEER 3,2%\" \/>    <\/div>\n     <div class=\"c-mediaBlock__body\">\n                    <h2 class=\"c-mediaBlock__title\">RE-CRAFTED CRAFTER&#8217;S JUNIBEER 3,2%<\/h2>\n                <div class=\"c-mediaBlock__content\">\n            <div class=\"t-text\">\n            <p>Junibeer on v\u00e4rskendav, m\u00f5\u00f5dukalt magus kadakamarja\u00f5lu, mis valmib Crafter`s d\u017einni destillatsioonij\u00e4\u00e4gi k\u00e4\u00e4ritamisel. Siidise struktuuriga maitses on tunda m\u00f5rkjaid ja puiduseid kadakamarjale iseloomulikke n\u00fcansse.<\/p>\n<p>Inspireeritud j\u00e4\u00e4kidevabast tootmisest, rohelisest elukeskkonnast ja uute sensoorsete elamuste otsingust. Joogi valmistamiseks taaskasutatakse Crafter\u2019s d\u017einni destillatsioonis t\u00f6\u00f6deldud kadakamarju, milles sisalduv orgaaniline suhkur fermenteeritakse alkoholiks ja saadakse uudne kadkamarja\u00f5lu.<\/p>\n<p>Ei ole lisatud l\u00f5hna- ja maitseaineid. Junibeer on laktoosi- ja gluteenivaba ning sobib ka veganitele.<br \/>\nToode v\u00f5ib sisaldada sadet.<\/p>\n<ul>\n<li><a href=\"https:\/\/www.craftersgin.com\/zero-waste\/\">RE-CRAFTED CRAFTER&#8217;S<\/a><\/li>\n<\/ul>\n            <\/div>\n                            \n        <\/div>\n    <\/div>\n<\/div>\n\n\n<div id=\"featureBlocks-block_5f5b400a35fc3\" class=\" c-contentBlock c-featureBlocks c-featureBlocks--type-expanded c-featureBlocks--grid-columns\" data-block-type=\"Feature blocks: expanded\">\n   <div class=\"c-featureBlocksGroup\">\n\n\n                          <div class=\"c-featureBlocks__item\">\n                \n                \n                    <div class=\"c-featureBlocks__item-block\"    >\n\n                                                                                            <div class=\"c-featureBlock__imageContainer\">\n                                <img loading=\"lazy\" decoding=\"async\" width=\"800\" height=\"800\" src=\"https:\/\/liviko.eu\/wp-content\/uploads\/2020\/09\/recrafters-usp1.jpg\" class=\"c-featureBlock__image\" alt=\"\" srcset=\"https:\/\/liviko.eu\/wp-content\/uploads\/2020\/09\/recrafters-usp1.jpg 800w, https:\/\/liviko.eu\/wp-content\/uploads\/2020\/09\/recrafters-usp1-480x480.jpg 480w, https:\/\/liviko.eu\/wp-content\/uploads\/2020\/09\/recrafters-usp1-768x768.jpg 768w\" sizes=\"(max-width: 800px) 100vw, 800px\" \/>                                <\/div>\n                               \n\n                            <div class=\"c-featureBlocks__item-body\">\n                                    <h3 class=\"c-featureBlocks__item-title\"><\/h3>\n                                    <div class=\"t-text\">\n                                        <p><strong><em>Crafter&#8217;s cycle\u00a0<\/em><br \/>\n<\/strong>Inspireeritud rohelisest elukeskkonnast. Crafter&#8217;s d\u017einni tootmiseks kord juba kasutatud kadakamarjadele leitakse taaskasutus Re-crafted Crafter&#8217;s k\u00e4sit\u00f6\u00f6jookides, kuna v\u00e4\u00e4rtuslik osa taimedes sisalduvatest maitsetest j\u00e4\u00e4b destillatsioonil kasutamata.<\/p>\n<p>&nbsp;<\/p>\n                                    <\/div>\n                            <\/div>\n\n                    <\/div>    \n                        \n\n\n                            \n            <\/div>\n            \n                    <div class=\"c-featureBlocks__item\">\n                \n                \n                    <div class=\"c-featureBlocks__item-block\"    >\n\n                                                                                            <div class=\"c-featureBlock__imageContainer\">\n                                <img loading=\"lazy\" decoding=\"async\" width=\"920\" height=\"920\" src=\"https:\/\/liviko.eu\/wp-content\/uploads\/2020\/10\/uus_usp-1-920x920.png\" class=\"c-featureBlock__image\" alt=\"\" srcset=\"https:\/\/liviko.eu\/wp-content\/uploads\/2020\/10\/uus_usp-1-920x920.png 920w, https:\/\/liviko.eu\/wp-content\/uploads\/2020\/10\/uus_usp-1-480x480.png 480w, https:\/\/liviko.eu\/wp-content\/uploads\/2020\/10\/uus_usp-1-768x768.png 768w, https:\/\/liviko.eu\/wp-content\/uploads\/2020\/10\/uus_usp-1.png 1333w\" sizes=\"(max-width: 920px) 100vw, 920px\" \/>                                <\/div>\n                               \n\n                            <div class=\"c-featureBlocks__item-body\">\n                                    <h3 class=\"c-featureBlocks__item-title\"><\/h3>\n                                    <div class=\"t-text\">\n                                        <p><strong>50% taaskasutatud klaas<br \/>\n<\/strong>Kasutame klaaspudelit, mis on valmistatud v\u00e4hemalt 50% taaskasutatud klaasist ja toodetud vaid 80 km kaugusel Tallinnast, J\u00e4rvakandi klaasitehases.<\/p>\n                                    <\/div>\n                            <\/div>\n\n                    <\/div>    \n                        \n\n\n                            \n            <\/div>\n            \n                    <div class=\"c-featureBlocks__item\">\n                \n                \n                    <div class=\"c-featureBlocks__item-block\"    >\n\n                                                                                            <div class=\"c-featureBlock__imageContainer\">\n                                <img loading=\"lazy\" decoding=\"async\" width=\"800\" height=\"800\" src=\"https:\/\/liviko.eu\/wp-content\/uploads\/2020\/09\/recrafters-usp2.jpg\" class=\"c-featureBlock__image\" alt=\"\" srcset=\"https:\/\/liviko.eu\/wp-content\/uploads\/2020\/09\/recrafters-usp2.jpg 800w, https:\/\/liviko.eu\/wp-content\/uploads\/2020\/09\/recrafters-usp2-480x480.jpg 480w, https:\/\/liviko.eu\/wp-content\/uploads\/2020\/09\/recrafters-usp2-768x768.jpg 768w\" sizes=\"(max-width: 800px) 100vw, 800px\" \/>                                <\/div>\n                               \n\n                            <div class=\"c-featureBlocks__item-body\">\n                                    <h3 class=\"c-featureBlocks__item-title\"><\/h3>\n                                    <div class=\"t-text\">\n                                        <p><strong>Null-kulu tootmine<\/strong><br \/>\nRe-crafted Crafter\u2019s on loodud null-kulu tootmise p\u00f5him\u00f5tetel. Toote minimaalse \u00f6koloogilise jalaj\u00e4lje nimel on k\u00e4sit\u00f6\u00f6joogis esile toodud ainult need maitsed, mis d\u017einni valmistamise protsessi j\u00e4\u00e4gina tekivad.<\/p>\n<p>&nbsp;<\/p>\n                                    <\/div>\n                            <\/div>\n\n                    <\/div>    \n                        \n\n\n                            \n            <\/div>\n            \n                <div class=\"c-featureBlocks__item c-featureBlocks__item--empty\"><\/div>\n    <div class=\"c-featureBlocks__item c-featureBlocks__item--empty\"><\/div>\n    <\/div>\n<\/div>\n\n\n\n<div id=\"spacer-block_5f1f09dd6581d\" class=\"c-contentBlock c-spacerContainer\"  data-block-type=\"Spacer\">\n   <hr class=\"  c-spacer c-spacer--size-3 c-spacer--line\" >\n<\/div>\n\n\n\n<div id=\"relatedItems-block_5f1f04b30312e\" class=\" c-contentBlock c-relatedItems\" data-block-type=\"Related items\" >\n   \n            <h2 class=\"c-relatedItems__title \">SARNASED TOOTED<\/h2>\n     \n    <div class=\"c-relatedItems__content\">\n\n\n    \n\n             \n         \n                \n\n            <a class=\"c-relatedItems__item \" href=\"https:\/\/liviko.eu\/lv\/liviko-distillery\/crafters\/\">\n                \n                \n                    <div class=\"c-relatedItems__item-imageContainer\" >\n                        <img loading=\"lazy\" decoding=\"async\" width=\"151\" height=\"320\" src=\"https:\/\/liviko.eu\/wp-content\/uploads\/2020\/07\/product_crafters5.jpg\" class=\"c-relatedItems__item-image\" alt=\"Crafter&#039;s \" srcset=\"https:\/\/liviko.eu\/wp-content\/uploads\/2020\/07\/product_crafters5.jpg 501w, https:\/\/liviko.eu\/wp-content\/uploads\/2020\/07\/product_crafters5-434x920.jpg 434w\" sizes=\"(max-width: 151px) 100vw, 151px\" \/>                    <\/div>\n                    <div class=\"c-relatedItems__item-details\">\n                        <h3 class=\"c-relatedItems__item-title\">Crafter&#8217;s <\/h3>                                            <\/div>\n                \n            <\/a>\n            \n        \n                \n\n            <a class=\"c-relatedItems__item \" href=\"https:\/\/liviko.eu\/lv\/liviko-distillery\/crafters\/\">\n                \n                \n                    <div class=\"c-relatedItems__item-imageContainer\" >\n                        <img loading=\"lazy\" decoding=\"async\" width=\"115\" height=\"320\" src=\"https:\/\/liviko.eu\/wp-content\/uploads\/2020\/08\/Crafters-Aromatic-Flower-Gin-WEB-1L-e1597722083454.jpg\" class=\"c-relatedItems__item-image\" alt=\"Crafter&#039;s\" \/>                    <\/div>\n                    <div class=\"c-relatedItems__item-details\">\n                        <h3 class=\"c-relatedItems__item-title\">Crafter&#8217;s<\/h3>                                            <\/div>\n                \n            <\/a>\n            \n        \n                \n\n            <a class=\"c-relatedItems__item \" href=\"https:\/\/liviko.eu\/lv\/liviko-distillery\/ginger-duke\/\">\n                \n                \n                    <div class=\"c-relatedItems__item-imageContainer\" >\n                        <img loading=\"lazy\" decoding=\"async\" width=\"87\" height=\"320\" src=\"https:\/\/liviko.eu\/wp-content\/uploads\/2020\/08\/Ginger-Duke-750-ml-WEB.png\" class=\"c-relatedItems__item-image\" alt=\"Ginger Duke \" srcset=\"https:\/\/liviko.eu\/wp-content\/uploads\/2020\/08\/Ginger-Duke-750-ml-WEB.png 271w, https:\/\/liviko.eu\/wp-content\/uploads\/2020\/08\/Ginger-Duke-750-ml-WEB-249x920.png 249w\" sizes=\"(max-width: 87px) 100vw, 87px\" \/>                    <\/div>\n                    <div class=\"c-relatedItems__item-details\">\n                        <h3 class=\"c-relatedItems__item-title\">Ginger Duke <\/h3>                                            <\/div>\n                \n            <\/a>\n            \n                <\/div>\n<\/div>\n","protected":false},"excerpt":{"rendered":"","protected":false},"author":1,"featured_media":0,"parent":770,"menu_order":15,"comment_status":"closed","ping_status":"closed","template":"page-templates\/page-product.php","meta":{"_acf_changed":false,"inline_featured_image":false,"_monsterinsights_skip_tracking":false,"_monsterinsights_sitenote_active":false,"_monsterinsights_sitenote_note":"","_monsterinsights_sitenote_category":0,"footnotes":""},"categories":[56],"class_list":["post-888","page","type-page","status-publish","hentry","category-non-alcohol-lv"],"acf":[],"yoast_head":"<!-- This site is optimized with the Yoast SEO plugin v24.0 - https:\/\/yoast.com\/wordpress\/plugins\/seo\/ -->\n<title>Re-crafted Crafter&#039;s - Liviko<\/title>\n<meta name=\"robots\" content=\"index, follow, max-snippet:-1, max-image-preview:large, max-video-preview:-1\" \/>\n<link rel=\"canonical\" href=\"https:\/\/liviko.eu\/lv\/liviko-distillery\/re-crafters-junibeer-2\/\" \/>\n<meta property=\"og:locale\" content=\"lv_LV\" \/>\n<meta property=\"og:type\" content=\"article\" \/>\n<meta property=\"og:title\" content=\"Re-crafted Crafter&#039;s - Liviko\" \/>\n<meta property=\"og:url\" content=\"https:\/\/liviko.eu\/lv\/liviko-distillery\/re-crafters-junibeer-2\/\" \/>\n<meta property=\"og:site_name\" content=\"Liviko\" \/>\n<meta property=\"article:publisher\" content=\"https:\/\/www.facebook.com\/LivikoDistillery\/\" \/>\n<meta property=\"article:modified_time\" content=\"2020-10-29T11:38:35+00:00\" \/>\n<meta name=\"twitter:card\" content=\"summary_large_image\" \/>\n<script type=\"application\/ld+json\" class=\"yoast-schema-graph\">{\"@context\":\"https:\/\/schema.org\",\"@graph\":[{\"@type\":\"WebPage\",\"@id\":\"https:\/\/liviko.eu\/lv\/liviko-distillery\/re-crafters-junibeer-2\/\",\"url\":\"https:\/\/liviko.eu\/lv\/liviko-distillery\/re-crafters-junibeer-2\/\",\"name\":\"Re-crafted Crafter's - Liviko\",\"isPartOf\":{\"@id\":\"https:\/\/liviko.eu\/lv\/#website\"},\"datePublished\":\"2020-07-06T11:58:06+00:00\",\"dateModified\":\"2020-10-29T11:38:35+00:00\",\"breadcrumb\":{\"@id\":\"https:\/\/liviko.eu\/lv\/liviko-distillery\/re-crafters-junibeer-2\/#breadcrumb\"},\"inLanguage\":\"lv-LV\",\"potentialAction\":[{\"@type\":\"ReadAction\",\"target\":[\"https:\/\/liviko.eu\/lv\/liviko-distillery\/re-crafters-junibeer-2\/\"]}]},{\"@type\":\"BreadcrumbList\",\"@id\":\"https:\/\/liviko.eu\/lv\/liviko-distillery\/re-crafters-junibeer-2\/#breadcrumb\",\"itemListElement\":[{\"@type\":\"ListItem\",\"position\":1,\"name\":\"Home\",\"item\":\"https:\/\/liviko.eu\/lv\/\"},{\"@type\":\"ListItem\",\"position\":2,\"name\":\"PRE\u010cU Z\u012aMES\",\"item\":\"https:\/\/liviko.eu\/lv\/liviko-distillery\/\"},{\"@type\":\"ListItem\",\"position\":3,\"name\":\"Re-crafted Crafter&#8217;s\"}]},{\"@type\":\"WebSite\",\"@id\":\"https:\/\/liviko.eu\/lv\/#website\",\"url\":\"https:\/\/liviko.eu\/lv\/\",\"name\":\"Liviko\",\"description\":\"anno 1898\",\"publisher\":{\"@id\":\"https:\/\/liviko.eu\/lv\/#organization\"},\"potentialAction\":[{\"@type\":\"SearchAction\",\"target\":{\"@type\":\"EntryPoint\",\"urlTemplate\":\"https:\/\/liviko.eu\/lv\/?s={search_term_string}\"},\"query-input\":{\"@type\":\"PropertyValueSpecification\",\"valueRequired\":true,\"valueName\":\"search_term_string\"}}],\"inLanguage\":\"lv-LV\"},{\"@type\":\"Organization\",\"@id\":\"https:\/\/liviko.eu\/lv\/#organization\",\"name\":\"Liviko\",\"url\":\"https:\/\/liviko.eu\/lv\/\",\"logo\":{\"@type\":\"ImageObject\",\"inLanguage\":\"lv-LV\",\"@id\":\"https:\/\/liviko.eu\/lv\/#\/schema\/logo\/image\/\",\"url\":\"https:\/\/liviko.eu\/wp-content\/uploads\/2020\/10\/liviko_logo.png\",\"contentUrl\":\"https:\/\/liviko.eu\/wp-content\/uploads\/2020\/10\/liviko_logo.png\",\"width\":515,\"height\":181,\"caption\":\"Liviko\"},\"image\":{\"@id\":\"https:\/\/liviko.eu\/lv\/#\/schema\/logo\/image\/\"},\"sameAs\":[\"https:\/\/www.facebook.com\/LivikoDistillery\/\",\"https:\/\/www.instagram.com\/livikodistillery\",\"https:\/\/www.linkedin.com\/company\/liviko\/\",\"https:\/\/www.youtube.com\/channel\/UCnoHr-PaNxBHJO8nMDLVGuA\"]}]}<\/script>\n<!-- \/ Yoast SEO plugin. -->","yoast_head_json":{"title":"Re-crafted Crafter's - Liviko","robots":{"index":"index","follow":"follow","max-snippet":"max-snippet:-1","max-image-preview":"max-image-preview:large","max-video-preview":"max-video-preview:-1"},"canonical":"https:\/\/liviko.eu\/lv\/liviko-distillery\/re-crafters-junibeer-2\/","og_locale":"lv_LV","og_type":"article","og_title":"Re-crafted Crafter's - Liviko","og_url":"https:\/\/liviko.eu\/lv\/liviko-distillery\/re-crafters-junibeer-2\/","og_site_name":"Liviko","article_publisher":"https:\/\/www.facebook.com\/LivikoDistillery\/","article_modified_time":"2020-10-29T11:38:35+00:00","twitter_card":"summary_large_image","schema":{"@context":"https:\/\/schema.org","@graph":[{"@type":"WebPage","@id":"https:\/\/liviko.eu\/lv\/liviko-distillery\/re-crafters-junibeer-2\/","url":"https:\/\/liviko.eu\/lv\/liviko-distillery\/re-crafters-junibeer-2\/","name":"Re-crafted Crafter's - Liviko","isPartOf":{"@id":"https:\/\/liviko.eu\/lv\/#website"},"datePublished":"2020-07-06T11:58:06+00:00","dateModified":"2020-10-29T11:38:35+00:00","breadcrumb":{"@id":"https:\/\/liviko.eu\/lv\/liviko-distillery\/re-crafters-junibeer-2\/#breadcrumb"},"inLanguage":"lv-LV","potentialAction":[{"@type":"ReadAction","target":["https:\/\/liviko.eu\/lv\/liviko-distillery\/re-crafters-junibeer-2\/"]}]},{"@type":"BreadcrumbList","@id":"https:\/\/liviko.eu\/lv\/liviko-distillery\/re-crafters-junibeer-2\/#breadcrumb","itemListElement":[{"@type":"ListItem","position":1,"name":"Home","item":"https:\/\/liviko.eu\/lv\/"},{"@type":"ListItem","position":2,"name":"PRE\u010cU Z\u012aMES","item":"https:\/\/liviko.eu\/lv\/liviko-distillery\/"},{"@type":"ListItem","position":3,"name":"Re-crafted Crafter&#8217;s"}]},{"@type":"WebSite","@id":"https:\/\/liviko.eu\/lv\/#website","url":"https:\/\/liviko.eu\/lv\/","name":"Liviko","description":"anno 1898","publisher":{"@id":"https:\/\/liviko.eu\/lv\/#organization"},"potentialAction":[{"@type":"SearchAction","target":{"@type":"EntryPoint","urlTemplate":"https:\/\/liviko.eu\/lv\/?s={search_term_string}"},"query-input":{"@type":"PropertyValueSpecification","valueRequired":true,"valueName":"search_term_string"}}],"inLanguage":"lv-LV"},{"@type":"Organization","@id":"https:\/\/liviko.eu\/lv\/#organization","name":"Liviko","url":"https:\/\/liviko.eu\/lv\/","logo":{"@type":"ImageObject","inLanguage":"lv-LV","@id":"https:\/\/liviko.eu\/lv\/#\/schema\/logo\/image\/","url":"https:\/\/liviko.eu\/wp-content\/uploads\/2020\/10\/liviko_logo.png","contentUrl":"https:\/\/liviko.eu\/wp-content\/uploads\/2020\/10\/liviko_logo.png","width":515,"height":181,"caption":"Liviko"},"image":{"@id":"https:\/\/liviko.eu\/lv\/#\/schema\/logo\/image\/"},"sameAs":["https:\/\/www.facebook.com\/LivikoDistillery\/","https:\/\/www.instagram.com\/livikodistillery","https:\/\/www.linkedin.com\/company\/liviko\/","https:\/\/www.youtube.com\/channel\/UCnoHr-PaNxBHJO8nMDLVGuA"]}]}},"_links":{"self":[{"href":"https:\/\/liviko.eu\/lv\/wp-json\/wp\/v2\/pages\/888","targetHints":{"allow":["GET"]}}],"collection":[{"href":"https:\/\/liviko.eu\/lv\/wp-json\/wp\/v2\/pages"}],"about":[{"href":"https:\/\/liviko.eu\/lv\/wp-json\/wp\/v2\/types\/page"}],"author":[{"embeddable":true,"href":"https:\/\/liviko.eu\/lv\/wp-json\/wp\/v2\/users\/1"}],"replies":[{"embeddable":true,"href":"https:\/\/liviko.eu\/lv\/wp-json\/wp\/v2\/comments?post=888"}],"version-history":[{"count":1,"href":"https:\/\/liviko.eu\/lv\/wp-json\/wp\/v2\/pages\/888\/revisions"}],"predecessor-version":[{"id":21779,"href":"https:\/\/liviko.eu\/lv\/wp-json\/wp\/v2\/pages\/888\/revisions\/21779"}],"up":[{"embeddable":true,"href":"https:\/\/liviko.eu\/lv\/wp-json\/wp\/v2\/pages\/770"}],"wp:attachment":[{"href":"https:\/\/liviko.eu\/lv\/wp-json\/wp\/v2\/media?parent=888"}],"wp:term":[{"taxonomy":"category","embeddable":true,"href":"https:\/\/liviko.eu\/lv\/wp-json\/wp\/v2\/categories?post=888"}],"curies":[{"name":"wp","href":"https:\/\/api.w.org\/{rel}","templated":true}]}}