{"id":896,"date":"2020-07-06T11:53:00","date_gmt":"2020-07-06T11:53:00","guid":{"rendered":"http:\/\/liviko.eu\/liviko-distillery\/vana-tallinn\/"},"modified":"2023-11-22T07:24:04","modified_gmt":"2023-11-22T07:24:04","slug":"vana-tallinn","status":"publish","type":"page","link":"https:\/\/liviko.eu\/lv\/liviko-distillery\/vana-tallinn\/","title":{"rendered":"Vana Tallinn"},"content":{"rendered":"<div id=\"pageHeader-block_cedfa9f346d017f2ee344babfea483f4\" class=\" c-contentBlock c-pageHeader\" data-block-type=\"Page header\">\n                    <h1 class=\"c-pageHeader__title\">VANA TALLINN<\/h1>\n                            <div class=\"c-pageHeader__text t-text\"><p><em>Vana Tallinn<\/em> li\u0137ieris ar savu unik\u0101lo gar\u0161u ir viena no Igaunijas paz\u012bstam\u0101kaj\u0101m pre\u010dz\u012bm\u0113m. <em>Vana Tallinn<\/em> li\u0137iera samtaino, ta\u010du pikanto gar\u0161u veido Jamaikas pies\u0101tin\u0101tais rums, r\u016bp\u012bgi atlas\u012bt\u0101s gar\u0161vielas un eksotiski citrusaug\u013ci. <em>Vana Tallinn<\/em> pagatavo\u0161an\u0101 tiek izmantotas tikai dab\u012bgas sast\u0101vda\u013cas.<\/p>\n<\/div>\n                        <div class=\"c-pageHeader__tools\">\n        \t<a href=\"#page-896-body\" class=\"c-pageHeader__scrollButton js-scrollTo\">\n        \t\t<span class=\"visuallyhidden\">Scroll to content<\/span>\n                <span class=\"icon-down\"><\/span>\n        \t<\/a>\n        <\/div>\n        \n<\/div>\n<a id=\"page-896-body\"><\/a>\n\n<div id=\"mediaBlock-block_6c3084f233882e2eb848908d64bf8a71\" class=\" c-contentBlock c-mediaBlock c-mediaBlock--align-left c-mediaBlock--valign-top c-mediaBlock--size-extra-small c-mediaBlock--imageHeight-small\" data-block-type=\"Media block\">\n   \n                \n     <div class=\"c-mediaBlock__media\" style=\"\"\">\n        <img fetchpriority=\"high\" decoding=\"async\" width=\"235\" height=\"920\" src=\"https:\/\/liviko.eu\/wp-content\/uploads\/2020\/10\/vanatallinn.jpg\" class=\"c-mediaBlock__image\" alt=\"Vana Tallinn liqueur\" \/>    <\/div>\n     <div class=\"c-mediaBlock__body\">\n                    <h2 class=\"c-mediaBlock__title\">Vana Tallinn liqueur<\/h2>\n                <div class=\"c-mediaBlock__content\">\n            <div class=\"t-text\">\n            <p><em>Vana Tallinn<\/em> ir reprezentat\u012bvs Igaunijas produkts, kas \u201cLiviko\u201c r\u016bpn\u012bc\u0101 bez p\u0101rtraukuma tiek ra\u017eots jau kop\u0161 1960. gada. Pasaul\u0113 popul\u0101r\u0101k\u0101 Igaunijas li\u0137iera recepte tiek glab\u0101ta tikpat liel\u0101 slepen\u012bb\u0101 k\u0101 valsts nosl\u0113pums.<br \/>\n<em>Vana Tallinn<\/em> 45% recepti 1960. gad\u0101 rad\u012bja ceha vad\u012bt\u0101js Bernhards Jirno (<em>Bernhard Jurno<\/em>), r\u016bpn\u012bcas meistars J\u0101ns S\u012bmo (<em>Jaan Siimo<\/em>) un li\u0137ieru meistare Ilze M\u0101ra (<em>Ilse Maar<\/em>).<br \/>\n1990. gad\u0101 45% produkcija tika aizst\u0101ta ar 40% produktu eksportam. 1999. gad\u0101 Vana Tallinn piedz\u012bvo atjauno\u0161anu, pudele tiek padar\u012bta slaid\u0101ka, bet jumta daksti\u0146u mot\u012bvs t\u0101s aug\u0161da\u013c\u0101 \u2013 dzi\u013c\u0101ks. 45% atgriez\u0101s \u0123imen\u0113 un 50% tika pievienoti.<\/p>\n<p>Klasisk\u0101 <em>Vana Tallinn<\/em> tor\u0146a formas pudele rad\u012bta, iedvesmojoties no Tallinas vecpils\u0113tas, un t\u0101 att\u0113lo viduslaiku pils\u0113tas m\u016bra tor\u0146us, kas ir iek\u013cauti UNESCO Pasaules mantojuma sarakst\u0101.<\/p>\n<p><em>Vana Tallinn<\/em> gar\u0161as toni nosaka sp\u0113c\u012bgais Jamaikas rums, eksotiskie apels\u012bni un citroni, k\u0101 ar\u012b \u012bpa\u0161i r\u016bp\u012bgi atlas\u012bt\u0101s arom\u0101tisk\u0101s gar\u0161vielas. <em>Vana Tallinn<\/em> li\u0137ierim, kas sast\u0101v tikai no dab\u012bg\u0101m sast\u0101vda\u013c\u0101m, ir \u012bpa\u0161i samtaini eksotiska gar\u0161a. <em>Vana Tallinn<\/em> li\u0137iera nedaudz asaj\u0101 gar\u0161\u0101 un pat\u012bkamaj\u0101 arom\u0101t\u0101 var sajust vani\u013cas p\u0101ksts, citrusaug\u013cu, karameles, <em>\u012brisa konfek\u0161u <\/em>un sildo\u0161o gar\u0161vielu bu\u0137eti. Uzbudino\u0161i r\u016bgteno piegar\u0161u un eksotisko arom\u0101tu dz\u0113rienam pie\u0161\u0137ir kan\u0113\u013ca miza. R\u016bp\u012bgais un darbietilp\u012bgais li\u0137iera pagatavo\u0161anas process liel\u0101 m\u0113r\u0101 ir roku darbs. Dz\u0113riena pagatavo\u0161anai nepiecie\u0161ams gandr\u012bz m\u0113nesis.<\/p>\n<p><em>Vana Tallinn<\/em> li\u0137ieris ir pieejams 40%, 45% un 50% variantos. <em>Vana Tallinn<\/em> produktu saim\u0113 ietilpst ar\u012b kr\u0113juma li\u0137ieris<em> Vana Tallinn Cream, <\/em>li\u0137ieri <em>Vana Tallinn Wild Spices, Vana Tallinn Coffee Fusion, Vana Tallinn Heritage Edition, Vana Tallinn Elegance<\/em> un <em>Vana Tallinn Signature<\/em>. <em>Vana Tallinn<\/em> produktu saim\u0113 ien\u0101k \u012brisa un karameles gar\u0161as pies\u0101tin\u0101tais <em>Vana Tallinn Toffee Caramel<\/em>. Jaun\u0101kie produktu saim\u0113 ir <em>Vana Tallinn Coffee Espresso.<\/em><\/p>\n<p><em>Vana Tallinn<\/em> vislab\u0101k pasniegt zem\u0101 gl\u0101z\u0113 ar ledu un p\u0101ris citrona \u0161\u0137\u0113l\u012bt\u0113m. <em>Vana Tallinn<\/em> li\u0137ieris ir iecien\u012bta un popul\u0101ra sast\u0101vda\u013ca gan koktei\u013cos, gan ar\u012b pav\u0101rm\u0101ksl\u0101.<\/p>\n<p><a href=\"http:\/\/www.vanatallinn.eu\/\">vanatallinn.eu<\/a><\/p>\n<p><strong>Godalgas:<\/strong><\/p>\n<ul>\n<li>Igaunijas Lab\u0101kais dz\u0113riens 2023- kategorijas li\u0137ieri kopv\u0113rt\u0113jum\u0101 &#8211; Vana Tallinn Coffee Espresso<\/li>\n<li>The Liqueur Masters 2023 \u2013sudraba meda\u013ca, Vana Tallinn Coffee Espresso<\/li>\n<li><span class=\"Y2IQFc\" lang=\"lv\">Igaunijas lab\u0101kais dz\u0113riens 2022 \u2014 lab\u0101k\u0101 li\u0137iera un nalivkas sudraba meda\u013ca, Vana Tallinn Toffee Caramel<\/span><\/li>\n<li>The Liqueur Masters 2022 \u2013sudraba meda\u013ca, Vana Tallinn 40<\/li>\n<li>The Liqueur Masters 2022 \u2013zelta meda\u013ca, Vana Tallinn Toffee Caramel<\/li>\n<li>Igaunijas 2022. gada lab\u0101kais alkoholiskais dz\u0113riens- Vana Tallinn Toffee Caramel<\/li>\n<li><em>The Spirits International Prestige 2010<\/em> \u2013 I vieta<\/li>\n<li><em>The International Wine and Spirit Competition 2010 <\/em>\u2013 I vieta<\/li>\n<li>Igaunijas 2011. gada lab\u0101kais alkoholiskais dz\u0113riens \u2013 <em>Vana Tallinn Heritage<\/em><\/li>\n<li>Igaunijas 2013. gada lab\u0101kais alkoholiskais dz\u0113riens \u2013 <em>Vana Tallinn Winter Spice<\/em><\/li>\n<li>Igaunijas 2014. gada lab\u0101kais alkoholiskais dz\u0113riens \u2013 <em>Vana Tallinn Signature<\/em><\/li>\n<li><em>The International Wine and Spirit Competition 2014<\/em> \u2013 II vieta, <em>Vana Tallinn Signature<\/em><\/li>\n<li><em>The Spirits International Prestige 2015<\/em> \u2013 I vieta<\/li>\n<li><em>IWSC 2015 Silver <\/em>\u2013 <em>Vana Tallinn 40<\/em><\/li>\n<li><em>The Spirits International Prestige 2017<\/em> \u2013 I vieta <em>Vana Tallinn 40<\/em><\/li>\n<li><em>The International Wine and Spirit Competition 2017<\/em> \u2013 II vieta, <em>Vana Tallinn 40<\/em><\/li>\n<li><em>Comsumers Choise Award SIP<\/em> 2017 \u2013 <em>Vana Tallinn 40<\/em><\/li>\n<li><em>The International Wine and Spirit Competition 2017<\/em> \u2013 I vieta, <em>Vana Tallinn Elegance<\/em><\/li>\n<\/ul>\n            <\/div>\n                            \n        <\/div>\n    <\/div>\n<\/div>\n\n\n<div id=\"featureBlocks-block_7af715e205d6ea50607c0e62601948fc\" class=\" c-contentBlock c-featureBlocks c-featureBlocks--type-expanded c-featureBlocks--grid-columns\" data-block-type=\"Feature blocks: expanded\">\n   <div class=\"c-featureBlocksGroup\">\n\n\n                          <div class=\"c-featureBlocks__item\">\n                \n                \n                    <div class=\"c-featureBlocks__item-block\"    >\n\n                                                                                            <div class=\"c-featureBlock__imageContainer\">\n                                <img decoding=\"async\" width=\"800\" height=\"800\" src=\"https:\/\/liviko.eu\/wp-content\/uploads\/2020\/09\/usp1.jpg\" class=\"c-featureBlock__image\" alt=\"\" srcset=\"https:\/\/liviko.eu\/wp-content\/uploads\/2020\/09\/usp1.jpg 800w, https:\/\/liviko.eu\/wp-content\/uploads\/2020\/09\/usp1-480x480.jpg 480w, https:\/\/liviko.eu\/wp-content\/uploads\/2020\/09\/usp1-768x768.jpg 768w\" sizes=\"(max-width: 800px) 100vw, 800px\" \/>                                <\/div>\n                               \n\n                            <div class=\"c-featureBlocks__item-body\">\n                                    <h3 class=\"c-featureBlocks__item-title\"><\/h3>\n                                    <div class=\"t-text\">\n                                        <p><strong>Unik\u0101la recepte<br \/>\n<\/strong>Jau pirms\u0101kumos bija skaidrs, ka le\u0123end\u0101r\u0101 <em>Vana Tallinn<\/em> li\u0137iera recepte ir izcils tr\u0101p\u012bjums, t\u0101p\u0113c t\u0101 gadu gait\u0101 nekad nav tikusi main\u012bta. Unik\u0101laj\u0101 li\u0137ier\u012b var sajust stipr\u0101, pies\u0101tin\u0101t\u0101 Jamaikas ruma gar\u0161u, eksotisko apels\u012bnu un citronu, k\u0101 ar\u012b da\u017e\u0101das gar\u0161vielas no visas pasaules. Tikai \u201cLiviko\u201d li\u0137iera meistariem zin\u0101maj\u0101 recept\u0113 ir vair\u0101k nek\u0101 desmit sast\u0101vda\u013cu.<\/p>\n                                    <\/div>\n                            <\/div>\n\n                    <\/div>    \n                        \n\n\n                            \n            <\/div>\n            \n                    <div class=\"c-featureBlocks__item\">\n                \n                \n                    <div class=\"c-featureBlocks__item-block\"    >\n\n                                                                                            <div class=\"c-featureBlock__imageContainer\">\n                                <img decoding=\"async\" width=\"800\" height=\"800\" src=\"https:\/\/liviko.eu\/wp-content\/uploads\/2020\/09\/Vanilje.jpg\" class=\"c-featureBlock__image\" alt=\"\" srcset=\"https:\/\/liviko.eu\/wp-content\/uploads\/2020\/09\/Vanilje.jpg 800w, https:\/\/liviko.eu\/wp-content\/uploads\/2020\/09\/Vanilje-480x480.jpg 480w, https:\/\/liviko.eu\/wp-content\/uploads\/2020\/09\/Vanilje-768x768.jpg 768w\" sizes=\"(max-width: 800px) 100vw, 800px\" \/>                                <\/div>\n                               \n\n                            <div class=\"c-featureBlocks__item-body\">\n                                    <h3 class=\"c-featureBlocks__item-title\"><\/h3>\n                                    <div class=\"t-text\">\n                                        <p><strong>V\u0113rt\u012bgas izejvielas<br \/>\n<\/strong>Dz\u0113rienu pagatavo\u0161anai \u201cLiviko\u201d izmanto \u012bstas vani\u013cas p\u0101kstis, kas ir viena no v\u0113rt\u012bg\u0101kaj\u0101m izejviel\u0101m pasaul\u0113. Vani\u013cas p\u0101kstis \u201cLiviko\u201d tiek pieg\u0101d\u0101tas no Madagaskaras salas. M\u0113s \u201cLiviko\u201d ra\u017eotn\u0113 lepojamies ar m\u016bsu produktu dab\u012bgo un \u012bsto gar\u0161u. Ir zin\u0101ms, ka tikai maz\u0101k nek\u0101 1% no pasaules produktiem ar vani\u013cas arom\u0101tu ir izgatavoti, izmantojot \u012bstas vani\u013cas p\u0101kstis.<\/p>\n<p>&nbsp;<\/p>\n                                    <\/div>\n                            <\/div>\n\n                    <\/div>    \n                        \n\n\n                            \n            <\/div>\n            \n                    <div class=\"c-featureBlocks__item\">\n                \n                \n                    <div class=\"c-featureBlocks__item-block\"    >\n\n                                                                                            <div class=\"c-featureBlock__imageContainer\">\n                                <img loading=\"lazy\" decoding=\"async\" width=\"800\" height=\"800\" src=\"https:\/\/liviko.eu\/wp-content\/uploads\/2020\/09\/usp3.jpg\" class=\"c-featureBlock__image\" alt=\"\" srcset=\"https:\/\/liviko.eu\/wp-content\/uploads\/2020\/09\/usp3.jpg 800w, https:\/\/liviko.eu\/wp-content\/uploads\/2020\/09\/usp3-480x480.jpg 480w, https:\/\/liviko.eu\/wp-content\/uploads\/2020\/09\/usp3-768x768.jpg 768w\" sizes=\"(max-width: 800px) 100vw, 800px\" \/>                                <\/div>\n                               \n\n                            <div class=\"c-featureBlocks__item-body\">\n                                    <h3 class=\"c-featureBlocks__item-title\"><\/h3>\n                                    <div class=\"t-text\">\n                                        <p><strong>115 miljoni pude\u013cu<\/strong><br \/>\nKop\u0161 Vana Tallinn li\u0137iera ra\u017eo\u0161anas pirms\u0101kumiem 1960.gad\u0101 ir p\u0101rdotas 115 miljoni pude\u013cu \u0161\u012b dz\u0113riena. Vana Tallinn ir viena no Igaunijas zin\u0101m\u0101kaj\u0101m un iecien\u012bt\u0101kaj\u0101m pre\u010dz\u012bm\u0113m. \u201cLiviko\u201d p\u0101rdod Vana Tallinn li\u0137ieri vair\u0101k nek\u0101 40 pasaules valst\u012bs.<\/p>\n<p>&nbsp;<\/p>\n<p>&nbsp;<\/p>\n                                    <\/div>\n                            <\/div>\n\n                    <\/div>    \n                        \n\n\n                            \n            <\/div>\n            \n                <div class=\"c-featureBlocks__item c-featureBlocks__item--empty\"><\/div>\n    <div class=\"c-featureBlocks__item c-featureBlocks__item--empty\"><\/div>\n    <\/div>\n<\/div>\n\n\n\n<div id=\"spacer-block_78c37c41869e88309620f66488df410f\" class=\"c-contentBlock c-spacerContainer\"  data-block-type=\"Spacer\">\n   <hr class=\"  c-spacer c-spacer--size-3 c-spacer--line\" >\n<\/div>\n\n\n\n<div id=\"relatedItems-block_ba94b96d80231f3c8f9a0d29cf2d8bfd\" class=\" c-contentBlock c-relatedItems\" data-block-type=\"Related items\" >\n   \n            <h2 class=\"c-relatedItems__title \">L\u012aDZ\u012aGI PRODUKTI<\/h2>\n     \n    <div class=\"c-relatedItems__content\">\n\n\n    \n\n             \n         \n                \n\n            <a class=\"c-relatedItems__item \" href=\"https:\/\/liviko.eu\/lv\/liviko-distillery\/vana-tallinn-cream\/\">\n                \n                \n                    <div class=\"c-relatedItems__item-imageContainer\" >\n                        <img loading=\"lazy\" decoding=\"async\" width=\"116\" height=\"320\" src=\"https:\/\/liviko.eu\/wp-content\/uploads\/2020\/08\/VT-Cream_Original-1.png\" class=\"c-relatedItems__item-image\" alt=\"Vana Tallinn Cream\" srcset=\"https:\/\/liviko.eu\/wp-content\/uploads\/2020\/08\/VT-Cream_Original-1.png 727w, https:\/\/liviko.eu\/wp-content\/uploads\/2020\/08\/VT-Cream_Original-1-334x920.png 334w, https:\/\/liviko.eu\/wp-content\/uploads\/2020\/08\/VT-Cream_Original-1-497x1366.png 497w, https:\/\/liviko.eu\/wp-content\/uploads\/2020\/08\/VT-Cream_Original-1-558x1536.png 558w\" sizes=\"(max-width: 116px) 100vw, 116px\" \/>                    <\/div>\n                    <div class=\"c-relatedItems__item-details\">\n                        <h3 class=\"c-relatedItems__item-title\">Vana Tallinn Cream<\/h3>                                            <\/div>\n                \n            <\/a>\n            \n        \n                \n\n            <a class=\"c-relatedItems__item \" href=\"https:\/\/liviko.eu\/lv\/liviko-distillery\/glogg\/\">\n                \n                \n                    <div class=\"c-relatedItems__item-imageContainer\" >\n                        <img loading=\"lazy\" decoding=\"async\" width=\"88\" height=\"320\" src=\"https:\/\/liviko.eu\/wp-content\/uploads\/2020\/08\/Vana-Tallinn-Gl\u00f6gi-FULL.png\" class=\"c-relatedItems__item-image\" alt=\"Vana Tallinn Glogg\" \/>                    <\/div>\n                    <div class=\"c-relatedItems__item-details\">\n                        <h3 class=\"c-relatedItems__item-title\">Vana Tallinn Glogg<\/h3>                                            <\/div>\n                \n            <\/a>\n            \n                <\/div>\n<\/div>\n\n\n\n<p><\/p>\n","protected":false},"excerpt":{"rendered":"","protected":false},"author":1,"featured_media":0,"parent":770,"menu_order":19,"comment_status":"closed","ping_status":"closed","template":"page-templates\/page-product.php","meta":{"_acf_changed":false,"inline_featured_image":false,"_monsterinsights_skip_tracking":false,"_monsterinsights_sitenote_active":false,"_monsterinsights_sitenote_note":"","_monsterinsights_sitenote_category":0,"footnotes":""},"categories":[59],"class_list":["post-896","page","type-page","status-publish","hentry","category-liquer-lv"],"acf":[],"yoast_head":"<!-- This site is optimized with the Yoast SEO plugin v24.0 - https:\/\/yoast.com\/wordpress\/plugins\/seo\/ -->\n<title>Vana Tallinn - Liviko<\/title>\n<meta name=\"robots\" content=\"index, follow, max-snippet:-1, max-image-preview:large, max-video-preview:-1\" \/>\n<link rel=\"canonical\" href=\"https:\/\/liviko.eu\/lv\/liviko-distillery\/vana-tallinn\/\" \/>\n<meta property=\"og:locale\" content=\"lv_LV\" \/>\n<meta property=\"og:type\" content=\"article\" \/>\n<meta property=\"og:title\" content=\"Vana Tallinn - Liviko\" \/>\n<meta property=\"og:url\" content=\"https:\/\/liviko.eu\/lv\/liviko-distillery\/vana-tallinn\/\" \/>\n<meta property=\"og:site_name\" content=\"Liviko\" \/>\n<meta property=\"article:publisher\" content=\"https:\/\/www.facebook.com\/LivikoDistillery\/\" \/>\n<meta property=\"article:modified_time\" content=\"2023-11-22T07:24:04+00:00\" \/>\n<meta name=\"twitter:card\" content=\"summary_large_image\" \/>\n<script type=\"application\/ld+json\" class=\"yoast-schema-graph\">{\"@context\":\"https:\/\/schema.org\",\"@graph\":[{\"@type\":\"WebPage\",\"@id\":\"https:\/\/liviko.eu\/lv\/liviko-distillery\/vana-tallinn\/\",\"url\":\"https:\/\/liviko.eu\/lv\/liviko-distillery\/vana-tallinn\/\",\"name\":\"Vana Tallinn - Liviko\",\"isPartOf\":{\"@id\":\"https:\/\/liviko.eu\/lv\/#website\"},\"datePublished\":\"2020-07-06T11:53:00+00:00\",\"dateModified\":\"2023-11-22T07:24:04+00:00\",\"breadcrumb\":{\"@id\":\"https:\/\/liviko.eu\/lv\/liviko-distillery\/vana-tallinn\/#breadcrumb\"},\"inLanguage\":\"lv-LV\",\"potentialAction\":[{\"@type\":\"ReadAction\",\"target\":[\"https:\/\/liviko.eu\/lv\/liviko-distillery\/vana-tallinn\/\"]}]},{\"@type\":\"BreadcrumbList\",\"@id\":\"https:\/\/liviko.eu\/lv\/liviko-distillery\/vana-tallinn\/#breadcrumb\",\"itemListElement\":[{\"@type\":\"ListItem\",\"position\":1,\"name\":\"Home\",\"item\":\"https:\/\/liviko.eu\/lv\/\"},{\"@type\":\"ListItem\",\"position\":2,\"name\":\"PRE\u010cU Z\u012aMES\",\"item\":\"https:\/\/liviko.eu\/lv\/liviko-distillery\/\"},{\"@type\":\"ListItem\",\"position\":3,\"name\":\"Vana Tallinn\"}]},{\"@type\":\"WebSite\",\"@id\":\"https:\/\/liviko.eu\/lv\/#website\",\"url\":\"https:\/\/liviko.eu\/lv\/\",\"name\":\"Liviko\",\"description\":\"anno 1898\",\"publisher\":{\"@id\":\"https:\/\/liviko.eu\/lv\/#organization\"},\"potentialAction\":[{\"@type\":\"SearchAction\",\"target\":{\"@type\":\"EntryPoint\",\"urlTemplate\":\"https:\/\/liviko.eu\/lv\/?s={search_term_string}\"},\"query-input\":{\"@type\":\"PropertyValueSpecification\",\"valueRequired\":true,\"valueName\":\"search_term_string\"}}],\"inLanguage\":\"lv-LV\"},{\"@type\":\"Organization\",\"@id\":\"https:\/\/liviko.eu\/lv\/#organization\",\"name\":\"Liviko\",\"url\":\"https:\/\/liviko.eu\/lv\/\",\"logo\":{\"@type\":\"ImageObject\",\"inLanguage\":\"lv-LV\",\"@id\":\"https:\/\/liviko.eu\/lv\/#\/schema\/logo\/image\/\",\"url\":\"https:\/\/liviko.eu\/wp-content\/uploads\/2020\/10\/liviko_logo.png\",\"contentUrl\":\"https:\/\/liviko.eu\/wp-content\/uploads\/2020\/10\/liviko_logo.png\",\"width\":515,\"height\":181,\"caption\":\"Liviko\"},\"image\":{\"@id\":\"https:\/\/liviko.eu\/lv\/#\/schema\/logo\/image\/\"},\"sameAs\":[\"https:\/\/www.facebook.com\/LivikoDistillery\/\",\"https:\/\/www.instagram.com\/livikodistillery\",\"https:\/\/www.linkedin.com\/company\/liviko\/\",\"https:\/\/www.youtube.com\/channel\/UCnoHr-PaNxBHJO8nMDLVGuA\"]}]}<\/script>\n<!-- \/ Yoast SEO plugin. -->","yoast_head_json":{"title":"Vana Tallinn - Liviko","robots":{"index":"index","follow":"follow","max-snippet":"max-snippet:-1","max-image-preview":"max-image-preview:large","max-video-preview":"max-video-preview:-1"},"canonical":"https:\/\/liviko.eu\/lv\/liviko-distillery\/vana-tallinn\/","og_locale":"lv_LV","og_type":"article","og_title":"Vana Tallinn - Liviko","og_url":"https:\/\/liviko.eu\/lv\/liviko-distillery\/vana-tallinn\/","og_site_name":"Liviko","article_publisher":"https:\/\/www.facebook.com\/LivikoDistillery\/","article_modified_time":"2023-11-22T07:24:04+00:00","twitter_card":"summary_large_image","schema":{"@context":"https:\/\/schema.org","@graph":[{"@type":"WebPage","@id":"https:\/\/liviko.eu\/lv\/liviko-distillery\/vana-tallinn\/","url":"https:\/\/liviko.eu\/lv\/liviko-distillery\/vana-tallinn\/","name":"Vana Tallinn - Liviko","isPartOf":{"@id":"https:\/\/liviko.eu\/lv\/#website"},"datePublished":"2020-07-06T11:53:00+00:00","dateModified":"2023-11-22T07:24:04+00:00","breadcrumb":{"@id":"https:\/\/liviko.eu\/lv\/liviko-distillery\/vana-tallinn\/#breadcrumb"},"inLanguage":"lv-LV","potentialAction":[{"@type":"ReadAction","target":["https:\/\/liviko.eu\/lv\/liviko-distillery\/vana-tallinn\/"]}]},{"@type":"BreadcrumbList","@id":"https:\/\/liviko.eu\/lv\/liviko-distillery\/vana-tallinn\/#breadcrumb","itemListElement":[{"@type":"ListItem","position":1,"name":"Home","item":"https:\/\/liviko.eu\/lv\/"},{"@type":"ListItem","position":2,"name":"PRE\u010cU Z\u012aMES","item":"https:\/\/liviko.eu\/lv\/liviko-distillery\/"},{"@type":"ListItem","position":3,"name":"Vana Tallinn"}]},{"@type":"WebSite","@id":"https:\/\/liviko.eu\/lv\/#website","url":"https:\/\/liviko.eu\/lv\/","name":"Liviko","description":"anno 1898","publisher":{"@id":"https:\/\/liviko.eu\/lv\/#organization"},"potentialAction":[{"@type":"SearchAction","target":{"@type":"EntryPoint","urlTemplate":"https:\/\/liviko.eu\/lv\/?s={search_term_string}"},"query-input":{"@type":"PropertyValueSpecification","valueRequired":true,"valueName":"search_term_string"}}],"inLanguage":"lv-LV"},{"@type":"Organization","@id":"https:\/\/liviko.eu\/lv\/#organization","name":"Liviko","url":"https:\/\/liviko.eu\/lv\/","logo":{"@type":"ImageObject","inLanguage":"lv-LV","@id":"https:\/\/liviko.eu\/lv\/#\/schema\/logo\/image\/","url":"https:\/\/liviko.eu\/wp-content\/uploads\/2020\/10\/liviko_logo.png","contentUrl":"https:\/\/liviko.eu\/wp-content\/uploads\/2020\/10\/liviko_logo.png","width":515,"height":181,"caption":"Liviko"},"image":{"@id":"https:\/\/liviko.eu\/lv\/#\/schema\/logo\/image\/"},"sameAs":["https:\/\/www.facebook.com\/LivikoDistillery\/","https:\/\/www.instagram.com\/livikodistillery","https:\/\/www.linkedin.com\/company\/liviko\/","https:\/\/www.youtube.com\/channel\/UCnoHr-PaNxBHJO8nMDLVGuA"]}]}},"_links":{"self":[{"href":"https:\/\/liviko.eu\/lv\/wp-json\/wp\/v2\/pages\/896","targetHints":{"allow":["GET"]}}],"collection":[{"href":"https:\/\/liviko.eu\/lv\/wp-json\/wp\/v2\/pages"}],"about":[{"href":"https:\/\/liviko.eu\/lv\/wp-json\/wp\/v2\/types\/page"}],"author":[{"embeddable":true,"href":"https:\/\/liviko.eu\/lv\/wp-json\/wp\/v2\/users\/1"}],"replies":[{"embeddable":true,"href":"https:\/\/liviko.eu\/lv\/wp-json\/wp\/v2\/comments?post=896"}],"version-history":[{"count":50,"href":"https:\/\/liviko.eu\/lv\/wp-json\/wp\/v2\/pages\/896\/revisions"}],"predecessor-version":[{"id":50925,"href":"https:\/\/liviko.eu\/lv\/wp-json\/wp\/v2\/pages\/896\/revisions\/50925"}],"up":[{"embeddable":true,"href":"https:\/\/liviko.eu\/lv\/wp-json\/wp\/v2\/pages\/770"}],"wp:attachment":[{"href":"https:\/\/liviko.eu\/lv\/wp-json\/wp\/v2\/media?parent=896"}],"wp:term":[{"taxonomy":"category","embeddable":true,"href":"https:\/\/liviko.eu\/lv\/wp-json\/wp\/v2\/categories?post=896"}],"curies":[{"name":"wp","href":"https:\/\/api.w.org\/{rel}","templated":true}]}}