{"id":900,"date":"2020-07-06T11:53:25","date_gmt":"2020-07-06T11:53:25","guid":{"rendered":"http:\/\/liviko.eu\/liviko-distillery\/vana-tallinn-cream\/"},"modified":"2023-11-22T08:03:21","modified_gmt":"2023-11-22T08:03:21","slug":"vana-tallinn-cream","status":"publish","type":"page","link":"https:\/\/liviko.eu\/lv\/liviko-distillery\/vana-tallinn-cream\/","title":{"rendered":"Vana Tallinn Cream"},"content":{"rendered":"<div id=\"pageHeader-block_0ddb9cf87488942f9c4f642c2a4cbb1b\" class=\" c-contentBlock c-pageHeader\" data-block-type=\"Page header\">\n                    <h1 class=\"c-pageHeader__title\">VANA TALLINN CREAM<\/h1>\n                            <div class=\"c-pageHeader__text t-text\"><p>Izsmalcin\u0101to kr\u0113juma li\u0137ieri<em> Vana Tallinn Cream<\/em> veido kompoz\u012bcija no sald\u0101 kr\u0113juma, Jamaikas ruma, eksotiskiem citrusaug\u013ciem un arom\u0101tisk\u0101m gar\u0161viel\u0101m. <em>Vana Tallinn Cream<\/em> piem\u012bt kr\u0113juma li\u0137ierim rakstur\u012bg\u0101 z\u012bdaini maig\u0101 tekst\u016bra.<\/p>\n<\/div>\n                \n<\/div>\n<a id=\"page-900-body\"><\/a>\n\n<div id=\"mediaBlock-block_1783a3afb3455e040c8873e00763078a\" class=\" c-contentBlock c-mediaBlock c-mediaBlock--align-left c-mediaBlock--valign-center c-mediaBlock--size-extra-small c-mediaBlock--imageHeight-small\" data-block-type=\"Media block\">\n   \n                \n     <div class=\"c-mediaBlock__media\" style=\"\"\">\n        <img fetchpriority=\"high\" decoding=\"async\" width=\"497\" height=\"1366\" src=\"https:\/\/liviko.eu\/wp-content\/uploads\/2020\/08\/VT-Cream_Original-497x1366.png\" class=\"c-mediaBlock__image\" alt=\"Vana Tallinn Cream\" srcset=\"https:\/\/liviko.eu\/wp-content\/uploads\/2020\/08\/VT-Cream_Original-497x1366.png 497w, https:\/\/liviko.eu\/wp-content\/uploads\/2020\/08\/VT-Cream_Original.png 727w\" sizes=\"(max-width: 497px) 100vw, 497px\" \/>    <\/div>\n     <div class=\"c-mediaBlock__body\">\n                    <h2 class=\"c-mediaBlock__title\">Vana Tallinn Cream<\/h2>\n                <div class=\"c-mediaBlock__content\">\n            <div class=\"t-text\">\n            <p><em>Vana Tallinn Cream<\/em> kr\u0113juma li\u0137ierim ir le\u0123end\u0101rajam <em>Vana Tallinn<\/em> li\u0137ierim rakstur\u012bg\u0101 gar\u0161as palete \u2013 pies\u0101tin\u0101tais Jamaikas rums, citrusaug\u013ci un r\u016bp\u012bgi atlas\u012bti gar\u0161augi. <em>Vana Tallinn Cream<\/em> piem\u012bt kr\u0113juma li\u0137ierim rakstur\u012bga z\u012bdaina tekst\u016bra.<\/p>\n<p>Klasiskaj\u0101 <em>Vana Tallinn Cream<\/em> kr\u0113juma li\u0137ier\u012b harmoniski apvienojas svaiga sald\u0101 kr\u0113juma un tradicion\u0101l\u0101 <em>Vana Tallinn<\/em> li\u0137iera gar\u0161a.<\/p>\n<p><em>Vana Tallinn Cream<\/em> kl\u0101st\u0101 ir\u00a0<em>Vana Tallinn Chocolate Cream<\/em> ar \u0161okol\u0101des gar\u0161u, <em>Vana Tallinn Ice Cream<\/em> ar vani\u013cas sald\u0113juma gar\u0161u, izteiksm\u012bgais un nedaudz r\u016bgtenais <em>Vana Tallinn Marzipan Cream, <\/em>k\u0101 ar\u012b veg\u0101niskais li\u0137ieris <em>Vana Tallinn Coconut<\/em> ar tropisko aug\u013cu arom\u0101tu un <em>Vana Tallinn Tiramisu Cream<\/em> ar arom\u0101tisku un k\u0101rdino\u0161u tiramisu gar\u0161u.<\/p>\n<p><em>Vana Tallinn Cream<\/em> ieteicams pasniegt ar lielu daudzumu ledus. <em>Vana Tallinn Cream<\/em> s\u0113rijas kr\u0113juma li\u0137ieri ir piem\u0113roti koktei\u013ciem, k\u0101 \u201cjumti\u0146\u0161\u201d kafijai un k\u0101 piedeva da\u017e\u0101diem desertiem.<\/p>\n<p><a href=\"http:\/\/www.vanatallinn.eu\/\">vanatallinn.eu<\/a><\/p>\n<p><strong>Godalgas:<\/strong><\/p>\n<ul>\n<li>Igaunijas lab\u0101kais dz\u0113riens 2023 &#8211; bronzas meda\u013ca, Vana Tallinn Tiramisu Cream<\/li>\n<li>The Liqueur Masters 2023- zelta meda\u013ca, Vana Tallinn Tiramisu Cream<\/li>\n<li>The Liqueur Masters 2022- veg\u0101nu kategorija, zelta meda\u013ca, Vana Tallinn Coconut<\/li>\n<li>Igaunijas 2017. gada lab\u0101kais alkoholiskais dz\u0113riens\u00a0&#8211; Vana Tallinn Yoghurt Cream<\/li>\n<li>Igaunijas 2007. gada lab\u0101kais alkoholiskais dz\u0113riens\u00a0&#8211; Vana Tallinn Chocolate Cream<\/li>\n<li>Igaunijas 2001. gada lab\u0101kais alkoholiskais dz\u0113riens\u00a0&#8211; Vana Tallinn Cream<\/li>\n<li>Igaunijas 2000. gada lab\u0101kais alkoholiskais dz\u0113riens\u00a0&#8211; Vana Tallinn Cream<\/li>\n<\/ul>\n            <\/div>\n                            \n        <\/div>\n    <\/div>\n<\/div>\n\n\n<div id=\"featureBlocks-block_ff3ab756decaff64bbb12534a0f68223\" class=\" c-contentBlock c-featureBlocks c-featureBlocks--type-expanded c-featureBlocks--grid-columns\" data-block-type=\"Feature blocks: expanded\">\n   <div class=\"c-featureBlocksGroup\">\n\n\n                          <div class=\"c-featureBlocks__item\">\n                \n                \n                    <div class=\"c-featureBlocks__item-block\"    >\n\n                                                                                            <div class=\"c-featureBlock__imageContainer\">\n                                <img decoding=\"async\" width=\"800\" height=\"800\" src=\"https:\/\/liviko.eu\/wp-content\/uploads\/2020\/09\/coconut_usp.jpg\" class=\"c-featureBlock__image\" alt=\"\" srcset=\"https:\/\/liviko.eu\/wp-content\/uploads\/2020\/09\/coconut_usp.jpg 800w, https:\/\/liviko.eu\/wp-content\/uploads\/2020\/09\/coconut_usp-480x480.jpg 480w, https:\/\/liviko.eu\/wp-content\/uploads\/2020\/09\/coconut_usp-768x768.jpg 768w\" sizes=\"(max-width: 800px) 100vw, 800px\" \/>                                <\/div>\n                               \n\n                            <div class=\"c-featureBlocks__item-body\">\n                                    <h3 class=\"c-featureBlocks__item-title\"><\/h3>\n                                    <div class=\"t-text\">\n                                        <p><strong>Veg\u0101niskais kokosriekstu li\u0137ieris<br \/>\n<\/strong>Veg\u0101niskajam <em>Vana Tallinn Coconut <\/em>ir kr\u0113juma li\u0137ierim rakstur\u012bg\u0101 kr\u0113m\u012bg\u0101 un z\u012bdain\u0101 tekst\u016bra. Tropisk\u0101 li\u0137iera gar\u0161as b\u0101zi veido kokosrieksta un ananasa harmonisk\u0101 savien\u012bba. Var sajust ar\u012b li\u0137iera <em>Vana Tallin<\/em> klasisk\u0101s gar\u0161as nianses \u2013 pikanto rumu, vani\u013cu, citrusaug\u013cus.<\/p>\n                                    <\/div>\n                            <\/div>\n\n                    <\/div>    \n                        \n\n\n                            \n            <\/div>\n            \n                    <div class=\"c-featureBlocks__item\">\n                \n                \n                    <div class=\"c-featureBlocks__item-block\"    >\n\n                                                                                            <div class=\"c-featureBlock__imageContainer\">\n                                <img decoding=\"async\" width=\"800\" height=\"800\" src=\"https:\/\/liviko.eu\/wp-content\/uploads\/2020\/09\/icecream_usp.jpg\" class=\"c-featureBlock__image\" alt=\"\" srcset=\"https:\/\/liviko.eu\/wp-content\/uploads\/2020\/09\/icecream_usp.jpg 800w, https:\/\/liviko.eu\/wp-content\/uploads\/2020\/09\/icecream_usp-480x480.jpg 480w, https:\/\/liviko.eu\/wp-content\/uploads\/2020\/09\/icecream_usp-768x768.jpg 768w\" sizes=\"(max-width: 800px) 100vw, 800px\" \/>                                <\/div>\n                               \n\n                            <div class=\"c-featureBlocks__item-body\">\n                                    <h3 class=\"c-featureBlocks__item-title\"><\/h3>\n                                    <div class=\"t-text\">\n                                        <p><strong>Le\u0123end\u0101ra gar\u0161a<br \/>\n<\/strong><em>Vana Tallinn Cream<\/em> kr\u0113juma li\u0137ieriem ir rakstur\u012bga le\u0123end\u0101r\u0101 <em>Vana Tallinn<\/em> li\u0137iera gar\u0161as palete \u2013 pies\u0101tin\u0101tais Jamaikas rums, citrusaug\u013ci un r\u016bp\u012bgi atlas\u012bti gar\u0161augi. <em>Vana Tallinn Cream<\/em> li\u0137iera izsmalcin\u0101t\u0101 gar\u0161a ide\u0101li savienojas ar t\u0101 z\u012bdaino, kr\u0113juma li\u0137ieriem rakstur\u012bgo tekst\u016bru.<\/p>\n                                    <\/div>\n                            <\/div>\n\n                    <\/div>    \n                        \n\n\n                            \n            <\/div>\n            \n                    <div class=\"c-featureBlocks__item\">\n                \n                \n                    <div class=\"c-featureBlocks__item-block\"    >\n\n                                                                                            <div class=\"c-featureBlock__imageContainer\">\n                                <img loading=\"lazy\" decoding=\"async\" width=\"800\" height=\"800\" src=\"https:\/\/liviko.eu\/wp-content\/uploads\/2020\/09\/original_usp.jpg\" class=\"c-featureBlock__image\" alt=\"\" srcset=\"https:\/\/liviko.eu\/wp-content\/uploads\/2020\/09\/original_usp.jpg 800w, https:\/\/liviko.eu\/wp-content\/uploads\/2020\/09\/original_usp-480x480.jpg 480w, https:\/\/liviko.eu\/wp-content\/uploads\/2020\/09\/original_usp-768x768.jpg 768w\" sizes=\"(max-width: 800px) 100vw, 800px\" \/>                                <\/div>\n                               \n\n                            <div class=\"c-featureBlocks__item-body\">\n                                    <h3 class=\"c-featureBlocks__item-title\"><\/h3>\n                                    <div class=\"t-text\">\n                                        <p><strong>Pudeles dizains<\/strong><br \/>\nKlasisk\u0101 Vana Tallinn li\u0137iera tor\u0146a formas pudele rad\u012bta, iedvesmojoties no Tallinas vecpils\u0113tas. T\u0101 att\u0113lo viduslaiku pils\u0113tas m\u016bra tor\u0146us, kas ir iek\u013cauti UNESCO Pasaules mantojuma sarakst\u0101. Izr\u0101dot cie\u0146u le\u0123end\u0101r\u0101 Vana Tallinn dizainam un dz\u0113riena rad\u012b\u0161anas vietai, ar\u012b kr\u0113juma li\u0137iera Vana Tallinn Cream pudeles forma ir rad\u012bta, iedvesmojoties no Tallinas, tor\u0146u pils\u0113tas, v\u0113sturisk\u0101s arhitekt\u016bras.<\/p>\n                                    <\/div>\n                            <\/div>\n\n                    <\/div>    \n                        \n\n\n                            \n            <\/div>\n            \n                <div class=\"c-featureBlocks__item c-featureBlocks__item--empty\"><\/div>\n    <div class=\"c-featureBlocks__item c-featureBlocks__item--empty\"><\/div>\n    <\/div>\n<\/div>\n\n\n\n<div id=\"spacer-block_753c08a693adf6b26ca6efb47e9b17e5\" class=\"c-contentBlock c-spacerContainer\"  data-block-type=\"Spacer\">\n   <hr class=\"  c-spacer c-spacer--size-3 c-spacer--line\" >\n<\/div>\n\n\n\n<div id=\"relatedItems-block_dd43bde7cc9d55e37d5d4a6f764340f9\" class=\" c-contentBlock c-relatedItems\" data-block-type=\"Related items\" >\n   \n            <h2 class=\"c-relatedItems__title \">L\u012aDZ\u012aGI PRODUKTI<\/h2>\n     \n    <div class=\"c-relatedItems__content\">\n\n\n    \n\n             \n         \n                \n\n            <a class=\"c-relatedItems__item \" href=\"https:\/\/liviko.eu\/lv\/liviko-distillery\/vana-tallinn\/\">\n                \n                \n                    <div class=\"c-relatedItems__item-imageContainer\" >\n                        <img loading=\"lazy\" decoding=\"async\" width=\"82\" height=\"320\" src=\"https:\/\/liviko.eu\/wp-content\/uploads\/2020\/10\/vanatallinn.jpg\" class=\"c-relatedItems__item-image\" alt=\"Vana Tallinn \" \/>                    <\/div>\n                    <div class=\"c-relatedItems__item-details\">\n                        <h3 class=\"c-relatedItems__item-title\">Vana Tallinn <\/h3>                                            <\/div>\n                \n            <\/a>\n            \n        \n                \n\n            <a class=\"c-relatedItems__item \" href=\"https:\/\/liviko.eu\/lv\/liviko-distillery\/glogg\/\">\n                \n                \n                    <div class=\"c-relatedItems__item-imageContainer\" >\n                        <img loading=\"lazy\" decoding=\"async\" width=\"80\" height=\"320\" src=\"https:\/\/liviko.eu\/wp-content\/uploads\/2023\/10\/Vana-Tallinn-Glogi-WEB-80x320.jpg\" class=\"c-relatedItems__item-image\" alt=\"Vana Tallinn Glogg\" srcset=\"https:\/\/liviko.eu\/wp-content\/uploads\/2023\/10\/Vana-Tallinn-Glogi-WEB-80x320.jpg 80w, https:\/\/liviko.eu\/wp-content\/uploads\/2023\/10\/Vana-Tallinn-Glogi-WEB-231x920.jpg 231w, https:\/\/liviko.eu\/wp-content\/uploads\/2023\/10\/Vana-Tallinn-Glogi-WEB-343x1366.jpg 343w\" sizes=\"(max-width: 80px) 100vw, 80px\" \/>                    <\/div>\n                    <div class=\"c-relatedItems__item-details\">\n                        <h3 class=\"c-relatedItems__item-title\">Vana Tallinn Glogg<\/h3>                                            <\/div>\n                \n            <\/a>\n            \n                <\/div>\n<\/div>\n","protected":false},"excerpt":{"rendered":"","protected":false},"author":1,"featured_media":0,"parent":770,"menu_order":20,"comment_status":"closed","ping_status":"closed","template":"page-templates\/page-product.php","meta":{"_acf_changed":false,"inline_featured_image":false,"_monsterinsights_skip_tracking":false,"_monsterinsights_sitenote_active":false,"_monsterinsights_sitenote_note":"","_monsterinsights_sitenote_category":0,"footnotes":""},"categories":[59],"class_list":["post-900","page","type-page","status-publish","hentry","category-liquer-lv"],"acf":[],"yoast_head":"<!-- This site is optimized with the Yoast SEO plugin v24.0 - https:\/\/yoast.com\/wordpress\/plugins\/seo\/ -->\n<title>Vana Tallinn Cream - Liviko<\/title>\n<meta name=\"robots\" content=\"index, follow, max-snippet:-1, max-image-preview:large, max-video-preview:-1\" \/>\n<link rel=\"canonical\" href=\"https:\/\/liviko.eu\/lv\/liviko-distillery\/vana-tallinn-cream\/\" \/>\n<meta property=\"og:locale\" content=\"lv_LV\" \/>\n<meta property=\"og:type\" content=\"article\" \/>\n<meta property=\"og:title\" content=\"Vana Tallinn Cream - Liviko\" \/>\n<meta property=\"og:url\" content=\"https:\/\/liviko.eu\/lv\/liviko-distillery\/vana-tallinn-cream\/\" \/>\n<meta property=\"og:site_name\" content=\"Liviko\" \/>\n<meta property=\"article:publisher\" content=\"https:\/\/www.facebook.com\/LivikoDistillery\/\" \/>\n<meta property=\"article:modified_time\" content=\"2023-11-22T08:03:21+00:00\" \/>\n<meta name=\"twitter:card\" content=\"summary_large_image\" \/>\n<script type=\"application\/ld+json\" class=\"yoast-schema-graph\">{\"@context\":\"https:\/\/schema.org\",\"@graph\":[{\"@type\":\"WebPage\",\"@id\":\"https:\/\/liviko.eu\/lv\/liviko-distillery\/vana-tallinn-cream\/\",\"url\":\"https:\/\/liviko.eu\/lv\/liviko-distillery\/vana-tallinn-cream\/\",\"name\":\"Vana Tallinn Cream - Liviko\",\"isPartOf\":{\"@id\":\"https:\/\/liviko.eu\/lv\/#website\"},\"datePublished\":\"2020-07-06T11:53:25+00:00\",\"dateModified\":\"2023-11-22T08:03:21+00:00\",\"breadcrumb\":{\"@id\":\"https:\/\/liviko.eu\/lv\/liviko-distillery\/vana-tallinn-cream\/#breadcrumb\"},\"inLanguage\":\"lv-LV\",\"potentialAction\":[{\"@type\":\"ReadAction\",\"target\":[\"https:\/\/liviko.eu\/lv\/liviko-distillery\/vana-tallinn-cream\/\"]}]},{\"@type\":\"BreadcrumbList\",\"@id\":\"https:\/\/liviko.eu\/lv\/liviko-distillery\/vana-tallinn-cream\/#breadcrumb\",\"itemListElement\":[{\"@type\":\"ListItem\",\"position\":1,\"name\":\"Home\",\"item\":\"https:\/\/liviko.eu\/lv\/\"},{\"@type\":\"ListItem\",\"position\":2,\"name\":\"PRE\u010cU Z\u012aMES\",\"item\":\"https:\/\/liviko.eu\/lv\/liviko-distillery\/\"},{\"@type\":\"ListItem\",\"position\":3,\"name\":\"Vana Tallinn Cream\"}]},{\"@type\":\"WebSite\",\"@id\":\"https:\/\/liviko.eu\/lv\/#website\",\"url\":\"https:\/\/liviko.eu\/lv\/\",\"name\":\"Liviko\",\"description\":\"anno 1898\",\"publisher\":{\"@id\":\"https:\/\/liviko.eu\/lv\/#organization\"},\"potentialAction\":[{\"@type\":\"SearchAction\",\"target\":{\"@type\":\"EntryPoint\",\"urlTemplate\":\"https:\/\/liviko.eu\/lv\/?s={search_term_string}\"},\"query-input\":{\"@type\":\"PropertyValueSpecification\",\"valueRequired\":true,\"valueName\":\"search_term_string\"}}],\"inLanguage\":\"lv-LV\"},{\"@type\":\"Organization\",\"@id\":\"https:\/\/liviko.eu\/lv\/#organization\",\"name\":\"Liviko\",\"url\":\"https:\/\/liviko.eu\/lv\/\",\"logo\":{\"@type\":\"ImageObject\",\"inLanguage\":\"lv-LV\",\"@id\":\"https:\/\/liviko.eu\/lv\/#\/schema\/logo\/image\/\",\"url\":\"https:\/\/liviko.eu\/wp-content\/uploads\/2020\/10\/liviko_logo.png\",\"contentUrl\":\"https:\/\/liviko.eu\/wp-content\/uploads\/2020\/10\/liviko_logo.png\",\"width\":515,\"height\":181,\"caption\":\"Liviko\"},\"image\":{\"@id\":\"https:\/\/liviko.eu\/lv\/#\/schema\/logo\/image\/\"},\"sameAs\":[\"https:\/\/www.facebook.com\/LivikoDistillery\/\",\"https:\/\/www.instagram.com\/livikodistillery\",\"https:\/\/www.linkedin.com\/company\/liviko\/\",\"https:\/\/www.youtube.com\/channel\/UCnoHr-PaNxBHJO8nMDLVGuA\"]}]}<\/script>\n<!-- \/ Yoast SEO plugin. -->","yoast_head_json":{"title":"Vana Tallinn Cream - Liviko","robots":{"index":"index","follow":"follow","max-snippet":"max-snippet:-1","max-image-preview":"max-image-preview:large","max-video-preview":"max-video-preview:-1"},"canonical":"https:\/\/liviko.eu\/lv\/liviko-distillery\/vana-tallinn-cream\/","og_locale":"lv_LV","og_type":"article","og_title":"Vana Tallinn Cream - Liviko","og_url":"https:\/\/liviko.eu\/lv\/liviko-distillery\/vana-tallinn-cream\/","og_site_name":"Liviko","article_publisher":"https:\/\/www.facebook.com\/LivikoDistillery\/","article_modified_time":"2023-11-22T08:03:21+00:00","twitter_card":"summary_large_image","schema":{"@context":"https:\/\/schema.org","@graph":[{"@type":"WebPage","@id":"https:\/\/liviko.eu\/lv\/liviko-distillery\/vana-tallinn-cream\/","url":"https:\/\/liviko.eu\/lv\/liviko-distillery\/vana-tallinn-cream\/","name":"Vana Tallinn Cream - Liviko","isPartOf":{"@id":"https:\/\/liviko.eu\/lv\/#website"},"datePublished":"2020-07-06T11:53:25+00:00","dateModified":"2023-11-22T08:03:21+00:00","breadcrumb":{"@id":"https:\/\/liviko.eu\/lv\/liviko-distillery\/vana-tallinn-cream\/#breadcrumb"},"inLanguage":"lv-LV","potentialAction":[{"@type":"ReadAction","target":["https:\/\/liviko.eu\/lv\/liviko-distillery\/vana-tallinn-cream\/"]}]},{"@type":"BreadcrumbList","@id":"https:\/\/liviko.eu\/lv\/liviko-distillery\/vana-tallinn-cream\/#breadcrumb","itemListElement":[{"@type":"ListItem","position":1,"name":"Home","item":"https:\/\/liviko.eu\/lv\/"},{"@type":"ListItem","position":2,"name":"PRE\u010cU Z\u012aMES","item":"https:\/\/liviko.eu\/lv\/liviko-distillery\/"},{"@type":"ListItem","position":3,"name":"Vana Tallinn Cream"}]},{"@type":"WebSite","@id":"https:\/\/liviko.eu\/lv\/#website","url":"https:\/\/liviko.eu\/lv\/","name":"Liviko","description":"anno 1898","publisher":{"@id":"https:\/\/liviko.eu\/lv\/#organization"},"potentialAction":[{"@type":"SearchAction","target":{"@type":"EntryPoint","urlTemplate":"https:\/\/liviko.eu\/lv\/?s={search_term_string}"},"query-input":{"@type":"PropertyValueSpecification","valueRequired":true,"valueName":"search_term_string"}}],"inLanguage":"lv-LV"},{"@type":"Organization","@id":"https:\/\/liviko.eu\/lv\/#organization","name":"Liviko","url":"https:\/\/liviko.eu\/lv\/","logo":{"@type":"ImageObject","inLanguage":"lv-LV","@id":"https:\/\/liviko.eu\/lv\/#\/schema\/logo\/image\/","url":"https:\/\/liviko.eu\/wp-content\/uploads\/2020\/10\/liviko_logo.png","contentUrl":"https:\/\/liviko.eu\/wp-content\/uploads\/2020\/10\/liviko_logo.png","width":515,"height":181,"caption":"Liviko"},"image":{"@id":"https:\/\/liviko.eu\/lv\/#\/schema\/logo\/image\/"},"sameAs":["https:\/\/www.facebook.com\/LivikoDistillery\/","https:\/\/www.instagram.com\/livikodistillery","https:\/\/www.linkedin.com\/company\/liviko\/","https:\/\/www.youtube.com\/channel\/UCnoHr-PaNxBHJO8nMDLVGuA"]}]}},"_links":{"self":[{"href":"https:\/\/liviko.eu\/lv\/wp-json\/wp\/v2\/pages\/900","targetHints":{"allow":["GET"]}}],"collection":[{"href":"https:\/\/liviko.eu\/lv\/wp-json\/wp\/v2\/pages"}],"about":[{"href":"https:\/\/liviko.eu\/lv\/wp-json\/wp\/v2\/types\/page"}],"author":[{"embeddable":true,"href":"https:\/\/liviko.eu\/lv\/wp-json\/wp\/v2\/users\/1"}],"replies":[{"embeddable":true,"href":"https:\/\/liviko.eu\/lv\/wp-json\/wp\/v2\/comments?post=900"}],"version-history":[{"count":31,"href":"https:\/\/liviko.eu\/lv\/wp-json\/wp\/v2\/pages\/900\/revisions"}],"predecessor-version":[{"id":50934,"href":"https:\/\/liviko.eu\/lv\/wp-json\/wp\/v2\/pages\/900\/revisions\/50934"}],"up":[{"embeddable":true,"href":"https:\/\/liviko.eu\/lv\/wp-json\/wp\/v2\/pages\/770"}],"wp:attachment":[{"href":"https:\/\/liviko.eu\/lv\/wp-json\/wp\/v2\/media?parent=900"}],"wp:term":[{"taxonomy":"category","embeddable":true,"href":"https:\/\/liviko.eu\/lv\/wp-json\/wp\/v2\/categories?post=900"}],"curies":[{"name":"wp","href":"https:\/\/api.w.org\/{rel}","templated":true}]}}