{"id":908,"date":"2020-07-06T11:52:35","date_gmt":"2020-07-06T11:52:35","guid":{"rendered":"http:\/\/liviko.eu\/liviko-distillery\/viru-valge\/"},"modified":"2026-02-17T10:54:10","modified_gmt":"2026-02-17T10:54:10","slug":"viru-valge","status":"publish","type":"page","link":"https:\/\/liviko.eu\/lv\/liviko-distillery\/viru-valge\/","title":{"rendered":"Viru Valge"},"content":{"rendered":"<div id=\"pageHeader-block_8fdeafe2407014efbb8e87b12c7a5b99\" class=\" c-contentBlock c-pageHeader\" data-block-type=\"Page header\">\n                    <h1 class=\"c-pageHeader__title\">Viru Valge<\/h1>\n                            <div class=\"c-pageHeader__text t-text\"><p><em>Viru Valge<\/em> ir Igaunijas vec\u0101kais un popul\u0101r\u0101kais degv\u012bns, kam ir senas trad\u012bcijas un pusgadsmitu sena v\u0113sture. Degv\u012bns <em>Viru Valge, <\/em>kam piem\u012bt t\u012bra un maiga gar\u0161a, tiek ra\u017eots no t\u012briem graudiem un \u012bpa\u0161i apstr\u0101d\u0101ta \u016bdens.<\/p>\n<\/div>\n                \n<\/div>\n<a id=\"page-908-body\"><\/a>\n\n<div id=\"mediaBlock-block_feecde74ca023f32b092204901c67dd1\" class=\" c-contentBlock c-mediaBlock c-mediaBlock--align-left c-mediaBlock--valign-center c-mediaBlock--size-extra-small c-mediaBlock--imageHeight-small\" data-block-type=\"Media block\">\n   \n                \n     <div class=\"c-mediaBlock__media\" style=\"\"\">\n        <img fetchpriority=\"high\" decoding=\"async\" width=\"362\" height=\"1366\" src=\"https:\/\/liviko.eu\/wp-content\/uploads\/2020\/10\/VV-bottle_frontview-362x1366.png\" class=\"c-mediaBlock__image\" alt=\"VIRU VALGE VODKA\" srcset=\"https:\/\/liviko.eu\/wp-content\/uploads\/2020\/10\/VV-bottle_frontview-362x1366.png 362w, https:\/\/liviko.eu\/wp-content\/uploads\/2020\/10\/VV-bottle_frontview-407x1536.png 407w\" sizes=\"(max-width: 362px) 100vw, 362px\" \/>    <\/div>\n     <div class=\"c-mediaBlock__body\">\n                    <h2 class=\"c-mediaBlock__title\">VIRU VALGE VODKA<\/h2>\n                <div class=\"c-mediaBlock__content\">\n            <div class=\"t-text\">\n            <p>Degv\u012bns <em>Viru Valge<\/em> ir izgatavots no zieme\u013cu akme\u0146ainajos laukos augu\u0161\u0101s lab\u012bbas graudiem un no krist\u0101ldzidra grunts\u016bdens. <em>Viru Valge<\/em> neatk\u0101rtojam\u0101s gar\u0161as un augst\u0101s kvalit\u0101tes pamat\u0101 ir spirts, kas destil\u0113ts no t\u012briem graudiem un \u012bpa\u0161i apstr\u0101d\u0101ta \u016bdens.<\/p>\n<p>Degv\u012bns <em>Viru Valge<\/em> tiek ra\u017eots no kvalit\u0101tes graudiem. T\u0101 ra\u017eo\u0161ana uzs\u0101kta 1962. gad\u0101 p\u0113c \u201cLiviko\u201d meistaru izstr\u0101d\u0101tas receptes. Laiku laikos <em>Viru Valge<\/em> simbols ir bijis ap\u0146\u0113m\u012bgais taur\u0113t\u0101js Mulgi novada tautast\u0113rp\u0101, kura skatiens simboliski v\u0113rsts rietumu virzien\u0101.<\/p>\n<p><strong>Produktu l\u012bnij\u0101 ietilpst:<\/strong><\/p>\n<ul>\n<li><em>Viru Valge Cranberry<\/em><\/li>\n<li><em>Viru Valge Watermelon<\/em><\/li>\n<li><em>Viru Valge Cherry<\/em><\/li>\n<li><em>Viru Valge Green Apple<\/em><\/li>\n<li><em>Viru Valge Rhubarb\u00a0<\/em><\/li>\n<li><em>Viru Valge Plum<\/em><\/li>\n<\/ul>\n<p><a href=\"https:\/\/viruvalge.ee\/\">viruvalge.ee<\/a><\/p>\n<p><strong>Godalgas:\u00a0<\/strong><\/p>\n<ul>\n<li>Igaunijas lab\u0101kais dz\u0113riens 2023- sudraba meda\u013ca- Viru Valge Festive Edition<\/li>\n<li>2022. gada lab\u0101kais alkoholiskais dz\u0113riens- lab\u0101k\u0101 degv\u012bna kategorij\u0101, sudraba meda\u013ca- Viru Valge Juubeliviin<\/li>\n<li><em>The SIP Awards 2016<\/em> \u2013 sudraba meda\u013ca &amp; Consumer\u2019s Choice Award<\/li>\n<li><em>The SIP Awards 2015<\/em> \u2013 zelta meda\u013ca<\/li>\n<li><em>International Wine and Spirits Competition 2014 <\/em>\u2013 zelta meda\u013ca<\/li>\n<li><em>The International Wine and Spirit Competition 2013<\/em> \u2013 sudraba meda\u013ca<\/li>\n<li><em>The International Wine and Spirit Competition 2010<\/em> \u2013 sudraba meda\u013ca<\/li>\n<li>2010. gada lab\u0101kais alkoholiskais dz\u0113riens<\/li>\n<li>2009. gada iecien\u012bt\u0101k\u0101 gar\u0161a<\/li>\n<li>2000. gada iecien\u012bt\u0101k\u0101 Igaunijas gar\u0161a<\/li>\n<\/ul>\n            <\/div>\n                            \n        <\/div>\n    <\/div>\n<\/div>\n\n\n<div id=\"featureBlocks-block_cd1db9d9469eb2c7b4df9123076105fb\" class=\" c-contentBlock c-featureBlocks c-featureBlocks--type-expanded c-featureBlocks--grid-columns\" data-block-type=\"Feature blocks: expanded\">\n   <div class=\"c-featureBlocksGroup\">\n\n\n                          <div class=\"c-featureBlocks__item\">\n                \n                \n                    <div class=\"c-featureBlocks__item-block\"    >\n\n                                                                                            <div class=\"c-featureBlock__imageContainer\">\n                                <img decoding=\"async\" width=\"800\" height=\"800\" src=\"https:\/\/liviko.eu\/wp-content\/uploads\/2020\/09\/viljapold.jpg\" class=\"c-featureBlock__image\" alt=\"\" srcset=\"https:\/\/liviko.eu\/wp-content\/uploads\/2020\/09\/viljapold.jpg 800w, https:\/\/liviko.eu\/wp-content\/uploads\/2020\/09\/viljapold-480x480.jpg 480w, https:\/\/liviko.eu\/wp-content\/uploads\/2020\/09\/viljapold-768x768.jpg 768w\" sizes=\"(max-width: 800px) 100vw, 800px\" \/>                                <\/div>\n                               \n\n                            <div class=\"c-featureBlocks__item-body\">\n                                    <h3 class=\"c-featureBlocks__item-title\"><\/h3>\n                                    <div class=\"t-text\">\n                                        <p><strong>Augstas kvalit\u0101tes<\/strong> <strong>graudi<br \/>\n<\/strong><em>Viru Valge<\/em> ir izgatavots p\u0113c \u201cLiviko\u201d meistaru izstr\u0101d\u0101tas receptes no spirta, kas ra\u017eots no kvalit\u0101tes graudiem un \u012bpa\u0161i apstr\u0101d\u0101ta dzidra grunts\u016bdens.<\/p>\n                                    <\/div>\n                            <\/div>\n\n                    <\/div>    \n                        \n\n\n                            \n            <\/div>\n            \n                    <div class=\"c-featureBlocks__item\">\n                \n                \n                    <div class=\"c-featureBlocks__item-block\"    >\n\n                                                                                            <div class=\"c-featureBlock__imageContainer\">\n                                <img decoding=\"async\" width=\"800\" height=\"800\" src=\"https:\/\/liviko.eu\/wp-content\/uploads\/2020\/09\/etiketi-disain.jpg\" class=\"c-featureBlock__image\" alt=\"\" srcset=\"https:\/\/liviko.eu\/wp-content\/uploads\/2020\/09\/etiketi-disain.jpg 800w, https:\/\/liviko.eu\/wp-content\/uploads\/2020\/09\/etiketi-disain-480x480.jpg 480w, https:\/\/liviko.eu\/wp-content\/uploads\/2020\/09\/etiketi-disain-768x768.jpg 768w\" sizes=\"(max-width: 800px) 100vw, 800px\" \/>                                <\/div>\n                               \n\n                            <div class=\"c-featureBlocks__item-body\">\n                                    <h3 class=\"c-featureBlocks__item-title\"><\/h3>\n                                    <div class=\"t-text\">\n                                        <p><strong>Taur\u0113t\u0101js<br \/>\n<\/strong>Taur\u0113t\u0101js ir bijis neat\u0146emams <em>Viru Valge<\/em> simbols jau kop\u0161 \u0161\u012b kvalitat\u012bv\u0101 degv\u012bna rad\u012b\u0161anas 1962. gad\u0101. No zieme\u013cu tautu folkloras zin\u0101ms, ka senos laikos \u013caudis sasauca kop\u0101 ar taures ska\u0146\u0101m.<\/p>\n                                    <\/div>\n                            <\/div>\n\n                    <\/div>    \n                        \n\n\n                            \n            <\/div>\n            \n                    <div class=\"c-featureBlocks__item\">\n                \n                \n                    <div class=\"c-featureBlocks__item-block\"    >\n\n                                                                                            <div class=\"c-featureBlock__imageContainer\">\n                                <img loading=\"lazy\" decoding=\"async\" width=\"800\" height=\"800\" src=\"https:\/\/liviko.eu\/wp-content\/uploads\/2020\/09\/usp.jpg\" class=\"c-featureBlock__image\" alt=\"\" srcset=\"https:\/\/liviko.eu\/wp-content\/uploads\/2020\/09\/usp.jpg 800w, https:\/\/liviko.eu\/wp-content\/uploads\/2020\/09\/usp-480x480.jpg 480w, https:\/\/liviko.eu\/wp-content\/uploads\/2020\/09\/usp-768x768.jpg 768w\" sizes=\"(max-width: 800px) 100vw, 800px\" \/>                                <\/div>\n                               \n\n                            <div class=\"c-featureBlocks__item-body\">\n                                    <h3 class=\"c-featureBlocks__item-title\"><\/h3>\n                                    <div class=\"t-text\">\n                                        <p><strong>Ilgtsp\u0113j\u012bga ra\u017eo\u0161ana<\/strong><br \/>\nViru Valge pudeles tiek ra\u017eotas Jervakandi stikla r\u016bpn\u012bc\u0101, kas no \u201cLiviko\u201d atrodas tikai 85 km att\u0101lum\u0101. Ra\u017eo\u0161anas proces\u0101 tiek atk\u0101rtoti izmantotas p\u0101rstr\u0101dei sav\u0101kt\u0101s stikla pudeles \u2013 p\u0101rstr\u0101d\u0101ta tiek vair\u0101k nek\u0101 puse no Viru Valge pude\u013cu stikla.<\/p>\n                                    <\/div>\n                            <\/div>\n\n                    <\/div>    \n                        \n\n\n                            \n            <\/div>\n            \n                <div class=\"c-featureBlocks__item c-featureBlocks__item--empty\"><\/div>\n    <div class=\"c-featureBlocks__item c-featureBlocks__item--empty\"><\/div>\n    <\/div>\n<\/div>\n\n\n\n<div id=\"spacer-block_edc4d681f71a50a943f9bb24f1b26a90\" class=\"c-contentBlock c-spacerContainer\"  data-block-type=\"Spacer\">\n   <hr class=\"  c-spacer c-spacer--size-3 c-spacer--line\" >\n<\/div>\n\n\n\n<div id=\"relatedItems-block_3f62444178e3e6fe061690b6709c97d3\" class=\" c-contentBlock c-relatedItems\" data-block-type=\"Related items\" >\n   \n            <h2 class=\"c-relatedItems__title \">L\u012aDZ\u012aGI PRODUKTI<\/h2>\n     \n    <div class=\"c-relatedItems__content\">\n\n\n    \n\n             \n         \n                \n\n            <a class=\"c-relatedItems__item \" href=\"https:\/\/liviko.eu\/lv\/liviko-distillery\/hobe\/\">\n                \n                \n                    <div class=\"c-relatedItems__item-imageContainer\" >\n                        <img loading=\"lazy\" decoding=\"async\" width=\"125\" height=\"320\" src=\"https:\/\/liviko.eu\/wp-content\/uploads\/2023\/10\/Hobe-Silver-Filtered-Pure-Vodka-WEB-125x320.jpg\" class=\"c-relatedItems__item-image\" alt=\"H\u00f5be \" srcset=\"https:\/\/liviko.eu\/wp-content\/uploads\/2023\/10\/Hobe-Silver-Filtered-Pure-Vodka-WEB-125x320.jpg 125w, https:\/\/liviko.eu\/wp-content\/uploads\/2023\/10\/Hobe-Silver-Filtered-Pure-Vodka-WEB-361x920.jpg 361w, https:\/\/liviko.eu\/wp-content\/uploads\/2023\/10\/Hobe-Silver-Filtered-Pure-Vodka-WEB-535x1366.jpg 535w, https:\/\/liviko.eu\/wp-content\/uploads\/2023\/10\/Hobe-Silver-Filtered-Pure-Vodka-WEB-236x603.jpg 236w, https:\/\/liviko.eu\/wp-content\/uploads\/2023\/10\/Hobe-Silver-Filtered-Pure-Vodka-WEB.jpg 588w\" sizes=\"(max-width: 125px) 100vw, 125px\" \/>                    <\/div>\n                    <div class=\"c-relatedItems__item-details\">\n                        <h3 class=\"c-relatedItems__item-title\">H\u00f5be <\/h3>                                            <\/div>\n                \n            <\/a>\n            \n        \n                \n\n            <a class=\"c-relatedItems__item \" href=\"https:\/\/liviko.eu\/lv\/liviko-distillery\/bellingshausen\/\">\n                \n                \n                    <div class=\"c-relatedItems__item-imageContainer\" >\n                        <img loading=\"lazy\" decoding=\"async\" width=\"208\" height=\"320\" src=\"https:\/\/liviko.eu\/wp-content\/uploads\/2020\/08\/Liviko_Bellinghousen-08_straight-whiteOnWhite-scaled.jpg\" class=\"c-relatedItems__item-image\" alt=\"Bellingshausen pudel\" srcset=\"https:\/\/liviko.eu\/wp-content\/uploads\/2020\/08\/Liviko_Bellinghousen-08_straight-whiteOnWhite-scaled.jpg 1664w, https:\/\/liviko.eu\/wp-content\/uploads\/2020\/08\/Liviko_Bellinghousen-08_straight-whiteOnWhite-598x920.jpg 598w, https:\/\/liviko.eu\/wp-content\/uploads\/2020\/08\/Liviko_Bellinghousen-08_straight-whiteOnWhite-888x1366.jpg 888w, https:\/\/liviko.eu\/wp-content\/uploads\/2020\/08\/Liviko_Bellinghousen-08_straight-whiteOnWhite-768x1182.jpg 768w, https:\/\/liviko.eu\/wp-content\/uploads\/2020\/08\/Liviko_Bellinghousen-08_straight-whiteOnWhite-998x1536.jpg 998w, https:\/\/liviko.eu\/wp-content\/uploads\/2020\/08\/Liviko_Bellinghousen-08_straight-whiteOnWhite-1331x2048.jpg 1331w\" sizes=\"(max-width: 208px) 100vw, 208px\" \/>                    <\/div>\n                    <div class=\"c-relatedItems__item-details\">\n                        <h3 class=\"c-relatedItems__item-title\">Bellingshausen<\/h3>                                            <\/div>\n                \n            <\/a>\n            \n        \n                \n\n            <a class=\"c-relatedItems__item \" href=\"https:\/\/liviko.eu\/lv\/liviko-distillery\/nevskaja\/\">\n                \n                \n                    <div class=\"c-relatedItems__item-imageContainer\" >\n                        <img loading=\"lazy\" decoding=\"async\" width=\"87\" height=\"320\" src=\"https:\/\/liviko.eu\/wp-content\/uploads\/2020\/08\/4740050010333-scaled.jpg\" class=\"c-relatedItems__item-image\" alt=\"Nevskaya\" srcset=\"https:\/\/liviko.eu\/wp-content\/uploads\/2020\/08\/4740050010333-scaled.jpg 699w, https:\/\/liviko.eu\/wp-content\/uploads\/2020\/08\/4740050010333-251x920.jpg 251w, https:\/\/liviko.eu\/wp-content\/uploads\/2020\/08\/4740050010333-373x1366.jpg 373w, https:\/\/liviko.eu\/wp-content\/uploads\/2020\/08\/4740050010333-768x2815.jpg 768w, https:\/\/liviko.eu\/wp-content\/uploads\/2020\/08\/4740050010333-419x1536.jpg 419w, https:\/\/liviko.eu\/wp-content\/uploads\/2020\/08\/4740050010333-559x2048.jpg 559w\" sizes=\"(max-width: 87px) 100vw, 87px\" \/>                    <\/div>\n                    <div class=\"c-relatedItems__item-details\">\n                        <h3 class=\"c-relatedItems__item-title\">Nevskaya<\/h3>                                            <\/div>\n                \n            <\/a>\n            \n                <\/div>\n<\/div>\n","protected":false},"excerpt":{"rendered":"","protected":false},"author":1,"featured_media":0,"parent":770,"menu_order":22,"comment_status":"closed","ping_status":"closed","template":"page-templates\/page-product.php","meta":{"_acf_changed":false,"inline_featured_image":false,"_monsterinsights_skip_tracking":false,"_monsterinsights_sitenote_active":false,"_monsterinsights_sitenote_note":"","_monsterinsights_sitenote_category":0,"footnotes":""},"categories":[44],"class_list":["post-908","page","type-page","status-publish","hentry","category-vodka-lv"],"acf":[],"yoast_head":"<!-- This site is optimized with the Yoast SEO plugin v24.0 - https:\/\/yoast.com\/wordpress\/plugins\/seo\/ -->\n<title>Viru Valge - Liviko<\/title>\n<meta name=\"robots\" content=\"index, follow, max-snippet:-1, max-image-preview:large, max-video-preview:-1\" \/>\n<link rel=\"canonical\" href=\"https:\/\/liviko.eu\/lv\/liviko-distillery\/viru-valge\/\" \/>\n<meta property=\"og:locale\" content=\"lv_LV\" \/>\n<meta property=\"og:type\" content=\"article\" \/>\n<meta property=\"og:title\" content=\"Viru Valge - Liviko\" \/>\n<meta property=\"og:url\" content=\"https:\/\/liviko.eu\/lv\/liviko-distillery\/viru-valge\/\" \/>\n<meta property=\"og:site_name\" content=\"Liviko\" \/>\n<meta property=\"article:publisher\" content=\"https:\/\/www.facebook.com\/LivikoDistillery\/\" \/>\n<meta property=\"article:modified_time\" content=\"2026-02-17T10:54:10+00:00\" \/>\n<meta name=\"twitter:card\" content=\"summary_large_image\" \/>\n<script type=\"application\/ld+json\" class=\"yoast-schema-graph\">{\"@context\":\"https:\/\/schema.org\",\"@graph\":[{\"@type\":\"WebPage\",\"@id\":\"https:\/\/liviko.eu\/lv\/liviko-distillery\/viru-valge\/\",\"url\":\"https:\/\/liviko.eu\/lv\/liviko-distillery\/viru-valge\/\",\"name\":\"Viru Valge - Liviko\",\"isPartOf\":{\"@id\":\"https:\/\/liviko.eu\/lv\/#website\"},\"datePublished\":\"2020-07-06T11:52:35+00:00\",\"dateModified\":\"2026-02-17T10:54:10+00:00\",\"breadcrumb\":{\"@id\":\"https:\/\/liviko.eu\/lv\/liviko-distillery\/viru-valge\/#breadcrumb\"},\"inLanguage\":\"lv-LV\",\"potentialAction\":[{\"@type\":\"ReadAction\",\"target\":[\"https:\/\/liviko.eu\/lv\/liviko-distillery\/viru-valge\/\"]}]},{\"@type\":\"BreadcrumbList\",\"@id\":\"https:\/\/liviko.eu\/lv\/liviko-distillery\/viru-valge\/#breadcrumb\",\"itemListElement\":[{\"@type\":\"ListItem\",\"position\":1,\"name\":\"Home\",\"item\":\"https:\/\/liviko.eu\/lv\/\"},{\"@type\":\"ListItem\",\"position\":2,\"name\":\"PRE\u010cU Z\u012aMES\",\"item\":\"https:\/\/liviko.eu\/lv\/liviko-distillery\/\"},{\"@type\":\"ListItem\",\"position\":3,\"name\":\"Viru Valge\"}]},{\"@type\":\"WebSite\",\"@id\":\"https:\/\/liviko.eu\/lv\/#website\",\"url\":\"https:\/\/liviko.eu\/lv\/\",\"name\":\"Liviko\",\"description\":\"anno 1898\",\"publisher\":{\"@id\":\"https:\/\/liviko.eu\/lv\/#organization\"},\"potentialAction\":[{\"@type\":\"SearchAction\",\"target\":{\"@type\":\"EntryPoint\",\"urlTemplate\":\"https:\/\/liviko.eu\/lv\/?s={search_term_string}\"},\"query-input\":{\"@type\":\"PropertyValueSpecification\",\"valueRequired\":true,\"valueName\":\"search_term_string\"}}],\"inLanguage\":\"lv-LV\"},{\"@type\":\"Organization\",\"@id\":\"https:\/\/liviko.eu\/lv\/#organization\",\"name\":\"Liviko\",\"url\":\"https:\/\/liviko.eu\/lv\/\",\"logo\":{\"@type\":\"ImageObject\",\"inLanguage\":\"lv-LV\",\"@id\":\"https:\/\/liviko.eu\/lv\/#\/schema\/logo\/image\/\",\"url\":\"https:\/\/liviko.eu\/wp-content\/uploads\/2020\/10\/liviko_logo.png\",\"contentUrl\":\"https:\/\/liviko.eu\/wp-content\/uploads\/2020\/10\/liviko_logo.png\",\"width\":515,\"height\":181,\"caption\":\"Liviko\"},\"image\":{\"@id\":\"https:\/\/liviko.eu\/lv\/#\/schema\/logo\/image\/\"},\"sameAs\":[\"https:\/\/www.facebook.com\/LivikoDistillery\/\",\"https:\/\/www.instagram.com\/livikodistillery\",\"https:\/\/www.linkedin.com\/company\/liviko\/\",\"https:\/\/www.youtube.com\/channel\/UCnoHr-PaNxBHJO8nMDLVGuA\"]}]}<\/script>\n<!-- \/ Yoast SEO plugin. -->","yoast_head_json":{"title":"Viru Valge - Liviko","robots":{"index":"index","follow":"follow","max-snippet":"max-snippet:-1","max-image-preview":"max-image-preview:large","max-video-preview":"max-video-preview:-1"},"canonical":"https:\/\/liviko.eu\/lv\/liviko-distillery\/viru-valge\/","og_locale":"lv_LV","og_type":"article","og_title":"Viru Valge - Liviko","og_url":"https:\/\/liviko.eu\/lv\/liviko-distillery\/viru-valge\/","og_site_name":"Liviko","article_publisher":"https:\/\/www.facebook.com\/LivikoDistillery\/","article_modified_time":"2026-02-17T10:54:10+00:00","twitter_card":"summary_large_image","schema":{"@context":"https:\/\/schema.org","@graph":[{"@type":"WebPage","@id":"https:\/\/liviko.eu\/lv\/liviko-distillery\/viru-valge\/","url":"https:\/\/liviko.eu\/lv\/liviko-distillery\/viru-valge\/","name":"Viru Valge - Liviko","isPartOf":{"@id":"https:\/\/liviko.eu\/lv\/#website"},"datePublished":"2020-07-06T11:52:35+00:00","dateModified":"2026-02-17T10:54:10+00:00","breadcrumb":{"@id":"https:\/\/liviko.eu\/lv\/liviko-distillery\/viru-valge\/#breadcrumb"},"inLanguage":"lv-LV","potentialAction":[{"@type":"ReadAction","target":["https:\/\/liviko.eu\/lv\/liviko-distillery\/viru-valge\/"]}]},{"@type":"BreadcrumbList","@id":"https:\/\/liviko.eu\/lv\/liviko-distillery\/viru-valge\/#breadcrumb","itemListElement":[{"@type":"ListItem","position":1,"name":"Home","item":"https:\/\/liviko.eu\/lv\/"},{"@type":"ListItem","position":2,"name":"PRE\u010cU Z\u012aMES","item":"https:\/\/liviko.eu\/lv\/liviko-distillery\/"},{"@type":"ListItem","position":3,"name":"Viru Valge"}]},{"@type":"WebSite","@id":"https:\/\/liviko.eu\/lv\/#website","url":"https:\/\/liviko.eu\/lv\/","name":"Liviko","description":"anno 1898","publisher":{"@id":"https:\/\/liviko.eu\/lv\/#organization"},"potentialAction":[{"@type":"SearchAction","target":{"@type":"EntryPoint","urlTemplate":"https:\/\/liviko.eu\/lv\/?s={search_term_string}"},"query-input":{"@type":"PropertyValueSpecification","valueRequired":true,"valueName":"search_term_string"}}],"inLanguage":"lv-LV"},{"@type":"Organization","@id":"https:\/\/liviko.eu\/lv\/#organization","name":"Liviko","url":"https:\/\/liviko.eu\/lv\/","logo":{"@type":"ImageObject","inLanguage":"lv-LV","@id":"https:\/\/liviko.eu\/lv\/#\/schema\/logo\/image\/","url":"https:\/\/liviko.eu\/wp-content\/uploads\/2020\/10\/liviko_logo.png","contentUrl":"https:\/\/liviko.eu\/wp-content\/uploads\/2020\/10\/liviko_logo.png","width":515,"height":181,"caption":"Liviko"},"image":{"@id":"https:\/\/liviko.eu\/lv\/#\/schema\/logo\/image\/"},"sameAs":["https:\/\/www.facebook.com\/LivikoDistillery\/","https:\/\/www.instagram.com\/livikodistillery","https:\/\/www.linkedin.com\/company\/liviko\/","https:\/\/www.youtube.com\/channel\/UCnoHr-PaNxBHJO8nMDLVGuA"]}]}},"_links":{"self":[{"href":"https:\/\/liviko.eu\/lv\/wp-json\/wp\/v2\/pages\/908","targetHints":{"allow":["GET"]}}],"collection":[{"href":"https:\/\/liviko.eu\/lv\/wp-json\/wp\/v2\/pages"}],"about":[{"href":"https:\/\/liviko.eu\/lv\/wp-json\/wp\/v2\/types\/page"}],"author":[{"embeddable":true,"href":"https:\/\/liviko.eu\/lv\/wp-json\/wp\/v2\/users\/1"}],"replies":[{"embeddable":true,"href":"https:\/\/liviko.eu\/lv\/wp-json\/wp\/v2\/comments?post=908"}],"version-history":[{"count":32,"href":"https:\/\/liviko.eu\/lv\/wp-json\/wp\/v2\/pages\/908\/revisions"}],"predecessor-version":[{"id":57289,"href":"https:\/\/liviko.eu\/lv\/wp-json\/wp\/v2\/pages\/908\/revisions\/57289"}],"up":[{"embeddable":true,"href":"https:\/\/liviko.eu\/lv\/wp-json\/wp\/v2\/pages\/770"}],"wp:attachment":[{"href":"https:\/\/liviko.eu\/lv\/wp-json\/wp\/v2\/media?parent=908"}],"wp:term":[{"taxonomy":"category","embeddable":true,"href":"https:\/\/liviko.eu\/lv\/wp-json\/wp\/v2\/categories?post=908"}],"curies":[{"name":"wp","href":"https:\/\/api.w.org\/{rel}","templated":true}]}}