{"id":956,"date":"2020-07-10T08:04:47","date_gmt":"2020-07-10T08:04:47","guid":{"rendered":"http:\/\/liviko.eu\/contacts\/estonia\/retail\/"},"modified":"2021-02-02T10:27:22","modified_gmt":"2021-02-02T10:27:22","slug":"retail","status":"publish","type":"page","link":"https:\/\/liviko.eu\/lv\/contacts\/estonia\/retail\/","title":{"rendered":"MAZUMTIRDZNIEC\u012aBA"},"content":{"rendered":"\n<div id=\"contactsList-block_5f1efe5140c98\" class=\" c-contentBlock c-contactsList\" data-block-type=\"Contacts list\" >\n   \n    \n\n\n              \n                    \n                    \n                \n\n            <div class=\"c-contactsList__item\">\n                    <div class=\"c-contactsList__item-imageContainer\">\n                                             \n                     <\/div>\n                    \n                    <div class=\"c-contactsList__item-details\">\n                        <h3 class=\"c-contactsList__item-title\">Hallar R\u00e4nk<\/h3>\n                        <ul class=\"c-contactsList__item-meta t-text\">\n                        <li>Lielo klientu mened\u017eeris<\/li>\n                        <li>Phone: +3726678197<\/li>                        <li><a href=\"mailto:hallar.rank@liviko.ee\">hallar.rank@liviko.ee<\/a><\/li>                                                                        <\/ul>\n                    <\/div>\n            <\/div>\n                    \n                \n\n            <div class=\"c-contactsList__item\">\n                    <div class=\"c-contactsList__item-imageContainer\">\n                                             \n                     <\/div>\n                    \n                    <div class=\"c-contactsList__item-details\">\n                        <h3 class=\"c-contactsList__item-title\">Irene Oruste<\/h3>\n                        <ul class=\"c-contactsList__item-meta t-text\">\n                        <li>Lielo klientu mened\u017eeris<\/li>\n                        <li>Phone: +3726678198<\/li>                        <li><a href=\"mailto:irene.oruste@liviko.ee\">irene.oruste@liviko.ee<\/a><\/li>                                                                        <\/ul>\n                    <\/div>\n            <\/div>\n                    \n                \n\n            <div class=\"c-contactsList__item\">\n                    <div class=\"c-contactsList__item-imageContainer\">\n                                             \n                     <\/div>\n                    \n                    <div class=\"c-contactsList__item-details\">\n                        <h3 class=\"c-contactsList__item-title\">Kristi Evart<\/h3>\n                        <ul class=\"c-contactsList__item-meta t-text\">\n                        <li>Meitas uz\u0146\u0113mumu koordinators<\/li>\n                        <li>Phone: +3726678161<\/li>                        <li><a href=\"mailto:kristi.evart@liviko.ee\">kristi.evart@liviko.ee<\/a><\/li>                                                                        <\/ul>\n                    <\/div>\n            <\/div>\n                    \n                \n\n            <div class=\"c-contactsList__item\">\n                    <div class=\"c-contactsList__item-imageContainer\">\n                                             \n                     <\/div>\n                    \n                    <div class=\"c-contactsList__item-details\">\n                        <h3 class=\"c-contactsList__item-title\">Imre Treu<\/h3>\n                        <ul class=\"c-contactsList__item-meta t-text\">\n                        <li>P\u0101rdo\u0161anas komandas vad\u012bt\u0101js<\/li>\n                        <li>Phone: +3726678140<\/li>                        <li><a href=\"mailto:imre.treu@liviko.ee\">imre.treu@liviko.ee<\/a><\/li>                                                                        <\/ul>\n                    <\/div>\n            <\/div>\n                    \n                \n\n            <div class=\"c-contactsList__item\">\n                    <div class=\"c-contactsList__item-imageContainer\">\n                                             \n                     <\/div>\n                    \n                    <div class=\"c-contactsList__item-details\">\n                        <h3 class=\"c-contactsList__item-title\">Olga Ilt\u0161enko<\/h3>\n                        <ul class=\"c-contactsList__item-meta t-text\">\n                        <li>Tirdzniec\u012bbas p\u0101rst\u0101vis Tallin\u0101<\/li>\n                        <li>Phone: +3725024097<\/li>                        <li><a href=\"mailto:olja@liviko.ee\">olja@liviko.ee<\/a><\/li>                                                                        <\/ul>\n                    <\/div>\n            <\/div>\n                    \n                \n\n            <div class=\"c-contactsList__item\">\n                    <div class=\"c-contactsList__item-imageContainer\">\n                                             \n                     <\/div>\n                    \n                    <div class=\"c-contactsList__item-details\">\n                        <h3 class=\"c-contactsList__item-title\">Hannes Laansalu<\/h3>\n                        <ul class=\"c-contactsList__item-meta t-text\">\n                        <li>Tirdzniec\u012bbas p\u0101rst\u0101vis Tallin\u0101<\/li>\n                        <li>Phone: +3725105991<\/li>                        <li><a href=\"mailto:hannes.laansalu@liviko.ee\">hannes.laansalu@liviko.ee<\/a><\/li>                                                                        <\/ul>\n                    <\/div>\n            <\/div>\n                    \n                \n\n            <div class=\"c-contactsList__item\">\n                    <div class=\"c-contactsList__item-imageContainer\">\n                                             \n                     <\/div>\n                    \n                    <div class=\"c-contactsList__item-details\">\n                        <h3 class=\"c-contactsList__item-title\">Maie Varter<\/h3>\n                        <ul class=\"c-contactsList__item-meta t-text\">\n                        <li>Tirdzniec\u012bbas p\u0101rst\u0101vis Tallin\u0101 un Harju apri\u0146\u0137\u012b<\/li>\n                        <li>Phone: +3725023153<\/li>                        <li><a href=\"mailto:maie.varter@liviko.ee\">maie.varter@liviko.ee<\/a><\/li>                                                                        <\/ul>\n                    <\/div>\n            <\/div>\n                    \n                \n\n            <div class=\"c-contactsList__item\">\n                    <div class=\"c-contactsList__item-imageContainer\">\n                                             \n                     <\/div>\n                    \n                    <div class=\"c-contactsList__item-details\">\n                        <h3 class=\"c-contactsList__item-title\">Maksim Rudak<\/h3>\n                        <ul class=\"c-contactsList__item-meta t-text\">\n                        <li>Tirdzniec\u012bbas p\u0101rst\u0101vis Tallin\u0101 un Harju apri\u0146\u0137\u012b<\/li>\n                        <li>Phone: +3725270547<\/li>                        <li><a href=\"mailto:maksim.rudak@liviko.ee\">maksim.rudak@liviko.ee<\/a><\/li>                                                                        <\/ul>\n                    <\/div>\n            <\/div>\n                    \n                \n\n            <div class=\"c-contactsList__item\">\n                    <div class=\"c-contactsList__item-imageContainer\">\n                                             \n                     <\/div>\n                    \n                    <div class=\"c-contactsList__item-details\">\n                        <h3 class=\"c-contactsList__item-title\">Katrin V\u00e4\u00e4t<\/h3>\n                        <ul class=\"c-contactsList__item-meta t-text\">\n                        <li>Tirdzniec\u012bbas p\u0101rst\u0101vis Tallin\u0101 un Harju apri\u0146\u0137\u012b<\/li>\n                        <li>Phone: +3725275058<\/li>                        <li><a href=\"mailto:katrin.vaat@liviko.ee\">katrin.vaat@liviko.ee<\/a><\/li>                                                                        <\/ul>\n                    <\/div>\n            <\/div>\n                    \n                \n\n            <div class=\"c-contactsList__item\">\n                    <div class=\"c-contactsList__item-imageContainer\">\n                                             \n                     <\/div>\n                    \n                    <div class=\"c-contactsList__item-details\">\n                        <h3 class=\"c-contactsList__item-title\">Ando Koodi<\/h3>\n                        <ul class=\"c-contactsList__item-meta t-text\">\n                        <li>Tirdzniec\u012bbas p\u0101rst\u0101vis P\u0113rnav\u0101<\/li>\n                        <li>Phone: +3725051629<\/li>                        <li><a href=\"mailto:ando.koodi@liviko.ee\">ando.koodi@liviko.ee<\/a><\/li>                                                                        <\/ul>\n                    <\/div>\n            <\/div>\n                    \n                \n\n            <div class=\"c-contactsList__item\">\n                    <div class=\"c-contactsList__item-imageContainer\">\n                                             \n                     <\/div>\n                    \n                    <div class=\"c-contactsList__item-details\">\n                        <h3 class=\"c-contactsList__item-title\">Toomas N\u00e4rjussoo<\/h3>\n                        <ul class=\"c-contactsList__item-meta t-text\">\n                        <li>Tirdzniec\u012bbas p\u0101rst\u0101vis P\u0113rnavas apri\u0146\u0137\u012b<\/li>\n                        <li>Phone: +3725270596<\/li>                        <li><a href=\"mailto:toomas.narjussoo@liviko.ee\">toomas.narjussoo@liviko.ee<\/a><\/li>                                                                        <\/ul>\n                    <\/div>\n            <\/div>\n                    \n                \n\n            <div class=\"c-contactsList__item\">\n                    <div class=\"c-contactsList__item-imageContainer\">\n                                             \n                     <\/div>\n                    \n                    <div class=\"c-contactsList__item-details\">\n                        <h3 class=\"c-contactsList__item-title\">Jaanus Randlaine<\/h3>\n                        <ul class=\"c-contactsList__item-meta t-text\">\n                        <li>Tirdzniec\u012bbas p\u0101rst\u0101vis Austrumviru apri\u0146\u0137\u012b<\/li>\n                        <li>Phone: +3725270526<\/li>                        <li><a href=\"mailto:jaanus.randlaine@liviko.ee\">jaanus.randlaine@liviko.ee<\/a><\/li>                                                                        <\/ul>\n                    <\/div>\n            <\/div>\n                    \n                \n\n            <div class=\"c-contactsList__item\">\n                    <div class=\"c-contactsList__item-imageContainer\">\n                                             \n                     <\/div>\n                    \n                    <div class=\"c-contactsList__item-details\">\n                        <h3 class=\"c-contactsList__item-title\">Toomas Hunt<\/h3>\n                        <ul class=\"c-contactsList__item-meta t-text\">\n                        <li>Tirdzniec\u012bbas p\u0101rst\u0101vis Dienvidigaunij\u0101<\/li>\n                        <li>Phone: +3725110031<\/li>                        <li><a href=\"mailto:toomas.hunt@liviko.ee\">toomas.hunt@liviko.ee<\/a><\/li>                                                                        <\/ul>\n                    <\/div>\n            <\/div>\n                    \n                \n\n            <div class=\"c-contactsList__item\">\n                    <div class=\"c-contactsList__item-imageContainer\">\n                                             \n                     <\/div>\n                    \n                    <div class=\"c-contactsList__item-details\">\n                        <h3 class=\"c-contactsList__item-title\">Viljar Linnok<\/h3>\n                        <ul class=\"c-contactsList__item-meta t-text\">\n                        <li>Tirdzniec\u012bbas p\u0101rst\u0101vis Dienvidigaunij\u0101<\/li>\n                        <li>Phone: +3725270609<\/li>                        <li><a href=\"mailto:viljar.linnok@liviko.ee\">viljar.linnok@liviko.ee<\/a><\/li>                                                                        <\/ul>\n                    <\/div>\n            <\/div>\n                    \n                \n\n            <div class=\"c-contactsList__item\">\n                    <div class=\"c-contactsList__item-imageContainer\">\n                                             \n                     <\/div>\n                    \n                    <div class=\"c-contactsList__item-details\">\n                        <h3 class=\"c-contactsList__item-title\">Allan Vipper<\/h3>\n                        <ul class=\"c-contactsList__item-meta t-text\">\n                        <li>Tirdzniec\u012bbas p\u0101rst\u0101vis Vidusigaunij\u0101<\/li>\n                        <li>Phone: +3725167719<\/li>                        <li><a href=\"mailto:allan.vipper@liviko.ee\">allan.vipper@liviko.ee<\/a><\/li>                                                                        <\/ul>\n                    <\/div>\n            <\/div>\n                            <div class=\"c-contactsList__item c-contactsList__item--empty\"><\/div>\n        <div class=\"c-contactsList__item c-contactsList__item--empty\"><\/div>\n    <\/div>\n","protected":false},"excerpt":{"rendered":"","protected":false},"author":1,"featured_media":0,"parent":912,"menu_order":2,"comment_status":"closed","ping_status":"closed","template":"page-templates\/page-contact.php","meta":{"_acf_changed":false,"inline_featured_image":false,"_monsterinsights_skip_tracking":false,"_monsterinsights_sitenote_active":false,"_monsterinsights_sitenote_note":"","_monsterinsights_sitenote_category":0,"footnotes":""},"categories":[],"class_list":["post-956","page","type-page","status-publish","hentry"],"acf":[],"yoast_head":"<!-- This site is optimized with the Yoast SEO plugin v24.0 - https:\/\/yoast.com\/wordpress\/plugins\/seo\/ -->\n<title>MAZUMTIRDZNIEC\u012aBA - Liviko<\/title>\n<meta name=\"robots\" content=\"index, follow, max-snippet:-1, max-image-preview:large, max-video-preview:-1\" \/>\n<link rel=\"canonical\" href=\"https:\/\/liviko.eu\/lv\/contacts\/estonia\/retail\/\" \/>\n<meta property=\"og:locale\" content=\"lv_LV\" \/>\n<meta property=\"og:type\" content=\"article\" \/>\n<meta property=\"og:title\" content=\"MAZUMTIRDZNIEC\u012aBA - Liviko\" \/>\n<meta property=\"og:url\" content=\"https:\/\/liviko.eu\/lv\/contacts\/estonia\/retail\/\" \/>\n<meta property=\"og:site_name\" content=\"Liviko\" \/>\n<meta property=\"article:publisher\" content=\"https:\/\/www.facebook.com\/LivikoDistillery\/\" \/>\n<meta property=\"article:modified_time\" content=\"2021-02-02T10:27:22+00:00\" \/>\n<meta name=\"twitter:card\" content=\"summary_large_image\" \/>\n<script type=\"application\/ld+json\" class=\"yoast-schema-graph\">{\"@context\":\"https:\/\/schema.org\",\"@graph\":[{\"@type\":\"WebPage\",\"@id\":\"https:\/\/liviko.eu\/lv\/contacts\/estonia\/retail\/\",\"url\":\"https:\/\/liviko.eu\/lv\/contacts\/estonia\/retail\/\",\"name\":\"MAZUMTIRDZNIEC\u012aBA - Liviko\",\"isPartOf\":{\"@id\":\"https:\/\/liviko.eu\/lv\/#website\"},\"datePublished\":\"2020-07-10T08:04:47+00:00\",\"dateModified\":\"2021-02-02T10:27:22+00:00\",\"breadcrumb\":{\"@id\":\"https:\/\/liviko.eu\/lv\/contacts\/estonia\/retail\/#breadcrumb\"},\"inLanguage\":\"lv-LV\",\"potentialAction\":[{\"@type\":\"ReadAction\",\"target\":[\"https:\/\/liviko.eu\/lv\/contacts\/estonia\/retail\/\"]}]},{\"@type\":\"BreadcrumbList\",\"@id\":\"https:\/\/liviko.eu\/lv\/contacts\/estonia\/retail\/#breadcrumb\",\"itemListElement\":[{\"@type\":\"ListItem\",\"position\":1,\"name\":\"Home\",\"item\":\"https:\/\/liviko.eu\/lv\/\"},{\"@type\":\"ListItem\",\"position\":2,\"name\":\"Contacts\",\"item\":\"https:\/\/liviko.eu\/lv\/contacts\/\"},{\"@type\":\"ListItem\",\"position\":3,\"name\":\"Estonia\",\"item\":\"https:\/\/liviko.eu\/lv\/contacts\/estonia\/\"},{\"@type\":\"ListItem\",\"position\":4,\"name\":\"MAZUMTIRDZNIEC\u012aBA\"}]},{\"@type\":\"WebSite\",\"@id\":\"https:\/\/liviko.eu\/lv\/#website\",\"url\":\"https:\/\/liviko.eu\/lv\/\",\"name\":\"Liviko\",\"description\":\"anno 1898\",\"publisher\":{\"@id\":\"https:\/\/liviko.eu\/lv\/#organization\"},\"potentialAction\":[{\"@type\":\"SearchAction\",\"target\":{\"@type\":\"EntryPoint\",\"urlTemplate\":\"https:\/\/liviko.eu\/lv\/?s={search_term_string}\"},\"query-input\":{\"@type\":\"PropertyValueSpecification\",\"valueRequired\":true,\"valueName\":\"search_term_string\"}}],\"inLanguage\":\"lv-LV\"},{\"@type\":\"Organization\",\"@id\":\"https:\/\/liviko.eu\/lv\/#organization\",\"name\":\"Liviko\",\"url\":\"https:\/\/liviko.eu\/lv\/\",\"logo\":{\"@type\":\"ImageObject\",\"inLanguage\":\"lv-LV\",\"@id\":\"https:\/\/liviko.eu\/lv\/#\/schema\/logo\/image\/\",\"url\":\"https:\/\/liviko.eu\/wp-content\/uploads\/2020\/10\/liviko_logo.png\",\"contentUrl\":\"https:\/\/liviko.eu\/wp-content\/uploads\/2020\/10\/liviko_logo.png\",\"width\":515,\"height\":181,\"caption\":\"Liviko\"},\"image\":{\"@id\":\"https:\/\/liviko.eu\/lv\/#\/schema\/logo\/image\/\"},\"sameAs\":[\"https:\/\/www.facebook.com\/LivikoDistillery\/\",\"https:\/\/www.instagram.com\/livikodistillery\",\"https:\/\/www.linkedin.com\/company\/liviko\/\",\"https:\/\/www.youtube.com\/channel\/UCnoHr-PaNxBHJO8nMDLVGuA\"]}]}<\/script>\n<!-- \/ Yoast SEO plugin. -->","yoast_head_json":{"title":"MAZUMTIRDZNIEC\u012aBA - Liviko","robots":{"index":"index","follow":"follow","max-snippet":"max-snippet:-1","max-image-preview":"max-image-preview:large","max-video-preview":"max-video-preview:-1"},"canonical":"https:\/\/liviko.eu\/lv\/contacts\/estonia\/retail\/","og_locale":"lv_LV","og_type":"article","og_title":"MAZUMTIRDZNIEC\u012aBA - Liviko","og_url":"https:\/\/liviko.eu\/lv\/contacts\/estonia\/retail\/","og_site_name":"Liviko","article_publisher":"https:\/\/www.facebook.com\/LivikoDistillery\/","article_modified_time":"2021-02-02T10:27:22+00:00","twitter_card":"summary_large_image","schema":{"@context":"https:\/\/schema.org","@graph":[{"@type":"WebPage","@id":"https:\/\/liviko.eu\/lv\/contacts\/estonia\/retail\/","url":"https:\/\/liviko.eu\/lv\/contacts\/estonia\/retail\/","name":"MAZUMTIRDZNIEC\u012aBA - Liviko","isPartOf":{"@id":"https:\/\/liviko.eu\/lv\/#website"},"datePublished":"2020-07-10T08:04:47+00:00","dateModified":"2021-02-02T10:27:22+00:00","breadcrumb":{"@id":"https:\/\/liviko.eu\/lv\/contacts\/estonia\/retail\/#breadcrumb"},"inLanguage":"lv-LV","potentialAction":[{"@type":"ReadAction","target":["https:\/\/liviko.eu\/lv\/contacts\/estonia\/retail\/"]}]},{"@type":"BreadcrumbList","@id":"https:\/\/liviko.eu\/lv\/contacts\/estonia\/retail\/#breadcrumb","itemListElement":[{"@type":"ListItem","position":1,"name":"Home","item":"https:\/\/liviko.eu\/lv\/"},{"@type":"ListItem","position":2,"name":"Contacts","item":"https:\/\/liviko.eu\/lv\/contacts\/"},{"@type":"ListItem","position":3,"name":"Estonia","item":"https:\/\/liviko.eu\/lv\/contacts\/estonia\/"},{"@type":"ListItem","position":4,"name":"MAZUMTIRDZNIEC\u012aBA"}]},{"@type":"WebSite","@id":"https:\/\/liviko.eu\/lv\/#website","url":"https:\/\/liviko.eu\/lv\/","name":"Liviko","description":"anno 1898","publisher":{"@id":"https:\/\/liviko.eu\/lv\/#organization"},"potentialAction":[{"@type":"SearchAction","target":{"@type":"EntryPoint","urlTemplate":"https:\/\/liviko.eu\/lv\/?s={search_term_string}"},"query-input":{"@type":"PropertyValueSpecification","valueRequired":true,"valueName":"search_term_string"}}],"inLanguage":"lv-LV"},{"@type":"Organization","@id":"https:\/\/liviko.eu\/lv\/#organization","name":"Liviko","url":"https:\/\/liviko.eu\/lv\/","logo":{"@type":"ImageObject","inLanguage":"lv-LV","@id":"https:\/\/liviko.eu\/lv\/#\/schema\/logo\/image\/","url":"https:\/\/liviko.eu\/wp-content\/uploads\/2020\/10\/liviko_logo.png","contentUrl":"https:\/\/liviko.eu\/wp-content\/uploads\/2020\/10\/liviko_logo.png","width":515,"height":181,"caption":"Liviko"},"image":{"@id":"https:\/\/liviko.eu\/lv\/#\/schema\/logo\/image\/"},"sameAs":["https:\/\/www.facebook.com\/LivikoDistillery\/","https:\/\/www.instagram.com\/livikodistillery","https:\/\/www.linkedin.com\/company\/liviko\/","https:\/\/www.youtube.com\/channel\/UCnoHr-PaNxBHJO8nMDLVGuA"]}]}},"_links":{"self":[{"href":"https:\/\/liviko.eu\/lv\/wp-json\/wp\/v2\/pages\/956","targetHints":{"allow":["GET"]}}],"collection":[{"href":"https:\/\/liviko.eu\/lv\/wp-json\/wp\/v2\/pages"}],"about":[{"href":"https:\/\/liviko.eu\/lv\/wp-json\/wp\/v2\/types\/page"}],"author":[{"embeddable":true,"href":"https:\/\/liviko.eu\/lv\/wp-json\/wp\/v2\/users\/1"}],"replies":[{"embeddable":true,"href":"https:\/\/liviko.eu\/lv\/wp-json\/wp\/v2\/comments?post=956"}],"version-history":[{"count":3,"href":"https:\/\/liviko.eu\/lv\/wp-json\/wp\/v2\/pages\/956\/revisions"}],"predecessor-version":[{"id":24963,"href":"https:\/\/liviko.eu\/lv\/wp-json\/wp\/v2\/pages\/956\/revisions\/24963"}],"up":[{"embeddable":true,"href":"https:\/\/liviko.eu\/lv\/wp-json\/wp\/v2\/pages\/912"}],"wp:attachment":[{"href":"https:\/\/liviko.eu\/lv\/wp-json\/wp\/v2\/media?parent=956"}],"wp:term":[{"taxonomy":"category","embeddable":true,"href":"https:\/\/liviko.eu\/lv\/wp-json\/wp\/v2\/categories?post=956"}],"curies":[{"name":"wp","href":"https:\/\/api.w.org\/{rel}","templated":true}]}}