{"id":968,"date":"2020-07-10T08:04:05","date_gmt":"2020-07-10T08:04:05","guid":{"rendered":"http:\/\/liviko.eu\/contacts\/estonia\/stores\/"},"modified":"2023-01-18T07:15:28","modified_gmt":"2023-01-18T07:15:28","slug":"stores","status":"publish","type":"page","link":"https:\/\/liviko.eu\/lv\/contacts\/estonia\/stores\/","title":{"rendered":"VEIKALI"},"content":{"rendered":"\n<p class=\"has-text-align-center\">Pla\u0161\u0101k\u0101 alkoholisko dz\u0113rienu izv\u0113le ir \u201cLiviko\u201d r\u016bpn\u012bcas veikalos <em>Cash &amp; Carry<\/em> un <em>Store &amp; More<\/em>. Visi veikali atrodas Tallinas centr\u0101.<\/p>\n\n\n\n<p class=\"has-text-align-center\">\u201cLiviko\u201d firmas veikals <em>Cash &amp; Carry <\/em>ir pirmais, kur\u0101 nop\u0113rkami gan m\u016bsu ra\u017eotie, gan import\u0113tie jaunumi. R\u016bpn\u012bcas veikal\u0101 tiek pied\u0101v\u0101ts pla\u0161s \u201cLiviko\u201d ra\u017eoto produktu kl\u0101sts, k\u0101 ar\u012b daudzveid\u012bgs augstv\u0113rt\u012bgu import\u0113to v\u012bnu un stipro alkoholisko dz\u0113rienu sortiments. Firmas veikal\u0101 j\u016bs varat l\u016bgt somelj\u0113 padomu par dz\u0113rienu un \u0113dienkartes saska\u0146o\u0161anu. P\u0113c iepriek\u0161\u0113jas vieno\u0161an\u0101s veikal\u0101 ir iesp\u0113jams atdot p\u0113c pas\u0101kuma p\u0101ri paliku\u0161os un neatv\u0113rtos dz\u0113rienus. Konsult\u0101cijas un pas\u016bt\u012bjumi: <a href=\"mailto:cash.carry@liviko.ee\">cash.carry@liviko.ee<\/a> vai pa t\u0101lruni +372 667 8141.<br>\u0112rta autost\u0101vvieta tie\u0161i pie durv\u012bm.<\/p>\n\n\n\n<p class=\"has-text-align-center\">Papildus sol\u012bdajam dz\u0113rienu kl\u0101stam ikviens <em>Store &amp; More<\/em> veikals specializ\u0113jas k\u0101d\u0101 noteikt\u0101 dz\u0113rienu kategorij\u0101, kuras ietvaros izv\u0113le ir \u012bpa\u0161i liela. M\u016bsu vec\u0101kaj\u0101 <em>Store &amp; More<\/em> veikal\u0101, kas atrodas Mere bulv\u0101r\u012b 6, ir lieliska viskiju izv\u0113le. Savuk\u0101rt Lootsi iel\u0101 8 eso\u0161ais veikals specializ\u0113jas uz v\u012bniem.<\/p>\n\n\n\n<p><\/p>\n\n\n\n<p class=\"has-text-align-center\">   <\/p>\n\n\n\n<div id=\"spacer-block_5f9c1ad013b64\" class=\"c-contentBlock c-spacerContainer\"  data-block-type=\"Spacer\">\n   <hr class=\"  c-spacer c-spacer--size-1\" >\n<\/div>\n\n\n\n<div id=\"contactsList-block_5f1efe5140c98\" class=\" c-contentBlock c-contactsList\" data-block-type=\"Contacts list\" >\n   \n    \n\n\n              \n                \n\n            <div class=\"c-contactsList__item\">\n                    <div class=\"c-contactsList__item-imageContainer\">\n                    <img decoding=\"async\" src=\"https:\/\/liviko.eu\/wp-content\/uploads\/2022\/09\/860x366px.jpg\" class=\"c-contactsList__item-image wp-post-image\" alt=\"\" srcset=\"https:\/\/liviko.eu\/wp-content\/uploads\/2022\/09\/860x366px.jpg 860w, https:\/\/liviko.eu\/wp-content\/uploads\/2022\/09\/860x366px-768x327.jpg 768w, https:\/\/liviko.eu\/wp-content\/uploads\/2022\/09\/860x366px-752x320.jpg 752w\" sizes=\"(max-width: 860px) 100vw, 860px\" \/>                         \n                     <\/div>\n                    \n                    <div class=\"c-contactsList__item-details\">\n                        <h3 class=\"c-contactsList__item-title\">Liviko pood<\/h3>\n                        <ul class=\"c-contactsList__item-meta t-text\">\n                        <li>Lastekodu 45, Tallinn 10113, Igaunija <\/li>\n                        <li>Phone: +3726678141<\/li>                        <li><a href=\"mailto:pood@liviko.ee\">pood@liviko.ee<\/a><\/li>                        <li><a href=\"https:\/\/pood.liviko.ee\/\" target=\"_blank\">Website<\/a><\/li>                                                <\/ul>\n                    <\/div>\n            <\/div>\n                    \n                \n\n            <div class=\"c-contactsList__item\">\n                    <div class=\"c-contactsList__item-imageContainer\">\n                    <img decoding=\"async\" src=\"https:\/\/liviko.eu\/wp-content\/uploads\/2022\/09\/860x366px.jpg\" class=\"c-contactsList__item-image wp-post-image\" alt=\"\" srcset=\"https:\/\/liviko.eu\/wp-content\/uploads\/2022\/09\/860x366px.jpg 860w, https:\/\/liviko.eu\/wp-content\/uploads\/2022\/09\/860x366px-768x327.jpg 768w, https:\/\/liviko.eu\/wp-content\/uploads\/2022\/09\/860x366px-752x320.jpg 752w\" sizes=\"(max-width: 860px) 100vw, 860px\" \/>                         \n                     <\/div>\n                    \n                    <div class=\"c-contactsList__item-details\">\n                        <h3 class=\"c-contactsList__item-title\">Liviko e-pood<\/h3>\n                        <ul class=\"c-contactsList__item-meta t-text\">\n                        <li>e-veikals<\/li>\n                        <li>Phone: +3726678141<\/li>                        <li><a href=\"mailto:pood@liviko.ee\">pood@liviko.ee<\/a><\/li>                        <li><a href=\"https:\/\/pood.liviko.ee\/\" target=\"_blank\">Website<\/a><\/li>                                                <\/ul>\n                    <\/div>\n            <\/div>\n                    \n                \n\n            <div class=\"c-contactsList__item\">\n                    <div class=\"c-contactsList__item-imageContainer\">\n                    <img decoding=\"async\" src=\"https:\/\/liviko.eu\/wp-content\/uploads\/2020\/10\/alcostore_logo.jpg\" class=\"c-contactsList__item-image wp-post-image\" alt=\"\" srcset=\"https:\/\/liviko.eu\/wp-content\/uploads\/2020\/10\/alcostore_logo.jpg 860w, https:\/\/liviko.eu\/wp-content\/uploads\/2020\/10\/alcostore_logo-768x327.jpg 768w, https:\/\/liviko.eu\/wp-content\/uploads\/2020\/10\/alcostore_logo-752x320.jpg 752w\" sizes=\"(max-width: 860px) 100vw, 860px\" \/>                         \n                     <\/div>\n                    \n                    <div class=\"c-contactsList__item-details\">\n                        <h3 class=\"c-contactsList__item-title\">Alcostore<\/h3>\n                        <ul class=\"c-contactsList__item-meta t-text\">\n                        <li>Mere pst 6, Tallinn 10111, Igaunija<\/li>\n                        <li>Phone: +3726837745<\/li>                        <li><a href=\"mailto:kplmere@liviko.ee\">kplmere@liviko.ee<\/a><\/li>                        <li><a href=\"https:\/\/alkostore.ee\/\" target=\"_blank\">Website<\/a><\/li>                                                <\/ul>\n                    <\/div>\n            <\/div>\n                    \n                \n\n            <div class=\"c-contactsList__item\">\n                    <div class=\"c-contactsList__item-imageContainer\">\n                    <img decoding=\"async\" src=\"https:\/\/liviko.eu\/wp-content\/uploads\/2020\/10\/alcostore_logo.jpg\" class=\"c-contactsList__item-image wp-post-image\" alt=\"\" srcset=\"https:\/\/liviko.eu\/wp-content\/uploads\/2020\/10\/alcostore_logo.jpg 860w, https:\/\/liviko.eu\/wp-content\/uploads\/2020\/10\/alcostore_logo-768x327.jpg 768w, https:\/\/liviko.eu\/wp-content\/uploads\/2020\/10\/alcostore_logo-752x320.jpg 752w\" sizes=\"(max-width: 860px) 100vw, 860px\" \/>                         \n                     <\/div>\n                    \n                    <div class=\"c-contactsList__item-details\">\n                        <h3 class=\"c-contactsList__item-title\">Alcostore<\/h3>\n                        <ul class=\"c-contactsList__item-meta t-text\">\n                        <li>Lootsi 8, Tallinn 10151, Igaunija <\/li>\n                        <li>Phone: +3726605986<\/li>                        <li><a href=\"mailto:kplsadam@liviko.ee\">kplsadam@liviko.ee<\/a><\/li>                        <li><a href=\"https:\/\/alkostore.ee\/\" target=\"_blank\">Website<\/a><\/li>                                                <\/ul>\n                    <\/div>\n            <\/div>\n                            <div class=\"c-contactsList__item c-contactsList__item--empty\"><\/div>\n        <div class=\"c-contactsList__item c-contactsList__item--empty\"><\/div>\n    <\/div>\n","protected":false},"excerpt":{"rendered":"<p>Pla\u0161\u0101k\u0101 alkoholisko dz\u0113rienu izv\u0113le ir \u201cLiviko\u201d r\u016bpn\u012bcas veikalos Cash &amp; Carry un Store &amp; More. Visi veikali atrodas Tallinas centr\u0101. \u201cLiviko\u201d firmas veikals Cash &amp; Carry ir pirmais, kur\u0101 nop\u0113rkami gan m\u016bsu ra\u017eotie, gan import\u0113tie jaunumi. R\u016bpn\u012bcas veikal\u0101 tiek pied\u0101v\u0101ts&#8230;<\/p>\n","protected":false},"author":1,"featured_media":0,"parent":912,"menu_order":5,"comment_status":"closed","ping_status":"closed","template":"page-templates\/page-contact.php","meta":{"_acf_changed":false,"inline_featured_image":false,"_monsterinsights_skip_tracking":false,"_monsterinsights_sitenote_active":false,"_monsterinsights_sitenote_note":"","_monsterinsights_sitenote_category":0,"footnotes":""},"categories":[],"class_list":["post-968","page","type-page","status-publish","hentry"],"acf":[],"yoast_head":"<!-- This site is optimized with the Yoast SEO plugin v24.0 - https:\/\/yoast.com\/wordpress\/plugins\/seo\/ -->\n<title>VEIKALI - Liviko<\/title>\n<meta name=\"robots\" content=\"index, follow, max-snippet:-1, max-image-preview:large, max-video-preview:-1\" \/>\n<link rel=\"canonical\" href=\"https:\/\/liviko.eu\/lv\/contacts\/estonia\/stores\/\" \/>\n<meta property=\"og:locale\" content=\"lv_LV\" \/>\n<meta property=\"og:type\" content=\"article\" \/>\n<meta property=\"og:title\" content=\"VEIKALI - Liviko\" \/>\n<meta property=\"og:description\" content=\"Pla\u0161\u0101k\u0101 alkoholisko dz\u0113rienu izv\u0113le ir \u201cLiviko\u201d r\u016bpn\u012bcas veikalos Cash &amp; Carry un Store &amp; More. Visi veikali atrodas Tallinas centr\u0101. \u201cLiviko\u201d firmas veikals Cash &amp; Carry ir pirmais, kur\u0101 nop\u0113rkami gan m\u016bsu ra\u017eotie, gan import\u0113tie jaunumi. R\u016bpn\u012bcas veikal\u0101 tiek pied\u0101v\u0101ts...\" \/>\n<meta property=\"og:url\" content=\"https:\/\/liviko.eu\/lv\/contacts\/estonia\/stores\/\" \/>\n<meta property=\"og:site_name\" content=\"Liviko\" \/>\n<meta property=\"article:publisher\" content=\"https:\/\/www.facebook.com\/LivikoDistillery\/\" \/>\n<meta property=\"article:modified_time\" content=\"2023-01-18T07:15:28+00:00\" \/>\n<meta name=\"twitter:card\" content=\"summary_large_image\" \/>\n<meta name=\"twitter:label1\" content=\"Est. reading time\" \/>\n\t<meta name=\"twitter:data1\" content=\"1 minute\" \/>\n<script type=\"application\/ld+json\" class=\"yoast-schema-graph\">{\"@context\":\"https:\/\/schema.org\",\"@graph\":[{\"@type\":\"WebPage\",\"@id\":\"https:\/\/liviko.eu\/lv\/contacts\/estonia\/stores\/\",\"url\":\"https:\/\/liviko.eu\/lv\/contacts\/estonia\/stores\/\",\"name\":\"VEIKALI - Liviko\",\"isPartOf\":{\"@id\":\"https:\/\/liviko.eu\/lv\/#website\"},\"datePublished\":\"2020-07-10T08:04:05+00:00\",\"dateModified\":\"2023-01-18T07:15:28+00:00\",\"breadcrumb\":{\"@id\":\"https:\/\/liviko.eu\/lv\/contacts\/estonia\/stores\/#breadcrumb\"},\"inLanguage\":\"lv-LV\",\"potentialAction\":[{\"@type\":\"ReadAction\",\"target\":[\"https:\/\/liviko.eu\/lv\/contacts\/estonia\/stores\/\"]}]},{\"@type\":\"BreadcrumbList\",\"@id\":\"https:\/\/liviko.eu\/lv\/contacts\/estonia\/stores\/#breadcrumb\",\"itemListElement\":[{\"@type\":\"ListItem\",\"position\":1,\"name\":\"Home\",\"item\":\"https:\/\/liviko.eu\/lv\/\"},{\"@type\":\"ListItem\",\"position\":2,\"name\":\"Contacts\",\"item\":\"https:\/\/liviko.eu\/lv\/contacts\/\"},{\"@type\":\"ListItem\",\"position\":3,\"name\":\"Estonia\",\"item\":\"https:\/\/liviko.eu\/lv\/contacts\/estonia\/\"},{\"@type\":\"ListItem\",\"position\":4,\"name\":\"VEIKALI\"}]},{\"@type\":\"WebSite\",\"@id\":\"https:\/\/liviko.eu\/lv\/#website\",\"url\":\"https:\/\/liviko.eu\/lv\/\",\"name\":\"Liviko\",\"description\":\"anno 1898\",\"publisher\":{\"@id\":\"https:\/\/liviko.eu\/lv\/#organization\"},\"potentialAction\":[{\"@type\":\"SearchAction\",\"target\":{\"@type\":\"EntryPoint\",\"urlTemplate\":\"https:\/\/liviko.eu\/lv\/?s={search_term_string}\"},\"query-input\":{\"@type\":\"PropertyValueSpecification\",\"valueRequired\":true,\"valueName\":\"search_term_string\"}}],\"inLanguage\":\"lv-LV\"},{\"@type\":\"Organization\",\"@id\":\"https:\/\/liviko.eu\/lv\/#organization\",\"name\":\"Liviko\",\"url\":\"https:\/\/liviko.eu\/lv\/\",\"logo\":{\"@type\":\"ImageObject\",\"inLanguage\":\"lv-LV\",\"@id\":\"https:\/\/liviko.eu\/lv\/#\/schema\/logo\/image\/\",\"url\":\"https:\/\/liviko.eu\/wp-content\/uploads\/2020\/10\/liviko_logo.png\",\"contentUrl\":\"https:\/\/liviko.eu\/wp-content\/uploads\/2020\/10\/liviko_logo.png\",\"width\":515,\"height\":181,\"caption\":\"Liviko\"},\"image\":{\"@id\":\"https:\/\/liviko.eu\/lv\/#\/schema\/logo\/image\/\"},\"sameAs\":[\"https:\/\/www.facebook.com\/LivikoDistillery\/\",\"https:\/\/www.instagram.com\/livikodistillery\",\"https:\/\/www.linkedin.com\/company\/liviko\/\",\"https:\/\/www.youtube.com\/channel\/UCnoHr-PaNxBHJO8nMDLVGuA\"]}]}<\/script>\n<!-- \/ Yoast SEO plugin. -->","yoast_head_json":{"title":"VEIKALI - Liviko","robots":{"index":"index","follow":"follow","max-snippet":"max-snippet:-1","max-image-preview":"max-image-preview:large","max-video-preview":"max-video-preview:-1"},"canonical":"https:\/\/liviko.eu\/lv\/contacts\/estonia\/stores\/","og_locale":"lv_LV","og_type":"article","og_title":"VEIKALI - Liviko","og_description":"Pla\u0161\u0101k\u0101 alkoholisko dz\u0113rienu izv\u0113le ir \u201cLiviko\u201d r\u016bpn\u012bcas veikalos Cash &amp; Carry un Store &amp; More. Visi veikali atrodas Tallinas centr\u0101. \u201cLiviko\u201d firmas veikals Cash &amp; Carry ir pirmais, kur\u0101 nop\u0113rkami gan m\u016bsu ra\u017eotie, gan import\u0113tie jaunumi. R\u016bpn\u012bcas veikal\u0101 tiek pied\u0101v\u0101ts...","og_url":"https:\/\/liviko.eu\/lv\/contacts\/estonia\/stores\/","og_site_name":"Liviko","article_publisher":"https:\/\/www.facebook.com\/LivikoDistillery\/","article_modified_time":"2023-01-18T07:15:28+00:00","twitter_card":"summary_large_image","twitter_misc":{"Est. reading time":"1 minute"},"schema":{"@context":"https:\/\/schema.org","@graph":[{"@type":"WebPage","@id":"https:\/\/liviko.eu\/lv\/contacts\/estonia\/stores\/","url":"https:\/\/liviko.eu\/lv\/contacts\/estonia\/stores\/","name":"VEIKALI - Liviko","isPartOf":{"@id":"https:\/\/liviko.eu\/lv\/#website"},"datePublished":"2020-07-10T08:04:05+00:00","dateModified":"2023-01-18T07:15:28+00:00","breadcrumb":{"@id":"https:\/\/liviko.eu\/lv\/contacts\/estonia\/stores\/#breadcrumb"},"inLanguage":"lv-LV","potentialAction":[{"@type":"ReadAction","target":["https:\/\/liviko.eu\/lv\/contacts\/estonia\/stores\/"]}]},{"@type":"BreadcrumbList","@id":"https:\/\/liviko.eu\/lv\/contacts\/estonia\/stores\/#breadcrumb","itemListElement":[{"@type":"ListItem","position":1,"name":"Home","item":"https:\/\/liviko.eu\/lv\/"},{"@type":"ListItem","position":2,"name":"Contacts","item":"https:\/\/liviko.eu\/lv\/contacts\/"},{"@type":"ListItem","position":3,"name":"Estonia","item":"https:\/\/liviko.eu\/lv\/contacts\/estonia\/"},{"@type":"ListItem","position":4,"name":"VEIKALI"}]},{"@type":"WebSite","@id":"https:\/\/liviko.eu\/lv\/#website","url":"https:\/\/liviko.eu\/lv\/","name":"Liviko","description":"anno 1898","publisher":{"@id":"https:\/\/liviko.eu\/lv\/#organization"},"potentialAction":[{"@type":"SearchAction","target":{"@type":"EntryPoint","urlTemplate":"https:\/\/liviko.eu\/lv\/?s={search_term_string}"},"query-input":{"@type":"PropertyValueSpecification","valueRequired":true,"valueName":"search_term_string"}}],"inLanguage":"lv-LV"},{"@type":"Organization","@id":"https:\/\/liviko.eu\/lv\/#organization","name":"Liviko","url":"https:\/\/liviko.eu\/lv\/","logo":{"@type":"ImageObject","inLanguage":"lv-LV","@id":"https:\/\/liviko.eu\/lv\/#\/schema\/logo\/image\/","url":"https:\/\/liviko.eu\/wp-content\/uploads\/2020\/10\/liviko_logo.png","contentUrl":"https:\/\/liviko.eu\/wp-content\/uploads\/2020\/10\/liviko_logo.png","width":515,"height":181,"caption":"Liviko"},"image":{"@id":"https:\/\/liviko.eu\/lv\/#\/schema\/logo\/image\/"},"sameAs":["https:\/\/www.facebook.com\/LivikoDistillery\/","https:\/\/www.instagram.com\/livikodistillery","https:\/\/www.linkedin.com\/company\/liviko\/","https:\/\/www.youtube.com\/channel\/UCnoHr-PaNxBHJO8nMDLVGuA"]}]}},"_links":{"self":[{"href":"https:\/\/liviko.eu\/lv\/wp-json\/wp\/v2\/pages\/968","targetHints":{"allow":["GET"]}}],"collection":[{"href":"https:\/\/liviko.eu\/lv\/wp-json\/wp\/v2\/pages"}],"about":[{"href":"https:\/\/liviko.eu\/lv\/wp-json\/wp\/v2\/types\/page"}],"author":[{"embeddable":true,"href":"https:\/\/liviko.eu\/lv\/wp-json\/wp\/v2\/users\/1"}],"replies":[{"embeddable":true,"href":"https:\/\/liviko.eu\/lv\/wp-json\/wp\/v2\/comments?post=968"}],"version-history":[{"count":14,"href":"https:\/\/liviko.eu\/lv\/wp-json\/wp\/v2\/pages\/968\/revisions"}],"predecessor-version":[{"id":32730,"href":"https:\/\/liviko.eu\/lv\/wp-json\/wp\/v2\/pages\/968\/revisions\/32730"}],"up":[{"embeddable":true,"href":"https:\/\/liviko.eu\/lv\/wp-json\/wp\/v2\/pages\/912"}],"wp:attachment":[{"href":"https:\/\/liviko.eu\/lv\/wp-json\/wp\/v2\/media?parent=968"}],"wp:term":[{"taxonomy":"category","embeddable":true,"href":"https:\/\/liviko.eu\/lv\/wp-json\/wp\/v2\/categories?post=968"}],"curies":[{"name":"wp","href":"https:\/\/api.w.org\/{rel}","templated":true}]}}